{"id":21679,"date":"2024-04-25T06:15:58","date_gmt":"2024-04-25T06:15:58","guid":{"rendered":"https:\/\/global-hookah.com\/product\/bulk-custom-blue-hookah-with-led-light\/"},"modified":"2024-04-25T07:36:05","modified_gmt":"2024-04-25T07:36:05","slug":"bulk-custom-blue-hookah-with-led-light","status":"publish","type":"product","link":"https:\/\/global-hookah.com\/es\/producto\/bulk-custom-blue-hookah-with-led-light\/","title":{"rendered":"Granel personalizado azul Hookah con luz Led"},"content":{"rendered":"<div data-elementor-type=\"wp-post\" data-elementor-id=\"21679\" class=\"elementor elementor-21679\">\n\t\t\t\t\t\t<section class=\"elementor-section elementor-top-section elementor-element elementor-element-1f2731c elementor-section-boxed elementor-section-height-default elementor-section-height-default\" data-id=\"1f2731c\" data-element_type=\"section\" data-e-type=\"section\">\n\t\t\t\t\t\t<div class=\"elementor-container elementor-column-gap-default\">\n\t\t\t\t\t<div class=\"elementor-column elementor-col-100 elementor-top-column elementor-element elementor-element-4610e48\" data-id=\"4610e48\" data-element_type=\"column\" data-e-type=\"column\">\n\t\t\t<div class=\"elementor-widget-wrap elementor-element-populated\">\n\t\t\t\t\t\t<div class=\"elementor-element elementor-element-b9f7dea elementor-widget elementor-widget-video\" data-id=\"b9f7dea\" data-element_type=\"widget\" data-e-type=\"widget\" data-settings=\"{&quot;youtube_url&quot;:&quot;https:\\\/\\\/youtu.be\\\/3YkZD2yBS7s&quot;,&quot;video_type&quot;:&quot;youtube&quot;,&quot;controls&quot;:&quot;yes&quot;}\" data-widget_type=\"video.default\">\n\t\t\t\t<div class=\"elementor-widget-container\">\n\t\t\t\t\t\t\t<div class=\"elementor-wrapper elementor-open-inline\">\n\t\t\t<div class=\"elementor-video\"><\/div>\t\t<\/div>\n\t\t\t\t\t\t<\/div>\n\t\t\t\t<\/div>\n\t\t\t\t\t<\/div>\n\t\t<\/div>\n\t\t\t\t\t<\/div>\n\t\t<\/section>\n\t\t\t\t<section class=\"elementor-section elementor-top-section elementor-element elementor-element-76cb854b elementor-section-boxed elementor-section-height-default elementor-section-height-default\" data-id=\"76cb854b\" data-element_type=\"section\" data-e-type=\"section\">\n\t\t\t\t\t\t<div class=\"elementor-container elementor-column-gap-default\">\n\t\t\t\t\t<div class=\"elementor-column elementor-col-100 elementor-top-column elementor-element elementor-element-5d63e7bd\" data-id=\"5d63e7bd\" data-element_type=\"column\" data-e-type=\"column\">\n\t\t\t<div class=\"elementor-widget-wrap elementor-element-populated\">\n\t\t\t\t\t\t<div class=\"elementor-element elementor-element-4bab09ce color-scheme-inherit text-left elementor-widget elementor-widget-text-editor\" data-id=\"4bab09ce\" data-element_type=\"widget\" data-e-type=\"widget\" data-widget_type=\"text-editor.default\">\n\t\t\t\t<div class=\"elementor-widget-container\">\n\t\t\t\t\t\t\t\t\t<div class=\"detailmodule_html\"><div class=\"detail-desc-decorate-richtext\"><p><span style=\"color: #e74c3c;\"><span style=\"font-size: 18px;\"><span style=\"background-color: #ffffff;\"><span style=\"font-family: arial, helvetica, sans-serif;\"><strong>Especificaci\u00f3n:<\/strong><\/span><\/span><\/span><\/span><br \/><span style=\"font-size: 14px;\"><span style=\"color: #333333;\"><span style=\"font-family: 'pingfang SC', 'helvetica neue', arial, 'hiragino sans gb', 'microsoft yahei ui', 'microsoft yahei', simsun, sans-serif;\"><span style=\"font-size: 10.5pt;\"><span style=\"background-color: #ffffff;\"><span style=\"font-family: Arial;\"><span style=\"color: #000000;\">\u2606 Material:Pl\u00e1stico+Metal<br \/><span style=\"font-size: 14px;\"><span style=\"color: #333333;\"><span style=\"font-family: 'pingfang SC', 'helvetica neue', arial, 'hiragino sans gb', 'microsoft yahei ui', 'microsoft yahei', simsun, sans-serif;\"><span style=\"font-size: 10.5pt;\"><span style=\"background-color: #ffffff;\"><span style=\"font-family: Arial;\"><span style=\"color: #000000;\">\u2606 Especificaciones del producto:Viscosa,Im\u00e1n.<\/span><\/span><\/span><\/span><\/span><\/span><\/span><br \/>Peso neto: 245 g<br \/><span style=\"font-size: 14px;\"><span style=\"color: #333333;\"><span style=\"font-family: 'pingfang SC', 'helvetica neue', arial, 'hiragino sans gb', 'microsoft yahei ui', 'microsoft yahei', simsun, sans-serif;\"><span style=\"font-size: 10.5pt;\"><span style=\"background-color: #ffffff;\"><span style=\"font-family: Arial;\"><span style=\"color: #000000;\">\u2606 Tama\u00f1o:16*16*3cm<\/span><\/span><\/span><\/span><\/span><\/span><\/span><\/span><\/span><\/span><\/span><\/span><\/span><\/span><br \/><span style=\"font-size: 10.5pt;\"><span style=\"background-color: #ffffff;\"><span style=\"font-family: Arial;\"><span style=\"color: #000000;\">\u2606 Uso :Suministros para fumadores<\/span><br \/><span style=\"color: #e74c3c;\"><span style=\"font-size: 18px;\"><span style=\"font-family: Arial,Helvetica,sans-serif;\"><strong>El paquete incluye:<\/strong><\/span><\/span><\/span><span style=\"color: #000000;\"><br \/><span style=\"font-size: 10.5pt;\"><span style=\"background-color: #ffffff;\"><span style=\"font-family: Arial;\"><span style=\"color: #000000;\">\u2606\u00a0<\/span><\/span><\/span><\/span>L\u00e1mpara LED<br \/><span style=\"font-size: 10.5pt;\"><span style=\"background-color: #ffffff;\"><span style=\"font-family: Arial;\"><span style=\"color: #000000;\">\u2606 Controllre<\/span><\/span><\/span><\/span><br \/><span style=\"font-size: 10.5pt;\"><span style=\"background-color: #ffffff;\"><span style=\"font-family: Arial;\"><span style=\"color: #000000;\">Cargador<\/span><\/span><\/span><\/span><br \/><span style=\"font-size: 10.5pt;\"><span style=\"background-color: #ffffff;\"><span style=\"font-family: Arial;\"><span style=\"color: #000000;\">\u2606\u00a0<\/span><\/span><\/span><\/span>Magenta o viscosa<\/span><\/span><\/span><\/span>\u00a0<span style=\"color: #e74c3c;\">(Se selecciona en funci\u00f3n del producto adquirido)<\/span><span style=\"font-size: 10.5pt;\"><span style=\"background-color: #ffffff;\"><span style=\"font-family: Arial;\"><span style=\"color: #000000;\"><br \/><span style=\"font-size: 10.5pt;\"><span style=\"background-color: #ffffff;\"><span style=\"font-family: Arial;\"><span style=\"color: #000000;\"><span style=\"font-size: 10.5pt;\"><span style=\"background-color: #ffffff;\"><span style=\"font-family: Arial;\"><span style=\"color: #000000;\">\u2606 Caja de color<\/span><\/span><\/span><\/span><\/span><\/span><\/span><\/span><\/span><\/span><\/span><\/span><br \/><span style=\"color: #e74c3c;\"><strong><span style=\"font-size: 18px;\"><span style=\"background-color: #ffffff;\"><span style=\"font-family: arial, helvetica, sans-serif;\"><span style=\"font-family: Arial, Helvetica, sans-serif;\">Nota:<\/span><\/span><\/span><\/span><\/strong><\/span><span style=\"font-size: 14px;\"><span style=\"background-color: #ffffff;\"><span style=\"color: #000000;\"><span style=\"font-family: arial, helvetica, sans-serif;\"><br \/>1.Please permiten 0-1cm error debido a la medici\u00f3n manual. pls aseg\u00farese de que no le importa antes de hacer una oferta.<br \/>2.Debido a la diferencia entre diferentes monitores, la imagen puede no reflejar el color real del art\u00edculo. Gracias<\/span><\/span><\/span><\/span><\/p><p><img decoding=\"async\" src=\"https:\/\/ae01.alicdn.com\/kf\/S066e38913b7642f5b7e893af25275dac3.jpg?width=800&amp;height=800&amp;hash=1600\" \/><img decoding=\"async\" src=\"https:\/\/ae01.alicdn.com\/kf\/S5d21a30df9154db3a1ab29b8734bb3f26.jpg?width=800&amp;height=800&amp;hash=1600\" \/><img decoding=\"async\" src=\"https:\/\/ae01.alicdn.com\/kf\/Se7e1568b90754f61b999f795ccffedf1K.jpg?width=800&amp;height=800&amp;hash=1600\" \/><img decoding=\"async\" src=\"https:\/\/ae01.alicdn.com\/kf\/S41601259a92e4b9ebb6ff64703cfd81fw.jpg?width=800&amp;height=800&amp;hash=1600\" \/><img decoding=\"async\" src=\"https:\/\/ae01.alicdn.com\/kf\/Sfd98091c523b42859306589162cbd9836.jpg?width=800&amp;height=800&amp;hash=1600\" \/><img decoding=\"async\" src=\"https:\/\/ae01.alicdn.com\/kf\/S9c909c6ce1a247d4bda7cefd8fcf56aei.jpg?width=1100&amp;height=1100&amp;hash=2200\" \/><img decoding=\"async\" src=\"https:\/\/ae01.alicdn.com\/kf\/S9841fc620f334f25906484fc715d09efJ.jpg?width=500&amp;height=500&amp;hash=1000\" \/><img decoding=\"async\" src=\"https:\/\/ae01.alicdn.com\/kf\/S7fe0e2db52e44b0eb52b7357deb9c2cdl.jpg?width=480&amp;height=642&amp;hash=1122\" \/><img decoding=\"async\" src=\"https:\/\/ae01.alicdn.com\/kf\/S7bced48433214b2ba4905511146e21dfA.jpg?width=750&amp;height=795&amp;hash=1545\" \/><img decoding=\"async\" src=\"https:\/\/ae01.alicdn.com\/kf\/S9c93e95b8c6243f49741059d721f12f4o.jpg?width=600&amp;height=600&amp;hash=1200\" \/><img decoding=\"async\" src=\"https:\/\/ae01.alicdn.com\/kf\/Sfeb9db4bffd541099f14575a3a448083z.jpg?width=600&amp;height=600&amp;hash=1200\" \/><img decoding=\"async\" src=\"https:\/\/ae01.alicdn.com\/kf\/S8b7cebb3f2f44fac814e0c4bcdc895adS.jpg?width=800&amp;height=800&amp;hash=1600\" \/><img decoding=\"async\" src=\"https:\/\/ae01.alicdn.com\/kf\/S17b7396482f94ecc8a112aaaa888946d6.jpg?width=1000&amp;height=1000&amp;hash=2000\" \/><img decoding=\"async\" src=\"https:\/\/ae01.alicdn.com\/kf\/S92a2e9d826104b46a60ab57aa6e565bah.jpg?width=1000&amp;height=1000&amp;hash=2000\" \/><img decoding=\"async\" src=\"https:\/\/ae01.alicdn.com\/kf\/Sd045f2f1e81742c5aedfb8c93330c0e64.jpg?width=750&amp;height=648&amp;hash=1398\" \/><\/p><p style=\"text-align: center; margin: 5pt 0pt 5pt 0pt;\" align=\"center\"><strong><span class=\"15\" style=\"font-size: 24pt;\"><span style=\"background-color: #68bc00;\"><span style=\"color: #000000;\"><span style=\"font-family: 'Comic Sans MS';\">SOMBRA DE LUNA Fumar<\/span><\/span><\/span><\/span><\/strong><\/p><p style=\"text-align: justify; margin: 5pt 0pt 5pt 0pt;\" align=\"justify\"><span style=\"background-color: #ffffff;\"><span style=\"color: #000000;\"><span style=\"font-size: 14px;\"><span style=\"font-family: arial, helvetica, sans-serif;\">1. \u00a1Apoyo a la venta al por mayor, Dropshipping, Logo personalizar, OEM! <\/span><\/span><\/span><\/span><\/p><p style=\"text-align: justify; margin: 5pt 0pt 5pt 0pt;\" align=\"justify\"><span style=\"background-color: #ffffff;\"><span style=\"color: #000000;\"><span style=\"font-size: 14px;\"><span style=\"font-family: arial, helvetica, sans-serif;\">2. +Sigue a la tienda y consigue Descuentos o Cupones <\/span><\/span><\/span><\/span><\/p><p style=\"text-align: justify; margin: 5pt 0pt 5pt 0pt;\" align=\"justify\"><span style=\"background-color: #ffffff;\"><span style=\"color: #000000;\"><span style=\"font-size: 14px;\"><span style=\"font-family: arial, helvetica, sans-serif;\">3. Acerca de color: Parte de los productos se env\u00edan de color al azar para mantener la velocidad de env\u00edo r\u00e1pido (SI desea que el color, por favor deje nota o mensaje) <\/span><\/span><\/span><\/span><\/p><p style=\"text-align: justify; margin: 5pt 0pt 5pt 0pt;\" align=\"justify\"><span style=\"background-color: #ffffff;\"><span style=\"color: #000000;\"><span style=\"font-size: 14px;\"><span style=\"font-family: arial, helvetica, sans-serif;\">4. Sobre el enchufe: No importa de qu\u00e9 pa\u00eds usted es, todos le enviaremos el enchufe est\u00e1ndar de la conversi\u00f3n cabe su nacional. <\/span><\/span><\/span><\/span><\/p><p style=\"text-align: justify; margin: 5pt 0pt 5pt 0pt;\" align=\"justify\"><span style=\"background-color: #ffffff;\"><span style=\"color: #000000;\"><span style=\"font-size: 14px;\"><span style=\"font-family: arial, helvetica, sans-serif;\">5. Garantizamos para enviar mercanc\u00edas hacia fuera en el plazo de 24hour despu\u00e9s de la confirmaci\u00f3n del pago excepto d\u00eda de fiesta <\/span><\/span><\/span><\/span><\/p><p style=\"text-align: justify; margin: 5pt 0pt 5pt 0pt;\" align=\"justify\"><span style=\"background-color: #ffffff;\"><span style=\"color: #000000;\"><span style=\"font-size: 14px;\"><span style=\"font-family: arial, helvetica, sans-serif;\">6. Enviamos por AliExpress env\u00edo est\u00e1ndar,DHL,Fedex, principalmente de acuerdo con el m\u00e9todo de env\u00edo de su elecci\u00f3n. <\/span><\/span><\/span><\/span><\/p><p style=\"text-align: justify; margin: 5pt 0pt 5pt 0pt;\" align=\"justify\"><span style=\"background-color: #ffffff;\"><span style=\"color: #000000;\"><span style=\"font-size: 14px;\"><span style=\"font-family: arial, helvetica, sans-serif;\">7. Tenemos experiencia rica del env\u00edo, usted no tendremos problema con aduanas, por favor la garant\u00eda 100% nos cree. <\/span><\/span><\/span><\/span><\/p><p style=\"text-align: justify; margin: 5pt 0pt 5pt 0pt;\" align=\"justify\"><span style=\"background-color: #ffffff;\"><span style=\"color: #000000;\"><span style=\"font-size: 14px;\"><span style=\"font-family: arial, helvetica, sans-serif;\">8. \u00a1Si usted no recibi\u00f3 el art\u00edculo despu\u00e9s de 15-45 d\u00edas, por favor no dude en contactar con nosotros.haremos todo nuestro esfuerzo para resolver el problema.Return &amp; Refund:If cualquier pregunta acerca de los art\u00edculos, por favor tome fotos o videos, p\u00f3ngase en contacto con nosotros para reenviar, devoluci\u00f3n o reembolso, no es necesario abrir la disputa o review.Warranty:100% Genuino y Garant\u00eda de Calidad! Todos los art\u00edculos tienen 1-3 a\u00f1os de garant\u00eda.<\/span><\/span><\/span><\/span><\/p><\/div><\/div>\t\t\t\t\t\t\t\t<\/div>\n\t\t\t\t<\/div>\n\t\t\t\t\t<\/div>\n\t\t<\/div>\n\t\t\t\t\t<\/div>\n\t\t<\/section>\n\t\t\t\t<\/div>","protected":false},"excerpt":{"rendered":"<p>Especificaciones: \u2606 Material:Pl\u00e1stico+Metal \u2606 Especificaciones del producto:Viscosa,Im\u00e1n \u2606 NW:245g \u2606 Tama\u00f1o:16*16*3cm \u2606 Uso :Art\u00edculos de fumador Paquete Incluye: \u2606 L\u00e1mpara LED \u2606 Controllre \u2606<\/p>","protected":false},"featured_media":21680,"comment_status":"closed","ping_status":"closed","template":"","meta":{"iawp_total_views":0,"_joinchat":[]},"product_brand":[],"product_cat":[560],"product_tag":[],"class_list":{"0":"post-21679","1":"product","2":"type-product","3":"status-publish","4":"has-post-thumbnail","6":"product_cat-glass-hookah-wholesale","8":"first","9":"instock","10":"shipping-taxable","11":"product-type-external"},"yoast_head":"<!-- This site is optimized with the Yoast SEO Premium plugin v24.7 (Yoast SEO v26.8) - https:\/\/yoast.com\/product\/yoast-seo-premium-wordpress\/ -->\n<title>Bulk Custom Blue Hookah With Led Light - Global Hookah<\/title>\n<meta name=\"robots\" content=\"index, follow, max-snippet:-1, max-image-preview:large, max-video-preview:-1\" \/>\n<link rel=\"canonical\" href=\"https:\/\/global-hookah.com\/es\/produkt\/bulk-benutzerdefinierte-blaue-wasserpfeife-mit-led-licht\/\" \/>\n<meta property=\"og:locale\" content=\"es_ES\" \/>\n<meta property=\"og:type\" content=\"article\" \/>\n<meta property=\"og:title\" content=\"Bulk Custom Blue Hookah With Led Light\" \/>\n<meta property=\"og:description\" content=\"Specification: \u2606 Material:Plastic+Metal \u2606\u00a0Product Specifications:Viscose,Magnet \u2606 NW:245g \u2606 Size:16*16*3cm \u2606 Use :Smoking supplies Package Includes: \u2606\u00a0LED Lamp \u2606 Controllre \u2606\" \/>\n<meta property=\"og:url\" content=\"https:\/\/global-hookah.com\/es\/produkt\/bulk-benutzerdefinierte-blaue-wasserpfeife-mit-led-licht\/\" \/>\n<meta property=\"og:site_name\" content=\"Global Hookah\" \/>\n<meta property=\"article:modified_time\" content=\"2024-04-25T07:36:05+00:00\" \/>\n<meta property=\"og:image\" content=\"https:\/\/global-hookah.com\/wp-content\/uploads\/2024\/04\/kf-Sd80ba9f49c0d462083b20a03b2755fb5l-JUSES-S-Hookah-LED-Ring-Light-Rechargeable-RGB-Colorful-Shisha-Lamp-Grid-Round-Hole-Buckle-Nightclub.webp\" \/>\n\t<meta property=\"og:image:width\" content=\"1000\" \/>\n\t<meta property=\"og:image:height\" content=\"1000\" \/>\n\t<meta property=\"og:image:type\" content=\"image\/webp\" \/>\n<meta name=\"twitter:card\" content=\"summary_large_image\" \/>\n<meta name=\"twitter:label1\" content=\"Tiempo de lectura\" \/>\n\t<meta name=\"twitter:data1\" content=\"5 minutos\" \/>\n<script type=\"application\/ld+json\" class=\"yoast-schema-graph\">{\"@context\":\"https:\/\/schema.org\",\"@graph\":[{\"@type\":\"WebPage\",\"@id\":\"https:\/\/global-hookah.com\/de\/produkt\/bulk-benutzerdefinierte-blaue-wasserpfeife-mit-led-licht\/\",\"url\":\"https:\/\/global-hookah.com\/de\/produkt\/bulk-benutzerdefinierte-blaue-wasserpfeife-mit-led-licht\/\",\"name\":\"Bulk Custom Blue Hookah With Led Light - Global Hookah\",\"isPartOf\":{\"@id\":\"https:\/\/global-hookah.com\/#website\"},\"primaryImageOfPage\":{\"@id\":\"https:\/\/global-hookah.com\/de\/produkt\/bulk-benutzerdefinierte-blaue-wasserpfeife-mit-led-licht\/#primaryimage\"},\"image\":{\"@id\":\"https:\/\/global-hookah.com\/de\/produkt\/bulk-benutzerdefinierte-blaue-wasserpfeife-mit-led-licht\/#primaryimage\"},\"thumbnailUrl\":\"https:\/\/global-hookah.com\/wp-content\/uploads\/2024\/04\/kf-Sd80ba9f49c0d462083b20a03b2755fb5l-JUSES-S-Hookah-LED-Ring-Light-Rechargeable-RGB-Colorful-Shisha-Lamp-Grid-Round-Hole-Buckle-Nightclub.webp\",\"datePublished\":\"2024-04-25T06:15:58+00:00\",\"dateModified\":\"2024-04-25T07:36:05+00:00\",\"breadcrumb\":{\"@id\":\"https:\/\/global-hookah.com\/de\/produkt\/bulk-benutzerdefinierte-blaue-wasserpfeife-mit-led-licht\/#breadcrumb\"},\"inLanguage\":\"es\",\"potentialAction\":[{\"@type\":\"ReadAction\",\"target\":[\"https:\/\/global-hookah.com\/de\/produkt\/bulk-benutzerdefinierte-blaue-wasserpfeife-mit-led-licht\/\"]}]},{\"@type\":\"ImageObject\",\"inLanguage\":\"es\",\"@id\":\"https:\/\/global-hookah.com\/de\/produkt\/bulk-benutzerdefinierte-blaue-wasserpfeife-mit-led-licht\/#primaryimage\",\"url\":\"https:\/\/global-hookah.com\/wp-content\/uploads\/2024\/04\/kf-Sd80ba9f49c0d462083b20a03b2755fb5l-JUSES-S-Hookah-LED-Ring-Light-Rechargeable-RGB-Colorful-Shisha-Lamp-Grid-Round-Hole-Buckle-Nightclub.webp\",\"contentUrl\":\"https:\/\/global-hookah.com\/wp-content\/uploads\/2024\/04\/kf-Sd80ba9f49c0d462083b20a03b2755fb5l-JUSES-S-Hookah-LED-Ring-Light-Rechargeable-RGB-Colorful-Shisha-Lamp-Grid-Round-Hole-Buckle-Nightclub.webp\",\"width\":1000,\"height\":1000,\"caption\":\"Bulk Custom Blue Hookah With Led Light\"},{\"@type\":\"BreadcrumbList\",\"@id\":\"https:\/\/global-hookah.com\/de\/produkt\/bulk-benutzerdefinierte-blaue-wasserpfeife-mit-led-licht\/#breadcrumb\",\"itemListElement\":[{\"@type\":\"ListItem\",\"position\":1,\"name\":\"Home\",\"item\":\"https:\/\/global-hookah.com\/\"},{\"@type\":\"ListItem\",\"position\":2,\"name\":\"Shop\",\"item\":\"https:\/\/global-hookah.com\/shop\/\"},{\"@type\":\"ListItem\",\"position\":3,\"name\":\"Bulk Custom Blue Hookah With Led Light\"}]},{\"@type\":\"WebSite\",\"@id\":\"https:\/\/global-hookah.com\/#website\",\"url\":\"https:\/\/global-hookah.com\/\",\"name\":\"Global Hookah\",\"description\":\"Global Hookah\",\"publisher\":{\"@id\":\"https:\/\/global-hookah.com\/#organization\"},\"potentialAction\":[{\"@type\":\"SearchAction\",\"target\":{\"@type\":\"EntryPoint\",\"urlTemplate\":\"https:\/\/global-hookah.com\/?s={search_term_string}\"},\"query-input\":{\"@type\":\"PropertyValueSpecification\",\"valueRequired\":true,\"valueName\":\"search_term_string\"}}],\"inLanguage\":\"es\"},{\"@type\":\"Organization\",\"@id\":\"https:\/\/global-hookah.com\/#organization\",\"name\":\"Global Hookah\",\"url\":\"https:\/\/global-hookah.com\/\",\"logo\":{\"@type\":\"ImageObject\",\"inLanguage\":\"es\",\"@id\":\"https:\/\/global-hookah.com\/#\/schema\/logo\/image\/\",\"url\":\"https:\/\/global-hookah.com\/wp-content\/uploads\/2021\/10\/cropped-fgg.png\",\"contentUrl\":\"https:\/\/global-hookah.com\/wp-content\/uploads\/2021\/10\/cropped-fgg.png\",\"width\":512,\"height\":512,\"caption\":\"Global Hookah\"},\"image\":{\"@id\":\"https:\/\/global-hookah.com\/#\/schema\/logo\/image\/\"}}]}<\/script>\n<!-- \/ Yoast SEO Premium plugin. -->","yoast_head_json":{"title":"A granel personalizado azul Hookah con luz Led - Global Hookah","robots":{"index":"index","follow":"follow","max-snippet":"max-snippet:-1","max-image-preview":"max-image-preview:large","max-video-preview":"max-video-preview:-1"},"canonical":"https:\/\/global-hookah.com\/es\/produkt\/bulk-benutzerdefinierte-blaue-wasserpfeife-mit-led-licht\/","og_locale":"es_ES","og_type":"article","og_title":"Bulk Custom Blue Hookah With Led Light","og_description":"Specification: \u2606 Material:Plastic+Metal \u2606\u00a0Product Specifications:Viscose,Magnet \u2606 NW:245g \u2606 Size:16*16*3cm \u2606 Use :Smoking supplies Package Includes: \u2606\u00a0LED Lamp \u2606 Controllre \u2606","og_url":"https:\/\/global-hookah.com\/es\/produkt\/bulk-benutzerdefinierte-blaue-wasserpfeife-mit-led-licht\/","og_site_name":"Global Hookah","article_modified_time":"2024-04-25T07:36:05+00:00","og_image":[{"width":1000,"height":1000,"url":"https:\/\/global-hookah.com\/wp-content\/uploads\/2024\/04\/kf-Sd80ba9f49c0d462083b20a03b2755fb5l-JUSES-S-Hookah-LED-Ring-Light-Rechargeable-RGB-Colorful-Shisha-Lamp-Grid-Round-Hole-Buckle-Nightclub.webp","type":"image\/webp"}],"twitter_card":"summary_large_image","twitter_misc":{"Tiempo de lectura":"5 minutos"},"schema":{"@context":"https:\/\/schema.org","@graph":[{"@type":"WebPage","@id":"https:\/\/global-hookah.com\/de\/produkt\/bulk-benutzerdefinierte-blaue-wasserpfeife-mit-led-licht\/","url":"https:\/\/global-hookah.com\/de\/produkt\/bulk-benutzerdefinierte-blaue-wasserpfeife-mit-led-licht\/","name":"A granel personalizado azul Hookah con luz Led - Global Hookah","isPartOf":{"@id":"https:\/\/global-hookah.com\/#website"},"primaryImageOfPage":{"@id":"https:\/\/global-hookah.com\/de\/produkt\/bulk-benutzerdefinierte-blaue-wasserpfeife-mit-led-licht\/#primaryimage"},"image":{"@id":"https:\/\/global-hookah.com\/de\/produkt\/bulk-benutzerdefinierte-blaue-wasserpfeife-mit-led-licht\/#primaryimage"},"thumbnailUrl":"https:\/\/global-hookah.com\/wp-content\/uploads\/2024\/04\/kf-Sd80ba9f49c0d462083b20a03b2755fb5l-JUSES-S-Hookah-LED-Ring-Light-Rechargeable-RGB-Colorful-Shisha-Lamp-Grid-Round-Hole-Buckle-Nightclub.webp","datePublished":"2024-04-25T06:15:58+00:00","dateModified":"2024-04-25T07:36:05+00:00","breadcrumb":{"@id":"https:\/\/global-hookah.com\/de\/produkt\/bulk-benutzerdefinierte-blaue-wasserpfeife-mit-led-licht\/#breadcrumb"},"inLanguage":"es","potentialAction":[{"@type":"ReadAction","target":["https:\/\/global-hookah.com\/de\/produkt\/bulk-benutzerdefinierte-blaue-wasserpfeife-mit-led-licht\/"]}]},{"@type":"ImageObject","inLanguage":"es","@id":"https:\/\/global-hookah.com\/de\/produkt\/bulk-benutzerdefinierte-blaue-wasserpfeife-mit-led-licht\/#primaryimage","url":"https:\/\/global-hookah.com\/wp-content\/uploads\/2024\/04\/kf-Sd80ba9f49c0d462083b20a03b2755fb5l-JUSES-S-Hookah-LED-Ring-Light-Rechargeable-RGB-Colorful-Shisha-Lamp-Grid-Round-Hole-Buckle-Nightclub.webp","contentUrl":"https:\/\/global-hookah.com\/wp-content\/uploads\/2024\/04\/kf-Sd80ba9f49c0d462083b20a03b2755fb5l-JUSES-S-Hookah-LED-Ring-Light-Rechargeable-RGB-Colorful-Shisha-Lamp-Grid-Round-Hole-Buckle-Nightclub.webp","width":1000,"height":1000,"caption":"Bulk Custom Blue Hookah With Led Light"},{"@type":"BreadcrumbList","@id":"https:\/\/global-hookah.com\/de\/produkt\/bulk-benutzerdefinierte-blaue-wasserpfeife-mit-led-licht\/#breadcrumb","itemListElement":[{"@type":"ListItem","position":1,"name":"Home","item":"https:\/\/global-hookah.com\/"},{"@type":"ListItem","position":2,"name":"Shop","item":"https:\/\/global-hookah.com\/shop\/"},{"@type":"ListItem","position":3,"name":"Bulk Custom Blue Hookah With Led Light"}]},{"@type":"WebSite","@id":"https:\/\/global-hookah.com\/#website","url":"https:\/\/global-hookah.com\/","name":"Global Hookah","description":"Global Hookah","publisher":{"@id":"https:\/\/global-hookah.com\/#organization"},"potentialAction":[{"@type":"SearchAction","target":{"@type":"EntryPoint","urlTemplate":"https:\/\/global-hookah.com\/?s={search_term_string}"},"query-input":{"@type":"PropertyValueSpecification","valueRequired":true,"valueName":"search_term_string"}}],"inLanguage":"es"},{"@type":"Organization","@id":"https:\/\/global-hookah.com\/#organization","name":"Global Hookah","url":"https:\/\/global-hookah.com\/","logo":{"@type":"ImageObject","inLanguage":"es","@id":"https:\/\/global-hookah.com\/#\/schema\/logo\/image\/","url":"https:\/\/global-hookah.com\/wp-content\/uploads\/2021\/10\/cropped-fgg.png","contentUrl":"https:\/\/global-hookah.com\/wp-content\/uploads\/2021\/10\/cropped-fgg.png","width":512,"height":512,"caption":"Global Hookah"},"image":{"@id":"https:\/\/global-hookah.com\/#\/schema\/logo\/image\/"}}]}},"_links":{"self":[{"href":"https:\/\/global-hookah.com\/es\/wp-json\/wp\/v2\/product\/21679","targetHints":{"allow":["GET"]}}],"collection":[{"href":"https:\/\/global-hookah.com\/es\/wp-json\/wp\/v2\/product"}],"about":[{"href":"https:\/\/global-hookah.com\/es\/wp-json\/wp\/v2\/types\/product"}],"replies":[{"embeddable":true,"href":"https:\/\/global-hookah.com\/es\/wp-json\/wp\/v2\/comments?post=21679"}],"version-history":[{"count":0,"href":"https:\/\/global-hookah.com\/es\/wp-json\/wp\/v2\/product\/21679\/revisions"}],"wp:featuredmedia":[{"embeddable":true,"href":"https:\/\/global-hookah.com\/es\/wp-json\/wp\/v2\/media\/21680"}],"wp:attachment":[{"href":"https:\/\/global-hookah.com\/es\/wp-json\/wp\/v2\/media?parent=21679"}],"wp:term":[{"taxonomy":"product_brand","embeddable":true,"href":"https:\/\/global-hookah.com\/es\/wp-json\/wp\/v2\/product_brand?post=21679"},{"taxonomy":"product_cat","embeddable":true,"href":"https:\/\/global-hookah.com\/es\/wp-json\/wp\/v2\/product_cat?post=21679"},{"taxonomy":"product_tag","embeddable":true,"href":"https:\/\/global-hookah.com\/es\/wp-json\/wp\/v2\/product_tag?post=21679"}],"curies":[{"name":"wp","href":"https:\/\/api.w.org\/{rel}","templated":true}]}}