{"id":21715,"date":"2024-04-25T06:25:51","date_gmt":"2024-04-25T06:25:51","guid":{"rendered":"https:\/\/global-hookah.com\/product\/skull-hookah-wholesale-2\/"},"modified":"2024-04-25T13:24:46","modified_gmt":"2024-04-25T13:24:46","slug":"black-skull-hookah-wholesale","status":"publish","type":"product","link":"https:\/\/global-hookah.com\/es\/producto\/black-skull-hookah-wholesale\/","title":{"rendered":"Hookah de calavera negra al por mayor"},"content":{"rendered":"<p><iframe title=\"Calavera Hookah\" width=\"500\" height=\"281\" src=\"https:\/\/www.youtube.com\/embed\/XzTGbnoql8g?feature=oembed\" frameborder=\"0\" allow=\"accelerometer; autoplay; clipboard-write; encrypted-media; gyroscope; picture-in-picture; web-share\" referrerpolicy=\"strict-origin-when-cross-origin\" allowfullscreen><\/iframe><\/p>\n<p>En cuanto vi esto <strong>hookah calavera cool<\/strong>Me atrajo su atrevido dise\u00f1o exterior. La distintiva forma de calavera negra parece hecha a medida para los que buscamos individualidad y rebeld\u00eda.<\/p>\n<p>Cada parte de la calavera est\u00e1 minuciosamente tallada, con refinados detalles en los rasgos faciales que captan v\u00edvidamente una sonrisa amenazadora y juguetona a la vez. Cuando se ilumina, desprende un aura de misterio.<\/p>\n<p>magina que cuando t\u00fa y tus amigos est\u00e1is sentados alrededor de la mesa para fumar, el humo sube y baja en el <strong>cachimba hookah de calavera<\/strong>, junto con su feroz expresi\u00f3n, le har\u00e1n sentir una emocionante diversi\u00f3n. A diferencia de los productos de calidad variable en el mercado , nuestra <strong>cachimba hookah de calavera<\/strong> no sufrir\u00e1 grietas ni roturas y podr\u00e1 acompa\u00f1ar tu vida shisha durante mucho tiempo.<\/p>\n<p>En el interior, el<strong> cabeza de calavera hookah<\/strong> utiliza un sistema de flujo de aire meticulosamente dise\u00f1ado para garantizar un suministro de humo suave y sin obstrucciones. No importa qu\u00e9 sabor de shisha elijas, liberar\u00e1 completamente el sabor del tabaco<\/p>\n<p>Por supuesto, un buen Hookah tambi\u00e9n requiere un conjunto completo de accesorios para ofrecer la mejor experiencia. As\u00ed que esta pipa shisha de calavera viene con un conjunto completo de caracter\u00edsticas incorporadas - cazoleta y manguera de mmetal, una cazoleta con un filtro para controlar el flujo de material, bobinas de repuesto para la manguera, y mucho m\u00e1s. \u00a1Estos detalles son completamente considerados para usted!<\/p>\n<p>Material: Resina<\/p>\n<p>Altura: 40 cm<\/p>\n<p>Embalaje: caja blanca<\/p>\n<p>Tama\u00f1o de la caja de color: 20,5\u00d718,5x21cm<\/p>\n<p>Peso individual: 2,24 kg (caja blanca incluida)<\/p>\n<p>Cantidad por embalaje: 6 unidades<\/p>\n<p>Man\u00f3metro de caja: 42x38x43cm<\/p>\n<p>Peso: 17,8 kg<\/p>\n<p><img fetchpriority=\"high\" decoding=\"async\" src=\"https:\/\/ae01.alicdn.com\/kf\/S65f27d8dfd4649f6b9f38d122ae8a192W.jpg?width=800&amp;height=835&amp;hash=1635\" width=\"790\" height=\"824\" \/><\/p>\n<p><img decoding=\"async\" src=\"https:\/\/ae01.alicdn.com\/kf\/S07ca5e3581fe42188a53413e12f004375.jpg?width=800&amp;height=829&amp;hash=1629\" width=\"790\" height=\"818\" \/><\/p>\n<p><img decoding=\"async\" src=\"https:\/\/ae01.alicdn.com\/kf\/Sba6423dbc3114529acef740b12c13dd3C.jpg?width=800&amp;height=847&amp;hash=1647\" width=\"790\" height=\"836\" \/><\/p>\n<p><img loading=\"lazy\" decoding=\"async\" src=\"https:\/\/ae01.alicdn.com\/kf\/Sd1f2fbe308fe477781341eb9900ff7fe9.jpg?width=800&amp;height=875&amp;hash=1675\" width=\"790\" height=\"864\" \/><\/p>\n<p><img loading=\"lazy\" decoding=\"async\" src=\"https:\/\/ae01.alicdn.com\/kf\/S0ae1ed254fce4f0987c7c1239c84d806x.jpg?width=800&amp;height=1025&amp;hash=1825\" width=\"790\" height=\"1012\" \/><br \/>\n<img decoding=\"async\" src=\"https:\/\/ae01.alicdn.com\/kf\/Se4482388ca4043dc9b71a297e28957db4.jpg?width=750&amp;height=833&amp;hash=1583\" \/><\/p>","protected":false},"excerpt":{"rendered":"<p>En cuanto vi esta pipa de agua con forma de calavera, me atrajo su atrevido dise\u00f1o exterior. El<\/p>","protected":false},"featured_media":21716,"comment_status":"closed","ping_status":"closed","template":"","meta":{"iawp_total_views":12,"_joinchat":[]},"product_brand":[],"product_cat":[119],"product_tag":[],"class_list":{"0":"post-21715","1":"product","2":"type-product","3":"status-publish","4":"has-post-thumbnail","6":"product_cat-wholesale-hookah","8":"first","9":"instock","10":"shipping-taxable","11":"product-type-external"},"yoast_head":"<!-- This site is optimized with the Yoast SEO Premium plugin v24.7 (Yoast SEO v26.8) - https:\/\/yoast.com\/product\/yoast-seo-premium-wordpress\/ -->\n<title>Black Skull Hookah Wholesale - Global Hookah<\/title>\n<meta name=\"robots\" content=\"index, follow, max-snippet:-1, max-image-preview:large, max-video-preview:-1\" \/>\n<link rel=\"canonical\" href=\"https:\/\/global-hookah.com\/es\/producto\/black-skull-hookah-wholesale\/\" \/>\n<meta property=\"og:locale\" content=\"es_ES\" \/>\n<meta property=\"og:type\" content=\"article\" \/>\n<meta property=\"og:title\" content=\"Black Skull Hookah Wholesale\" \/>\n<meta property=\"og:description\" content=\"As soon as I laid eyes on this cool skull hookah, I was drawn to its edgy exterior design. The\" \/>\n<meta property=\"og:url\" content=\"https:\/\/global-hookah.com\/es\/producto\/black-skull-hookah-wholesale\/\" \/>\n<meta property=\"og:site_name\" content=\"Global Hookah\" \/>\n<meta property=\"article:modified_time\" content=\"2024-04-25T13:24:46+00:00\" \/>\n<meta property=\"og:image\" content=\"https:\/\/global-hookah.com\/wp-content\/uploads\/2024\/04\/kf-S9ef4c1b93c044f98a05f58b0d18175c8L-Barra-de-recarga-de-luz-Led-de-calavera-arabiga-para-cachimba-Ktv-conjunto-de-narguile-grande.webp\" \/>\n\t<meta property=\"og:image:width\" content=\"750\" \/>\n\t<meta property=\"og:image:height\" content=\"1000\" \/>\n\t<meta property=\"og:image:type\" content=\"image\/webp\" \/>\n<meta name=\"twitter:card\" content=\"summary_large_image\" \/>\n<meta name=\"twitter:label1\" content=\"Tiempo de lectura\" \/>\n\t<meta name=\"twitter:data1\" content=\"3 minutos\" \/>\n<script type=\"application\/ld+json\" class=\"yoast-schema-graph\">{\"@context\":\"https:\/\/schema.org\",\"@graph\":[{\"@type\":\"WebPage\",\"@id\":\"https:\/\/global-hookah.com\/product\/black-skull-hookah-wholesale\/\",\"url\":\"https:\/\/global-hookah.com\/product\/black-skull-hookah-wholesale\/\",\"name\":\"Black Skull Hookah Wholesale - Global Hookah\",\"isPartOf\":{\"@id\":\"https:\/\/global-hookah.com\/#website\"},\"primaryImageOfPage\":{\"@id\":\"https:\/\/global-hookah.com\/product\/black-skull-hookah-wholesale\/#primaryimage\"},\"image\":{\"@id\":\"https:\/\/global-hookah.com\/product\/black-skull-hookah-wholesale\/#primaryimage\"},\"thumbnailUrl\":\"https:\/\/global-hookah.com\/wp-content\/uploads\/2024\/04\/kf-S9ef4c1b93c044f98a05f58b0d18175c8L-Barra-de-recarga-de-luz-Led-de-calavera-arabiga-para-cachimba-Ktv-conjunto-de-narguile-grande.webp\",\"datePublished\":\"2024-04-25T06:25:51+00:00\",\"dateModified\":\"2024-04-25T13:24:46+00:00\",\"breadcrumb\":{\"@id\":\"https:\/\/global-hookah.com\/product\/black-skull-hookah-wholesale\/#breadcrumb\"},\"inLanguage\":\"es\",\"potentialAction\":[{\"@type\":\"ReadAction\",\"target\":[\"https:\/\/global-hookah.com\/product\/black-skull-hookah-wholesale\/\"]}]},{\"@type\":\"ImageObject\",\"inLanguage\":\"es\",\"@id\":\"https:\/\/global-hookah.com\/product\/black-skull-hookah-wholesale\/#primaryimage\",\"url\":\"https:\/\/global-hookah.com\/wp-content\/uploads\/2024\/04\/kf-S9ef4c1b93c044f98a05f58b0d18175c8L-Barra-de-recarga-de-luz-Led-de-calavera-arabiga-para-cachimba-Ktv-conjunto-de-narguile-grande.webp\",\"contentUrl\":\"https:\/\/global-hookah.com\/wp-content\/uploads\/2024\/04\/kf-S9ef4c1b93c044f98a05f58b0d18175c8L-Barra-de-recarga-de-luz-Led-de-calavera-arabiga-para-cachimba-Ktv-conjunto-de-narguile-grande.webp\",\"width\":750,\"height\":1000,\"caption\":\"Black Skull Hookah Wholesale\"},{\"@type\":\"BreadcrumbList\",\"@id\":\"https:\/\/global-hookah.com\/product\/black-skull-hookah-wholesale\/#breadcrumb\",\"itemListElement\":[{\"@type\":\"ListItem\",\"position\":1,\"name\":\"Home\",\"item\":\"https:\/\/global-hookah.com\/\"},{\"@type\":\"ListItem\",\"position\":2,\"name\":\"Shop\",\"item\":\"https:\/\/global-hookah.com\/shop\/\"},{\"@type\":\"ListItem\",\"position\":3,\"name\":\"Black Skull Hookah Wholesale\"}]},{\"@type\":\"WebSite\",\"@id\":\"https:\/\/global-hookah.com\/#website\",\"url\":\"https:\/\/global-hookah.com\/\",\"name\":\"Global Hookah\",\"description\":\"Global Hookah\",\"publisher\":{\"@id\":\"https:\/\/global-hookah.com\/#organization\"},\"potentialAction\":[{\"@type\":\"SearchAction\",\"target\":{\"@type\":\"EntryPoint\",\"urlTemplate\":\"https:\/\/global-hookah.com\/?s={search_term_string}\"},\"query-input\":{\"@type\":\"PropertyValueSpecification\",\"valueRequired\":true,\"valueName\":\"search_term_string\"}}],\"inLanguage\":\"es\"},{\"@type\":\"Organization\",\"@id\":\"https:\/\/global-hookah.com\/#organization\",\"name\":\"Global Hookah\",\"url\":\"https:\/\/global-hookah.com\/\",\"logo\":{\"@type\":\"ImageObject\",\"inLanguage\":\"es\",\"@id\":\"https:\/\/global-hookah.com\/#\/schema\/logo\/image\/\",\"url\":\"https:\/\/global-hookah.com\/wp-content\/uploads\/2021\/10\/cropped-fgg.png\",\"contentUrl\":\"https:\/\/global-hookah.com\/wp-content\/uploads\/2021\/10\/cropped-fgg.png\",\"width\":512,\"height\":512,\"caption\":\"Global Hookah\"},\"image\":{\"@id\":\"https:\/\/global-hookah.com\/#\/schema\/logo\/image\/\"}}]}<\/script>\n<!-- \/ Yoast SEO Premium plugin. -->","yoast_head_json":{"title":"Hookah Calavera Negra al por mayor - Global Hookah","robots":{"index":"index","follow":"follow","max-snippet":"max-snippet:-1","max-image-preview":"max-image-preview:large","max-video-preview":"max-video-preview:-1"},"canonical":"https:\/\/global-hookah.com\/es\/producto\/black-skull-hookah-wholesale\/","og_locale":"es_ES","og_type":"article","og_title":"Black Skull Hookah Wholesale","og_description":"As soon as I laid eyes on this cool skull hookah, I was drawn to its edgy exterior design. The","og_url":"https:\/\/global-hookah.com\/es\/producto\/black-skull-hookah-wholesale\/","og_site_name":"Global Hookah","article_modified_time":"2024-04-25T13:24:46+00:00","og_image":[{"width":750,"height":1000,"url":"https:\/\/global-hookah.com\/wp-content\/uploads\/2024\/04\/kf-S9ef4c1b93c044f98a05f58b0d18175c8L-Barra-de-recarga-de-luz-Led-de-calavera-arabiga-para-cachimba-Ktv-conjunto-de-narguile-grande.webp","type":"image\/webp"}],"twitter_card":"summary_large_image","twitter_misc":{"Tiempo de lectura":"3 minutos"},"schema":{"@context":"https:\/\/schema.org","@graph":[{"@type":"WebPage","@id":"https:\/\/global-hookah.com\/product\/black-skull-hookah-wholesale\/","url":"https:\/\/global-hookah.com\/product\/black-skull-hookah-wholesale\/","name":"Hookah Calavera Negra al por mayor - Global Hookah","isPartOf":{"@id":"https:\/\/global-hookah.com\/#website"},"primaryImageOfPage":{"@id":"https:\/\/global-hookah.com\/product\/black-skull-hookah-wholesale\/#primaryimage"},"image":{"@id":"https:\/\/global-hookah.com\/product\/black-skull-hookah-wholesale\/#primaryimage"},"thumbnailUrl":"https:\/\/global-hookah.com\/wp-content\/uploads\/2024\/04\/kf-S9ef4c1b93c044f98a05f58b0d18175c8L-Barra-de-recarga-de-luz-Led-de-calavera-arabiga-para-cachimba-Ktv-conjunto-de-narguile-grande.webp","datePublished":"2024-04-25T06:25:51+00:00","dateModified":"2024-04-25T13:24:46+00:00","breadcrumb":{"@id":"https:\/\/global-hookah.com\/product\/black-skull-hookah-wholesale\/#breadcrumb"},"inLanguage":"es","potentialAction":[{"@type":"ReadAction","target":["https:\/\/global-hookah.com\/product\/black-skull-hookah-wholesale\/"]}]},{"@type":"ImageObject","inLanguage":"es","@id":"https:\/\/global-hookah.com\/product\/black-skull-hookah-wholesale\/#primaryimage","url":"https:\/\/global-hookah.com\/wp-content\/uploads\/2024\/04\/kf-S9ef4c1b93c044f98a05f58b0d18175c8L-Barra-de-recarga-de-luz-Led-de-calavera-arabiga-para-cachimba-Ktv-conjunto-de-narguile-grande.webp","contentUrl":"https:\/\/global-hookah.com\/wp-content\/uploads\/2024\/04\/kf-S9ef4c1b93c044f98a05f58b0d18175c8L-Barra-de-recarga-de-luz-Led-de-calavera-arabiga-para-cachimba-Ktv-conjunto-de-narguile-grande.webp","width":750,"height":1000,"caption":"Black Skull Hookah Wholesale"},{"@type":"BreadcrumbList","@id":"https:\/\/global-hookah.com\/product\/black-skull-hookah-wholesale\/#breadcrumb","itemListElement":[{"@type":"ListItem","position":1,"name":"Home","item":"https:\/\/global-hookah.com\/"},{"@type":"ListItem","position":2,"name":"Shop","item":"https:\/\/global-hookah.com\/shop\/"},{"@type":"ListItem","position":3,"name":"Black Skull Hookah Wholesale"}]},{"@type":"WebSite","@id":"https:\/\/global-hookah.com\/#website","url":"https:\/\/global-hookah.com\/","name":"Global Hookah","description":"Global Hookah","publisher":{"@id":"https:\/\/global-hookah.com\/#organization"},"potentialAction":[{"@type":"SearchAction","target":{"@type":"EntryPoint","urlTemplate":"https:\/\/global-hookah.com\/?s={search_term_string}"},"query-input":{"@type":"PropertyValueSpecification","valueRequired":true,"valueName":"search_term_string"}}],"inLanguage":"es"},{"@type":"Organization","@id":"https:\/\/global-hookah.com\/#organization","name":"Global Hookah","url":"https:\/\/global-hookah.com\/","logo":{"@type":"ImageObject","inLanguage":"es","@id":"https:\/\/global-hookah.com\/#\/schema\/logo\/image\/","url":"https:\/\/global-hookah.com\/wp-content\/uploads\/2021\/10\/cropped-fgg.png","contentUrl":"https:\/\/global-hookah.com\/wp-content\/uploads\/2021\/10\/cropped-fgg.png","width":512,"height":512,"caption":"Global Hookah"},"image":{"@id":"https:\/\/global-hookah.com\/#\/schema\/logo\/image\/"}}]}},"_links":{"self":[{"href":"https:\/\/global-hookah.com\/es\/wp-json\/wp\/v2\/product\/21715","targetHints":{"allow":["GET"]}}],"collection":[{"href":"https:\/\/global-hookah.com\/es\/wp-json\/wp\/v2\/product"}],"about":[{"href":"https:\/\/global-hookah.com\/es\/wp-json\/wp\/v2\/types\/product"}],"replies":[{"embeddable":true,"href":"https:\/\/global-hookah.com\/es\/wp-json\/wp\/v2\/comments?post=21715"}],"version-history":[{"count":0,"href":"https:\/\/global-hookah.com\/es\/wp-json\/wp\/v2\/product\/21715\/revisions"}],"wp:featuredmedia":[{"embeddable":true,"href":"https:\/\/global-hookah.com\/es\/wp-json\/wp\/v2\/media\/21716"}],"wp:attachment":[{"href":"https:\/\/global-hookah.com\/es\/wp-json\/wp\/v2\/media?parent=21715"}],"wp:term":[{"taxonomy":"product_brand","embeddable":true,"href":"https:\/\/global-hookah.com\/es\/wp-json\/wp\/v2\/product_brand?post=21715"},{"taxonomy":"product_cat","embeddable":true,"href":"https:\/\/global-hookah.com\/es\/wp-json\/wp\/v2\/product_cat?post=21715"},{"taxonomy":"product_tag","embeddable":true,"href":"https:\/\/global-hookah.com\/es\/wp-json\/wp\/v2\/product_tag?post=21715"}],"curies":[{"name":"wp","href":"https:\/\/api.w.org\/{rel}","templated":true}]}}