{"id":21723,"date":"2024-04-25T06:28:03","date_gmt":"2024-04-25T06:28:03","guid":{"rendered":"https:\/\/global-hookah.com\/product\/portable-hookah-cup-wholesale\/"},"modified":"2024-04-25T06:28:09","modified_gmt":"2024-04-25T06:28:09","slug":"portable-hookah-cup-wholesale","status":"publish","type":"product","link":"https:\/\/global-hookah.com\/es\/producto\/portable-hookah-cup-wholesale\/","title":{"rendered":"Taza port\u00e1til para narguile al por mayor"},"content":{"rendered":"<div class=\"product-specs-list-container\">\n<ul class=\"product-specs-list util-clearfix\">\n<li class=\"product-prop line-limit-length\"><span\n\t\t\t\t\t\t\t\t\tclass=\"property-title\">N\u00famero de modelo:&nbsp;<\/span><span\n\t\t\t\t\t\t\t\t\tclass=\"property-desc line-limit-length\">SMT-SD7305<\/span>\n\t\t\t\t\t\t<\/li>\n<li class=\"product-prop line-limit-length\"><span\n\t\t\t\t\t\t\t\t\tclass=\"property-title\">Forma:&nbsp;<\/span><span\n\t\t\t\t\t\t\t\t\tclass=\"property-desc line-limit-length\">Tipo recto<\/span>\n\t\t\t\t\t\t<\/li>\n<li class=\"product-prop line-limit-length\"><span\n\t\t\t\t\t\t\t\t\tclass=\"property-title\">T\u00e9cnica:&nbsp;<\/span><span\n\t\t\t\t\t\t\t\t\tclass=\"property-desc line-limit-length\">FRUSADO<\/span>\n\t\t\t\t\t\t<\/li>\n<li class=\"product-prop line-limit-length\"><span\n\t\t\t\t\t\t\t\t\tclass=\"property-title\">Material:&nbsp;<\/span><span\n\t\t\t\t\t\t\t\t\tclass=\"property-desc line-limit-length\">vidrio<\/span>\n\t\t\t\t\t\t<\/li>\n<li class=\"product-prop line-limit-length\"><span\n\t\t\t\t\t\t\t\t\tclass=\"property-title\">Origen:&nbsp;<\/span><span\n\t\t\t\t\t\t\t\t\tclass=\"property-desc line-limit-length\">China continental<\/span>\n\t\t\t\t\t\t<\/li>\n<li class=\"product-prop line-limit-length\"><span\n\t\t\t\t\t\t\t\t\tclass=\"property-title\">textura del material:&nbsp;<\/span><span\n\t\t\t\t\t\t\t\t\tclass=\"property-desc line-limit-length\">Vidrio, pl\u00e1stico, aleaci\u00f3n<\/span>\n\t\t\t\t\t\t<\/li>\n<\/ul><\/div>\n<p><span style=\"color:rgba(244,78,59,255);font-size:24px\">\u3010Nueva botella popular pipa de agua port\u00e1til hookah shisha tabaco fumar pipas circulaci\u00f3n filtro vidrio tubo set hombres regalo para salud\u3011<\/span><\/p>\n<p style=\"text-align:center\" align=\"center\"><span style=\"font-size:12px\">*****************************************************************************************<\/span><\/p>\n<p><span style=\"color:rgba(254,146,0,255);font-size:16px\">Se trata de una nueva moda multi-funcional herramienta auxiliar para fumar, lo que hace que fumar sea m\u00e1s interesante y saludable, y tambi\u00e9n puede experimentar diferentes sabores ricos;<\/span><\/p>\n<p><span style=\"color:rgba(254,146,0,255);font-size:16px\">Mientras se fuma, algunas sustancias nocivas de los cigarrillos pueden filtrarse eficazmente a trav\u00e9s de la filtraci\u00f3n de agua; \u00a1Esto tendr\u00e1 un cierto efecto protector para los fumadores!<\/span><\/p>\n<p><span style=\"color:rgba(254,146,0,255);font-size:16px\">[sobre el color] la parte inferior de la pipa de agua es de vidrio, transl\u00facido esmerilado blanco. De acuerdo con el color de la cubierta superior, las diferencias son: oro, plata y negro;<\/span><\/p>\n<p><\/p>\n<p><span style=\"color:rgba(254,146,0,255);font-size:16px\">[sobre el material] el cuerpo de la olla est\u00e1 hecho de vidrio esmerilado (evitar ca\u00eddas y tocar durante el uso y almacenamiento); La cubierta superior est\u00e1 hecha de aleaci\u00f3n, y la boquilla de succi\u00f3n est\u00e1 hecha de pl\u00e1stico de resina respetuoso con el medio ambiente;<\/span><\/p>\n<p><\/p>\n<p><span style=\"color:rgba(254,146,0,255);font-size:16px\">[sobre el uso] abra la tapa de la olla y a\u00f1ada agua limpia o bebidas l\u00edquidas, cola, zumo, etc;<\/span><\/p>\n<p><\/p>\n<p><span style=\"color:rgba(254,146,0,255);font-size:16px\">Llenar la pipa con tabaco cortado o cigarrillos;<\/span><\/p>\n<p><\/p>\n<p><span style=\"color:rgba(254,146,0,255);font-size:16px\">Encender y fumar lentamente (las herramientas de encendido y los cigarrillos deben ser proporcionados por uno mismo);<\/span><\/p>\n<p><\/p>\n<p><span style=\"color:rgba(254,146,0,255);font-size:16px\">Abra la cubierta superior para limpiarla;<\/span><\/p>\n<p><\/p>\n<p><span style=\"color:rgba(254,146,0,255);font-size:16px\">Se pueden sustituir dos boquillas de aspiraci\u00f3n en funci\u00f3n de las necesidades;<\/span><\/p>\n<p style=\"text-align:center\" align=\"center\"><span style=\"font-size:12px\">--------------------------------------------------------<\/span><\/p>\n<p style=\"text-align:center\" align=\"center\"><img decoding=\"async\" src=\"https:\/\/ae01.alicdn.com\/kf\/H94c3232a0dff427bad9d642d5f6170d6e.jpg\" slate-data-type=\"image\"\/><\/p>\n<p><\/p>\n<p style=\"text-align:center\" align=\"center\"><img decoding=\"async\" src=\"https:\/\/ae01.alicdn.com\/kf\/H44bf4ed07501422dac90e30cf7b9bb05B.jpg\" slate-data-type=\"image\"\/><img decoding=\"async\" src=\"https:\/\/ae01.alicdn.com\/kf\/H170f185c42874e00a0a4f3f53cc4453a8.jpg\" slate-data-type=\"image\"\/><img decoding=\"async\" src=\"https:\/\/ae01.alicdn.com\/kf\/H4568e7e215704034956f5a2a10cec839e.jpg\" slate-data-type=\"image\"\/><\/p>\n<p><\/p>\n<p style=\"text-align:center\" align=\"center\"><img decoding=\"async\" src=\"https:\/\/ae01.alicdn.com\/kf\/H5390a6eeae9844eb8a2896eed3df17868.jpg\" slate-data-type=\"image\"\/><img decoding=\"async\" src=\"https:\/\/ae01.alicdn.com\/kf\/Hd68b1c92ed894b2b8fa6cc58232fb0555.jpg\" slate-data-type=\"image\"\/><\/p>\n<p><\/p>\n<p style=\"text-align:center\" align=\"center\"><img decoding=\"async\" src=\"https:\/\/ae01.alicdn.com\/kf\/H73236432d1b94442a21d5780bb30bc21B.jpg\" slate-data-type=\"image\"\/><\/p>\n<p><\/p>\n<p style=\"text-align:center\" align=\"center\"><img decoding=\"async\" src=\"https:\/\/ae01.alicdn.com\/kf\/H644544dc89a34ddda8e4ca9b4423b071e.jpg\" slate-data-type=\"image\"\/><\/p>","protected":false},"excerpt":{"rendered":"<p>N\u00famero de modelo: SMT-SD7305 Forma: Tipo recto Technics: FROSTED Material: vidrio Origen: China continental textura del material: Vidrio, pl\u00e1stico, aleaci\u00f3n \u3010Nueva botella popular pipa de agua port\u00e1til Hookah<\/p>","protected":false},"featured_media":21724,"comment_status":"","ping_status":"closed","template":"","meta":{"iawp_total_views":11,"_joinchat":[]},"product_brand":[],"product_cat":[559,119],"product_tag":[],"class_list":{"0":"post-21723","1":"product","2":"type-product","3":"status-publish","4":"has-post-thumbnail","6":"product_cat-portable-hookah-wholesale","7":"product_cat-wholesale-hookah","9":"first","10":"instock","11":"shipping-taxable","12":"purchasable","13":"product-type-variable"},"yoast_head":"<!-- This site is optimized with the Yoast SEO Premium plugin v24.7 (Yoast SEO v26.8) - https:\/\/yoast.com\/product\/yoast-seo-premium-wordpress\/ -->\n<title>Portable Hookah Cup Wholesale - Global Hookah<\/title>\n<meta name=\"robots\" content=\"index, follow, max-snippet:-1, max-image-preview:large, max-video-preview:-1\" \/>\n<link rel=\"canonical\" href=\"https:\/\/global-hookah.com\/es\/it\/prodotto\/tazza-portatile-per-narghile-allingrosso\/\" \/>\n<meta property=\"og:locale\" content=\"es_ES\" \/>\n<meta property=\"og:type\" content=\"article\" \/>\n<meta property=\"og:title\" content=\"Portable Hookah Cup Wholesale\" \/>\n<meta property=\"og:description\" content=\"Model Number:&nbsp;SMT-SD7305 Shape:&nbsp;Straight Type Technics:&nbsp;FROSTED Material:&nbsp;glass Origin:&nbsp;Mainland China texture of material:&nbsp;Glass, plastic, alloy \u3010New Popular Bottle Water Pipe Portable Hookah\" \/>\n<meta property=\"og:url\" content=\"https:\/\/global-hookah.com\/es\/it\/prodotto\/tazza-portatile-per-narghile-allingrosso\/\" \/>\n<meta property=\"og:site_name\" content=\"Global Hookah\" \/>\n<meta property=\"article:modified_time\" content=\"2024-04-25T06:28:09+00:00\" \/>\n<meta property=\"og:image\" content=\"https:\/\/global-hookah.com\/wp-content\/uploads\/2024\/04\/kf-H93915d6369c04b3c91c72cc78a232ef1V-New-Popular-Bottle-Water-Pipe-Portable-Hookah-Shisha-Tobacco-Smoking-Pipes-Circulation-Filter-Glass-Tube-Set.webp\" \/>\n\t<meta property=\"og:image:width\" content=\"800\" \/>\n\t<meta property=\"og:image:height\" content=\"800\" \/>\n\t<meta property=\"og:image:type\" content=\"image\/webp\" \/>\n<meta name=\"twitter:card\" content=\"summary_large_image\" \/>\n<meta name=\"twitter:label1\" content=\"Tiempo de lectura\" \/>\n\t<meta name=\"twitter:data1\" content=\"1 minuto\" \/>\n<script type=\"application\/ld+json\" class=\"yoast-schema-graph\">{\"@context\":\"https:\/\/schema.org\",\"@graph\":[{\"@type\":\"WebPage\",\"@id\":\"https:\/\/global-hookah.com\/it\/prodotto\/tazza-portatile-per-narghile-allingrosso\/\",\"url\":\"https:\/\/global-hookah.com\/it\/prodotto\/tazza-portatile-per-narghile-allingrosso\/\",\"name\":\"Portable Hookah Cup Wholesale - Global Hookah\",\"isPartOf\":{\"@id\":\"https:\/\/global-hookah.com\/#website\"},\"primaryImageOfPage\":{\"@id\":\"https:\/\/global-hookah.com\/it\/prodotto\/tazza-portatile-per-narghile-allingrosso\/#primaryimage\"},\"image\":{\"@id\":\"https:\/\/global-hookah.com\/it\/prodotto\/tazza-portatile-per-narghile-allingrosso\/#primaryimage\"},\"thumbnailUrl\":\"https:\/\/global-hookah.com\/wp-content\/uploads\/2024\/04\/kf-H93915d6369c04b3c91c72cc78a232ef1V-New-Popular-Bottle-Water-Pipe-Portable-Hookah-Shisha-Tobacco-Smoking-Pipes-Circulation-Filter-Glass-Tube-Set.webp\",\"datePublished\":\"2024-04-25T06:28:03+00:00\",\"dateModified\":\"2024-04-25T06:28:09+00:00\",\"breadcrumb\":{\"@id\":\"https:\/\/global-hookah.com\/it\/prodotto\/tazza-portatile-per-narghile-allingrosso\/#breadcrumb\"},\"inLanguage\":\"es\",\"potentialAction\":[{\"@type\":\"ReadAction\",\"target\":[\"https:\/\/global-hookah.com\/it\/prodotto\/tazza-portatile-per-narghile-allingrosso\/\"]}]},{\"@type\":\"ImageObject\",\"inLanguage\":\"es\",\"@id\":\"https:\/\/global-hookah.com\/it\/prodotto\/tazza-portatile-per-narghile-allingrosso\/#primaryimage\",\"url\":\"https:\/\/global-hookah.com\/wp-content\/uploads\/2024\/04\/kf-H93915d6369c04b3c91c72cc78a232ef1V-New-Popular-Bottle-Water-Pipe-Portable-Hookah-Shisha-Tobacco-Smoking-Pipes-Circulation-Filter-Glass-Tube-Set.webp\",\"contentUrl\":\"https:\/\/global-hookah.com\/wp-content\/uploads\/2024\/04\/kf-H93915d6369c04b3c91c72cc78a232ef1V-New-Popular-Bottle-Water-Pipe-Portable-Hookah-Shisha-Tobacco-Smoking-Pipes-Circulation-Filter-Glass-Tube-Set.webp\",\"width\":800,\"height\":800},{\"@type\":\"BreadcrumbList\",\"@id\":\"https:\/\/global-hookah.com\/it\/prodotto\/tazza-portatile-per-narghile-allingrosso\/#breadcrumb\",\"itemListElement\":[{\"@type\":\"ListItem\",\"position\":1,\"name\":\"Home\",\"item\":\"https:\/\/global-hookah.com\/\"},{\"@type\":\"ListItem\",\"position\":2,\"name\":\"Shop\",\"item\":\"https:\/\/global-hookah.com\/shop\/\"},{\"@type\":\"ListItem\",\"position\":3,\"name\":\"Portable Hookah Cup Wholesale\"}]},{\"@type\":\"WebSite\",\"@id\":\"https:\/\/global-hookah.com\/#website\",\"url\":\"https:\/\/global-hookah.com\/\",\"name\":\"Global Hookah\",\"description\":\"Global Hookah\",\"publisher\":{\"@id\":\"https:\/\/global-hookah.com\/#organization\"},\"potentialAction\":[{\"@type\":\"SearchAction\",\"target\":{\"@type\":\"EntryPoint\",\"urlTemplate\":\"https:\/\/global-hookah.com\/?s={search_term_string}\"},\"query-input\":{\"@type\":\"PropertyValueSpecification\",\"valueRequired\":true,\"valueName\":\"search_term_string\"}}],\"inLanguage\":\"es\"},{\"@type\":\"Organization\",\"@id\":\"https:\/\/global-hookah.com\/#organization\",\"name\":\"Global Hookah\",\"url\":\"https:\/\/global-hookah.com\/\",\"logo\":{\"@type\":\"ImageObject\",\"inLanguage\":\"es\",\"@id\":\"https:\/\/global-hookah.com\/#\/schema\/logo\/image\/\",\"url\":\"https:\/\/global-hookah.com\/wp-content\/uploads\/2021\/10\/cropped-fgg.png\",\"contentUrl\":\"https:\/\/global-hookah.com\/wp-content\/uploads\/2021\/10\/cropped-fgg.png\",\"width\":512,\"height\":512,\"caption\":\"Global Hookah\"},\"image\":{\"@id\":\"https:\/\/global-hookah.com\/#\/schema\/logo\/image\/\"}}]}<\/script>\n<!-- \/ Yoast SEO Premium plugin. -->","yoast_head_json":{"title":"Copa de Hookah port\u00e1til al por mayor - Global Hookah","robots":{"index":"index","follow":"follow","max-snippet":"max-snippet:-1","max-image-preview":"max-image-preview:large","max-video-preview":"max-video-preview:-1"},"canonical":"https:\/\/global-hookah.com\/es\/it\/prodotto\/tazza-portatile-per-narghile-allingrosso\/","og_locale":"es_ES","og_type":"article","og_title":"Portable Hookah Cup Wholesale","og_description":"Model Number:&nbsp;SMT-SD7305 Shape:&nbsp;Straight Type Technics:&nbsp;FROSTED Material:&nbsp;glass Origin:&nbsp;Mainland China texture of material:&nbsp;Glass, plastic, alloy \u3010New Popular Bottle Water Pipe Portable Hookah","og_url":"https:\/\/global-hookah.com\/es\/it\/prodotto\/tazza-portatile-per-narghile-allingrosso\/","og_site_name":"Global Hookah","article_modified_time":"2024-04-25T06:28:09+00:00","og_image":[{"width":800,"height":800,"url":"https:\/\/global-hookah.com\/wp-content\/uploads\/2024\/04\/kf-H93915d6369c04b3c91c72cc78a232ef1V-New-Popular-Bottle-Water-Pipe-Portable-Hookah-Shisha-Tobacco-Smoking-Pipes-Circulation-Filter-Glass-Tube-Set.webp","type":"image\/webp"}],"twitter_card":"summary_large_image","twitter_misc":{"Tiempo de lectura":"1 minuto"},"schema":{"@context":"https:\/\/schema.org","@graph":[{"@type":"WebPage","@id":"https:\/\/global-hookah.com\/it\/prodotto\/tazza-portatile-per-narghile-allingrosso\/","url":"https:\/\/global-hookah.com\/it\/prodotto\/tazza-portatile-per-narghile-allingrosso\/","name":"Copa de Hookah port\u00e1til al por mayor - Global Hookah","isPartOf":{"@id":"https:\/\/global-hookah.com\/#website"},"primaryImageOfPage":{"@id":"https:\/\/global-hookah.com\/it\/prodotto\/tazza-portatile-per-narghile-allingrosso\/#primaryimage"},"image":{"@id":"https:\/\/global-hookah.com\/it\/prodotto\/tazza-portatile-per-narghile-allingrosso\/#primaryimage"},"thumbnailUrl":"https:\/\/global-hookah.com\/wp-content\/uploads\/2024\/04\/kf-H93915d6369c04b3c91c72cc78a232ef1V-New-Popular-Bottle-Water-Pipe-Portable-Hookah-Shisha-Tobacco-Smoking-Pipes-Circulation-Filter-Glass-Tube-Set.webp","datePublished":"2024-04-25T06:28:03+00:00","dateModified":"2024-04-25T06:28:09+00:00","breadcrumb":{"@id":"https:\/\/global-hookah.com\/it\/prodotto\/tazza-portatile-per-narghile-allingrosso\/#breadcrumb"},"inLanguage":"es","potentialAction":[{"@type":"ReadAction","target":["https:\/\/global-hookah.com\/it\/prodotto\/tazza-portatile-per-narghile-allingrosso\/"]}]},{"@type":"ImageObject","inLanguage":"es","@id":"https:\/\/global-hookah.com\/it\/prodotto\/tazza-portatile-per-narghile-allingrosso\/#primaryimage","url":"https:\/\/global-hookah.com\/wp-content\/uploads\/2024\/04\/kf-H93915d6369c04b3c91c72cc78a232ef1V-New-Popular-Bottle-Water-Pipe-Portable-Hookah-Shisha-Tobacco-Smoking-Pipes-Circulation-Filter-Glass-Tube-Set.webp","contentUrl":"https:\/\/global-hookah.com\/wp-content\/uploads\/2024\/04\/kf-H93915d6369c04b3c91c72cc78a232ef1V-New-Popular-Bottle-Water-Pipe-Portable-Hookah-Shisha-Tobacco-Smoking-Pipes-Circulation-Filter-Glass-Tube-Set.webp","width":800,"height":800},{"@type":"BreadcrumbList","@id":"https:\/\/global-hookah.com\/it\/prodotto\/tazza-portatile-per-narghile-allingrosso\/#breadcrumb","itemListElement":[{"@type":"ListItem","position":1,"name":"Home","item":"https:\/\/global-hookah.com\/"},{"@type":"ListItem","position":2,"name":"Shop","item":"https:\/\/global-hookah.com\/shop\/"},{"@type":"ListItem","position":3,"name":"Portable Hookah Cup Wholesale"}]},{"@type":"WebSite","@id":"https:\/\/global-hookah.com\/#website","url":"https:\/\/global-hookah.com\/","name":"Global Hookah","description":"Global Hookah","publisher":{"@id":"https:\/\/global-hookah.com\/#organization"},"potentialAction":[{"@type":"SearchAction","target":{"@type":"EntryPoint","urlTemplate":"https:\/\/global-hookah.com\/?s={search_term_string}"},"query-input":{"@type":"PropertyValueSpecification","valueRequired":true,"valueName":"search_term_string"}}],"inLanguage":"es"},{"@type":"Organization","@id":"https:\/\/global-hookah.com\/#organization","name":"Global Hookah","url":"https:\/\/global-hookah.com\/","logo":{"@type":"ImageObject","inLanguage":"es","@id":"https:\/\/global-hookah.com\/#\/schema\/logo\/image\/","url":"https:\/\/global-hookah.com\/wp-content\/uploads\/2021\/10\/cropped-fgg.png","contentUrl":"https:\/\/global-hookah.com\/wp-content\/uploads\/2021\/10\/cropped-fgg.png","width":512,"height":512,"caption":"Global Hookah"},"image":{"@id":"https:\/\/global-hookah.com\/#\/schema\/logo\/image\/"}}]}},"_links":{"self":[{"href":"https:\/\/global-hookah.com\/es\/wp-json\/wp\/v2\/product\/21723","targetHints":{"allow":["GET"]}}],"collection":[{"href":"https:\/\/global-hookah.com\/es\/wp-json\/wp\/v2\/product"}],"about":[{"href":"https:\/\/global-hookah.com\/es\/wp-json\/wp\/v2\/types\/product"}],"replies":[{"embeddable":true,"href":"https:\/\/global-hookah.com\/es\/wp-json\/wp\/v2\/comments?post=21723"}],"version-history":[{"count":0,"href":"https:\/\/global-hookah.com\/es\/wp-json\/wp\/v2\/product\/21723\/revisions"}],"wp:featuredmedia":[{"embeddable":true,"href":"https:\/\/global-hookah.com\/es\/wp-json\/wp\/v2\/media\/21724"}],"wp:attachment":[{"href":"https:\/\/global-hookah.com\/es\/wp-json\/wp\/v2\/media?parent=21723"}],"wp:term":[{"taxonomy":"product_brand","embeddable":true,"href":"https:\/\/global-hookah.com\/es\/wp-json\/wp\/v2\/product_brand?post=21723"},{"taxonomy":"product_cat","embeddable":true,"href":"https:\/\/global-hookah.com\/es\/wp-json\/wp\/v2\/product_cat?post=21723"},{"taxonomy":"product_tag","embeddable":true,"href":"https:\/\/global-hookah.com\/es\/wp-json\/wp\/v2\/product_tag?post=21723"}],"curies":[{"name":"wp","href":"https:\/\/api.w.org\/{rel}","templated":true}]}}