{"id":21731,"date":"2024-04-25T06:29:18","date_gmt":"2024-04-25T06:29:18","guid":{"rendered":"https:\/\/global-hookah.com\/product\/metal-hookah-pipe-wholesale\/"},"modified":"2024-04-25T12:04:08","modified_gmt":"2024-04-25T12:04:08","slug":"metal-hookah-pipe-wholesale","status":"publish","type":"product","link":"https:\/\/global-hookah.com\/es\/producto\/metal-hookah-pipe-wholesale\/","title":{"rendered":"Pipa met\u00e1lica para narguile al por mayor"},"content":{"rendered":"<div class=\"product-specs-list-container\">\n<p><span data-preserver-spaces=\"true\">Lo s\u00e9, como conocedor de narguiles como t\u00fa, no debes querer esos de mala calidad, <strong>narguiles de calidad dudosa<\/strong>\u00bfverdad? Pues bien, nuestro <strong>Pipa met\u00e1lica para narguile<\/strong> est\u00e1 hecha a su medida. Est\u00e1 fabricado en aluminio de alta calidad, no s\u00f3lo resistente y\u00a0<\/span><span data-preserver-spaces=\"true\">duradera,<\/span><span data-preserver-spaces=\"true\">\u00a0pero tambi\u00e9n pulido a espejo, sensaci\u00f3n\u00a0<\/span><span data-preserver-spaces=\"true\">genial<\/span><span data-preserver-spaces=\"true\">\u00a0y suave al tacto, y capaz de proporcionar una excelente experiencia de fumado.<\/span><\/p>\n<p>&nbsp;<\/p>\n<p><span data-preserver-spaces=\"true\">Este <strong>Pipa met\u00e1lica para narguile<\/strong><\/span><span data-preserver-spaces=\"true\">\u00a0utiliza un <a href=\"https:\/\/global-hookah.com\/product-category\/hookah-accessories-wholesale\/hookah-bowl-wholesale\/\">cuenco de cer\u00e1mica para narguile<\/a>. , su estructura porosa puede absorber completamente el sabor del tabaco, haciendo que los paquetes de tabaco tradicionales de un solo sabor brillen como nunca, \u00a1con hasta 120% de su encanto! Imag\u00ednese c\u00f3mo sabr\u00eda su tabaco de shisha favorito en esta cajetilla sin esmaltar.\u00a0<\/span><span data-preserver-spaces=\"true\">narguile<\/span><span data-preserver-spaces=\"true\">!<\/span><\/p>\n<p>&nbsp;<\/p>\n<p><span data-preserver-spaces=\"true\">Por supuesto, este <strong>Pipa met\u00e1lica para narguile<\/strong>\u00a0<\/span><span data-preserver-spaces=\"true\">tiene m\u00e1s que ofrecer<\/span><span data-preserver-spaces=\"true\">\u00a0que un simple\u00a0<\/span><span data-preserver-spaces=\"true\">genial<\/span><span data-preserver-spaces=\"true\">\u00a0quemador<\/span><span data-preserver-spaces=\"true\">, it<\/span><span data-preserver-spaces=\"true\">\u00a0tambi\u00e9n proporciona un excelente sellado. Utiliza accesorios de goma de alta calidad que consiguen un sellado herm\u00e9tico de 360 grados entre el tubo y la base de cristal. Incluso despu\u00e9s de un uso prolongado, no habr\u00e1 fugas de aire de ning\u00fan tipo.<\/span><\/p>\n<p>&nbsp;<\/p>\n<p><span data-preserver-spaces=\"true\">Del mismo modo, la arandela hookah que conecta la manguera\u00a0<\/span><span data-preserver-spaces=\"true\">tambi\u00e9n<\/span><span data-preserver-spaces=\"true\">\u00a0garantiza una perfecta\u00a0<\/span><span data-preserver-spaces=\"true\">hermeticidad,<\/span><span data-preserver-spaces=\"true\">\u00a0sin ninguna molestia\u00a0<\/span><span data-preserver-spaces=\"true\">aire<\/span><span data-preserver-spaces=\"true\">\u00a0fugas.<\/span><span data-preserver-spaces=\"true\">\u00a0<\/span><span data-preserver-spaces=\"true\">Este<\/span><span data-preserver-spaces=\"true\">\u00a0garantiza que pueda disfrutar de una experiencia de narguile suave y pura.<\/span><\/p>\n<p>&nbsp;<\/p>\n<p><span data-preserver-spaces=\"true\">S\u00e9 que no querr\u00e1 perderse una pipa de agua met\u00e1lica tan excepcional. Estamos dispuestos a ofrecerle productos y servicios de la m\u00e1s alta calidad. Si necesita vender al por mayor este\u00a0<\/span><span data-preserver-spaces=\"true\">narguile<\/span><span data-preserver-spaces=\"true\">por favor\u00a0<\/span><span data-preserver-spaces=\"true\">no dude en<\/span><span data-preserver-spaces=\"true\">\u00a0p\u00f3ngase en contacto con nosotros.<\/span><\/p>\n<ul class=\"product-specs-list util-clearfix\">\n<li class=\"product-prop line-limit-length\"><span class=\"property-title\">Categor\u00eda de productos:\u00a0<\/span><span class=\"property-desc line-limit-length\">Marihuana<\/span><\/li>\n<li class=\"product-prop line-limit-length\"><span class=\"property-title\">Material:\u00a0<\/span><span class=\"property-desc line-limit-length\">Aluminio<\/span><\/li>\n<\/ul>\n<\/div>\n<div class=\"detailmodule_html\">\n<div class=\"detail-desc-decorate-richtext\">\n<p><img decoding=\"async\" src=\"https:\/\/ae01.alicdn.com\/kf\/S1447cd4ed3d6446a96e768af9eef422fy.jpg?width=800&amp;height=714&amp;hash=1514\" alt=\"undefined\" width=\"790\" height=\"705.075\" \/><\/p>\n<p><img fetchpriority=\"high\" decoding=\"async\" src=\"https:\/\/ae03.alicdn.com\/kf\/S2c02fb4fa7584b2094869dc143916e58h.jpg\" alt=\"undefined\" width=\"789\" height=\"789\" \/><\/p>\n<p><img decoding=\"async\" src=\"https:\/\/ae01.alicdn.com\/kf\/S7705eb4592a84050af9b969ef9fecfdaH.jpg?width=750&amp;height=750&amp;hash=1500\" alt=\"undefined\" width=\"789\" height=\"789\" \/><\/p>\n<p><img decoding=\"async\" src=\"https:\/\/ae01.alicdn.com\/kf\/S8f48ee78b20c418c8db9268ec0b59e04r.jpg?width=800&amp;height=432&amp;hash=1232\" alt=\"undefined\" width=\"790\" height=\"426.6\" \/><\/p>\n<p><img decoding=\"async\" src=\"https:\/\/ae01.alicdn.com\/kf\/S535dc7481d9f43d684318d227911835dL.jpg?width=750&amp;height=750&amp;hash=1500\" alt=\"undefined\" width=\"791\" height=\"791\" \/><br \/>\n<img loading=\"lazy\" decoding=\"async\" src=\"https:\/\/ae01.alicdn.com\/kf\/Sd67f8ac6973b40c8b034f30661ac29f6C.jpg?width=750&amp;height=750&amp;hash=1500\" alt=\"_MG_9563\" width=\"789\" height=\"789\" \/><br \/>\n<img loading=\"lazy\" decoding=\"async\" src=\"https:\/\/ae01.alicdn.com\/kf\/Sf3a9bbca961142b4a662263a265b688dz.jpg?width=750&amp;height=750&amp;hash=1500\" alt=\"_MG_9595\" width=\"788\" height=\"788\" \/><br \/>\n<img loading=\"lazy\" decoding=\"async\" src=\"https:\/\/ae01.alicdn.com\/kf\/Sce4e7f28827941ff8b54524e9fb73f87g.jpg?width=750&amp;height=750&amp;hash=1500\" alt=\"_MG_9582\" width=\"787\" height=\"787\" \/><br \/>\n<img loading=\"lazy\" decoding=\"async\" src=\"https:\/\/ae01.alicdn.com\/kf\/Sd2e78217d55a4c9fbff5fe7107ce8030H.jpg?width=1000&amp;height=1000&amp;hash=2000\" alt=\"_MG_9551\" width=\"786\" height=\"786\" \/><br \/>\n<img loading=\"lazy\" decoding=\"async\" src=\"https:\/\/ae01.alicdn.com\/kf\/S9f7a284e56e64a2b9a0b2304f071580dK.jpg?width=1000&amp;height=1000&amp;hash=2000\" alt=\"_MG_9570\" width=\"789\" height=\"789\" \/><\/p>\n<p><img decoding=\"async\" src=\"https:\/\/ae01.alicdn.com\/kf\/S519b2c56cc7a450ebce3253720144b80X.jpg?width=800&amp;height=506&amp;hash=1306\" alt=\"undefined\" width=\"790\" height=\"499.675\" \/><br \/>\n<img decoding=\"async\" src=\"https:\/\/ae01.alicdn.com\/kf\/S0137e49f7e1d4eb1a5029c5a1dcc5a5bB.jpg?width=800&amp;height=701&amp;hash=1501\" alt=\"undefined\" width=\"790\" height=\"692.2375000000001\" \/><br \/>\n<img decoding=\"async\" src=\"https:\/\/ae01.alicdn.com\/kf\/S30885683b2d9442385f1431157ee01312.jpg?width=800&amp;height=615&amp;hash=1415\" alt=\"undefined\" width=\"790\" height=\"607.3125\" \/><br \/>\n<img decoding=\"async\" src=\"https:\/\/ae01.alicdn.com\/kf\/S2ea100e278504f91ae2028847c1bce75s.jpg?width=800&amp;height=579&amp;hash=1379\" alt=\"undefined\" width=\"790\" height=\"571.7625\" \/><br \/>\n<img decoding=\"async\" src=\"https:\/\/ae01.alicdn.com\/kf\/Sc408666f79944f67883839e48f0928c5X.jpg?width=800&amp;height=549&amp;hash=1349\" alt=\"undefined\" width=\"790\" height=\"542.1375\" \/><\/p>\n<\/div>\n<\/div>","protected":false},"excerpt":{"rendered":"<p>Lo s\u00e9, como conocedor de narguiles como usted, no debe querer esos narguiles de mala calidad y calidad cuestionable, \u00bfverdad? Bueno, nuestro<\/p>","protected":false},"featured_media":21732,"comment_status":"closed","ping_status":"closed","template":"","meta":{"iawp_total_views":0,"_joinchat":[]},"product_brand":[],"product_cat":[119],"product_tag":[],"class_list":{"0":"post-21731","1":"product","2":"type-product","3":"status-publish","4":"has-post-thumbnail","6":"product_cat-wholesale-hookah","8":"first","9":"instock","10":"shipping-taxable","11":"product-type-external"},"yoast_head":"<!-- This site is optimized with the Yoast SEO Premium plugin v24.7 (Yoast SEO v26.8) - https:\/\/yoast.com\/product\/yoast-seo-premium-wordpress\/ -->\n<title>Metal Hookah Pipe Wholesale - Global Hookah<\/title>\n<meta name=\"robots\" content=\"index, follow, max-snippet:-1, max-image-preview:large, max-video-preview:-1\" \/>\n<link rel=\"canonical\" href=\"https:\/\/global-hookah.com\/es\/producto\/metal-hookah-pipe-wholesale\/\" \/>\n<meta property=\"og:locale\" content=\"es_ES\" \/>\n<meta property=\"og:type\" content=\"article\" \/>\n<meta property=\"og:title\" content=\"Metal Hookah Pipe Wholesale\" \/>\n<meta property=\"og:description\" content=\"I know, as a hookah connoisseur like yourself, you must not want those shoddily made, questionable-quality hookahs, right? Well, our\" \/>\n<meta property=\"og:url\" content=\"https:\/\/global-hookah.com\/es\/producto\/metal-hookah-pipe-wholesale\/\" \/>\n<meta property=\"og:site_name\" content=\"Global Hookah\" \/>\n<meta property=\"article:modified_time\" content=\"2024-04-25T12:04:08+00:00\" \/>\n<meta property=\"og:image\" content=\"https:\/\/global-hookah.com\/wp-content\/uploads\/2024\/04\/kf-S65a63c3484bc455c8255ed95ab131efea-Double-Cycle-Filter-Cigarette-Holder-Metal-Hookah-Pipe-Smoking-Set-Gifts-for-Men-Lighters-Accessories-Household.webp\" \/>\n\t<meta property=\"og:image:width\" content=\"800\" \/>\n\t<meta property=\"og:image:height\" content=\"800\" \/>\n\t<meta property=\"og:image:type\" content=\"image\/webp\" \/>\n<meta name=\"twitter:card\" content=\"summary_large_image\" \/>\n<meta name=\"twitter:label1\" content=\"Tiempo de lectura\" \/>\n\t<meta name=\"twitter:data1\" content=\"5 minutos\" \/>\n<script type=\"application\/ld+json\" class=\"yoast-schema-graph\">{\"@context\":\"https:\/\/schema.org\",\"@graph\":[{\"@type\":\"WebPage\",\"@id\":\"https:\/\/global-hookah.com\/product\/metal-hookah-pipe-wholesale\/\",\"url\":\"https:\/\/global-hookah.com\/product\/metal-hookah-pipe-wholesale\/\",\"name\":\"Metal Hookah Pipe Wholesale - Global Hookah\",\"isPartOf\":{\"@id\":\"https:\/\/global-hookah.com\/#website\"},\"primaryImageOfPage\":{\"@id\":\"https:\/\/global-hookah.com\/product\/metal-hookah-pipe-wholesale\/#primaryimage\"},\"image\":{\"@id\":\"https:\/\/global-hookah.com\/product\/metal-hookah-pipe-wholesale\/#primaryimage\"},\"thumbnailUrl\":\"https:\/\/global-hookah.com\/wp-content\/uploads\/2024\/04\/kf-S65a63c3484bc455c8255ed95ab131efea-Double-Cycle-Filter-Cigarette-Holder-Metal-Hookah-Pipe-Smoking-Set-Gifts-for-Men-Lighters-Accessories-Household.webp\",\"datePublished\":\"2024-04-25T06:29:18+00:00\",\"dateModified\":\"2024-04-25T12:04:08+00:00\",\"breadcrumb\":{\"@id\":\"https:\/\/global-hookah.com\/product\/metal-hookah-pipe-wholesale\/#breadcrumb\"},\"inLanguage\":\"es\",\"potentialAction\":[{\"@type\":\"ReadAction\",\"target\":[\"https:\/\/global-hookah.com\/product\/metal-hookah-pipe-wholesale\/\"]}]},{\"@type\":\"ImageObject\",\"inLanguage\":\"es\",\"@id\":\"https:\/\/global-hookah.com\/product\/metal-hookah-pipe-wholesale\/#primaryimage\",\"url\":\"https:\/\/global-hookah.com\/wp-content\/uploads\/2024\/04\/kf-S65a63c3484bc455c8255ed95ab131efea-Double-Cycle-Filter-Cigarette-Holder-Metal-Hookah-Pipe-Smoking-Set-Gifts-for-Men-Lighters-Accessories-Household.webp\",\"contentUrl\":\"https:\/\/global-hookah.com\/wp-content\/uploads\/2024\/04\/kf-S65a63c3484bc455c8255ed95ab131efea-Double-Cycle-Filter-Cigarette-Holder-Metal-Hookah-Pipe-Smoking-Set-Gifts-for-Men-Lighters-Accessories-Household.webp\",\"width\":800,\"height\":800},{\"@type\":\"BreadcrumbList\",\"@id\":\"https:\/\/global-hookah.com\/product\/metal-hookah-pipe-wholesale\/#breadcrumb\",\"itemListElement\":[{\"@type\":\"ListItem\",\"position\":1,\"name\":\"Home\",\"item\":\"https:\/\/global-hookah.com\/\"},{\"@type\":\"ListItem\",\"position\":2,\"name\":\"Shop\",\"item\":\"https:\/\/global-hookah.com\/shop\/\"},{\"@type\":\"ListItem\",\"position\":3,\"name\":\"Metal Hookah Pipe Wholesale\"}]},{\"@type\":\"WebSite\",\"@id\":\"https:\/\/global-hookah.com\/#website\",\"url\":\"https:\/\/global-hookah.com\/\",\"name\":\"Global Hookah\",\"description\":\"Global Hookah\",\"publisher\":{\"@id\":\"https:\/\/global-hookah.com\/#organization\"},\"potentialAction\":[{\"@type\":\"SearchAction\",\"target\":{\"@type\":\"EntryPoint\",\"urlTemplate\":\"https:\/\/global-hookah.com\/?s={search_term_string}\"},\"query-input\":{\"@type\":\"PropertyValueSpecification\",\"valueRequired\":true,\"valueName\":\"search_term_string\"}}],\"inLanguage\":\"es\"},{\"@type\":\"Organization\",\"@id\":\"https:\/\/global-hookah.com\/#organization\",\"name\":\"Global Hookah\",\"url\":\"https:\/\/global-hookah.com\/\",\"logo\":{\"@type\":\"ImageObject\",\"inLanguage\":\"es\",\"@id\":\"https:\/\/global-hookah.com\/#\/schema\/logo\/image\/\",\"url\":\"https:\/\/global-hookah.com\/wp-content\/uploads\/2021\/10\/cropped-fgg.png\",\"contentUrl\":\"https:\/\/global-hookah.com\/wp-content\/uploads\/2021\/10\/cropped-fgg.png\",\"width\":512,\"height\":512,\"caption\":\"Global Hookah\"},\"image\":{\"@id\":\"https:\/\/global-hookah.com\/#\/schema\/logo\/image\/\"}}]}<\/script>\n<!-- \/ Yoast SEO Premium plugin. -->","yoast_head_json":{"title":"Pipa met\u00e1lica para narguile al por mayor - Global Hookah","robots":{"index":"index","follow":"follow","max-snippet":"max-snippet:-1","max-image-preview":"max-image-preview:large","max-video-preview":"max-video-preview:-1"},"canonical":"https:\/\/global-hookah.com\/es\/producto\/metal-hookah-pipe-wholesale\/","og_locale":"es_ES","og_type":"article","og_title":"Metal Hookah Pipe Wholesale","og_description":"I know, as a hookah connoisseur like yourself, you must not want those shoddily made, questionable-quality hookahs, right? Well, our","og_url":"https:\/\/global-hookah.com\/es\/producto\/metal-hookah-pipe-wholesale\/","og_site_name":"Global Hookah","article_modified_time":"2024-04-25T12:04:08+00:00","og_image":[{"width":800,"height":800,"url":"https:\/\/global-hookah.com\/wp-content\/uploads\/2024\/04\/kf-S65a63c3484bc455c8255ed95ab131efea-Double-Cycle-Filter-Cigarette-Holder-Metal-Hookah-Pipe-Smoking-Set-Gifts-for-Men-Lighters-Accessories-Household.webp","type":"image\/webp"}],"twitter_card":"summary_large_image","twitter_misc":{"Tiempo de lectura":"5 minutos"},"schema":{"@context":"https:\/\/schema.org","@graph":[{"@type":"WebPage","@id":"https:\/\/global-hookah.com\/product\/metal-hookah-pipe-wholesale\/","url":"https:\/\/global-hookah.com\/product\/metal-hookah-pipe-wholesale\/","name":"Pipa met\u00e1lica para narguile al por mayor - Global Hookah","isPartOf":{"@id":"https:\/\/global-hookah.com\/#website"},"primaryImageOfPage":{"@id":"https:\/\/global-hookah.com\/product\/metal-hookah-pipe-wholesale\/#primaryimage"},"image":{"@id":"https:\/\/global-hookah.com\/product\/metal-hookah-pipe-wholesale\/#primaryimage"},"thumbnailUrl":"https:\/\/global-hookah.com\/wp-content\/uploads\/2024\/04\/kf-S65a63c3484bc455c8255ed95ab131efea-Double-Cycle-Filter-Cigarette-Holder-Metal-Hookah-Pipe-Smoking-Set-Gifts-for-Men-Lighters-Accessories-Household.webp","datePublished":"2024-04-25T06:29:18+00:00","dateModified":"2024-04-25T12:04:08+00:00","breadcrumb":{"@id":"https:\/\/global-hookah.com\/product\/metal-hookah-pipe-wholesale\/#breadcrumb"},"inLanguage":"es","potentialAction":[{"@type":"ReadAction","target":["https:\/\/global-hookah.com\/product\/metal-hookah-pipe-wholesale\/"]}]},{"@type":"ImageObject","inLanguage":"es","@id":"https:\/\/global-hookah.com\/product\/metal-hookah-pipe-wholesale\/#primaryimage","url":"https:\/\/global-hookah.com\/wp-content\/uploads\/2024\/04\/kf-S65a63c3484bc455c8255ed95ab131efea-Double-Cycle-Filter-Cigarette-Holder-Metal-Hookah-Pipe-Smoking-Set-Gifts-for-Men-Lighters-Accessories-Household.webp","contentUrl":"https:\/\/global-hookah.com\/wp-content\/uploads\/2024\/04\/kf-S65a63c3484bc455c8255ed95ab131efea-Double-Cycle-Filter-Cigarette-Holder-Metal-Hookah-Pipe-Smoking-Set-Gifts-for-Men-Lighters-Accessories-Household.webp","width":800,"height":800},{"@type":"BreadcrumbList","@id":"https:\/\/global-hookah.com\/product\/metal-hookah-pipe-wholesale\/#breadcrumb","itemListElement":[{"@type":"ListItem","position":1,"name":"Home","item":"https:\/\/global-hookah.com\/"},{"@type":"ListItem","position":2,"name":"Shop","item":"https:\/\/global-hookah.com\/shop\/"},{"@type":"ListItem","position":3,"name":"Metal Hookah Pipe Wholesale"}]},{"@type":"WebSite","@id":"https:\/\/global-hookah.com\/#website","url":"https:\/\/global-hookah.com\/","name":"Global Hookah","description":"Global Hookah","publisher":{"@id":"https:\/\/global-hookah.com\/#organization"},"potentialAction":[{"@type":"SearchAction","target":{"@type":"EntryPoint","urlTemplate":"https:\/\/global-hookah.com\/?s={search_term_string}"},"query-input":{"@type":"PropertyValueSpecification","valueRequired":true,"valueName":"search_term_string"}}],"inLanguage":"es"},{"@type":"Organization","@id":"https:\/\/global-hookah.com\/#organization","name":"Global Hookah","url":"https:\/\/global-hookah.com\/","logo":{"@type":"ImageObject","inLanguage":"es","@id":"https:\/\/global-hookah.com\/#\/schema\/logo\/image\/","url":"https:\/\/global-hookah.com\/wp-content\/uploads\/2021\/10\/cropped-fgg.png","contentUrl":"https:\/\/global-hookah.com\/wp-content\/uploads\/2021\/10\/cropped-fgg.png","width":512,"height":512,"caption":"Global Hookah"},"image":{"@id":"https:\/\/global-hookah.com\/#\/schema\/logo\/image\/"}}]}},"_links":{"self":[{"href":"https:\/\/global-hookah.com\/es\/wp-json\/wp\/v2\/product\/21731","targetHints":{"allow":["GET"]}}],"collection":[{"href":"https:\/\/global-hookah.com\/es\/wp-json\/wp\/v2\/product"}],"about":[{"href":"https:\/\/global-hookah.com\/es\/wp-json\/wp\/v2\/types\/product"}],"replies":[{"embeddable":true,"href":"https:\/\/global-hookah.com\/es\/wp-json\/wp\/v2\/comments?post=21731"}],"version-history":[{"count":0,"href":"https:\/\/global-hookah.com\/es\/wp-json\/wp\/v2\/product\/21731\/revisions"}],"wp:featuredmedia":[{"embeddable":true,"href":"https:\/\/global-hookah.com\/es\/wp-json\/wp\/v2\/media\/21732"}],"wp:attachment":[{"href":"https:\/\/global-hookah.com\/es\/wp-json\/wp\/v2\/media?parent=21731"}],"wp:term":[{"taxonomy":"product_brand","embeddable":true,"href":"https:\/\/global-hookah.com\/es\/wp-json\/wp\/v2\/product_brand?post=21731"},{"taxonomy":"product_cat","embeddable":true,"href":"https:\/\/global-hookah.com\/es\/wp-json\/wp\/v2\/product_cat?post=21731"},{"taxonomy":"product_tag","embeddable":true,"href":"https:\/\/global-hookah.com\/es\/wp-json\/wp\/v2\/product_tag?post=21731"}],"curies":[{"name":"wp","href":"https:\/\/api.w.org\/{rel}","templated":true}]}}