{"id":21800,"date":"2024-04-27T01:09:18","date_gmt":"2024-04-27T01:09:18","guid":{"rendered":"https:\/\/global-hookah.com\/product\/arabic-weed-hookah-bongs-wholesale\/"},"modified":"2024-04-27T06:24:00","modified_gmt":"2024-04-27T06:24:00","slug":"arabic-weed-hookah-bongs-wholesale","status":"publish","type":"product","link":"https:\/\/global-hookah.com\/es\/producto\/arabic-weed-hookah-bongs-wholesale\/","title":{"rendered":"Arabic Weed Hookah Bongs al por mayor"},"content":{"rendered":"<div data-elementor-type=\"wp-post\" data-elementor-id=\"21800\" class=\"elementor elementor-21800\">\n\t\t\t\t\t\t<section class=\"elementor-section elementor-top-section elementor-element elementor-element-d9be2d8 elementor-section-boxed elementor-section-height-default elementor-section-height-default\" data-id=\"d9be2d8\" data-element_type=\"section\" data-e-type=\"section\">\n\t\t\t\t\t\t<div class=\"elementor-container elementor-column-gap-default\">\n\t\t\t\t\t<div class=\"elementor-column elementor-col-100 elementor-top-column elementor-element elementor-element-4823b72\" data-id=\"4823b72\" data-element_type=\"column\" data-e-type=\"column\">\n\t\t\t<div class=\"elementor-widget-wrap elementor-element-populated\">\n\t\t\t\t\t\t<div class=\"elementor-element elementor-element-3aece54 elementor-widget elementor-widget-video\" data-id=\"3aece54\" data-element_type=\"widget\" data-e-type=\"widget\" data-settings=\"{&quot;youtube_url&quot;:&quot;https:\\\/\\\/youtu.be\\\/g-BWpghLi3g&quot;,&quot;video_type&quot;:&quot;youtube&quot;,&quot;controls&quot;:&quot;yes&quot;}\" data-widget_type=\"video.default\">\n\t\t\t\t<div class=\"elementor-widget-container\">\n\t\t\t\t\t\t\t<div class=\"elementor-wrapper elementor-open-inline\">\n\t\t\t<div class=\"elementor-video\"><\/div>\t\t<\/div>\n\t\t\t\t\t\t<\/div>\n\t\t\t\t<\/div>\n\t\t\t\t\t<\/div>\n\t\t<\/div>\n\t\t\t\t\t<\/div>\n\t\t<\/section>\n\t\t\t\t<section class=\"elementor-section elementor-top-section elementor-element elementor-element-58e3f1ee elementor-section-boxed elementor-section-height-default elementor-section-height-default\" data-id=\"58e3f1ee\" data-element_type=\"section\" data-e-type=\"section\">\n\t\t\t\t\t\t<div class=\"elementor-container elementor-column-gap-default\">\n\t\t\t\t\t<div class=\"elementor-column elementor-col-100 elementor-top-column elementor-element elementor-element-a2e9aa3\" data-id=\"a2e9aa3\" data-element_type=\"column\" data-e-type=\"column\">\n\t\t\t<div class=\"elementor-widget-wrap elementor-element-populated\">\n\t\t\t\t\t\t<div class=\"elementor-element elementor-element-2ed8dd87 color-scheme-inherit text-left elementor-widget elementor-widget-text-editor\" data-id=\"2ed8dd87\" data-element_type=\"widget\" data-e-type=\"widget\" data-widget_type=\"text-editor.default\">\n\t\t\t\t<div class=\"elementor-widget-container\">\n\t\t\t\t\t\t\t\t\t<div class=\"product-specs-list-container\"><p>\u00bfQui\u00e9n m\u00e1s disfruta de la diversi\u00f3n del narguile tanto como yo? A mis ojos, no hay nada mejor que disfrutar de una deliciosa shisha en un <strong>Beautifully Weed Hookah Bongs<\/strong>. Pero encontrar el narguile perfecto puede ser complicado. Es por eso que estoy tan emocionado de presentarles nuestra nueva l\u00ednea de <a href=\"https:\/\/global-hookah.com\/product\/double-tubes-arabian-water-shisha-wholesale\/\">Agua \u00e1rabe<\/a> cachimbas<\/p><p>Para los narguiles, creo que el mejor material deber\u00eda ser el vidrio, por lo que utilizamos vidrio importado de Jap\u00f3n para fabricarlos. <strong>Weed Hookah Bongs<\/strong>. Esta pipa Weed Hookah tiene una base de cristal muy ancha, que es perfecta cuando la usamos. Soportando toda la pipa Weed hookah, Adem\u00e1s, el fondo de cristal transparente permite una buena visi\u00f3n del nivel del agua, mejorando la est\u00e9tica general de la pipa.<\/p><p>Especialmente cuando usas estos <strong>Weed Hookah Bongs<\/strong>se puede sentir el humo en el interior se vuelven m\u00e1s ricos a medida que pasa a trav\u00e9s del filtro en el narguile<\/p><\/div><p style=\"font-family: 'open sans', roboto, arial, helvetica, sans-serif, simsun; font-size: 14px; font-weight: 400; letter-spacing: normal; line-height: inherit; text-align: start; white-space: normal; color: #222222; background-color: #ffffff; border: 0px; margin: 0px; padding: 0px; box-sizing: border-box;\" align=\"start\"><img decoding=\"async\" src=\"https:\/\/ae01.alicdn.com\/kf\/Sd7c348a2d49f4159bfdbb8bb18aa54c0q.jpg\" \/><img decoding=\"async\" src=\"https:\/\/ae01.alicdn.com\/kf\/Sd7990119bb2b4e37905eb1dff63f1547W.jpg\" \/><img decoding=\"async\" src=\"https:\/\/ae01.alicdn.com\/kf\/S92396e4eb08c436e805d18e4dc17c1151.jpg\" \/><img decoding=\"async\" src=\"https:\/\/ae01.alicdn.com\/kf\/S0f330b93a78f41b7b20ff7c5e638e955K.jpg\" \/><img decoding=\"async\" src=\"https:\/\/ae01.alicdn.com\/kf\/S007c04ed574043adb1ce3c27825f7bb14.jpg\" \/><img decoding=\"async\" src=\"https:\/\/ae01.alicdn.com\/kf\/S1af3819168fc4d9c850c2d93cbca8c45k.jpg\" \/><img decoding=\"async\" src=\"https:\/\/ae01.alicdn.com\/kf\/Sad44bae73f074c668a6f877a1791d4e9s.jpg\" \/><\/p>\t\t\t\t\t\t\t\t<\/div>\n\t\t\t\t<\/div>\n\t\t\t\t\t<\/div>\n\t\t<\/div>\n\t\t\t\t\t<\/div>\n\t\t<\/section>\n\t\t\t\t<\/div>","protected":false},"excerpt":{"rendered":"<p>\u00bfQui\u00e9n m\u00e1s disfruta de la diversi\u00f3n del narguile tanto como yo? A mis ojos, no hay nada mejor que<\/p>","protected":false},"featured_media":21801,"comment_status":"closed","ping_status":"closed","template":"","meta":{"iawp_total_views":7,"_joinchat":[]},"product_brand":[],"product_cat":[560,535],"product_tag":[],"class_list":{"0":"post-21800","1":"product","2":"type-product","3":"status-publish","4":"has-post-thumbnail","6":"product_cat-glass-hookah-wholesale","7":"product_cat-wholesale-glass-bong","9":"first","10":"instock","11":"shipping-taxable","12":"product-type-external"},"yoast_head":"<!-- This site is optimized with the Yoast SEO Premium plugin v24.7 (Yoast SEO v26.8) - https:\/\/yoast.com\/product\/yoast-seo-premium-wordpress\/ -->\n<title>Arabic Weed Hookah Bongs Wholesale - Global Hookah<\/title>\n<meta name=\"robots\" content=\"index, follow, max-snippet:-1, max-image-preview:large, max-video-preview:-1\" \/>\n<link rel=\"canonical\" href=\"https:\/\/global-hookah.com\/es\/producto\/arabic-weed-hookah-bongs-wholesale\/\" \/>\n<meta property=\"og:locale\" content=\"es_ES\" \/>\n<meta property=\"og:type\" content=\"article\" \/>\n<meta property=\"og:title\" content=\"Arabic Weed Hookah Bongs Wholesale\" \/>\n<meta property=\"og:description\" content=\"Who else enjoys the fun of hookah as much as I do? In my eyes, there is nothing better than\" \/>\n<meta property=\"og:url\" content=\"https:\/\/global-hookah.com\/es\/producto\/arabic-weed-hookah-bongs-wholesale\/\" \/>\n<meta property=\"og:site_name\" content=\"Global Hookah\" \/>\n<meta property=\"article:modified_time\" content=\"2024-04-27T06:24:00+00:00\" \/>\n<meta property=\"og:image\" content=\"https:\/\/global-hookah.com\/wp-content\/uploads\/2024\/04\/kf-Sad44bae73f074c668a6f877a1791d4e9s-Arabic-Glass-Hookah-Shisha-Whole-Set-Shisha-Hookah-Pipe-Accessories-Hookah-Shisha-For-Bar-Hookah-High.webp\" \/>\n\t<meta property=\"og:image:width\" content=\"1000\" \/>\n\t<meta property=\"og:image:height\" content=\"1000\" \/>\n\t<meta property=\"og:image:type\" content=\"image\/webp\" \/>\n<meta name=\"twitter:card\" content=\"summary_large_image\" \/>\n<meta name=\"twitter:label1\" content=\"Tiempo de lectura\" \/>\n\t<meta name=\"twitter:data1\" content=\"3 minutos\" \/>\n<script type=\"application\/ld+json\" class=\"yoast-schema-graph\">{\"@context\":\"https:\/\/schema.org\",\"@graph\":[{\"@type\":\"WebPage\",\"@id\":\"https:\/\/global-hookah.com\/product\/arabic-weed-hookah-bongs-wholesale\/\",\"url\":\"https:\/\/global-hookah.com\/product\/arabic-weed-hookah-bongs-wholesale\/\",\"name\":\"Arabic Weed Hookah Bongs Wholesale - Global Hookah\",\"isPartOf\":{\"@id\":\"https:\/\/global-hookah.com\/#website\"},\"primaryImageOfPage\":{\"@id\":\"https:\/\/global-hookah.com\/product\/arabic-weed-hookah-bongs-wholesale\/#primaryimage\"},\"image\":{\"@id\":\"https:\/\/global-hookah.com\/product\/arabic-weed-hookah-bongs-wholesale\/#primaryimage\"},\"thumbnailUrl\":\"https:\/\/global-hookah.com\/wp-content\/uploads\/2024\/04\/kf-Sad44bae73f074c668a6f877a1791d4e9s-Arabic-Glass-Hookah-Shisha-Whole-Set-Shisha-Hookah-Pipe-Accessories-Hookah-Shisha-For-Bar-Hookah-High.webp\",\"datePublished\":\"2024-04-27T01:09:18+00:00\",\"dateModified\":\"2024-04-27T06:24:00+00:00\",\"breadcrumb\":{\"@id\":\"https:\/\/global-hookah.com\/product\/arabic-weed-hookah-bongs-wholesale\/#breadcrumb\"},\"inLanguage\":\"es\",\"potentialAction\":[{\"@type\":\"ReadAction\",\"target\":[\"https:\/\/global-hookah.com\/product\/arabic-weed-hookah-bongs-wholesale\/\"]}]},{\"@type\":\"ImageObject\",\"inLanguage\":\"es\",\"@id\":\"https:\/\/global-hookah.com\/product\/arabic-weed-hookah-bongs-wholesale\/#primaryimage\",\"url\":\"https:\/\/global-hookah.com\/wp-content\/uploads\/2024\/04\/kf-Sad44bae73f074c668a6f877a1791d4e9s-Arabic-Glass-Hookah-Shisha-Whole-Set-Shisha-Hookah-Pipe-Accessories-Hookah-Shisha-For-Bar-Hookah-High.webp\",\"contentUrl\":\"https:\/\/global-hookah.com\/wp-content\/uploads\/2024\/04\/kf-Sad44bae73f074c668a6f877a1791d4e9s-Arabic-Glass-Hookah-Shisha-Whole-Set-Shisha-Hookah-Pipe-Accessories-Hookah-Shisha-For-Bar-Hookah-High.webp\",\"width\":1000,\"height\":1000,\"caption\":\"Arabic Weed Hookah Bongs Wholesale\"},{\"@type\":\"BreadcrumbList\",\"@id\":\"https:\/\/global-hookah.com\/product\/arabic-weed-hookah-bongs-wholesale\/#breadcrumb\",\"itemListElement\":[{\"@type\":\"ListItem\",\"position\":1,\"name\":\"Home\",\"item\":\"https:\/\/global-hookah.com\/\"},{\"@type\":\"ListItem\",\"position\":2,\"name\":\"Shop\",\"item\":\"https:\/\/global-hookah.com\/shop\/\"},{\"@type\":\"ListItem\",\"position\":3,\"name\":\"Arabic Weed Hookah Bongs Wholesale\"}]},{\"@type\":\"WebSite\",\"@id\":\"https:\/\/global-hookah.com\/#website\",\"url\":\"https:\/\/global-hookah.com\/\",\"name\":\"Global Hookah\",\"description\":\"Global Hookah\",\"publisher\":{\"@id\":\"https:\/\/global-hookah.com\/#organization\"},\"potentialAction\":[{\"@type\":\"SearchAction\",\"target\":{\"@type\":\"EntryPoint\",\"urlTemplate\":\"https:\/\/global-hookah.com\/?s={search_term_string}\"},\"query-input\":{\"@type\":\"PropertyValueSpecification\",\"valueRequired\":true,\"valueName\":\"search_term_string\"}}],\"inLanguage\":\"es\"},{\"@type\":\"Organization\",\"@id\":\"https:\/\/global-hookah.com\/#organization\",\"name\":\"Global Hookah\",\"url\":\"https:\/\/global-hookah.com\/\",\"logo\":{\"@type\":\"ImageObject\",\"inLanguage\":\"es\",\"@id\":\"https:\/\/global-hookah.com\/#\/schema\/logo\/image\/\",\"url\":\"https:\/\/global-hookah.com\/wp-content\/uploads\/2021\/10\/cropped-fgg.png\",\"contentUrl\":\"https:\/\/global-hookah.com\/wp-content\/uploads\/2021\/10\/cropped-fgg.png\",\"width\":512,\"height\":512,\"caption\":\"Global Hookah\"},\"image\":{\"@id\":\"https:\/\/global-hookah.com\/#\/schema\/logo\/image\/\"}}]}<\/script>\n<!-- \/ Yoast SEO Premium plugin. -->","yoast_head_json":{"title":"Arabic Weed Hookah Bongs al por mayor - Global Hookah","robots":{"index":"index","follow":"follow","max-snippet":"max-snippet:-1","max-image-preview":"max-image-preview:large","max-video-preview":"max-video-preview:-1"},"canonical":"https:\/\/global-hookah.com\/es\/producto\/arabic-weed-hookah-bongs-wholesale\/","og_locale":"es_ES","og_type":"article","og_title":"Arabic Weed Hookah Bongs Wholesale","og_description":"Who else enjoys the fun of hookah as much as I do? In my eyes, there is nothing better than","og_url":"https:\/\/global-hookah.com\/es\/producto\/arabic-weed-hookah-bongs-wholesale\/","og_site_name":"Global Hookah","article_modified_time":"2024-04-27T06:24:00+00:00","og_image":[{"width":1000,"height":1000,"url":"https:\/\/global-hookah.com\/wp-content\/uploads\/2024\/04\/kf-Sad44bae73f074c668a6f877a1791d4e9s-Arabic-Glass-Hookah-Shisha-Whole-Set-Shisha-Hookah-Pipe-Accessories-Hookah-Shisha-For-Bar-Hookah-High.webp","type":"image\/webp"}],"twitter_card":"summary_large_image","twitter_misc":{"Tiempo de lectura":"3 minutos"},"schema":{"@context":"https:\/\/schema.org","@graph":[{"@type":"WebPage","@id":"https:\/\/global-hookah.com\/product\/arabic-weed-hookah-bongs-wholesale\/","url":"https:\/\/global-hookah.com\/product\/arabic-weed-hookah-bongs-wholesale\/","name":"Arabic Weed Hookah Bongs al por mayor - Global Hookah","isPartOf":{"@id":"https:\/\/global-hookah.com\/#website"},"primaryImageOfPage":{"@id":"https:\/\/global-hookah.com\/product\/arabic-weed-hookah-bongs-wholesale\/#primaryimage"},"image":{"@id":"https:\/\/global-hookah.com\/product\/arabic-weed-hookah-bongs-wholesale\/#primaryimage"},"thumbnailUrl":"https:\/\/global-hookah.com\/wp-content\/uploads\/2024\/04\/kf-Sad44bae73f074c668a6f877a1791d4e9s-Arabic-Glass-Hookah-Shisha-Whole-Set-Shisha-Hookah-Pipe-Accessories-Hookah-Shisha-For-Bar-Hookah-High.webp","datePublished":"2024-04-27T01:09:18+00:00","dateModified":"2024-04-27T06:24:00+00:00","breadcrumb":{"@id":"https:\/\/global-hookah.com\/product\/arabic-weed-hookah-bongs-wholesale\/#breadcrumb"},"inLanguage":"es","potentialAction":[{"@type":"ReadAction","target":["https:\/\/global-hookah.com\/product\/arabic-weed-hookah-bongs-wholesale\/"]}]},{"@type":"ImageObject","inLanguage":"es","@id":"https:\/\/global-hookah.com\/product\/arabic-weed-hookah-bongs-wholesale\/#primaryimage","url":"https:\/\/global-hookah.com\/wp-content\/uploads\/2024\/04\/kf-Sad44bae73f074c668a6f877a1791d4e9s-Arabic-Glass-Hookah-Shisha-Whole-Set-Shisha-Hookah-Pipe-Accessories-Hookah-Shisha-For-Bar-Hookah-High.webp","contentUrl":"https:\/\/global-hookah.com\/wp-content\/uploads\/2024\/04\/kf-Sad44bae73f074c668a6f877a1791d4e9s-Arabic-Glass-Hookah-Shisha-Whole-Set-Shisha-Hookah-Pipe-Accessories-Hookah-Shisha-For-Bar-Hookah-High.webp","width":1000,"height":1000,"caption":"Arabic Weed Hookah Bongs Wholesale"},{"@type":"BreadcrumbList","@id":"https:\/\/global-hookah.com\/product\/arabic-weed-hookah-bongs-wholesale\/#breadcrumb","itemListElement":[{"@type":"ListItem","position":1,"name":"Home","item":"https:\/\/global-hookah.com\/"},{"@type":"ListItem","position":2,"name":"Shop","item":"https:\/\/global-hookah.com\/shop\/"},{"@type":"ListItem","position":3,"name":"Arabic Weed Hookah Bongs Wholesale"}]},{"@type":"WebSite","@id":"https:\/\/global-hookah.com\/#website","url":"https:\/\/global-hookah.com\/","name":"Global Hookah","description":"Global Hookah","publisher":{"@id":"https:\/\/global-hookah.com\/#organization"},"potentialAction":[{"@type":"SearchAction","target":{"@type":"EntryPoint","urlTemplate":"https:\/\/global-hookah.com\/?s={search_term_string}"},"query-input":{"@type":"PropertyValueSpecification","valueRequired":true,"valueName":"search_term_string"}}],"inLanguage":"es"},{"@type":"Organization","@id":"https:\/\/global-hookah.com\/#organization","name":"Global Hookah","url":"https:\/\/global-hookah.com\/","logo":{"@type":"ImageObject","inLanguage":"es","@id":"https:\/\/global-hookah.com\/#\/schema\/logo\/image\/","url":"https:\/\/global-hookah.com\/wp-content\/uploads\/2021\/10\/cropped-fgg.png","contentUrl":"https:\/\/global-hookah.com\/wp-content\/uploads\/2021\/10\/cropped-fgg.png","width":512,"height":512,"caption":"Global Hookah"},"image":{"@id":"https:\/\/global-hookah.com\/#\/schema\/logo\/image\/"}}]}},"_links":{"self":[{"href":"https:\/\/global-hookah.com\/es\/wp-json\/wp\/v2\/product\/21800","targetHints":{"allow":["GET"]}}],"collection":[{"href":"https:\/\/global-hookah.com\/es\/wp-json\/wp\/v2\/product"}],"about":[{"href":"https:\/\/global-hookah.com\/es\/wp-json\/wp\/v2\/types\/product"}],"replies":[{"embeddable":true,"href":"https:\/\/global-hookah.com\/es\/wp-json\/wp\/v2\/comments?post=21800"}],"version-history":[{"count":0,"href":"https:\/\/global-hookah.com\/es\/wp-json\/wp\/v2\/product\/21800\/revisions"}],"wp:featuredmedia":[{"embeddable":true,"href":"https:\/\/global-hookah.com\/es\/wp-json\/wp\/v2\/media\/21801"}],"wp:attachment":[{"href":"https:\/\/global-hookah.com\/es\/wp-json\/wp\/v2\/media?parent=21800"}],"wp:term":[{"taxonomy":"product_brand","embeddable":true,"href":"https:\/\/global-hookah.com\/es\/wp-json\/wp\/v2\/product_brand?post=21800"},{"taxonomy":"product_cat","embeddable":true,"href":"https:\/\/global-hookah.com\/es\/wp-json\/wp\/v2\/product_cat?post=21800"},{"taxonomy":"product_tag","embeddable":true,"href":"https:\/\/global-hookah.com\/es\/wp-json\/wp\/v2\/product_tag?post=21800"}],"curies":[{"name":"wp","href":"https:\/\/api.w.org\/{rel}","templated":true}]}}