{"id":21809,"date":"2024-04-27T01:10:31","date_gmt":"2024-04-27T01:10:31","guid":{"rendered":"https:\/\/global-hookah.com\/product\/mini-weed-hookah-with-three-legged-wholesale\/"},"modified":"2024-04-27T03:43:13","modified_gmt":"2024-04-27T03:43:13","slug":"mini-weed-hookah-with-three-legged-wholesale","status":"publish","type":"product","link":"https:\/\/global-hookah.com\/es\/producto\/mini-weed-hookah-with-three-legged-wholesale\/","title":{"rendered":"Mini Hookah de hierba con tres patas al por mayor"},"content":{"rendered":"<p><iframe title=\"Mini Hookah Con Tres Patas\" width=\"500\" height=\"375\" src=\"https:\/\/www.youtube.com\/embed\/OrBnl7M7ckY?feature=oembed\" frameborder=\"0\" allow=\"accelerometer; autoplay; clipboard-write; encrypted-media; gyroscope; picture-in-picture; web-share\" referrerpolicy=\"strict-origin-when-cross-origin\" allowfullscreen><\/iframe><\/p>\n<p><span data-preserver-spaces=\"true\"><strong>Mini Hookah de hierba<\/strong> adopta un soporte de tres patas de aleaci\u00f3n de aluminio, lo suficientemente estable como para soportar el narguile\u00a0<\/span><span data-preserver-spaces=\"true\">dispositivo,<\/span><span data-preserver-spaces=\"true\">\u00a0y port\u00e1til para llevar. En\u00a0<\/span><span data-preserver-spaces=\"true\">es<\/span><span data-preserver-spaces=\"true\">\u00a0<\/span><span data-preserver-spaces=\"true\">interior<\/span><span data-preserver-spaces=\"true\">\u00a0balc\u00f3n o c\u00e9sped al aire libre, podr\u00e1 montar r\u00e1pidamente su propio espacio para fumar y compartir la alegr\u00eda con los amigos.<\/span><\/p>\n<p><span data-preserver-spaces=\"true\">Este <strong>Mini Hookah de hierba<\/strong> tiene un vaso de cristal de tama\u00f1o medio, y el sistema de filtraci\u00f3n est\u00e1 equipado con componentes alemanes importados, proporcionando un humo purificado incre\u00edblemente suave. Es mini en\u00a0<\/span><span data-preserver-spaces=\"true\">tama\u00f1o,<\/span><span data-preserver-spaces=\"true\">\u00a0pero puede darte la experiencia impactante que merece fumar hierba.<\/span><\/p>\n<p><span data-preserver-spaces=\"true\">Si usted tambi\u00e9n anhela la libertad de disfrutar de la hierba, este mini hookah de tres patas es su mejor opci\u00f3n. Ofrecemos precios justos y razonables<a href=\"https:\/\/global-hookah.com\/product-category\/wholesale-hookah\/\"> venta al por mayor\u00a0<\/a><\/span><span data-preserver-spaces=\"true\">precios,<\/span><span data-preserver-spaces=\"true\">\u00a0\u00a1vale la pena poseerlo!<\/span><\/p>\n<div class=\"detailmodule_html\">\n<div class=\"detail-desc-decorate-richtext\">\n<div>\n<div>\n<div><span style=\"font-size: 16px;\"><span style=\"font-family: 'comic sans ms', cursive;\">Material:Vidrio&amp;Metal&amp;Cer\u00e1mica<\/span><\/span><\/div>\n<div><span style=\"font-size: 16px;\"><span style=\"font-family: 'comic sans ms', cursive;\">Altura total: unos 29 cm (11,41 pulgadas)<\/span><\/span><\/div>\n<div><span style=\"font-size: 16px;\"><span style=\"font-family: 'comic sans ms', cursive;\">Color: Negro\uff0cAzul<\/span><\/span><\/div>\n<div><span style=\"font-size: 16px;\"><span style=\"font-family: 'comic sans ms', cursive;\">Uso:Shisha Hookah Nargile Sheesha Narguile Chicha Cachimbas <a href=\"https:\/\/global-hookah.com\/product\/custom-design-creative-portable-water-pipe-wholesale\/\">Tuber\u00eda de agua<\/a><\/span><\/span><\/div>\n<div><span style=\"font-size: 16px;\"><span style=\"font-family: 'comic sans ms', cursive;\">Lugar adecuado: Casa, bar, club, boda, fiesta, al aire libre, y as\u00ed sucesivamente<\/span><\/span><\/div>\n<div><span style=\"font-size: 16px;\"><span style=\"font-family: 'comic sans ms', cursive;\">Lista de embalaje:<\/span><\/span><\/div>\n<div><span style=\"font-size: 16px;\"><span style=\"font-family: 'comic sans ms', cursive;\">1PCS X <a href=\"https:\/\/global-hookah.com\/product\/2-hoses-glass-hookah-pipe-wholesale\/\">Hookah de cristal<\/a> Base (Incluye los accesorios necesarios como muestra la foto)<\/span><\/span><\/div>\n<div><span style=\"font-size: 16px;\"><span style=\"font-family: 'comic sans ms', cursive;\">1PCS X Manguera de silicona<\/span><\/span><\/div>\n<div><span style=\"font-size: 16px;\"><span style=\"font-family: 'comic sans ms', cursive;\">1PCS X Pinzas de metal para carb\u00f3n vegetal<\/span><\/span><\/div>\n<div><span style=\"font-size: 16px;\"><span style=\"font-family: 'comic sans ms', cursive;\">1PCS X Taz\u00f3n de cer\u00e1mica Hookah<\/span><\/span><\/div>\n<div><span style=\"font-size: 16px;\"><span style=\"font-family: 'comic sans ms', cursive;\">Recordatorio:<\/span><\/span><\/div>\n<div><span style=\"font-size: 16px;\"><span style=\"font-family: 'comic sans ms', cursive;\">1. Dado que los colores se muestran de forma diferente en los distintos ordenadores, el color del art\u00edculo real puede variar ligeramente con respecto a las im\u00e1genes anteriores.<\/span><\/span><\/div>\n<div><span style=\"font-size: 16px;\"><span style=\"font-family: 'comic sans ms', cursive;\">2. Por favor, permita 1-3cm difiere debido a la medici\u00f3n manual.<\/span><\/span><\/div>\n<div><span style=\"font-size: 16px;\"><span style=\"font-family: 'comic sans ms', cursive;\">3. Si el producto est\u00e1 da\u00f1ado durante el env\u00edo, p\u00f3ngase en contacto con nosotros antes de dejar comentarios.<\/span><\/span><\/div>\n<div><span style=\"font-size: 16px;\"><span style=\"font-family: 'comic sans ms', cursive;\">Gracias por su comprensi\u00f3n.<\/span><\/span><\/div>\n<div><span style=\"font-size: 16px;\"><span style=\"font-family: 'comic sans ms', cursive;\">Aviso:<\/span><\/span><\/div>\n<div><span style=\"font-size: 16px;\"><span style=\"font-family: 'comic sans ms', cursive;\">\u00a1Podemos aceptar pedidos OEM! \u00a1Si necesita personalizar, por favor p\u00f3ngase en contacto con nosotros a trav\u00e9s de la carta de la estaci\u00f3n !<\/span><\/span><\/div>\n<\/div>\n<\/div>\n<p><img decoding=\"async\" src=\"https:\/\/ae01.alicdn.com\/kf\/Hc2ec6f6d4d6d463499d4c83a309ce273a.jpg\" \/><img decoding=\"async\" src=\"https:\/\/ae01.alicdn.com\/kf\/He5e33377d4af40f4ab80f09fb1bd5728R.jpg\" \/><img decoding=\"async\" src=\"https:\/\/ae01.alicdn.com\/kf\/H77033e65a47f46e2a09a60355b86bc642.jpg\" \/><img decoding=\"async\" src=\"https:\/\/ae01.alicdn.com\/kf\/H73bbf1af967546b7a2b77b268f957bf7n.jpg\" \/><img decoding=\"async\" src=\"https:\/\/ae01.alicdn.com\/kf\/Hc1b1d179998c4741aecc102de5645665W.jpg\" \/><img decoding=\"async\" src=\"https:\/\/ae01.alicdn.com\/kf\/He92e8a6bce10409996aaf2a53ee65e20S.jpg\" \/><img decoding=\"async\" src=\"https:\/\/ae01.alicdn.com\/kf\/He2a5bc6e971d431da3fbaace6597d6e5b.jpg\" \/><\/p>\n<\/div>\n<\/div>\n<div class=\"detailmodule_dynamic\"><\/div>\n<div class=\"detailmodule_html\">\n<div class=\"detail-desc-decorate-richtext\"><\/div>\n<\/div>\n<p>&nbsp;<\/p>","protected":false},"excerpt":{"rendered":"<p>Mini Weed Hookah adopta un soporte de tres patas de aleaci\u00f3n de aluminio, lo suficientemente estable como para soportar el dispositivo hookah, y port\u00e1til para llevar.<\/p>","protected":false},"featured_media":21810,"comment_status":"closed","ping_status":"closed","template":"","meta":{"iawp_total_views":32,"_joinchat":[]},"product_brand":[],"product_cat":[559],"product_tag":[],"class_list":{"0":"post-21809","1":"product","2":"type-product","3":"status-publish","4":"has-post-thumbnail","6":"product_cat-portable-hookah-wholesale","8":"first","9":"instock","10":"shipping-taxable","11":"product-type-external"},"yoast_head":"<!-- This site is optimized with the Yoast SEO Premium plugin v24.7 (Yoast SEO v26.8) - https:\/\/yoast.com\/product\/yoast-seo-premium-wordpress\/ -->\n<title>Mini Weed Hookah With Three-Legged Wholesale - Global Hookah<\/title>\n<meta name=\"robots\" content=\"index, follow, max-snippet:-1, max-image-preview:large, max-video-preview:-1\" \/>\n<link rel=\"canonical\" href=\"https:\/\/global-hookah.com\/es\/pt\/produto\/mini-narguile-de-maconha-com-tres-pernas-no-atacado\/\" \/>\n<meta property=\"og:locale\" content=\"es_ES\" \/>\n<meta property=\"og:type\" content=\"article\" \/>\n<meta property=\"og:title\" content=\"Mini Weed Hookah With Three-Legged Wholesale\" \/>\n<meta property=\"og:description\" content=\"Mini Weed Hookah adopts a three-legged stand made of aluminum alloy, stable enough to support the hookah\u00a0device,\u00a0and portable for carrying.\" \/>\n<meta property=\"og:url\" content=\"https:\/\/global-hookah.com\/es\/pt\/produto\/mini-narguile-de-maconha-com-tres-pernas-no-atacado\/\" \/>\n<meta property=\"og:site_name\" content=\"Global Hookah\" \/>\n<meta property=\"article:modified_time\" content=\"2024-04-27T03:43:13+00:00\" \/>\n<meta property=\"og:image\" content=\"https:\/\/global-hookah.com\/wp-content\/uploads\/2024\/04\/kf-Hd63a442b20ec41f1a27b2d2d8485d6f84-Mini-Shisha-Hookah-with-Three-legged-Nargile-Sheesha-Chicha-Water-Pipe-Cachimbas-Shisha-Hookah-Accessories.webp\" \/>\n\t<meta property=\"og:image:width\" content=\"1000\" \/>\n\t<meta property=\"og:image:height\" content=\"1000\" \/>\n\t<meta property=\"og:image:type\" content=\"image\/webp\" \/>\n<meta name=\"twitter:card\" content=\"summary_large_image\" \/>\n<meta name=\"twitter:label1\" content=\"Tiempo de lectura\" \/>\n\t<meta name=\"twitter:data1\" content=\"3 minutos\" \/>\n<script type=\"application\/ld+json\" class=\"yoast-schema-graph\">{\"@context\":\"https:\/\/schema.org\",\"@graph\":[{\"@type\":\"WebPage\",\"@id\":\"https:\/\/global-hookah.com\/pt\/produto\/mini-narguile-de-maconha-com-tres-pernas-no-atacado\/\",\"url\":\"https:\/\/global-hookah.com\/pt\/produto\/mini-narguile-de-maconha-com-tres-pernas-no-atacado\/\",\"name\":\"Mini Weed Hookah With Three-Legged Wholesale - Global Hookah\",\"isPartOf\":{\"@id\":\"https:\/\/global-hookah.com\/#website\"},\"primaryImageOfPage\":{\"@id\":\"https:\/\/global-hookah.com\/pt\/produto\/mini-narguile-de-maconha-com-tres-pernas-no-atacado\/#primaryimage\"},\"image\":{\"@id\":\"https:\/\/global-hookah.com\/pt\/produto\/mini-narguile-de-maconha-com-tres-pernas-no-atacado\/#primaryimage\"},\"thumbnailUrl\":\"https:\/\/global-hookah.com\/wp-content\/uploads\/2024\/04\/kf-Hd63a442b20ec41f1a27b2d2d8485d6f84-Mini-Shisha-Hookah-with-Three-legged-Nargile-Sheesha-Chicha-Water-Pipe-Cachimbas-Shisha-Hookah-Accessories.webp\",\"datePublished\":\"2024-04-27T01:10:31+00:00\",\"dateModified\":\"2024-04-27T03:43:13+00:00\",\"breadcrumb\":{\"@id\":\"https:\/\/global-hookah.com\/pt\/produto\/mini-narguile-de-maconha-com-tres-pernas-no-atacado\/#breadcrumb\"},\"inLanguage\":\"es\",\"potentialAction\":[{\"@type\":\"ReadAction\",\"target\":[\"https:\/\/global-hookah.com\/pt\/produto\/mini-narguile-de-maconha-com-tres-pernas-no-atacado\/\"]}]},{\"@type\":\"ImageObject\",\"inLanguage\":\"es\",\"@id\":\"https:\/\/global-hookah.com\/pt\/produto\/mini-narguile-de-maconha-com-tres-pernas-no-atacado\/#primaryimage\",\"url\":\"https:\/\/global-hookah.com\/wp-content\/uploads\/2024\/04\/kf-Hd63a442b20ec41f1a27b2d2d8485d6f84-Mini-Shisha-Hookah-with-Three-legged-Nargile-Sheesha-Chicha-Water-Pipe-Cachimbas-Shisha-Hookah-Accessories.webp\",\"contentUrl\":\"https:\/\/global-hookah.com\/wp-content\/uploads\/2024\/04\/kf-Hd63a442b20ec41f1a27b2d2d8485d6f84-Mini-Shisha-Hookah-with-Three-legged-Nargile-Sheesha-Chicha-Water-Pipe-Cachimbas-Shisha-Hookah-Accessories.webp\",\"width\":1000,\"height\":1000,\"caption\":\"Mini Weed Hookah With Three-Legged Wholesale\"},{\"@type\":\"BreadcrumbList\",\"@id\":\"https:\/\/global-hookah.com\/pt\/produto\/mini-narguile-de-maconha-com-tres-pernas-no-atacado\/#breadcrumb\",\"itemListElement\":[{\"@type\":\"ListItem\",\"position\":1,\"name\":\"Home\",\"item\":\"https:\/\/global-hookah.com\/\"},{\"@type\":\"ListItem\",\"position\":2,\"name\":\"Shop\",\"item\":\"https:\/\/global-hookah.com\/shop\/\"},{\"@type\":\"ListItem\",\"position\":3,\"name\":\"Mini Weed Hookah With Three-Legged Wholesale\"}]},{\"@type\":\"WebSite\",\"@id\":\"https:\/\/global-hookah.com\/#website\",\"url\":\"https:\/\/global-hookah.com\/\",\"name\":\"Global Hookah\",\"description\":\"Global Hookah\",\"publisher\":{\"@id\":\"https:\/\/global-hookah.com\/#organization\"},\"potentialAction\":[{\"@type\":\"SearchAction\",\"target\":{\"@type\":\"EntryPoint\",\"urlTemplate\":\"https:\/\/global-hookah.com\/?s={search_term_string}\"},\"query-input\":{\"@type\":\"PropertyValueSpecification\",\"valueRequired\":true,\"valueName\":\"search_term_string\"}}],\"inLanguage\":\"es\"},{\"@type\":\"Organization\",\"@id\":\"https:\/\/global-hookah.com\/#organization\",\"name\":\"Global Hookah\",\"url\":\"https:\/\/global-hookah.com\/\",\"logo\":{\"@type\":\"ImageObject\",\"inLanguage\":\"es\",\"@id\":\"https:\/\/global-hookah.com\/#\/schema\/logo\/image\/\",\"url\":\"https:\/\/global-hookah.com\/wp-content\/uploads\/2021\/10\/cropped-fgg.png\",\"contentUrl\":\"https:\/\/global-hookah.com\/wp-content\/uploads\/2021\/10\/cropped-fgg.png\",\"width\":512,\"height\":512,\"caption\":\"Global Hookah\"},\"image\":{\"@id\":\"https:\/\/global-hookah.com\/#\/schema\/logo\/image\/\"}}]}<\/script>\n<!-- \/ Yoast SEO Premium plugin. -->","yoast_head_json":{"title":"Mini Weed Hookah Con Tres Patas al por mayor - Global Hookah","robots":{"index":"index","follow":"follow","max-snippet":"max-snippet:-1","max-image-preview":"max-image-preview:large","max-video-preview":"max-video-preview:-1"},"canonical":"https:\/\/global-hookah.com\/es\/pt\/produto\/mini-narguile-de-maconha-com-tres-pernas-no-atacado\/","og_locale":"es_ES","og_type":"article","og_title":"Mini Weed Hookah With Three-Legged Wholesale","og_description":"Mini Weed Hookah adopts a three-legged stand made of aluminum alloy, stable enough to support the hookah\u00a0device,\u00a0and portable for carrying.","og_url":"https:\/\/global-hookah.com\/es\/pt\/produto\/mini-narguile-de-maconha-com-tres-pernas-no-atacado\/","og_site_name":"Global Hookah","article_modified_time":"2024-04-27T03:43:13+00:00","og_image":[{"width":1000,"height":1000,"url":"https:\/\/global-hookah.com\/wp-content\/uploads\/2024\/04\/kf-Hd63a442b20ec41f1a27b2d2d8485d6f84-Mini-Shisha-Hookah-with-Three-legged-Nargile-Sheesha-Chicha-Water-Pipe-Cachimbas-Shisha-Hookah-Accessories.webp","type":"image\/webp"}],"twitter_card":"summary_large_image","twitter_misc":{"Tiempo de lectura":"3 minutos"},"schema":{"@context":"https:\/\/schema.org","@graph":[{"@type":"WebPage","@id":"https:\/\/global-hookah.com\/pt\/produto\/mini-narguile-de-maconha-com-tres-pernas-no-atacado\/","url":"https:\/\/global-hookah.com\/pt\/produto\/mini-narguile-de-maconha-com-tres-pernas-no-atacado\/","name":"Mini Weed Hookah Con Tres Patas al por mayor - Global Hookah","isPartOf":{"@id":"https:\/\/global-hookah.com\/#website"},"primaryImageOfPage":{"@id":"https:\/\/global-hookah.com\/pt\/produto\/mini-narguile-de-maconha-com-tres-pernas-no-atacado\/#primaryimage"},"image":{"@id":"https:\/\/global-hookah.com\/pt\/produto\/mini-narguile-de-maconha-com-tres-pernas-no-atacado\/#primaryimage"},"thumbnailUrl":"https:\/\/global-hookah.com\/wp-content\/uploads\/2024\/04\/kf-Hd63a442b20ec41f1a27b2d2d8485d6f84-Mini-Shisha-Hookah-with-Three-legged-Nargile-Sheesha-Chicha-Water-Pipe-Cachimbas-Shisha-Hookah-Accessories.webp","datePublished":"2024-04-27T01:10:31+00:00","dateModified":"2024-04-27T03:43:13+00:00","breadcrumb":{"@id":"https:\/\/global-hookah.com\/pt\/produto\/mini-narguile-de-maconha-com-tres-pernas-no-atacado\/#breadcrumb"},"inLanguage":"es","potentialAction":[{"@type":"ReadAction","target":["https:\/\/global-hookah.com\/pt\/produto\/mini-narguile-de-maconha-com-tres-pernas-no-atacado\/"]}]},{"@type":"ImageObject","inLanguage":"es","@id":"https:\/\/global-hookah.com\/pt\/produto\/mini-narguile-de-maconha-com-tres-pernas-no-atacado\/#primaryimage","url":"https:\/\/global-hookah.com\/wp-content\/uploads\/2024\/04\/kf-Hd63a442b20ec41f1a27b2d2d8485d6f84-Mini-Shisha-Hookah-with-Three-legged-Nargile-Sheesha-Chicha-Water-Pipe-Cachimbas-Shisha-Hookah-Accessories.webp","contentUrl":"https:\/\/global-hookah.com\/wp-content\/uploads\/2024\/04\/kf-Hd63a442b20ec41f1a27b2d2d8485d6f84-Mini-Shisha-Hookah-with-Three-legged-Nargile-Sheesha-Chicha-Water-Pipe-Cachimbas-Shisha-Hookah-Accessories.webp","width":1000,"height":1000,"caption":"Mini Weed Hookah With Three-Legged Wholesale"},{"@type":"BreadcrumbList","@id":"https:\/\/global-hookah.com\/pt\/produto\/mini-narguile-de-maconha-com-tres-pernas-no-atacado\/#breadcrumb","itemListElement":[{"@type":"ListItem","position":1,"name":"Home","item":"https:\/\/global-hookah.com\/"},{"@type":"ListItem","position":2,"name":"Shop","item":"https:\/\/global-hookah.com\/shop\/"},{"@type":"ListItem","position":3,"name":"Mini Weed Hookah With Three-Legged Wholesale"}]},{"@type":"WebSite","@id":"https:\/\/global-hookah.com\/#website","url":"https:\/\/global-hookah.com\/","name":"Global Hookah","description":"Global Hookah","publisher":{"@id":"https:\/\/global-hookah.com\/#organization"},"potentialAction":[{"@type":"SearchAction","target":{"@type":"EntryPoint","urlTemplate":"https:\/\/global-hookah.com\/?s={search_term_string}"},"query-input":{"@type":"PropertyValueSpecification","valueRequired":true,"valueName":"search_term_string"}}],"inLanguage":"es"},{"@type":"Organization","@id":"https:\/\/global-hookah.com\/#organization","name":"Global Hookah","url":"https:\/\/global-hookah.com\/","logo":{"@type":"ImageObject","inLanguage":"es","@id":"https:\/\/global-hookah.com\/#\/schema\/logo\/image\/","url":"https:\/\/global-hookah.com\/wp-content\/uploads\/2021\/10\/cropped-fgg.png","contentUrl":"https:\/\/global-hookah.com\/wp-content\/uploads\/2021\/10\/cropped-fgg.png","width":512,"height":512,"caption":"Global Hookah"},"image":{"@id":"https:\/\/global-hookah.com\/#\/schema\/logo\/image\/"}}]}},"_links":{"self":[{"href":"https:\/\/global-hookah.com\/es\/wp-json\/wp\/v2\/product\/21809","targetHints":{"allow":["GET"]}}],"collection":[{"href":"https:\/\/global-hookah.com\/es\/wp-json\/wp\/v2\/product"}],"about":[{"href":"https:\/\/global-hookah.com\/es\/wp-json\/wp\/v2\/types\/product"}],"replies":[{"embeddable":true,"href":"https:\/\/global-hookah.com\/es\/wp-json\/wp\/v2\/comments?post=21809"}],"version-history":[{"count":0,"href":"https:\/\/global-hookah.com\/es\/wp-json\/wp\/v2\/product\/21809\/revisions"}],"wp:featuredmedia":[{"embeddable":true,"href":"https:\/\/global-hookah.com\/es\/wp-json\/wp\/v2\/media\/21810"}],"wp:attachment":[{"href":"https:\/\/global-hookah.com\/es\/wp-json\/wp\/v2\/media?parent=21809"}],"wp:term":[{"taxonomy":"product_brand","embeddable":true,"href":"https:\/\/global-hookah.com\/es\/wp-json\/wp\/v2\/product_brand?post=21809"},{"taxonomy":"product_cat","embeddable":true,"href":"https:\/\/global-hookah.com\/es\/wp-json\/wp\/v2\/product_cat?post=21809"},{"taxonomy":"product_tag","embeddable":true,"href":"https:\/\/global-hookah.com\/es\/wp-json\/wp\/v2\/product_tag?post=21809"}],"curies":[{"name":"wp","href":"https:\/\/api.w.org\/{rel}","templated":true}]}}