{"id":21818,"date":"2024-04-27T01:15:15","date_gmt":"2024-04-27T01:15:15","guid":{"rendered":"https:\/\/global-hookah.com\/product\/colorful-neon-hookah-wholesale\/"},"modified":"2024-04-27T03:28:07","modified_gmt":"2024-04-27T03:28:07","slug":"colorful-neon-hookah-wholesale","status":"publish","type":"product","link":"https:\/\/global-hookah.com\/es\/producto\/colorful-neon-hookah-wholesale\/","title":{"rendered":"Hookah de ne\u00f3n de colores al por mayor"},"content":{"rendered":"<p><span data-preserver-spaces=\"true\">Hola amigo, \u00bfquieres a\u00f1adir algo de diversi\u00f3n a tu fiesta? Encontrar el narguile perfecto para una fiesta puede ser un poco complicado. Pero podemos asegurarte que nuestra <strong>Ne\u00f3n de colores\u00a0<\/strong><\/span><span data-preserver-spaces=\"true\"><strong>Hookah<\/strong>'s<\/span><span data-preserver-spaces=\"true\">\u00a0cool LED te alegrar\u00e1 el d\u00eda. Las fiestas Hookah son ahora m\u00e1s divertidas.<\/span><\/p>\n<p><span data-preserver-spaces=\"true\">Primero,\u00a0<\/span><span data-preserver-spaces=\"true\">Vamos<\/span><span data-preserver-spaces=\"true\"> entender su material. Ne\u00f3n <a href=\"https:\/\/global-hookah.com\/product\/stainless-steel-hookah-wholesale\/\">Hookah utiliza acero inoxidable de la m\u00e1s alta calidad<\/a> para hacer las piezas del tubo de humo y la manguera, y la v\u00e1lvula de escape en la parte superior\u00a0<\/span><span data-preserver-spaces=\"true\">se hace<\/span><span data-preserver-spaces=\"true\">\u00a0de material poliacetal super resistente, que no absorbe el olor. Muy agradable<\/span><\/p>\n<p><span data-preserver-spaces=\"true\">Y s\u00e9 que a todo el mundo le gusta la shisha personalizada, pero muchos\u00a0<\/span><span data-preserver-spaces=\"true\">de ellos<\/span><span data-preserver-spaces=\"true\">\u00a0son solo colores y dibujos. Por lo tanto, cuando dise\u00f1amos este<strong> Hookah de ne\u00f3n<\/strong>especialmente incorporamos coloridos <a href=\"https:\/\/global-hookah.com\/product\/bulk-custom-blue-hookah-with-led-light\/\">Luces LED<\/a>que son muy\u00a0<\/span><span data-preserver-spaces=\"true\">genial<\/span><span data-preserver-spaces=\"true\">\u00a0<\/span><span data-preserver-spaces=\"true\">y<\/span><span data-preserver-spaces=\"true\">\u00a0puedes\u00a0<\/span><span data-preserver-spaces=\"true\">incluso<\/span><span data-preserver-spaces=\"true\">\u00a0aj\u00fastalos a trav\u00e9s del mando a distancia. Puedes crear t\u00fa mismo los efectos de luz y sombra que quieras.<\/span><\/p>\n<p><span data-preserver-spaces=\"true\">Tambi\u00e9n tiene un sistema de cubierta de viento que dirige uniformemente el aire caliente de los carbones sobre toda la cazoleta de tabaco, maximizando la liberaci\u00f3n de sabor con cada calada. Y puedes controlar el calor y la dureza ajustando las rejillas de ventilaci\u00f3n laterales - \u00a1controla perfectamente el sabor liberado de la shisha!\u00a0<\/span><span data-preserver-spaces=\"true\">Es<\/span><span data-preserver-spaces=\"true\">\u00a0depende de ti.<\/span><\/p>\n<div class=\"detailmodule_html\">\n<div class=\"detail-desc-decorate-richtext\">\n<p><img decoding=\"async\" src=\"https:\/\/ae01.alicdn.com\/kf\/S8344a2195e9d4fe889fa106b79011297m.jpg?width=800&amp;height=800&amp;hash=1600\" \/><img decoding=\"async\" src=\"https:\/\/ae01.alicdn.com\/kf\/Sbc3e3e920efe442fbc0e7432c96806b6e.jpg?width=800&amp;height=800&amp;hash=1600\" \/><img decoding=\"async\" src=\"https:\/\/ae01.alicdn.com\/kf\/S24cd1204ffbb47939c9ec201d30d8e8b5.jpg?width=800&amp;height=800&amp;hash=1600\" \/><img decoding=\"async\" src=\"https:\/\/ae01.alicdn.com\/kf\/S8a6bf0c731ab47e38af234cfaaced617b.jpg?width=800&amp;height=800&amp;hash=1600\" \/><img decoding=\"async\" src=\"https:\/\/ae01.alicdn.com\/kf\/S014122b7643e40098095f2efe3ed54a5P.jpg?width=800&amp;height=800&amp;hash=1600\" \/><img decoding=\"async\" src=\"https:\/\/ae01.alicdn.com\/kf\/S1cefbce6ea2146c49f95f2096f412ea5R.jpg?width=800&amp;height=800&amp;hash=1600\" \/><img decoding=\"async\" src=\"https:\/\/ae01.alicdn.com\/kf\/S62d5f530c4624cb59adce15ca2d670b11.jpg?width=800&amp;height=800&amp;hash=1600\" \/><img decoding=\"async\" src=\"https:\/\/ae01.alicdn.com\/kf\/S2353e9e4e3b84944b4689cafb2f35eb4o.jpg?width=800&amp;height=800&amp;hash=1600\" \/><img decoding=\"async\" src=\"https:\/\/ae01.alicdn.com\/kf\/S963e13bb7bc6494d955f84aee86dd47cX.jpg?width=800&amp;height=800&amp;hash=1600\" \/><img decoding=\"async\" src=\"https:\/\/ae01.alicdn.com\/kf\/S9f93df7f19c945738971d8b18f0cac165.jpg?width=750&amp;height=648&amp;hash=1398\" \/><\/p>\n<p style=\"text-align: justify; margin: 5pt 0pt 5pt 0pt;\" align=\"justify\">\n<\/div>\n<\/div>\n<p>&nbsp;<\/p>","protected":false},"excerpt":{"rendered":"<p>Hola amigo, \u00bfbuscas a\u00f1adir algo de diversi\u00f3n a tu fiesta? Entiendo que encontrar el narguile perfecto para una fiesta<\/p>","protected":false},"featured_media":21819,"comment_status":"closed","ping_status":"closed","template":"","meta":{"iawp_total_views":3,"_joinchat":[]},"product_brand":[],"product_cat":[560],"product_tag":[],"class_list":{"0":"post-21818","1":"product","2":"type-product","3":"status-publish","4":"has-post-thumbnail","6":"product_cat-glass-hookah-wholesale","8":"first","9":"instock","10":"shipping-taxable","11":"product-type-external"},"yoast_head":"<!-- This site is optimized with the Yoast SEO Premium plugin v24.7 (Yoast SEO v26.8) - https:\/\/yoast.com\/product\/yoast-seo-premium-wordpress\/ -->\n<title>Colorful Neon Hookah Wholesale - Global Hookah<\/title>\n<meta name=\"robots\" content=\"index, follow, max-snippet:-1, max-image-preview:large, max-video-preview:-1\" \/>\n<link rel=\"canonical\" href=\"https:\/\/global-hookah.com\/es\/producto\/colorful-neon-hookah-wholesale\/\" \/>\n<meta property=\"og:locale\" content=\"es_ES\" \/>\n<meta property=\"og:type\" content=\"article\" \/>\n<meta property=\"og:title\" content=\"Colorful Neon Hookah Wholesale\" \/>\n<meta property=\"og:description\" content=\"Hey friend, looking to add some fun to your party? I get that finding the perfect hookah for a party\" \/>\n<meta property=\"og:url\" content=\"https:\/\/global-hookah.com\/es\/producto\/colorful-neon-hookah-wholesale\/\" \/>\n<meta property=\"og:site_name\" content=\"Global Hookah\" \/>\n<meta property=\"article:modified_time\" content=\"2024-04-27T03:28:07+00:00\" \/>\n<meta property=\"og:image\" content=\"https:\/\/global-hookah.com\/wp-content\/uploads\/2024\/04\/kf-S892f76fd41f34c8fb5032588971d9621C-HAPPY-LED-Hookah-Light-Colorful-Show-Shisha-Ring-Lamp-Magnet-Viscose-with-Remote-Control-Cachimba-Narguile.webp\" \/>\n\t<meta property=\"og:image:width\" content=\"1000\" \/>\n\t<meta property=\"og:image:height\" content=\"1000\" \/>\n\t<meta property=\"og:image:type\" content=\"image\/webp\" \/>\n<meta name=\"twitter:card\" content=\"summary_large_image\" \/>\n<meta name=\"twitter:label1\" content=\"Tiempo de lectura\" \/>\n\t<meta name=\"twitter:data1\" content=\"4 minutos\" \/>\n<script type=\"application\/ld+json\" class=\"yoast-schema-graph\">{\"@context\":\"https:\/\/schema.org\",\"@graph\":[{\"@type\":\"WebPage\",\"@id\":\"https:\/\/global-hookah.com\/product\/colorful-neon-hookah-wholesale\/\",\"url\":\"https:\/\/global-hookah.com\/product\/colorful-neon-hookah-wholesale\/\",\"name\":\"Colorful Neon Hookah Wholesale - Global Hookah\",\"isPartOf\":{\"@id\":\"https:\/\/global-hookah.com\/#website\"},\"primaryImageOfPage\":{\"@id\":\"https:\/\/global-hookah.com\/product\/colorful-neon-hookah-wholesale\/#primaryimage\"},\"image\":{\"@id\":\"https:\/\/global-hookah.com\/product\/colorful-neon-hookah-wholesale\/#primaryimage\"},\"thumbnailUrl\":\"https:\/\/global-hookah.com\/wp-content\/uploads\/2024\/04\/kf-S892f76fd41f34c8fb5032588971d9621C-HAPPY-LED-Hookah-Light-Colorful-Show-Shisha-Ring-Lamp-Magnet-Viscose-with-Remote-Control-Cachimba-Narguile.webp\",\"datePublished\":\"2024-04-27T01:15:15+00:00\",\"dateModified\":\"2024-04-27T03:28:07+00:00\",\"breadcrumb\":{\"@id\":\"https:\/\/global-hookah.com\/product\/colorful-neon-hookah-wholesale\/#breadcrumb\"},\"inLanguage\":\"es\",\"potentialAction\":[{\"@type\":\"ReadAction\",\"target\":[\"https:\/\/global-hookah.com\/product\/colorful-neon-hookah-wholesale\/\"]}]},{\"@type\":\"ImageObject\",\"inLanguage\":\"es\",\"@id\":\"https:\/\/global-hookah.com\/product\/colorful-neon-hookah-wholesale\/#primaryimage\",\"url\":\"https:\/\/global-hookah.com\/wp-content\/uploads\/2024\/04\/kf-S892f76fd41f34c8fb5032588971d9621C-HAPPY-LED-Hookah-Light-Colorful-Show-Shisha-Ring-Lamp-Magnet-Viscose-with-Remote-Control-Cachimba-Narguile.webp\",\"contentUrl\":\"https:\/\/global-hookah.com\/wp-content\/uploads\/2024\/04\/kf-S892f76fd41f34c8fb5032588971d9621C-HAPPY-LED-Hookah-Light-Colorful-Show-Shisha-Ring-Lamp-Magnet-Viscose-with-Remote-Control-Cachimba-Narguile.webp\",\"width\":1000,\"height\":1000,\"caption\":\"Colorful Neon Hookah Wholesale\"},{\"@type\":\"BreadcrumbList\",\"@id\":\"https:\/\/global-hookah.com\/product\/colorful-neon-hookah-wholesale\/#breadcrumb\",\"itemListElement\":[{\"@type\":\"ListItem\",\"position\":1,\"name\":\"Home\",\"item\":\"https:\/\/global-hookah.com\/\"},{\"@type\":\"ListItem\",\"position\":2,\"name\":\"Shop\",\"item\":\"https:\/\/global-hookah.com\/shop\/\"},{\"@type\":\"ListItem\",\"position\":3,\"name\":\"Colorful Neon Hookah Wholesale\"}]},{\"@type\":\"WebSite\",\"@id\":\"https:\/\/global-hookah.com\/#website\",\"url\":\"https:\/\/global-hookah.com\/\",\"name\":\"Global Hookah\",\"description\":\"Global Hookah\",\"publisher\":{\"@id\":\"https:\/\/global-hookah.com\/#organization\"},\"potentialAction\":[{\"@type\":\"SearchAction\",\"target\":{\"@type\":\"EntryPoint\",\"urlTemplate\":\"https:\/\/global-hookah.com\/?s={search_term_string}\"},\"query-input\":{\"@type\":\"PropertyValueSpecification\",\"valueRequired\":true,\"valueName\":\"search_term_string\"}}],\"inLanguage\":\"es\"},{\"@type\":\"Organization\",\"@id\":\"https:\/\/global-hookah.com\/#organization\",\"name\":\"Global Hookah\",\"url\":\"https:\/\/global-hookah.com\/\",\"logo\":{\"@type\":\"ImageObject\",\"inLanguage\":\"es\",\"@id\":\"https:\/\/global-hookah.com\/#\/schema\/logo\/image\/\",\"url\":\"https:\/\/global-hookah.com\/wp-content\/uploads\/2021\/10\/cropped-fgg.png\",\"contentUrl\":\"https:\/\/global-hookah.com\/wp-content\/uploads\/2021\/10\/cropped-fgg.png\",\"width\":512,\"height\":512,\"caption\":\"Global Hookah\"},\"image\":{\"@id\":\"https:\/\/global-hookah.com\/#\/schema\/logo\/image\/\"}}]}<\/script>\n<!-- \/ Yoast SEO Premium plugin. -->","yoast_head_json":{"title":"Hookah de ne\u00f3n de colores al por mayor - Global Hookah","robots":{"index":"index","follow":"follow","max-snippet":"max-snippet:-1","max-image-preview":"max-image-preview:large","max-video-preview":"max-video-preview:-1"},"canonical":"https:\/\/global-hookah.com\/es\/producto\/colorful-neon-hookah-wholesale\/","og_locale":"es_ES","og_type":"article","og_title":"Colorful Neon Hookah Wholesale","og_description":"Hey friend, looking to add some fun to your party? I get that finding the perfect hookah for a party","og_url":"https:\/\/global-hookah.com\/es\/producto\/colorful-neon-hookah-wholesale\/","og_site_name":"Global Hookah","article_modified_time":"2024-04-27T03:28:07+00:00","og_image":[{"width":1000,"height":1000,"url":"https:\/\/global-hookah.com\/wp-content\/uploads\/2024\/04\/kf-S892f76fd41f34c8fb5032588971d9621C-HAPPY-LED-Hookah-Light-Colorful-Show-Shisha-Ring-Lamp-Magnet-Viscose-with-Remote-Control-Cachimba-Narguile.webp","type":"image\/webp"}],"twitter_card":"summary_large_image","twitter_misc":{"Tiempo de lectura":"4 minutos"},"schema":{"@context":"https:\/\/schema.org","@graph":[{"@type":"WebPage","@id":"https:\/\/global-hookah.com\/product\/colorful-neon-hookah-wholesale\/","url":"https:\/\/global-hookah.com\/product\/colorful-neon-hookah-wholesale\/","name":"Hookah de ne\u00f3n de colores al por mayor - Global Hookah","isPartOf":{"@id":"https:\/\/global-hookah.com\/#website"},"primaryImageOfPage":{"@id":"https:\/\/global-hookah.com\/product\/colorful-neon-hookah-wholesale\/#primaryimage"},"image":{"@id":"https:\/\/global-hookah.com\/product\/colorful-neon-hookah-wholesale\/#primaryimage"},"thumbnailUrl":"https:\/\/global-hookah.com\/wp-content\/uploads\/2024\/04\/kf-S892f76fd41f34c8fb5032588971d9621C-HAPPY-LED-Hookah-Light-Colorful-Show-Shisha-Ring-Lamp-Magnet-Viscose-with-Remote-Control-Cachimba-Narguile.webp","datePublished":"2024-04-27T01:15:15+00:00","dateModified":"2024-04-27T03:28:07+00:00","breadcrumb":{"@id":"https:\/\/global-hookah.com\/product\/colorful-neon-hookah-wholesale\/#breadcrumb"},"inLanguage":"es","potentialAction":[{"@type":"ReadAction","target":["https:\/\/global-hookah.com\/product\/colorful-neon-hookah-wholesale\/"]}]},{"@type":"ImageObject","inLanguage":"es","@id":"https:\/\/global-hookah.com\/product\/colorful-neon-hookah-wholesale\/#primaryimage","url":"https:\/\/global-hookah.com\/wp-content\/uploads\/2024\/04\/kf-S892f76fd41f34c8fb5032588971d9621C-HAPPY-LED-Hookah-Light-Colorful-Show-Shisha-Ring-Lamp-Magnet-Viscose-with-Remote-Control-Cachimba-Narguile.webp","contentUrl":"https:\/\/global-hookah.com\/wp-content\/uploads\/2024\/04\/kf-S892f76fd41f34c8fb5032588971d9621C-HAPPY-LED-Hookah-Light-Colorful-Show-Shisha-Ring-Lamp-Magnet-Viscose-with-Remote-Control-Cachimba-Narguile.webp","width":1000,"height":1000,"caption":"Colorful Neon Hookah Wholesale"},{"@type":"BreadcrumbList","@id":"https:\/\/global-hookah.com\/product\/colorful-neon-hookah-wholesale\/#breadcrumb","itemListElement":[{"@type":"ListItem","position":1,"name":"Home","item":"https:\/\/global-hookah.com\/"},{"@type":"ListItem","position":2,"name":"Shop","item":"https:\/\/global-hookah.com\/shop\/"},{"@type":"ListItem","position":3,"name":"Colorful Neon Hookah Wholesale"}]},{"@type":"WebSite","@id":"https:\/\/global-hookah.com\/#website","url":"https:\/\/global-hookah.com\/","name":"Global Hookah","description":"Global Hookah","publisher":{"@id":"https:\/\/global-hookah.com\/#organization"},"potentialAction":[{"@type":"SearchAction","target":{"@type":"EntryPoint","urlTemplate":"https:\/\/global-hookah.com\/?s={search_term_string}"},"query-input":{"@type":"PropertyValueSpecification","valueRequired":true,"valueName":"search_term_string"}}],"inLanguage":"es"},{"@type":"Organization","@id":"https:\/\/global-hookah.com\/#organization","name":"Global Hookah","url":"https:\/\/global-hookah.com\/","logo":{"@type":"ImageObject","inLanguage":"es","@id":"https:\/\/global-hookah.com\/#\/schema\/logo\/image\/","url":"https:\/\/global-hookah.com\/wp-content\/uploads\/2021\/10\/cropped-fgg.png","contentUrl":"https:\/\/global-hookah.com\/wp-content\/uploads\/2021\/10\/cropped-fgg.png","width":512,"height":512,"caption":"Global Hookah"},"image":{"@id":"https:\/\/global-hookah.com\/#\/schema\/logo\/image\/"}}]}},"_links":{"self":[{"href":"https:\/\/global-hookah.com\/es\/wp-json\/wp\/v2\/product\/21818","targetHints":{"allow":["GET"]}}],"collection":[{"href":"https:\/\/global-hookah.com\/es\/wp-json\/wp\/v2\/product"}],"about":[{"href":"https:\/\/global-hookah.com\/es\/wp-json\/wp\/v2\/types\/product"}],"replies":[{"embeddable":true,"href":"https:\/\/global-hookah.com\/es\/wp-json\/wp\/v2\/comments?post=21818"}],"version-history":[{"count":0,"href":"https:\/\/global-hookah.com\/es\/wp-json\/wp\/v2\/product\/21818\/revisions"}],"wp:featuredmedia":[{"embeddable":true,"href":"https:\/\/global-hookah.com\/es\/wp-json\/wp\/v2\/media\/21819"}],"wp:attachment":[{"href":"https:\/\/global-hookah.com\/es\/wp-json\/wp\/v2\/media?parent=21818"}],"wp:term":[{"taxonomy":"product_brand","embeddable":true,"href":"https:\/\/global-hookah.com\/es\/wp-json\/wp\/v2\/product_brand?post=21818"},{"taxonomy":"product_cat","embeddable":true,"href":"https:\/\/global-hookah.com\/es\/wp-json\/wp\/v2\/product_cat?post=21818"},{"taxonomy":"product_tag","embeddable":true,"href":"https:\/\/global-hookah.com\/es\/wp-json\/wp\/v2\/product_tag?post=21818"}],"curies":[{"name":"wp","href":"https:\/\/api.w.org\/{rel}","templated":true}]}}