{"id":21836,"date":"2024-04-27T01:22:11","date_gmt":"2024-04-27T01:22:11","guid":{"rendered":"https:\/\/global-hookah.com\/product\/travel-small-double-pipe-hookah-wholesale\/"},"modified":"2024-04-27T02:36:45","modified_gmt":"2024-04-27T02:36:45","slug":"travel-small-double-pipe-hookah-wholesale","status":"publish","type":"product","link":"https:\/\/global-hookah.com\/es\/producto\/travel-small-double-pipe-hookah-wholesale\/","title":{"rendered":"Hookah de viaje de doble pipa peque\u00f1a al por mayor"},"content":{"rendered":"<p><span data-preserver-spaces=\"true\">En\u00a0<\/span><strong><span data-preserver-spaces=\"true\">Hookah de viaje de doble pipa peque\u00f1a<\/span><\/strong><span data-preserver-spaces=\"true\">\u00a0tiene\u00a0<\/span><span data-preserver-spaces=\"true\">un fresco<\/span><span data-preserver-spaces=\"true\">\u00a0dise\u00f1o de doble tubo para que puedan fumar dos personas\u00a0<\/span><span data-preserver-spaces=\"true\">al mismo tiempo<\/span><span data-preserver-spaces=\"true\">. Me encanta relajarme con un amigo y pasarme el narguile de un lado a otro mientras nos relajamos en la playa, de acampada o donde nos apetezca echar chispas. El sonido burbujeante y el aroma hacen que cada sesi\u00f3n sea s\u00faper relajante.<\/span><\/p>\n<p><span data-preserver-spaces=\"true\">Este D<strong>ouble Pipa Hookah<\/strong> viene cargado con\u00a0<\/span><span data-preserver-spaces=\"true\">un impresionante<\/span><span data-preserver-spaces=\"true\">\u00a0v\u00e1stago de cristal y adaptador m\u00faltiple\u00a0<\/span><span data-preserver-spaces=\"true\">as\u00ed que<\/span><span data-preserver-spaces=\"true\">\u00a0puedes<\/span><span data-preserver-spaces=\"true\">\u00a0utilizan diferentes configuraciones de cazoleta. El largo\u00a0<\/span><span data-preserver-spaces=\"true\">suave<\/span><span data-preserver-spaces=\"true\">\u00a0El v\u00e1stago de la jeringuilla garantiza un suministro masivo de sabor en todo momento\u00a0<\/span><span data-preserver-spaces=\"true\">demasiado<\/span><span data-preserver-spaces=\"true\">.<\/span><\/p>\n<p><span data-preserver-spaces=\"true\">No podr\u00eda ser m\u00e1s f\u00e1cil de usar.\u00a0<\/span><span data-preserver-spaces=\"true\">S\u00f3lo tiene que conectar<\/span><span data-preserver-spaces=\"true\">\u00a0conecta la boquilla al adaptador de la cazoleta, a\u00f1ade agua, llena la cazoleta de shisha, enci\u00e9ndela y \u00a1empieza a dar caladas!<\/span><\/p>\n<p><span data-preserver-spaces=\"true\">Si desea <a href=\"https:\/\/global-hookah.com\/product-category\/wholesale-hookah\/portable-hookah-wholesale\/\">venta al por mayor este narguile<\/a>,\u00a0<\/span><span data-preserver-spaces=\"true\">s\u00f3lo<\/span><span data-preserver-spaces=\"true\">\u00a0p\u00f3ngase en contacto con nosotros por correo electr\u00f3nico o WhatsApp<\/span><\/p>\n<div class=\"product-specs-list-container\">\n<ul class=\"product-specs-list util-clearfix\">\n<li class=\"product-prop line-limit-length\"><span class=\"property-title\">N\u00famero de modelo:\u00a0<\/span><span class=\"property-desc line-limit-length\">Peque\u00f1o<\/span><\/li>\n<li class=\"product-prop line-limit-length\"><span class=\"property-title\">Forma:\u00a0<\/span><span class=\"property-desc line-limit-length\">Tipo libre<\/span><\/li>\n<li class=\"product-prop line-limit-length\"><span class=\"property-title\">T\u00e9cnica:\u00a0<\/span><span class=\"property-desc line-limit-length\">ESPEJO<\/span><\/li>\n<li class=\"product-prop line-limit-length\"><span class=\"property-title\">Material:\u00a0<\/span><span class=\"property-desc line-limit-length\">Metal<\/span><\/li>\n<li class=\"product-prop line-limit-length\"><span class=\"property-title\">Origen:\u00a0<\/span><span class=\"property-desc line-limit-length\">China continental<\/span><\/li>\n<\/ul>\n<\/div>\n<p><img decoding=\"async\" src=\"https:\/\/ae01.alicdn.com\/kf\/Sb50089f6a59a4c498e9133ded5fc0ff1c.jpg\" \/><img decoding=\"async\" src=\"https:\/\/ae01.alicdn.com\/kf\/S28a885306c0943a786153f75d06d5310L.jpg\" \/><img decoding=\"async\" src=\"https:\/\/ae01.alicdn.com\/kf\/S65247c46d93d4274819541c1c0edaee51.jpg\" \/><img decoding=\"async\" src=\"https:\/\/ae01.alicdn.com\/kf\/S54d9f1670a59498cafebc1fa1767830eo.jpg\" \/><img decoding=\"async\" src=\"https:\/\/ae01.alicdn.com\/kf\/S3cd328f487bb4f8bac77df6d7b0bce3cc.jpg\" \/><img decoding=\"async\" src=\"https:\/\/ae01.alicdn.com\/kf\/S570ea9c8f58d427f8a8a7b83b74b0efbg.jpg\" \/><img decoding=\"async\" src=\"https:\/\/ae01.alicdn.com\/kf\/S668932b662a64ae090bb1631a56c484bQ.jpg\" \/><\/p>","protected":false},"excerpt":{"rendered":"<p>La Travel Small Double Pipe Hookah tiene un genial dise\u00f1o de doble pipa para que dos personas puedan fumar al mismo tiempo. Me encanta relajarme con<\/p>","protected":false},"featured_media":21837,"comment_status":"closed","ping_status":"closed","template":"","meta":{"iawp_total_views":5,"_joinchat":[]},"product_brand":[],"product_cat":[559],"product_tag":[],"class_list":{"0":"post-21836","1":"product","2":"type-product","3":"status-publish","4":"has-post-thumbnail","6":"product_cat-portable-hookah-wholesale","8":"first","9":"instock","10":"shipping-taxable","11":"product-type-external"},"yoast_head":"<!-- This site is optimized with the Yoast SEO Premium plugin v24.7 (Yoast SEO v26.8) - https:\/\/yoast.com\/product\/yoast-seo-premium-wordpress\/ -->\n<title>Travel Small Double Pipe Hookah Wholesale - Global Hookah<\/title>\n<meta name=\"robots\" content=\"index, follow, max-snippet:-1, max-image-preview:large, max-video-preview:-1\" \/>\n<link rel=\"canonical\" href=\"https:\/\/global-hookah.com\/es\/it\/prodotto\/viaggio-piccolo-doppio-tubo-narghile-allingrosso\/\" \/>\n<meta property=\"og:locale\" content=\"es_ES\" \/>\n<meta property=\"og:type\" content=\"article\" \/>\n<meta property=\"og:title\" content=\"Travel Small Double Pipe Hookah Wholesale\" \/>\n<meta property=\"og:description\" content=\"The\u00a0Travel Small Double Pipe Hookah\u00a0has\u00a0a cool\u00a0dual-pipe design so two people can smoke\u00a0at the same time. I love kicking back with\" \/>\n<meta property=\"og:url\" content=\"https:\/\/global-hookah.com\/es\/it\/prodotto\/viaggio-piccolo-doppio-tubo-narghile-allingrosso\/\" \/>\n<meta property=\"og:site_name\" content=\"Global Hookah\" \/>\n<meta property=\"article:modified_time\" content=\"2024-04-27T02:36:45+00:00\" \/>\n<meta property=\"og:image\" content=\"https:\/\/global-hookah.com\/wp-content\/uploads\/2024\/04\/kf-Sb6c5b58a0bfe47bd9a68809ca8b5fc831-Travel-small-double-pipe-hookah-silicone-hookah-bowl-suitable-for-going-out.webp\" \/>\n\t<meta property=\"og:image:width\" content=\"900\" \/>\n\t<meta property=\"og:image:height\" content=\"900\" \/>\n\t<meta property=\"og:image:type\" content=\"image\/webp\" \/>\n<meta name=\"twitter:card\" content=\"summary_large_image\" \/>\n<meta name=\"twitter:label1\" content=\"Tiempo de lectura\" \/>\n\t<meta name=\"twitter:data1\" content=\"3 minutos\" \/>\n<script type=\"application\/ld+json\" class=\"yoast-schema-graph\">{\"@context\":\"https:\/\/schema.org\",\"@graph\":[{\"@type\":\"WebPage\",\"@id\":\"https:\/\/global-hookah.com\/it\/prodotto\/viaggio-piccolo-doppio-tubo-narghile-allingrosso\/\",\"url\":\"https:\/\/global-hookah.com\/it\/prodotto\/viaggio-piccolo-doppio-tubo-narghile-allingrosso\/\",\"name\":\"Travel Small Double Pipe Hookah Wholesale - Global Hookah\",\"isPartOf\":{\"@id\":\"https:\/\/global-hookah.com\/#website\"},\"primaryImageOfPage\":{\"@id\":\"https:\/\/global-hookah.com\/it\/prodotto\/viaggio-piccolo-doppio-tubo-narghile-allingrosso\/#primaryimage\"},\"image\":{\"@id\":\"https:\/\/global-hookah.com\/it\/prodotto\/viaggio-piccolo-doppio-tubo-narghile-allingrosso\/#primaryimage\"},\"thumbnailUrl\":\"https:\/\/global-hookah.com\/wp-content\/uploads\/2024\/04\/kf-Sb6c5b58a0bfe47bd9a68809ca8b5fc831-Travel-small-double-pipe-hookah-silicone-hookah-bowl-suitable-for-going-out.webp\",\"datePublished\":\"2024-04-27T01:22:11+00:00\",\"dateModified\":\"2024-04-27T02:36:45+00:00\",\"breadcrumb\":{\"@id\":\"https:\/\/global-hookah.com\/it\/prodotto\/viaggio-piccolo-doppio-tubo-narghile-allingrosso\/#breadcrumb\"},\"inLanguage\":\"es\",\"potentialAction\":[{\"@type\":\"ReadAction\",\"target\":[\"https:\/\/global-hookah.com\/it\/prodotto\/viaggio-piccolo-doppio-tubo-narghile-allingrosso\/\"]}]},{\"@type\":\"ImageObject\",\"inLanguage\":\"es\",\"@id\":\"https:\/\/global-hookah.com\/it\/prodotto\/viaggio-piccolo-doppio-tubo-narghile-allingrosso\/#primaryimage\",\"url\":\"https:\/\/global-hookah.com\/wp-content\/uploads\/2024\/04\/kf-Sb6c5b58a0bfe47bd9a68809ca8b5fc831-Travel-small-double-pipe-hookah-silicone-hookah-bowl-suitable-for-going-out.webp\",\"contentUrl\":\"https:\/\/global-hookah.com\/wp-content\/uploads\/2024\/04\/kf-Sb6c5b58a0bfe47bd9a68809ca8b5fc831-Travel-small-double-pipe-hookah-silicone-hookah-bowl-suitable-for-going-out.webp\",\"width\":900,\"height\":900,\"caption\":\"Travel Small Double Pipe Hookah Wholesale\"},{\"@type\":\"BreadcrumbList\",\"@id\":\"https:\/\/global-hookah.com\/it\/prodotto\/viaggio-piccolo-doppio-tubo-narghile-allingrosso\/#breadcrumb\",\"itemListElement\":[{\"@type\":\"ListItem\",\"position\":1,\"name\":\"Home\",\"item\":\"https:\/\/global-hookah.com\/\"},{\"@type\":\"ListItem\",\"position\":2,\"name\":\"Shop\",\"item\":\"https:\/\/global-hookah.com\/shop\/\"},{\"@type\":\"ListItem\",\"position\":3,\"name\":\"Travel Small Double Pipe Hookah Wholesale\"}]},{\"@type\":\"WebSite\",\"@id\":\"https:\/\/global-hookah.com\/#website\",\"url\":\"https:\/\/global-hookah.com\/\",\"name\":\"Global Hookah\",\"description\":\"Global Hookah\",\"publisher\":{\"@id\":\"https:\/\/global-hookah.com\/#organization\"},\"potentialAction\":[{\"@type\":\"SearchAction\",\"target\":{\"@type\":\"EntryPoint\",\"urlTemplate\":\"https:\/\/global-hookah.com\/?s={search_term_string}\"},\"query-input\":{\"@type\":\"PropertyValueSpecification\",\"valueRequired\":true,\"valueName\":\"search_term_string\"}}],\"inLanguage\":\"es\"},{\"@type\":\"Organization\",\"@id\":\"https:\/\/global-hookah.com\/#organization\",\"name\":\"Global Hookah\",\"url\":\"https:\/\/global-hookah.com\/\",\"logo\":{\"@type\":\"ImageObject\",\"inLanguage\":\"es\",\"@id\":\"https:\/\/global-hookah.com\/#\/schema\/logo\/image\/\",\"url\":\"https:\/\/global-hookah.com\/wp-content\/uploads\/2021\/10\/cropped-fgg.png\",\"contentUrl\":\"https:\/\/global-hookah.com\/wp-content\/uploads\/2021\/10\/cropped-fgg.png\",\"width\":512,\"height\":512,\"caption\":\"Global Hookah\"},\"image\":{\"@id\":\"https:\/\/global-hookah.com\/#\/schema\/logo\/image\/\"}}]}<\/script>\n<!-- \/ Yoast SEO Premium plugin. -->","yoast_head_json":{"title":"Travel Small Double Pipe Hookah al por mayor - Global Hookah","robots":{"index":"index","follow":"follow","max-snippet":"max-snippet:-1","max-image-preview":"max-image-preview:large","max-video-preview":"max-video-preview:-1"},"canonical":"https:\/\/global-hookah.com\/es\/it\/prodotto\/viaggio-piccolo-doppio-tubo-narghile-allingrosso\/","og_locale":"es_ES","og_type":"article","og_title":"Travel Small Double Pipe Hookah Wholesale","og_description":"The\u00a0Travel Small Double Pipe Hookah\u00a0has\u00a0a cool\u00a0dual-pipe design so two people can smoke\u00a0at the same time. I love kicking back with","og_url":"https:\/\/global-hookah.com\/es\/it\/prodotto\/viaggio-piccolo-doppio-tubo-narghile-allingrosso\/","og_site_name":"Global Hookah","article_modified_time":"2024-04-27T02:36:45+00:00","og_image":[{"width":900,"height":900,"url":"https:\/\/global-hookah.com\/wp-content\/uploads\/2024\/04\/kf-Sb6c5b58a0bfe47bd9a68809ca8b5fc831-Travel-small-double-pipe-hookah-silicone-hookah-bowl-suitable-for-going-out.webp","type":"image\/webp"}],"twitter_card":"summary_large_image","twitter_misc":{"Tiempo de lectura":"3 minutos"},"schema":{"@context":"https:\/\/schema.org","@graph":[{"@type":"WebPage","@id":"https:\/\/global-hookah.com\/it\/prodotto\/viaggio-piccolo-doppio-tubo-narghile-allingrosso\/","url":"https:\/\/global-hookah.com\/it\/prodotto\/viaggio-piccolo-doppio-tubo-narghile-allingrosso\/","name":"Travel Small Double Pipe Hookah al por mayor - Global Hookah","isPartOf":{"@id":"https:\/\/global-hookah.com\/#website"},"primaryImageOfPage":{"@id":"https:\/\/global-hookah.com\/it\/prodotto\/viaggio-piccolo-doppio-tubo-narghile-allingrosso\/#primaryimage"},"image":{"@id":"https:\/\/global-hookah.com\/it\/prodotto\/viaggio-piccolo-doppio-tubo-narghile-allingrosso\/#primaryimage"},"thumbnailUrl":"https:\/\/global-hookah.com\/wp-content\/uploads\/2024\/04\/kf-Sb6c5b58a0bfe47bd9a68809ca8b5fc831-Travel-small-double-pipe-hookah-silicone-hookah-bowl-suitable-for-going-out.webp","datePublished":"2024-04-27T01:22:11+00:00","dateModified":"2024-04-27T02:36:45+00:00","breadcrumb":{"@id":"https:\/\/global-hookah.com\/it\/prodotto\/viaggio-piccolo-doppio-tubo-narghile-allingrosso\/#breadcrumb"},"inLanguage":"es","potentialAction":[{"@type":"ReadAction","target":["https:\/\/global-hookah.com\/it\/prodotto\/viaggio-piccolo-doppio-tubo-narghile-allingrosso\/"]}]},{"@type":"ImageObject","inLanguage":"es","@id":"https:\/\/global-hookah.com\/it\/prodotto\/viaggio-piccolo-doppio-tubo-narghile-allingrosso\/#primaryimage","url":"https:\/\/global-hookah.com\/wp-content\/uploads\/2024\/04\/kf-Sb6c5b58a0bfe47bd9a68809ca8b5fc831-Travel-small-double-pipe-hookah-silicone-hookah-bowl-suitable-for-going-out.webp","contentUrl":"https:\/\/global-hookah.com\/wp-content\/uploads\/2024\/04\/kf-Sb6c5b58a0bfe47bd9a68809ca8b5fc831-Travel-small-double-pipe-hookah-silicone-hookah-bowl-suitable-for-going-out.webp","width":900,"height":900,"caption":"Travel Small Double Pipe Hookah Wholesale"},{"@type":"BreadcrumbList","@id":"https:\/\/global-hookah.com\/it\/prodotto\/viaggio-piccolo-doppio-tubo-narghile-allingrosso\/#breadcrumb","itemListElement":[{"@type":"ListItem","position":1,"name":"Home","item":"https:\/\/global-hookah.com\/"},{"@type":"ListItem","position":2,"name":"Shop","item":"https:\/\/global-hookah.com\/shop\/"},{"@type":"ListItem","position":3,"name":"Travel Small Double Pipe Hookah Wholesale"}]},{"@type":"WebSite","@id":"https:\/\/global-hookah.com\/#website","url":"https:\/\/global-hookah.com\/","name":"Global Hookah","description":"Global Hookah","publisher":{"@id":"https:\/\/global-hookah.com\/#organization"},"potentialAction":[{"@type":"SearchAction","target":{"@type":"EntryPoint","urlTemplate":"https:\/\/global-hookah.com\/?s={search_term_string}"},"query-input":{"@type":"PropertyValueSpecification","valueRequired":true,"valueName":"search_term_string"}}],"inLanguage":"es"},{"@type":"Organization","@id":"https:\/\/global-hookah.com\/#organization","name":"Global Hookah","url":"https:\/\/global-hookah.com\/","logo":{"@type":"ImageObject","inLanguage":"es","@id":"https:\/\/global-hookah.com\/#\/schema\/logo\/image\/","url":"https:\/\/global-hookah.com\/wp-content\/uploads\/2021\/10\/cropped-fgg.png","contentUrl":"https:\/\/global-hookah.com\/wp-content\/uploads\/2021\/10\/cropped-fgg.png","width":512,"height":512,"caption":"Global Hookah"},"image":{"@id":"https:\/\/global-hookah.com\/#\/schema\/logo\/image\/"}}]}},"_links":{"self":[{"href":"https:\/\/global-hookah.com\/es\/wp-json\/wp\/v2\/product\/21836","targetHints":{"allow":["GET"]}}],"collection":[{"href":"https:\/\/global-hookah.com\/es\/wp-json\/wp\/v2\/product"}],"about":[{"href":"https:\/\/global-hookah.com\/es\/wp-json\/wp\/v2\/types\/product"}],"replies":[{"embeddable":true,"href":"https:\/\/global-hookah.com\/es\/wp-json\/wp\/v2\/comments?post=21836"}],"version-history":[{"count":0,"href":"https:\/\/global-hookah.com\/es\/wp-json\/wp\/v2\/product\/21836\/revisions"}],"wp:featuredmedia":[{"embeddable":true,"href":"https:\/\/global-hookah.com\/es\/wp-json\/wp\/v2\/media\/21837"}],"wp:attachment":[{"href":"https:\/\/global-hookah.com\/es\/wp-json\/wp\/v2\/media?parent=21836"}],"wp:term":[{"taxonomy":"product_brand","embeddable":true,"href":"https:\/\/global-hookah.com\/es\/wp-json\/wp\/v2\/product_brand?post=21836"},{"taxonomy":"product_cat","embeddable":true,"href":"https:\/\/global-hookah.com\/es\/wp-json\/wp\/v2\/product_cat?post=21836"},{"taxonomy":"product_tag","embeddable":true,"href":"https:\/\/global-hookah.com\/es\/wp-json\/wp\/v2\/product_tag?post=21836"}],"curies":[{"name":"wp","href":"https:\/\/api.w.org\/{rel}","templated":true}]}}