{"id":21846,"date":"2024-04-27T01:27:25","date_gmt":"2024-04-27T01:27:25","guid":{"rendered":"https:\/\/global-hookah.com\/product\/portable-car-hookah-bulk-with-led-light-bulk\/"},"modified":"2024-04-27T02:00:31","modified_gmt":"2024-04-27T02:00:31","slug":"portable-car-hookah-bulk-with-led-light-bulk","status":"publish","type":"product","link":"https:\/\/global-hookah.com\/es\/producto\/portable-car-hookah-bulk-with-led-light-bulk\/","title":{"rendered":"Hookah Port\u00e1til Para Coche A Granel Con Luz Led A Granel"},"content":{"rendered":"<div data-elementor-type=\"wp-post\" data-elementor-id=\"21846\" class=\"elementor elementor-21846\">\n\t\t\t\t\t\t<section class=\"elementor-section elementor-top-section elementor-element elementor-element-90217eb elementor-section-boxed elementor-section-height-default elementor-section-height-default\" data-id=\"90217eb\" data-element_type=\"section\" data-e-type=\"section\">\n\t\t\t\t\t\t<div class=\"elementor-container elementor-column-gap-default\">\n\t\t\t\t\t<div class=\"elementor-column elementor-col-100 elementor-top-column elementor-element elementor-element-dc5cb55\" data-id=\"dc5cb55\" data-element_type=\"column\" data-e-type=\"column\">\n\t\t\t<div class=\"elementor-widget-wrap elementor-element-populated\">\n\t\t\t\t\t\t<div class=\"elementor-element elementor-element-2bded95 elementor-widget elementor-widget-video\" data-id=\"2bded95\" data-element_type=\"widget\" data-e-type=\"widget\" data-settings=\"{&quot;youtube_url&quot;:&quot;https:\\\/\\\/youtu.be\\\/0stFd8D5kzU&quot;,&quot;video_type&quot;:&quot;youtube&quot;,&quot;controls&quot;:&quot;yes&quot;}\" data-widget_type=\"video.default\">\n\t\t\t\t<div class=\"elementor-widget-container\">\n\t\t\t\t\t\t\t<div class=\"elementor-wrapper elementor-open-inline\">\n\t\t\t<div class=\"elementor-video\"><\/div>\t\t<\/div>\n\t\t\t\t\t\t<\/div>\n\t\t\t\t<\/div>\n\t\t\t\t\t<\/div>\n\t\t<\/div>\n\t\t\t\t\t<\/div>\n\t\t<\/section>\n\t\t\t\t<section class=\"elementor-section elementor-top-section elementor-element elementor-element-43be7ed5 elementor-section-boxed elementor-section-height-default elementor-section-height-default\" data-id=\"43be7ed5\" data-element_type=\"section\" data-e-type=\"section\">\n\t\t\t\t\t\t<div class=\"elementor-container elementor-column-gap-default\">\n\t\t\t\t\t<div class=\"elementor-column elementor-col-100 elementor-top-column elementor-element elementor-element-2597db83\" data-id=\"2597db83\" data-element_type=\"column\" data-e-type=\"column\">\n\t\t\t<div class=\"elementor-widget-wrap elementor-element-populated\">\n\t\t\t\t\t\t<div class=\"elementor-element elementor-element-56ebf4f0 color-scheme-inherit text-left elementor-widget elementor-widget-text-editor\" data-id=\"56ebf4f0\" data-element_type=\"widget\" data-e-type=\"widget\" data-widget_type=\"text-editor.default\">\n\t\t\t\t<div class=\"elementor-widget-container\">\n\t\t\t\t\t\t\t\t\t<div class=\"detailmodule_html\"><div class=\"detail-desc-decorate-richtext\"><div class=\"detailmodule_text\"><div class=\"detailmodule_text\"><p>Los h\u00e1bitos de cada amante del narguile son diferentes, pero yo no puedo ir a ning\u00fan sitio sin mi fiel narguile: a la playa, de acampada, de viaje... lo que se te ocurra. Pero, \u00bfqui\u00e9n quiere cargar con un narguile gigante imposible de montar en el coche? Por eso este <strong>narguile port\u00e1til para coche<\/strong> es tan perfecto.<\/p><p><strong>kit de narguile port\u00e1til<\/strong> Especialmente dise\u00f1ado, est\u00e1 hecho de materiales de grado alimenticio totalmente seguros para que pueda disfrutar de los sabores sin preocupaciones. Y con s\u00f3lo 25 cm de altura, es muy peque\u00f1o y f\u00e1cil de llevar a cualquier parte. Incluso puede caber en el portavasos del coche para fumar en los viajes por carretera.<\/p><p>Este <a href=\"https:\/\/global-hookah.com\/product\/arab-mini-hookah-wholesale\/\">mini narguile<\/a> viene completamente cargado con una impresionante manguera lavable, boquilla de aluminio y chimenea de carb\u00f3n natural. Tiene un difusor incorporado para que el agua no entre en la manguera tambi\u00e9n. B\u00e1sicamente, \u00a1todo lo que necesitas para unas sesiones de fumado incre\u00edbles est\u00e9s donde est\u00e9s!<\/p><p>No podr\u00eda ser m\u00e1s f\u00e1cil de usar. S\u00f3lo tienes que a\u00f1adir agua a la l\u00ednea, poner la tapa, a\u00f1adir tu shisha, encenderla y \u00a1a disfrutar!<\/p><\/div><\/div><div class=\"detailmodule_text\"><p><span style=\"color: #000000; font-size: 20px; font-family: 'times new roman', times, serif;\"><span style=\"color: #000000; font-size: 24px; font-family: 'times new roman', times, serif;\"><strong>Par\u00e1metro:<\/strong><\/span><\/span><span style=\"color: #000000; font-size: 20px; font-family: 'times new roman', times, serif;\"><span style=\"color: #000000; font-size: 20px; font-family: 'times new roman', times, serif;\"><span style=\"color: #000000; font-size: 24px; font-family: 'times new roman', times, serif;\"><br \/>Peso neto : 420g<br \/>Tama\u00f1o del paquete 25*8,5*8,5cm<br \/>Material : Acr\u00edlico + <a href=\"https:\/\/global-hookah.com\/product\/stainless-steel-russian-hookah-wholesale\/\">Acero inoxidable<\/a><br \/>Uso : Hookah Smoking<\/span><\/span><\/span><\/p><p><span style=\"color: #000000; font-size: 20px; font-family: 'times new roman', times, serif;\"><span style=\"color: #000000; font-size: 24px; font-family: 'times new roman', times, serif;\"><strong>Art\u00edculo incluido:<\/strong><\/span><\/span><span style=\"color: #000000; font-size: 20px; font-family: 'times new roman', times, serif;\"><span style=\"color: #000000; font-size: 20px; font-family: 'times new roman', times, serif;\"><span style=\"color: #000000; font-size: 24px; font-family: 'times new roman', times, serif;\"><br \/>Cubeta de acero inoxidable*1<br \/>Carbonera*1<br \/>Tubo de bajada*1<br \/>Silenciador antirretorno*1<br \/>Tubo de silicona*1<br \/>Pajita de silicona*1<br \/>Luces LED*1<br \/>Clip*1<br \/>Primavera*1<br \/>Enganche*1<br \/>Destornillador*1<br \/>Boquilla desechable*1<br \/>Bolso*1<br \/>Manual*1<\/span><\/span><\/span><\/p><p><span style=\"color: #000000; font-size: 20px; font-family: 'times new roman', times, serif;\"><span style=\"color: #000000; font-size: 24px; font-family: 'times new roman', times, serif;\"><strong>Caracter\u00edsticas: <\/strong><\/span><\/span><span style=\"color: #000000; font-size: 20px; font-family: 'times new roman', times, serif;\"><span style=\"color: #000000; font-size: 24px; font-family: 'times new roman', times, serif;\"><br \/>[RED ANTI-DROP] A\u00f1adimos una capa de la red protectora de metal en la parte superior de la cubierta, que puede prevenir eficazmente el carb\u00f3n se caiga durante la conducci\u00f3n.<br \/>[FACIL DE USAR Y LIMPIAR] El nuevo y moderno dise\u00f1o de este narguile port\u00e1til es muy f\u00e1cil de montar y limpiar. Todo lo que necesitas es un poco de agua y tu barrita favorita para tener la shisha lista. Este <a href=\"https:\/\/global-hookah.com\/product\/medium-single-tube-hookah\/\">viene con accesorios reutilizables y ecol\u00f3gicos, como una manguera de silicona para compartir y un<\/a> punta de narguile. <\/span><\/span><img decoding=\"async\" src=\"https:\/\/ae01.alicdn.com\/kf\/Se83d054975b5445783a9ccb2103d7a075.jpg\" \/><img decoding=\"async\" src=\"https:\/\/ae01.alicdn.com\/kf\/S642e383806e1473da047f24b395c29b5c.jpg\" \/><img decoding=\"async\" src=\"https:\/\/ae01.alicdn.com\/kf\/S765a0f41518b4e119c2b88090d3d2403D.jpg\" \/><img decoding=\"async\" src=\"https:\/\/ae01.alicdn.com\/kf\/Sa488cce6370045dab5a626ea5846bba8D.jpg\" \/><img decoding=\"async\" src=\"https:\/\/ae01.alicdn.com\/kf\/Sf931a8fb139b4ccba2c2d10128b3f414M.jpg\" \/><img decoding=\"async\" src=\"https:\/\/ae01.alicdn.com\/kf\/S38eb91fd8ce04a62a88d4ea5669a96afh.jpg\" \/><img decoding=\"async\" src=\"https:\/\/ae01.alicdn.com\/kf\/S07828baac0af4824aefe7a2eb4a95d68B.jpg\" \/><img decoding=\"async\" src=\"https:\/\/ae01.alicdn.com\/kf\/S69f8695284c54e93bb871efdf8b96c17j.jpg\" \/><img decoding=\"async\" src=\"https:\/\/ae01.alicdn.com\/kf\/S6831ef6fbb3a48f797fec75aec957a2fE.jpg\" \/><img decoding=\"async\" src=\"https:\/\/ae01.alicdn.com\/kf\/S1d0da34e73a946fb99d5bb12320a16ffR.jpg\" \/><\/p><\/div><\/div><\/div>\t\t\t\t\t\t\t\t<\/div>\n\t\t\t\t<\/div>\n\t\t\t\t\t<\/div>\n\t\t<\/div>\n\t\t\t\t\t<\/div>\n\t\t<\/section>\n\t\t\t\t<\/div>","protected":false},"excerpt":{"rendered":"<p>Los h\u00e1bitos de cada amante del narguile son diferentes, pero yo no puedo ir a ning\u00fan sitio sin mi fiel narguile: la playa,<\/p>","protected":false},"featured_media":21847,"comment_status":"closed","ping_status":"closed","template":"","meta":{"iawp_total_views":19,"_joinchat":[]},"product_brand":[],"product_cat":[559],"product_tag":[],"class_list":{"0":"post-21846","1":"product","2":"type-product","3":"status-publish","4":"has-post-thumbnail","6":"product_cat-portable-hookah-wholesale","8":"first","9":"instock","10":"shipping-taxable","11":"product-type-external"},"yoast_head":"<!-- This site is optimized with the Yoast SEO Premium plugin v24.7 (Yoast SEO v26.8) - https:\/\/yoast.com\/product\/yoast-seo-premium-wordpress\/ -->\n<title>Portable Car Hookah Bulk With Led Light Bulk - Global Hookah<\/title>\n<meta name=\"robots\" content=\"index, follow, max-snippet:-1, max-image-preview:large, max-video-preview:-1\" \/>\n<link rel=\"canonical\" href=\"https:\/\/global-hookah.com\/es\/it\/prodotto\/narghile-portatile-per-auto-con-luce-a-led\/\" \/>\n<meta property=\"og:locale\" content=\"es_ES\" \/>\n<meta property=\"og:type\" content=\"article\" \/>\n<meta property=\"og:title\" content=\"Portable Car Hookah Bulk With Led Light Bulk\" \/>\n<meta property=\"og:description\" content=\"Every hookah lover&#8217;s habits are different, but I can&#8217;t deal with going anywhere without my trusty hookah &#8211; the beach,\" \/>\n<meta property=\"og:url\" content=\"https:\/\/global-hookah.com\/es\/it\/prodotto\/narghile-portatile-per-auto-con-luce-a-led\/\" \/>\n<meta property=\"og:site_name\" content=\"Global Hookah\" \/>\n<meta property=\"article:modified_time\" content=\"2024-04-27T02:00:31+00:00\" \/>\n<meta property=\"og:image\" content=\"https:\/\/global-hookah.com\/wp-content\/uploads\/2024\/04\/kf-S96e84f185a324f73af48805fb52a45afN-Portable-Shisha-Hookah-Arabic-Hookah-Cup-Removable-Fashionable-Hookah-Holder-Narguile-Led-Car-Hookah-Household-Hookah.webp\" \/>\n\t<meta property=\"og:image:width\" content=\"800\" \/>\n\t<meta property=\"og:image:height\" content=\"800\" \/>\n\t<meta property=\"og:image:type\" content=\"image\/webp\" \/>\n<meta name=\"twitter:card\" content=\"summary_large_image\" \/>\n<meta name=\"twitter:label1\" content=\"Tiempo de lectura\" \/>\n\t<meta name=\"twitter:data1\" content=\"4 minutos\" \/>\n<script type=\"application\/ld+json\" class=\"yoast-schema-graph\">{\"@context\":\"https:\/\/schema.org\",\"@graph\":[{\"@type\":\"WebPage\",\"@id\":\"https:\/\/global-hookah.com\/it\/prodotto\/narghile-portatile-per-auto-con-luce-a-led\/\",\"url\":\"https:\/\/global-hookah.com\/it\/prodotto\/narghile-portatile-per-auto-con-luce-a-led\/\",\"name\":\"Portable Car Hookah Bulk With Led Light Bulk - Global Hookah\",\"isPartOf\":{\"@id\":\"https:\/\/global-hookah.com\/#website\"},\"primaryImageOfPage\":{\"@id\":\"https:\/\/global-hookah.com\/it\/prodotto\/narghile-portatile-per-auto-con-luce-a-led\/#primaryimage\"},\"image\":{\"@id\":\"https:\/\/global-hookah.com\/it\/prodotto\/narghile-portatile-per-auto-con-luce-a-led\/#primaryimage\"},\"thumbnailUrl\":\"https:\/\/global-hookah.com\/wp-content\/uploads\/2024\/04\/kf-S96e84f185a324f73af48805fb52a45afN-Portable-Shisha-Hookah-Arabic-Hookah-Cup-Removable-Fashionable-Hookah-Holder-Narguile-Led-Car-Hookah-Household-Hookah.webp\",\"datePublished\":\"2024-04-27T01:27:25+00:00\",\"dateModified\":\"2024-04-27T02:00:31+00:00\",\"breadcrumb\":{\"@id\":\"https:\/\/global-hookah.com\/it\/prodotto\/narghile-portatile-per-auto-con-luce-a-led\/#breadcrumb\"},\"inLanguage\":\"es\",\"potentialAction\":[{\"@type\":\"ReadAction\",\"target\":[\"https:\/\/global-hookah.com\/it\/prodotto\/narghile-portatile-per-auto-con-luce-a-led\/\"]}]},{\"@type\":\"ImageObject\",\"inLanguage\":\"es\",\"@id\":\"https:\/\/global-hookah.com\/it\/prodotto\/narghile-portatile-per-auto-con-luce-a-led\/#primaryimage\",\"url\":\"https:\/\/global-hookah.com\/wp-content\/uploads\/2024\/04\/kf-S96e84f185a324f73af48805fb52a45afN-Portable-Shisha-Hookah-Arabic-Hookah-Cup-Removable-Fashionable-Hookah-Holder-Narguile-Led-Car-Hookah-Household-Hookah.webp\",\"contentUrl\":\"https:\/\/global-hookah.com\/wp-content\/uploads\/2024\/04\/kf-S96e84f185a324f73af48805fb52a45afN-Portable-Shisha-Hookah-Arabic-Hookah-Cup-Removable-Fashionable-Hookah-Holder-Narguile-Led-Car-Hookah-Household-Hookah.webp\",\"width\":800,\"height\":800,\"caption\":\"Portable Car Hookah With Led Light Bulk\"},{\"@type\":\"BreadcrumbList\",\"@id\":\"https:\/\/global-hookah.com\/it\/prodotto\/narghile-portatile-per-auto-con-luce-a-led\/#breadcrumb\",\"itemListElement\":[{\"@type\":\"ListItem\",\"position\":1,\"name\":\"Home\",\"item\":\"https:\/\/global-hookah.com\/\"},{\"@type\":\"ListItem\",\"position\":2,\"name\":\"Shop\",\"item\":\"https:\/\/global-hookah.com\/shop\/\"},{\"@type\":\"ListItem\",\"position\":3,\"name\":\"Portable Car Hookah Bulk With Led Light Bulk\"}]},{\"@type\":\"WebSite\",\"@id\":\"https:\/\/global-hookah.com\/#website\",\"url\":\"https:\/\/global-hookah.com\/\",\"name\":\"Global Hookah\",\"description\":\"Global Hookah\",\"publisher\":{\"@id\":\"https:\/\/global-hookah.com\/#organization\"},\"potentialAction\":[{\"@type\":\"SearchAction\",\"target\":{\"@type\":\"EntryPoint\",\"urlTemplate\":\"https:\/\/global-hookah.com\/?s={search_term_string}\"},\"query-input\":{\"@type\":\"PropertyValueSpecification\",\"valueRequired\":true,\"valueName\":\"search_term_string\"}}],\"inLanguage\":\"es\"},{\"@type\":\"Organization\",\"@id\":\"https:\/\/global-hookah.com\/#organization\",\"name\":\"Global Hookah\",\"url\":\"https:\/\/global-hookah.com\/\",\"logo\":{\"@type\":\"ImageObject\",\"inLanguage\":\"es\",\"@id\":\"https:\/\/global-hookah.com\/#\/schema\/logo\/image\/\",\"url\":\"https:\/\/global-hookah.com\/wp-content\/uploads\/2021\/10\/cropped-fgg.png\",\"contentUrl\":\"https:\/\/global-hookah.com\/wp-content\/uploads\/2021\/10\/cropped-fgg.png\",\"width\":512,\"height\":512,\"caption\":\"Global Hookah\"},\"image\":{\"@id\":\"https:\/\/global-hookah.com\/#\/schema\/logo\/image\/\"}}]}<\/script>\n<!-- \/ Yoast SEO Premium plugin. -->","yoast_head_json":{"title":"Coche port\u00e1til Hookah a granel con luz Led a granel - Global Hookah","robots":{"index":"index","follow":"follow","max-snippet":"max-snippet:-1","max-image-preview":"max-image-preview:large","max-video-preview":"max-video-preview:-1"},"canonical":"https:\/\/global-hookah.com\/es\/it\/prodotto\/narghile-portatile-per-auto-con-luce-a-led\/","og_locale":"es_ES","og_type":"article","og_title":"Portable Car Hookah Bulk With Led Light Bulk","og_description":"Every hookah lover&#8217;s habits are different, but I can&#8217;t deal with going anywhere without my trusty hookah &#8211; the beach,","og_url":"https:\/\/global-hookah.com\/es\/it\/prodotto\/narghile-portatile-per-auto-con-luce-a-led\/","og_site_name":"Global Hookah","article_modified_time":"2024-04-27T02:00:31+00:00","og_image":[{"width":800,"height":800,"url":"https:\/\/global-hookah.com\/wp-content\/uploads\/2024\/04\/kf-S96e84f185a324f73af48805fb52a45afN-Portable-Shisha-Hookah-Arabic-Hookah-Cup-Removable-Fashionable-Hookah-Holder-Narguile-Led-Car-Hookah-Household-Hookah.webp","type":"image\/webp"}],"twitter_card":"summary_large_image","twitter_misc":{"Tiempo de lectura":"4 minutos"},"schema":{"@context":"https:\/\/schema.org","@graph":[{"@type":"WebPage","@id":"https:\/\/global-hookah.com\/it\/prodotto\/narghile-portatile-per-auto-con-luce-a-led\/","url":"https:\/\/global-hookah.com\/it\/prodotto\/narghile-portatile-per-auto-con-luce-a-led\/","name":"Coche port\u00e1til Hookah a granel con luz Led a granel - Global Hookah","isPartOf":{"@id":"https:\/\/global-hookah.com\/#website"},"primaryImageOfPage":{"@id":"https:\/\/global-hookah.com\/it\/prodotto\/narghile-portatile-per-auto-con-luce-a-led\/#primaryimage"},"image":{"@id":"https:\/\/global-hookah.com\/it\/prodotto\/narghile-portatile-per-auto-con-luce-a-led\/#primaryimage"},"thumbnailUrl":"https:\/\/global-hookah.com\/wp-content\/uploads\/2024\/04\/kf-S96e84f185a324f73af48805fb52a45afN-Portable-Shisha-Hookah-Arabic-Hookah-Cup-Removable-Fashionable-Hookah-Holder-Narguile-Led-Car-Hookah-Household-Hookah.webp","datePublished":"2024-04-27T01:27:25+00:00","dateModified":"2024-04-27T02:00:31+00:00","breadcrumb":{"@id":"https:\/\/global-hookah.com\/it\/prodotto\/narghile-portatile-per-auto-con-luce-a-led\/#breadcrumb"},"inLanguage":"es","potentialAction":[{"@type":"ReadAction","target":["https:\/\/global-hookah.com\/it\/prodotto\/narghile-portatile-per-auto-con-luce-a-led\/"]}]},{"@type":"ImageObject","inLanguage":"es","@id":"https:\/\/global-hookah.com\/it\/prodotto\/narghile-portatile-per-auto-con-luce-a-led\/#primaryimage","url":"https:\/\/global-hookah.com\/wp-content\/uploads\/2024\/04\/kf-S96e84f185a324f73af48805fb52a45afN-Portable-Shisha-Hookah-Arabic-Hookah-Cup-Removable-Fashionable-Hookah-Holder-Narguile-Led-Car-Hookah-Household-Hookah.webp","contentUrl":"https:\/\/global-hookah.com\/wp-content\/uploads\/2024\/04\/kf-S96e84f185a324f73af48805fb52a45afN-Portable-Shisha-Hookah-Arabic-Hookah-Cup-Removable-Fashionable-Hookah-Holder-Narguile-Led-Car-Hookah-Household-Hookah.webp","width":800,"height":800,"caption":"Portable Car Hookah With Led Light Bulk"},{"@type":"BreadcrumbList","@id":"https:\/\/global-hookah.com\/it\/prodotto\/narghile-portatile-per-auto-con-luce-a-led\/#breadcrumb","itemListElement":[{"@type":"ListItem","position":1,"name":"Home","item":"https:\/\/global-hookah.com\/"},{"@type":"ListItem","position":2,"name":"Shop","item":"https:\/\/global-hookah.com\/shop\/"},{"@type":"ListItem","position":3,"name":"Portable Car Hookah Bulk With Led Light Bulk"}]},{"@type":"WebSite","@id":"https:\/\/global-hookah.com\/#website","url":"https:\/\/global-hookah.com\/","name":"Global Hookah","description":"Global Hookah","publisher":{"@id":"https:\/\/global-hookah.com\/#organization"},"potentialAction":[{"@type":"SearchAction","target":{"@type":"EntryPoint","urlTemplate":"https:\/\/global-hookah.com\/?s={search_term_string}"},"query-input":{"@type":"PropertyValueSpecification","valueRequired":true,"valueName":"search_term_string"}}],"inLanguage":"es"},{"@type":"Organization","@id":"https:\/\/global-hookah.com\/#organization","name":"Global Hookah","url":"https:\/\/global-hookah.com\/","logo":{"@type":"ImageObject","inLanguage":"es","@id":"https:\/\/global-hookah.com\/#\/schema\/logo\/image\/","url":"https:\/\/global-hookah.com\/wp-content\/uploads\/2021\/10\/cropped-fgg.png","contentUrl":"https:\/\/global-hookah.com\/wp-content\/uploads\/2021\/10\/cropped-fgg.png","width":512,"height":512,"caption":"Global Hookah"},"image":{"@id":"https:\/\/global-hookah.com\/#\/schema\/logo\/image\/"}}]}},"_links":{"self":[{"href":"https:\/\/global-hookah.com\/es\/wp-json\/wp\/v2\/product\/21846","targetHints":{"allow":["GET"]}}],"collection":[{"href":"https:\/\/global-hookah.com\/es\/wp-json\/wp\/v2\/product"}],"about":[{"href":"https:\/\/global-hookah.com\/es\/wp-json\/wp\/v2\/types\/product"}],"replies":[{"embeddable":true,"href":"https:\/\/global-hookah.com\/es\/wp-json\/wp\/v2\/comments?post=21846"}],"version-history":[{"count":0,"href":"https:\/\/global-hookah.com\/es\/wp-json\/wp\/v2\/product\/21846\/revisions"}],"wp:featuredmedia":[{"embeddable":true,"href":"https:\/\/global-hookah.com\/es\/wp-json\/wp\/v2\/media\/21847"}],"wp:attachment":[{"href":"https:\/\/global-hookah.com\/es\/wp-json\/wp\/v2\/media?parent=21846"}],"wp:term":[{"taxonomy":"product_brand","embeddable":true,"href":"https:\/\/global-hookah.com\/es\/wp-json\/wp\/v2\/product_brand?post=21846"},{"taxonomy":"product_cat","embeddable":true,"href":"https:\/\/global-hookah.com\/es\/wp-json\/wp\/v2\/product_cat?post=21846"},{"taxonomy":"product_tag","embeddable":true,"href":"https:\/\/global-hookah.com\/es\/wp-json\/wp\/v2\/product_tag?post=21846"}],"curies":[{"name":"wp","href":"https:\/\/api.w.org\/{rel}","templated":true}]}}