{"id":21864,"date":"2024-04-27T01:40:51","date_gmt":"2024-04-27T01:40:51","guid":{"rendered":"https:\/\/global-hookah.com\/product\/bulk-order-for-new-acrylic-square-4-pipe-hookah\/"},"modified":"2024-05-08T01:47:11","modified_gmt":"2024-05-08T01:47:11","slug":"bulk-order-for-new-acrylic-square-4-pipe-hookah","status":"publish","type":"product","link":"https:\/\/global-hookah.com\/es\/producto\/bulk-order-for-new-acrylic-square-4-pipe-hookah\/","title":{"rendered":"Pedido al por mayor de la nueva hookah acr\u00edlica cuadrada de 4 tubos"},"content":{"rendered":"<div class=\"product-specs-list-container\">\n<ul class=\"product-specs-list util-clearfix\">\n<li class=\"product-prop line-limit-length\"><span\n\t\t\t\t\t\t\t\t\tclass=\"property-title\">Forma:&nbsp;<\/span><span\n\t\t\t\t\t\t\t\t\tclass=\"property-desc line-limit-length\">Tipo libre<\/span>\n\t\t\t\t\t\t<\/li>\n<li class=\"product-prop line-limit-length\"><span\n\t\t\t\t\t\t\t\t\tclass=\"property-title\">Material:&nbsp;<\/span><span\n\t\t\t\t\t\t\t\t\tclass=\"property-desc line-limit-length\">Acr\u00edlico<\/span>\n\t\t\t\t\t\t<\/li>\n<li class=\"product-prop line-limit-length\"><span\n\t\t\t\t\t\t\t\t\tclass=\"property-title\">Origen:&nbsp;<\/span><span\n\t\t\t\t\t\t\t\t\tclass=\"property-desc line-limit-length\">China continental<\/span>\n\t\t\t\t\t\t<\/li>\n<li class=\"product-prop line-limit-length\"><span\n\t\t\t\t\t\t\t\t\tclass=\"property-title\">peso:&nbsp;<\/span><span\n\t\t\t\t\t\t\t\t\tclass=\"property-desc line-limit-length\">2,2 kg<\/span>\n\t\t\t\t\t\t<\/li>\n<li class=\"product-prop line-limit-length\"><span\n\t\t\t\t\t\t\t\t\tclass=\"property-title\">altura:&nbsp;<\/span><span\n\t\t\t\t\t\t\t\t\tclass=\"property-desc line-limit-length\">45 cm<\/span>\n\t\t\t\t\t\t<\/li>\n<\/ul><\/div>\n<p>Nueva \u00e1rabe hookah bar con luces de cuatro tubos de acr\u00edlico cuadrado hookah luces shisha<img decoding=\"async\" src=\"https:\/\/ae01.alicdn.com\/kf\/S0f9e02d279ec451696ba5256e3f57105e.jpg\" slate-data-type=\"image\"\/><img decoding=\"async\" src=\"https:\/\/ae01.alicdn.com\/kf\/S08f261d0e7104a4da50102600c54d463K.jpg\" slate-data-type=\"image\"\/><img decoding=\"async\" src=\"https:\/\/ae01.alicdn.com\/kf\/S47a0230898c84e1caa0d15e3186fe5b2w.jpg\" slate-data-type=\"image\"\/><img decoding=\"async\" src=\"https:\/\/ae01.alicdn.com\/kf\/Sa783b6ec353d4b37bb1267975e2b1650N.jpg\" slate-data-type=\"image\"\/><img decoding=\"async\" src=\"https:\/\/ae01.alicdn.com\/kf\/S2b233f90c44a4cbfa9e73454c87e614d8.jpg\" slate-data-type=\"image\"\/><img decoding=\"async\" src=\"https:\/\/ae01.alicdn.com\/kf\/S50910e6e3e0e437d996a652f9716b96fa.jpg\" slate-data-type=\"image\"\/><\/p>","protected":false},"excerpt":{"rendered":"<p>Forma: Tipo Libre Material: Acr\u00edlico Origen: China continental peso: 2.2kg altura: 45cm Nueva \u00e1rabe hookah bar con luces de cuatro tubos de acr\u00edlico cuadrado hookah luces shisha<\/p>","protected":false},"featured_media":21865,"comment_status":"closed","ping_status":"closed","template":"","meta":{"iawp_total_views":26,"_joinchat":[]},"product_brand":[],"product_cat":[119],"product_tag":[],"class_list":{"0":"post-21864","1":"product","2":"type-product","3":"status-publish","4":"has-post-thumbnail","6":"product_cat-wholesale-hookah","8":"first","9":"instock","10":"shipping-taxable","11":"purchasable","12":"product-type-variable"},"yoast_head":"<!-- This site is optimized with the Yoast SEO Premium plugin v24.7 (Yoast SEO v26.8) - https:\/\/yoast.com\/product\/yoast-seo-premium-wordpress\/ -->\n<title>Bulk Order for New Acrylic Square 4 Pipe Hookah - Global Hookah<\/title>\n<meta name=\"robots\" content=\"index, follow, max-snippet:-1, max-image-preview:large, max-video-preview:-1\" \/>\n<link rel=\"canonical\" href=\"https:\/\/global-hookah.com\/es\/produkt\/grosauftrag-fur-neue-quadratische-acryl-4-rohr-wasserpfeife\/\" \/>\n<meta property=\"og:locale\" content=\"es_ES\" \/>\n<meta property=\"og:type\" content=\"article\" \/>\n<meta property=\"og:title\" content=\"Bulk Order for New Acrylic Square 4 Pipe Hookah\" \/>\n<meta property=\"og:description\" content=\"Shape:&nbsp;Free Type Material:&nbsp;Acrylic Origin:&nbsp;Mainland China weight:&nbsp;2.2kg height:&nbsp;45cm New Arabian hookah bar with lights four-tube acrylic square hookah lights shisha\" \/>\n<meta property=\"og:url\" content=\"https:\/\/global-hookah.com\/es\/produkt\/grosauftrag-fur-neue-quadratische-acryl-4-rohr-wasserpfeife\/\" \/>\n<meta property=\"og:site_name\" content=\"Global Hookah\" \/>\n<meta property=\"article:modified_time\" content=\"2024-05-08T01:47:11+00:00\" \/>\n<meta property=\"og:image\" content=\"https:\/\/global-hookah.com\/wp-content\/uploads\/2024\/04\/kf-S0f9e02d279ec451696ba5256e3f57105e-New-Arabian-hookah-bar-with-lights-four-tube-acrylic-square-hookah-lights-shisha.webp\" \/>\n\t<meta property=\"og:image:width\" content=\"800\" \/>\n\t<meta property=\"og:image:height\" content=\"800\" \/>\n\t<meta property=\"og:image:type\" content=\"image\/webp\" \/>\n<meta name=\"twitter:card\" content=\"summary_large_image\" \/>\n<script type=\"application\/ld+json\" class=\"yoast-schema-graph\">{\"@context\":\"https:\/\/schema.org\",\"@graph\":[{\"@type\":\"WebPage\",\"@id\":\"https:\/\/global-hookah.com\/de\/produkt\/grosauftrag-fur-neue-quadratische-acryl-4-rohr-wasserpfeife\/\",\"url\":\"https:\/\/global-hookah.com\/de\/produkt\/grosauftrag-fur-neue-quadratische-acryl-4-rohr-wasserpfeife\/\",\"name\":\"Bulk Order for New Acrylic Square 4 Pipe Hookah - Global Hookah\",\"isPartOf\":{\"@id\":\"https:\/\/global-hookah.com\/#website\"},\"primaryImageOfPage\":{\"@id\":\"https:\/\/global-hookah.com\/de\/produkt\/grosauftrag-fur-neue-quadratische-acryl-4-rohr-wasserpfeife\/#primaryimage\"},\"image\":{\"@id\":\"https:\/\/global-hookah.com\/de\/produkt\/grosauftrag-fur-neue-quadratische-acryl-4-rohr-wasserpfeife\/#primaryimage\"},\"thumbnailUrl\":\"https:\/\/global-hookah.com\/wp-content\/uploads\/2024\/04\/kf-S0f9e02d279ec451696ba5256e3f57105e-New-Arabian-hookah-bar-with-lights-four-tube-acrylic-square-hookah-lights-shisha.webp\",\"datePublished\":\"2024-04-27T01:40:51+00:00\",\"dateModified\":\"2024-05-08T01:47:11+00:00\",\"breadcrumb\":{\"@id\":\"https:\/\/global-hookah.com\/de\/produkt\/grosauftrag-fur-neue-quadratische-acryl-4-rohr-wasserpfeife\/#breadcrumb\"},\"inLanguage\":\"es\",\"potentialAction\":[{\"@type\":\"ReadAction\",\"target\":[\"https:\/\/global-hookah.com\/de\/produkt\/grosauftrag-fur-neue-quadratische-acryl-4-rohr-wasserpfeife\/\"]}]},{\"@type\":\"ImageObject\",\"inLanguage\":\"es\",\"@id\":\"https:\/\/global-hookah.com\/de\/produkt\/grosauftrag-fur-neue-quadratische-acryl-4-rohr-wasserpfeife\/#primaryimage\",\"url\":\"https:\/\/global-hookah.com\/wp-content\/uploads\/2024\/04\/kf-S0f9e02d279ec451696ba5256e3f57105e-New-Arabian-hookah-bar-with-lights-four-tube-acrylic-square-hookah-lights-shisha.webp\",\"contentUrl\":\"https:\/\/global-hookah.com\/wp-content\/uploads\/2024\/04\/kf-S0f9e02d279ec451696ba5256e3f57105e-New-Arabian-hookah-bar-with-lights-four-tube-acrylic-square-hookah-lights-shisha.webp\",\"width\":800,\"height\":800},{\"@type\":\"BreadcrumbList\",\"@id\":\"https:\/\/global-hookah.com\/de\/produkt\/grosauftrag-fur-neue-quadratische-acryl-4-rohr-wasserpfeife\/#breadcrumb\",\"itemListElement\":[{\"@type\":\"ListItem\",\"position\":1,\"name\":\"Home\",\"item\":\"https:\/\/global-hookah.com\/\"},{\"@type\":\"ListItem\",\"position\":2,\"name\":\"Shop\",\"item\":\"https:\/\/global-hookah.com\/shop\/\"},{\"@type\":\"ListItem\",\"position\":3,\"name\":\"Bulk Order for New Acrylic Square 4 Pipe Hookah\"}]},{\"@type\":\"WebSite\",\"@id\":\"https:\/\/global-hookah.com\/#website\",\"url\":\"https:\/\/global-hookah.com\/\",\"name\":\"Global Hookah\",\"description\":\"Global Hookah\",\"publisher\":{\"@id\":\"https:\/\/global-hookah.com\/#organization\"},\"potentialAction\":[{\"@type\":\"SearchAction\",\"target\":{\"@type\":\"EntryPoint\",\"urlTemplate\":\"https:\/\/global-hookah.com\/?s={search_term_string}\"},\"query-input\":{\"@type\":\"PropertyValueSpecification\",\"valueRequired\":true,\"valueName\":\"search_term_string\"}}],\"inLanguage\":\"es\"},{\"@type\":\"Organization\",\"@id\":\"https:\/\/global-hookah.com\/#organization\",\"name\":\"Global Hookah\",\"url\":\"https:\/\/global-hookah.com\/\",\"logo\":{\"@type\":\"ImageObject\",\"inLanguage\":\"es\",\"@id\":\"https:\/\/global-hookah.com\/#\/schema\/logo\/image\/\",\"url\":\"https:\/\/global-hookah.com\/wp-content\/uploads\/2021\/10\/cropped-fgg.png\",\"contentUrl\":\"https:\/\/global-hookah.com\/wp-content\/uploads\/2021\/10\/cropped-fgg.png\",\"width\":512,\"height\":512,\"caption\":\"Global Hookah\"},\"image\":{\"@id\":\"https:\/\/global-hookah.com\/#\/schema\/logo\/image\/\"}}]}<\/script>\n<!-- \/ Yoast SEO Premium plugin. -->","yoast_head_json":{"title":"Pedidos al por mayor para el nuevo acr\u00edlico cuadrado 4 pipa Hookah - Global Hookah","robots":{"index":"index","follow":"follow","max-snippet":"max-snippet:-1","max-image-preview":"max-image-preview:large","max-video-preview":"max-video-preview:-1"},"canonical":"https:\/\/global-hookah.com\/es\/produkt\/grosauftrag-fur-neue-quadratische-acryl-4-rohr-wasserpfeife\/","og_locale":"es_ES","og_type":"article","og_title":"Bulk Order for New Acrylic Square 4 Pipe Hookah","og_description":"Shape:&nbsp;Free Type Material:&nbsp;Acrylic Origin:&nbsp;Mainland China weight:&nbsp;2.2kg height:&nbsp;45cm New Arabian hookah bar with lights four-tube acrylic square hookah lights shisha","og_url":"https:\/\/global-hookah.com\/es\/produkt\/grosauftrag-fur-neue-quadratische-acryl-4-rohr-wasserpfeife\/","og_site_name":"Global Hookah","article_modified_time":"2024-05-08T01:47:11+00:00","og_image":[{"width":800,"height":800,"url":"https:\/\/global-hookah.com\/wp-content\/uploads\/2024\/04\/kf-S0f9e02d279ec451696ba5256e3f57105e-New-Arabian-hookah-bar-with-lights-four-tube-acrylic-square-hookah-lights-shisha.webp","type":"image\/webp"}],"twitter_card":"summary_large_image","schema":{"@context":"https:\/\/schema.org","@graph":[{"@type":"WebPage","@id":"https:\/\/global-hookah.com\/de\/produkt\/grosauftrag-fur-neue-quadratische-acryl-4-rohr-wasserpfeife\/","url":"https:\/\/global-hookah.com\/de\/produkt\/grosauftrag-fur-neue-quadratische-acryl-4-rohr-wasserpfeife\/","name":"Pedidos al por mayor para el nuevo acr\u00edlico cuadrado 4 pipa Hookah - Global Hookah","isPartOf":{"@id":"https:\/\/global-hookah.com\/#website"},"primaryImageOfPage":{"@id":"https:\/\/global-hookah.com\/de\/produkt\/grosauftrag-fur-neue-quadratische-acryl-4-rohr-wasserpfeife\/#primaryimage"},"image":{"@id":"https:\/\/global-hookah.com\/de\/produkt\/grosauftrag-fur-neue-quadratische-acryl-4-rohr-wasserpfeife\/#primaryimage"},"thumbnailUrl":"https:\/\/global-hookah.com\/wp-content\/uploads\/2024\/04\/kf-S0f9e02d279ec451696ba5256e3f57105e-New-Arabian-hookah-bar-with-lights-four-tube-acrylic-square-hookah-lights-shisha.webp","datePublished":"2024-04-27T01:40:51+00:00","dateModified":"2024-05-08T01:47:11+00:00","breadcrumb":{"@id":"https:\/\/global-hookah.com\/de\/produkt\/grosauftrag-fur-neue-quadratische-acryl-4-rohr-wasserpfeife\/#breadcrumb"},"inLanguage":"es","potentialAction":[{"@type":"ReadAction","target":["https:\/\/global-hookah.com\/de\/produkt\/grosauftrag-fur-neue-quadratische-acryl-4-rohr-wasserpfeife\/"]}]},{"@type":"ImageObject","inLanguage":"es","@id":"https:\/\/global-hookah.com\/de\/produkt\/grosauftrag-fur-neue-quadratische-acryl-4-rohr-wasserpfeife\/#primaryimage","url":"https:\/\/global-hookah.com\/wp-content\/uploads\/2024\/04\/kf-S0f9e02d279ec451696ba5256e3f57105e-New-Arabian-hookah-bar-with-lights-four-tube-acrylic-square-hookah-lights-shisha.webp","contentUrl":"https:\/\/global-hookah.com\/wp-content\/uploads\/2024\/04\/kf-S0f9e02d279ec451696ba5256e3f57105e-New-Arabian-hookah-bar-with-lights-four-tube-acrylic-square-hookah-lights-shisha.webp","width":800,"height":800},{"@type":"BreadcrumbList","@id":"https:\/\/global-hookah.com\/de\/produkt\/grosauftrag-fur-neue-quadratische-acryl-4-rohr-wasserpfeife\/#breadcrumb","itemListElement":[{"@type":"ListItem","position":1,"name":"Home","item":"https:\/\/global-hookah.com\/"},{"@type":"ListItem","position":2,"name":"Shop","item":"https:\/\/global-hookah.com\/shop\/"},{"@type":"ListItem","position":3,"name":"Bulk Order for New Acrylic Square 4 Pipe Hookah"}]},{"@type":"WebSite","@id":"https:\/\/global-hookah.com\/#website","url":"https:\/\/global-hookah.com\/","name":"Global Hookah","description":"Global Hookah","publisher":{"@id":"https:\/\/global-hookah.com\/#organization"},"potentialAction":[{"@type":"SearchAction","target":{"@type":"EntryPoint","urlTemplate":"https:\/\/global-hookah.com\/?s={search_term_string}"},"query-input":{"@type":"PropertyValueSpecification","valueRequired":true,"valueName":"search_term_string"}}],"inLanguage":"es"},{"@type":"Organization","@id":"https:\/\/global-hookah.com\/#organization","name":"Global Hookah","url":"https:\/\/global-hookah.com\/","logo":{"@type":"ImageObject","inLanguage":"es","@id":"https:\/\/global-hookah.com\/#\/schema\/logo\/image\/","url":"https:\/\/global-hookah.com\/wp-content\/uploads\/2021\/10\/cropped-fgg.png","contentUrl":"https:\/\/global-hookah.com\/wp-content\/uploads\/2021\/10\/cropped-fgg.png","width":512,"height":512,"caption":"Global Hookah"},"image":{"@id":"https:\/\/global-hookah.com\/#\/schema\/logo\/image\/"}}]}},"_links":{"self":[{"href":"https:\/\/global-hookah.com\/es\/wp-json\/wp\/v2\/product\/21864","targetHints":{"allow":["GET"]}}],"collection":[{"href":"https:\/\/global-hookah.com\/es\/wp-json\/wp\/v2\/product"}],"about":[{"href":"https:\/\/global-hookah.com\/es\/wp-json\/wp\/v2\/types\/product"}],"replies":[{"embeddable":true,"href":"https:\/\/global-hookah.com\/es\/wp-json\/wp\/v2\/comments?post=21864"}],"version-history":[{"count":0,"href":"https:\/\/global-hookah.com\/es\/wp-json\/wp\/v2\/product\/21864\/revisions"}],"wp:featuredmedia":[{"embeddable":true,"href":"https:\/\/global-hookah.com\/es\/wp-json\/wp\/v2\/media\/21865"}],"wp:attachment":[{"href":"https:\/\/global-hookah.com\/es\/wp-json\/wp\/v2\/media?parent=21864"}],"wp:term":[{"taxonomy":"product_brand","embeddable":true,"href":"https:\/\/global-hookah.com\/es\/wp-json\/wp\/v2\/product_brand?post=21864"},{"taxonomy":"product_cat","embeddable":true,"href":"https:\/\/global-hookah.com\/es\/wp-json\/wp\/v2\/product_cat?post=21864"},{"taxonomy":"product_tag","embeddable":true,"href":"https:\/\/global-hookah.com\/es\/wp-json\/wp\/v2\/product_tag?post=21864"}],"curies":[{"name":"wp","href":"https:\/\/api.w.org\/{rel}","templated":true}]}}