{"id":21977,"date":"2024-04-28T08:18:11","date_gmt":"2024-04-28T08:18:11","guid":{"rendered":"https:\/\/global-hookah.com\/product\/bmax-manufacturer-0-95l-gas-tank-615g-whipped-cream-chargers-cylinder-8125505\/"},"modified":"2024-04-28T08:36:51","modified_gmt":"2024-04-28T08:36:51","slug":"canada-nitrous-oxide-tank-food-grade-wholesale","status":"publish","type":"product","link":"https:\/\/global-hookah.com\/es\/producto\/canada-nitrous-oxide-tank-food-grade-wholesale\/","title":{"rendered":"Canada Tanque de Oxido Nitroso Grado Alimenticio Mayorista"},"content":{"rendered":"<div id=\"detail_decorate_root\" data-magic-global=\"%7B%22bizId%22%3A2216009826484%2C%22pageId%22%3A21282574763%2C%22siteId%22%3A10100754005%7D\">\n<div class=\"J_module\">\n<div id=\"ali-anchor-AliMagic-40g3pb\" class=\"magic-0\" data-section=\"AliMagic-40g3pb\" data-section-title=\"Product\">Descripci\u00f3n del producto<\/div>\n<\/div>\n<div class=\"J_module\">\n<div class=\"icbu-pc-detailManyImage\">\n<div class=\"magic-2\"><img decoding=\"async\" class=\"magic-3\/\" src=\"\/\/sc04.alicdn.com\/kf\/Ad8c581fbd0624f6b8b1b2953c3ab26c97\/274043268\/Ad8c581fbd0624f6b8b1b2953c3ab26c97.jpg\" \/><noscript><img src=\"\/\/sc04.alicdn.com\/kf\/Ad8c581fbd0624f6b8b1b2953c3ab26c97\/274043268\/Ad8c581fbd0624f6b8b1b2953c3ab26c97.jpg\" class=\"magic-3\/\"><\/noscript><\/div>\n<div class=\"magic-2\"><img decoding=\"async\" class=\"magic-3\/\" src=\"\/\/sc04.alicdn.com\/kf\/H91f88bab43764db69f19ddca941a2b2eY\/274043268\/H91f88bab43764db69f19ddca941a2b2eY.jpg\" \/><noscript><img src=\"\/\/sc04.alicdn.com\/kf\/H91f88bab43764db69f19ddca941a2b2eY\/274043268\/H91f88bab43764db69f19ddca941a2b2eY.jpg\" class=\"magic-3\/\"><\/noscript><\/div>\n<\/div>\n<\/div>\n<div class=\"J_module\">\n<div id=\"ali-anchor-AliMagic-dq4hpu\" class=\"magic-0\" data-section=\"AliMagic-dq4hpu\" data-section-title=\"Specification\">Especificaci\u00f3n<\/div>\n<\/div>\n<div class=\"J_module\">\n<div class=\"ife-detail-decorate-table\">\n<table class=\"has-title\">\n<tbody>\n<tr>\n<td colspan=\"1\" rowspan=\"1\">\n<div class=\"magic-5\">art\u00edculo<\/div>\n<\/td>\n<td colspan=\"1\" rowspan=\"1\">\n<div class=\"magic-6\">valor<\/div>\n<\/td>\n<\/tr>\n<tr>\n<td colspan=\"1\" rowspan=\"1\">\n<div class=\"magic-5\">Caracter\u00edstica<\/div>\n<\/td>\n<td colspan=\"1\" rowspan=\"1\">\n<div class=\"magic-6\">Sostenible. En stock<\/div>\n<\/td>\n<\/tr>\n<tr>\n<td colspan=\"1\" rowspan=\"1\">\n<div class=\"magic-5\">Nombre del producto<\/div>\n<\/td>\n<td colspan=\"1\" rowspan=\"1\">\n<div class=\"magic-6\">Botes de 615g Cargadores de nata montada Bmax con regulador<\/div>\n<\/td>\n<\/tr>\n<tr>\n<td colspan=\"1\" rowspan=\"1\">\n<div class=\"magic-5\">Utilizaci\u00f3n<\/div>\n<\/td>\n<td colspan=\"1\" rowspan=\"1\">\n<div class=\"magic-6\">Cremera Herramientas para postres<\/div>\n<\/td>\n<\/tr>\n<tr>\n<td colspan=\"1\" rowspan=\"1\">\n<div class=\"magic-5\">Marca<\/div>\n<\/td>\n<td colspan=\"1\" rowspan=\"1\">\n<div class=\"magic-6\">Bmax o a medida<\/div>\n<\/td>\n<\/tr>\n<tr>\n<td colspan=\"1\" rowspan=\"1\">\n<div class=\"magic-5\">Volumen<\/div>\n<\/td>\n<td colspan=\"1\" rowspan=\"1\">\n<div class=\"magic-6\">615 g\/0,95 l<\/div>\n<\/td>\n<\/tr>\n<tr>\n<td colspan=\"1\" rowspan=\"1\">\n<div class=\"magic-5\">Caracter\u00edstica<\/div>\n<\/td>\n<td colspan=\"1\" rowspan=\"1\">\n<div class=\"magic-6\">Puede montar 10% m\u00e1s nata que otra marca<\/div>\n<\/td>\n<\/tr>\n<tr>\n<td colspan=\"1\" rowspan=\"1\">\n<div class=\"magic-5\">Grado<\/div>\n<\/td>\n<td colspan=\"1\" rowspan=\"1\">\n<div class=\"magic-6\">Calidad alimentaria<\/div>\n<\/td>\n<\/tr>\n<tr>\n<td colspan=\"1\" rowspan=\"1\">\n<div class=\"magic-5\">Pruebe<\/div>\n<\/td>\n<td colspan=\"1\" rowspan=\"1\">\n<div class=\"magic-6\">Dulce sin ning\u00fan sabor extra\u00f1o<\/div>\n<\/td>\n<\/tr>\n<tr>\n<td colspan=\"1\" rowspan=\"1\">\n<div class=\"magic-5\">MOQ<\/div>\n<\/td>\n<td colspan=\"1\" rowspan=\"1\">\n<div class=\"magic-6\">8640 unidades de un contenedor completo de 20GP<\/div>\n<\/td>\n<\/tr>\n<\/tbody>\n<\/table>\n<\/div>\n<\/div>\n<div class=\"J_module\">\n<div id=\"ali-anchor-AliMagic-jk5md8\" class=\"magic-0\" data-section=\"AliMagic-jk5md8\" data-section-title=\"Packing\">Embalaje y entrega<\/div>\n<\/div>\n<div class=\"J_module\">\n<div class=\"icbu-pc-images\">\n<div>\n<div class=\"flex-layout-v\">\n<div class=\"flex-layout-h\">\n<div class=\"magic-8\"><img decoding=\"async\" class=\"magic-9\/\" src=\"https:\/\/sc01.alicdn.com\/kf\/Af0df4f89c35f4ad2ad71025a01beaabfr.jpg\" \/><noscript><img src=\"https:\/\/sc01.alicdn.com\/kf\/Af0df4f89c35f4ad2ad71025a01beaabfr.jpg\" class=\"magic-9\/\"><\/noscript><\/div>\n<div class=\"magic-10\"><img decoding=\"async\" class=\"magic-11\/\" src=\"\/\/sc04.alicdn.com\/kf\/Ha8b1b3de064f4b608d57d7dc79437ae6E\/274043268\/Ha8b1b3de064f4b608d57d7dc79437ae6E.jpg\" \/><noscript><img src=\"\/\/sc04.alicdn.com\/kf\/Ha8b1b3de064f4b608d57d7dc79437ae6E\/274043268\/Ha8b1b3de064f4b608d57d7dc79437ae6E.jpg\" class=\"magic-11\/\"><\/noscript><\/div>\n<\/div>\n<\/div>\n<\/div>\n<\/div>\n<\/div>\n<div class=\"J_module\">\n<div class=\"detail-decorate-json-renderer-container\">\n<div class=\"magic-12\">\n<div class=\"magic-13\">\n<div class=\"magic-14\">\n<div class=\"magic-15\"><span class=\"magic-16\">Botes de 615g Bmax Cargadores de Nata Montada con Regulador 6 PCS EN CAJAS LAS CAJAS SE ENVASAN EN PALETS<\/span><\/div>\n<\/div>\n<\/div>\n<\/div>\n<\/div>\n<\/div>\n<div class=\"J_module\">\n<div id=\"ali-anchor-AliMagic-8ueb7d\" class=\"magic-0\" data-section=\"AliMagic-8ueb7d\" data-section-title=\"Company\">Perfil de la empresa<\/div>\n<\/div>\n<div class=\"J_module\">\n<div class=\"detail-decorate-json-renderer-container\">\n<div class=\"magic-12\">\n<div class=\"magic-13\">\n<div class=\"magic-14\">\n<div class=\"magic-15\"><span class=\"magic-17\">Bmax es la mayor f\u00e1brica de cargadores de crema de China, con una superficie de 150.000 m2. Disponemos de la l\u00ednea de producci\u00f3n automatizada m\u00e1s avanzada del mundo, que produce 20.000 piezas al d\u00eda. Hemos invertido e implantado las \u00faltimas l\u00edneas de producci\u00f3n automatizadas. integrando a la perfecci\u00f3n tecnolog\u00eda avanzada en nuestros procesos de fabricaci\u00f3n. Nuestros sistemas automatizados garantizan la m\u00e1xima eficacia de producci\u00f3n, manteniendo al mismo tiempo la consistencia y calidad del producto.<\/span><\/div>\n<\/div>\n<\/div>\n<\/div>\n<\/div>\n<\/div>\n<div class=\"J_module\">\n<div class=\"icbu-pc-images\">\n<div>\n<div class=\"flex-layout-v\">\n<div class=\"flex-layout-h\">\n<div class=\"magic-18\"><img decoding=\"async\" class=\"magic-19\/\" src=\"\/\/sc04.alicdn.com\/kf\/Acd98248e6fe24eedbe5b70a7a5e98c6aw\/274043268\/Acd98248e6fe24eedbe5b70a7a5e98c6aw.jpg\" \/><noscript><img src=\"\/\/sc04.alicdn.com\/kf\/Acd98248e6fe24eedbe5b70a7a5e98c6aw\/274043268\/Acd98248e6fe24eedbe5b70a7a5e98c6aw.jpg\" class=\"magic-19\/\"><\/noscript><\/div>\n<\/div>\n<\/div>\n<\/div>\n<\/div>\n<\/div>\n<div class=\"J_module\">\n<div id=\"ali-anchor-AliMagic-38efet\" class=\"magic-0\" data-section=\"AliMagic-38efet\" data-section-title=\"Certifications\">Certificaciones<\/div>\n<\/div>\n<div class=\"J_module\">\n<div class=\"icbu-pc-images\">\n<div>\n<div class=\"flex-layout-v\">\n<div class=\"flex-layout-h\">\n<div class=\"magic-20\"><img decoding=\"async\" class=\"magic-21\/\" src=\"\/\/sc04.alicdn.com\/kf\/He3a3a3cc39d84a95a8872f77ffff3a7aN\/274043268\/He3a3a3cc39d84a95a8872f77ffff3a7aN.jpg\" \/><noscript><img src=\"\/\/sc04.alicdn.com\/kf\/He3a3a3cc39d84a95a8872f77ffff3a7aN\/274043268\/He3a3a3cc39d84a95a8872f77ffff3a7aN.jpg\" class=\"magic-21\/\"><\/noscript><\/div>\n<\/div>\n<\/div>\n<\/div>\n<\/div>\n<\/div>\n<div class=\"J_module\">\n<div id=\"ali-anchor-AliMagic-xlxu1h\" class=\"magic-0\" data-section=\"AliMagic-xlxu1h\" data-section-title=\"Why\">Por qu\u00e9 elegirnos<\/div>\n<\/div>\n<div class=\"J_module\">\n<div class=\"icbu-pc-images\">\n<div>\n<div class=\"flex-layout-v\">\n<div class=\"flex-layout-h\">\n<div class=\"magic-22\"><img decoding=\"async\" class=\"magic-23\/\" src=\"\/\/sc04.alicdn.com\/kf\/Hce8cc068973e4cfa8e626ca6ce6fff2d8\/274043268\/Hce8cc068973e4cfa8e626ca6ce6fff2d8.jpg\" \/><noscript><img src=\"\/\/sc04.alicdn.com\/kf\/Hce8cc068973e4cfa8e626ca6ce6fff2d8\/274043268\/Hce8cc068973e4cfa8e626ca6ce6fff2d8.jpg\" class=\"magic-23\/\"><\/noscript><\/div>\n<\/div>\n<\/div>\n<\/div>\n<\/div>\n<\/div>\n<div class=\"J_module\">\n<div class=\"icbu-pc-images\">\n<div>\n<div class=\"flex-layout-v\">\n<div class=\"flex-layout-h\"><\/div>\n<\/div>\n<\/div>\n<\/div>\n<\/div>\n<div class=\"J_module\">\n<div class=\"detail-decorate-json-renderer-container\">\n<div class=\"magic-12\">\n<div class=\"magic-13\">\n<div class=\"magic-14\">\n<div class=\"magic-15\"><\/div>\n<\/div>\n<\/div>\n<\/div>\n<\/div>\n<\/div>\n<\/div>","protected":false},"excerpt":{"rendered":"<p>Descripci\u00f3n del producto Especificaci\u00f3n valor del art\u00edculo Caracter\u00edstica Sostenible. En stock Nombre del producto 615g botes Bmax Crema batida Cargadores con regulador Uso Crema<\/p>","protected":false},"featured_media":21990,"comment_status":"closed","ping_status":"closed","template":"","meta":{"iawp_total_views":14,"_joinchat":[]},"product_brand":[],"product_cat":[415],"product_tag":[759,756,757,758],"class_list":{"0":"post-21977","1":"product","2":"type-product","3":"status-publish","4":"has-post-thumbnail","6":"product_cat-accessories","7":"product_tag-dessert-tools","8":"product_tag-home-garden","9":"product_tag-kitchen-tabletop","10":"product_tag-kitchen-tools-gadgets","12":"first","13":"instock","14":"shipping-taxable","15":"product-type-external"},"yoast_head":"<!-- This site is optimized with the Yoast SEO Premium plugin v24.7 (Yoast SEO v26.8) - https:\/\/yoast.com\/product\/yoast-seo-premium-wordpress\/ -->\n<title>Canada Nitrous Oxide Tank Food Grade Wholesale - Global Hookah<\/title>\n<meta name=\"robots\" content=\"index, follow, max-snippet:-1, max-image-preview:large, max-video-preview:-1\" \/>\n<link rel=\"canonical\" href=\"https:\/\/global-hookah.com\/es\/producto\/canada-nitrous-oxide-tank-food-grade-wholesale\/\" \/>\n<meta property=\"og:locale\" content=\"es_ES\" \/>\n<meta property=\"og:type\" content=\"article\" \/>\n<meta property=\"og:title\" content=\"Canada Nitrous Oxide Tank Food Grade Wholesale\" \/>\n<meta property=\"og:description\" content=\"Product Description Specification item value Feature Sustainable. Stocked Product name 615g Canisters Bmax Whipped Cream Chargers with Regulator Usage Cream\" \/>\n<meta property=\"og:url\" content=\"https:\/\/global-hookah.com\/es\/producto\/canada-nitrous-oxide-tank-food-grade-wholesale\/\" \/>\n<meta property=\"og:site_name\" content=\"Global Hookah\" \/>\n<meta property=\"article:modified_time\" content=\"2024-04-28T08:36:51+00:00\" \/>\n<meta property=\"og:image\" content=\"https:\/\/global-hookah.com\/wp-content\/uploads\/2024\/04\/H33eba6daf6144f099173920f68ad2ff9l.webp\" \/>\n\t<meta property=\"og:image:width\" content=\"800\" \/>\n\t<meta property=\"og:image:height\" content=\"800\" \/>\n\t<meta property=\"og:image:type\" content=\"image\/webp\" \/>\n<meta name=\"twitter:card\" content=\"summary_large_image\" \/>\n<meta name=\"twitter:label1\" content=\"Tiempo de lectura\" \/>\n\t<meta name=\"twitter:data1\" content=\"3 minutos\" \/>\n<script type=\"application\/ld+json\" class=\"yoast-schema-graph\">{\"@context\":\"https:\/\/schema.org\",\"@graph\":[{\"@type\":\"WebPage\",\"@id\":\"https:\/\/global-hookah.com\/product\/canada-nitrous-oxide-tank-food-grade-wholesale\/\",\"url\":\"https:\/\/global-hookah.com\/product\/canada-nitrous-oxide-tank-food-grade-wholesale\/\",\"name\":\"Canada Nitrous Oxide Tank Food Grade Wholesale - Global Hookah\",\"isPartOf\":{\"@id\":\"https:\/\/global-hookah.com\/#website\"},\"primaryImageOfPage\":{\"@id\":\"https:\/\/global-hookah.com\/product\/canada-nitrous-oxide-tank-food-grade-wholesale\/#primaryimage\"},\"image\":{\"@id\":\"https:\/\/global-hookah.com\/product\/canada-nitrous-oxide-tank-food-grade-wholesale\/#primaryimage\"},\"thumbnailUrl\":\"https:\/\/global-hookah.com\/wp-content\/uploads\/2024\/04\/H33eba6daf6144f099173920f68ad2ff9l.webp\",\"datePublished\":\"2024-04-28T08:18:11+00:00\",\"dateModified\":\"2024-04-28T08:36:51+00:00\",\"breadcrumb\":{\"@id\":\"https:\/\/global-hookah.com\/product\/canada-nitrous-oxide-tank-food-grade-wholesale\/#breadcrumb\"},\"inLanguage\":\"es\",\"potentialAction\":[{\"@type\":\"ReadAction\",\"target\":[\"https:\/\/global-hookah.com\/product\/canada-nitrous-oxide-tank-food-grade-wholesale\/\"]}]},{\"@type\":\"ImageObject\",\"inLanguage\":\"es\",\"@id\":\"https:\/\/global-hookah.com\/product\/canada-nitrous-oxide-tank-food-grade-wholesale\/#primaryimage\",\"url\":\"https:\/\/global-hookah.com\/wp-content\/uploads\/2024\/04\/H33eba6daf6144f099173920f68ad2ff9l.webp\",\"contentUrl\":\"https:\/\/global-hookah.com\/wp-content\/uploads\/2024\/04\/H33eba6daf6144f099173920f68ad2ff9l.webp\",\"width\":800,\"height\":800,\"caption\":\"Canada Nitrous Oxide Tank Food Grade Wholesale\"},{\"@type\":\"BreadcrumbList\",\"@id\":\"https:\/\/global-hookah.com\/product\/canada-nitrous-oxide-tank-food-grade-wholesale\/#breadcrumb\",\"itemListElement\":[{\"@type\":\"ListItem\",\"position\":1,\"name\":\"Home\",\"item\":\"https:\/\/global-hookah.com\/\"},{\"@type\":\"ListItem\",\"position\":2,\"name\":\"Shop\",\"item\":\"https:\/\/global-hookah.com\/shop\/\"},{\"@type\":\"ListItem\",\"position\":3,\"name\":\"Canada Nitrous Oxide Tank Food Grade Wholesale\"}]},{\"@type\":\"WebSite\",\"@id\":\"https:\/\/global-hookah.com\/#website\",\"url\":\"https:\/\/global-hookah.com\/\",\"name\":\"Global Hookah\",\"description\":\"Global Hookah\",\"publisher\":{\"@id\":\"https:\/\/global-hookah.com\/#organization\"},\"potentialAction\":[{\"@type\":\"SearchAction\",\"target\":{\"@type\":\"EntryPoint\",\"urlTemplate\":\"https:\/\/global-hookah.com\/?s={search_term_string}\"},\"query-input\":{\"@type\":\"PropertyValueSpecification\",\"valueRequired\":true,\"valueName\":\"search_term_string\"}}],\"inLanguage\":\"es\"},{\"@type\":\"Organization\",\"@id\":\"https:\/\/global-hookah.com\/#organization\",\"name\":\"Global Hookah\",\"url\":\"https:\/\/global-hookah.com\/\",\"logo\":{\"@type\":\"ImageObject\",\"inLanguage\":\"es\",\"@id\":\"https:\/\/global-hookah.com\/#\/schema\/logo\/image\/\",\"url\":\"https:\/\/global-hookah.com\/wp-content\/uploads\/2021\/10\/cropped-fgg.png\",\"contentUrl\":\"https:\/\/global-hookah.com\/wp-content\/uploads\/2021\/10\/cropped-fgg.png\",\"width\":512,\"height\":512,\"caption\":\"Global Hookah\"},\"image\":{\"@id\":\"https:\/\/global-hookah.com\/#\/schema\/logo\/image\/\"}}]}<\/script>\n<!-- \/ Yoast SEO Premium plugin. -->","yoast_head_json":{"title":"Canada Tanque de Oxido Nitroso Grado Alimenticio al por mayor - Global Hookah","robots":{"index":"index","follow":"follow","max-snippet":"max-snippet:-1","max-image-preview":"max-image-preview:large","max-video-preview":"max-video-preview:-1"},"canonical":"https:\/\/global-hookah.com\/es\/producto\/canada-nitrous-oxide-tank-food-grade-wholesale\/","og_locale":"es_ES","og_type":"article","og_title":"Canada Nitrous Oxide Tank Food Grade Wholesale","og_description":"Product Description Specification item value Feature Sustainable. Stocked Product name 615g Canisters Bmax Whipped Cream Chargers with Regulator Usage Cream","og_url":"https:\/\/global-hookah.com\/es\/producto\/canada-nitrous-oxide-tank-food-grade-wholesale\/","og_site_name":"Global Hookah","article_modified_time":"2024-04-28T08:36:51+00:00","og_image":[{"width":800,"height":800,"url":"https:\/\/global-hookah.com\/wp-content\/uploads\/2024\/04\/H33eba6daf6144f099173920f68ad2ff9l.webp","type":"image\/webp"}],"twitter_card":"summary_large_image","twitter_misc":{"Tiempo de lectura":"3 minutos"},"schema":{"@context":"https:\/\/schema.org","@graph":[{"@type":"WebPage","@id":"https:\/\/global-hookah.com\/product\/canada-nitrous-oxide-tank-food-grade-wholesale\/","url":"https:\/\/global-hookah.com\/product\/canada-nitrous-oxide-tank-food-grade-wholesale\/","name":"Canada Tanque de Oxido Nitroso Grado Alimenticio al por mayor - Global Hookah","isPartOf":{"@id":"https:\/\/global-hookah.com\/#website"},"primaryImageOfPage":{"@id":"https:\/\/global-hookah.com\/product\/canada-nitrous-oxide-tank-food-grade-wholesale\/#primaryimage"},"image":{"@id":"https:\/\/global-hookah.com\/product\/canada-nitrous-oxide-tank-food-grade-wholesale\/#primaryimage"},"thumbnailUrl":"https:\/\/global-hookah.com\/wp-content\/uploads\/2024\/04\/H33eba6daf6144f099173920f68ad2ff9l.webp","datePublished":"2024-04-28T08:18:11+00:00","dateModified":"2024-04-28T08:36:51+00:00","breadcrumb":{"@id":"https:\/\/global-hookah.com\/product\/canada-nitrous-oxide-tank-food-grade-wholesale\/#breadcrumb"},"inLanguage":"es","potentialAction":[{"@type":"ReadAction","target":["https:\/\/global-hookah.com\/product\/canada-nitrous-oxide-tank-food-grade-wholesale\/"]}]},{"@type":"ImageObject","inLanguage":"es","@id":"https:\/\/global-hookah.com\/product\/canada-nitrous-oxide-tank-food-grade-wholesale\/#primaryimage","url":"https:\/\/global-hookah.com\/wp-content\/uploads\/2024\/04\/H33eba6daf6144f099173920f68ad2ff9l.webp","contentUrl":"https:\/\/global-hookah.com\/wp-content\/uploads\/2024\/04\/H33eba6daf6144f099173920f68ad2ff9l.webp","width":800,"height":800,"caption":"Canada Nitrous Oxide Tank Food Grade Wholesale"},{"@type":"BreadcrumbList","@id":"https:\/\/global-hookah.com\/product\/canada-nitrous-oxide-tank-food-grade-wholesale\/#breadcrumb","itemListElement":[{"@type":"ListItem","position":1,"name":"Home","item":"https:\/\/global-hookah.com\/"},{"@type":"ListItem","position":2,"name":"Shop","item":"https:\/\/global-hookah.com\/shop\/"},{"@type":"ListItem","position":3,"name":"Canada Nitrous Oxide Tank Food Grade Wholesale"}]},{"@type":"WebSite","@id":"https:\/\/global-hookah.com\/#website","url":"https:\/\/global-hookah.com\/","name":"Global Hookah","description":"Global Hookah","publisher":{"@id":"https:\/\/global-hookah.com\/#organization"},"potentialAction":[{"@type":"SearchAction","target":{"@type":"EntryPoint","urlTemplate":"https:\/\/global-hookah.com\/?s={search_term_string}"},"query-input":{"@type":"PropertyValueSpecification","valueRequired":true,"valueName":"search_term_string"}}],"inLanguage":"es"},{"@type":"Organization","@id":"https:\/\/global-hookah.com\/#organization","name":"Global Hookah","url":"https:\/\/global-hookah.com\/","logo":{"@type":"ImageObject","inLanguage":"es","@id":"https:\/\/global-hookah.com\/#\/schema\/logo\/image\/","url":"https:\/\/global-hookah.com\/wp-content\/uploads\/2021\/10\/cropped-fgg.png","contentUrl":"https:\/\/global-hookah.com\/wp-content\/uploads\/2021\/10\/cropped-fgg.png","width":512,"height":512,"caption":"Global Hookah"},"image":{"@id":"https:\/\/global-hookah.com\/#\/schema\/logo\/image\/"}}]}},"_links":{"self":[{"href":"https:\/\/global-hookah.com\/es\/wp-json\/wp\/v2\/product\/21977","targetHints":{"allow":["GET"]}}],"collection":[{"href":"https:\/\/global-hookah.com\/es\/wp-json\/wp\/v2\/product"}],"about":[{"href":"https:\/\/global-hookah.com\/es\/wp-json\/wp\/v2\/types\/product"}],"replies":[{"embeddable":true,"href":"https:\/\/global-hookah.com\/es\/wp-json\/wp\/v2\/comments?post=21977"}],"version-history":[{"count":0,"href":"https:\/\/global-hookah.com\/es\/wp-json\/wp\/v2\/product\/21977\/revisions"}],"wp:featuredmedia":[{"embeddable":true,"href":"https:\/\/global-hookah.com\/es\/wp-json\/wp\/v2\/media\/21990"}],"wp:attachment":[{"href":"https:\/\/global-hookah.com\/es\/wp-json\/wp\/v2\/media?parent=21977"}],"wp:term":[{"taxonomy":"product_brand","embeddable":true,"href":"https:\/\/global-hookah.com\/es\/wp-json\/wp\/v2\/product_brand?post=21977"},{"taxonomy":"product_cat","embeddable":true,"href":"https:\/\/global-hookah.com\/es\/wp-json\/wp\/v2\/product_cat?post=21977"},{"taxonomy":"product_tag","embeddable":true,"href":"https:\/\/global-hookah.com\/es\/wp-json\/wp\/v2\/product_tag?post=21977"}],"curies":[{"name":"wp","href":"https:\/\/api.w.org\/{rel}","templated":true}]}}