{"id":22031,"date":"2024-05-08T03:17:46","date_gmt":"2024-05-08T03:17:46","guid":{"rendered":"https:\/\/global-hookah.com\/product\/aluminum-arabian-hookah-wholesale\/"},"modified":"2024-08-04T08:42:59","modified_gmt":"2024-08-04T08:42:59","slug":"aluminum-arabian-hookah-wholesale","status":"publish","type":"product","link":"https:\/\/global-hookah.com\/es\/producto\/aluminum-arabian-hookah-wholesale\/","title":{"rendered":"Hookah \u00e1rabe de aluminio al por mayor"},"content":{"rendered":"<p><a href=\"https:\/\/global-hookah.com\/\">Hookahs<\/a> tienen que ver con la relajaci\u00f3n y la comunidad. Pero para ser honesto, creo que un <a href=\"https:\/\/global-hookah.com\/product-category\/wholesale-hookah\/electric-hookah-wholesale\/\"><strong>narguile de gama alta<\/strong> <\/a>no s\u00f3lo debe tener un dise\u00f1o elegante, sino tambi\u00e9n una buena experiencia al fumar marihuana. Por eso nos hemos esforzado al m\u00e1ximo para dise\u00f1ar un <strong>Hookah \u00e1rabe de aluminio<\/strong> que es a partes iguales una pieza de arte funcional y el humo m\u00e1s suave que jam\u00e1s hayas probado.<\/p>\n<p>La varilla central est\u00e1 fabricada en aleaci\u00f3n de aluminio de calidad aeroespacial, ahuecada para ofrecer una sensaci\u00f3n ultraligera pero duradera. Le hemos dado un elegante acabado de espejo que deslumbrar\u00e1 a tus invitados cada vez que lo descubras.<\/p>\n<p>Para un humo puro y sabroso, la cazoleta est\u00e1 hecha de cer\u00e1mica alemana importada que absorbe eficazmente las impurezas del tabaco. Cada calada suave se sentir\u00e1 como una bocanada de aire fresco. El sistema de flujo de aire de titanio utiliza canales internos dise\u00f1ados con precisi\u00f3n para crear un tiro uniforme en todas partes.<\/p>\n<p>Cada punto de conexi\u00f3n del <strong>Hookah de aluminio<\/strong> cuenta con ojales de silicona de alta elasticidad para un cierre herm\u00e9tico perfecto. Se abren y cierran para facilitar la limpieza y evitar las molestas fugas durante la sesi\u00f3n. Esta fusi\u00f3n de metal, cer\u00e1mica y silicona no s\u00f3lo funciona a la perfecci\u00f3n, sino que adem\u00e1s parece una obra de arte.<\/p>\n<p><strong>Hookah's de metal<\/strong> El dise\u00f1o se inspira en la cultura \u00e1rabe y se combina a la perfecci\u00f3n con el estilo moderno. La superficie est\u00e1 adornada con intrincados motivos que le confieren un aire sofisticado y l\u00fadico a la vez.<\/p>\n<p>Lo mejor de todo es que ofrecemos precios al por mayor y al por menor pensando en la equidad total. Tanto si desea actualizar su <strong>Metal <\/strong><a href=\"https:\/\/global-hookah.com\/product\/bulk-classic-iron-sheet-arab-hookah\/\">Hookah o comprar a granel<\/a> como regalos memorables, le tenemos cubierto.<\/p>\n<p><img decoding=\"async\" src=\"https:\/\/ae01.alicdn.com\/kf\/S28b276e74a0646cdbde4ca392897f7a2X.jpg\" \/><img decoding=\"async\" src=\"https:\/\/ae01.alicdn.com\/kf\/S31bbd7d7bb914b31868e09276cbb9c57x.jpg\" \/><img decoding=\"async\" src=\"https:\/\/ae01.alicdn.com\/kf\/S32c444b0aaf5488d909080da3224e8061.jpg\" \/><img decoding=\"async\" src=\"https:\/\/ae01.alicdn.com\/kf\/S59c4383e22ec4f56b8d0509cc2a7848bK.jpg\" \/><img decoding=\"async\" src=\"https:\/\/ae01.alicdn.com\/kf\/S83b9787824d9488e8c005a9a42d267ab9.jpg\" \/><img decoding=\"async\" src=\"https:\/\/ae01.alicdn.com\/kf\/S8f1a3b45affd4de0a476d9b1040eb33ex.jpg\" \/><img decoding=\"async\" src=\"https:\/\/ae01.alicdn.com\/kf\/S794fda5de474474a9edf205ee2d9e50eh.jpg\" \/><img decoding=\"async\" src=\"https:\/\/ae01.alicdn.com\/kf\/S2d7a8ef13e874fb79361badd953fd302I.jpg\" \/><img decoding=\"async\" src=\"https:\/\/ae01.alicdn.com\/kf\/S989ae38327df47d28c2e52604a02e92fU.jpg\" \/><\/p>","protected":false},"excerpt":{"rendered":"<p>Las pipas de agua tienen que ver con la relajaci\u00f3n y la comunidad. Pero para ser honesto, creo que una hookah de alta gama no s\u00f3lo debe ser...<\/p>","protected":false},"featured_media":22032,"comment_status":"closed","ping_status":"closed","template":"","meta":{"iawp_total_views":16,"_joinchat":[]},"product_brand":[],"product_cat":[119],"product_tag":[],"class_list":{"0":"post-22031","1":"product","2":"type-product","3":"status-publish","4":"has-post-thumbnail","6":"product_cat-wholesale-hookah","8":"first","9":"instock","10":"shipping-taxable","11":"product-type-external"},"yoast_head":"<!-- This site is optimized with the Yoast SEO Premium plugin v24.7 (Yoast SEO v26.8) - https:\/\/yoast.com\/product\/yoast-seo-premium-wordpress\/ -->\n<title>Aluminum Arabian Hookah Wholesale - Global Hookah<\/title>\n<meta name=\"robots\" content=\"index, follow, max-snippet:-1, max-image-preview:large, max-video-preview:-1\" \/>\n<link rel=\"canonical\" href=\"https:\/\/global-hookah.com\/es\/producto\/aluminum-arabian-hookah-wholesale\/\" \/>\n<meta property=\"og:locale\" content=\"es_ES\" \/>\n<meta property=\"og:type\" content=\"article\" \/>\n<meta property=\"og:title\" content=\"Aluminum Arabian Hookah Wholesale\" \/>\n<meta property=\"og:description\" content=\"Hookahs are all about relaxation and community. But to be honest, I think a high-end hookah should not only be\" \/>\n<meta property=\"og:url\" content=\"https:\/\/global-hookah.com\/es\/producto\/aluminum-arabian-hookah-wholesale\/\" \/>\n<meta property=\"og:site_name\" content=\"Global Hookah\" \/>\n<meta property=\"article:modified_time\" content=\"2024-08-04T08:42:59+00:00\" \/>\n<meta property=\"og:image\" content=\"https:\/\/global-hookah.com\/wp-content\/uploads\/2024\/05\/kf-S32c444b0aaf5488d909080da3224e8061-1-set-Arabian-Hookah-shisha-chicha-decorated-with-Aluminum-art-ball.webp\" \/>\n\t<meta property=\"og:image:width\" content=\"900\" \/>\n\t<meta property=\"og:image:height\" content=\"900\" \/>\n\t<meta property=\"og:image:type\" content=\"image\/webp\" \/>\n<meta name=\"twitter:card\" content=\"summary_large_image\" \/>\n<meta name=\"twitter:label1\" content=\"Tiempo de lectura\" \/>\n\t<meta name=\"twitter:data1\" content=\"4 minutos\" \/>\n<script type=\"application\/ld+json\" class=\"yoast-schema-graph\">{\"@context\":\"https:\/\/schema.org\",\"@graph\":[{\"@type\":\"WebPage\",\"@id\":\"https:\/\/global-hookah.com\/product\/aluminum-arabian-hookah-wholesale\/\",\"url\":\"https:\/\/global-hookah.com\/product\/aluminum-arabian-hookah-wholesale\/\",\"name\":\"Aluminum Arabian Hookah Wholesale - Global Hookah\",\"isPartOf\":{\"@id\":\"https:\/\/global-hookah.com\/#website\"},\"primaryImageOfPage\":{\"@id\":\"https:\/\/global-hookah.com\/product\/aluminum-arabian-hookah-wholesale\/#primaryimage\"},\"image\":{\"@id\":\"https:\/\/global-hookah.com\/product\/aluminum-arabian-hookah-wholesale\/#primaryimage\"},\"thumbnailUrl\":\"https:\/\/global-hookah.com\/wp-content\/uploads\/2024\/05\/kf-S32c444b0aaf5488d909080da3224e8061-1-set-Arabian-Hookah-shisha-chicha-decorated-with-Aluminum-art-ball.webp\",\"datePublished\":\"2024-05-08T03:17:46+00:00\",\"dateModified\":\"2024-08-04T08:42:59+00:00\",\"breadcrumb\":{\"@id\":\"https:\/\/global-hookah.com\/product\/aluminum-arabian-hookah-wholesale\/#breadcrumb\"},\"inLanguage\":\"es\",\"potentialAction\":[{\"@type\":\"ReadAction\",\"target\":[\"https:\/\/global-hookah.com\/product\/aluminum-arabian-hookah-wholesale\/\"]}]},{\"@type\":\"ImageObject\",\"inLanguage\":\"es\",\"@id\":\"https:\/\/global-hookah.com\/product\/aluminum-arabian-hookah-wholesale\/#primaryimage\",\"url\":\"https:\/\/global-hookah.com\/wp-content\/uploads\/2024\/05\/kf-S32c444b0aaf5488d909080da3224e8061-1-set-Arabian-Hookah-shisha-chicha-decorated-with-Aluminum-art-ball.webp\",\"contentUrl\":\"https:\/\/global-hookah.com\/wp-content\/uploads\/2024\/05\/kf-S32c444b0aaf5488d909080da3224e8061-1-set-Arabian-Hookah-shisha-chicha-decorated-with-Aluminum-art-ball.webp\",\"width\":900,\"height\":900,\"caption\":\"Aluminum Arabian Hookah Wholesale\"},{\"@type\":\"BreadcrumbList\",\"@id\":\"https:\/\/global-hookah.com\/product\/aluminum-arabian-hookah-wholesale\/#breadcrumb\",\"itemListElement\":[{\"@type\":\"ListItem\",\"position\":1,\"name\":\"Home\",\"item\":\"https:\/\/global-hookah.com\/\"},{\"@type\":\"ListItem\",\"position\":2,\"name\":\"Shop\",\"item\":\"https:\/\/global-hookah.com\/shop\/\"},{\"@type\":\"ListItem\",\"position\":3,\"name\":\"Aluminum Arabian Hookah Wholesale\"}]},{\"@type\":\"WebSite\",\"@id\":\"https:\/\/global-hookah.com\/#website\",\"url\":\"https:\/\/global-hookah.com\/\",\"name\":\"Global Hookah\",\"description\":\"Global Hookah\",\"publisher\":{\"@id\":\"https:\/\/global-hookah.com\/#organization\"},\"potentialAction\":[{\"@type\":\"SearchAction\",\"target\":{\"@type\":\"EntryPoint\",\"urlTemplate\":\"https:\/\/global-hookah.com\/?s={search_term_string}\"},\"query-input\":{\"@type\":\"PropertyValueSpecification\",\"valueRequired\":true,\"valueName\":\"search_term_string\"}}],\"inLanguage\":\"es\"},{\"@type\":\"Organization\",\"@id\":\"https:\/\/global-hookah.com\/#organization\",\"name\":\"Global Hookah\",\"url\":\"https:\/\/global-hookah.com\/\",\"logo\":{\"@type\":\"ImageObject\",\"inLanguage\":\"es\",\"@id\":\"https:\/\/global-hookah.com\/#\/schema\/logo\/image\/\",\"url\":\"https:\/\/global-hookah.com\/wp-content\/uploads\/2021\/10\/cropped-fgg.png\",\"contentUrl\":\"https:\/\/global-hookah.com\/wp-content\/uploads\/2021\/10\/cropped-fgg.png\",\"width\":512,\"height\":512,\"caption\":\"Global Hookah\"},\"image\":{\"@id\":\"https:\/\/global-hookah.com\/#\/schema\/logo\/image\/\"}}]}<\/script>\n<!-- \/ Yoast SEO Premium plugin. -->","yoast_head_json":{"title":"Hookah \u00e1rabe de aluminio al por mayor - Global Hookah","robots":{"index":"index","follow":"follow","max-snippet":"max-snippet:-1","max-image-preview":"max-image-preview:large","max-video-preview":"max-video-preview:-1"},"canonical":"https:\/\/global-hookah.com\/es\/producto\/aluminum-arabian-hookah-wholesale\/","og_locale":"es_ES","og_type":"article","og_title":"Aluminum Arabian Hookah Wholesale","og_description":"Hookahs are all about relaxation and community. But to be honest, I think a high-end hookah should not only be","og_url":"https:\/\/global-hookah.com\/es\/producto\/aluminum-arabian-hookah-wholesale\/","og_site_name":"Global Hookah","article_modified_time":"2024-08-04T08:42:59+00:00","og_image":[{"width":900,"height":900,"url":"https:\/\/global-hookah.com\/wp-content\/uploads\/2024\/05\/kf-S32c444b0aaf5488d909080da3224e8061-1-set-Arabian-Hookah-shisha-chicha-decorated-with-Aluminum-art-ball.webp","type":"image\/webp"}],"twitter_card":"summary_large_image","twitter_misc":{"Tiempo de lectura":"4 minutos"},"schema":{"@context":"https:\/\/schema.org","@graph":[{"@type":"WebPage","@id":"https:\/\/global-hookah.com\/product\/aluminum-arabian-hookah-wholesale\/","url":"https:\/\/global-hookah.com\/product\/aluminum-arabian-hookah-wholesale\/","name":"Hookah \u00e1rabe de aluminio al por mayor - Global Hookah","isPartOf":{"@id":"https:\/\/global-hookah.com\/#website"},"primaryImageOfPage":{"@id":"https:\/\/global-hookah.com\/product\/aluminum-arabian-hookah-wholesale\/#primaryimage"},"image":{"@id":"https:\/\/global-hookah.com\/product\/aluminum-arabian-hookah-wholesale\/#primaryimage"},"thumbnailUrl":"https:\/\/global-hookah.com\/wp-content\/uploads\/2024\/05\/kf-S32c444b0aaf5488d909080da3224e8061-1-set-Arabian-Hookah-shisha-chicha-decorated-with-Aluminum-art-ball.webp","datePublished":"2024-05-08T03:17:46+00:00","dateModified":"2024-08-04T08:42:59+00:00","breadcrumb":{"@id":"https:\/\/global-hookah.com\/product\/aluminum-arabian-hookah-wholesale\/#breadcrumb"},"inLanguage":"es","potentialAction":[{"@type":"ReadAction","target":["https:\/\/global-hookah.com\/product\/aluminum-arabian-hookah-wholesale\/"]}]},{"@type":"ImageObject","inLanguage":"es","@id":"https:\/\/global-hookah.com\/product\/aluminum-arabian-hookah-wholesale\/#primaryimage","url":"https:\/\/global-hookah.com\/wp-content\/uploads\/2024\/05\/kf-S32c444b0aaf5488d909080da3224e8061-1-set-Arabian-Hookah-shisha-chicha-decorated-with-Aluminum-art-ball.webp","contentUrl":"https:\/\/global-hookah.com\/wp-content\/uploads\/2024\/05\/kf-S32c444b0aaf5488d909080da3224e8061-1-set-Arabian-Hookah-shisha-chicha-decorated-with-Aluminum-art-ball.webp","width":900,"height":900,"caption":"Aluminum Arabian Hookah Wholesale"},{"@type":"BreadcrumbList","@id":"https:\/\/global-hookah.com\/product\/aluminum-arabian-hookah-wholesale\/#breadcrumb","itemListElement":[{"@type":"ListItem","position":1,"name":"Home","item":"https:\/\/global-hookah.com\/"},{"@type":"ListItem","position":2,"name":"Shop","item":"https:\/\/global-hookah.com\/shop\/"},{"@type":"ListItem","position":3,"name":"Aluminum Arabian Hookah Wholesale"}]},{"@type":"WebSite","@id":"https:\/\/global-hookah.com\/#website","url":"https:\/\/global-hookah.com\/","name":"Global Hookah","description":"Global Hookah","publisher":{"@id":"https:\/\/global-hookah.com\/#organization"},"potentialAction":[{"@type":"SearchAction","target":{"@type":"EntryPoint","urlTemplate":"https:\/\/global-hookah.com\/?s={search_term_string}"},"query-input":{"@type":"PropertyValueSpecification","valueRequired":true,"valueName":"search_term_string"}}],"inLanguage":"es"},{"@type":"Organization","@id":"https:\/\/global-hookah.com\/#organization","name":"Global Hookah","url":"https:\/\/global-hookah.com\/","logo":{"@type":"ImageObject","inLanguage":"es","@id":"https:\/\/global-hookah.com\/#\/schema\/logo\/image\/","url":"https:\/\/global-hookah.com\/wp-content\/uploads\/2021\/10\/cropped-fgg.png","contentUrl":"https:\/\/global-hookah.com\/wp-content\/uploads\/2021\/10\/cropped-fgg.png","width":512,"height":512,"caption":"Global Hookah"},"image":{"@id":"https:\/\/global-hookah.com\/#\/schema\/logo\/image\/"}}]}},"_links":{"self":[{"href":"https:\/\/global-hookah.com\/es\/wp-json\/wp\/v2\/product\/22031","targetHints":{"allow":["GET"]}}],"collection":[{"href":"https:\/\/global-hookah.com\/es\/wp-json\/wp\/v2\/product"}],"about":[{"href":"https:\/\/global-hookah.com\/es\/wp-json\/wp\/v2\/types\/product"}],"replies":[{"embeddable":true,"href":"https:\/\/global-hookah.com\/es\/wp-json\/wp\/v2\/comments?post=22031"}],"version-history":[{"count":0,"href":"https:\/\/global-hookah.com\/es\/wp-json\/wp\/v2\/product\/22031\/revisions"}],"wp:featuredmedia":[{"embeddable":true,"href":"https:\/\/global-hookah.com\/es\/wp-json\/wp\/v2\/media\/22032"}],"wp:attachment":[{"href":"https:\/\/global-hookah.com\/es\/wp-json\/wp\/v2\/media?parent=22031"}],"wp:term":[{"taxonomy":"product_brand","embeddable":true,"href":"https:\/\/global-hookah.com\/es\/wp-json\/wp\/v2\/product_brand?post=22031"},{"taxonomy":"product_cat","embeddable":true,"href":"https:\/\/global-hookah.com\/es\/wp-json\/wp\/v2\/product_cat?post=22031"},{"taxonomy":"product_tag","embeddable":true,"href":"https:\/\/global-hookah.com\/es\/wp-json\/wp\/v2\/product_tag?post=22031"}],"curies":[{"name":"wp","href":"https:\/\/api.w.org\/{rel}","templated":true}]}}