{"id":22254,"date":"2024-05-12T07:54:04","date_gmt":"2024-05-12T07:54:04","guid":{"rendered":"https:\/\/global-hookah.com\/?post_type=product&#038;p=22254"},"modified":"2024-05-14T06:09:46","modified_gmt":"2024-05-14T06:09:46","slug":"30cm-large-glass-bong-pipes-wholesale","status":"publish","type":"product","link":"https:\/\/global-hookah.com\/es\/producto\/30cm-large-glass-bong-pipes-wholesale\/","title":{"rendered":"Pipas Bong de cristal grandes de 30 cm al por mayor"},"content":{"rendered":"<p>\u00a1Escuchadme! S\u00e9 que no todas las sesiones de fumada tienen que ser para conseguir las caladas m\u00e1s suaves y sabrosas que te hagan sentir de maravilla. Pero hermano, esto <strong>Pipas de vidrio grandes<\/strong> aqu\u00ed es absolutamente perfecto para esos momentos en los que S\u00cd quieres una experiencia \u00e9pica.<\/p>\n<p>Este <strong>cachimba de cristal grande<\/strong> La base en forma de taza no s\u00f3lo a\u00f1ade estabilidad, sino que tambi\u00e9n le da m\u00e1s espacio para a\u00f1adir agua para un vapor incre\u00edblemente suave. Viene con un v\u00e1stago extra\u00edble y un taz\u00f3n para que pueda cargarlo y arrancarlo nada m\u00e1s sacarlo de la caja. El v\u00e1stago puede extraerse r\u00e1pidamente para facilitar la limpieza, \u00a1lo cual es genial!<\/p>\n<p>Pero lo que es realmente embrague es el dise\u00f1o de doble muesca de hielo que enfr\u00eda eficazmente el vapor, haciendo que cada golpe super suave. Pero mi parte favorita es la loca percoladores y difusores incorporados en este <strong>cachimba grande de cristal<\/strong> para lograr una suavidad y una filtraci\u00f3n de nivel superior.<\/p>\n<p>Hoy este<a href=\"https:\/\/global-hookah.com\/product-category\/bong-wholesale\/\"> pipa de hierba<\/a> est\u00e1 a precio de promoci\u00f3n, \u00a1el precio al por mayor m\u00e1s bajo de la historia! Haga su pedido ahora, no se lo pierda<\/p>","protected":false},"excerpt":{"rendered":"<p>\u00a1Escuchadme! S\u00e9 que no todas las sesiones de fumada tienen que ser para conseguir las caladas m\u00e1s suaves y sabrosas...<\/p>","protected":false},"featured_media":22257,"comment_status":"closed","ping_status":"closed","template":"","meta":{"iawp_total_views":3,"_joinchat":[]},"product_brand":[],"product_cat":[535],"product_tag":[],"class_list":{"0":"post-22254","1":"product","2":"type-product","3":"status-publish","4":"has-post-thumbnail","6":"product_cat-wholesale-glass-bong","8":"first","9":"instock","10":"shipping-taxable","11":"product-type-external"},"yoast_head":"<!-- This site is optimized with the Yoast SEO Premium plugin v24.7 (Yoast SEO v26.8) - https:\/\/yoast.com\/product\/yoast-seo-premium-wordpress\/ -->\n<title>30cm Large Glass Bong Pipes Wholesale - Global Hookah<\/title>\n<meta name=\"robots\" content=\"index, follow, max-snippet:-1, max-image-preview:large, max-video-preview:-1\" \/>\n<link rel=\"canonical\" href=\"https:\/\/global-hookah.com\/es\/pt\/produto\/cachimbos-de-vidro-grandes-de-30-cm-no-atacado\/\" \/>\n<meta property=\"og:locale\" content=\"es_ES\" \/>\n<meta property=\"og:type\" content=\"article\" \/>\n<meta property=\"og:title\" content=\"30cm Large Glass Bong Pipes Wholesale\" \/>\n<meta property=\"og:description\" content=\"Yo, listen up my dudes! I know not every smoke sesh has to be about having the smoothest, tastiest hits\" \/>\n<meta property=\"og:url\" content=\"https:\/\/global-hookah.com\/es\/pt\/produto\/cachimbos-de-vidro-grandes-de-30-cm-no-atacado\/\" \/>\n<meta property=\"og:site_name\" content=\"Global Hookah\" \/>\n<meta property=\"article:modified_time\" content=\"2024-05-14T06:09:46+00:00\" \/>\n<meta property=\"og:image\" content=\"https:\/\/global-hookah.com\/wp-content\/uploads\/2024\/05\/d95982b8-bd16-4541-aafb-fbcd5e449111.jpg\" \/>\n\t<meta property=\"og:image:width\" content=\"1024\" \/>\n\t<meta property=\"og:image:height\" content=\"1024\" \/>\n\t<meta property=\"og:image:type\" content=\"image\/jpeg\" \/>\n<meta name=\"twitter:card\" content=\"summary_large_image\" \/>\n<meta name=\"twitter:label1\" content=\"Tiempo de lectura\" \/>\n\t<meta name=\"twitter:data1\" content=\"1 minuto\" \/>\n<script type=\"application\/ld+json\" class=\"yoast-schema-graph\">{\"@context\":\"https:\/\/schema.org\",\"@graph\":[{\"@type\":\"WebPage\",\"@id\":\"https:\/\/global-hookah.com\/pt\/produto\/cachimbos-de-vidro-grandes-de-30-cm-no-atacado\/\",\"url\":\"https:\/\/global-hookah.com\/pt\/produto\/cachimbos-de-vidro-grandes-de-30-cm-no-atacado\/\",\"name\":\"30cm Large Glass Bong Pipes Wholesale - Global Hookah\",\"isPartOf\":{\"@id\":\"https:\/\/global-hookah.com\/#website\"},\"primaryImageOfPage\":{\"@id\":\"https:\/\/global-hookah.com\/pt\/produto\/cachimbos-de-vidro-grandes-de-30-cm-no-atacado\/#primaryimage\"},\"image\":{\"@id\":\"https:\/\/global-hookah.com\/pt\/produto\/cachimbos-de-vidro-grandes-de-30-cm-no-atacado\/#primaryimage\"},\"thumbnailUrl\":\"https:\/\/global-hookah.com\/wp-content\/uploads\/2024\/05\/d95982b8-bd16-4541-aafb-fbcd5e449111.jpg\",\"datePublished\":\"2024-05-12T07:54:04+00:00\",\"dateModified\":\"2024-05-14T06:09:46+00:00\",\"breadcrumb\":{\"@id\":\"https:\/\/global-hookah.com\/pt\/produto\/cachimbos-de-vidro-grandes-de-30-cm-no-atacado\/#breadcrumb\"},\"inLanguage\":\"es\",\"potentialAction\":[{\"@type\":\"ReadAction\",\"target\":[\"https:\/\/global-hookah.com\/pt\/produto\/cachimbos-de-vidro-grandes-de-30-cm-no-atacado\/\"]}]},{\"@type\":\"ImageObject\",\"inLanguage\":\"es\",\"@id\":\"https:\/\/global-hookah.com\/pt\/produto\/cachimbos-de-vidro-grandes-de-30-cm-no-atacado\/#primaryimage\",\"url\":\"https:\/\/global-hookah.com\/wp-content\/uploads\/2024\/05\/d95982b8-bd16-4541-aafb-fbcd5e449111.jpg\",\"contentUrl\":\"https:\/\/global-hookah.com\/wp-content\/uploads\/2024\/05\/d95982b8-bd16-4541-aafb-fbcd5e449111.jpg\",\"width\":1024,\"height\":1024,\"caption\":\"30cm Large Glass Bong Pipes Wholesale\"},{\"@type\":\"BreadcrumbList\",\"@id\":\"https:\/\/global-hookah.com\/pt\/produto\/cachimbos-de-vidro-grandes-de-30-cm-no-atacado\/#breadcrumb\",\"itemListElement\":[{\"@type\":\"ListItem\",\"position\":1,\"name\":\"Home\",\"item\":\"https:\/\/global-hookah.com\/\"},{\"@type\":\"ListItem\",\"position\":2,\"name\":\"Shop\",\"item\":\"https:\/\/global-hookah.com\/shop\/\"},{\"@type\":\"ListItem\",\"position\":3,\"name\":\"30cm Large Glass Bong Pipes Wholesale\"}]},{\"@type\":\"WebSite\",\"@id\":\"https:\/\/global-hookah.com\/#website\",\"url\":\"https:\/\/global-hookah.com\/\",\"name\":\"Global Hookah\",\"description\":\"Global Hookah\",\"publisher\":{\"@id\":\"https:\/\/global-hookah.com\/#organization\"},\"potentialAction\":[{\"@type\":\"SearchAction\",\"target\":{\"@type\":\"EntryPoint\",\"urlTemplate\":\"https:\/\/global-hookah.com\/?s={search_term_string}\"},\"query-input\":{\"@type\":\"PropertyValueSpecification\",\"valueRequired\":true,\"valueName\":\"search_term_string\"}}],\"inLanguage\":\"es\"},{\"@type\":\"Organization\",\"@id\":\"https:\/\/global-hookah.com\/#organization\",\"name\":\"Global Hookah\",\"url\":\"https:\/\/global-hookah.com\/\",\"logo\":{\"@type\":\"ImageObject\",\"inLanguage\":\"es\",\"@id\":\"https:\/\/global-hookah.com\/#\/schema\/logo\/image\/\",\"url\":\"https:\/\/global-hookah.com\/wp-content\/uploads\/2021\/10\/cropped-fgg.png\",\"contentUrl\":\"https:\/\/global-hookah.com\/wp-content\/uploads\/2021\/10\/cropped-fgg.png\",\"width\":512,\"height\":512,\"caption\":\"Global Hookah\"},\"image\":{\"@id\":\"https:\/\/global-hookah.com\/#\/schema\/logo\/image\/\"}}]}<\/script>\n<!-- \/ Yoast SEO Premium plugin. -->","yoast_head_json":{"title":"Pipas Bong de cristal grandes de 30cm al por mayor - Global Hookah","robots":{"index":"index","follow":"follow","max-snippet":"max-snippet:-1","max-image-preview":"max-image-preview:large","max-video-preview":"max-video-preview:-1"},"canonical":"https:\/\/global-hookah.com\/es\/pt\/produto\/cachimbos-de-vidro-grandes-de-30-cm-no-atacado\/","og_locale":"es_ES","og_type":"article","og_title":"30cm Large Glass Bong Pipes Wholesale","og_description":"Yo, listen up my dudes! I know not every smoke sesh has to be about having the smoothest, tastiest hits","og_url":"https:\/\/global-hookah.com\/es\/pt\/produto\/cachimbos-de-vidro-grandes-de-30-cm-no-atacado\/","og_site_name":"Global Hookah","article_modified_time":"2024-05-14T06:09:46+00:00","og_image":[{"width":1024,"height":1024,"url":"https:\/\/global-hookah.com\/wp-content\/uploads\/2024\/05\/d95982b8-bd16-4541-aafb-fbcd5e449111.jpg","type":"image\/jpeg"}],"twitter_card":"summary_large_image","twitter_misc":{"Tiempo de lectura":"1 minuto"},"schema":{"@context":"https:\/\/schema.org","@graph":[{"@type":"WebPage","@id":"https:\/\/global-hookah.com\/pt\/produto\/cachimbos-de-vidro-grandes-de-30-cm-no-atacado\/","url":"https:\/\/global-hookah.com\/pt\/produto\/cachimbos-de-vidro-grandes-de-30-cm-no-atacado\/","name":"Pipas Bong de cristal grandes de 30cm al por mayor - Global Hookah","isPartOf":{"@id":"https:\/\/global-hookah.com\/#website"},"primaryImageOfPage":{"@id":"https:\/\/global-hookah.com\/pt\/produto\/cachimbos-de-vidro-grandes-de-30-cm-no-atacado\/#primaryimage"},"image":{"@id":"https:\/\/global-hookah.com\/pt\/produto\/cachimbos-de-vidro-grandes-de-30-cm-no-atacado\/#primaryimage"},"thumbnailUrl":"https:\/\/global-hookah.com\/wp-content\/uploads\/2024\/05\/d95982b8-bd16-4541-aafb-fbcd5e449111.jpg","datePublished":"2024-05-12T07:54:04+00:00","dateModified":"2024-05-14T06:09:46+00:00","breadcrumb":{"@id":"https:\/\/global-hookah.com\/pt\/produto\/cachimbos-de-vidro-grandes-de-30-cm-no-atacado\/#breadcrumb"},"inLanguage":"es","potentialAction":[{"@type":"ReadAction","target":["https:\/\/global-hookah.com\/pt\/produto\/cachimbos-de-vidro-grandes-de-30-cm-no-atacado\/"]}]},{"@type":"ImageObject","inLanguage":"es","@id":"https:\/\/global-hookah.com\/pt\/produto\/cachimbos-de-vidro-grandes-de-30-cm-no-atacado\/#primaryimage","url":"https:\/\/global-hookah.com\/wp-content\/uploads\/2024\/05\/d95982b8-bd16-4541-aafb-fbcd5e449111.jpg","contentUrl":"https:\/\/global-hookah.com\/wp-content\/uploads\/2024\/05\/d95982b8-bd16-4541-aafb-fbcd5e449111.jpg","width":1024,"height":1024,"caption":"30cm Large Glass Bong Pipes Wholesale"},{"@type":"BreadcrumbList","@id":"https:\/\/global-hookah.com\/pt\/produto\/cachimbos-de-vidro-grandes-de-30-cm-no-atacado\/#breadcrumb","itemListElement":[{"@type":"ListItem","position":1,"name":"Home","item":"https:\/\/global-hookah.com\/"},{"@type":"ListItem","position":2,"name":"Shop","item":"https:\/\/global-hookah.com\/shop\/"},{"@type":"ListItem","position":3,"name":"30cm Large Glass Bong Pipes Wholesale"}]},{"@type":"WebSite","@id":"https:\/\/global-hookah.com\/#website","url":"https:\/\/global-hookah.com\/","name":"Global Hookah","description":"Global Hookah","publisher":{"@id":"https:\/\/global-hookah.com\/#organization"},"potentialAction":[{"@type":"SearchAction","target":{"@type":"EntryPoint","urlTemplate":"https:\/\/global-hookah.com\/?s={search_term_string}"},"query-input":{"@type":"PropertyValueSpecification","valueRequired":true,"valueName":"search_term_string"}}],"inLanguage":"es"},{"@type":"Organization","@id":"https:\/\/global-hookah.com\/#organization","name":"Global Hookah","url":"https:\/\/global-hookah.com\/","logo":{"@type":"ImageObject","inLanguage":"es","@id":"https:\/\/global-hookah.com\/#\/schema\/logo\/image\/","url":"https:\/\/global-hookah.com\/wp-content\/uploads\/2021\/10\/cropped-fgg.png","contentUrl":"https:\/\/global-hookah.com\/wp-content\/uploads\/2021\/10\/cropped-fgg.png","width":512,"height":512,"caption":"Global Hookah"},"image":{"@id":"https:\/\/global-hookah.com\/#\/schema\/logo\/image\/"}}]}},"_links":{"self":[{"href":"https:\/\/global-hookah.com\/es\/wp-json\/wp\/v2\/product\/22254","targetHints":{"allow":["GET"]}}],"collection":[{"href":"https:\/\/global-hookah.com\/es\/wp-json\/wp\/v2\/product"}],"about":[{"href":"https:\/\/global-hookah.com\/es\/wp-json\/wp\/v2\/types\/product"}],"replies":[{"embeddable":true,"href":"https:\/\/global-hookah.com\/es\/wp-json\/wp\/v2\/comments?post=22254"}],"version-history":[{"count":0,"href":"https:\/\/global-hookah.com\/es\/wp-json\/wp\/v2\/product\/22254\/revisions"}],"wp:featuredmedia":[{"embeddable":true,"href":"https:\/\/global-hookah.com\/es\/wp-json\/wp\/v2\/media\/22257"}],"wp:attachment":[{"href":"https:\/\/global-hookah.com\/es\/wp-json\/wp\/v2\/media?parent=22254"}],"wp:term":[{"taxonomy":"product_brand","embeddable":true,"href":"https:\/\/global-hookah.com\/es\/wp-json\/wp\/v2\/product_brand?post=22254"},{"taxonomy":"product_cat","embeddable":true,"href":"https:\/\/global-hookah.com\/es\/wp-json\/wp\/v2\/product_cat?post=22254"},{"taxonomy":"product_tag","embeddable":true,"href":"https:\/\/global-hookah.com\/es\/wp-json\/wp\/v2\/product_tag?post=22254"}],"curies":[{"name":"wp","href":"https:\/\/api.w.org\/{rel}","templated":true}]}}