{"id":22261,"date":"2024-05-12T08:02:43","date_gmt":"2024-05-12T08:02:43","guid":{"rendered":"https:\/\/global-hookah.com\/?post_type=product&#038;p=22261"},"modified":"2024-05-14T05:48:17","modified_gmt":"2024-05-14T05:48:17","slug":"small-travel-weed-bong-wholesale","status":"publish","type":"product","link":"https:\/\/global-hookah.com\/es\/producto\/small-travel-weed-bong-wholesale\/","title":{"rendered":"Bong de viaje peque\u00f1o para hierba al por mayor"},"content":{"rendered":"<p>Este <strong>Bong de viaje peque\u00f1o<\/strong> tiene todo lo que necesita para empezar a rasgar las nubes de grasa nada m\u00e1s sacarlo de la caja. Haciendo que sea f\u00e1cil para que usted pueda disfrutar de un viaje de cannabis s\u00faper suave.<\/p>\n<p>Este <strong>Bong de viaje peque\u00f1o<\/strong> un difusor, una cazoleta de cristal y un clip, proporciona el m\u00e1ximo flujo de aire mientras fumas. La base del vaso mantiene las cosas fr\u00edas mientras te da espacio para a\u00f1adir un poco de agua helada para el vapor m\u00e1s cremoso.<\/p>\n<p>S\u00f3lo hay que poner la hierba en la cazoleta, encenderla y empezar a inhalar. El humo cruza por el cuello pasando por las muescas de hielo, donde puedes introducir algunos cubitos congelados para que se enfr\u00ede y se suavice. El cuello largo mantiene el calor lejos de tu cara para que puedas fumar c\u00f3modamente, y los labios de la boquilla son suaves con tus propios labios para facilitar la inhalaci\u00f3n. Este bong filtra y enfr\u00eda el vapor para una fumada radicalmente suave.<\/p>\n<p>Fabricada con resistente vidrio de borosilicato, esta pipa de agua proporciona los caladas m\u00e1s pr\u00edstinas y sabrosas. El tama\u00f1o compacto hace que sea f\u00e1cil de pasar alrededor de su tripulaci\u00f3n.<\/p>\n<p>Para obtener los precios al por mayor m\u00e1s atractivos del mercado, nuestro inventario y nuestra selecci\u00f3n son insuperables. Garantizamos los precios m\u00e1s bajos para que pueda abastecer su tienda o dispo sin romper el banco.<\/p>\n<p>Aumente sus ventas y emocione a sus clientes con nuestros productos estelares <a href=\"https:\/\/global-hookah.com\/product-category\/bong-wholesale\/\"><strong>venta al por mayor de bongs y dab rigs<\/strong><\/a>\u00a1! Con un sinf\u00edn de opciones y cientos de tubos de agua y plataformas de concentrado, \u00a1tus clientes te lo agradecer\u00e1n, hermano!<\/p>","protected":false},"excerpt":{"rendered":"<p>Este peque\u00f1o Travel Weed Bong tiene todo lo que necesita para empezar a rasgar las nubes de grasa nada m\u00e1s sacarlo de la caja. Haci\u00e9ndolo<\/p>","protected":false},"featured_media":22264,"comment_status":"closed","ping_status":"closed","template":"","meta":{"iawp_total_views":2,"_joinchat":[]},"product_brand":[],"product_cat":[535],"product_tag":[],"class_list":{"0":"post-22261","1":"product","2":"type-product","3":"status-publish","4":"has-post-thumbnail","6":"product_cat-wholesale-glass-bong","8":"first","9":"instock","10":"shipping-taxable","11":"product-type-external"},"yoast_head":"<!-- This site is optimized with the Yoast SEO Premium plugin v24.7 (Yoast SEO v26.8) - https:\/\/yoast.com\/product\/yoast-seo-premium-wordpress\/ -->\n<title>Small Travel Weed Bong Wholesale - Global Hookah<\/title>\n<meta name=\"robots\" content=\"index, follow, max-snippet:-1, max-image-preview:large, max-video-preview:-1\" \/>\n<link rel=\"canonical\" href=\"https:\/\/global-hookah.com\/es\/pt\/produto\/pequeno-bongo-de-maconha-para-viagem-no-atacado\/\" \/>\n<meta property=\"og:locale\" content=\"es_ES\" \/>\n<meta property=\"og:type\" content=\"article\" \/>\n<meta property=\"og:title\" content=\"Small Travel Weed Bong Wholesale\" \/>\n<meta property=\"og:description\" content=\"This Small Travel Weed Bong has everything you need to start ripping fat clouds right outta the box. Making it\" \/>\n<meta property=\"og:url\" content=\"https:\/\/global-hookah.com\/es\/pt\/produto\/pequeno-bongo-de-maconha-para-viagem-no-atacado\/\" \/>\n<meta property=\"og:site_name\" content=\"Global Hookah\" \/>\n<meta property=\"article:modified_time\" content=\"2024-05-14T05:48:17+00:00\" \/>\n<meta property=\"og:image\" content=\"https:\/\/global-hookah.com\/wp-content\/uploads\/2024\/05\/0a77cf1b-8190-4829-8902-4b975dd191e6.jpg\" \/>\n\t<meta property=\"og:image:width\" content=\"800\" \/>\n\t<meta property=\"og:image:height\" content=\"800\" \/>\n\t<meta property=\"og:image:type\" content=\"image\/jpeg\" \/>\n<meta name=\"twitter:card\" content=\"summary_large_image\" \/>\n<meta name=\"twitter:label1\" content=\"Tiempo de lectura\" \/>\n\t<meta name=\"twitter:data1\" content=\"2 minutos\" \/>\n<script type=\"application\/ld+json\" class=\"yoast-schema-graph\">{\"@context\":\"https:\/\/schema.org\",\"@graph\":[{\"@type\":\"WebPage\",\"@id\":\"https:\/\/global-hookah.com\/pt\/produto\/pequeno-bongo-de-maconha-para-viagem-no-atacado\/\",\"url\":\"https:\/\/global-hookah.com\/pt\/produto\/pequeno-bongo-de-maconha-para-viagem-no-atacado\/\",\"name\":\"Small Travel Weed Bong Wholesale - Global Hookah\",\"isPartOf\":{\"@id\":\"https:\/\/global-hookah.com\/#website\"},\"primaryImageOfPage\":{\"@id\":\"https:\/\/global-hookah.com\/pt\/produto\/pequeno-bongo-de-maconha-para-viagem-no-atacado\/#primaryimage\"},\"image\":{\"@id\":\"https:\/\/global-hookah.com\/pt\/produto\/pequeno-bongo-de-maconha-para-viagem-no-atacado\/#primaryimage\"},\"thumbnailUrl\":\"https:\/\/global-hookah.com\/wp-content\/uploads\/2024\/05\/0a77cf1b-8190-4829-8902-4b975dd191e6.jpg\",\"datePublished\":\"2024-05-12T08:02:43+00:00\",\"dateModified\":\"2024-05-14T05:48:17+00:00\",\"breadcrumb\":{\"@id\":\"https:\/\/global-hookah.com\/pt\/produto\/pequeno-bongo-de-maconha-para-viagem-no-atacado\/#breadcrumb\"},\"inLanguage\":\"es\",\"potentialAction\":[{\"@type\":\"ReadAction\",\"target\":[\"https:\/\/global-hookah.com\/pt\/produto\/pequeno-bongo-de-maconha-para-viagem-no-atacado\/\"]}]},{\"@type\":\"ImageObject\",\"inLanguage\":\"es\",\"@id\":\"https:\/\/global-hookah.com\/pt\/produto\/pequeno-bongo-de-maconha-para-viagem-no-atacado\/#primaryimage\",\"url\":\"https:\/\/global-hookah.com\/wp-content\/uploads\/2024\/05\/0a77cf1b-8190-4829-8902-4b975dd191e6.jpg\",\"contentUrl\":\"https:\/\/global-hookah.com\/wp-content\/uploads\/2024\/05\/0a77cf1b-8190-4829-8902-4b975dd191e6.jpg\",\"width\":800,\"height\":800,\"caption\":\"Small Travel Weed Bong Wholesale\"},{\"@type\":\"BreadcrumbList\",\"@id\":\"https:\/\/global-hookah.com\/pt\/produto\/pequeno-bongo-de-maconha-para-viagem-no-atacado\/#breadcrumb\",\"itemListElement\":[{\"@type\":\"ListItem\",\"position\":1,\"name\":\"Home\",\"item\":\"https:\/\/global-hookah.com\/\"},{\"@type\":\"ListItem\",\"position\":2,\"name\":\"Shop\",\"item\":\"https:\/\/global-hookah.com\/shop\/\"},{\"@type\":\"ListItem\",\"position\":3,\"name\":\"Small Travel Weed Bong Wholesale\"}]},{\"@type\":\"WebSite\",\"@id\":\"https:\/\/global-hookah.com\/#website\",\"url\":\"https:\/\/global-hookah.com\/\",\"name\":\"Global Hookah\",\"description\":\"Global Hookah\",\"publisher\":{\"@id\":\"https:\/\/global-hookah.com\/#organization\"},\"potentialAction\":[{\"@type\":\"SearchAction\",\"target\":{\"@type\":\"EntryPoint\",\"urlTemplate\":\"https:\/\/global-hookah.com\/?s={search_term_string}\"},\"query-input\":{\"@type\":\"PropertyValueSpecification\",\"valueRequired\":true,\"valueName\":\"search_term_string\"}}],\"inLanguage\":\"es\"},{\"@type\":\"Organization\",\"@id\":\"https:\/\/global-hookah.com\/#organization\",\"name\":\"Global Hookah\",\"url\":\"https:\/\/global-hookah.com\/\",\"logo\":{\"@type\":\"ImageObject\",\"inLanguage\":\"es\",\"@id\":\"https:\/\/global-hookah.com\/#\/schema\/logo\/image\/\",\"url\":\"https:\/\/global-hookah.com\/wp-content\/uploads\/2021\/10\/cropped-fgg.png\",\"contentUrl\":\"https:\/\/global-hookah.com\/wp-content\/uploads\/2021\/10\/cropped-fgg.png\",\"width\":512,\"height\":512,\"caption\":\"Global Hookah\"},\"image\":{\"@id\":\"https:\/\/global-hookah.com\/#\/schema\/logo\/image\/\"}}]}<\/script>\n<!-- \/ Yoast SEO Premium plugin. -->","yoast_head_json":{"title":"Weed Bong Peque\u00f1o de Viaje al por mayor - Global Hookah","robots":{"index":"index","follow":"follow","max-snippet":"max-snippet:-1","max-image-preview":"max-image-preview:large","max-video-preview":"max-video-preview:-1"},"canonical":"https:\/\/global-hookah.com\/es\/pt\/produto\/pequeno-bongo-de-maconha-para-viagem-no-atacado\/","og_locale":"es_ES","og_type":"article","og_title":"Small Travel Weed Bong Wholesale","og_description":"This Small Travel Weed Bong has everything you need to start ripping fat clouds right outta the box. Making it","og_url":"https:\/\/global-hookah.com\/es\/pt\/produto\/pequeno-bongo-de-maconha-para-viagem-no-atacado\/","og_site_name":"Global Hookah","article_modified_time":"2024-05-14T05:48:17+00:00","og_image":[{"width":800,"height":800,"url":"https:\/\/global-hookah.com\/wp-content\/uploads\/2024\/05\/0a77cf1b-8190-4829-8902-4b975dd191e6.jpg","type":"image\/jpeg"}],"twitter_card":"summary_large_image","twitter_misc":{"Tiempo de lectura":"2 minutos"},"schema":{"@context":"https:\/\/schema.org","@graph":[{"@type":"WebPage","@id":"https:\/\/global-hookah.com\/pt\/produto\/pequeno-bongo-de-maconha-para-viagem-no-atacado\/","url":"https:\/\/global-hookah.com\/pt\/produto\/pequeno-bongo-de-maconha-para-viagem-no-atacado\/","name":"Weed Bong Peque\u00f1o de Viaje al por mayor - Global Hookah","isPartOf":{"@id":"https:\/\/global-hookah.com\/#website"},"primaryImageOfPage":{"@id":"https:\/\/global-hookah.com\/pt\/produto\/pequeno-bongo-de-maconha-para-viagem-no-atacado\/#primaryimage"},"image":{"@id":"https:\/\/global-hookah.com\/pt\/produto\/pequeno-bongo-de-maconha-para-viagem-no-atacado\/#primaryimage"},"thumbnailUrl":"https:\/\/global-hookah.com\/wp-content\/uploads\/2024\/05\/0a77cf1b-8190-4829-8902-4b975dd191e6.jpg","datePublished":"2024-05-12T08:02:43+00:00","dateModified":"2024-05-14T05:48:17+00:00","breadcrumb":{"@id":"https:\/\/global-hookah.com\/pt\/produto\/pequeno-bongo-de-maconha-para-viagem-no-atacado\/#breadcrumb"},"inLanguage":"es","potentialAction":[{"@type":"ReadAction","target":["https:\/\/global-hookah.com\/pt\/produto\/pequeno-bongo-de-maconha-para-viagem-no-atacado\/"]}]},{"@type":"ImageObject","inLanguage":"es","@id":"https:\/\/global-hookah.com\/pt\/produto\/pequeno-bongo-de-maconha-para-viagem-no-atacado\/#primaryimage","url":"https:\/\/global-hookah.com\/wp-content\/uploads\/2024\/05\/0a77cf1b-8190-4829-8902-4b975dd191e6.jpg","contentUrl":"https:\/\/global-hookah.com\/wp-content\/uploads\/2024\/05\/0a77cf1b-8190-4829-8902-4b975dd191e6.jpg","width":800,"height":800,"caption":"Small Travel Weed Bong Wholesale"},{"@type":"BreadcrumbList","@id":"https:\/\/global-hookah.com\/pt\/produto\/pequeno-bongo-de-maconha-para-viagem-no-atacado\/#breadcrumb","itemListElement":[{"@type":"ListItem","position":1,"name":"Home","item":"https:\/\/global-hookah.com\/"},{"@type":"ListItem","position":2,"name":"Shop","item":"https:\/\/global-hookah.com\/shop\/"},{"@type":"ListItem","position":3,"name":"Small Travel Weed Bong Wholesale"}]},{"@type":"WebSite","@id":"https:\/\/global-hookah.com\/#website","url":"https:\/\/global-hookah.com\/","name":"Global Hookah","description":"Global Hookah","publisher":{"@id":"https:\/\/global-hookah.com\/#organization"},"potentialAction":[{"@type":"SearchAction","target":{"@type":"EntryPoint","urlTemplate":"https:\/\/global-hookah.com\/?s={search_term_string}"},"query-input":{"@type":"PropertyValueSpecification","valueRequired":true,"valueName":"search_term_string"}}],"inLanguage":"es"},{"@type":"Organization","@id":"https:\/\/global-hookah.com\/#organization","name":"Global Hookah","url":"https:\/\/global-hookah.com\/","logo":{"@type":"ImageObject","inLanguage":"es","@id":"https:\/\/global-hookah.com\/#\/schema\/logo\/image\/","url":"https:\/\/global-hookah.com\/wp-content\/uploads\/2021\/10\/cropped-fgg.png","contentUrl":"https:\/\/global-hookah.com\/wp-content\/uploads\/2021\/10\/cropped-fgg.png","width":512,"height":512,"caption":"Global Hookah"},"image":{"@id":"https:\/\/global-hookah.com\/#\/schema\/logo\/image\/"}}]}},"_links":{"self":[{"href":"https:\/\/global-hookah.com\/es\/wp-json\/wp\/v2\/product\/22261","targetHints":{"allow":["GET"]}}],"collection":[{"href":"https:\/\/global-hookah.com\/es\/wp-json\/wp\/v2\/product"}],"about":[{"href":"https:\/\/global-hookah.com\/es\/wp-json\/wp\/v2\/types\/product"}],"replies":[{"embeddable":true,"href":"https:\/\/global-hookah.com\/es\/wp-json\/wp\/v2\/comments?post=22261"}],"version-history":[{"count":0,"href":"https:\/\/global-hookah.com\/es\/wp-json\/wp\/v2\/product\/22261\/revisions"}],"wp:featuredmedia":[{"embeddable":true,"href":"https:\/\/global-hookah.com\/es\/wp-json\/wp\/v2\/media\/22264"}],"wp:attachment":[{"href":"https:\/\/global-hookah.com\/es\/wp-json\/wp\/v2\/media?parent=22261"}],"wp:term":[{"taxonomy":"product_brand","embeddable":true,"href":"https:\/\/global-hookah.com\/es\/wp-json\/wp\/v2\/product_brand?post=22261"},{"taxonomy":"product_cat","embeddable":true,"href":"https:\/\/global-hookah.com\/es\/wp-json\/wp\/v2\/product_cat?post=22261"},{"taxonomy":"product_tag","embeddable":true,"href":"https:\/\/global-hookah.com\/es\/wp-json\/wp\/v2\/product_tag?post=22261"}],"curies":[{"name":"wp","href":"https:\/\/api.w.org\/{rel}","templated":true}]}}