{"id":22284,"date":"2024-05-12T08:24:35","date_gmt":"2024-05-12T08:24:35","guid":{"rendered":"https:\/\/global-hookah.com\/?post_type=product&#038;p=22284"},"modified":"2024-05-14T05:26:35","modified_gmt":"2024-05-14T05:26:35","slug":"rick-and-morty-glass-bong-wholesale","status":"publish","type":"product","link":"https:\/\/global-hookah.com\/es\/producto\/rick-and-morty-glass-bong-wholesale\/","title":{"rendered":"Rick And Morty Glass Bong al por mayor"},"content":{"rendered":"<p>Amigo, d\u00e9jame decirte, el <strong>Bong de cristal de Rick y Morty<\/strong> es un art\u00edculo imprescindible para cualquier verdadero fan como t\u00fa. Est\u00e1 fabricado con vidrio de borosilicato de primera calidad, resistente al calor, para que siempre fumes sin problemas. La base cl\u00e1sica del vaso te da mucho espacio para el agua para que el humo pueda enfriarse y suavizarse antes de inhalar. Yo pongo unos cubitos de hielo cuando lo uso para que la experiencia de fumar sea a\u00fan mejor.<\/p>\n<p>Utilizando este <strong>pipa de cristal Rick y Morty<\/strong> es muy f\u00e1cil. Simplemente llena el cuenco de cristal de 14,5 mm con tu hierba favorita, rodea la boquilla con los labios y enci\u00e9ndelo mientras inhalas. Pasa el humo por el agua y mantenlo dentro. \u00a1Estar\u00e1s en el placer en ning\u00fan momento hermano!<\/p>\n<p>Pero de verdad, <strong>Bongs de agua de cristal de Rick y Morty<\/strong> son mucho m\u00e1s saludables que<a href=\"https:\/\/global-hookah.com\/product-category\/bong-wholesale\/silicone-bong-wholesale\/\"> otros materiales<\/a>. Duran m\u00e1s y es menos probable que se rompan. Adem\u00e1s, el vidrio les permite hacer dise\u00f1os y colores geniales. El vidrio proporciona el sabor m\u00e1s puro, sin alquitr\u00e1n ni productos qu\u00edmicos desagradables.<\/p>","protected":false},"excerpt":{"rendered":"<p>Amigo, d\u00e9jame decirte, el Rick y Morty Glass Bong es un total debe-tener para cualquier verdadero fan como<\/p>","protected":false},"featured_media":22286,"comment_status":"closed","ping_status":"closed","template":"","meta":{"iawp_total_views":4,"_joinchat":[]},"product_brand":[],"product_cat":[535],"product_tag":[],"class_list":{"0":"post-22284","1":"product","2":"type-product","3":"status-publish","4":"has-post-thumbnail","6":"product_cat-wholesale-glass-bong","8":"first","9":"instock","10":"shipping-taxable","11":"product-type-external"},"yoast_head":"<!-- This site is optimized with the Yoast SEO Premium plugin v24.7 (Yoast SEO v26.8) - https:\/\/yoast.com\/product\/yoast-seo-premium-wordpress\/ -->\n<title>Rick And Morty Glass Bong Wholesale - Global Hookah<\/title>\n<meta name=\"robots\" content=\"index, follow, max-snippet:-1, max-image-preview:large, max-video-preview:-1\" \/>\n<link rel=\"canonical\" href=\"https:\/\/global-hookah.com\/es\/it\/prodotto\/bong-di-vetro-rick-and-morty-allingrosso\/\" \/>\n<meta property=\"og:locale\" content=\"es_ES\" \/>\n<meta property=\"og:type\" content=\"article\" \/>\n<meta property=\"og:title\" content=\"Rick And Morty Glass Bong Wholesale\" \/>\n<meta property=\"og:description\" content=\"Dude, let me tell you, the Rick and Morty Glass Bong is a total must-have for any true fan like\" \/>\n<meta property=\"og:url\" content=\"https:\/\/global-hookah.com\/es\/it\/prodotto\/bong-di-vetro-rick-and-morty-allingrosso\/\" \/>\n<meta property=\"og:site_name\" content=\"Global Hookah\" \/>\n<meta property=\"article:modified_time\" content=\"2024-05-14T05:26:35+00:00\" \/>\n<meta property=\"og:image\" content=\"https:\/\/global-hookah.com\/wp-content\/uploads\/2024\/05\/0e0f3d66-862e-4f56-9465-f0e063fce8ba.jpg\" \/>\n\t<meta property=\"og:image:width\" content=\"1024\" \/>\n\t<meta property=\"og:image:height\" content=\"1024\" \/>\n\t<meta property=\"og:image:type\" content=\"image\/jpeg\" \/>\n<meta name=\"twitter:card\" content=\"summary_large_image\" \/>\n<meta name=\"twitter:label1\" content=\"Tiempo de lectura\" \/>\n\t<meta name=\"twitter:data1\" content=\"1 minuto\" \/>\n<script type=\"application\/ld+json\" class=\"yoast-schema-graph\">{\"@context\":\"https:\/\/schema.org\",\"@graph\":[{\"@type\":\"WebPage\",\"@id\":\"https:\/\/global-hookah.com\/it\/prodotto\/bong-di-vetro-rick-and-morty-allingrosso\/\",\"url\":\"https:\/\/global-hookah.com\/it\/prodotto\/bong-di-vetro-rick-and-morty-allingrosso\/\",\"name\":\"Rick And Morty Glass Bong Wholesale - Global Hookah\",\"isPartOf\":{\"@id\":\"https:\/\/global-hookah.com\/#website\"},\"primaryImageOfPage\":{\"@id\":\"https:\/\/global-hookah.com\/it\/prodotto\/bong-di-vetro-rick-and-morty-allingrosso\/#primaryimage\"},\"image\":{\"@id\":\"https:\/\/global-hookah.com\/it\/prodotto\/bong-di-vetro-rick-and-morty-allingrosso\/#primaryimage\"},\"thumbnailUrl\":\"https:\/\/global-hookah.com\/wp-content\/uploads\/2024\/05\/0e0f3d66-862e-4f56-9465-f0e063fce8ba.jpg\",\"datePublished\":\"2024-05-12T08:24:35+00:00\",\"dateModified\":\"2024-05-14T05:26:35+00:00\",\"breadcrumb\":{\"@id\":\"https:\/\/global-hookah.com\/it\/prodotto\/bong-di-vetro-rick-and-morty-allingrosso\/#breadcrumb\"},\"inLanguage\":\"es\",\"potentialAction\":[{\"@type\":\"ReadAction\",\"target\":[\"https:\/\/global-hookah.com\/it\/prodotto\/bong-di-vetro-rick-and-morty-allingrosso\/\"]}]},{\"@type\":\"ImageObject\",\"inLanguage\":\"es\",\"@id\":\"https:\/\/global-hookah.com\/it\/prodotto\/bong-di-vetro-rick-and-morty-allingrosso\/#primaryimage\",\"url\":\"https:\/\/global-hookah.com\/wp-content\/uploads\/2024\/05\/0e0f3d66-862e-4f56-9465-f0e063fce8ba.jpg\",\"contentUrl\":\"https:\/\/global-hookah.com\/wp-content\/uploads\/2024\/05\/0e0f3d66-862e-4f56-9465-f0e063fce8ba.jpg\",\"width\":1024,\"height\":1024,\"caption\":\"Rick And Morty Glass Bong Wholesale\"},{\"@type\":\"BreadcrumbList\",\"@id\":\"https:\/\/global-hookah.com\/it\/prodotto\/bong-di-vetro-rick-and-morty-allingrosso\/#breadcrumb\",\"itemListElement\":[{\"@type\":\"ListItem\",\"position\":1,\"name\":\"Home\",\"item\":\"https:\/\/global-hookah.com\/\"},{\"@type\":\"ListItem\",\"position\":2,\"name\":\"Shop\",\"item\":\"https:\/\/global-hookah.com\/shop\/\"},{\"@type\":\"ListItem\",\"position\":3,\"name\":\"Rick And Morty Glass Bong Wholesale\"}]},{\"@type\":\"WebSite\",\"@id\":\"https:\/\/global-hookah.com\/#website\",\"url\":\"https:\/\/global-hookah.com\/\",\"name\":\"Global Hookah\",\"description\":\"Global Hookah\",\"publisher\":{\"@id\":\"https:\/\/global-hookah.com\/#organization\"},\"potentialAction\":[{\"@type\":\"SearchAction\",\"target\":{\"@type\":\"EntryPoint\",\"urlTemplate\":\"https:\/\/global-hookah.com\/?s={search_term_string}\"},\"query-input\":{\"@type\":\"PropertyValueSpecification\",\"valueRequired\":true,\"valueName\":\"search_term_string\"}}],\"inLanguage\":\"es\"},{\"@type\":\"Organization\",\"@id\":\"https:\/\/global-hookah.com\/#organization\",\"name\":\"Global Hookah\",\"url\":\"https:\/\/global-hookah.com\/\",\"logo\":{\"@type\":\"ImageObject\",\"inLanguage\":\"es\",\"@id\":\"https:\/\/global-hookah.com\/#\/schema\/logo\/image\/\",\"url\":\"https:\/\/global-hookah.com\/wp-content\/uploads\/2021\/10\/cropped-fgg.png\",\"contentUrl\":\"https:\/\/global-hookah.com\/wp-content\/uploads\/2021\/10\/cropped-fgg.png\",\"width\":512,\"height\":512,\"caption\":\"Global Hookah\"},\"image\":{\"@id\":\"https:\/\/global-hookah.com\/#\/schema\/logo\/image\/\"}}]}<\/script>\n<!-- \/ Yoast SEO Premium plugin. -->","yoast_head_json":{"title":"Rick And Morty Glass Bong Wholesale - Global Hookah","robots":{"index":"index","follow":"follow","max-snippet":"max-snippet:-1","max-image-preview":"max-image-preview:large","max-video-preview":"max-video-preview:-1"},"canonical":"https:\/\/global-hookah.com\/es\/it\/prodotto\/bong-di-vetro-rick-and-morty-allingrosso\/","og_locale":"es_ES","og_type":"article","og_title":"Rick And Morty Glass Bong Wholesale","og_description":"Dude, let me tell you, the Rick and Morty Glass Bong is a total must-have for any true fan like","og_url":"https:\/\/global-hookah.com\/es\/it\/prodotto\/bong-di-vetro-rick-and-morty-allingrosso\/","og_site_name":"Global Hookah","article_modified_time":"2024-05-14T05:26:35+00:00","og_image":[{"width":1024,"height":1024,"url":"https:\/\/global-hookah.com\/wp-content\/uploads\/2024\/05\/0e0f3d66-862e-4f56-9465-f0e063fce8ba.jpg","type":"image\/jpeg"}],"twitter_card":"summary_large_image","twitter_misc":{"Tiempo de lectura":"1 minuto"},"schema":{"@context":"https:\/\/schema.org","@graph":[{"@type":"WebPage","@id":"https:\/\/global-hookah.com\/it\/prodotto\/bong-di-vetro-rick-and-morty-allingrosso\/","url":"https:\/\/global-hookah.com\/it\/prodotto\/bong-di-vetro-rick-and-morty-allingrosso\/","name":"Rick And Morty Glass Bong Wholesale - Global Hookah","isPartOf":{"@id":"https:\/\/global-hookah.com\/#website"},"primaryImageOfPage":{"@id":"https:\/\/global-hookah.com\/it\/prodotto\/bong-di-vetro-rick-and-morty-allingrosso\/#primaryimage"},"image":{"@id":"https:\/\/global-hookah.com\/it\/prodotto\/bong-di-vetro-rick-and-morty-allingrosso\/#primaryimage"},"thumbnailUrl":"https:\/\/global-hookah.com\/wp-content\/uploads\/2024\/05\/0e0f3d66-862e-4f56-9465-f0e063fce8ba.jpg","datePublished":"2024-05-12T08:24:35+00:00","dateModified":"2024-05-14T05:26:35+00:00","breadcrumb":{"@id":"https:\/\/global-hookah.com\/it\/prodotto\/bong-di-vetro-rick-and-morty-allingrosso\/#breadcrumb"},"inLanguage":"es","potentialAction":[{"@type":"ReadAction","target":["https:\/\/global-hookah.com\/it\/prodotto\/bong-di-vetro-rick-and-morty-allingrosso\/"]}]},{"@type":"ImageObject","inLanguage":"es","@id":"https:\/\/global-hookah.com\/it\/prodotto\/bong-di-vetro-rick-and-morty-allingrosso\/#primaryimage","url":"https:\/\/global-hookah.com\/wp-content\/uploads\/2024\/05\/0e0f3d66-862e-4f56-9465-f0e063fce8ba.jpg","contentUrl":"https:\/\/global-hookah.com\/wp-content\/uploads\/2024\/05\/0e0f3d66-862e-4f56-9465-f0e063fce8ba.jpg","width":1024,"height":1024,"caption":"Rick And Morty Glass Bong Wholesale"},{"@type":"BreadcrumbList","@id":"https:\/\/global-hookah.com\/it\/prodotto\/bong-di-vetro-rick-and-morty-allingrosso\/#breadcrumb","itemListElement":[{"@type":"ListItem","position":1,"name":"Home","item":"https:\/\/global-hookah.com\/"},{"@type":"ListItem","position":2,"name":"Shop","item":"https:\/\/global-hookah.com\/shop\/"},{"@type":"ListItem","position":3,"name":"Rick And Morty Glass Bong Wholesale"}]},{"@type":"WebSite","@id":"https:\/\/global-hookah.com\/#website","url":"https:\/\/global-hookah.com\/","name":"Global Hookah","description":"Global Hookah","publisher":{"@id":"https:\/\/global-hookah.com\/#organization"},"potentialAction":[{"@type":"SearchAction","target":{"@type":"EntryPoint","urlTemplate":"https:\/\/global-hookah.com\/?s={search_term_string}"},"query-input":{"@type":"PropertyValueSpecification","valueRequired":true,"valueName":"search_term_string"}}],"inLanguage":"es"},{"@type":"Organization","@id":"https:\/\/global-hookah.com\/#organization","name":"Global Hookah","url":"https:\/\/global-hookah.com\/","logo":{"@type":"ImageObject","inLanguage":"es","@id":"https:\/\/global-hookah.com\/#\/schema\/logo\/image\/","url":"https:\/\/global-hookah.com\/wp-content\/uploads\/2021\/10\/cropped-fgg.png","contentUrl":"https:\/\/global-hookah.com\/wp-content\/uploads\/2021\/10\/cropped-fgg.png","width":512,"height":512,"caption":"Global Hookah"},"image":{"@id":"https:\/\/global-hookah.com\/#\/schema\/logo\/image\/"}}]}},"_links":{"self":[{"href":"https:\/\/global-hookah.com\/es\/wp-json\/wp\/v2\/product\/22284","targetHints":{"allow":["GET"]}}],"collection":[{"href":"https:\/\/global-hookah.com\/es\/wp-json\/wp\/v2\/product"}],"about":[{"href":"https:\/\/global-hookah.com\/es\/wp-json\/wp\/v2\/types\/product"}],"replies":[{"embeddable":true,"href":"https:\/\/global-hookah.com\/es\/wp-json\/wp\/v2\/comments?post=22284"}],"version-history":[{"count":0,"href":"https:\/\/global-hookah.com\/es\/wp-json\/wp\/v2\/product\/22284\/revisions"}],"wp:featuredmedia":[{"embeddable":true,"href":"https:\/\/global-hookah.com\/es\/wp-json\/wp\/v2\/media\/22286"}],"wp:attachment":[{"href":"https:\/\/global-hookah.com\/es\/wp-json\/wp\/v2\/media?parent=22284"}],"wp:term":[{"taxonomy":"product_brand","embeddable":true,"href":"https:\/\/global-hookah.com\/es\/wp-json\/wp\/v2\/product_brand?post=22284"},{"taxonomy":"product_cat","embeddable":true,"href":"https:\/\/global-hookah.com\/es\/wp-json\/wp\/v2\/product_cat?post=22284"},{"taxonomy":"product_tag","embeddable":true,"href":"https:\/\/global-hookah.com\/es\/wp-json\/wp\/v2\/product_tag?post=22284"}],"curies":[{"name":"wp","href":"https:\/\/api.w.org\/{rel}","templated":true}]}}