{"id":22336,"date":"2024-05-15T03:28:21","date_gmt":"2024-05-15T03:28:21","guid":{"rendered":"https:\/\/global-hookah.com\/product\/electric-pen-shaped-weed-grinder-wholesale\/"},"modified":"2026-02-10T08:03:00","modified_gmt":"2026-02-10T08:03:00","slug":"electric-pen-shaped-weed-grinder-wholesale","status":"publish","type":"product","link":"https:\/\/global-hookah.com\/es\/producto\/electric-pen-shaped-weed-grinder-wholesale\/","title":{"rendered":"Molinillo el\u00e9ctrico para hierba en forma de bol\u00edgrafo al por mayor"},"content":{"rendered":"<div class=\"detailmodule_html\">\n<div class=\"detail-desc-decorate-richtext\">\n<div>\n<p>Las cuchillas de acero inoxidable en una amoladora de aleaci\u00f3n de zinc con una potencia de 15.000 RPM y 600 mA de bater\u00eda ahorran tiempo en comparaci\u00f3n con una amoladora manual. Las cuchillas pueden afilarse finas o gruesas seg\u00fan sus especificaciones en cuesti\u00f3n de segundos.<\/p>\n<p>Con un interruptor basculante de dos direcciones, este molinillo autom\u00e1tico admite hasta dos gramos para preparar hierbas c\u00f3modamente con una sola mano. No es apropiado para frutos secos duros, c\u00e1scaras, granos de pimienta o jud\u00edas. Si el molinillo se atasca, se apagar\u00e1 autom\u00e1ticamente y necesitar\u00e1 un interruptor de reinicio.<\/p>\n<p>F\u00e1cil de llevar: Este <strong>Picadora de hierba el\u00e9ctrica en forma de bol\u00edgrafo<\/strong> es lo suficientemente peque\u00f1a como para llevarla consigo gracias a su dise\u00f1o ligero y sus dimensiones compactas. Su forma elegante y port\u00e1til facilita la trituraci\u00f3n durante los desplazamientos.<\/p>\n<\/div>\n<div>\n<div>\n<p><img decoding=\"async\" src=\"https:\/\/ae01.alicdn.com\/kf\/S94c8612b83bb48df9d7636750acb37ffs.jpg?width=800&amp;height=800&amp;hash=1600\" \/><img decoding=\"async\" src=\"https:\/\/ae01.alicdn.com\/kf\/Sd052b7aac9cc44bb8507acfda21644c6u.jpg?width=800&amp;height=800&amp;hash=1600\" \/><img decoding=\"async\" src=\"https:\/\/ae01.alicdn.com\/kf\/Sf1738de56cfe447da440a2e8be567819r.jpg?width=800&amp;height=800&amp;hash=1600\" \/><img decoding=\"async\" src=\"https:\/\/ae01.alicdn.com\/kf\/Saa201f64004f4eaab91438409dc20df1O.jpg?width=800&amp;height=800&amp;hash=1600\" \/><img decoding=\"async\" src=\"https:\/\/ae01.alicdn.com\/kf\/S3d0eff4cf42c4b82b0a55dbf8acd3ea90.jpg?width=800&amp;height=800&amp;hash=1600\" \/><img decoding=\"async\" src=\"https:\/\/ae01.alicdn.com\/kf\/S1d67bf856d7d4beb824610a92ca7d849n.jpg?width=800&amp;height=800&amp;hash=1600\" \/><img decoding=\"async\" src=\"https:\/\/ae01.alicdn.com\/kf\/S6ae83f7983584dc691e1aa2b4b98ca67B.jpg?width=800&amp;height=800&amp;hash=1600\" \/><img decoding=\"async\" src=\"https:\/\/ae01.alicdn.com\/kf\/S6252a916e18a4114879b2c17e6af0208g.jpg?width=800&amp;height=800&amp;hash=1600\" \/><img decoding=\"async\" src=\"https:\/\/ae01.alicdn.com\/kf\/Sdffe525aada84a229bea778805a2a5c1n.jpg?width=800&amp;height=800&amp;hash=1600\" \/><img decoding=\"async\" src=\"https:\/\/ae01.alicdn.com\/kf\/Sf77fc69ef42d4abc918e145ab7115bc0O.jpg?width=800&amp;height=800&amp;hash=1600\" \/><img decoding=\"async\" src=\"https:\/\/ae01.alicdn.com\/kf\/Sde311e44d1bf42bc97052ad03552d4a74.jpg?width=800&amp;height=800&amp;hash=1600\" \/><\/p>\n<\/div>\n<\/div>\n<div style=\"margin: 10px auto 0px auto; display: inline-block; max-width: 100%;\"><\/div>\n<\/div>\n<\/div>","protected":false},"excerpt":{"rendered":"<p>Cuchillas de acero inoxidable en una amoladora de aleaci\u00f3n de zinc con una potencia de 15.000 RPM y bater\u00eda de 600 mA ahorran tiempo al<\/p>","protected":false},"featured_media":22337,"comment_status":"closed","ping_status":"closed","template":"","meta":{"iawp_total_views":8,"_joinchat":[]},"product_brand":[],"product_cat":[770],"product_tag":[],"class_list":{"0":"post-22336","1":"product","2":"type-product","3":"status-publish","4":"has-post-thumbnail","6":"product_cat-wholesale-grinder","8":"first","9":"instock","10":"shipping-taxable","11":"product-type-external"},"yoast_head":"<!-- This site is optimized with the Yoast SEO Premium plugin v24.7 (Yoast SEO v26.8) - https:\/\/yoast.com\/product\/yoast-seo-premium-wordpress\/ -->\n<title>Electric Pen Shaped Weed Grinder Wholesale - Global Hookah<\/title>\n<meta name=\"robots\" content=\"index, follow, max-snippet:-1, max-image-preview:large, max-video-preview:-1\" \/>\n<link rel=\"canonical\" href=\"https:\/\/global-hookah.com\/es\/producto\/electric-pen-shaped-weed-grinder-wholesale\/\" \/>\n<meta property=\"og:locale\" content=\"es_ES\" \/>\n<meta property=\"og:type\" content=\"article\" \/>\n<meta property=\"og:title\" content=\"Electric Pen Shaped Weed Grinder Wholesale\" \/>\n<meta property=\"og:description\" content=\"Stainless steel blades on a zinc alloy grinder with a 15,000 RPM and 600 mA battery power save time when\" \/>\n<meta property=\"og:url\" content=\"https:\/\/global-hookah.com\/es\/producto\/electric-pen-shaped-weed-grinder-wholesale\/\" \/>\n<meta property=\"og:site_name\" content=\"Global Hookah\" \/>\n<meta property=\"article:modified_time\" content=\"2026-02-10T08:03:00+00:00\" \/>\n<meta property=\"og:image\" content=\"https:\/\/global-hookah.com\/wp-content\/uploads\/2024\/05\/kf-S9424e1445dbc40bb981a7297aa704d9bm-Powerful-Spice-Tobacco-Grinder-Electric-Herbal-Herb-Spice-Mill-Automatic-Tobacco-Crusher-Usb-Rechargeable-Smoking-Accessories.webp\" \/>\n\t<meta property=\"og:image:width\" content=\"800\" \/>\n\t<meta property=\"og:image:height\" content=\"800\" \/>\n\t<meta property=\"og:image:type\" content=\"image\/webp\" \/>\n<meta name=\"twitter:card\" content=\"summary_large_image\" \/>\n<meta name=\"twitter:label1\" content=\"Tiempo de lectura\" \/>\n\t<meta name=\"twitter:data1\" content=\"3 minutos\" \/>\n<script type=\"application\/ld+json\" class=\"yoast-schema-graph\">{\"@context\":\"https:\/\/schema.org\",\"@graph\":[{\"@type\":\"WebPage\",\"@id\":\"https:\/\/global-hookah.com\/product\/electric-pen-shaped-weed-grinder-wholesale\/\",\"url\":\"https:\/\/global-hookah.com\/product\/electric-pen-shaped-weed-grinder-wholesale\/\",\"name\":\"Electric Pen Shaped Weed Grinder Wholesale - Global Hookah\",\"isPartOf\":{\"@id\":\"https:\/\/global-hookah.com\/#website\"},\"primaryImageOfPage\":{\"@id\":\"https:\/\/global-hookah.com\/product\/electric-pen-shaped-weed-grinder-wholesale\/#primaryimage\"},\"image\":{\"@id\":\"https:\/\/global-hookah.com\/product\/electric-pen-shaped-weed-grinder-wholesale\/#primaryimage\"},\"thumbnailUrl\":\"https:\/\/global-hookah.com\/wp-content\/uploads\/2024\/05\/kf-S9424e1445dbc40bb981a7297aa704d9bm-Powerful-Spice-Tobacco-Grinder-Electric-Herbal-Herb-Spice-Mill-Automatic-Tobacco-Crusher-Usb-Rechargeable-Smoking-Accessories.webp\",\"datePublished\":\"2024-05-15T03:28:21+00:00\",\"dateModified\":\"2026-02-10T08:03:00+00:00\",\"breadcrumb\":{\"@id\":\"https:\/\/global-hookah.com\/product\/electric-pen-shaped-weed-grinder-wholesale\/#breadcrumb\"},\"inLanguage\":\"es\",\"potentialAction\":[{\"@type\":\"ReadAction\",\"target\":[\"https:\/\/global-hookah.com\/product\/electric-pen-shaped-weed-grinder-wholesale\/\"]}]},{\"@type\":\"ImageObject\",\"inLanguage\":\"es\",\"@id\":\"https:\/\/global-hookah.com\/product\/electric-pen-shaped-weed-grinder-wholesale\/#primaryimage\",\"url\":\"https:\/\/global-hookah.com\/wp-content\/uploads\/2024\/05\/kf-S9424e1445dbc40bb981a7297aa704d9bm-Powerful-Spice-Tobacco-Grinder-Electric-Herbal-Herb-Spice-Mill-Automatic-Tobacco-Crusher-Usb-Rechargeable-Smoking-Accessories.webp\",\"contentUrl\":\"https:\/\/global-hookah.com\/wp-content\/uploads\/2024\/05\/kf-S9424e1445dbc40bb981a7297aa704d9bm-Powerful-Spice-Tobacco-Grinder-Electric-Herbal-Herb-Spice-Mill-Automatic-Tobacco-Crusher-Usb-Rechargeable-Smoking-Accessories.webp\",\"width\":800,\"height\":800,\"caption\":\"Electric Pen Shaped Weed Grinder Wholesale\"},{\"@type\":\"BreadcrumbList\",\"@id\":\"https:\/\/global-hookah.com\/product\/electric-pen-shaped-weed-grinder-wholesale\/#breadcrumb\",\"itemListElement\":[{\"@type\":\"ListItem\",\"position\":1,\"name\":\"Home\",\"item\":\"https:\/\/global-hookah.com\/\"},{\"@type\":\"ListItem\",\"position\":2,\"name\":\"Shop\",\"item\":\"https:\/\/global-hookah.com\/shop\/\"},{\"@type\":\"ListItem\",\"position\":3,\"name\":\"Electric Pen Shaped Weed Grinder Wholesale\"}]},{\"@type\":\"WebSite\",\"@id\":\"https:\/\/global-hookah.com\/#website\",\"url\":\"https:\/\/global-hookah.com\/\",\"name\":\"Global Hookah\",\"description\":\"Global Hookah\",\"publisher\":{\"@id\":\"https:\/\/global-hookah.com\/#organization\"},\"potentialAction\":[{\"@type\":\"SearchAction\",\"target\":{\"@type\":\"EntryPoint\",\"urlTemplate\":\"https:\/\/global-hookah.com\/?s={search_term_string}\"},\"query-input\":{\"@type\":\"PropertyValueSpecification\",\"valueRequired\":true,\"valueName\":\"search_term_string\"}}],\"inLanguage\":\"es\"},{\"@type\":\"Organization\",\"@id\":\"https:\/\/global-hookah.com\/#organization\",\"name\":\"Global Hookah\",\"url\":\"https:\/\/global-hookah.com\/\",\"logo\":{\"@type\":\"ImageObject\",\"inLanguage\":\"es\",\"@id\":\"https:\/\/global-hookah.com\/#\/schema\/logo\/image\/\",\"url\":\"https:\/\/global-hookah.com\/wp-content\/uploads\/2021\/10\/cropped-fgg.png\",\"contentUrl\":\"https:\/\/global-hookah.com\/wp-content\/uploads\/2021\/10\/cropped-fgg.png\",\"width\":512,\"height\":512,\"caption\":\"Global Hookah\"},\"image\":{\"@id\":\"https:\/\/global-hookah.com\/#\/schema\/logo\/image\/\"}}]}<\/script>\n<!-- \/ Yoast SEO Premium plugin. -->","yoast_head_json":{"title":"Grinder el\u00e9ctrico de hierba en forma de bol\u00edgrafo al por mayor - Global Hookah","robots":{"index":"index","follow":"follow","max-snippet":"max-snippet:-1","max-image-preview":"max-image-preview:large","max-video-preview":"max-video-preview:-1"},"canonical":"https:\/\/global-hookah.com\/es\/producto\/electric-pen-shaped-weed-grinder-wholesale\/","og_locale":"es_ES","og_type":"article","og_title":"Electric Pen Shaped Weed Grinder Wholesale","og_description":"Stainless steel blades on a zinc alloy grinder with a 15,000 RPM and 600 mA battery power save time when","og_url":"https:\/\/global-hookah.com\/es\/producto\/electric-pen-shaped-weed-grinder-wholesale\/","og_site_name":"Global Hookah","article_modified_time":"2026-02-10T08:03:00+00:00","og_image":[{"width":800,"height":800,"url":"https:\/\/global-hookah.com\/wp-content\/uploads\/2024\/05\/kf-S9424e1445dbc40bb981a7297aa704d9bm-Powerful-Spice-Tobacco-Grinder-Electric-Herbal-Herb-Spice-Mill-Automatic-Tobacco-Crusher-Usb-Rechargeable-Smoking-Accessories.webp","type":"image\/webp"}],"twitter_card":"summary_large_image","twitter_misc":{"Tiempo de lectura":"3 minutos"},"schema":{"@context":"https:\/\/schema.org","@graph":[{"@type":"WebPage","@id":"https:\/\/global-hookah.com\/product\/electric-pen-shaped-weed-grinder-wholesale\/","url":"https:\/\/global-hookah.com\/product\/electric-pen-shaped-weed-grinder-wholesale\/","name":"Grinder el\u00e9ctrico de hierba en forma de bol\u00edgrafo al por mayor - Global Hookah","isPartOf":{"@id":"https:\/\/global-hookah.com\/#website"},"primaryImageOfPage":{"@id":"https:\/\/global-hookah.com\/product\/electric-pen-shaped-weed-grinder-wholesale\/#primaryimage"},"image":{"@id":"https:\/\/global-hookah.com\/product\/electric-pen-shaped-weed-grinder-wholesale\/#primaryimage"},"thumbnailUrl":"https:\/\/global-hookah.com\/wp-content\/uploads\/2024\/05\/kf-S9424e1445dbc40bb981a7297aa704d9bm-Powerful-Spice-Tobacco-Grinder-Electric-Herbal-Herb-Spice-Mill-Automatic-Tobacco-Crusher-Usb-Rechargeable-Smoking-Accessories.webp","datePublished":"2024-05-15T03:28:21+00:00","dateModified":"2026-02-10T08:03:00+00:00","breadcrumb":{"@id":"https:\/\/global-hookah.com\/product\/electric-pen-shaped-weed-grinder-wholesale\/#breadcrumb"},"inLanguage":"es","potentialAction":[{"@type":"ReadAction","target":["https:\/\/global-hookah.com\/product\/electric-pen-shaped-weed-grinder-wholesale\/"]}]},{"@type":"ImageObject","inLanguage":"es","@id":"https:\/\/global-hookah.com\/product\/electric-pen-shaped-weed-grinder-wholesale\/#primaryimage","url":"https:\/\/global-hookah.com\/wp-content\/uploads\/2024\/05\/kf-S9424e1445dbc40bb981a7297aa704d9bm-Powerful-Spice-Tobacco-Grinder-Electric-Herbal-Herb-Spice-Mill-Automatic-Tobacco-Crusher-Usb-Rechargeable-Smoking-Accessories.webp","contentUrl":"https:\/\/global-hookah.com\/wp-content\/uploads\/2024\/05\/kf-S9424e1445dbc40bb981a7297aa704d9bm-Powerful-Spice-Tobacco-Grinder-Electric-Herbal-Herb-Spice-Mill-Automatic-Tobacco-Crusher-Usb-Rechargeable-Smoking-Accessories.webp","width":800,"height":800,"caption":"Electric Pen Shaped Weed Grinder Wholesale"},{"@type":"BreadcrumbList","@id":"https:\/\/global-hookah.com\/product\/electric-pen-shaped-weed-grinder-wholesale\/#breadcrumb","itemListElement":[{"@type":"ListItem","position":1,"name":"Home","item":"https:\/\/global-hookah.com\/"},{"@type":"ListItem","position":2,"name":"Shop","item":"https:\/\/global-hookah.com\/shop\/"},{"@type":"ListItem","position":3,"name":"Electric Pen Shaped Weed Grinder Wholesale"}]},{"@type":"WebSite","@id":"https:\/\/global-hookah.com\/#website","url":"https:\/\/global-hookah.com\/","name":"Global Hookah","description":"Global Hookah","publisher":{"@id":"https:\/\/global-hookah.com\/#organization"},"potentialAction":[{"@type":"SearchAction","target":{"@type":"EntryPoint","urlTemplate":"https:\/\/global-hookah.com\/?s={search_term_string}"},"query-input":{"@type":"PropertyValueSpecification","valueRequired":true,"valueName":"search_term_string"}}],"inLanguage":"es"},{"@type":"Organization","@id":"https:\/\/global-hookah.com\/#organization","name":"Global Hookah","url":"https:\/\/global-hookah.com\/","logo":{"@type":"ImageObject","inLanguage":"es","@id":"https:\/\/global-hookah.com\/#\/schema\/logo\/image\/","url":"https:\/\/global-hookah.com\/wp-content\/uploads\/2021\/10\/cropped-fgg.png","contentUrl":"https:\/\/global-hookah.com\/wp-content\/uploads\/2021\/10\/cropped-fgg.png","width":512,"height":512,"caption":"Global Hookah"},"image":{"@id":"https:\/\/global-hookah.com\/#\/schema\/logo\/image\/"}}]}},"_links":{"self":[{"href":"https:\/\/global-hookah.com\/es\/wp-json\/wp\/v2\/product\/22336","targetHints":{"allow":["GET"]}}],"collection":[{"href":"https:\/\/global-hookah.com\/es\/wp-json\/wp\/v2\/product"}],"about":[{"href":"https:\/\/global-hookah.com\/es\/wp-json\/wp\/v2\/types\/product"}],"replies":[{"embeddable":true,"href":"https:\/\/global-hookah.com\/es\/wp-json\/wp\/v2\/comments?post=22336"}],"version-history":[{"count":2,"href":"https:\/\/global-hookah.com\/es\/wp-json\/wp\/v2\/product\/22336\/revisions"}],"predecessor-version":[{"id":33129,"href":"https:\/\/global-hookah.com\/es\/wp-json\/wp\/v2\/product\/22336\/revisions\/33129"}],"wp:featuredmedia":[{"embeddable":true,"href":"https:\/\/global-hookah.com\/es\/wp-json\/wp\/v2\/media\/22337"}],"wp:attachment":[{"href":"https:\/\/global-hookah.com\/es\/wp-json\/wp\/v2\/media?parent=22336"}],"wp:term":[{"taxonomy":"product_brand","embeddable":true,"href":"https:\/\/global-hookah.com\/es\/wp-json\/wp\/v2\/product_brand?post=22336"},{"taxonomy":"product_cat","embeddable":true,"href":"https:\/\/global-hookah.com\/es\/wp-json\/wp\/v2\/product_cat?post=22336"},{"taxonomy":"product_tag","embeddable":true,"href":"https:\/\/global-hookah.com\/es\/wp-json\/wp\/v2\/product_tag?post=22336"}],"curies":[{"name":"wp","href":"https:\/\/api.w.org\/{rel}","templated":true}]}}