{"id":22354,"date":"2024-05-15T03:57:58","date_gmt":"2024-05-15T03:57:58","guid":{"rendered":"https:\/\/global-hookah.com\/product\/56mm-gradient-color-cannabis-grinder\/"},"modified":"2024-05-15T03:58:10","modified_gmt":"2024-05-15T03:58:10","slug":"56mm-gradient-color-cannabis-grinder","status":"publish","type":"product","link":"https:\/\/global-hookah.com\/es\/producto\/56mm-gradient-color-cannabis-grinder\/","title":{"rendered":"Molinillo de Cannabis 56mm Gradient Color"},"content":{"rendered":"<div class=\"product-specs-list-container\">\n<ul class=\"product-specs-list util-clearfix\">\n<li class=\"product-prop line-limit-length\"><span\n\t\t\t\t\t\t\t\t\tclass=\"property-title\">Forma:&nbsp;<\/span><span\n\t\t\t\t\t\t\t\t\tclass=\"property-desc line-limit-length\">Tipo libre<\/span>\n\t\t\t\t\t\t<\/li>\n<li class=\"product-prop line-limit-length\"><span\n\t\t\t\t\t\t\t\t\tclass=\"property-title\">N\u00famero de modelo:&nbsp;<\/span><span\n\t\t\t\t\t\t\t\t\tclass=\"property-desc line-limit-length\">Molinillo de tabaco c\u00f3nico de 56 mm de color degradado<\/span>\n\t\t\t\t\t\t<\/li>\n<li class=\"product-prop line-limit-length\"><span\n\t\t\t\t\t\t\t\t\tclass=\"property-title\">Material:&nbsp;<\/span><span\n\t\t\t\t\t\t\t\t\tclass=\"property-desc line-limit-length\">Metal<\/span>\n\t\t\t\t\t\t<\/li>\n<li class=\"product-prop line-limit-length\"><span\n\t\t\t\t\t\t\t\t\tclass=\"property-title\">Marca:&nbsp;<\/span><span\n\t\t\t\t\t\t\t\t\tclass=\"property-desc line-limit-length\">Arrebol<\/span>\n\t\t\t\t\t\t<\/li>\n<li class=\"product-prop line-limit-length\"><span\n\t\t\t\t\t\t\t\t\tclass=\"property-title\">Origen:&nbsp;<\/span><span\n\t\t\t\t\t\t\t\t\tclass=\"property-desc line-limit-length\">China continental<\/span>\n\t\t\t\t\t\t<\/li>\n<li class=\"product-prop line-limit-length\"><span\n\t\t\t\t\t\t\t\t\tclass=\"property-title\">Material:&nbsp;<\/span><span\n\t\t\t\t\t\t\t\t\tclass=\"property-desc line-limit-length\">Aleaci\u00f3n de aluminio<\/span>\n\t\t\t\t\t\t<\/li>\n<li class=\"product-prop line-limit-length\"><span\n\t\t\t\t\t\t\t\t\tclass=\"property-title\">Peso:&nbsp;<\/span><span\n\t\t\t\t\t\t\t\t\tclass=\"property-desc line-limit-length\">Unos 137 g<\/span>\n\t\t\t\t\t\t<\/li>\n<li class=\"product-prop line-limit-length\"><span\n\t\t\t\t\t\t\t\t\tclass=\"property-title\">Tama\u00f1o:&nbsp;<\/span><span\n\t\t\t\t\t\t\t\t\tclass=\"property-desc line-limit-length\">56*56*62MM<\/span>\n\t\t\t\t\t\t<\/li>\n<li class=\"product-prop line-limit-length\"><span\n\t\t\t\t\t\t\t\t\tclass=\"property-title\">Color:&nbsp;<\/span><span\n\t\t\t\t\t\t\t\t\tclass=\"property-desc line-limit-length\">Color degradado<\/span>\n\t\t\t\t\t\t<\/li>\n<li class=\"product-prop line-limit-length\"><span\n\t\t\t\t\t\t\t\t\tclass=\"property-title\">Caracter\u00edstica1:&nbsp;<\/span><span\n\t\t\t\t\t\t\t\t\tclass=\"property-desc line-limit-length\">Accesorios para amoladoras<\/span>\n\t\t\t\t\t\t<\/li>\n<li class=\"product-prop line-limit-length\"><span\n\t\t\t\t\t\t\t\t\tclass=\"property-title\">Caracter\u00edstica2:&nbsp;<\/span><span\n\t\t\t\t\t\t\t\t\tclass=\"property-desc line-limit-length\">Picadora de tabaco<\/span>\n\t\t\t\t\t\t<\/li>\n<li class=\"product-prop line-limit-length\"><span\n\t\t\t\t\t\t\t\t\tclass=\"property-title\">Caracter\u00edstica3:&nbsp;<\/span><span\n\t\t\t\t\t\t\t\t\tclass=\"property-desc line-limit-length\">Fumar Tabaco<\/span>\n\t\t\t\t\t\t<\/li>\n<li class=\"product-prop line-limit-length\"><span\n\t\t\t\t\t\t\t\t\tclass=\"property-title\">Caracter\u00edstica 4:&nbsp;<\/span><span\n\t\t\t\t\t\t\t\t\tclass=\"property-desc line-limit-length\">Trituradora de hierba<\/span>\n\t\t\t\t\t\t<\/li>\n<li class=\"product-prop line-limit-length\"><span\n\t\t\t\t\t\t\t\t\tclass=\"property-title\">Caracter\u00edstica 5:&nbsp;<\/span><span\n\t\t\t\t\t\t\t\t\tclass=\"property-desc line-limit-length\">Hierba batidora<\/span>\n\t\t\t\t\t\t<\/li>\n<li class=\"product-prop line-limit-length\"><span\n\t\t\t\t\t\t\t\t\tclass=\"property-title\">Caracter\u00edstica 6:&nbsp;<\/span><span\n\t\t\t\t\t\t\t\t\tclass=\"property-desc line-limit-length\">Molinillo Para Fumar<\/span>\n\t\t\t\t\t\t<\/li>\n<li class=\"product-prop line-limit-length\"><span\n\t\t\t\t\t\t\t\t\tclass=\"property-title\">Caracter\u00edstica 7:&nbsp;<\/span><span\n\t\t\t\t\t\t\t\t\tclass=\"property-desc line-limit-length\">Trituradora de tabaco<\/span>\n\t\t\t\t\t\t<\/li>\n<\/ul><\/div>\n<div class=\"detailmodule_html\">\n<div class=\"detail-desc-decorate-richtext\">\n<div><span style=\"font-size:20px\"><strong><span style=\"background-color:rgb(231, 76, 60)\">56mm Gradient Color Tobacco Grinder 3-capa c\u00f3nica de metal Grass Crusher moler hierba para hacer cigarrillos de fumar Accesorios<\/span><\/strong><\/span><\/p>\n<p>Nombre del producto : 56mm Gradient Color Conical Tobacco Grinder<br \/>\nTama\u00f1o:56*56*62MM<\/p>\n<p>Color : Color degradado&nbsp;<br \/>\nPeso : Alrededor de 137g<br \/>\nMaterial : Aleaci\u00f3n de aluminio<\/div>\n<p align=\"left\" style=\"text-align:left;margin:0px;margin-bottom:0px;margin-top:0px;margin-left:0px;margin-right:0px\"><img decoding=\"async\" referrerpolicy=\"no-referrer\" slate-data-type=\"image\" src=\"https:\/\/ae01.alicdn.com\/kf\/S3b723727545c41738ab855a54f7d74efH.jpg?width=1000&#038;height=1000&#038;hash=2000\"><img decoding=\"async\" referrerpolicy=\"no-referrer\" slate-data-type=\"image\" src=\"https:\/\/ae01.alicdn.com\/kf\/Se1e1575225324cffb5ee1342721200d3V.jpg?width=1000&#038;height=1000&#038;hash=2000\"><img decoding=\"async\" referrerpolicy=\"no-referrer\" slate-data-type=\"image\" src=\"https:\/\/ae01.alicdn.com\/kf\/S20f36c3deb104f499cf0def89736b671X.jpg?width=1000&#038;height=1000&#038;hash=2000\"><img decoding=\"async\" referrerpolicy=\"no-referrer\" slate-data-type=\"image\" src=\"https:\/\/ae01.alicdn.com\/kf\/Sa64b208e0ca940b2afc2959549366c681.jpg?width=1000&#038;height=1000&#038;hash=2000\"><img decoding=\"async\" referrerpolicy=\"no-referrer\" slate-data-type=\"image\" src=\"https:\/\/ae01.alicdn.com\/kf\/Sfc652a8dbde64aa2b95c4b5a4bdbac50t.jpg?width=1000&#038;height=1000&#038;hash=2000\"><img decoding=\"async\" referrerpolicy=\"no-referrer\" slate-data-type=\"image\" src=\"https:\/\/ae01.alicdn.com\/kf\/Sa4a3eb27031747649769b7f902e14ef3g.jpg?width=1000&#038;height=1000&#038;hash=2000\"><img decoding=\"async\" referrerpolicy=\"no-referrer\" slate-data-type=\"image\" src=\"https:\/\/ae01.alicdn.com\/kf\/Sb4b8f17fe0ef49e0b86f3efbf1f9107fV.jpg?width=1000&#038;height=1000&#038;hash=2000\"><img decoding=\"async\" referrerpolicy=\"no-referrer\" slate-data-type=\"image\" src=\"https:\/\/ae01.alicdn.com\/kf\/S19981607228242c181c2d3856dfd368fV.jpg?width=1000&#038;height=1000&#038;hash=2000\"><img decoding=\"async\" referrerpolicy=\"no-referrer\" slate-data-type=\"image\" src=\"https:\/\/ae01.alicdn.com\/kf\/S024ab5c104c4497e8c81cca03a3aa1f2s.jpg?width=1000&#038;height=1000&#038;hash=2000\"><\/p>\n<div><strong>C\u00e1lido aviso:<br \/>\n\u00a11.Support para la venta al por mayor, Dropshipping, logotipo personalizar, OEM!<br \/>\n2.+Sigue a la tienda y consigue Descuentos o Cupones.<br \/>\n3.Acerca del color: Parte de los productos se env\u00edan de color al azar para mantener la velocidad de env\u00edo r\u00e1pido (SI desea que el color, por favor deje nota o mensaje).<br \/>\n4.About enchufe: No importa de qu\u00e9 pa\u00eds eres, todos le enviaremos enchufe de conversi\u00f3n est\u00e1ndar se adapte a su national.Shipping:<br \/>\n1.Garantizamos el env\u00edo de la mercanc\u00eda en un plazo de 24 horas tras la confirmaci\u00f3n del pago, excepto en d\u00edas festivos.<br \/>\n2.Enviamos por AliExpress Standard Shipping,DHL,Fedex, principalmente seg\u00fan el m\u00e9todo de env\u00edo de su elecci\u00f3n.<br \/>\n3.We tienen una rica experiencia de env\u00edo, usted no tendr\u00e1 problemas con las costumbres, por favor 100% garant\u00eda de creer en nosotros.<br \/>\n4.Si usted no recibe el art\u00edculo despu\u00e9s de 15-45 d\u00edas, por favor no dude en contactar con nosotros.haremos todo nuestro esfuerzo para resolver el problema.<br \/>\nDevoluci\u00f3n y reembolso:<br \/>\nSi alguna pregunta acerca de los art\u00edculos, por favor tome fotos o videos, p\u00f3ngase en contacto con nosotros para reenviar, devoluci\u00f3n o reembolso, no es necesario abrir la disputa o revisi\u00f3n.<br \/>\nGarant\u00eda:<br \/>\n\u00a1100% Genuino y Garant\u00eda de Calidad! Todos los art\u00edculos tienen 1-3 a\u00f1os de garant\u00eda.<\/strong><\/p>\n<p>&nbsp;<\/p><\/div>\n<\/div>\n<\/div>","protected":false},"excerpt":{"rendered":"<p>Forma: Tipo libre N\u00famero de modelo: 56mm Gradient Color Conical Tobacco Grinder Material: Metal Marca: Arrebol Origen: China continental Material: Aleaci\u00f3n de Aluminio Peso: Alrededor de 137g Tama\u00f1o: 56*56*62MM Color: Gradiente<\/p>","protected":false},"featured_media":22355,"comment_status":"","ping_status":"closed","template":"","meta":{"iawp_total_views":0,"_joinchat":[]},"product_brand":[],"product_cat":[770],"product_tag":[],"class_list":{"0":"post-22354","1":"product","2":"type-product","3":"status-publish","4":"has-post-thumbnail","6":"product_cat-wholesale-grinder","8":"first","9":"instock","10":"shipping-taxable","11":"purchasable","12":"product-type-variable"},"yoast_head":"<!-- This site is optimized with the Yoast SEO Premium plugin v24.7 (Yoast SEO v26.8) - https:\/\/yoast.com\/product\/yoast-seo-premium-wordpress\/ -->\n<title>56mm Gradient Color Cannabis Grinder - Global Hookah<\/title>\n<meta name=\"robots\" content=\"index, follow, max-snippet:-1, max-image-preview:large, max-video-preview:-1\" \/>\n<link rel=\"canonical\" href=\"https:\/\/global-hookah.com\/es\/pt\/produto\/moedor-de-cannabis-com-cor-gradiente-de-56-mm\/\" \/>\n<meta property=\"og:locale\" content=\"es_ES\" \/>\n<meta property=\"og:type\" content=\"article\" \/>\n<meta property=\"og:title\" content=\"56mm Gradient Color Cannabis Grinder\" \/>\n<meta property=\"og:description\" content=\"Shape:&nbsp;Free Type Model Number:&nbsp;56mm Gradient Color Conical Tobacco Grinder Material:&nbsp;Metal Brand Name:&nbsp;Arrebol Origin:&nbsp;Mainland China Material:&nbsp;Aluminum Alloy Weight:&nbsp;About 137g Size:&nbsp;56*56*62MM Color:&nbsp;Gradient\" \/>\n<meta property=\"og:url\" content=\"https:\/\/global-hookah.com\/es\/pt\/produto\/moedor-de-cannabis-com-cor-gradiente-de-56-mm\/\" \/>\n<meta property=\"og:site_name\" content=\"Global Hookah\" \/>\n<meta property=\"article:modified_time\" content=\"2024-05-15T03:58:10+00:00\" \/>\n<meta property=\"og:image\" content=\"https:\/\/global-hookah.com\/wp-content\/uploads\/2024\/05\/kf-S3c48ef04480c444bbce3277d3a68106fX-56mm-Gradient-Color-Tobacco-Grinder-3-layer-Conical-Metal-Grass-Crusher-Grinding-Herb-for-Making-Cigarettes.webp\" \/>\n\t<meta property=\"og:image:width\" content=\"1000\" \/>\n\t<meta property=\"og:image:height\" content=\"1000\" \/>\n\t<meta property=\"og:image:type\" content=\"image\/webp\" \/>\n<meta name=\"twitter:card\" content=\"summary_large_image\" \/>\n<meta name=\"twitter:label1\" content=\"Tiempo de lectura\" \/>\n\t<meta name=\"twitter:data1\" content=\"1 minuto\" \/>\n<script type=\"application\/ld+json\" class=\"yoast-schema-graph\">{\"@context\":\"https:\/\/schema.org\",\"@graph\":[{\"@type\":\"WebPage\",\"@id\":\"https:\/\/global-hookah.com\/pt\/produto\/moedor-de-cannabis-com-cor-gradiente-de-56-mm\/\",\"url\":\"https:\/\/global-hookah.com\/pt\/produto\/moedor-de-cannabis-com-cor-gradiente-de-56-mm\/\",\"name\":\"56mm Gradient Color Cannabis Grinder - Global Hookah\",\"isPartOf\":{\"@id\":\"https:\/\/global-hookah.com\/#website\"},\"primaryImageOfPage\":{\"@id\":\"https:\/\/global-hookah.com\/pt\/produto\/moedor-de-cannabis-com-cor-gradiente-de-56-mm\/#primaryimage\"},\"image\":{\"@id\":\"https:\/\/global-hookah.com\/pt\/produto\/moedor-de-cannabis-com-cor-gradiente-de-56-mm\/#primaryimage\"},\"thumbnailUrl\":\"https:\/\/global-hookah.com\/wp-content\/uploads\/2024\/05\/kf-S3c48ef04480c444bbce3277d3a68106fX-56mm-Gradient-Color-Tobacco-Grinder-3-layer-Conical-Metal-Grass-Crusher-Grinding-Herb-for-Making-Cigarettes.webp\",\"datePublished\":\"2024-05-15T03:57:58+00:00\",\"dateModified\":\"2024-05-15T03:58:10+00:00\",\"breadcrumb\":{\"@id\":\"https:\/\/global-hookah.com\/pt\/produto\/moedor-de-cannabis-com-cor-gradiente-de-56-mm\/#breadcrumb\"},\"inLanguage\":\"es\",\"potentialAction\":[{\"@type\":\"ReadAction\",\"target\":[\"https:\/\/global-hookah.com\/pt\/produto\/moedor-de-cannabis-com-cor-gradiente-de-56-mm\/\"]}]},{\"@type\":\"ImageObject\",\"inLanguage\":\"es\",\"@id\":\"https:\/\/global-hookah.com\/pt\/produto\/moedor-de-cannabis-com-cor-gradiente-de-56-mm\/#primaryimage\",\"url\":\"https:\/\/global-hookah.com\/wp-content\/uploads\/2024\/05\/kf-S3c48ef04480c444bbce3277d3a68106fX-56mm-Gradient-Color-Tobacco-Grinder-3-layer-Conical-Metal-Grass-Crusher-Grinding-Herb-for-Making-Cigarettes.webp\",\"contentUrl\":\"https:\/\/global-hookah.com\/wp-content\/uploads\/2024\/05\/kf-S3c48ef04480c444bbce3277d3a68106fX-56mm-Gradient-Color-Tobacco-Grinder-3-layer-Conical-Metal-Grass-Crusher-Grinding-Herb-for-Making-Cigarettes.webp\",\"width\":1000,\"height\":1000},{\"@type\":\"BreadcrumbList\",\"@id\":\"https:\/\/global-hookah.com\/pt\/produto\/moedor-de-cannabis-com-cor-gradiente-de-56-mm\/#breadcrumb\",\"itemListElement\":[{\"@type\":\"ListItem\",\"position\":1,\"name\":\"Home\",\"item\":\"https:\/\/global-hookah.com\/\"},{\"@type\":\"ListItem\",\"position\":2,\"name\":\"Shop\",\"item\":\"https:\/\/global-hookah.com\/shop\/\"},{\"@type\":\"ListItem\",\"position\":3,\"name\":\"56mm Gradient Color Cannabis Grinder\"}]},{\"@type\":\"WebSite\",\"@id\":\"https:\/\/global-hookah.com\/#website\",\"url\":\"https:\/\/global-hookah.com\/\",\"name\":\"Global Hookah\",\"description\":\"Global Hookah\",\"publisher\":{\"@id\":\"https:\/\/global-hookah.com\/#organization\"},\"potentialAction\":[{\"@type\":\"SearchAction\",\"target\":{\"@type\":\"EntryPoint\",\"urlTemplate\":\"https:\/\/global-hookah.com\/?s={search_term_string}\"},\"query-input\":{\"@type\":\"PropertyValueSpecification\",\"valueRequired\":true,\"valueName\":\"search_term_string\"}}],\"inLanguage\":\"es\"},{\"@type\":\"Organization\",\"@id\":\"https:\/\/global-hookah.com\/#organization\",\"name\":\"Global Hookah\",\"url\":\"https:\/\/global-hookah.com\/\",\"logo\":{\"@type\":\"ImageObject\",\"inLanguage\":\"es\",\"@id\":\"https:\/\/global-hookah.com\/#\/schema\/logo\/image\/\",\"url\":\"https:\/\/global-hookah.com\/wp-content\/uploads\/2021\/10\/cropped-fgg.png\",\"contentUrl\":\"https:\/\/global-hookah.com\/wp-content\/uploads\/2021\/10\/cropped-fgg.png\",\"width\":512,\"height\":512,\"caption\":\"Global Hookah\"},\"image\":{\"@id\":\"https:\/\/global-hookah.com\/#\/schema\/logo\/image\/\"}}]}<\/script>\n<!-- \/ Yoast SEO Premium plugin. -->","yoast_head_json":{"title":"56mm Gradient Color Cannabis Grinder - Global Hookah","robots":{"index":"index","follow":"follow","max-snippet":"max-snippet:-1","max-image-preview":"max-image-preview:large","max-video-preview":"max-video-preview:-1"},"canonical":"https:\/\/global-hookah.com\/es\/pt\/produto\/moedor-de-cannabis-com-cor-gradiente-de-56-mm\/","og_locale":"es_ES","og_type":"article","og_title":"56mm Gradient Color Cannabis Grinder","og_description":"Shape:&nbsp;Free Type Model Number:&nbsp;56mm Gradient Color Conical Tobacco Grinder Material:&nbsp;Metal Brand Name:&nbsp;Arrebol Origin:&nbsp;Mainland China Material:&nbsp;Aluminum Alloy Weight:&nbsp;About 137g Size:&nbsp;56*56*62MM Color:&nbsp;Gradient","og_url":"https:\/\/global-hookah.com\/es\/pt\/produto\/moedor-de-cannabis-com-cor-gradiente-de-56-mm\/","og_site_name":"Global Hookah","article_modified_time":"2024-05-15T03:58:10+00:00","og_image":[{"width":1000,"height":1000,"url":"https:\/\/global-hookah.com\/wp-content\/uploads\/2024\/05\/kf-S3c48ef04480c444bbce3277d3a68106fX-56mm-Gradient-Color-Tobacco-Grinder-3-layer-Conical-Metal-Grass-Crusher-Grinding-Herb-for-Making-Cigarettes.webp","type":"image\/webp"}],"twitter_card":"summary_large_image","twitter_misc":{"Tiempo de lectura":"1 minuto"},"schema":{"@context":"https:\/\/schema.org","@graph":[{"@type":"WebPage","@id":"https:\/\/global-hookah.com\/pt\/produto\/moedor-de-cannabis-com-cor-gradiente-de-56-mm\/","url":"https:\/\/global-hookah.com\/pt\/produto\/moedor-de-cannabis-com-cor-gradiente-de-56-mm\/","name":"56mm Gradient Color Cannabis Grinder - Global Hookah","isPartOf":{"@id":"https:\/\/global-hookah.com\/#website"},"primaryImageOfPage":{"@id":"https:\/\/global-hookah.com\/pt\/produto\/moedor-de-cannabis-com-cor-gradiente-de-56-mm\/#primaryimage"},"image":{"@id":"https:\/\/global-hookah.com\/pt\/produto\/moedor-de-cannabis-com-cor-gradiente-de-56-mm\/#primaryimage"},"thumbnailUrl":"https:\/\/global-hookah.com\/wp-content\/uploads\/2024\/05\/kf-S3c48ef04480c444bbce3277d3a68106fX-56mm-Gradient-Color-Tobacco-Grinder-3-layer-Conical-Metal-Grass-Crusher-Grinding-Herb-for-Making-Cigarettes.webp","datePublished":"2024-05-15T03:57:58+00:00","dateModified":"2024-05-15T03:58:10+00:00","breadcrumb":{"@id":"https:\/\/global-hookah.com\/pt\/produto\/moedor-de-cannabis-com-cor-gradiente-de-56-mm\/#breadcrumb"},"inLanguage":"es","potentialAction":[{"@type":"ReadAction","target":["https:\/\/global-hookah.com\/pt\/produto\/moedor-de-cannabis-com-cor-gradiente-de-56-mm\/"]}]},{"@type":"ImageObject","inLanguage":"es","@id":"https:\/\/global-hookah.com\/pt\/produto\/moedor-de-cannabis-com-cor-gradiente-de-56-mm\/#primaryimage","url":"https:\/\/global-hookah.com\/wp-content\/uploads\/2024\/05\/kf-S3c48ef04480c444bbce3277d3a68106fX-56mm-Gradient-Color-Tobacco-Grinder-3-layer-Conical-Metal-Grass-Crusher-Grinding-Herb-for-Making-Cigarettes.webp","contentUrl":"https:\/\/global-hookah.com\/wp-content\/uploads\/2024\/05\/kf-S3c48ef04480c444bbce3277d3a68106fX-56mm-Gradient-Color-Tobacco-Grinder-3-layer-Conical-Metal-Grass-Crusher-Grinding-Herb-for-Making-Cigarettes.webp","width":1000,"height":1000},{"@type":"BreadcrumbList","@id":"https:\/\/global-hookah.com\/pt\/produto\/moedor-de-cannabis-com-cor-gradiente-de-56-mm\/#breadcrumb","itemListElement":[{"@type":"ListItem","position":1,"name":"Home","item":"https:\/\/global-hookah.com\/"},{"@type":"ListItem","position":2,"name":"Shop","item":"https:\/\/global-hookah.com\/shop\/"},{"@type":"ListItem","position":3,"name":"56mm Gradient Color Cannabis Grinder"}]},{"@type":"WebSite","@id":"https:\/\/global-hookah.com\/#website","url":"https:\/\/global-hookah.com\/","name":"Global Hookah","description":"Global Hookah","publisher":{"@id":"https:\/\/global-hookah.com\/#organization"},"potentialAction":[{"@type":"SearchAction","target":{"@type":"EntryPoint","urlTemplate":"https:\/\/global-hookah.com\/?s={search_term_string}"},"query-input":{"@type":"PropertyValueSpecification","valueRequired":true,"valueName":"search_term_string"}}],"inLanguage":"es"},{"@type":"Organization","@id":"https:\/\/global-hookah.com\/#organization","name":"Global Hookah","url":"https:\/\/global-hookah.com\/","logo":{"@type":"ImageObject","inLanguage":"es","@id":"https:\/\/global-hookah.com\/#\/schema\/logo\/image\/","url":"https:\/\/global-hookah.com\/wp-content\/uploads\/2021\/10\/cropped-fgg.png","contentUrl":"https:\/\/global-hookah.com\/wp-content\/uploads\/2021\/10\/cropped-fgg.png","width":512,"height":512,"caption":"Global Hookah"},"image":{"@id":"https:\/\/global-hookah.com\/#\/schema\/logo\/image\/"}}]}},"_links":{"self":[{"href":"https:\/\/global-hookah.com\/es\/wp-json\/wp\/v2\/product\/22354","targetHints":{"allow":["GET"]}}],"collection":[{"href":"https:\/\/global-hookah.com\/es\/wp-json\/wp\/v2\/product"}],"about":[{"href":"https:\/\/global-hookah.com\/es\/wp-json\/wp\/v2\/types\/product"}],"replies":[{"embeddable":true,"href":"https:\/\/global-hookah.com\/es\/wp-json\/wp\/v2\/comments?post=22354"}],"version-history":[{"count":0,"href":"https:\/\/global-hookah.com\/es\/wp-json\/wp\/v2\/product\/22354\/revisions"}],"wp:featuredmedia":[{"embeddable":true,"href":"https:\/\/global-hookah.com\/es\/wp-json\/wp\/v2\/media\/22355"}],"wp:attachment":[{"href":"https:\/\/global-hookah.com\/es\/wp-json\/wp\/v2\/media?parent=22354"}],"wp:term":[{"taxonomy":"product_brand","embeddable":true,"href":"https:\/\/global-hookah.com\/es\/wp-json\/wp\/v2\/product_brand?post=22354"},{"taxonomy":"product_cat","embeddable":true,"href":"https:\/\/global-hookah.com\/es\/wp-json\/wp\/v2\/product_cat?post=22354"},{"taxonomy":"product_tag","embeddable":true,"href":"https:\/\/global-hookah.com\/es\/wp-json\/wp\/v2\/product_tag?post=22354"}],"curies":[{"name":"wp","href":"https:\/\/api.w.org\/{rel}","templated":true}]}}