{"id":22363,"date":"2024-05-15T03:58:53","date_gmt":"2024-05-15T03:58:53","guid":{"rendered":"https:\/\/global-hookah.com\/product\/big-size-4-layers-aluminum-alloy-weed-crusher-wholesale\/"},"modified":"2024-05-15T03:59:04","modified_gmt":"2024-05-15T03:59:04","slug":"big-size-4-layers-aluminum-alloy-weed-crusher-wholesale","status":"publish","type":"product","link":"https:\/\/global-hookah.com\/es\/producto\/big-size-4-layers-aluminum-alloy-weed-crusher-wholesale\/","title":{"rendered":"Trituradora de hierba de aleaci\u00f3n de aluminio de 4 capas de gran tama\u00f1o al por mayor"},"content":{"rendered":"<div class=\"product-specs-list-container\">\n<ul class=\"product-specs-list util-clearfix\">\n<li class=\"product-prop line-limit-length\"><span\n\t\t\t\t\t\t\t\t\tclass=\"property-title\">Forma:&nbsp;<\/span><span\n\t\t\t\t\t\t\t\t\tclass=\"property-desc line-limit-length\">Tipo libre<\/span>\n\t\t\t\t\t\t<\/li>\n<li class=\"product-prop line-limit-length\"><span\n\t\t\t\t\t\t\t\t\tclass=\"property-title\">N\u00famero de modelo:&nbsp;<\/span><span\n\t\t\t\t\t\t\t\t\tclass=\"property-desc line-limit-length\">Y\/YSY<\/span>\n\t\t\t\t\t\t<\/li>\n<li class=\"product-prop line-limit-length\"><span\n\t\t\t\t\t\t\t\t\tclass=\"property-title\">Material:&nbsp;<\/span><span\n\t\t\t\t\t\t\t\t\tclass=\"property-desc line-limit-length\">Metal<\/span>\n\t\t\t\t\t\t<\/li>\n<li class=\"product-prop line-limit-length\"><span\n\t\t\t\t\t\t\t\t\tclass=\"property-title\">Marca:&nbsp;<\/span><span\n\t\t\t\t\t\t\t\t\tclass=\"property-desc line-limit-length\">BEYOU LABS<\/span>\n\t\t\t\t\t\t<\/li>\n<li class=\"product-prop line-limit-length\"><span\n\t\t\t\t\t\t\t\t\tclass=\"property-title\">Origen:&nbsp;<\/span><span\n\t\t\t\t\t\t\t\t\tclass=\"property-desc line-limit-length\">China continental<\/span>\n\t\t\t\t\t\t<\/li>\n<li class=\"product-prop line-limit-length\"><span\n\t\t\t\t\t\t\t\t\tclass=\"property-title\">tama\u00f1o:&nbsp;<\/span><span\n\t\t\t\t\t\t\t\t\tclass=\"property-desc line-limit-length\">6,3\u00d76,7 cm<\/span>\n\t\t\t\t\t\t<\/li>\n<li class=\"product-prop line-limit-length\"><span\n\t\t\t\t\t\t\t\t\tclass=\"property-title\">tipo:&nbsp;<\/span><span\n\t\t\t\t\t\t\t\t\tclass=\"property-desc line-limit-length\">grinder hierba,pipeforsmoking,tabacaria,420 710 pipas,grinder para fumar,pipas fumar hierba,papelillos para fumar,accesorios para fumar,bongues para fumar,papelillos fumar<\/span>\n\t\t\t\t\t\t<\/li>\n<\/ul><\/div>\n<div class=\"detailmodule_dynamic\"><kse:widget data-widget-type=\"customText\" id=\"4000000008961\" type=\"relation\"><\/kse:widget><\/div>\n<div class=\"detailmodule_text-image\">\n<h1>Multifunci\u00f3n Hierba Grinder Gran Tama\u00f1o Port\u00e1til Tabaco Cigarrillos Grinding Tool Kit Creactive Metal Smoke Accesorios con Mini Caj\u00f3n Espacio<\/h1>\n<p style=\"font-family:&quot;OpenSans&quot;;font-size:14px;font-weight:300;line-height:20px;white-space:pre-wrap;color:rgb(0, 0, 0);margin-bottom:12px\" class=\"detail-desc-decorate-content\">*acepta dropshipping &amp; wholesales &amp; customize<\/p>\n<p>Aviso:<br \/>Por favor, permita 1-2cm desviaci\u00f3n de medici\u00f3n debido a measuremant manual.<br \/>1 pulgada = 2,5400000000102cm<br \/>Debido a la diferencia entre diferentes monitores, las im\u00e1genes pueden no reflejar el color real del art\u00edculo, gracias~.<br \/>*Aceptamos personalizaci\u00f3n de embalaje, color, logotipo mediante serigraf\u00eda, debossed, embossed, por favor no dude en contactar con nosotros.<\/p>\n<p style=\"font-family:&quot;OpenSans&quot;;font-size:14px;font-weight:300;line-height:20px;white-space:pre-wrap;color:rgb(0, 0, 0);margin-bottom:12px\" class=\"detail-desc-decorate-content\"><img decoding=\"async\" src=\"https:\/\/ae01.alicdn.com\/kf\/S0ce385e9a2e140099d948d2e96a14d7f6.jpg\" slate-data-type=\"image\"\/><\/p>\n<\/div>\n<div class=\"detailmodule_dynamic\"><kse:widget data-widget-type=\"customText\" id=\"25151057\" type=\"custom\"><\/kse:widget><\/div>\n<p><\/p>","protected":false},"excerpt":{"rendered":"<p>Forma: Tipo libre N\u00famero de modelo: Y\/YSY Material: Metal Marca: BEYOU LABS Origen: China continental tama\u00f1o: 6.3\u00d76.7cm tipo: grinder hierba,pipeforsmoking,tabacaria,420 710 pipas,grinder para fumar,pipas fumar hierba,papelillos para<\/p>","protected":false},"featured_media":22364,"comment_status":"","ping_status":"closed","template":"","meta":{"iawp_total_views":0,"_joinchat":[]},"product_brand":[],"product_cat":[770],"product_tag":[],"class_list":{"0":"post-22363","1":"product","2":"type-product","3":"status-publish","4":"has-post-thumbnail","6":"product_cat-wholesale-grinder","8":"first","9":"instock","10":"shipping-taxable","11":"purchasable","12":"product-type-variable"},"yoast_head":"<!-- This site is optimized with the Yoast SEO Premium plugin v24.7 (Yoast SEO v26.8) - https:\/\/yoast.com\/product\/yoast-seo-premium-wordpress\/ -->\n<title>Big Size 4 Layers Aluminum Alloy Weed Crusher Wholesale - Global Hookah<\/title>\n<meta name=\"robots\" content=\"index, follow, max-snippet:-1, max-image-preview:large, max-video-preview:-1\" \/>\n<link rel=\"canonical\" href=\"https:\/\/global-hookah.com\/es\/produkt\/big-size-4-layers-aluminum-alloy-weed-crusher-wholesale\/\" \/>\n<meta property=\"og:locale\" content=\"es_ES\" \/>\n<meta property=\"og:type\" content=\"article\" \/>\n<meta property=\"og:title\" content=\"Big Size 4 Layers Aluminum Alloy Weed Crusher Wholesale\" \/>\n<meta property=\"og:description\" content=\"Shape:&nbsp;Free Type Model Number:&nbsp;Y\/YSY Material:&nbsp;Metal Brand Name:&nbsp;BEYOU LABS Origin:&nbsp;Mainland China size:&nbsp;6.3&#215;6.7cm type:&nbsp;grinder hierba,pipeforsmoking,tabacaria,420 710 pipas,grinder for smoking,pipas fumar hierba,papelillos para\" \/>\n<meta property=\"og:url\" content=\"https:\/\/global-hookah.com\/es\/produkt\/big-size-4-layers-aluminum-alloy-weed-crusher-wholesale\/\" \/>\n<meta property=\"og:site_name\" content=\"Global Hookah\" \/>\n<meta property=\"article:modified_time\" content=\"2024-05-15T03:59:04+00:00\" \/>\n<meta property=\"og:image\" content=\"https:\/\/global-hookah.com\/wp-content\/uploads\/2024\/05\/kf-Sff2444ea80b7490e878da346a65a83664-Tobacco-Herb-Grinder-Big-Size-4-Layers-Aluminum-Alloy-Crusher-Cigarette-Storage-Filter-Case-Smoking-Accessories.webp\" \/>\n\t<meta property=\"og:image:width\" content=\"800\" \/>\n\t<meta property=\"og:image:height\" content=\"800\" \/>\n\t<meta property=\"og:image:type\" content=\"image\/webp\" \/>\n<meta name=\"twitter:card\" content=\"summary_large_image\" \/>\n<meta name=\"twitter:label1\" content=\"Tiempo de lectura\" \/>\n\t<meta name=\"twitter:data1\" content=\"1 minuto\" \/>\n<script type=\"application\/ld+json\" class=\"yoast-schema-graph\">{\"@context\":\"https:\/\/schema.org\",\"@graph\":[{\"@type\":\"WebPage\",\"@id\":\"https:\/\/global-hookah.com\/de\/produkt\/big-size-4-layers-aluminum-alloy-weed-crusher-wholesale\/\",\"url\":\"https:\/\/global-hookah.com\/de\/produkt\/big-size-4-layers-aluminum-alloy-weed-crusher-wholesale\/\",\"name\":\"Big Size 4 Layers Aluminum Alloy Weed Crusher Wholesale - Global Hookah\",\"isPartOf\":{\"@id\":\"https:\/\/global-hookah.com\/#website\"},\"primaryImageOfPage\":{\"@id\":\"https:\/\/global-hookah.com\/de\/produkt\/big-size-4-layers-aluminum-alloy-weed-crusher-wholesale\/#primaryimage\"},\"image\":{\"@id\":\"https:\/\/global-hookah.com\/de\/produkt\/big-size-4-layers-aluminum-alloy-weed-crusher-wholesale\/#primaryimage\"},\"thumbnailUrl\":\"https:\/\/global-hookah.com\/wp-content\/uploads\/2024\/05\/kf-Sff2444ea80b7490e878da346a65a83664-Tobacco-Herb-Grinder-Big-Size-4-Layers-Aluminum-Alloy-Crusher-Cigarette-Storage-Filter-Case-Smoking-Accessories.webp\",\"datePublished\":\"2024-05-15T03:58:53+00:00\",\"dateModified\":\"2024-05-15T03:59:04+00:00\",\"breadcrumb\":{\"@id\":\"https:\/\/global-hookah.com\/de\/produkt\/big-size-4-layers-aluminum-alloy-weed-crusher-wholesale\/#breadcrumb\"},\"inLanguage\":\"es\",\"potentialAction\":[{\"@type\":\"ReadAction\",\"target\":[\"https:\/\/global-hookah.com\/de\/produkt\/big-size-4-layers-aluminum-alloy-weed-crusher-wholesale\/\"]}]},{\"@type\":\"ImageObject\",\"inLanguage\":\"es\",\"@id\":\"https:\/\/global-hookah.com\/de\/produkt\/big-size-4-layers-aluminum-alloy-weed-crusher-wholesale\/#primaryimage\",\"url\":\"https:\/\/global-hookah.com\/wp-content\/uploads\/2024\/05\/kf-Sff2444ea80b7490e878da346a65a83664-Tobacco-Herb-Grinder-Big-Size-4-Layers-Aluminum-Alloy-Crusher-Cigarette-Storage-Filter-Case-Smoking-Accessories.webp\",\"contentUrl\":\"https:\/\/global-hookah.com\/wp-content\/uploads\/2024\/05\/kf-Sff2444ea80b7490e878da346a65a83664-Tobacco-Herb-Grinder-Big-Size-4-Layers-Aluminum-Alloy-Crusher-Cigarette-Storage-Filter-Case-Smoking-Accessories.webp\",\"width\":800,\"height\":800},{\"@type\":\"BreadcrumbList\",\"@id\":\"https:\/\/global-hookah.com\/de\/produkt\/big-size-4-layers-aluminum-alloy-weed-crusher-wholesale\/#breadcrumb\",\"itemListElement\":[{\"@type\":\"ListItem\",\"position\":1,\"name\":\"Home\",\"item\":\"https:\/\/global-hookah.com\/\"},{\"@type\":\"ListItem\",\"position\":2,\"name\":\"Shop\",\"item\":\"https:\/\/global-hookah.com\/shop\/\"},{\"@type\":\"ListItem\",\"position\":3,\"name\":\"Big Size 4 Layers Aluminum Alloy Weed Crusher Wholesale\"}]},{\"@type\":\"WebSite\",\"@id\":\"https:\/\/global-hookah.com\/#website\",\"url\":\"https:\/\/global-hookah.com\/\",\"name\":\"Global Hookah\",\"description\":\"Global Hookah\",\"publisher\":{\"@id\":\"https:\/\/global-hookah.com\/#organization\"},\"potentialAction\":[{\"@type\":\"SearchAction\",\"target\":{\"@type\":\"EntryPoint\",\"urlTemplate\":\"https:\/\/global-hookah.com\/?s={search_term_string}\"},\"query-input\":{\"@type\":\"PropertyValueSpecification\",\"valueRequired\":true,\"valueName\":\"search_term_string\"}}],\"inLanguage\":\"es\"},{\"@type\":\"Organization\",\"@id\":\"https:\/\/global-hookah.com\/#organization\",\"name\":\"Global Hookah\",\"url\":\"https:\/\/global-hookah.com\/\",\"logo\":{\"@type\":\"ImageObject\",\"inLanguage\":\"es\",\"@id\":\"https:\/\/global-hookah.com\/#\/schema\/logo\/image\/\",\"url\":\"https:\/\/global-hookah.com\/wp-content\/uploads\/2021\/10\/cropped-fgg.png\",\"contentUrl\":\"https:\/\/global-hookah.com\/wp-content\/uploads\/2021\/10\/cropped-fgg.png\",\"width\":512,\"height\":512,\"caption\":\"Global Hookah\"},\"image\":{\"@id\":\"https:\/\/global-hookah.com\/#\/schema\/logo\/image\/\"}}]}<\/script>\n<!-- \/ Yoast SEO Premium plugin. -->","yoast_head_json":{"title":"Tama\u00f1o grande 4 capas de aleaci\u00f3n de aluminio trituradora de hierba al por mayor - Global Hookah","robots":{"index":"index","follow":"follow","max-snippet":"max-snippet:-1","max-image-preview":"max-image-preview:large","max-video-preview":"max-video-preview:-1"},"canonical":"https:\/\/global-hookah.com\/es\/produkt\/big-size-4-layers-aluminum-alloy-weed-crusher-wholesale\/","og_locale":"es_ES","og_type":"article","og_title":"Big Size 4 Layers Aluminum Alloy Weed Crusher Wholesale","og_description":"Shape:&nbsp;Free Type Model Number:&nbsp;Y\/YSY Material:&nbsp;Metal Brand Name:&nbsp;BEYOU LABS Origin:&nbsp;Mainland China size:&nbsp;6.3&#215;6.7cm type:&nbsp;grinder hierba,pipeforsmoking,tabacaria,420 710 pipas,grinder for smoking,pipas fumar hierba,papelillos para","og_url":"https:\/\/global-hookah.com\/es\/produkt\/big-size-4-layers-aluminum-alloy-weed-crusher-wholesale\/","og_site_name":"Global Hookah","article_modified_time":"2024-05-15T03:59:04+00:00","og_image":[{"width":800,"height":800,"url":"https:\/\/global-hookah.com\/wp-content\/uploads\/2024\/05\/kf-Sff2444ea80b7490e878da346a65a83664-Tobacco-Herb-Grinder-Big-Size-4-Layers-Aluminum-Alloy-Crusher-Cigarette-Storage-Filter-Case-Smoking-Accessories.webp","type":"image\/webp"}],"twitter_card":"summary_large_image","twitter_misc":{"Tiempo de lectura":"1 minuto"},"schema":{"@context":"https:\/\/schema.org","@graph":[{"@type":"WebPage","@id":"https:\/\/global-hookah.com\/de\/produkt\/big-size-4-layers-aluminum-alloy-weed-crusher-wholesale\/","url":"https:\/\/global-hookah.com\/de\/produkt\/big-size-4-layers-aluminum-alloy-weed-crusher-wholesale\/","name":"Tama\u00f1o grande 4 capas de aleaci\u00f3n de aluminio trituradora de hierba al por mayor - Global Hookah","isPartOf":{"@id":"https:\/\/global-hookah.com\/#website"},"primaryImageOfPage":{"@id":"https:\/\/global-hookah.com\/de\/produkt\/big-size-4-layers-aluminum-alloy-weed-crusher-wholesale\/#primaryimage"},"image":{"@id":"https:\/\/global-hookah.com\/de\/produkt\/big-size-4-layers-aluminum-alloy-weed-crusher-wholesale\/#primaryimage"},"thumbnailUrl":"https:\/\/global-hookah.com\/wp-content\/uploads\/2024\/05\/kf-Sff2444ea80b7490e878da346a65a83664-Tobacco-Herb-Grinder-Big-Size-4-Layers-Aluminum-Alloy-Crusher-Cigarette-Storage-Filter-Case-Smoking-Accessories.webp","datePublished":"2024-05-15T03:58:53+00:00","dateModified":"2024-05-15T03:59:04+00:00","breadcrumb":{"@id":"https:\/\/global-hookah.com\/de\/produkt\/big-size-4-layers-aluminum-alloy-weed-crusher-wholesale\/#breadcrumb"},"inLanguage":"es","potentialAction":[{"@type":"ReadAction","target":["https:\/\/global-hookah.com\/de\/produkt\/big-size-4-layers-aluminum-alloy-weed-crusher-wholesale\/"]}]},{"@type":"ImageObject","inLanguage":"es","@id":"https:\/\/global-hookah.com\/de\/produkt\/big-size-4-layers-aluminum-alloy-weed-crusher-wholesale\/#primaryimage","url":"https:\/\/global-hookah.com\/wp-content\/uploads\/2024\/05\/kf-Sff2444ea80b7490e878da346a65a83664-Tobacco-Herb-Grinder-Big-Size-4-Layers-Aluminum-Alloy-Crusher-Cigarette-Storage-Filter-Case-Smoking-Accessories.webp","contentUrl":"https:\/\/global-hookah.com\/wp-content\/uploads\/2024\/05\/kf-Sff2444ea80b7490e878da346a65a83664-Tobacco-Herb-Grinder-Big-Size-4-Layers-Aluminum-Alloy-Crusher-Cigarette-Storage-Filter-Case-Smoking-Accessories.webp","width":800,"height":800},{"@type":"BreadcrumbList","@id":"https:\/\/global-hookah.com\/de\/produkt\/big-size-4-layers-aluminum-alloy-weed-crusher-wholesale\/#breadcrumb","itemListElement":[{"@type":"ListItem","position":1,"name":"Home","item":"https:\/\/global-hookah.com\/"},{"@type":"ListItem","position":2,"name":"Shop","item":"https:\/\/global-hookah.com\/shop\/"},{"@type":"ListItem","position":3,"name":"Big Size 4 Layers Aluminum Alloy Weed Crusher Wholesale"}]},{"@type":"WebSite","@id":"https:\/\/global-hookah.com\/#website","url":"https:\/\/global-hookah.com\/","name":"Global Hookah","description":"Global Hookah","publisher":{"@id":"https:\/\/global-hookah.com\/#organization"},"potentialAction":[{"@type":"SearchAction","target":{"@type":"EntryPoint","urlTemplate":"https:\/\/global-hookah.com\/?s={search_term_string}"},"query-input":{"@type":"PropertyValueSpecification","valueRequired":true,"valueName":"search_term_string"}}],"inLanguage":"es"},{"@type":"Organization","@id":"https:\/\/global-hookah.com\/#organization","name":"Global Hookah","url":"https:\/\/global-hookah.com\/","logo":{"@type":"ImageObject","inLanguage":"es","@id":"https:\/\/global-hookah.com\/#\/schema\/logo\/image\/","url":"https:\/\/global-hookah.com\/wp-content\/uploads\/2021\/10\/cropped-fgg.png","contentUrl":"https:\/\/global-hookah.com\/wp-content\/uploads\/2021\/10\/cropped-fgg.png","width":512,"height":512,"caption":"Global Hookah"},"image":{"@id":"https:\/\/global-hookah.com\/#\/schema\/logo\/image\/"}}]}},"_links":{"self":[{"href":"https:\/\/global-hookah.com\/es\/wp-json\/wp\/v2\/product\/22363","targetHints":{"allow":["GET"]}}],"collection":[{"href":"https:\/\/global-hookah.com\/es\/wp-json\/wp\/v2\/product"}],"about":[{"href":"https:\/\/global-hookah.com\/es\/wp-json\/wp\/v2\/types\/product"}],"replies":[{"embeddable":true,"href":"https:\/\/global-hookah.com\/es\/wp-json\/wp\/v2\/comments?post=22363"}],"version-history":[{"count":0,"href":"https:\/\/global-hookah.com\/es\/wp-json\/wp\/v2\/product\/22363\/revisions"}],"wp:featuredmedia":[{"embeddable":true,"href":"https:\/\/global-hookah.com\/es\/wp-json\/wp\/v2\/media\/22364"}],"wp:attachment":[{"href":"https:\/\/global-hookah.com\/es\/wp-json\/wp\/v2\/media?parent=22363"}],"wp:term":[{"taxonomy":"product_brand","embeddable":true,"href":"https:\/\/global-hookah.com\/es\/wp-json\/wp\/v2\/product_brand?post=22363"},{"taxonomy":"product_cat","embeddable":true,"href":"https:\/\/global-hookah.com\/es\/wp-json\/wp\/v2\/product_cat?post=22363"},{"taxonomy":"product_tag","embeddable":true,"href":"https:\/\/global-hookah.com\/es\/wp-json\/wp\/v2\/product_tag?post=22363"}],"curies":[{"name":"wp","href":"https:\/\/api.w.org\/{rel}","templated":true}]}}