{"id":22431,"date":"2024-05-15T06:13:32","date_gmt":"2024-05-15T06:13:32","guid":{"rendered":"https:\/\/global-hookah.com\/product\/63mm-herb-grinder-smoke-cigarette-accessories-tobacco-miller-crusher-5-layer-dry-herb-spices-grass-metal-grinders-diamond-rudder\/"},"modified":"2024-05-15T06:13:38","modified_gmt":"2024-05-15T06:13:38","slug":"63mm-herb-grinder-smoke-cigarette-accessories-tobacco-miller-crusher-5-layer-dry-herb-spices-grass-metal-grinders-diamond-rudder","status":"publish","type":"product","link":"https:\/\/global-hookah.com\/es\/producto\/63mm-herb-grinder-smoke-cigarette-accessories-tobacco-miller-crusher-5-layer-dry-herb-spices-grass-metal-grinders-diamond-rudder\/","title":{"rendered":"63mm Hierba Grinder Humo Cigarrillo Accesorios Tabaco Miller Crusher 5 Capas Hierba Seca Especias Grass Metal Grinders Diamante Tim\u00f3n"},"content":{"rendered":"<p>\u00a0<\/p>\n<div class=\"product-specs-list-container\">\n<ul class=\"product-specs-list util-clearfix\">\n<li class=\"product-prop line-limit-length\"><span class=\"property-title\">Forma:\u00a0<\/span><span class=\"property-desc line-limit-length\">Caja de regalo<\/span><\/li>\n<li class=\"product-prop line-limit-length\"><span class=\"property-title\">N\u00famero de modelo:\u00a0<\/span><span class=\"property-desc line-limit-length\">mtgt<\/span><\/li>\n<li class=\"product-prop line-limit-length\"><span class=\"property-title\">Material:\u00a0<\/span><span class=\"property-desc line-limit-length\">Metal<\/span><\/li>\n<li class=\"product-prop line-limit-length\"><span class=\"property-title\">Marca:\u00a0<\/span><span class=\"property-desc line-limit-length\">BEYOU LABS<\/span><\/li>\n<li class=\"product-prop line-limit-length\"><span class=\"property-title\">Origen:\u00a0<\/span><span class=\"property-desc line-limit-length\">China continental<\/span><\/li>\n<li class=\"product-prop line-limit-length\"><span class=\"property-title\">Patr\u00f3n:\u00a0<\/span><span class=\"property-desc line-limit-length\">de madera<\/span><\/li>\n<li class=\"product-prop line-limit-length\"><span class=\"property-title\">Artesan\u00eda:\u00a0<\/span><span class=\"property-desc line-limit-length\">multicapas<\/span><\/li>\n<li class=\"product-prop line-limit-length\"><span class=\"property-title\">Material:\u00a0<\/span><span class=\"property-desc line-limit-length\">Madera Aleaci\u00f3n de zinc Pl\u00e1stico<\/span><\/li>\n<li class=\"product-prop line-limit-length\"><span class=\"property-title\">Peso neto:\u00a0<\/span><span class=\"property-desc line-limit-length\">unos 220 g<\/span><\/li>\n<li class=\"product-prop line-limit-length\"><span class=\"property-title\">Art\u00edculo:\u00a0<\/span><span class=\"property-desc line-limit-length\">Smoke Grinder para Blunts Juntas Herbal Grinding Machine<\/span><\/li>\n<li class=\"product-prop line-limit-length\"><span class=\"property-title\">Tipo:\u00a0<\/span><span class=\"property-desc line-limit-length\">Picadoras de hojas de cigarrillos<\/span><\/li>\n<li class=\"product-prop line-limit-length\"><span class=\"property-title\">Uso:\u00a0<\/span><span class=\"property-desc line-limit-length\">Trituradora de puros<\/span><\/li>\n<li class=\"product-prop line-limit-length\"><span class=\"property-title\">Tama\u00f1o:\u00a0<\/span><span class=\"property-desc line-limit-length\">63mm mini muller m\u00e1quinas herramientas<\/span><\/li>\n<li class=\"product-prop line-limit-length\"><span class=\"property-title\">Espec\u00edficos:\u00a0<\/span><span class=\"property-desc line-limit-length\">5 capas de hierbas spiece grinders gadgets<\/span><\/li>\n<\/ul>\n<\/div>\n<div class=\"detailmodule_text\">\n<p>\u00a0<\/p>\n<p><span style=\"font-size: 24px;\">5 Capas Nuevo Molino de Mano Trituradora de Pipa de Fumar Accesorios Diamante Decorativo 63mm Molinillo de Tabaco de Hierba Seca para Cigarrillo Especias Granos Flor Hierbas T\u00e9 Granos<\/span><\/p>\n<p>Madera + aleaci\u00f3n de zinc + pl\u00e1stico<br \/>Accesorios del producto: 1 juego Molinillo en color aleatorio de entrega<br \/>Tapa de dientes x 1; Filtro de dientes x 1; Filtro de malla x 1; Protector de visualizaci\u00f3n x 1; Estuche de almacenamiento x 1; Mini pala x 1<\/p>\n<p>Grinder con 5 partes de capas y buena calidad de aleaci\u00f3n de zinc, duradero y port\u00e1til.<br \/>Se puede utilizar esta hierba para moler especias, tabaco u otra cosa.<br \/>La hierba con un im\u00e1n en el interior para evitar que se rompa de la segunda capa y su mano.<br \/>F\u00e1cil de usar, poner las especias en ella, cierre la tapa a continuaci\u00f3n, s\u00f3lo la rotaci\u00f3n, un par de veces y luego ser acabado.<\/p>\n<\/div>\n<div class=\"detailmodule_image\">\u00a0<\/div>\n<div class=\"detailmodule_text\">\n<p class=\"detail-desc-decorate-content\" style=\"font-family: OpenSans; font-size: 14px; font-weight: 300; line-height: 20px; white-space: pre-wrap; color: #000000; margin-bottom: 12px;\">Aviso:<br \/>Por favor, permita 1-2cm desviaci\u00f3n de medici\u00f3n debido a measuremant manual.<br \/>1 pulgada = 2,5400000000102cm<br \/>Debido a la diferencia entre los diferentes monitores, las im\u00e1genes pueden no reflejar el color real del art\u00edculo, esperamos su amable comprensi\u00f3n, gracias ~.<\/p>\n<\/div>\n<p><img decoding=\"async\" src=\"https:\/\/ae01.alicdn.com\/kf\/S75cf2756c6164cff9f1aa1d30d4ea8c8T.jpg\" \/><img decoding=\"async\" src=\"https:\/\/ae01.alicdn.com\/kf\/S303354053e3248cf9f91c1e9f99b2671x.jpg\" \/><img decoding=\"async\" src=\"https:\/\/ae01.alicdn.com\/kf\/S6c54724204404ea3a8d3ccf551cdfe70g.jpg\" \/><img decoding=\"async\" src=\"https:\/\/ae01.alicdn.com\/kf\/Se825ee16f58b4010840130ea0c49a1e6n.jpg\" \/><img decoding=\"async\" src=\"https:\/\/ae01.alicdn.com\/kf\/S79c4a571ae814b34b525c31cc8cfa3f54.jpg\" \/><img decoding=\"async\" src=\"https:\/\/ae01.alicdn.com\/kf\/Sc851f64b0dfb4d17b919107ba6c19600v.jpg\" \/><img decoding=\"async\" src=\"https:\/\/ae01.alicdn.com\/kf\/S8df5ba3127604f86a42006389fd4fa72Z.jpg\" \/><\/p>\n<p>\u00a0<\/p>","protected":false},"excerpt":{"rendered":"<p>\u00a0 Forma: Caja de regalo N\u00famero de modelo: mtgt Material: Metal Marca: BEYOU LABS Origen: China continental Patr\u00f3n: madera Artesan\u00eda: multi-capas Material: De madera de aleaci\u00f3n de zinc de pl\u00e1stico Peso neto: alrededor de 220g<\/p>","protected":false},"featured_media":22432,"comment_status":"","ping_status":"closed","template":"","meta":{"iawp_total_views":4,"_joinchat":[]},"product_brand":[],"product_cat":[770],"product_tag":[],"class_list":{"0":"post-22431","1":"product","2":"type-product","3":"status-publish","4":"has-post-thumbnail","6":"product_cat-wholesale-grinder","8":"first","9":"instock","10":"shipping-taxable","11":"purchasable","12":"product-type-variable"},"yoast_head":"<!-- This site is optimized with the Yoast SEO Premium plugin v24.7 (Yoast SEO v26.8) - https:\/\/yoast.com\/product\/yoast-seo-premium-wordpress\/ -->\n<title>63mm Herb Grinder Smoke Cigarette Accessories Tobacco Miller Crusher 5 Layer Dry Herb Spices Grass Metal Grinders Diamond Rudder - Global Hookah<\/title>\n<meta name=\"robots\" content=\"index, follow, max-snippet:-1, max-image-preview:large, max-video-preview:-1\" \/>\n<link rel=\"canonical\" href=\"https:\/\/global-hookah.com\/es\/ru\/\u043f\u0440\u043e\u0434\u0443\u043a\u0442\/63mm-herb-grinder-smoke-cigarette-accessories-tobacco-miller-crusher-5-layer-dry-herb-spices-grass-metal-grinders-diamond-rudder\/\" \/>\n<meta property=\"og:locale\" content=\"es_ES\" \/>\n<meta property=\"og:type\" content=\"article\" \/>\n<meta property=\"og:title\" content=\"63mm Herb Grinder Smoke Cigarette Accessories Tobacco Miller Crusher 5 Layer Dry Herb Spices Grass Metal Grinders Diamond Rudder\" \/>\n<meta property=\"og:description\" content=\"\u00a0 Shape:\u00a0Gift Box Model Number:\u00a0mtgt Material:\u00a0Metal Brand Name:\u00a0BEYOU LABS Origin:\u00a0Mainland China Pattern:\u00a0wooden Craft:\u00a0multi-layes Material:\u00a0Wooden Zinc Alloy Plastic Net weight:\u00a0about 220g\" \/>\n<meta property=\"og:url\" content=\"https:\/\/global-hookah.com\/es\/ru\/\u043f\u0440\u043e\u0434\u0443\u043a\u0442\/63mm-herb-grinder-smoke-cigarette-accessories-tobacco-miller-crusher-5-layer-dry-herb-spices-grass-metal-grinders-diamond-rudder\/\" \/>\n<meta property=\"og:site_name\" content=\"Global Hookah\" \/>\n<meta property=\"article:modified_time\" content=\"2024-05-15T06:13:38+00:00\" \/>\n<meta property=\"og:image\" content=\"https:\/\/global-hookah.com\/wp-content\/uploads\/2024\/05\/kf-S9c0c5771aed54f5f87d0e8e992a699b0M-63mm-Herb-Grinder-Smoke-Cigarette-Accessories-Tobacco-Miller-Crusher-5-Layer-Dry-Herb-Spices-Grass-Metal.webp\" \/>\n\t<meta property=\"og:image:width\" content=\"1000\" \/>\n\t<meta property=\"og:image:height\" content=\"1000\" \/>\n\t<meta property=\"og:image:type\" content=\"image\/webp\" \/>\n<meta name=\"twitter:card\" content=\"summary_large_image\" \/>\n<meta name=\"twitter:label1\" content=\"Tiempo de lectura\" \/>\n\t<meta name=\"twitter:data1\" content=\"1 minuto\" \/>\n<script type=\"application\/ld+json\" class=\"yoast-schema-graph\">{\"@context\":\"https:\/\/schema.org\",\"@graph\":[{\"@type\":\"WebPage\",\"@id\":\"https:\/\/global-hookah.com\/ru\/\u043f\u0440\u043e\u0434\u0443\u043a\u0442\/63mm-herb-grinder-smoke-cigarette-accessories-tobacco-miller-crusher-5-layer-dry-herb-spices-grass-metal-grinders-diamond-rudder\/\",\"url\":\"https:\/\/global-hookah.com\/ru\/\u043f\u0440\u043e\u0434\u0443\u043a\u0442\/63mm-herb-grinder-smoke-cigarette-accessories-tobacco-miller-crusher-5-layer-dry-herb-spices-grass-metal-grinders-diamond-rudder\/\",\"name\":\"63mm Herb Grinder Smoke Cigarette Accessories Tobacco Miller Crusher 5 Layer Dry Herb Spices Grass Metal Grinders Diamond Rudder - Global Hookah\",\"isPartOf\":{\"@id\":\"https:\/\/global-hookah.com\/#website\"},\"primaryImageOfPage\":{\"@id\":\"https:\/\/global-hookah.com\/ru\/\u043f\u0440\u043e\u0434\u0443\u043a\u0442\/63mm-herb-grinder-smoke-cigarette-accessories-tobacco-miller-crusher-5-layer-dry-herb-spices-grass-metal-grinders-diamond-rudder\/#primaryimage\"},\"image\":{\"@id\":\"https:\/\/global-hookah.com\/ru\/\u043f\u0440\u043e\u0434\u0443\u043a\u0442\/63mm-herb-grinder-smoke-cigarette-accessories-tobacco-miller-crusher-5-layer-dry-herb-spices-grass-metal-grinders-diamond-rudder\/#primaryimage\"},\"thumbnailUrl\":\"https:\/\/global-hookah.com\/wp-content\/uploads\/2024\/05\/kf-S9c0c5771aed54f5f87d0e8e992a699b0M-63mm-Herb-Grinder-Smoke-Cigarette-Accessories-Tobacco-Miller-Crusher-5-Layer-Dry-Herb-Spices-Grass-Metal.webp\",\"datePublished\":\"2024-05-15T06:13:32+00:00\",\"dateModified\":\"2024-05-15T06:13:38+00:00\",\"breadcrumb\":{\"@id\":\"https:\/\/global-hookah.com\/ru\/\u043f\u0440\u043e\u0434\u0443\u043a\u0442\/63mm-herb-grinder-smoke-cigarette-accessories-tobacco-miller-crusher-5-layer-dry-herb-spices-grass-metal-grinders-diamond-rudder\/#breadcrumb\"},\"inLanguage\":\"es\",\"potentialAction\":[{\"@type\":\"ReadAction\",\"target\":[\"https:\/\/global-hookah.com\/ru\/\u043f\u0440\u043e\u0434\u0443\u043a\u0442\/63mm-herb-grinder-smoke-cigarette-accessories-tobacco-miller-crusher-5-layer-dry-herb-spices-grass-metal-grinders-diamond-rudder\/\"]}]},{\"@type\":\"ImageObject\",\"inLanguage\":\"es\",\"@id\":\"https:\/\/global-hookah.com\/ru\/\u043f\u0440\u043e\u0434\u0443\u043a\u0442\/63mm-herb-grinder-smoke-cigarette-accessories-tobacco-miller-crusher-5-layer-dry-herb-spices-grass-metal-grinders-diamond-rudder\/#primaryimage\",\"url\":\"https:\/\/global-hookah.com\/wp-content\/uploads\/2024\/05\/kf-S9c0c5771aed54f5f87d0e8e992a699b0M-63mm-Herb-Grinder-Smoke-Cigarette-Accessories-Tobacco-Miller-Crusher-5-Layer-Dry-Herb-Spices-Grass-Metal.webp\",\"contentUrl\":\"https:\/\/global-hookah.com\/wp-content\/uploads\/2024\/05\/kf-S9c0c5771aed54f5f87d0e8e992a699b0M-63mm-Herb-Grinder-Smoke-Cigarette-Accessories-Tobacco-Miller-Crusher-5-Layer-Dry-Herb-Spices-Grass-Metal.webp\",\"width\":1000,\"height\":1000},{\"@type\":\"BreadcrumbList\",\"@id\":\"https:\/\/global-hookah.com\/ru\/\u043f\u0440\u043e\u0434\u0443\u043a\u0442\/63mm-herb-grinder-smoke-cigarette-accessories-tobacco-miller-crusher-5-layer-dry-herb-spices-grass-metal-grinders-diamond-rudder\/#breadcrumb\",\"itemListElement\":[{\"@type\":\"ListItem\",\"position\":1,\"name\":\"Home\",\"item\":\"https:\/\/global-hookah.com\/\"},{\"@type\":\"ListItem\",\"position\":2,\"name\":\"Shop\",\"item\":\"https:\/\/global-hookah.com\/shop\/\"},{\"@type\":\"ListItem\",\"position\":3,\"name\":\"63mm Herb Grinder Smoke Cigarette Accessories Tobacco Miller Crusher 5 Layer Dry Herb Spices Grass Metal Grinders Diamond Rudder\"}]},{\"@type\":\"WebSite\",\"@id\":\"https:\/\/global-hookah.com\/#website\",\"url\":\"https:\/\/global-hookah.com\/\",\"name\":\"Global Hookah\",\"description\":\"Global Hookah\",\"publisher\":{\"@id\":\"https:\/\/global-hookah.com\/#organization\"},\"potentialAction\":[{\"@type\":\"SearchAction\",\"target\":{\"@type\":\"EntryPoint\",\"urlTemplate\":\"https:\/\/global-hookah.com\/?s={search_term_string}\"},\"query-input\":{\"@type\":\"PropertyValueSpecification\",\"valueRequired\":true,\"valueName\":\"search_term_string\"}}],\"inLanguage\":\"es\"},{\"@type\":\"Organization\",\"@id\":\"https:\/\/global-hookah.com\/#organization\",\"name\":\"Global Hookah\",\"url\":\"https:\/\/global-hookah.com\/\",\"logo\":{\"@type\":\"ImageObject\",\"inLanguage\":\"es\",\"@id\":\"https:\/\/global-hookah.com\/#\/schema\/logo\/image\/\",\"url\":\"https:\/\/global-hookah.com\/wp-content\/uploads\/2021\/10\/cropped-fgg.png\",\"contentUrl\":\"https:\/\/global-hookah.com\/wp-content\/uploads\/2021\/10\/cropped-fgg.png\",\"width\":512,\"height\":512,\"caption\":\"Global Hookah\"},\"image\":{\"@id\":\"https:\/\/global-hookah.com\/#\/schema\/logo\/image\/\"}}]}<\/script>\n<!-- \/ Yoast SEO Premium plugin. -->","yoast_head_json":{"title":"63mm Hierba Grinder Cigarrillos de humo Accesorios Tabaco Miller Crusher 5 capas de hierbas secas Especias Grass Metal Grinders Diamond Rudder - Global Hookah","robots":{"index":"index","follow":"follow","max-snippet":"max-snippet:-1","max-image-preview":"max-image-preview:large","max-video-preview":"max-video-preview:-1"},"canonical":"https:\/\/global-hookah.com\/es\/ru\/\u043f\u0440\u043e\u0434\u0443\u043a\u0442\/63mm-herb-grinder-smoke-cigarette-accessories-tobacco-miller-crusher-5-layer-dry-herb-spices-grass-metal-grinders-diamond-rudder\/","og_locale":"es_ES","og_type":"article","og_title":"63mm Herb Grinder Smoke Cigarette Accessories Tobacco Miller Crusher 5 Layer Dry Herb Spices Grass Metal Grinders Diamond Rudder","og_description":"\u00a0 Shape:\u00a0Gift Box Model Number:\u00a0mtgt Material:\u00a0Metal Brand Name:\u00a0BEYOU LABS Origin:\u00a0Mainland China Pattern:\u00a0wooden Craft:\u00a0multi-layes Material:\u00a0Wooden Zinc Alloy Plastic Net weight:\u00a0about 220g","og_url":"https:\/\/global-hookah.com\/es\/ru\/\u043f\u0440\u043e\u0434\u0443\u043a\u0442\/63mm-herb-grinder-smoke-cigarette-accessories-tobacco-miller-crusher-5-layer-dry-herb-spices-grass-metal-grinders-diamond-rudder\/","og_site_name":"Global Hookah","article_modified_time":"2024-05-15T06:13:38+00:00","og_image":[{"width":1000,"height":1000,"url":"https:\/\/global-hookah.com\/wp-content\/uploads\/2024\/05\/kf-S9c0c5771aed54f5f87d0e8e992a699b0M-63mm-Herb-Grinder-Smoke-Cigarette-Accessories-Tobacco-Miller-Crusher-5-Layer-Dry-Herb-Spices-Grass-Metal.webp","type":"image\/webp"}],"twitter_card":"summary_large_image","twitter_misc":{"Tiempo de lectura":"1 minuto"},"schema":{"@context":"https:\/\/schema.org","@graph":[{"@type":"WebPage","@id":"https:\/\/global-hookah.com\/ru\/\u043f\u0440\u043e\u0434\u0443\u043a\u0442\/63mm-herb-grinder-smoke-cigarette-accessories-tobacco-miller-crusher-5-layer-dry-herb-spices-grass-metal-grinders-diamond-rudder\/","url":"https:\/\/global-hookah.com\/ru\/\u043f\u0440\u043e\u0434\u0443\u043a\u0442\/63mm-herb-grinder-smoke-cigarette-accessories-tobacco-miller-crusher-5-layer-dry-herb-spices-grass-metal-grinders-diamond-rudder\/","name":"63mm Hierba Grinder Cigarrillos de humo Accesorios Tabaco Miller Crusher 5 capas de hierbas secas Especias Grass Metal Grinders Diamond Rudder - Global Hookah","isPartOf":{"@id":"https:\/\/global-hookah.com\/#website"},"primaryImageOfPage":{"@id":"https:\/\/global-hookah.com\/ru\/\u043f\u0440\u043e\u0434\u0443\u043a\u0442\/63mm-herb-grinder-smoke-cigarette-accessories-tobacco-miller-crusher-5-layer-dry-herb-spices-grass-metal-grinders-diamond-rudder\/#primaryimage"},"image":{"@id":"https:\/\/global-hookah.com\/ru\/\u043f\u0440\u043e\u0434\u0443\u043a\u0442\/63mm-herb-grinder-smoke-cigarette-accessories-tobacco-miller-crusher-5-layer-dry-herb-spices-grass-metal-grinders-diamond-rudder\/#primaryimage"},"thumbnailUrl":"https:\/\/global-hookah.com\/wp-content\/uploads\/2024\/05\/kf-S9c0c5771aed54f5f87d0e8e992a699b0M-63mm-Herb-Grinder-Smoke-Cigarette-Accessories-Tobacco-Miller-Crusher-5-Layer-Dry-Herb-Spices-Grass-Metal.webp","datePublished":"2024-05-15T06:13:32+00:00","dateModified":"2024-05-15T06:13:38+00:00","breadcrumb":{"@id":"https:\/\/global-hookah.com\/ru\/\u043f\u0440\u043e\u0434\u0443\u043a\u0442\/63mm-herb-grinder-smoke-cigarette-accessories-tobacco-miller-crusher-5-layer-dry-herb-spices-grass-metal-grinders-diamond-rudder\/#breadcrumb"},"inLanguage":"es","potentialAction":[{"@type":"ReadAction","target":["https:\/\/global-hookah.com\/ru\/\u043f\u0440\u043e\u0434\u0443\u043a\u0442\/63mm-herb-grinder-smoke-cigarette-accessories-tobacco-miller-crusher-5-layer-dry-herb-spices-grass-metal-grinders-diamond-rudder\/"]}]},{"@type":"ImageObject","inLanguage":"es","@id":"https:\/\/global-hookah.com\/ru\/\u043f\u0440\u043e\u0434\u0443\u043a\u0442\/63mm-herb-grinder-smoke-cigarette-accessories-tobacco-miller-crusher-5-layer-dry-herb-spices-grass-metal-grinders-diamond-rudder\/#primaryimage","url":"https:\/\/global-hookah.com\/wp-content\/uploads\/2024\/05\/kf-S9c0c5771aed54f5f87d0e8e992a699b0M-63mm-Herb-Grinder-Smoke-Cigarette-Accessories-Tobacco-Miller-Crusher-5-Layer-Dry-Herb-Spices-Grass-Metal.webp","contentUrl":"https:\/\/global-hookah.com\/wp-content\/uploads\/2024\/05\/kf-S9c0c5771aed54f5f87d0e8e992a699b0M-63mm-Herb-Grinder-Smoke-Cigarette-Accessories-Tobacco-Miller-Crusher-5-Layer-Dry-Herb-Spices-Grass-Metal.webp","width":1000,"height":1000},{"@type":"BreadcrumbList","@id":"https:\/\/global-hookah.com\/ru\/\u043f\u0440\u043e\u0434\u0443\u043a\u0442\/63mm-herb-grinder-smoke-cigarette-accessories-tobacco-miller-crusher-5-layer-dry-herb-spices-grass-metal-grinders-diamond-rudder\/#breadcrumb","itemListElement":[{"@type":"ListItem","position":1,"name":"Home","item":"https:\/\/global-hookah.com\/"},{"@type":"ListItem","position":2,"name":"Shop","item":"https:\/\/global-hookah.com\/shop\/"},{"@type":"ListItem","position":3,"name":"63mm Herb Grinder Smoke Cigarette Accessories Tobacco Miller Crusher 5 Layer Dry Herb Spices Grass Metal Grinders Diamond Rudder"}]},{"@type":"WebSite","@id":"https:\/\/global-hookah.com\/#website","url":"https:\/\/global-hookah.com\/","name":"Global Hookah","description":"Global Hookah","publisher":{"@id":"https:\/\/global-hookah.com\/#organization"},"potentialAction":[{"@type":"SearchAction","target":{"@type":"EntryPoint","urlTemplate":"https:\/\/global-hookah.com\/?s={search_term_string}"},"query-input":{"@type":"PropertyValueSpecification","valueRequired":true,"valueName":"search_term_string"}}],"inLanguage":"es"},{"@type":"Organization","@id":"https:\/\/global-hookah.com\/#organization","name":"Global Hookah","url":"https:\/\/global-hookah.com\/","logo":{"@type":"ImageObject","inLanguage":"es","@id":"https:\/\/global-hookah.com\/#\/schema\/logo\/image\/","url":"https:\/\/global-hookah.com\/wp-content\/uploads\/2021\/10\/cropped-fgg.png","contentUrl":"https:\/\/global-hookah.com\/wp-content\/uploads\/2021\/10\/cropped-fgg.png","width":512,"height":512,"caption":"Global Hookah"},"image":{"@id":"https:\/\/global-hookah.com\/#\/schema\/logo\/image\/"}}]}},"_links":{"self":[{"href":"https:\/\/global-hookah.com\/es\/wp-json\/wp\/v2\/product\/22431","targetHints":{"allow":["GET"]}}],"collection":[{"href":"https:\/\/global-hookah.com\/es\/wp-json\/wp\/v2\/product"}],"about":[{"href":"https:\/\/global-hookah.com\/es\/wp-json\/wp\/v2\/types\/product"}],"replies":[{"embeddable":true,"href":"https:\/\/global-hookah.com\/es\/wp-json\/wp\/v2\/comments?post=22431"}],"version-history":[{"count":0,"href":"https:\/\/global-hookah.com\/es\/wp-json\/wp\/v2\/product\/22431\/revisions"}],"wp:featuredmedia":[{"embeddable":true,"href":"https:\/\/global-hookah.com\/es\/wp-json\/wp\/v2\/media\/22432"}],"wp:attachment":[{"href":"https:\/\/global-hookah.com\/es\/wp-json\/wp\/v2\/media?parent=22431"}],"wp:term":[{"taxonomy":"product_brand","embeddable":true,"href":"https:\/\/global-hookah.com\/es\/wp-json\/wp\/v2\/product_brand?post=22431"},{"taxonomy":"product_cat","embeddable":true,"href":"https:\/\/global-hookah.com\/es\/wp-json\/wp\/v2\/product_cat?post=22431"},{"taxonomy":"product_tag","embeddable":true,"href":"https:\/\/global-hookah.com\/es\/wp-json\/wp\/v2\/product_tag?post=22431"}],"curies":[{"name":"wp","href":"https:\/\/api.w.org\/{rel}","templated":true}]}}