{"id":22449,"date":"2024-05-15T06:18:21","date_gmt":"2024-05-15T06:18:21","guid":{"rendered":"https:\/\/global-hookah.com\/product\/4-layer-zinc-alloy-cool-weed-grinder-wholesale\/"},"modified":"2024-05-15T06:18:27","modified_gmt":"2024-05-15T06:18:27","slug":"4-layer-zinc-alloy-cool-weed-grinder-wholesale","status":"publish","type":"product","link":"https:\/\/global-hookah.com\/es\/producto\/4-layer-zinc-alloy-cool-weed-grinder-wholesale\/","title":{"rendered":"Molinillo de hierba Cool de aleaci\u00f3n de zinc de 4 capas al por mayor"},"content":{"rendered":"<div class=\"product-specs-list-container\">\n<ul class=\"product-specs-list util-clearfix\">\n<li class=\"product-prop line-limit-length\"><span\n\t\t\t\t\t\t\t\t\tclass=\"property-title\">N\u00famero de modelo:&nbsp;<\/span><span\n\t\t\t\t\t\t\t\t\tclass=\"property-desc line-limit-length\">20678<\/span>\n\t\t\t\t\t\t<\/li>\n<li class=\"product-prop line-limit-length\"><span\n\t\t\t\t\t\t\t\t\tclass=\"property-title\">T\u00e9cnica:&nbsp;<\/span><span\n\t\t\t\t\t\t\t\t\tclass=\"property-desc line-limit-length\">FRUSADO<\/span>\n\t\t\t\t\t\t<\/li>\n<li class=\"product-prop line-limit-length\"><span\n\t\t\t\t\t\t\t\t\tclass=\"property-title\">Material:&nbsp;<\/span><span\n\t\t\t\t\t\t\t\t\tclass=\"property-desc line-limit-length\">Metal<\/span>\n\t\t\t\t\t\t<\/li>\n<li class=\"product-prop line-limit-length\"><span\n\t\t\t\t\t\t\t\t\tclass=\"property-title\">Origen:&nbsp;<\/span><span\n\t\t\t\t\t\t\t\t\tclass=\"property-desc line-limit-length\">China continental<\/span>\n\t\t\t\t\t\t<\/li>\n<\/ul><\/div>\n<div class=\"detailmodule_html\">\n<div class=\"detail-desc-decorate-richtext\">\n<p><a href=\"https:\/\/vi.aliexpress.com\/item\/1005006093795915.html?gatewayAdapt=glo2vnm\" target=\"_self\" rel=\"noopener nofollow\"><img fetchpriority=\"high\" decoding=\"async\" width=\"944\" height=\"472\" src=\"https:\/\/ae01.alicdn.com\/kf\/S09c5d32dc83c454687de8a3cb78b5d70X.jpg\" slate-data-type=\"image\"\/><\/a><a href=\"https:\/\/vi.aliexpress.com\/item\/1005006094065275.html?gatewayAdapt=glo2vnm\" target=\"_self\" rel=\"noopener nofollow\"><img decoding=\"async\" width=\"944\" height=\"472\" src=\"https:\/\/ae01.alicdn.com\/kf\/S82c94f8178694c7193fd2be987ad87fai.jpg\" slate-data-type=\"image\"\/><\/a><a href=\"https:\/\/vi.aliexpress.com\/item\/1005005794423910.html?gatewayAdapt=glo2vnm\" target=\"_self\" rel=\"noopener nofollow\"><img decoding=\"async\" width=\"944\" height=\"472\" src=\"https:\/\/ae01.alicdn.com\/kf\/S5bc490049eb9453b912695696c2730e6K.jpg\" slate-data-type=\"image\"\/><\/a><img decoding=\"async\" src=\"http:\/\/img2.tongtool.com\/s\/002262\/2021-01\/494578822931283968.jpg\" slate-data-type=\"image\"\/><\/p>\n<div><\/p>\n<div style=\"font-family:Arial, Verdana, sans-serif;font-size:12px;white-space:normal;color:rgb(51, 51, 51)\"><span style=\"font-size:small;font-family:arial, helvetica, sans-serif\"><strong><span style=\"color:rgb(0, 0, 0)\">Caracter\u00edsticas:<\/span><\/strong><\/span><\/div>\n<ul style=\"font-family:Arial, Verdana, sans-serif;font-size:12px;white-space:normal;color:rgb(51, 51, 51)\">\n<li>\n<p><span style=\"color:rgb(0, 0, 0);font-size:small;font-family:arial, helvetica, sans-serif\">100% nuevo y de alta calidad.<\/span><\/p>\n<\/li>\n<li>\n<p><span style=\"color:rgb(0, 0, 0);font-size:small;font-family:arial, helvetica, sans-serif\">Despu\u00e9s de la molienda, el tabaco tiene m\u00e1s olor fragante, mejorar la calidad del tabaco, el sabor es m\u00e1s prominente, la quema m\u00e1s suave<\/span><\/p>\n<\/li>\n<li>\n<p><span style=\"color:rgb(0, 0, 0);font-size:small;font-family:arial, helvetica, sans-serif\">La boca del molinillo bien cerrada, la molienda es m\u00e1s conveniente y eficiente.<\/span><\/p>\n<\/li>\n<li>\n<p><span style=\"color:rgb(0, 0, 0);font-size:small;font-family:arial, helvetica, sans-serif\">La caja de recepci\u00f3n inferior recibe el polvo de molienda a trav\u00e9s de un filtro de acero opaco.<\/span><\/p>\n<\/li>\n<li>\n<p><span style=\"color:rgb(0, 0, 0);font-size:small;font-family:arial, helvetica, sans-serif\">El fino dise\u00f1o de la junta t\u00f3rica ondulada evita el deslizamiento.<\/span><\/p>\n<\/li>\n<li>\n<p><span style=\"color:rgb(0, 0, 0);font-size:small;font-family:arial, helvetica, sans-serif\">Dise\u00f1o ligero, f\u00e1cil de transportar y limpiar<\/span><\/p>\n<\/li>\n<li>\n<p><span style=\"color:rgb(0, 0, 0);font-size:small;font-family:arial, helvetica, sans-serif\">Incorpora dientes tipo molino de viento de nuevo desarrollo que proporcionan una mayor eficacia de trituraci\u00f3n que los dientes tradicionales.<\/span><\/p>\n<\/li>\n<li>\n<p><span style=\"color:rgb(0, 0, 0);font-size:small;font-family:arial, helvetica, sans-serif\">Anillo duradero incluido dise\u00f1ado para una molienda f\u00e1cil y r\u00e1pida<\/span><\/p>\n<\/li>\n<\/ul>\n<div style=\"font-family:Arial, Verdana, sans-serif;font-size:12px;white-space:normal;color:rgb(51, 51, 51)\"><span style=\"color:rgb(0, 0, 0);font-size:small;font-family:arial, helvetica, sans-serif\"><br \/><\/span><\/div>\n<div style=\"font-family:Arial, Verdana, sans-serif;font-size:12px;white-space:normal;color:rgb(51, 51, 51)\"><span style=\"font-size:small;font-family:arial, helvetica, sans-serif\"><strong><span style=\"color:rgb(0, 0, 0)\">Especificaci\u00f3n:<\/span><\/strong><\/span><\/div>\n<ul style=\"font-family:Arial, Verdana, sans-serif;font-size:12px;white-space:normal;color:rgb(51, 51, 51)\">\n<li>\n<p><span style=\"color:rgb(0, 0, 0);font-size:small;font-family:arial, helvetica, sans-serif\">Tipo : Trituradora de tabaco<\/span><\/p>\n<\/li>\n<li>\n<p><span style=\"color:rgb(0, 0, 0);font-size:small;font-family:arial, helvetica, sans-serif\">Material: Aleaci\u00f3n de zinc<\/span><\/p>\n<\/li>\n<li>\n<p><span style=\"color:rgb(0, 0, 0);font-size:small;font-family:arial, helvetica, sans-serif\">Color: Arco iris<\/span><\/p>\n<\/li>\n<li>\n<p><span style=\"color:rgb(0, 0, 0);font-size:small;font-family:arial, helvetica, sans-serif\">Tama\u00f1o: Como las fotos<\/span><\/p>\n<\/li>\n<\/ul>\n<div style=\"font-family:Arial, Verdana, sans-serif;font-size:12px;white-space:normal;color:rgb(51, 51, 51)\"><span style=\"color:rgb(0, 0, 0);font-size:small;font-family:arial, helvetica, sans-serif\"><br \/><\/span><\/div>\n<div style=\"font-family:Arial, Verdana, sans-serif;font-size:12px;white-space:normal;color:rgb(51, 51, 51)\"><span style=\"font-size:small;font-family:arial, helvetica, sans-serif\"><strong><span style=\"color:rgb(0, 0, 0)\">Paquete incluido:<\/span><\/strong><\/span><\/div>\n<ul style=\"font-family:Arial, Verdana, sans-serif;font-size:12px;white-space:normal;color:rgb(51, 51, 51)\">\n<li>\n<p><span style=\"color:rgb(0, 0, 0);font-size:small;font-family:arial, helvetica, sans-serif\">1 x Trituradora de tabaco<\/span><\/p>\n<\/li>\n<\/ul>\n<p><\/div>\n<p><img decoding=\"async\" src=\"http:\/\/img2.tongtool.com\/s\/002262\/2020-11\/471369395650826240.jpg\" slate-data-type=\"image\"\/><\/p>\n<p><img decoding=\"async\" style=\"max-width:100%\" src=\"http:\/\/img2.tongtool.com\/s\/9799bbfb7b9bc69h7hcaieifhfaeeeiihgc8sypS.jpg\" slate-data-type=\"image\"\/><br \/><img decoding=\"async\" style=\"max-width:100%\" src=\"http:\/\/img2.tongtool.com\/s\/AyAACCGCyCACDxAIyIDBJFJGIEGIHHCIGEAzTZQf.jpg\" slate-data-type=\"image\"\/><br \/><img decoding=\"async\" style=\"max-width:100%\" src=\"http:\/\/img2.tongtool.com\/s\/b9bbddhd9dbde8bj9jeckgkhjdhibceedfjauArC.jpg\" slate-data-type=\"image\"\/><br \/><img decoding=\"async\" style=\"max-width:100%\" src=\"http:\/\/img2.tongtool.com\/s\/646688c84867f36e496bacc7678fd97bea65pvmA.jpg\" slate-data-type=\"image\"\/><br \/><img decoding=\"async\" style=\"max-width:100%\" src=\"http:\/\/img2.tongtool.com\/s\/QOQQSSWSOSQSTNQYOYTRZVZWYSXWSVUTRQUP6c3K.jpg\" slate-data-type=\"image\"\/><br \/><img decoding=\"async\" style=\"max-width:100%\" src=\"http:\/\/img2.tongtool.com\/s\/NLNNPPTPLPNPQKNVLVQOWSWTVQSNNURNTNVM390d.jpg\" slate-data-type=\"image\"\/><br \/><img decoding=\"async\" style=\"max-width:100%\" src=\"http:\/\/img2.tongtool.com\/s\/trttvvzvrvtvwqtBrBwuCyCzBxzwAwCzCCvsMSJw.jpg\" slate-data-type=\"image\"\/><br \/><img decoding=\"async\" style=\"max-width:100%\" src=\"http:\/\/img2.tongtool.com\/s\/8688aaea6a8ab58g6gb9hdhege8haegdb9b7rxo7.jpg\" slate-data-type=\"image\"\/><\/p>\n<p style=\"font-family:&quot;Open Sans&quot;, Roboto, Arial, Helvetica, sans-serif, SimSun;font-size:14px;line-height:inherit;white-space:normal;color:rgb(34, 34, 34);background-color:rgb(255, 255, 255);margin-bottom:0px;margin-top:0px;padding:0px;padding-bottom:0px;padding-top:0px;padding-left:0px;padding-right:0px;box-sizing:border-box\"><img decoding=\"async\" style=\"border:0px none;margin:0px;margin-bottom:0px;margin-top:0px;margin-left:0px;margin-right:0px;padding:0px;padding-bottom:0px;padding-top:0px;padding-left:0px;padding-right:0px;max-width:100%;box-sizing:border-box\" src=\"https:\/\/ae01.alicdn.com\/kf\/H632a47c397674adfa22a86cb1bf5aa23N.jpg\" slate-data-type=\"image\"\/><\/p>\n<p style=\"font-family:&quot;Open Sans&quot;, Roboto, Arial, Helvetica, sans-serif, SimSun;font-size:14px;line-height:inherit;white-space:normal;color:rgb(34, 34, 34);background-color:rgb(255, 255, 255);margin-bottom:0px;margin-top:0px;padding:0px;padding-bottom:0px;padding-top:0px;padding-left:0px;padding-right:0px;box-sizing:border-box\"><span><span style=\"font-family:Arial\">\u00bfHacer dropshipping?<\/span><\/span><\/p>\n<ul style=\"font-family:&quot;Open Sans&quot;, Roboto, Arial, Helvetica, sans-serif, SimSun;font-size:14px;white-space:normal;color:rgb(34, 34, 34);background-color:rgb(255, 255, 255);margin:0px;margin-bottom:0px;margin-top:0px;margin-left:0px;margin-right:0px;padding:0px;padding-bottom:0px;padding-top:0px;padding-left:0px;padding-right:0px;box-sizing:border-box\">\n<li style=\"margin:0px;margin-bottom:0px;margin-top:0px;margin-left:0px;margin-right:0px;padding:0px;padding-bottom:0px;padding-top:0px;padding-left:0px;padding-right:0px;box-sizing:border-box\">\n<p style=\"line-height:inherit;margin-bottom:0px;margin-top:0px;padding:0px;padding-bottom:0px;padding-top:0px;padding-left:0px;padding-right:0px;box-sizing:border-box\"><span style=\"font-family:Arial\">Si tiene alguna pregunta, p\u00f3ngase en contacto con nosotros.<\/span><\/p>\n<\/li>\n<li style=\"margin:0px;margin-bottom:0px;margin-top:0px;margin-left:0px;margin-right:0px;padding:0px;padding-bottom:0px;padding-top:0px;padding-left:0px;padding-right:0px;box-sizing:border-box\"><\/li>\n<\/ul>\n<p style=\"font-family:&quot;Open Sans&quot;, Roboto, Arial, Helvetica, sans-serif, SimSun;font-size:14px;line-height:inherit;white-space:normal;color:rgb(34, 34, 34);background-color:rgb(255, 255, 255);margin-bottom:0px;margin-top:0px;padding:0px;padding-bottom:0px;padding-top:0px;padding-left:0px;padding-right:0px;box-sizing:border-box\"><span><span style=\"font-family:Arial\">\u00bfSeguridad del material de producci\u00f3n?<\/span><\/span><\/p>\n<ul style=\"font-family:&quot;Open Sans&quot;, Roboto, Arial, Helvetica, sans-serif, SimSun;font-size:14px;white-space:normal;color:rgb(34, 34, 34);background-color:rgb(255, 255, 255);margin:0px;margin-bottom:0px;margin-top:0px;margin-left:0px;margin-right:0px;padding:0px;padding-bottom:0px;padding-top:0px;padding-left:0px;padding-right:0px;box-sizing:border-box\">\n<li style=\"margin:0px;margin-bottom:0px;margin-top:0px;margin-left:0px;margin-right:0px;padding:0px;padding-bottom:0px;padding-top:0px;padding-left:0px;padding-right:0px;box-sizing:border-box\">\n<p style=\"line-height:inherit;margin-bottom:0px;margin-top:0px;padding:0px;padding-bottom:0px;padding-top:0px;padding-left:0px;padding-right:0px;box-sizing:border-box\"><span style=\"font-family:Arial\">Todos los productos son 100% nuevo, viable y comprobado cuidadosamente antes de enviar.<\/span><\/p>\n<\/li>\n<\/ul>\n<p style=\"font-family:&quot;Open Sans&quot;, Roboto, Arial, Helvetica, sans-serif, SimSun;font-size:14px;line-height:inherit;white-space:normal;color:rgb(34, 34, 34);background-color:rgb(255, 255, 255);margin-bottom:0px;margin-top:0px;padding:0px;padding-bottom:0px;padding-top:0px;padding-left:0px;padding-right:0px;box-sizing:border-box\"><span><span style=\"font-family:Arial\">\u00bfCu\u00e1ndo se env\u00eda el paquete?<\/span><\/span><\/p>\n<ul style=\"font-family:&quot;Open Sans&quot;, Roboto, Arial, Helvetica, sans-serif, SimSun;font-size:14px;white-space:normal;color:rgb(34, 34, 34);background-color:rgb(255, 255, 255);margin:0px;margin-bottom:0px;margin-top:0px;margin-left:0px;margin-right:0px;padding:0px;padding-bottom:0px;padding-top:0px;padding-left:0px;padding-right:0px;box-sizing:border-box\">\n<li style=\"margin:0px;margin-bottom:0px;margin-top:0px;margin-left:0px;margin-right:0px;padding:0px;padding-bottom:0px;padding-top:0px;padding-left:0px;padding-right:0px;box-sizing:border-box\">\n<p style=\"line-height:inherit;margin-bottom:0px;margin-top:0px;padding:0px;padding-bottom:0px;padding-top:0px;padding-left:0px;padding-right:0px;box-sizing:border-box\"><span style=\"font-family:Arial\">Enviaremos el pedido en un plazo de 5 d\u00edas laborables. El plazo de entrega variar\u00e1 seg\u00fan los pa\u00edses y se ver\u00e1 afectado por las condiciones meteorol\u00f3gicas, los d\u00edas festivos, etc. Si no recibe su pedido en el plazo indicado, p\u00f3ngase en contacto con nosotros.<\/span><\/p>\n<\/li>\n<\/ul>\n<p style=\"font-family:&quot;Open Sans&quot;, Roboto, Arial, Helvetica, sans-serif, SimSun;font-size:14px;line-height:inherit;white-space:normal;color:rgb(34, 34, 34);background-color:rgb(255, 255, 255);margin-bottom:0px;margin-top:0px;padding:0px;padding-bottom:0px;padding-top:0px;padding-left:0px;padding-right:0px;box-sizing:border-box\"><span><span style=\"font-family:Arial\">\u00bfY el reembolso?<\/span><\/span><\/p>\n<ul style=\"font-family:&quot;Open Sans&quot;, Roboto, Arial, Helvetica, sans-serif, SimSun;font-size:14px;white-space:normal;color:rgb(34, 34, 34);background-color:rgb(255, 255, 255);margin:0px;margin-bottom:0px;margin-top:0px;margin-left:0px;margin-right:0px;padding:0px;padding-bottom:0px;padding-top:0px;padding-left:0px;padding-right:0px;box-sizing:border-box\">\n<li style=\"margin:0px;margin-bottom:0px;margin-top:0px;margin-left:0px;margin-right:0px;padding:0px;padding-bottom:0px;padding-top:0px;padding-left:0px;padding-right:0px;box-sizing:border-box\">\n<p style=\"line-height:inherit;margin-bottom:0px;margin-top:0px;padding:0px;padding-bottom:0px;padding-top:0px;padding-left:0px;padding-right:0px;box-sizing:border-box\"><span style=\"font-family:Arial\">Reembolso \u00edntegro si el art\u00edculo no coincide con la descripci\u00f3n o est\u00e1 defectuoso.<\/span><\/p>\n<\/li>\n<\/ul>\n<p><\/p>\n<\/div>\n<\/div>\n<p><\/p>","protected":false},"excerpt":{"rendered":"<p>N\u00famero de modelo: 20678 Technics: FRUSADO Material: Metal Origen: China continental Caracter\u00edsticas: 100% nuevo y de alta calidad. Despu\u00e9s de la molienda, el tabaco tiene m\u00e1s olor fragante,<\/p>","protected":false},"featured_media":22450,"comment_status":"","ping_status":"closed","template":"","meta":{"iawp_total_views":2,"_joinchat":[]},"product_brand":[],"product_cat":[770],"product_tag":[],"class_list":{"0":"post-22449","1":"product","2":"type-product","3":"status-publish","4":"has-post-thumbnail","6":"product_cat-wholesale-grinder","8":"first","9":"instock","10":"shipping-taxable","11":"purchasable","12":"product-type-variable"},"yoast_head":"<!-- This site is optimized with the Yoast SEO Premium plugin v24.7 (Yoast SEO v26.8) - https:\/\/yoast.com\/product\/yoast-seo-premium-wordpress\/ -->\n<title>4-Layer Zinc Alloy Cool Weed Grinder Wholesale - Global Hookah<\/title>\n<meta name=\"robots\" content=\"index, follow, max-snippet:-1, max-image-preview:large, max-video-preview:-1\" \/>\n<link rel=\"canonical\" href=\"https:\/\/global-hookah.com\/es\/producto\/4-layer-zinc-alloy-cool-weed-grinder-wholesale\/\" \/>\n<meta property=\"og:locale\" content=\"es_ES\" \/>\n<meta property=\"og:type\" content=\"article\" \/>\n<meta property=\"og:title\" content=\"4-Layer Zinc Alloy Cool Weed Grinder Wholesale\" \/>\n<meta property=\"og:description\" content=\"Model Number:&nbsp;20678 Technics:&nbsp;FROSTED Material:&nbsp;Metal Origin:&nbsp;Mainland China Features: 100% brand new and high quality. After grinding, Tobacco has more fragrant smell,\" \/>\n<meta property=\"og:url\" content=\"https:\/\/global-hookah.com\/es\/producto\/4-layer-zinc-alloy-cool-weed-grinder-wholesale\/\" \/>\n<meta property=\"og:site_name\" content=\"Global Hookah\" \/>\n<meta property=\"article:modified_time\" content=\"2024-05-15T06:18:27+00:00\" \/>\n<meta property=\"og:image\" content=\"https:\/\/global-hookah.com\/wp-content\/uploads\/2024\/05\/kf-S951e9d1c76714dec8d497f7d36fe32e91-40mm-4-layer-Zinc-Alloy-Hand-Muller-Rainbow-Tobacco-Grinder-Spice-Cutter.webp\" \/>\n\t<meta property=\"og:image:width\" content=\"1000\" \/>\n\t<meta property=\"og:image:height\" content=\"1000\" \/>\n\t<meta property=\"og:image:type\" content=\"image\/webp\" \/>\n<meta name=\"twitter:card\" content=\"summary_large_image\" \/>\n<meta name=\"twitter:label1\" content=\"Tiempo de lectura\" \/>\n\t<meta name=\"twitter:data1\" content=\"1 minuto\" \/>\n<script type=\"application\/ld+json\" class=\"yoast-schema-graph\">{\"@context\":\"https:\/\/schema.org\",\"@graph\":[{\"@type\":\"WebPage\",\"@id\":\"https:\/\/global-hookah.com\/product\/4-layer-zinc-alloy-cool-weed-grinder-wholesale\/\",\"url\":\"https:\/\/global-hookah.com\/product\/4-layer-zinc-alloy-cool-weed-grinder-wholesale\/\",\"name\":\"4-Layer Zinc Alloy Cool Weed Grinder Wholesale - Global Hookah\",\"isPartOf\":{\"@id\":\"https:\/\/global-hookah.com\/#website\"},\"primaryImageOfPage\":{\"@id\":\"https:\/\/global-hookah.com\/product\/4-layer-zinc-alloy-cool-weed-grinder-wholesale\/#primaryimage\"},\"image\":{\"@id\":\"https:\/\/global-hookah.com\/product\/4-layer-zinc-alloy-cool-weed-grinder-wholesale\/#primaryimage\"},\"thumbnailUrl\":\"https:\/\/global-hookah.com\/wp-content\/uploads\/2024\/05\/kf-S951e9d1c76714dec8d497f7d36fe32e91-40mm-4-layer-Zinc-Alloy-Hand-Muller-Rainbow-Tobacco-Grinder-Spice-Cutter.webp\",\"datePublished\":\"2024-05-15T06:18:21+00:00\",\"dateModified\":\"2024-05-15T06:18:27+00:00\",\"breadcrumb\":{\"@id\":\"https:\/\/global-hookah.com\/product\/4-layer-zinc-alloy-cool-weed-grinder-wholesale\/#breadcrumb\"},\"inLanguage\":\"es\",\"potentialAction\":[{\"@type\":\"ReadAction\",\"target\":[\"https:\/\/global-hookah.com\/product\/4-layer-zinc-alloy-cool-weed-grinder-wholesale\/\"]}]},{\"@type\":\"ImageObject\",\"inLanguage\":\"es\",\"@id\":\"https:\/\/global-hookah.com\/product\/4-layer-zinc-alloy-cool-weed-grinder-wholesale\/#primaryimage\",\"url\":\"https:\/\/global-hookah.com\/wp-content\/uploads\/2024\/05\/kf-S951e9d1c76714dec8d497f7d36fe32e91-40mm-4-layer-Zinc-Alloy-Hand-Muller-Rainbow-Tobacco-Grinder-Spice-Cutter.webp\",\"contentUrl\":\"https:\/\/global-hookah.com\/wp-content\/uploads\/2024\/05\/kf-S951e9d1c76714dec8d497f7d36fe32e91-40mm-4-layer-Zinc-Alloy-Hand-Muller-Rainbow-Tobacco-Grinder-Spice-Cutter.webp\",\"width\":1000,\"height\":1000},{\"@type\":\"BreadcrumbList\",\"@id\":\"https:\/\/global-hookah.com\/product\/4-layer-zinc-alloy-cool-weed-grinder-wholesale\/#breadcrumb\",\"itemListElement\":[{\"@type\":\"ListItem\",\"position\":1,\"name\":\"Home\",\"item\":\"https:\/\/global-hookah.com\/\"},{\"@type\":\"ListItem\",\"position\":2,\"name\":\"Shop\",\"item\":\"https:\/\/global-hookah.com\/shop\/\"},{\"@type\":\"ListItem\",\"position\":3,\"name\":\"4-Layer Zinc Alloy Cool Weed Grinder Wholesale\"}]},{\"@type\":\"WebSite\",\"@id\":\"https:\/\/global-hookah.com\/#website\",\"url\":\"https:\/\/global-hookah.com\/\",\"name\":\"Global Hookah\",\"description\":\"Global Hookah\",\"publisher\":{\"@id\":\"https:\/\/global-hookah.com\/#organization\"},\"potentialAction\":[{\"@type\":\"SearchAction\",\"target\":{\"@type\":\"EntryPoint\",\"urlTemplate\":\"https:\/\/global-hookah.com\/?s={search_term_string}\"},\"query-input\":{\"@type\":\"PropertyValueSpecification\",\"valueRequired\":true,\"valueName\":\"search_term_string\"}}],\"inLanguage\":\"es\"},{\"@type\":\"Organization\",\"@id\":\"https:\/\/global-hookah.com\/#organization\",\"name\":\"Global Hookah\",\"url\":\"https:\/\/global-hookah.com\/\",\"logo\":{\"@type\":\"ImageObject\",\"inLanguage\":\"es\",\"@id\":\"https:\/\/global-hookah.com\/#\/schema\/logo\/image\/\",\"url\":\"https:\/\/global-hookah.com\/wp-content\/uploads\/2021\/10\/cropped-fgg.png\",\"contentUrl\":\"https:\/\/global-hookah.com\/wp-content\/uploads\/2021\/10\/cropped-fgg.png\",\"width\":512,\"height\":512,\"caption\":\"Global Hookah\"},\"image\":{\"@id\":\"https:\/\/global-hookah.com\/#\/schema\/logo\/image\/\"}}]}<\/script>\n<!-- \/ Yoast SEO Premium plugin. -->","yoast_head_json":{"title":"4-Layer Zinc Alloy Cool Weed Grinder Wholesale - Global Hookah","robots":{"index":"index","follow":"follow","max-snippet":"max-snippet:-1","max-image-preview":"max-image-preview:large","max-video-preview":"max-video-preview:-1"},"canonical":"https:\/\/global-hookah.com\/es\/producto\/4-layer-zinc-alloy-cool-weed-grinder-wholesale\/","og_locale":"es_ES","og_type":"article","og_title":"4-Layer Zinc Alloy Cool Weed Grinder Wholesale","og_description":"Model Number:&nbsp;20678 Technics:&nbsp;FROSTED Material:&nbsp;Metal Origin:&nbsp;Mainland China Features: 100% brand new and high quality. After grinding, Tobacco has more fragrant smell,","og_url":"https:\/\/global-hookah.com\/es\/producto\/4-layer-zinc-alloy-cool-weed-grinder-wholesale\/","og_site_name":"Global Hookah","article_modified_time":"2024-05-15T06:18:27+00:00","og_image":[{"width":1000,"height":1000,"url":"https:\/\/global-hookah.com\/wp-content\/uploads\/2024\/05\/kf-S951e9d1c76714dec8d497f7d36fe32e91-40mm-4-layer-Zinc-Alloy-Hand-Muller-Rainbow-Tobacco-Grinder-Spice-Cutter.webp","type":"image\/webp"}],"twitter_card":"summary_large_image","twitter_misc":{"Tiempo de lectura":"1 minuto"},"schema":{"@context":"https:\/\/schema.org","@graph":[{"@type":"WebPage","@id":"https:\/\/global-hookah.com\/product\/4-layer-zinc-alloy-cool-weed-grinder-wholesale\/","url":"https:\/\/global-hookah.com\/product\/4-layer-zinc-alloy-cool-weed-grinder-wholesale\/","name":"4-Layer Zinc Alloy Cool Weed Grinder Wholesale - Global Hookah","isPartOf":{"@id":"https:\/\/global-hookah.com\/#website"},"primaryImageOfPage":{"@id":"https:\/\/global-hookah.com\/product\/4-layer-zinc-alloy-cool-weed-grinder-wholesale\/#primaryimage"},"image":{"@id":"https:\/\/global-hookah.com\/product\/4-layer-zinc-alloy-cool-weed-grinder-wholesale\/#primaryimage"},"thumbnailUrl":"https:\/\/global-hookah.com\/wp-content\/uploads\/2024\/05\/kf-S951e9d1c76714dec8d497f7d36fe32e91-40mm-4-layer-Zinc-Alloy-Hand-Muller-Rainbow-Tobacco-Grinder-Spice-Cutter.webp","datePublished":"2024-05-15T06:18:21+00:00","dateModified":"2024-05-15T06:18:27+00:00","breadcrumb":{"@id":"https:\/\/global-hookah.com\/product\/4-layer-zinc-alloy-cool-weed-grinder-wholesale\/#breadcrumb"},"inLanguage":"es","potentialAction":[{"@type":"ReadAction","target":["https:\/\/global-hookah.com\/product\/4-layer-zinc-alloy-cool-weed-grinder-wholesale\/"]}]},{"@type":"ImageObject","inLanguage":"es","@id":"https:\/\/global-hookah.com\/product\/4-layer-zinc-alloy-cool-weed-grinder-wholesale\/#primaryimage","url":"https:\/\/global-hookah.com\/wp-content\/uploads\/2024\/05\/kf-S951e9d1c76714dec8d497f7d36fe32e91-40mm-4-layer-Zinc-Alloy-Hand-Muller-Rainbow-Tobacco-Grinder-Spice-Cutter.webp","contentUrl":"https:\/\/global-hookah.com\/wp-content\/uploads\/2024\/05\/kf-S951e9d1c76714dec8d497f7d36fe32e91-40mm-4-layer-Zinc-Alloy-Hand-Muller-Rainbow-Tobacco-Grinder-Spice-Cutter.webp","width":1000,"height":1000},{"@type":"BreadcrumbList","@id":"https:\/\/global-hookah.com\/product\/4-layer-zinc-alloy-cool-weed-grinder-wholesale\/#breadcrumb","itemListElement":[{"@type":"ListItem","position":1,"name":"Home","item":"https:\/\/global-hookah.com\/"},{"@type":"ListItem","position":2,"name":"Shop","item":"https:\/\/global-hookah.com\/shop\/"},{"@type":"ListItem","position":3,"name":"4-Layer Zinc Alloy Cool Weed Grinder Wholesale"}]},{"@type":"WebSite","@id":"https:\/\/global-hookah.com\/#website","url":"https:\/\/global-hookah.com\/","name":"Global Hookah","description":"Global Hookah","publisher":{"@id":"https:\/\/global-hookah.com\/#organization"},"potentialAction":[{"@type":"SearchAction","target":{"@type":"EntryPoint","urlTemplate":"https:\/\/global-hookah.com\/?s={search_term_string}"},"query-input":{"@type":"PropertyValueSpecification","valueRequired":true,"valueName":"search_term_string"}}],"inLanguage":"es"},{"@type":"Organization","@id":"https:\/\/global-hookah.com\/#organization","name":"Global Hookah","url":"https:\/\/global-hookah.com\/","logo":{"@type":"ImageObject","inLanguage":"es","@id":"https:\/\/global-hookah.com\/#\/schema\/logo\/image\/","url":"https:\/\/global-hookah.com\/wp-content\/uploads\/2021\/10\/cropped-fgg.png","contentUrl":"https:\/\/global-hookah.com\/wp-content\/uploads\/2021\/10\/cropped-fgg.png","width":512,"height":512,"caption":"Global Hookah"},"image":{"@id":"https:\/\/global-hookah.com\/#\/schema\/logo\/image\/"}}]}},"_links":{"self":[{"href":"https:\/\/global-hookah.com\/es\/wp-json\/wp\/v2\/product\/22449","targetHints":{"allow":["GET"]}}],"collection":[{"href":"https:\/\/global-hookah.com\/es\/wp-json\/wp\/v2\/product"}],"about":[{"href":"https:\/\/global-hookah.com\/es\/wp-json\/wp\/v2\/types\/product"}],"replies":[{"embeddable":true,"href":"https:\/\/global-hookah.com\/es\/wp-json\/wp\/v2\/comments?post=22449"}],"version-history":[{"count":0,"href":"https:\/\/global-hookah.com\/es\/wp-json\/wp\/v2\/product\/22449\/revisions"}],"wp:featuredmedia":[{"embeddable":true,"href":"https:\/\/global-hookah.com\/es\/wp-json\/wp\/v2\/media\/22450"}],"wp:attachment":[{"href":"https:\/\/global-hookah.com\/es\/wp-json\/wp\/v2\/media?parent=22449"}],"wp:term":[{"taxonomy":"product_brand","embeddable":true,"href":"https:\/\/global-hookah.com\/es\/wp-json\/wp\/v2\/product_brand?post=22449"},{"taxonomy":"product_cat","embeddable":true,"href":"https:\/\/global-hookah.com\/es\/wp-json\/wp\/v2\/product_cat?post=22449"},{"taxonomy":"product_tag","embeddable":true,"href":"https:\/\/global-hookah.com\/es\/wp-json\/wp\/v2\/product_tag?post=22449"}],"curies":[{"name":"wp","href":"https:\/\/api.w.org\/{rel}","templated":true}]}}