{"id":22485,"date":"2024-05-15T06:34:33","date_gmt":"2024-05-15T06:34:33","guid":{"rendered":"https:\/\/global-hookah.com\/product\/wholesale-weed-grinder-with-handle\/"},"modified":"2024-05-15T06:34:41","modified_gmt":"2024-05-15T06:34:41","slug":"wholesale-weed-grinder-with-handle","status":"publish","type":"product","link":"https:\/\/global-hookah.com\/es\/producto\/wholesale-weed-grinder-with-handle\/","title":{"rendered":"Venta al por mayor Weed Grinder With Handle"},"content":{"rendered":"<div class=\"product-specs-list-container\">\n<ul class=\"product-specs-list util-clearfix\">\n<li class=\"product-prop line-limit-length\"><span\n\t\t\t\t\t\t\t\t\tclass=\"property-title\">N\u00famero de modelo:&nbsp;<\/span><span\n\t\t\t\t\t\t\t\t\tclass=\"property-desc line-limit-length\">Metal<\/span>\n\t\t\t\t\t\t<\/li>\n<li class=\"product-prop line-limit-length\"><span\n\t\t\t\t\t\t\t\t\tclass=\"property-title\">T\u00e9cnica:&nbsp;<\/span><span\n\t\t\t\t\t\t\t\t\tclass=\"property-desc line-limit-length\">FRUSADO<\/span>\n\t\t\t\t\t\t<\/li>\n<li class=\"product-prop line-limit-length\"><span\n\t\t\t\t\t\t\t\t\tclass=\"property-title\">Material:&nbsp;<\/span><span\n\t\t\t\t\t\t\t\t\tclass=\"property-desc line-limit-length\">Metal<\/span>\n\t\t\t\t\t\t<\/li>\n<li class=\"product-prop line-limit-length\"><span\n\t\t\t\t\t\t\t\t\tclass=\"property-title\">Origen:&nbsp;<\/span><span\n\t\t\t\t\t\t\t\t\tclass=\"property-desc line-limit-length\">China continental<\/span>\n\t\t\t\t\t\t<\/li>\n<\/ul><\/div>\n<div class=\"detailmodule_html\">\n<div class=\"detail-desc-decorate-richtext\">\n<p>Detalles del producto<\/p>\n<\/p>\n<p>El dise\u00f1o de 4 capas garantiza un rendimiento \u00f3ptimo y una durabilidad excepcional para un uso constante.<\/p>\n<p><\/p>\n<p>Compacto y port\u00e1til:Este molinillo de hierbas es compacto y ligero para facilitar su almacenamiento y transporte.<\/p>\n<p><\/p>\n<p>Esta trituradora de tabaco es adecuada para moler uniformemente su hierba, cogollo, tabaco o especia sin dejar grandes trozos.<\/p>\n<p><\/p>\n<p>Este molinillo multiusos es imprescindible para amas de casa y fumadores.<\/p>\n<p><\/p>\n<p>Durabilidad: Gran material para garantizar la m\u00e1xima resistencia y durabilidad para un uso duradero.<\/p>\n<p><\/p>\n<p>Descripci\u00f3n<\/p>\n<p><\/p>\n<p>Material: Aleaci\u00f3n de zinc.<\/p>\n<p><\/p>\n<p>Tama\u00f1o: 61mmx43mm.<\/p>\n<p><\/p>\n<p>Color: Como muestran las im\u00e1genes.<\/p>\n<\/p>\n<p>Debido a la diferencia de ajuste de la luz y la resoluci\u00f3n, el color del art\u00edculo&#x27;puede ser ligeramente diferente de las im\u00e1genes.<\/p>\n<p><\/p>\n<p>Por favor, permita una ligera diferencia de dimensiones debido a la medici\u00f3n manual diferente. error 1-1,5 cm.<\/p>\n<p><\/p>\n<p>1 * Picadora de tabaco manual.<\/p>\n<p><\/p>\n<p><img decoding=\"async\" src=\"https:\/\/ae01.alicdn.com\/kf\/S2f15d82c6cc34a44afbd03719ad82d1as.jpg\" slate-data-type=\"image\"\/><img decoding=\"async\" src=\"https:\/\/ae01.alicdn.com\/kf\/Sdee52b3167e541368c1544faaab6a237h.jpg\" slate-data-type=\"image\"\/><img decoding=\"async\" src=\"https:\/\/ae01.alicdn.com\/kf\/Sd882286c6c074e37b4679b19a2a81444w.jpg\" slate-data-type=\"image\"\/><img decoding=\"async\" src=\"https:\/\/ae01.alicdn.com\/kf\/Sb9a5322ec7fa46c597eab6dcbd7a6df9a.jpg\" slate-data-type=\"image\"\/><img decoding=\"async\" src=\"https:\/\/ae01.alicdn.com\/kf\/S6e66f8acfe1642b28443d55520090d03R.jpg\" slate-data-type=\"image\"\/><img decoding=\"async\" src=\"https:\/\/ae01.alicdn.com\/kf\/Se2f7735cb09740b5b6cc226c309e25efl.jpg\" slate-data-type=\"image\"\/><\/p>\n<\/div>\n<\/div>","protected":false},"excerpt":{"rendered":"<p>N\u00famero de modelo: Metal Technics: FROSTED Material: Metal Origen: China continental Detalles del producto El dise\u00f1o de 4 capas garantiza un rendimiento \u00f3ptimo y una durabilidad excepcional para un uso constante.<\/p>","protected":false},"featured_media":22486,"comment_status":"","ping_status":"closed","template":"","meta":{"iawp_total_views":2,"_joinchat":[]},"product_brand":[],"product_cat":[770],"product_tag":[],"class_list":{"0":"post-22485","1":"product","2":"type-product","3":"status-publish","4":"has-post-thumbnail","6":"product_cat-wholesale-grinder","8":"first","9":"instock","10":"shipping-taxable","11":"purchasable","12":"product-type-variable"},"yoast_head":"<!-- This site is optimized with the Yoast SEO Premium plugin v24.7 (Yoast SEO v26.8) - https:\/\/yoast.com\/product\/yoast-seo-premium-wordpress\/ -->\n<title>Wholesale Weed Grinder With Handle - Global Hookah<\/title>\n<meta name=\"robots\" content=\"index, follow, max-snippet:-1, max-image-preview:large, max-video-preview:-1\" \/>\n<link rel=\"canonical\" href=\"https:\/\/global-hookah.com\/es\/producto\/wholesale-weed-grinder-with-handle\/\" \/>\n<meta property=\"og:locale\" content=\"es_ES\" \/>\n<meta property=\"og:type\" content=\"article\" \/>\n<meta property=\"og:title\" content=\"Wholesale Weed Grinder With Handle\" \/>\n<meta property=\"og:description\" content=\"Model Number:&nbsp;Metal Technics:&nbsp;FROSTED Material:&nbsp;Metal Origin:&nbsp;Mainland China Product details 4 layers design ensures optimal performance and exceptional durability for constant use.\" \/>\n<meta property=\"og:url\" content=\"https:\/\/global-hookah.com\/es\/producto\/wholesale-weed-grinder-with-handle\/\" \/>\n<meta property=\"og:site_name\" content=\"Global Hookah\" \/>\n<meta property=\"article:modified_time\" content=\"2024-05-15T06:34:41+00:00\" \/>\n<meta property=\"og:image\" content=\"https:\/\/global-hookah.com\/wp-content\/uploads\/2024\/05\/kf-S04399ffb5afe4eb8bfd8ce510ffc70a79-Mini-Metal-Smoke-Grinder-Zinc-Alloy-4-Layer-Hand-operated-Tobacco-Grinder-Household-Commodity-Herbal-Spice.webp\" \/>\n\t<meta property=\"og:image:width\" content=\"1000\" \/>\n\t<meta property=\"og:image:height\" content=\"1000\" \/>\n\t<meta property=\"og:image:type\" content=\"image\/webp\" \/>\n<meta name=\"twitter:card\" content=\"summary_large_image\" \/>\n<meta name=\"twitter:label1\" content=\"Tiempo de lectura\" \/>\n\t<meta name=\"twitter:data1\" content=\"1 minuto\" \/>\n<script type=\"application\/ld+json\" class=\"yoast-schema-graph\">{\"@context\":\"https:\/\/schema.org\",\"@graph\":[{\"@type\":\"WebPage\",\"@id\":\"https:\/\/global-hookah.com\/product\/wholesale-weed-grinder-with-handle\/\",\"url\":\"https:\/\/global-hookah.com\/product\/wholesale-weed-grinder-with-handle\/\",\"name\":\"Wholesale Weed Grinder With Handle - Global Hookah\",\"isPartOf\":{\"@id\":\"https:\/\/global-hookah.com\/#website\"},\"primaryImageOfPage\":{\"@id\":\"https:\/\/global-hookah.com\/product\/wholesale-weed-grinder-with-handle\/#primaryimage\"},\"image\":{\"@id\":\"https:\/\/global-hookah.com\/product\/wholesale-weed-grinder-with-handle\/#primaryimage\"},\"thumbnailUrl\":\"https:\/\/global-hookah.com\/wp-content\/uploads\/2024\/05\/kf-S04399ffb5afe4eb8bfd8ce510ffc70a79-Mini-Metal-Smoke-Grinder-Zinc-Alloy-4-Layer-Hand-operated-Tobacco-Grinder-Household-Commodity-Herbal-Spice.webp\",\"datePublished\":\"2024-05-15T06:34:33+00:00\",\"dateModified\":\"2024-05-15T06:34:41+00:00\",\"breadcrumb\":{\"@id\":\"https:\/\/global-hookah.com\/product\/wholesale-weed-grinder-with-handle\/#breadcrumb\"},\"inLanguage\":\"es\",\"potentialAction\":[{\"@type\":\"ReadAction\",\"target\":[\"https:\/\/global-hookah.com\/product\/wholesale-weed-grinder-with-handle\/\"]}]},{\"@type\":\"ImageObject\",\"inLanguage\":\"es\",\"@id\":\"https:\/\/global-hookah.com\/product\/wholesale-weed-grinder-with-handle\/#primaryimage\",\"url\":\"https:\/\/global-hookah.com\/wp-content\/uploads\/2024\/05\/kf-S04399ffb5afe4eb8bfd8ce510ffc70a79-Mini-Metal-Smoke-Grinder-Zinc-Alloy-4-Layer-Hand-operated-Tobacco-Grinder-Household-Commodity-Herbal-Spice.webp\",\"contentUrl\":\"https:\/\/global-hookah.com\/wp-content\/uploads\/2024\/05\/kf-S04399ffb5afe4eb8bfd8ce510ffc70a79-Mini-Metal-Smoke-Grinder-Zinc-Alloy-4-Layer-Hand-operated-Tobacco-Grinder-Household-Commodity-Herbal-Spice.webp\",\"width\":1000,\"height\":1000},{\"@type\":\"BreadcrumbList\",\"@id\":\"https:\/\/global-hookah.com\/product\/wholesale-weed-grinder-with-handle\/#breadcrumb\",\"itemListElement\":[{\"@type\":\"ListItem\",\"position\":1,\"name\":\"Home\",\"item\":\"https:\/\/global-hookah.com\/\"},{\"@type\":\"ListItem\",\"position\":2,\"name\":\"Shop\",\"item\":\"https:\/\/global-hookah.com\/shop\/\"},{\"@type\":\"ListItem\",\"position\":3,\"name\":\"Wholesale Weed Grinder With Handle\"}]},{\"@type\":\"WebSite\",\"@id\":\"https:\/\/global-hookah.com\/#website\",\"url\":\"https:\/\/global-hookah.com\/\",\"name\":\"Global Hookah\",\"description\":\"Global Hookah\",\"publisher\":{\"@id\":\"https:\/\/global-hookah.com\/#organization\"},\"potentialAction\":[{\"@type\":\"SearchAction\",\"target\":{\"@type\":\"EntryPoint\",\"urlTemplate\":\"https:\/\/global-hookah.com\/?s={search_term_string}\"},\"query-input\":{\"@type\":\"PropertyValueSpecification\",\"valueRequired\":true,\"valueName\":\"search_term_string\"}}],\"inLanguage\":\"es\"},{\"@type\":\"Organization\",\"@id\":\"https:\/\/global-hookah.com\/#organization\",\"name\":\"Global Hookah\",\"url\":\"https:\/\/global-hookah.com\/\",\"logo\":{\"@type\":\"ImageObject\",\"inLanguage\":\"es\",\"@id\":\"https:\/\/global-hookah.com\/#\/schema\/logo\/image\/\",\"url\":\"https:\/\/global-hookah.com\/wp-content\/uploads\/2021\/10\/cropped-fgg.png\",\"contentUrl\":\"https:\/\/global-hookah.com\/wp-content\/uploads\/2021\/10\/cropped-fgg.png\",\"width\":512,\"height\":512,\"caption\":\"Global Hookah\"},\"image\":{\"@id\":\"https:\/\/global-hookah.com\/#\/schema\/logo\/image\/\"}}]}<\/script>\n<!-- \/ Yoast SEO Premium plugin. -->","yoast_head_json":{"title":"Mayorista Weed Grinder Con Mango - Global Hookah","robots":{"index":"index","follow":"follow","max-snippet":"max-snippet:-1","max-image-preview":"max-image-preview:large","max-video-preview":"max-video-preview:-1"},"canonical":"https:\/\/global-hookah.com\/es\/producto\/wholesale-weed-grinder-with-handle\/","og_locale":"es_ES","og_type":"article","og_title":"Wholesale Weed Grinder With Handle","og_description":"Model Number:&nbsp;Metal Technics:&nbsp;FROSTED Material:&nbsp;Metal Origin:&nbsp;Mainland China Product details 4 layers design ensures optimal performance and exceptional durability for constant use.","og_url":"https:\/\/global-hookah.com\/es\/producto\/wholesale-weed-grinder-with-handle\/","og_site_name":"Global Hookah","article_modified_time":"2024-05-15T06:34:41+00:00","og_image":[{"width":1000,"height":1000,"url":"https:\/\/global-hookah.com\/wp-content\/uploads\/2024\/05\/kf-S04399ffb5afe4eb8bfd8ce510ffc70a79-Mini-Metal-Smoke-Grinder-Zinc-Alloy-4-Layer-Hand-operated-Tobacco-Grinder-Household-Commodity-Herbal-Spice.webp","type":"image\/webp"}],"twitter_card":"summary_large_image","twitter_misc":{"Tiempo de lectura":"1 minuto"},"schema":{"@context":"https:\/\/schema.org","@graph":[{"@type":"WebPage","@id":"https:\/\/global-hookah.com\/product\/wholesale-weed-grinder-with-handle\/","url":"https:\/\/global-hookah.com\/product\/wholesale-weed-grinder-with-handle\/","name":"Mayorista Weed Grinder Con Mango - Global Hookah","isPartOf":{"@id":"https:\/\/global-hookah.com\/#website"},"primaryImageOfPage":{"@id":"https:\/\/global-hookah.com\/product\/wholesale-weed-grinder-with-handle\/#primaryimage"},"image":{"@id":"https:\/\/global-hookah.com\/product\/wholesale-weed-grinder-with-handle\/#primaryimage"},"thumbnailUrl":"https:\/\/global-hookah.com\/wp-content\/uploads\/2024\/05\/kf-S04399ffb5afe4eb8bfd8ce510ffc70a79-Mini-Metal-Smoke-Grinder-Zinc-Alloy-4-Layer-Hand-operated-Tobacco-Grinder-Household-Commodity-Herbal-Spice.webp","datePublished":"2024-05-15T06:34:33+00:00","dateModified":"2024-05-15T06:34:41+00:00","breadcrumb":{"@id":"https:\/\/global-hookah.com\/product\/wholesale-weed-grinder-with-handle\/#breadcrumb"},"inLanguage":"es","potentialAction":[{"@type":"ReadAction","target":["https:\/\/global-hookah.com\/product\/wholesale-weed-grinder-with-handle\/"]}]},{"@type":"ImageObject","inLanguage":"es","@id":"https:\/\/global-hookah.com\/product\/wholesale-weed-grinder-with-handle\/#primaryimage","url":"https:\/\/global-hookah.com\/wp-content\/uploads\/2024\/05\/kf-S04399ffb5afe4eb8bfd8ce510ffc70a79-Mini-Metal-Smoke-Grinder-Zinc-Alloy-4-Layer-Hand-operated-Tobacco-Grinder-Household-Commodity-Herbal-Spice.webp","contentUrl":"https:\/\/global-hookah.com\/wp-content\/uploads\/2024\/05\/kf-S04399ffb5afe4eb8bfd8ce510ffc70a79-Mini-Metal-Smoke-Grinder-Zinc-Alloy-4-Layer-Hand-operated-Tobacco-Grinder-Household-Commodity-Herbal-Spice.webp","width":1000,"height":1000},{"@type":"BreadcrumbList","@id":"https:\/\/global-hookah.com\/product\/wholesale-weed-grinder-with-handle\/#breadcrumb","itemListElement":[{"@type":"ListItem","position":1,"name":"Home","item":"https:\/\/global-hookah.com\/"},{"@type":"ListItem","position":2,"name":"Shop","item":"https:\/\/global-hookah.com\/shop\/"},{"@type":"ListItem","position":3,"name":"Wholesale Weed Grinder With Handle"}]},{"@type":"WebSite","@id":"https:\/\/global-hookah.com\/#website","url":"https:\/\/global-hookah.com\/","name":"Global Hookah","description":"Global Hookah","publisher":{"@id":"https:\/\/global-hookah.com\/#organization"},"potentialAction":[{"@type":"SearchAction","target":{"@type":"EntryPoint","urlTemplate":"https:\/\/global-hookah.com\/?s={search_term_string}"},"query-input":{"@type":"PropertyValueSpecification","valueRequired":true,"valueName":"search_term_string"}}],"inLanguage":"es"},{"@type":"Organization","@id":"https:\/\/global-hookah.com\/#organization","name":"Global Hookah","url":"https:\/\/global-hookah.com\/","logo":{"@type":"ImageObject","inLanguage":"es","@id":"https:\/\/global-hookah.com\/#\/schema\/logo\/image\/","url":"https:\/\/global-hookah.com\/wp-content\/uploads\/2021\/10\/cropped-fgg.png","contentUrl":"https:\/\/global-hookah.com\/wp-content\/uploads\/2021\/10\/cropped-fgg.png","width":512,"height":512,"caption":"Global Hookah"},"image":{"@id":"https:\/\/global-hookah.com\/#\/schema\/logo\/image\/"}}]}},"_links":{"self":[{"href":"https:\/\/global-hookah.com\/es\/wp-json\/wp\/v2\/product\/22485","targetHints":{"allow":["GET"]}}],"collection":[{"href":"https:\/\/global-hookah.com\/es\/wp-json\/wp\/v2\/product"}],"about":[{"href":"https:\/\/global-hookah.com\/es\/wp-json\/wp\/v2\/types\/product"}],"replies":[{"embeddable":true,"href":"https:\/\/global-hookah.com\/es\/wp-json\/wp\/v2\/comments?post=22485"}],"version-history":[{"count":0,"href":"https:\/\/global-hookah.com\/es\/wp-json\/wp\/v2\/product\/22485\/revisions"}],"wp:featuredmedia":[{"embeddable":true,"href":"https:\/\/global-hookah.com\/es\/wp-json\/wp\/v2\/media\/22486"}],"wp:attachment":[{"href":"https:\/\/global-hookah.com\/es\/wp-json\/wp\/v2\/media?parent=22485"}],"wp:term":[{"taxonomy":"product_brand","embeddable":true,"href":"https:\/\/global-hookah.com\/es\/wp-json\/wp\/v2\/product_brand?post=22485"},{"taxonomy":"product_cat","embeddable":true,"href":"https:\/\/global-hookah.com\/es\/wp-json\/wp\/v2\/product_cat?post=22485"},{"taxonomy":"product_tag","embeddable":true,"href":"https:\/\/global-hookah.com\/es\/wp-json\/wp\/v2\/product_tag?post=22485"}],"curies":[{"name":"wp","href":"https:\/\/api.w.org\/{rel}","templated":true}]}}