{"id":22568,"date":"2024-05-15T07:31:23","date_gmt":"2024-05-15T07:31:23","guid":{"rendered":"https:\/\/global-hookah.com\/product\/4-layer-wooden-marijuana-bud-grinder-wholesale\/"},"modified":"2024-05-15T07:31:28","modified_gmt":"2024-05-15T07:31:28","slug":"4-layer-wooden-marijuana-bud-grinder-wholesale","status":"publish","type":"product","link":"https:\/\/global-hookah.com\/es\/producto\/4-layer-wooden-marijuana-bud-grinder-wholesale\/","title":{"rendered":"Grinder de madera para cogollos de marihuana de 4 capas al por mayor"},"content":{"rendered":"<div class=\"product-specs-list-container\">\n<ul class=\"product-specs-list util-clearfix\">\n<li class=\"product-prop line-limit-length\"><span\n\t\t\t\t\t\t\t\t\tclass=\"property-title\">Forma:&nbsp;<\/span><span\n\t\t\t\t\t\t\t\t\tclass=\"property-desc line-limit-length\">Tipo libre<\/span>\n\t\t\t\t\t\t<\/li>\n<li class=\"product-prop line-limit-length\"><span\n\t\t\t\t\t\t\t\t\tclass=\"property-title\">N\u00famero de modelo:&nbsp;<\/span><span\n\t\t\t\t\t\t\t\t\tclass=\"property-desc line-limit-length\">FT-09360<\/span>\n\t\t\t\t\t\t<\/li>\n<li class=\"product-prop line-limit-length\"><span\n\t\t\t\t\t\t\t\t\tclass=\"property-title\">Material:&nbsp;<\/span><span\n\t\t\t\t\t\t\t\t\tclass=\"property-desc line-limit-length\">Acr\u00edlico<\/span>\n\t\t\t\t\t\t<\/li>\n<li class=\"product-prop line-limit-length\"><span\n\t\t\t\t\t\t\t\t\tclass=\"property-title\">Marca:&nbsp;<\/span><span\n\t\t\t\t\t\t\t\t\tclass=\"property-desc line-limit-length\">Erliao<\/span>\n\t\t\t\t\t\t<\/li>\n<li class=\"product-prop line-limit-length\"><span\n\t\t\t\t\t\t\t\t\tclass=\"property-title\">Origen:&nbsp;<\/span><span\n\t\t\t\t\t\t\t\t\tclass=\"property-desc line-limit-length\">China continental<\/span>\n\t\t\t\t\t\t<\/li>\n<li class=\"product-prop line-limit-length\"><span\n\t\t\t\t\t\t\t\t\tclass=\"property-title\">Lugar de origen:&nbsp;<\/span><span\n\t\t\t\t\t\t\t\t\tclass=\"property-desc line-limit-length\">China<\/span>\n\t\t\t\t\t\t<\/li>\n<li class=\"product-prop line-limit-length\"><span\n\t\t\t\t\t\t\t\t\tclass=\"property-title\">Tama\u00f1o:&nbsp;<\/span><span\n\t\t\t\t\t\t\t\t\tclass=\"property-desc line-limit-length\">68x 69mm<\/span>\n\t\t\t\t\t\t<\/li>\n<li class=\"product-prop line-limit-length\"><span\n\t\t\t\t\t\t\t\t\tclass=\"property-title\">Material:&nbsp;<\/span><span\n\t\t\t\t\t\t\t\t\tclass=\"property-desc line-limit-length\">Resina met\u00e1lica<\/span>\n\t\t\t\t\t\t<\/li>\n<li class=\"product-prop line-limit-length\"><span\n\t\t\t\t\t\t\t\t\tclass=\"property-title\">Peso:&nbsp;<\/span><span\n\t\t\t\t\t\t\t\t\tclass=\"property-desc line-limit-length\">180 g\/pieza<\/span>\n\t\t\t\t\t\t<\/li>\n<li class=\"product-prop line-limit-length\"><span\n\t\t\t\t\t\t\t\t\tclass=\"property-title\">Uso:&nbsp;<\/span><span\n\t\t\t\t\t\t\t\t\tclass=\"property-desc line-limit-length\">Moler el tabaco hasta convertirlo en polvo<\/span>\n\t\t\t\t\t\t<\/li>\n<li class=\"product-prop line-limit-length\"><span\n\t\t\t\t\t\t\t\t\tclass=\"property-title\">Tipo:&nbsp;<\/span><span\n\t\t\t\t\t\t\t\t\tclass=\"property-desc line-limit-length\">4parts gadgets<\/span>\n\t\t\t\t\t\t<\/li>\n<li class=\"product-prop line-limit-length\"><span\n\t\t\t\t\t\t\t\t\tclass=\"property-title\">Color:&nbsp;<\/span><span\n\t\t\t\t\t\t\t\t\tclass=\"property-desc line-limit-length\">Como se muestra<\/span>\n\t\t\t\t\t\t<\/li>\n<li class=\"product-prop line-limit-length\"><span\n\t\t\t\t\t\t\t\t\tclass=\"property-title\">Paquete:&nbsp;<\/span><span\n\t\t\t\t\t\t\t\t\tclass=\"property-desc line-limit-length\">1 unidad al azar<\/span>\n\t\t\t\t\t\t<\/li>\n<\/ul><\/div>\n<p><\/p>\n<div class=\"detailmodule_dynamic\"><kse:widget data-widget-type=\"customText\" id=\"25121391\" type=\"undefined\"><\/kse:widget><\/div>\n<p><span style=\"font-size:16px\">Descripci\u00f3n:<\/span><\/p>\n<div class=\"detailmodule_text\">\n<p style=\"font-family:OpenSans;font-size:14px;font-weight:300;line-height:20px;white-space:pre-wrap;color:rgb(0, 0, 0);margin-bottom:12px\" class=\"detail-desc-decorate-content\">Tama\u00f1o: 69x 68mm<\/p>\n<p style=\"font-family:OpenSans;font-size:14px;font-weight:300;line-height:20px;white-space:pre-wrap;color:rgb(0, 0, 0);margin-bottom:12px\" class=\"detail-desc-decorate-content\">Material: metal +resina<\/p>\n<p style=\"font-family:OpenSans;font-size:14px;font-weight:300;line-height:20px;white-space:pre-wrap;color:rgb(0, 0, 0);margin-bottom:12px\" class=\"detail-desc-decorate-content\">Peso: 180 g\/unidad (aprox.)<\/p>\n<div><\/div>\n<\/div>\n<div class=\"detailmodule_dynamic\"><kse:widget data-widget-type=\"customText\" id=\"35188209\" type=\"undefined\"><\/kse:widget><\/div>\n<div class=\"detailmodule_image\"><img decoding=\"async\" src=\"https:\/\/ae01.alicdn.com\/kf\/S07ae3b69f5264613b5e54880ac683268v.jpg\" slate-data-type=\"image\"\/><img decoding=\"async\" src=\"https:\/\/ae01.alicdn.com\/kf\/S66ed693e55de4d918d5ea6d120f32373M.jpg\" slate-data-type=\"image\"\/><img decoding=\"async\" src=\"https:\/\/ae01.alicdn.com\/kf\/Se61e1265b58345639e6383efc796e86ay.jpg\" slate-data-type=\"image\"\/><img decoding=\"async\" src=\"https:\/\/ae01.alicdn.com\/kf\/S47ef70ef576d47d1b5fc8accac8547dcV.jpg\" slate-data-type=\"image\"\/><img decoding=\"async\" src=\"https:\/\/ae01.alicdn.com\/kf\/S98afdd32cb6f49bbaee7a875951352278.jpg\" slate-data-type=\"image\"\/><img decoding=\"async\" src=\"https:\/\/ae01.alicdn.com\/kf\/S482fa500b053471780872f5d728f435eo.jpg\" slate-data-type=\"image\"\/><\/div>\n<div class=\"detailmodule_image\"><img decoding=\"async\" class=\"detail-desc-decorate-image\" src=\"https:\/\/ae01.alicdn.com\/kf\/H0f0d58301d39416f8b76984cf37c09d24.jpg\" slate-data-type=\"image\"\/><img decoding=\"async\" class=\"detail-desc-decorate-image\" src=\"https:\/\/ae01.alicdn.com\/kf\/Haae934d34b5d48df8e249ce1b5fbad61b.jpg\" slate-data-type=\"image\"\/><img decoding=\"async\" class=\"detail-desc-decorate-image\" src=\"https:\/\/ae01.alicdn.com\/kf\/H90533929b00c4a79866db9437b8ca500f.jpg\" slate-data-type=\"image\"\/><img decoding=\"async\" class=\"detail-desc-decorate-image\" src=\"https:\/\/ae01.alicdn.com\/kf\/H0f0a737f21654110869ca93e2ae7c6adb.png\" slate-data-type=\"image\"\/><\/div>\n<p><\/p>","protected":false},"excerpt":{"rendered":"<p>Forma: Tipo libre N\u00famero de modelo: FT-09360 Material: Acr\u00edlico Marca: Erliao Origen: China continental Lugar de origen: China Tama\u00f1o: 68x 69mm Material: Resina de metal Peso: 180g\/pc Uso: Moler tabaco en<\/p>","protected":false},"featured_media":22569,"comment_status":"","ping_status":"closed","template":"","meta":{"iawp_total_views":0,"_joinchat":[]},"product_brand":[],"product_cat":[770],"product_tag":[],"class_list":{"0":"post-22568","1":"product","2":"type-product","3":"status-publish","4":"has-post-thumbnail","6":"product_cat-wholesale-grinder","8":"first","9":"instock","10":"shipping-taxable","11":"purchasable","12":"product-type-variable"},"yoast_head":"<!-- This site is optimized with the Yoast SEO Premium plugin v24.7 (Yoast SEO v26.8) - https:\/\/yoast.com\/product\/yoast-seo-premium-wordpress\/ -->\n<title>4-Layer Wooden Marijuana Bud Grinder Wholesale - Global Hookah<\/title>\n<meta name=\"robots\" content=\"index, follow, max-snippet:-1, max-image-preview:large, max-video-preview:-1\" \/>\n<link rel=\"canonical\" href=\"https:\/\/global-hookah.com\/es\/produkt\/4-schicht-holz-marihuana-knospe-grinder-groshandel\/\" \/>\n<meta property=\"og:locale\" content=\"es_ES\" \/>\n<meta property=\"og:type\" content=\"article\" \/>\n<meta property=\"og:title\" content=\"4-Layer Wooden Marijuana Bud Grinder Wholesale\" \/>\n<meta property=\"og:description\" content=\"Shape:&nbsp;Free Type Model Number:&nbsp;FT-09360 Material:&nbsp;Acrylic Brand Name:&nbsp;Erliao Origin:&nbsp;Mainland China Place of origin:&nbsp;China Size:&nbsp;68x 69mm Material:&nbsp;Metal Resin Weight:&nbsp;180g\/pc Useage:&nbsp;Grind tobacco into\" \/>\n<meta property=\"og:url\" content=\"https:\/\/global-hookah.com\/es\/produkt\/4-schicht-holz-marihuana-knospe-grinder-groshandel\/\" \/>\n<meta property=\"og:site_name\" content=\"Global Hookah\" \/>\n<meta property=\"article:modified_time\" content=\"2024-05-15T07:31:28+00:00\" \/>\n<meta property=\"og:image\" content=\"https:\/\/global-hookah.com\/wp-content\/uploads\/2024\/05\/kf-S995605bcc8094d9598b556045533eba9s-4-Layer-Resin-Wooden-Tobacco-Grinder-68MM-Herb-Grinder-Magnetic-Lid-Metal-Filter-Manual-Smoke-Crusher.webp\" \/>\n\t<meta property=\"og:image:width\" content=\"800\" \/>\n\t<meta property=\"og:image:height\" content=\"800\" \/>\n\t<meta property=\"og:image:type\" content=\"image\/webp\" \/>\n<meta name=\"twitter:card\" content=\"summary_large_image\" \/>\n<script type=\"application\/ld+json\" class=\"yoast-schema-graph\">{\"@context\":\"https:\/\/schema.org\",\"@graph\":[{\"@type\":\"WebPage\",\"@id\":\"https:\/\/global-hookah.com\/de\/produkt\/4-schicht-holz-marihuana-knospe-grinder-groshandel\/\",\"url\":\"https:\/\/global-hookah.com\/de\/produkt\/4-schicht-holz-marihuana-knospe-grinder-groshandel\/\",\"name\":\"4-Layer Wooden Marijuana Bud Grinder Wholesale - Global Hookah\",\"isPartOf\":{\"@id\":\"https:\/\/global-hookah.com\/#website\"},\"primaryImageOfPage\":{\"@id\":\"https:\/\/global-hookah.com\/de\/produkt\/4-schicht-holz-marihuana-knospe-grinder-groshandel\/#primaryimage\"},\"image\":{\"@id\":\"https:\/\/global-hookah.com\/de\/produkt\/4-schicht-holz-marihuana-knospe-grinder-groshandel\/#primaryimage\"},\"thumbnailUrl\":\"https:\/\/global-hookah.com\/wp-content\/uploads\/2024\/05\/kf-S995605bcc8094d9598b556045533eba9s-4-Layer-Resin-Wooden-Tobacco-Grinder-68MM-Herb-Grinder-Magnetic-Lid-Metal-Filter-Manual-Smoke-Crusher.webp\",\"datePublished\":\"2024-05-15T07:31:23+00:00\",\"dateModified\":\"2024-05-15T07:31:28+00:00\",\"breadcrumb\":{\"@id\":\"https:\/\/global-hookah.com\/de\/produkt\/4-schicht-holz-marihuana-knospe-grinder-groshandel\/#breadcrumb\"},\"inLanguage\":\"es\",\"potentialAction\":[{\"@type\":\"ReadAction\",\"target\":[\"https:\/\/global-hookah.com\/de\/produkt\/4-schicht-holz-marihuana-knospe-grinder-groshandel\/\"]}]},{\"@type\":\"ImageObject\",\"inLanguage\":\"es\",\"@id\":\"https:\/\/global-hookah.com\/de\/produkt\/4-schicht-holz-marihuana-knospe-grinder-groshandel\/#primaryimage\",\"url\":\"https:\/\/global-hookah.com\/wp-content\/uploads\/2024\/05\/kf-S995605bcc8094d9598b556045533eba9s-4-Layer-Resin-Wooden-Tobacco-Grinder-68MM-Herb-Grinder-Magnetic-Lid-Metal-Filter-Manual-Smoke-Crusher.webp\",\"contentUrl\":\"https:\/\/global-hookah.com\/wp-content\/uploads\/2024\/05\/kf-S995605bcc8094d9598b556045533eba9s-4-Layer-Resin-Wooden-Tobacco-Grinder-68MM-Herb-Grinder-Magnetic-Lid-Metal-Filter-Manual-Smoke-Crusher.webp\",\"width\":800,\"height\":800},{\"@type\":\"BreadcrumbList\",\"@id\":\"https:\/\/global-hookah.com\/de\/produkt\/4-schicht-holz-marihuana-knospe-grinder-groshandel\/#breadcrumb\",\"itemListElement\":[{\"@type\":\"ListItem\",\"position\":1,\"name\":\"Home\",\"item\":\"https:\/\/global-hookah.com\/\"},{\"@type\":\"ListItem\",\"position\":2,\"name\":\"Shop\",\"item\":\"https:\/\/global-hookah.com\/shop\/\"},{\"@type\":\"ListItem\",\"position\":3,\"name\":\"4-Layer Wooden Marijuana Bud Grinder Wholesale\"}]},{\"@type\":\"WebSite\",\"@id\":\"https:\/\/global-hookah.com\/#website\",\"url\":\"https:\/\/global-hookah.com\/\",\"name\":\"Global Hookah\",\"description\":\"Global Hookah\",\"publisher\":{\"@id\":\"https:\/\/global-hookah.com\/#organization\"},\"potentialAction\":[{\"@type\":\"SearchAction\",\"target\":{\"@type\":\"EntryPoint\",\"urlTemplate\":\"https:\/\/global-hookah.com\/?s={search_term_string}\"},\"query-input\":{\"@type\":\"PropertyValueSpecification\",\"valueRequired\":true,\"valueName\":\"search_term_string\"}}],\"inLanguage\":\"es\"},{\"@type\":\"Organization\",\"@id\":\"https:\/\/global-hookah.com\/#organization\",\"name\":\"Global Hookah\",\"url\":\"https:\/\/global-hookah.com\/\",\"logo\":{\"@type\":\"ImageObject\",\"inLanguage\":\"es\",\"@id\":\"https:\/\/global-hookah.com\/#\/schema\/logo\/image\/\",\"url\":\"https:\/\/global-hookah.com\/wp-content\/uploads\/2021\/10\/cropped-fgg.png\",\"contentUrl\":\"https:\/\/global-hookah.com\/wp-content\/uploads\/2021\/10\/cropped-fgg.png\",\"width\":512,\"height\":512,\"caption\":\"Global Hookah\"},\"image\":{\"@id\":\"https:\/\/global-hookah.com\/#\/schema\/logo\/image\/\"}}]}<\/script>\n<!-- \/ Yoast SEO Premium plugin. -->","yoast_head_json":{"title":"Grinder de madera para cogollos de marihuana de 4 capas al por mayor - Global Hookah","robots":{"index":"index","follow":"follow","max-snippet":"max-snippet:-1","max-image-preview":"max-image-preview:large","max-video-preview":"max-video-preview:-1"},"canonical":"https:\/\/global-hookah.com\/es\/produkt\/4-schicht-holz-marihuana-knospe-grinder-groshandel\/","og_locale":"es_ES","og_type":"article","og_title":"4-Layer Wooden Marijuana Bud Grinder Wholesale","og_description":"Shape:&nbsp;Free Type Model Number:&nbsp;FT-09360 Material:&nbsp;Acrylic Brand Name:&nbsp;Erliao Origin:&nbsp;Mainland China Place of origin:&nbsp;China Size:&nbsp;68x 69mm Material:&nbsp;Metal Resin Weight:&nbsp;180g\/pc Useage:&nbsp;Grind tobacco into","og_url":"https:\/\/global-hookah.com\/es\/produkt\/4-schicht-holz-marihuana-knospe-grinder-groshandel\/","og_site_name":"Global Hookah","article_modified_time":"2024-05-15T07:31:28+00:00","og_image":[{"width":800,"height":800,"url":"https:\/\/global-hookah.com\/wp-content\/uploads\/2024\/05\/kf-S995605bcc8094d9598b556045533eba9s-4-Layer-Resin-Wooden-Tobacco-Grinder-68MM-Herb-Grinder-Magnetic-Lid-Metal-Filter-Manual-Smoke-Crusher.webp","type":"image\/webp"}],"twitter_card":"summary_large_image","schema":{"@context":"https:\/\/schema.org","@graph":[{"@type":"WebPage","@id":"https:\/\/global-hookah.com\/de\/produkt\/4-schicht-holz-marihuana-knospe-grinder-groshandel\/","url":"https:\/\/global-hookah.com\/de\/produkt\/4-schicht-holz-marihuana-knospe-grinder-groshandel\/","name":"Grinder de madera para cogollos de marihuana de 4 capas al por mayor - Global Hookah","isPartOf":{"@id":"https:\/\/global-hookah.com\/#website"},"primaryImageOfPage":{"@id":"https:\/\/global-hookah.com\/de\/produkt\/4-schicht-holz-marihuana-knospe-grinder-groshandel\/#primaryimage"},"image":{"@id":"https:\/\/global-hookah.com\/de\/produkt\/4-schicht-holz-marihuana-knospe-grinder-groshandel\/#primaryimage"},"thumbnailUrl":"https:\/\/global-hookah.com\/wp-content\/uploads\/2024\/05\/kf-S995605bcc8094d9598b556045533eba9s-4-Layer-Resin-Wooden-Tobacco-Grinder-68MM-Herb-Grinder-Magnetic-Lid-Metal-Filter-Manual-Smoke-Crusher.webp","datePublished":"2024-05-15T07:31:23+00:00","dateModified":"2024-05-15T07:31:28+00:00","breadcrumb":{"@id":"https:\/\/global-hookah.com\/de\/produkt\/4-schicht-holz-marihuana-knospe-grinder-groshandel\/#breadcrumb"},"inLanguage":"es","potentialAction":[{"@type":"ReadAction","target":["https:\/\/global-hookah.com\/de\/produkt\/4-schicht-holz-marihuana-knospe-grinder-groshandel\/"]}]},{"@type":"ImageObject","inLanguage":"es","@id":"https:\/\/global-hookah.com\/de\/produkt\/4-schicht-holz-marihuana-knospe-grinder-groshandel\/#primaryimage","url":"https:\/\/global-hookah.com\/wp-content\/uploads\/2024\/05\/kf-S995605bcc8094d9598b556045533eba9s-4-Layer-Resin-Wooden-Tobacco-Grinder-68MM-Herb-Grinder-Magnetic-Lid-Metal-Filter-Manual-Smoke-Crusher.webp","contentUrl":"https:\/\/global-hookah.com\/wp-content\/uploads\/2024\/05\/kf-S995605bcc8094d9598b556045533eba9s-4-Layer-Resin-Wooden-Tobacco-Grinder-68MM-Herb-Grinder-Magnetic-Lid-Metal-Filter-Manual-Smoke-Crusher.webp","width":800,"height":800},{"@type":"BreadcrumbList","@id":"https:\/\/global-hookah.com\/de\/produkt\/4-schicht-holz-marihuana-knospe-grinder-groshandel\/#breadcrumb","itemListElement":[{"@type":"ListItem","position":1,"name":"Home","item":"https:\/\/global-hookah.com\/"},{"@type":"ListItem","position":2,"name":"Shop","item":"https:\/\/global-hookah.com\/shop\/"},{"@type":"ListItem","position":3,"name":"4-Layer Wooden Marijuana Bud Grinder Wholesale"}]},{"@type":"WebSite","@id":"https:\/\/global-hookah.com\/#website","url":"https:\/\/global-hookah.com\/","name":"Global Hookah","description":"Global Hookah","publisher":{"@id":"https:\/\/global-hookah.com\/#organization"},"potentialAction":[{"@type":"SearchAction","target":{"@type":"EntryPoint","urlTemplate":"https:\/\/global-hookah.com\/?s={search_term_string}"},"query-input":{"@type":"PropertyValueSpecification","valueRequired":true,"valueName":"search_term_string"}}],"inLanguage":"es"},{"@type":"Organization","@id":"https:\/\/global-hookah.com\/#organization","name":"Global Hookah","url":"https:\/\/global-hookah.com\/","logo":{"@type":"ImageObject","inLanguage":"es","@id":"https:\/\/global-hookah.com\/#\/schema\/logo\/image\/","url":"https:\/\/global-hookah.com\/wp-content\/uploads\/2021\/10\/cropped-fgg.png","contentUrl":"https:\/\/global-hookah.com\/wp-content\/uploads\/2021\/10\/cropped-fgg.png","width":512,"height":512,"caption":"Global Hookah"},"image":{"@id":"https:\/\/global-hookah.com\/#\/schema\/logo\/image\/"}}]}},"_links":{"self":[{"href":"https:\/\/global-hookah.com\/es\/wp-json\/wp\/v2\/product\/22568","targetHints":{"allow":["GET"]}}],"collection":[{"href":"https:\/\/global-hookah.com\/es\/wp-json\/wp\/v2\/product"}],"about":[{"href":"https:\/\/global-hookah.com\/es\/wp-json\/wp\/v2\/types\/product"}],"replies":[{"embeddable":true,"href":"https:\/\/global-hookah.com\/es\/wp-json\/wp\/v2\/comments?post=22568"}],"version-history":[{"count":0,"href":"https:\/\/global-hookah.com\/es\/wp-json\/wp\/v2\/product\/22568\/revisions"}],"wp:featuredmedia":[{"embeddable":true,"href":"https:\/\/global-hookah.com\/es\/wp-json\/wp\/v2\/media\/22569"}],"wp:attachment":[{"href":"https:\/\/global-hookah.com\/es\/wp-json\/wp\/v2\/media?parent=22568"}],"wp:term":[{"taxonomy":"product_brand","embeddable":true,"href":"https:\/\/global-hookah.com\/es\/wp-json\/wp\/v2\/product_brand?post=22568"},{"taxonomy":"product_cat","embeddable":true,"href":"https:\/\/global-hookah.com\/es\/wp-json\/wp\/v2\/product_cat?post=22568"},{"taxonomy":"product_tag","embeddable":true,"href":"https:\/\/global-hookah.com\/es\/wp-json\/wp\/v2\/product_tag?post=22568"}],"curies":[{"name":"wp","href":"https:\/\/api.w.org\/{rel}","templated":true}]}}