{"id":22577,"date":"2024-05-15T07:32:08","date_gmt":"2024-05-15T07:32:08","guid":{"rendered":"https:\/\/global-hookah.com\/product\/69mm-marijuana-flower-grinder-wholesale\/"},"modified":"2024-05-15T07:32:14","modified_gmt":"2024-05-15T07:32:14","slug":"69mm-marijuana-flower-grinder-wholesale","status":"publish","type":"product","link":"https:\/\/global-hookah.com\/es\/producto\/69mm-marijuana-flower-grinder-wholesale\/","title":{"rendered":"Molinillo de flores de marihuana de 69mm al por mayor"},"content":{"rendered":"<div class=\"product-specs-list-container\">\n<ul class=\"product-specs-list util-clearfix\">\n<li class=\"product-prop line-limit-length\"><span\n\t\t\t\t\t\t\t\t\tclass=\"property-title\">Forma:&nbsp;<\/span><span\n\t\t\t\t\t\t\t\t\tclass=\"property-desc line-limit-length\">Tipo libre<\/span>\n\t\t\t\t\t\t<\/li>\n<li class=\"product-prop line-limit-length\"><span\n\t\t\t\t\t\t\t\t\tclass=\"property-title\">N\u00famero de modelo:&nbsp;<\/span><span\n\t\t\t\t\t\t\t\t\tclass=\"property-desc line-limit-length\">FT-03126<\/span>\n\t\t\t\t\t\t<\/li>\n<li class=\"product-prop line-limit-length\"><span\n\t\t\t\t\t\t\t\t\tclass=\"property-title\">Material:&nbsp;<\/span><span\n\t\t\t\t\t\t\t\t\tclass=\"property-desc line-limit-length\">Metal<\/span>\n\t\t\t\t\t\t<\/li>\n<li class=\"product-prop line-limit-length\"><span\n\t\t\t\t\t\t\t\t\tclass=\"property-title\">Origen:&nbsp;<\/span><span\n\t\t\t\t\t\t\t\t\tclass=\"property-desc line-limit-length\">China continental<\/span>\n\t\t\t\t\t\t<\/li>\n<li class=\"product-prop line-limit-length\"><span\n\t\t\t\t\t\t\t\t\tclass=\"property-title\">Lugar de origen:&nbsp;<\/span><span\n\t\t\t\t\t\t\t\t\tclass=\"property-desc line-limit-length\">China<\/span>\n\t\t\t\t\t\t<\/li>\n<li class=\"product-prop line-limit-length\"><span\n\t\t\t\t\t\t\t\t\tclass=\"property-title\">Tama\u00f1o:&nbsp;<\/span><span\n\t\t\t\t\t\t\t\t\tclass=\"property-desc line-limit-length\">69 mm<\/span>\n\t\t\t\t\t\t<\/li>\n<li class=\"product-prop line-limit-length\"><span\n\t\t\t\t\t\t\t\t\tclass=\"property-title\">Es personalizado:&nbsp;<\/span><span\n\t\t\t\t\t\t\t\t\tclass=\"property-desc line-limit-length\">S\u00ed<\/span>\n\t\t\t\t\t\t<\/li>\n<li class=\"product-prop line-limit-length\"><span\n\t\t\t\t\t\t\t\t\tclass=\"property-title\">Material:&nbsp;<\/span><span\n\t\t\t\t\t\t\t\t\tclass=\"property-desc line-limit-length\">Aluminio de aleaci\u00f3n de zinc<\/span>\n\t\t\t\t\t\t<\/li>\n<li class=\"product-prop line-limit-length\"><span\n\t\t\t\t\t\t\t\t\tclass=\"property-title\">Uso:&nbsp;<\/span><span\n\t\t\t\t\t\t\t\t\tclass=\"property-desc line-limit-length\">Grinder hierba o Tabaco<\/span>\n\t\t\t\t\t\t<\/li>\n<li class=\"product-prop line-limit-length\"><span\n\t\t\t\t\t\t\t\t\tclass=\"property-title\">Tipo:&nbsp;<\/span><span\n\t\t\t\t\t\t\t\t\tclass=\"property-desc line-limit-length\">Molino de 4 capas para fumar<\/span>\n\t\t\t\t\t\t<\/li>\n<li class=\"product-prop line-limit-length\"><span\n\t\t\t\t\t\t\t\t\tclass=\"property-title\">Funci\u00f3n:&nbsp;<\/span><span\n\t\t\t\t\t\t\t\t\tclass=\"property-desc line-limit-length\">Triturador de tabaco,Gadget de cocina<\/span>\n\t\t\t\t\t\t<\/li>\n<li class=\"product-prop line-limit-length\"><span\n\t\t\t\t\t\t\t\t\tclass=\"property-title\">Estilo:&nbsp;<\/span><span\n\t\t\t\t\t\t\t\t\tclass=\"property-desc line-limit-length\">Moda<\/span>\n\t\t\t\t\t\t<\/li>\n<\/ul><\/div>\n<div class=\"detailmodule_dynamic\"><kse:widget data-widget-type=\"customText\" id=\"1005000000416838\" type=\"undefined\"><\/kse:widget><\/div>\n<div class=\"detailmodule_html\">\n<div class=\"detail-desc-decorate-richtext\">\n<div class=\"detailmodule_html\">\n<div class=\"detail-desc-decorate-richtext\">\n<div>\n<div>\n<div><\/div>\n<\/div>\n<\/div>\n<\/div>\n<div class=\"detailmodule_dynamic\"><\/div>\n<div class=\"detailmodule_html\">\n<div class=\"detail-desc-decorate-richtext\"><\/div>\n<div><\/div>\n<div>\n<p style=\"font-family:OpenSans;font-size:20px;font-weight:900;line-height:28px;white-space:pre-wrap;color:rgb(0, 0, 0);margin-bottom:12px\">Descripci\u00f3n:<\/p>\n<\/div>\n<div><\/div>\n<div>\n<p style=\"font-family:OpenSans;font-size:14px;font-weight:300;line-height:20px;white-space:pre-wrap;color:rgb(0, 0, 0);margin-bottom:12px\"><span style=\"font-size:16px;font-family:&quot;comic sans ms&quot;, cursive\">Tama\u00f1o: 69*69 mm<br \/>Material: Aleaci\u00f3n de zinc+Aluminio,<br \/>Peso: 199g\/pc<br \/>Hay tantos tipos de molinillo de humo patr\u00f3n para su selecci\u00f3n.<\/p>\n<p>Y la amoladora del molino se aplica para moler el tabaco y la otra especia en polvo. hay tan muchas clases de pipa para qu\u00e9 calidad y barato para su selecci\u00f3n.<\/p>\n<p>Estilo Chip Personajes animados Estilo<\/p>\n<p>Picadora de puros para fumar<br \/>Molinillo de humo de dientes planos<br \/>Envase individual<br \/>Lo que ves es lo que hay.<\/p>\n<p>Despu\u00e9s de la molienda, el tabaco tiene m\u00e1s olor fragante, mejorar la calidad del tabaco, el sabor es m\u00e1s prominente, la quema m\u00e1s suave<\/p>\n<p>La boca del molinillo bien cerrada, moler ser\u00e1 m\u00e1s conveniente y eficiente.<\/p>\n<p>La caja de recepci\u00f3n inferior recibe el polvo de molienda a trav\u00e9s de un tamiz opaco de acero inoxidable.<\/p>\n<p>F\u00e1cil y c\u00f3modo de usar<br \/><\/span><\/p>\n<\/div>\n<\/div>\n<div class=\"detailmodule_dynamic\"><img decoding=\"async\" src=\"https:\/\/ae01.alicdn.com\/kf\/Hcdf7b5f73c2c4459916ad0a2ea95dd9ap.jpg\" slate-data-type=\"image\"\/><img decoding=\"async\" src=\"https:\/\/ae01.alicdn.com\/kf\/H43a0484157004f369c037aa14e64496ch.jpg\" slate-data-type=\"image\"\/><img decoding=\"async\" src=\"https:\/\/ae01.alicdn.com\/kf\/H1a19e908b6524fd1be850eb8ed842b0a1.jpg\" slate-data-type=\"image\"\/><img decoding=\"async\" src=\"https:\/\/ae01.alicdn.com\/kf\/H8849da0b5e044993bcc9283a4a8a09baj.jpg\" slate-data-type=\"image\"\/><img decoding=\"async\" src=\"https:\/\/ae01.alicdn.com\/kf\/H6069283b50d642d68af38cece384aaaeT.jpg\" slate-data-type=\"image\"\/><img decoding=\"async\" src=\"https:\/\/ae01.alicdn.com\/kf\/H713ffb40da17468d8a1f73bd18931c248.jpg\" slate-data-type=\"image\"\/><img decoding=\"async\" src=\"https:\/\/ae01.alicdn.com\/kf\/H2df1dd344fd7498e929a0363502fdf26n.jpg\" slate-data-type=\"image\"\/><img decoding=\"async\" src=\"https:\/\/ae01.alicdn.com\/kf\/H7f5ba539ceea4264a445452ebe14499eb.jpg\" slate-data-type=\"image\"\/><\/div>\n<div class=\"detailmodule_html\">\n<div><\/div>\n<div>\u00a0<\/div>\n<div><\/div>\n<div>\u00a0<\/div>\n<div><\/div>\n<div><img decoding=\"async\" src=\"https:\/\/ae01.alicdn.com\/kf\/H8564a95961f54c26bbdd97aeec76a7d0k.jpg\" slate-data-type=\"image\"\/><\/div>\n<div><\/div>\n<div>\n<p style=\"font-family:OpenSans;font-size:20px;font-weight:900;line-height:28px;white-space:pre-wrap;color:rgb(0, 0, 0);margin-bottom:12px\">Pago y env\u00edo<\/p>\n<\/div>\n<div><\/div>\n<div>\n<p style=\"font-family:OpenSans;font-size:14px;font-weight:300;line-height:20px;white-space:pre-wrap;color:rgb(0, 0, 0);margin-bottom:12px\">Pago<\/p>\n<p>1.Aceptamos pagos por Escrow,Visa,Qiwi,Webmoney<br \/>2.If el env\u00edo con DHL, Fedex, UPS, el costo puede ser negociado de nuevo antes de \u00f3rdenes<br \/>3.El pago y el coste no incluyen aranceles, impuestos locales ni ninguna otra tasa de importaci\u00f3n.<br \/>4.Please lista de sus peticiones especiales (color, paquete, declaraci\u00f3n de valor, adaptador de corriente, etc) en las observaciones al realizar el pago.<\/p>\n<p>Env\u00edo<\/p>\n<p>1.Env\u00edo mundial<br \/>2.Pedidos tramitados tras la verificaci\u00f3n del pago<br \/>3.S\u00f3lo enviamos a la direcci\u00f3n en sus \u00f3rdenes, as\u00ed que por favor revise la informaci\u00f3n de direcci\u00f3n cuidadosamente<br \/>4.S\u00f3lo enviamos a la direcci\u00f3n en sus pedidos, as\u00ed que por favor revise la informaci\u00f3n de direcci\u00f3n cuidadosamente<br \/>5.Service El tiempo de tr\u00e1nsito es proporcionado por el transportista, fines de semana y d\u00edas festivos est\u00e1n excluidos, por lo que el tiempo de env\u00edo puede ser m\u00e1s largo de lo prometido, especialmente durante la temporada de vacaciones, as\u00ed que por favor sea paciente.<br \/>6.Cualquier informaci\u00f3n de seguimiento actualizada le informar\u00e1 a tiempo, tambi\u00e9n puede obtener la informaci\u00f3n de seguimiento desde el sitio web oficial.<\/p>\n<p>Devoluci\u00f3n<br \/>1.Si nos ha devuelto el producto. Por favor, facil\u00edtenos el n\u00famero de seguimiento<br \/>2. Todos los art\u00edculos devueltos deben estar en su embalaje y estado originales.<br \/>3.Si los pedidos no han llegado a tiempo, por favor p\u00f3ngase en contacto con nosotros, vamos a organizar un reenv\u00edo o un reembolso para usted<br \/>4.Si desea un reembolso, p\u00f3ngase en contacto con nuestro servicio de atenci\u00f3n al cliente y no abra una disputa directamente.<\/p>\n<p>Comentarios<\/p>\n<p>1.Feedback es muy importante para nosotros, nos esforzamos por 100% satisfacci\u00f3n, si usted tiene alguna pregunta o problema, por favor p\u00f3ngase en contacto con nosotros primero, vamos a resolver de forma r\u00e1pida y de la mejor manera.<br \/>2.Please nos dejan la regeneraci\u00f3n positiva y nos dan 5 estrellas si le satisfacen con nuestros productos, su recomiendan altamente es nuestro motivan para moverse m\u00e1s lejos, apreciaremos realmente su tiempo si usted dej\u00f3 la regeneraci\u00f3n positiva.<\/p>\n<\/div>\n<div><\/div>\n<div><img decoding=\"async\" src=\"https:\/\/ae01.alicdn.com\/kf\/Hf032d7a1c047499b83cb73256f590f4aC.jpg\" slate-data-type=\"image\"\/><\/div>\n<div><\/div>\n<div><img decoding=\"async\" src=\"https:\/\/ae01.alicdn.com\/kf\/H977254c9846a4b3b89fbb1f54837463ck.jpg\" slate-data-type=\"image\"\/><img decoding=\"async\" src=\"https:\/\/ae01.alicdn.com\/kf\/H073208aba5fb44d4a38b17460e7aa766j.jpg\" slate-data-type=\"image\"\/><\/div>\n<div><\/div>\n<\/div>\n<\/div>\n<p><\/p>\n<\/div>\n<\/div>\n<p><\/p>","protected":false},"excerpt":{"rendered":"<p>Forma: Tipo libre N\u00famero de modelo: FT-03126 Material: Metal Origen: China continental Lugar de orgin: China Tama\u00f1o: 69mm Es personalizado: S\u00ed Material: Zinc Aleaci\u00f3n de aluminio Uso: Grinder hierba o tabaco<\/p>","protected":false},"featured_media":22578,"comment_status":"","ping_status":"closed","template":"","meta":{"iawp_total_views":1,"_joinchat":[]},"product_brand":[],"product_cat":[770],"product_tag":[],"class_list":{"0":"post-22577","1":"product","2":"type-product","3":"status-publish","4":"has-post-thumbnail","6":"product_cat-wholesale-grinder","8":"first","9":"instock","10":"shipping-taxable","11":"purchasable","12":"product-type-variable"},"yoast_head":"<!-- This site is optimized with the Yoast SEO Premium plugin v24.7 (Yoast SEO v26.8) - https:\/\/yoast.com\/product\/yoast-seo-premium-wordpress\/ -->\n<title>69mm Marijuana Flower Grinder Wholesale - Global Hookah<\/title>\n<meta name=\"robots\" content=\"index, follow, max-snippet:-1, max-image-preview:large, max-video-preview:-1\" \/>\n<link rel=\"canonical\" href=\"https:\/\/global-hookah.com\/es\/pt\/produto\/69mm-marijuana-flower-grinder-wholesale\/\" \/>\n<meta property=\"og:locale\" content=\"es_ES\" \/>\n<meta property=\"og:type\" content=\"article\" \/>\n<meta property=\"og:title\" content=\"69mm Marijuana Flower Grinder Wholesale\" \/>\n<meta property=\"og:description\" content=\"Shape:&nbsp;Free Type Model Number:&nbsp;FT-03126 Material:&nbsp;Metal Origin:&nbsp;Mainland China Place of orgin:&nbsp;China Size:&nbsp;69mm Is customized:&nbsp;Yes Material:&nbsp;Zinc Alloy aluminum Usage:&nbsp;Grinder herb or Tobacco\" \/>\n<meta property=\"og:url\" content=\"https:\/\/global-hookah.com\/es\/pt\/produto\/69mm-marijuana-flower-grinder-wholesale\/\" \/>\n<meta property=\"og:site_name\" content=\"Global Hookah\" \/>\n<meta property=\"article:modified_time\" content=\"2024-05-15T07:32:14+00:00\" \/>\n<meta property=\"og:image\" content=\"https:\/\/global-hookah.com\/wp-content\/uploads\/2024\/05\/kf-H57d1c7c337c547fb8e067184c9a31f4do-FUTENG-69mm-Herbal-Herb-Tobacco-Grinder-Smoke-Grinders-Herb-Grinder-Cigarette-Accessories-Aluminum-Grinder-Herb.webp\" \/>\n\t<meta property=\"og:image:width\" content=\"800\" \/>\n\t<meta property=\"og:image:height\" content=\"800\" \/>\n\t<meta property=\"og:image:type\" content=\"image\/webp\" \/>\n<meta name=\"twitter:card\" content=\"summary_large_image\" \/>\n<meta name=\"twitter:label1\" content=\"Tiempo de lectura\" \/>\n\t<meta name=\"twitter:data1\" content=\"2 minutos\" \/>\n<script type=\"application\/ld+json\" class=\"yoast-schema-graph\">{\"@context\":\"https:\/\/schema.org\",\"@graph\":[{\"@type\":\"WebPage\",\"@id\":\"https:\/\/global-hookah.com\/pt\/produto\/69mm-marijuana-flower-grinder-wholesale\/\",\"url\":\"https:\/\/global-hookah.com\/pt\/produto\/69mm-marijuana-flower-grinder-wholesale\/\",\"name\":\"69mm Marijuana Flower Grinder Wholesale - Global Hookah\",\"isPartOf\":{\"@id\":\"https:\/\/global-hookah.com\/#website\"},\"primaryImageOfPage\":{\"@id\":\"https:\/\/global-hookah.com\/pt\/produto\/69mm-marijuana-flower-grinder-wholesale\/#primaryimage\"},\"image\":{\"@id\":\"https:\/\/global-hookah.com\/pt\/produto\/69mm-marijuana-flower-grinder-wholesale\/#primaryimage\"},\"thumbnailUrl\":\"https:\/\/global-hookah.com\/wp-content\/uploads\/2024\/05\/kf-H57d1c7c337c547fb8e067184c9a31f4do-FUTENG-69mm-Herbal-Herb-Tobacco-Grinder-Smoke-Grinders-Herb-Grinder-Cigarette-Accessories-Aluminum-Grinder-Herb.webp\",\"datePublished\":\"2024-05-15T07:32:08+00:00\",\"dateModified\":\"2024-05-15T07:32:14+00:00\",\"breadcrumb\":{\"@id\":\"https:\/\/global-hookah.com\/pt\/produto\/69mm-marijuana-flower-grinder-wholesale\/#breadcrumb\"},\"inLanguage\":\"es\",\"potentialAction\":[{\"@type\":\"ReadAction\",\"target\":[\"https:\/\/global-hookah.com\/pt\/produto\/69mm-marijuana-flower-grinder-wholesale\/\"]}]},{\"@type\":\"ImageObject\",\"inLanguage\":\"es\",\"@id\":\"https:\/\/global-hookah.com\/pt\/produto\/69mm-marijuana-flower-grinder-wholesale\/#primaryimage\",\"url\":\"https:\/\/global-hookah.com\/wp-content\/uploads\/2024\/05\/kf-H57d1c7c337c547fb8e067184c9a31f4do-FUTENG-69mm-Herbal-Herb-Tobacco-Grinder-Smoke-Grinders-Herb-Grinder-Cigarette-Accessories-Aluminum-Grinder-Herb.webp\",\"contentUrl\":\"https:\/\/global-hookah.com\/wp-content\/uploads\/2024\/05\/kf-H57d1c7c337c547fb8e067184c9a31f4do-FUTENG-69mm-Herbal-Herb-Tobacco-Grinder-Smoke-Grinders-Herb-Grinder-Cigarette-Accessories-Aluminum-Grinder-Herb.webp\",\"width\":800,\"height\":800},{\"@type\":\"BreadcrumbList\",\"@id\":\"https:\/\/global-hookah.com\/pt\/produto\/69mm-marijuana-flower-grinder-wholesale\/#breadcrumb\",\"itemListElement\":[{\"@type\":\"ListItem\",\"position\":1,\"name\":\"Home\",\"item\":\"https:\/\/global-hookah.com\/\"},{\"@type\":\"ListItem\",\"position\":2,\"name\":\"Shop\",\"item\":\"https:\/\/global-hookah.com\/shop\/\"},{\"@type\":\"ListItem\",\"position\":3,\"name\":\"69mm Marijuana Flower Grinder Wholesale\"}]},{\"@type\":\"WebSite\",\"@id\":\"https:\/\/global-hookah.com\/#website\",\"url\":\"https:\/\/global-hookah.com\/\",\"name\":\"Global Hookah\",\"description\":\"Global Hookah\",\"publisher\":{\"@id\":\"https:\/\/global-hookah.com\/#organization\"},\"potentialAction\":[{\"@type\":\"SearchAction\",\"target\":{\"@type\":\"EntryPoint\",\"urlTemplate\":\"https:\/\/global-hookah.com\/?s={search_term_string}\"},\"query-input\":{\"@type\":\"PropertyValueSpecification\",\"valueRequired\":true,\"valueName\":\"search_term_string\"}}],\"inLanguage\":\"es\"},{\"@type\":\"Organization\",\"@id\":\"https:\/\/global-hookah.com\/#organization\",\"name\":\"Global Hookah\",\"url\":\"https:\/\/global-hookah.com\/\",\"logo\":{\"@type\":\"ImageObject\",\"inLanguage\":\"es\",\"@id\":\"https:\/\/global-hookah.com\/#\/schema\/logo\/image\/\",\"url\":\"https:\/\/global-hookah.com\/wp-content\/uploads\/2021\/10\/cropped-fgg.png\",\"contentUrl\":\"https:\/\/global-hookah.com\/wp-content\/uploads\/2021\/10\/cropped-fgg.png\",\"width\":512,\"height\":512,\"caption\":\"Global Hookah\"},\"image\":{\"@id\":\"https:\/\/global-hookah.com\/#\/schema\/logo\/image\/\"}}]}<\/script>\n<!-- \/ Yoast SEO Premium plugin. -->","yoast_head_json":{"title":"Grinder de flores de marihuana de 69mm al por mayor - Global Hookah","robots":{"index":"index","follow":"follow","max-snippet":"max-snippet:-1","max-image-preview":"max-image-preview:large","max-video-preview":"max-video-preview:-1"},"canonical":"https:\/\/global-hookah.com\/es\/pt\/produto\/69mm-marijuana-flower-grinder-wholesale\/","og_locale":"es_ES","og_type":"article","og_title":"69mm Marijuana Flower Grinder Wholesale","og_description":"Shape:&nbsp;Free Type Model Number:&nbsp;FT-03126 Material:&nbsp;Metal Origin:&nbsp;Mainland China Place of orgin:&nbsp;China Size:&nbsp;69mm Is customized:&nbsp;Yes Material:&nbsp;Zinc Alloy aluminum Usage:&nbsp;Grinder herb or Tobacco","og_url":"https:\/\/global-hookah.com\/es\/pt\/produto\/69mm-marijuana-flower-grinder-wholesale\/","og_site_name":"Global Hookah","article_modified_time":"2024-05-15T07:32:14+00:00","og_image":[{"width":800,"height":800,"url":"https:\/\/global-hookah.com\/wp-content\/uploads\/2024\/05\/kf-H57d1c7c337c547fb8e067184c9a31f4do-FUTENG-69mm-Herbal-Herb-Tobacco-Grinder-Smoke-Grinders-Herb-Grinder-Cigarette-Accessories-Aluminum-Grinder-Herb.webp","type":"image\/webp"}],"twitter_card":"summary_large_image","twitter_misc":{"Tiempo de lectura":"2 minutos"},"schema":{"@context":"https:\/\/schema.org","@graph":[{"@type":"WebPage","@id":"https:\/\/global-hookah.com\/pt\/produto\/69mm-marijuana-flower-grinder-wholesale\/","url":"https:\/\/global-hookah.com\/pt\/produto\/69mm-marijuana-flower-grinder-wholesale\/","name":"Grinder de flores de marihuana de 69mm al por mayor - Global Hookah","isPartOf":{"@id":"https:\/\/global-hookah.com\/#website"},"primaryImageOfPage":{"@id":"https:\/\/global-hookah.com\/pt\/produto\/69mm-marijuana-flower-grinder-wholesale\/#primaryimage"},"image":{"@id":"https:\/\/global-hookah.com\/pt\/produto\/69mm-marijuana-flower-grinder-wholesale\/#primaryimage"},"thumbnailUrl":"https:\/\/global-hookah.com\/wp-content\/uploads\/2024\/05\/kf-H57d1c7c337c547fb8e067184c9a31f4do-FUTENG-69mm-Herbal-Herb-Tobacco-Grinder-Smoke-Grinders-Herb-Grinder-Cigarette-Accessories-Aluminum-Grinder-Herb.webp","datePublished":"2024-05-15T07:32:08+00:00","dateModified":"2024-05-15T07:32:14+00:00","breadcrumb":{"@id":"https:\/\/global-hookah.com\/pt\/produto\/69mm-marijuana-flower-grinder-wholesale\/#breadcrumb"},"inLanguage":"es","potentialAction":[{"@type":"ReadAction","target":["https:\/\/global-hookah.com\/pt\/produto\/69mm-marijuana-flower-grinder-wholesale\/"]}]},{"@type":"ImageObject","inLanguage":"es","@id":"https:\/\/global-hookah.com\/pt\/produto\/69mm-marijuana-flower-grinder-wholesale\/#primaryimage","url":"https:\/\/global-hookah.com\/wp-content\/uploads\/2024\/05\/kf-H57d1c7c337c547fb8e067184c9a31f4do-FUTENG-69mm-Herbal-Herb-Tobacco-Grinder-Smoke-Grinders-Herb-Grinder-Cigarette-Accessories-Aluminum-Grinder-Herb.webp","contentUrl":"https:\/\/global-hookah.com\/wp-content\/uploads\/2024\/05\/kf-H57d1c7c337c547fb8e067184c9a31f4do-FUTENG-69mm-Herbal-Herb-Tobacco-Grinder-Smoke-Grinders-Herb-Grinder-Cigarette-Accessories-Aluminum-Grinder-Herb.webp","width":800,"height":800},{"@type":"BreadcrumbList","@id":"https:\/\/global-hookah.com\/pt\/produto\/69mm-marijuana-flower-grinder-wholesale\/#breadcrumb","itemListElement":[{"@type":"ListItem","position":1,"name":"Home","item":"https:\/\/global-hookah.com\/"},{"@type":"ListItem","position":2,"name":"Shop","item":"https:\/\/global-hookah.com\/shop\/"},{"@type":"ListItem","position":3,"name":"69mm Marijuana Flower Grinder Wholesale"}]},{"@type":"WebSite","@id":"https:\/\/global-hookah.com\/#website","url":"https:\/\/global-hookah.com\/","name":"Global Hookah","description":"Global Hookah","publisher":{"@id":"https:\/\/global-hookah.com\/#organization"},"potentialAction":[{"@type":"SearchAction","target":{"@type":"EntryPoint","urlTemplate":"https:\/\/global-hookah.com\/?s={search_term_string}"},"query-input":{"@type":"PropertyValueSpecification","valueRequired":true,"valueName":"search_term_string"}}],"inLanguage":"es"},{"@type":"Organization","@id":"https:\/\/global-hookah.com\/#organization","name":"Global Hookah","url":"https:\/\/global-hookah.com\/","logo":{"@type":"ImageObject","inLanguage":"es","@id":"https:\/\/global-hookah.com\/#\/schema\/logo\/image\/","url":"https:\/\/global-hookah.com\/wp-content\/uploads\/2021\/10\/cropped-fgg.png","contentUrl":"https:\/\/global-hookah.com\/wp-content\/uploads\/2021\/10\/cropped-fgg.png","width":512,"height":512,"caption":"Global Hookah"},"image":{"@id":"https:\/\/global-hookah.com\/#\/schema\/logo\/image\/"}}]}},"_links":{"self":[{"href":"https:\/\/global-hookah.com\/es\/wp-json\/wp\/v2\/product\/22577","targetHints":{"allow":["GET"]}}],"collection":[{"href":"https:\/\/global-hookah.com\/es\/wp-json\/wp\/v2\/product"}],"about":[{"href":"https:\/\/global-hookah.com\/es\/wp-json\/wp\/v2\/types\/product"}],"replies":[{"embeddable":true,"href":"https:\/\/global-hookah.com\/es\/wp-json\/wp\/v2\/comments?post=22577"}],"version-history":[{"count":0,"href":"https:\/\/global-hookah.com\/es\/wp-json\/wp\/v2\/product\/22577\/revisions"}],"wp:featuredmedia":[{"embeddable":true,"href":"https:\/\/global-hookah.com\/es\/wp-json\/wp\/v2\/media\/22578"}],"wp:attachment":[{"href":"https:\/\/global-hookah.com\/es\/wp-json\/wp\/v2\/media?parent=22577"}],"wp:term":[{"taxonomy":"product_brand","embeddable":true,"href":"https:\/\/global-hookah.com\/es\/wp-json\/wp\/v2\/product_brand?post=22577"},{"taxonomy":"product_cat","embeddable":true,"href":"https:\/\/global-hookah.com\/es\/wp-json\/wp\/v2\/product_cat?post=22577"},{"taxonomy":"product_tag","embeddable":true,"href":"https:\/\/global-hookah.com\/es\/wp-json\/wp\/v2\/product_tag?post=22577"}],"curies":[{"name":"wp","href":"https:\/\/api.w.org\/{rel}","templated":true}]}}