{"id":22595,"date":"2024-05-15T07:38:01","date_gmt":"2024-05-15T07:38:01","guid":{"rendered":"https:\/\/global-hookah.com\/product\/cheap-50mm-metal-smoke-grinder-wholesale\/"},"modified":"2024-05-15T07:38:08","modified_gmt":"2024-05-15T07:38:08","slug":"cheap-50mm-metal-smoke-grinder-wholesale","status":"publish","type":"product","link":"https:\/\/global-hookah.com\/es\/producto\/cheap-50mm-metal-smoke-grinder-wholesale\/","title":{"rendered":"Molinillo de humo de metal 50MM barato al por mayor"},"content":{"rendered":"<div class=\"product-specs-list-container\">\n<ul class=\"product-specs-list util-clearfix\">\n<li class=\"product-prop line-limit-length\"><span\n\t\t\t\t\t\t\t\t\tclass=\"property-title\">N\u00famero de modelo:&nbsp;<\/span><span\n\t\t\t\t\t\t\t\t\tclass=\"property-desc line-limit-length\">FCTYS50<\/span>\n\t\t\t\t\t\t<\/li>\n<li class=\"product-prop line-limit-length\"><span\n\t\t\t\t\t\t\t\t\tclass=\"property-title\">T\u00e9cnica:&nbsp;<\/span><span\n\t\t\t\t\t\t\t\t\tclass=\"property-desc line-limit-length\">FRUSADO<\/span>\n\t\t\t\t\t\t<\/li>\n<li class=\"product-prop line-limit-length\"><span\n\t\t\t\t\t\t\t\t\tclass=\"property-title\">Material:&nbsp;<\/span><span\n\t\t\t\t\t\t\t\t\tclass=\"property-desc line-limit-length\">Metal<\/span>\n\t\t\t\t\t\t<\/li>\n<li class=\"product-prop line-limit-length\"><span\n\t\t\t\t\t\t\t\t\tclass=\"property-title\">Origen:&nbsp;<\/span><span\n\t\t\t\t\t\t\t\t\tclass=\"property-desc line-limit-length\">China continental<\/span>\n\t\t\t\t\t\t<\/li>\n<\/ul><\/div>\n<p class=\"MsoNormal\"><span style=\"font-size:18px\">Acerca de este art\u00edculo<\/span><\/p>\n<ul>\n<li>\n<p class=\"MsoNormal\"><span style=\"font-size:18px\">Tama\u00f1o - 2 Pulgadas y 4 Capas con tapa magn\u00e9tica<\/span><\/p>\n<\/li>\n<li>\n<p class=\"MsoNormal\"><span style=\"font-size:18px\">Dise\u00f1o - Dise\u00f1o \u00fanico que te hace destacar<\/span><\/p>\n<\/li>\n<li>\n<p class=\"MsoNormal\"><span style=\"font-size:18px\">Eficaz- Dientes afilados en forma de diamante por<br \/>CNC para triturar especias r\u00e1pidamente, la resistente tapa magn\u00e9tica evita derrames<\/span><\/p>\n<\/li>\n<li>\n<p class=\"MsoNormal\"><span style=\"font-size:18px\">F\u00e1cil de usar - Se aplasta con un solo giro<\/span><\/p>\n<\/li>\n<\/ul>\n<p class=\"MsoNormal\"><span style=\"font-size:18px\">Tama\u00f1o: Di\u00e1metro 50MM \/ 2 Pulgadas<\/span><\/p>\n<p class=\"MsoNormal\"><span style=\"font-size:18px\">Material: Aleaci\u00f3n de Zinc \/ Aluminio (rosa)<\/span><\/p>\n<p class=\"MsoNormal\"><span style=\"font-size:18px\">Patr\u00f3n: Multi<\/span><\/p>\n<p class=\"MsoNormal\"><span style=\"font-size:18px\">Bandeja rodante <\/span><span style=\"background-color:rgb(255, 255, 255);color:rgb(51, 51, 51);font-size:20px;font-family:-apple-system, Arial, Helvetica, sans-serif\">hojalata Material<\/span><\/p>\n<p><\/p>\n<p class=\"MsoNormal\"><span style=\"font-size:18px\"><\/span><img decoding=\"async\" src=\"https:\/\/ae01.alicdn.com\/kf\/S7493f1570e954f5992331995d7eccaadi.jpg\" slate-data-type=\"image\"\/><span style=\"font-size:18px\"><\/span><img decoding=\"async\" src=\"https:\/\/ae01.alicdn.com\/kf\/S3a3a8795c3774530acf299c33d530da0K.jpg\" slate-data-type=\"image\"\/><span style=\"font-size:18px\"><\/span><img decoding=\"async\" src=\"https:\/\/ae01.alicdn.com\/kf\/S0d25fccbf1704fed98cb2c2ab895f49cX.jpg\" slate-data-type=\"image\"\/><span style=\"font-size:18px\"><\/span><img decoding=\"async\" src=\"https:\/\/ae01.alicdn.com\/kf\/S15011e83a32040f8b6cb283d5b6244231.jpg\" slate-data-type=\"image\"\/><span style=\"font-size:18px\"><\/span><img decoding=\"async\" src=\"https:\/\/ae01.alicdn.com\/kf\/Sdd7939b656c94afb88aa90677923db25S.jpg\" slate-data-type=\"image\"\/><span style=\"font-size:18px\"><\/span><img decoding=\"async\" src=\"https:\/\/ae01.alicdn.com\/kf\/Sc8987610f92a4548a21afba95c2563faC.jpg\" slate-data-type=\"image\"\/><span style=\"font-size:18px\"><\/span><img decoding=\"async\" src=\"https:\/\/ae01.alicdn.com\/kf\/S9a6d1459ccb34880b955e2c85b97a3f8O.jpg\" slate-data-type=\"image\"\/><span style=\"font-size:18px\"><\/span><\/p>\n<p><\/p>\n<p><img decoding=\"async\" src=\"https:\/\/ae01.alicdn.com\/kf\/S35382238fe6e4d36860121870aadd941I.jpg\" slate-data-type=\"image\"\/><\/p>\n<p><img decoding=\"async\" src=\"https:\/\/ae01.alicdn.com\/kf\/S133b1bb334504fc7aca9c1ecc503d77bX.jpg\" slate-data-type=\"image\"\/><img decoding=\"async\" src=\"https:\/\/ae01.alicdn.com\/kf\/Se86a0420c6d94069bb0d056380143c4bN.jpg\" slate-data-type=\"image\"\/><\/p>\n<p><\/p>\n<p><img decoding=\"async\" src=\"https:\/\/ae01.alicdn.com\/kf\/S469ffc3ca47d4c198cdfdc7609e7cdd3M.jpg\" slate-data-type=\"image\"\/><\/p>\n<p><img decoding=\"async\" src=\"https:\/\/ae01.alicdn.com\/kf\/Sc67caae582f747d8834f2f4f134f501cA.jpg\" slate-data-type=\"image\"\/><img decoding=\"async\" src=\"https:\/\/ae01.alicdn.com\/kf\/S1ea9f239d36f42a6933ed775c8f67404G.jpg\" slate-data-type=\"image\"\/><img decoding=\"async\" src=\"https:\/\/ae01.alicdn.com\/kf\/S090aba0e837d4207859ee5a6887100788.jpg\" slate-data-type=\"image\"\/><img decoding=\"async\" src=\"https:\/\/ae01.alicdn.com\/kf\/S8559c4e719af4f678b70f7e0a9c5c2aex.jpg\" slate-data-type=\"image\"\/><img decoding=\"async\" src=\"https:\/\/ae01.alicdn.com\/kf\/S4b730a1c63114203a3560a30759a5f3e6.jpg\" slate-data-type=\"image\"\/><img decoding=\"async\" src=\"https:\/\/ae01.alicdn.com\/kf\/Sa83378ee2bfb45f7ac0d6b181e623b7b0.jpg\" slate-data-type=\"image\"\/><img decoding=\"async\" src=\"https:\/\/ae01.alicdn.com\/kf\/S208a481c591a4484a6947f6359a16b98L.jpg\" slate-data-type=\"image\"\/><\/p>","protected":false},"excerpt":{"rendered":"<p>N\u00famero de modelo: FCTYS50 T\u00e9cnicas: FROSTED Material: Metal Origen: China continental Acerca de este art\u00edculo Tama\u00f1o - 2 pulgadas y 4 capas con tapa magn\u00e9tica Dise\u00f1o<\/p>","protected":false},"featured_media":22596,"comment_status":"","ping_status":"closed","template":"","meta":{"iawp_total_views":0,"_joinchat":[]},"product_brand":[],"product_cat":[770],"product_tag":[],"class_list":{"0":"post-22595","1":"product","2":"type-product","3":"status-publish","4":"has-post-thumbnail","6":"product_cat-wholesale-grinder","8":"first","9":"instock","10":"shipping-taxable","11":"purchasable","12":"product-type-variable"},"yoast_head":"<!-- This site is optimized with the Yoast SEO Premium plugin v24.7 (Yoast SEO v26.8) - https:\/\/yoast.com\/product\/yoast-seo-premium-wordpress\/ -->\n<title>Cheap 50MM Metal Smoke Grinder Wholesale - Global Hookah<\/title>\n<meta name=\"robots\" content=\"index, follow, max-snippet:-1, max-image-preview:large, max-video-preview:-1\" \/>\n<link rel=\"canonical\" href=\"https:\/\/global-hookah.com\/es\/it\/prodotto\/cheap-50mm-metal-smoke-grinder-wholesale\/\" \/>\n<meta property=\"og:locale\" content=\"es_ES\" \/>\n<meta property=\"og:type\" content=\"article\" \/>\n<meta property=\"og:title\" content=\"Cheap 50MM Metal Smoke Grinder Wholesale\" \/>\n<meta property=\"og:description\" content=\"Model Number:&nbsp;FCTYS50 Technics:&nbsp;FROSTED Material:&nbsp;Metal Origin:&nbsp;Mainland China About this item Size &#8211; 2 Inches and 4 Layers with magnetic lid Design\" \/>\n<meta property=\"og:url\" content=\"https:\/\/global-hookah.com\/es\/it\/prodotto\/cheap-50mm-metal-smoke-grinder-wholesale\/\" \/>\n<meta property=\"og:site_name\" content=\"Global Hookah\" \/>\n<meta property=\"article:modified_time\" content=\"2024-05-15T07:38:08+00:00\" \/>\n<meta property=\"og:image\" content=\"https:\/\/global-hookah.com\/wp-content\/uploads\/2024\/05\/kf-S7493f1570e954f5992331995d7eccaadi-50MM-Metal-Smoke-Grinder-With-18X12-5CM-Metal-Rolling-Tray-Herb-Grinder-4-Layer-Tobacco-Grinder.webp\" \/>\n\t<meta property=\"og:image:width\" content=\"1000\" \/>\n\t<meta property=\"og:image:height\" content=\"1000\" \/>\n\t<meta property=\"og:image:type\" content=\"image\/webp\" \/>\n<meta name=\"twitter:card\" content=\"summary_large_image\" \/>\n<script type=\"application\/ld+json\" class=\"yoast-schema-graph\">{\"@context\":\"https:\/\/schema.org\",\"@graph\":[{\"@type\":\"WebPage\",\"@id\":\"https:\/\/global-hookah.com\/it\/prodotto\/cheap-50mm-metal-smoke-grinder-wholesale\/\",\"url\":\"https:\/\/global-hookah.com\/it\/prodotto\/cheap-50mm-metal-smoke-grinder-wholesale\/\",\"name\":\"Cheap 50MM Metal Smoke Grinder Wholesale - Global Hookah\",\"isPartOf\":{\"@id\":\"https:\/\/global-hookah.com\/#website\"},\"primaryImageOfPage\":{\"@id\":\"https:\/\/global-hookah.com\/it\/prodotto\/cheap-50mm-metal-smoke-grinder-wholesale\/#primaryimage\"},\"image\":{\"@id\":\"https:\/\/global-hookah.com\/it\/prodotto\/cheap-50mm-metal-smoke-grinder-wholesale\/#primaryimage\"},\"thumbnailUrl\":\"https:\/\/global-hookah.com\/wp-content\/uploads\/2024\/05\/kf-S7493f1570e954f5992331995d7eccaadi-50MM-Metal-Smoke-Grinder-With-18X12-5CM-Metal-Rolling-Tray-Herb-Grinder-4-Layer-Tobacco-Grinder.webp\",\"datePublished\":\"2024-05-15T07:38:01+00:00\",\"dateModified\":\"2024-05-15T07:38:08+00:00\",\"breadcrumb\":{\"@id\":\"https:\/\/global-hookah.com\/it\/prodotto\/cheap-50mm-metal-smoke-grinder-wholesale\/#breadcrumb\"},\"inLanguage\":\"es\",\"potentialAction\":[{\"@type\":\"ReadAction\",\"target\":[\"https:\/\/global-hookah.com\/it\/prodotto\/cheap-50mm-metal-smoke-grinder-wholesale\/\"]}]},{\"@type\":\"ImageObject\",\"inLanguage\":\"es\",\"@id\":\"https:\/\/global-hookah.com\/it\/prodotto\/cheap-50mm-metal-smoke-grinder-wholesale\/#primaryimage\",\"url\":\"https:\/\/global-hookah.com\/wp-content\/uploads\/2024\/05\/kf-S7493f1570e954f5992331995d7eccaadi-50MM-Metal-Smoke-Grinder-With-18X12-5CM-Metal-Rolling-Tray-Herb-Grinder-4-Layer-Tobacco-Grinder.webp\",\"contentUrl\":\"https:\/\/global-hookah.com\/wp-content\/uploads\/2024\/05\/kf-S7493f1570e954f5992331995d7eccaadi-50MM-Metal-Smoke-Grinder-With-18X12-5CM-Metal-Rolling-Tray-Herb-Grinder-4-Layer-Tobacco-Grinder.webp\",\"width\":1000,\"height\":1000},{\"@type\":\"BreadcrumbList\",\"@id\":\"https:\/\/global-hookah.com\/it\/prodotto\/cheap-50mm-metal-smoke-grinder-wholesale\/#breadcrumb\",\"itemListElement\":[{\"@type\":\"ListItem\",\"position\":1,\"name\":\"Home\",\"item\":\"https:\/\/global-hookah.com\/\"},{\"@type\":\"ListItem\",\"position\":2,\"name\":\"Shop\",\"item\":\"https:\/\/global-hookah.com\/shop\/\"},{\"@type\":\"ListItem\",\"position\":3,\"name\":\"Cheap 50MM Metal Smoke Grinder Wholesale\"}]},{\"@type\":\"WebSite\",\"@id\":\"https:\/\/global-hookah.com\/#website\",\"url\":\"https:\/\/global-hookah.com\/\",\"name\":\"Global Hookah\",\"description\":\"Global Hookah\",\"publisher\":{\"@id\":\"https:\/\/global-hookah.com\/#organization\"},\"potentialAction\":[{\"@type\":\"SearchAction\",\"target\":{\"@type\":\"EntryPoint\",\"urlTemplate\":\"https:\/\/global-hookah.com\/?s={search_term_string}\"},\"query-input\":{\"@type\":\"PropertyValueSpecification\",\"valueRequired\":true,\"valueName\":\"search_term_string\"}}],\"inLanguage\":\"es\"},{\"@type\":\"Organization\",\"@id\":\"https:\/\/global-hookah.com\/#organization\",\"name\":\"Global Hookah\",\"url\":\"https:\/\/global-hookah.com\/\",\"logo\":{\"@type\":\"ImageObject\",\"inLanguage\":\"es\",\"@id\":\"https:\/\/global-hookah.com\/#\/schema\/logo\/image\/\",\"url\":\"https:\/\/global-hookah.com\/wp-content\/uploads\/2021\/10\/cropped-fgg.png\",\"contentUrl\":\"https:\/\/global-hookah.com\/wp-content\/uploads\/2021\/10\/cropped-fgg.png\",\"width\":512,\"height\":512,\"caption\":\"Global Hookah\"},\"image\":{\"@id\":\"https:\/\/global-hookah.com\/#\/schema\/logo\/image\/\"}}]}<\/script>\n<!-- \/ Yoast SEO Premium plugin. -->","yoast_head_json":{"title":"Barato 50MM Metal Smoke Grinder Venta al por mayor - Global Hookah","robots":{"index":"index","follow":"follow","max-snippet":"max-snippet:-1","max-image-preview":"max-image-preview:large","max-video-preview":"max-video-preview:-1"},"canonical":"https:\/\/global-hookah.com\/es\/it\/prodotto\/cheap-50mm-metal-smoke-grinder-wholesale\/","og_locale":"es_ES","og_type":"article","og_title":"Cheap 50MM Metal Smoke Grinder Wholesale","og_description":"Model Number:&nbsp;FCTYS50 Technics:&nbsp;FROSTED Material:&nbsp;Metal Origin:&nbsp;Mainland China About this item Size &#8211; 2 Inches and 4 Layers with magnetic lid Design","og_url":"https:\/\/global-hookah.com\/es\/it\/prodotto\/cheap-50mm-metal-smoke-grinder-wholesale\/","og_site_name":"Global Hookah","article_modified_time":"2024-05-15T07:38:08+00:00","og_image":[{"width":1000,"height":1000,"url":"https:\/\/global-hookah.com\/wp-content\/uploads\/2024\/05\/kf-S7493f1570e954f5992331995d7eccaadi-50MM-Metal-Smoke-Grinder-With-18X12-5CM-Metal-Rolling-Tray-Herb-Grinder-4-Layer-Tobacco-Grinder.webp","type":"image\/webp"}],"twitter_card":"summary_large_image","schema":{"@context":"https:\/\/schema.org","@graph":[{"@type":"WebPage","@id":"https:\/\/global-hookah.com\/it\/prodotto\/cheap-50mm-metal-smoke-grinder-wholesale\/","url":"https:\/\/global-hookah.com\/it\/prodotto\/cheap-50mm-metal-smoke-grinder-wholesale\/","name":"Barato 50MM Metal Smoke Grinder Venta al por mayor - Global Hookah","isPartOf":{"@id":"https:\/\/global-hookah.com\/#website"},"primaryImageOfPage":{"@id":"https:\/\/global-hookah.com\/it\/prodotto\/cheap-50mm-metal-smoke-grinder-wholesale\/#primaryimage"},"image":{"@id":"https:\/\/global-hookah.com\/it\/prodotto\/cheap-50mm-metal-smoke-grinder-wholesale\/#primaryimage"},"thumbnailUrl":"https:\/\/global-hookah.com\/wp-content\/uploads\/2024\/05\/kf-S7493f1570e954f5992331995d7eccaadi-50MM-Metal-Smoke-Grinder-With-18X12-5CM-Metal-Rolling-Tray-Herb-Grinder-4-Layer-Tobacco-Grinder.webp","datePublished":"2024-05-15T07:38:01+00:00","dateModified":"2024-05-15T07:38:08+00:00","breadcrumb":{"@id":"https:\/\/global-hookah.com\/it\/prodotto\/cheap-50mm-metal-smoke-grinder-wholesale\/#breadcrumb"},"inLanguage":"es","potentialAction":[{"@type":"ReadAction","target":["https:\/\/global-hookah.com\/it\/prodotto\/cheap-50mm-metal-smoke-grinder-wholesale\/"]}]},{"@type":"ImageObject","inLanguage":"es","@id":"https:\/\/global-hookah.com\/it\/prodotto\/cheap-50mm-metal-smoke-grinder-wholesale\/#primaryimage","url":"https:\/\/global-hookah.com\/wp-content\/uploads\/2024\/05\/kf-S7493f1570e954f5992331995d7eccaadi-50MM-Metal-Smoke-Grinder-With-18X12-5CM-Metal-Rolling-Tray-Herb-Grinder-4-Layer-Tobacco-Grinder.webp","contentUrl":"https:\/\/global-hookah.com\/wp-content\/uploads\/2024\/05\/kf-S7493f1570e954f5992331995d7eccaadi-50MM-Metal-Smoke-Grinder-With-18X12-5CM-Metal-Rolling-Tray-Herb-Grinder-4-Layer-Tobacco-Grinder.webp","width":1000,"height":1000},{"@type":"BreadcrumbList","@id":"https:\/\/global-hookah.com\/it\/prodotto\/cheap-50mm-metal-smoke-grinder-wholesale\/#breadcrumb","itemListElement":[{"@type":"ListItem","position":1,"name":"Home","item":"https:\/\/global-hookah.com\/"},{"@type":"ListItem","position":2,"name":"Shop","item":"https:\/\/global-hookah.com\/shop\/"},{"@type":"ListItem","position":3,"name":"Cheap 50MM Metal Smoke Grinder Wholesale"}]},{"@type":"WebSite","@id":"https:\/\/global-hookah.com\/#website","url":"https:\/\/global-hookah.com\/","name":"Global Hookah","description":"Global Hookah","publisher":{"@id":"https:\/\/global-hookah.com\/#organization"},"potentialAction":[{"@type":"SearchAction","target":{"@type":"EntryPoint","urlTemplate":"https:\/\/global-hookah.com\/?s={search_term_string}"},"query-input":{"@type":"PropertyValueSpecification","valueRequired":true,"valueName":"search_term_string"}}],"inLanguage":"es"},{"@type":"Organization","@id":"https:\/\/global-hookah.com\/#organization","name":"Global Hookah","url":"https:\/\/global-hookah.com\/","logo":{"@type":"ImageObject","inLanguage":"es","@id":"https:\/\/global-hookah.com\/#\/schema\/logo\/image\/","url":"https:\/\/global-hookah.com\/wp-content\/uploads\/2021\/10\/cropped-fgg.png","contentUrl":"https:\/\/global-hookah.com\/wp-content\/uploads\/2021\/10\/cropped-fgg.png","width":512,"height":512,"caption":"Global Hookah"},"image":{"@id":"https:\/\/global-hookah.com\/#\/schema\/logo\/image\/"}}]}},"_links":{"self":[{"href":"https:\/\/global-hookah.com\/es\/wp-json\/wp\/v2\/product\/22595","targetHints":{"allow":["GET"]}}],"collection":[{"href":"https:\/\/global-hookah.com\/es\/wp-json\/wp\/v2\/product"}],"about":[{"href":"https:\/\/global-hookah.com\/es\/wp-json\/wp\/v2\/types\/product"}],"replies":[{"embeddable":true,"href":"https:\/\/global-hookah.com\/es\/wp-json\/wp\/v2\/comments?post=22595"}],"version-history":[{"count":0,"href":"https:\/\/global-hookah.com\/es\/wp-json\/wp\/v2\/product\/22595\/revisions"}],"wp:featuredmedia":[{"embeddable":true,"href":"https:\/\/global-hookah.com\/es\/wp-json\/wp\/v2\/media\/22596"}],"wp:attachment":[{"href":"https:\/\/global-hookah.com\/es\/wp-json\/wp\/v2\/media?parent=22595"}],"wp:term":[{"taxonomy":"product_brand","embeddable":true,"href":"https:\/\/global-hookah.com\/es\/wp-json\/wp\/v2\/product_brand?post=22595"},{"taxonomy":"product_cat","embeddable":true,"href":"https:\/\/global-hookah.com\/es\/wp-json\/wp\/v2\/product_cat?post=22595"},{"taxonomy":"product_tag","embeddable":true,"href":"https:\/\/global-hookah.com\/es\/wp-json\/wp\/v2\/product_tag?post=22595"}],"curies":[{"name":"wp","href":"https:\/\/api.w.org\/{rel}","templated":true}]}}