{"id":22604,"date":"2024-05-15T07:39:18","date_gmt":"2024-05-15T07:39:18","guid":{"rendered":"https:\/\/global-hookah.com\/product\/hand-crank-weed-grinder-with-kief-collector-wholesale\/"},"modified":"2024-05-15T07:39:30","modified_gmt":"2024-05-15T07:39:30","slug":"hand-crank-weed-grinder-with-kief-collector-wholesale","status":"publish","type":"product","link":"https:\/\/global-hookah.com\/es\/producto\/hand-crank-weed-grinder-with-kief-collector-wholesale\/","title":{"rendered":"Molinillo De Hierba Con Manivela Y Recolector De Kief Al Por Mayor"},"content":{"rendered":"<div class=\"product-specs-list-container\">\n<ul class=\"product-specs-list util-clearfix\">\n<li class=\"product-prop line-limit-length\"><span\n\t\t\t\t\t\t\t\t\tclass=\"property-title\">N\u00famero de modelo:&nbsp;<\/span><span\n\t\t\t\t\t\t\t\t\tclass=\"property-desc line-limit-length\">L103<\/span>\n\t\t\t\t\t\t<\/li>\n<li class=\"product-prop line-limit-length\"><span\n\t\t\t\t\t\t\t\t\tclass=\"property-title\">Material:&nbsp;<\/span><span\n\t\t\t\t\t\t\t\t\tclass=\"property-desc line-limit-length\">Metal<\/span>\n\t\t\t\t\t\t<\/li>\n<li class=\"product-prop line-limit-length\"><span\n\t\t\t\t\t\t\t\t\tclass=\"property-title\">Origen:&nbsp;<\/span><span\n\t\t\t\t\t\t\t\t\tclass=\"property-desc line-limit-length\">China continental<\/span>\n\t\t\t\t\t\t<\/li>\n<\/ul><\/div>\n<div class=\"detailmodule_html\">\n<div class=\"detail-desc-decorate-richtext\">\n<div>\n<div>\n<div>\n<div>\n<p style=\"font-family:&quot;Open Sans&quot;, sans-serif;font-size:14px;font-weight:400;letter-spacing:normal;line-height:inherit;text-align:start;white-space:normal;color:rgb(0, 0, 0);background-color:rgb(255, 255, 255);margin:0px;margin-bottom:0px;margin-top:0px;margin-left:0px;margin-right:0px;padding:0px;padding-bottom:0px;padding-top:0px;padding-left:0px;padding-right:0px;box-sizing:border-box\" align=\"start\"><span style=\"background-color:rgb(255, 255, 255)\"><strong>- Rectificadoras de 4 capas :<\/strong><\/span><span style=\"background-color:rgb(255, 255, 255)\">El dise\u00f1o de 4 capas de este molinillo garantiza que sus hierbas y especias se muelan a la perfecci\u00f3n, proporcion\u00e1ndole una textura uniforme y consistente.<\/span><\/p>\n<p><\/p>\n<p style=\"font-family:&quot;Open Sans&quot;, sans-serif;font-size:14px;font-weight:400;letter-spacing:normal;line-height:inherit;text-align:start;white-space:normal;color:rgb(0, 0, 0);background-color:rgb(255, 255, 255);margin:0px;margin-bottom:0px;margin-top:0px;margin-left:0px;margin-right:0px;padding:0px;padding-bottom:0px;padding-top:0px;padding-left:0px;padding-right:0px;box-sizing:border-box\" align=\"start\"><span style=\"background-color:rgb(255, 255, 255)\"><strong>- Metal Material :<\/strong><\/span><span style=\"background-color:rgb(255, 255, 255)\">Fabricada en metal de alta calidad, esta picadora es resistente y duradera, lo que la convierte en una gran inversi\u00f3n para cualquier cocina.<\/span><\/p>\n<p><\/p>\n<p style=\"font-family:&quot;Open Sans&quot;, sans-serif;font-size:14px;font-weight:400;letter-spacing:normal;line-height:inherit;text-align:start;white-space:normal;color:rgb(0, 0, 0);background-color:rgb(255, 255, 255);margin:0px;margin-bottom:0px;margin-top:0px;margin-left:0px;margin-right:0px;padding:0px;padding-bottom:0px;padding-top:0px;padding-left:0px;padding-right:0px;box-sizing:border-box\" align=\"start\"><span style=\"background-color:rgb(255, 255, 255)\"><strong>- Funcionamiento manual :<\/strong><\/span><span style=\"background-color:rgb(255, 255, 255)\">Con un funcionamiento manual, esta picadora no necesita pilas ni electricidad, lo que la hace f\u00e1cil de usar y c\u00f3moda para llevarla encima.<\/span><\/p>\n<p><\/p>\n<p style=\"font-family:&quot;Open Sans&quot;, sans-serif;font-size:14px;font-weight:400;letter-spacing:normal;line-height:inherit;text-align:start;white-space:normal;color:rgb(0, 0, 0);background-color:rgb(255, 255, 255);margin:0px;margin-bottom:0px;margin-top:0px;margin-left:0px;margin-right:0px;padding:0px;padding-bottom:0px;padding-top:0px;padding-left:0px;padding-right:0px;box-sizing:border-box\" align=\"start\"><span style=\"background-color:rgb(255, 255, 255)\"><strong>- Uso vers\u00e1til :<\/strong><\/span><span style=\"background-color:rgb(255, 255, 255)\">Este molinillo puede utilizarse para una gran variedad de hierbas y especias, lo que lo convierte en un complemento vers\u00e1til para cualquier cocina.<\/span><\/p>\n<p><\/div>\n<\/div>\n<p>Descripci\u00f3n:<\/p>\n<p>Tipo:Aleaci\u00f3n de zinc<\/p>\n<p>Tama\u00f1o:40 mm\/1,58 pulgadas<\/p>\n<p>Altura:43mm\/1.69inch<\/p>\n<p>Capa:4<\/p>\n<p>Color: negro, rojo, azul, gris, plata, verde.<\/p>\n<p>Caracter\u00edstica:<\/p>\n<p>1.Tama\u00f1o peque\u00f1o con peso ligero, f\u00e1cil de llevar para viajar.<\/p>\n<p>2.Perfect Grind (dientes afilados): dientes de metal de doble filo podr\u00eda garantizar molienda fina. Tapa magn\u00e9tica para evitar derrames.<\/p>\n<p>3.Durable - Material de aleaci\u00f3n de zinc: Hecho a mano con aleaci\u00f3n de zinc de primera calidad, dise\u00f1ado con 4 capas y 3 c\u00e1maras para garantizar un rendimiento \u00f3ptimo de molienda y una durabilidad excepcional.<\/p>\n<p>4.Dise\u00f1o Premium (Pantalla de polen y rascador de limpieza): La pantalla de malla de acero inoxidable mejorada y el rascador adicional hacen que la recogida y limpieza del polen sea m\u00e1s f\u00e1cil y c\u00f3moda.<\/p>\n<p>5.Molinillo de hierbas de cocina de 4 piezas y gran capacidad. Tenga en cuenta que este producto no puede moler pimienta y otras especias de c\u00e1scara dura.<\/p>\n<p>Lista de paquetes: 1* Molinillo de tabaco<\/p>\n<p><img decoding=\"async\" src=\"https:\/\/ae01.alicdn.com\/kf\/Se3e099cab594491ab779079e43e90f79J.jpg\" slate-data-type=\"image\"\/><img decoding=\"async\" src=\"https:\/\/ae01.alicdn.com\/kf\/S36703e1510dd41efac3fffec72e0e5397.jpg\" slate-data-type=\"image\"\/><img decoding=\"async\" src=\"https:\/\/ae01.alicdn.com\/kf\/S1497cdc36fe84864a92076c247f64461o.jpg\" slate-data-type=\"image\"\/><img decoding=\"async\" src=\"https:\/\/ae01.alicdn.com\/kf\/S46592ccfbe2b48dabf2e7c4a230dfbed1.jpg\" slate-data-type=\"image\"\/><img decoding=\"async\" src=\"https:\/\/ae01.alicdn.com\/kf\/Sd0cef4a4985d4cff9e0a29ebdf14658ar.jpg\" slate-data-type=\"image\"\/><img decoding=\"async\" src=\"https:\/\/ae01.alicdn.com\/kf\/Sa760cc942c83476ba273efb237bf89767.jpg\" slate-data-type=\"image\"\/><img decoding=\"async\" src=\"https:\/\/ae01.alicdn.com\/kf\/S07929bcca1dd4f189cfd83fc87faeef0x.jpg\" slate-data-type=\"image\"\/><img decoding=\"async\" src=\"https:\/\/ae01.alicdn.com\/kf\/S8412b0e8a3154040afd29d89233cdc91s.jpg\" slate-data-type=\"image\"\/><img decoding=\"async\" src=\"https:\/\/ae01.alicdn.com\/kf\/S280c40bd875842afaa9c7f44906f892cN.jpg\" slate-data-type=\"image\"\/><\/p>\n<p><\/p>\n<p>Notas:<\/p>\n<p>1.Debido al diferente monitor y efecto de la luz, el color real del art\u00edculo puede ser ligeramente diferente del color mostrado en las im\u00e1genes. Gracias.<\/p>\n<p>2.Please permiten 1-3cm desviaci\u00f3n de medici\u00f3n debido a la medici\u00f3n manual.<\/p>\n<\/div>\n<\/div>\n<\/div>\n<\/div>\n<p><\/p>","protected":false},"excerpt":{"rendered":"<p>N\u00famero de modelo: L103 Material: Metal Origen: China continental - Molinillos de 4 capas :El dise\u00f1o de 4 capas de este molinillo asegura que sus hierbas y<\/p>","protected":false},"featured_media":22605,"comment_status":"","ping_status":"closed","template":"","meta":{"iawp_total_views":0,"_joinchat":[]},"product_brand":[],"product_cat":[770],"product_tag":[],"class_list":{"0":"post-22604","1":"product","2":"type-product","3":"status-publish","4":"has-post-thumbnail","6":"product_cat-wholesale-grinder","8":"first","9":"instock","10":"shipping-taxable","11":"purchasable","12":"product-type-variable"},"yoast_head":"<!-- This site is optimized with the Yoast SEO Premium plugin v24.7 (Yoast SEO v26.8) - https:\/\/yoast.com\/product\/yoast-seo-premium-wordpress\/ -->\n<title>Hand Crank Weed Grinder With Kief Collector Wholesale - Global Hookah<\/title>\n<meta name=\"robots\" content=\"index, follow, max-snippet:-1, max-image-preview:large, max-video-preview:-1\" \/>\n<link rel=\"canonical\" href=\"https:\/\/global-hookah.com\/es\/producto\/hand-crank-weed-grinder-with-kief-collector-wholesale\/\" \/>\n<meta property=\"og:locale\" content=\"es_ES\" \/>\n<meta property=\"og:type\" content=\"article\" \/>\n<meta property=\"og:title\" content=\"Hand Crank Weed Grinder With Kief Collector Wholesale\" \/>\n<meta property=\"og:description\" content=\"Model Number:&nbsp;L103 Material:&nbsp;Metal Origin:&nbsp;Mainland China \u2022 4 Layer Grinders :The 4-layer design of this grinder ensures that your herbs and\" \/>\n<meta property=\"og:url\" content=\"https:\/\/global-hookah.com\/es\/producto\/hand-crank-weed-grinder-with-kief-collector-wholesale\/\" \/>\n<meta property=\"og:site_name\" content=\"Global Hookah\" \/>\n<meta property=\"article:modified_time\" content=\"2024-05-15T07:39:30+00:00\" \/>\n<meta property=\"og:image\" content=\"https:\/\/global-hookah.com\/wp-content\/uploads\/2024\/05\/kf-S6a7c1580d95f4c7c8a2030d2e7438114R-40mm-Herbal-Crusher-Tobacco-Grinder-Smoke-Manual-Kitchen-Herb-Metal-4-Layer-Grinders-Spice-Mill-Cigarette.webp\" \/>\n\t<meta property=\"og:image:width\" content=\"1000\" \/>\n\t<meta property=\"og:image:height\" content=\"1000\" \/>\n\t<meta property=\"og:image:type\" content=\"image\/webp\" \/>\n<meta name=\"twitter:card\" content=\"summary_large_image\" \/>\n<meta name=\"twitter:label1\" content=\"Tiempo de lectura\" \/>\n\t<meta name=\"twitter:data1\" content=\"1 minuto\" \/>\n<script type=\"application\/ld+json\" class=\"yoast-schema-graph\">{\"@context\":\"https:\/\/schema.org\",\"@graph\":[{\"@type\":\"WebPage\",\"@id\":\"https:\/\/global-hookah.com\/es\/producto\/hand-crank-weed-grinder-with-kief-collector-wholesale\/\",\"url\":\"https:\/\/global-hookah.com\/es\/producto\/hand-crank-weed-grinder-with-kief-collector-wholesale\/\",\"name\":\"Hand Crank Weed Grinder With Kief Collector Wholesale - Global Hookah\",\"isPartOf\":{\"@id\":\"https:\/\/global-hookah.com\/#website\"},\"primaryImageOfPage\":{\"@id\":\"https:\/\/global-hookah.com\/es\/producto\/hand-crank-weed-grinder-with-kief-collector-wholesale\/#primaryimage\"},\"image\":{\"@id\":\"https:\/\/global-hookah.com\/es\/producto\/hand-crank-weed-grinder-with-kief-collector-wholesale\/#primaryimage\"},\"thumbnailUrl\":\"https:\/\/global-hookah.com\/wp-content\/uploads\/2024\/05\/kf-S6a7c1580d95f4c7c8a2030d2e7438114R-40mm-Herbal-Crusher-Tobacco-Grinder-Smoke-Manual-Kitchen-Herb-Metal-4-Layer-Grinders-Spice-Mill-Cigarette.webp\",\"datePublished\":\"2024-05-15T07:39:18+00:00\",\"dateModified\":\"2024-05-15T07:39:30+00:00\",\"breadcrumb\":{\"@id\":\"https:\/\/global-hookah.com\/es\/producto\/hand-crank-weed-grinder-with-kief-collector-wholesale\/#breadcrumb\"},\"inLanguage\":\"es\",\"potentialAction\":[{\"@type\":\"ReadAction\",\"target\":[\"https:\/\/global-hookah.com\/es\/producto\/hand-crank-weed-grinder-with-kief-collector-wholesale\/\"]}]},{\"@type\":\"ImageObject\",\"inLanguage\":\"es\",\"@id\":\"https:\/\/global-hookah.com\/es\/producto\/hand-crank-weed-grinder-with-kief-collector-wholesale\/#primaryimage\",\"url\":\"https:\/\/global-hookah.com\/wp-content\/uploads\/2024\/05\/kf-S6a7c1580d95f4c7c8a2030d2e7438114R-40mm-Herbal-Crusher-Tobacco-Grinder-Smoke-Manual-Kitchen-Herb-Metal-4-Layer-Grinders-Spice-Mill-Cigarette.webp\",\"contentUrl\":\"https:\/\/global-hookah.com\/wp-content\/uploads\/2024\/05\/kf-S6a7c1580d95f4c7c8a2030d2e7438114R-40mm-Herbal-Crusher-Tobacco-Grinder-Smoke-Manual-Kitchen-Herb-Metal-4-Layer-Grinders-Spice-Mill-Cigarette.webp\",\"width\":1000,\"height\":1000},{\"@type\":\"BreadcrumbList\",\"@id\":\"https:\/\/global-hookah.com\/es\/producto\/hand-crank-weed-grinder-with-kief-collector-wholesale\/#breadcrumb\",\"itemListElement\":[{\"@type\":\"ListItem\",\"position\":1,\"name\":\"Home\",\"item\":\"https:\/\/global-hookah.com\/\"},{\"@type\":\"ListItem\",\"position\":2,\"name\":\"Shop\",\"item\":\"https:\/\/global-hookah.com\/shop\/\"},{\"@type\":\"ListItem\",\"position\":3,\"name\":\"Hand Crank Weed Grinder With Kief Collector Wholesale\"}]},{\"@type\":\"WebSite\",\"@id\":\"https:\/\/global-hookah.com\/#website\",\"url\":\"https:\/\/global-hookah.com\/\",\"name\":\"Global Hookah\",\"description\":\"Global Hookah\",\"publisher\":{\"@id\":\"https:\/\/global-hookah.com\/#organization\"},\"potentialAction\":[{\"@type\":\"SearchAction\",\"target\":{\"@type\":\"EntryPoint\",\"urlTemplate\":\"https:\/\/global-hookah.com\/?s={search_term_string}\"},\"query-input\":{\"@type\":\"PropertyValueSpecification\",\"valueRequired\":true,\"valueName\":\"search_term_string\"}}],\"inLanguage\":\"es\"},{\"@type\":\"Organization\",\"@id\":\"https:\/\/global-hookah.com\/#organization\",\"name\":\"Global Hookah\",\"url\":\"https:\/\/global-hookah.com\/\",\"logo\":{\"@type\":\"ImageObject\",\"inLanguage\":\"es\",\"@id\":\"https:\/\/global-hookah.com\/#\/schema\/logo\/image\/\",\"url\":\"https:\/\/global-hookah.com\/wp-content\/uploads\/2021\/10\/cropped-fgg.png\",\"contentUrl\":\"https:\/\/global-hookah.com\/wp-content\/uploads\/2021\/10\/cropped-fgg.png\",\"width\":512,\"height\":512,\"caption\":\"Global Hookah\"},\"image\":{\"@id\":\"https:\/\/global-hookah.com\/#\/schema\/logo\/image\/\"}}]}<\/script>\n<!-- \/ Yoast SEO Premium plugin. -->","yoast_head_json":{"title":"Grinder para hierba con manivela y recolector de kief al por mayor - Global Hookah","robots":{"index":"index","follow":"follow","max-snippet":"max-snippet:-1","max-image-preview":"max-image-preview:large","max-video-preview":"max-video-preview:-1"},"canonical":"https:\/\/global-hookah.com\/es\/producto\/hand-crank-weed-grinder-with-kief-collector-wholesale\/","og_locale":"es_ES","og_type":"article","og_title":"Hand Crank Weed Grinder With Kief Collector Wholesale","og_description":"Model Number:&nbsp;L103 Material:&nbsp;Metal Origin:&nbsp;Mainland China \u2022 4 Layer Grinders :The 4-layer design of this grinder ensures that your herbs and","og_url":"https:\/\/global-hookah.com\/es\/producto\/hand-crank-weed-grinder-with-kief-collector-wholesale\/","og_site_name":"Global Hookah","article_modified_time":"2024-05-15T07:39:30+00:00","og_image":[{"width":1000,"height":1000,"url":"https:\/\/global-hookah.com\/wp-content\/uploads\/2024\/05\/kf-S6a7c1580d95f4c7c8a2030d2e7438114R-40mm-Herbal-Crusher-Tobacco-Grinder-Smoke-Manual-Kitchen-Herb-Metal-4-Layer-Grinders-Spice-Mill-Cigarette.webp","type":"image\/webp"}],"twitter_card":"summary_large_image","twitter_misc":{"Tiempo de lectura":"1 minuto"},"schema":{"@context":"https:\/\/schema.org","@graph":[{"@type":"WebPage","@id":"https:\/\/global-hookah.com\/es\/producto\/hand-crank-weed-grinder-with-kief-collector-wholesale\/","url":"https:\/\/global-hookah.com\/es\/producto\/hand-crank-weed-grinder-with-kief-collector-wholesale\/","name":"Grinder para hierba con manivela y recolector de kief al por mayor - Global Hookah","isPartOf":{"@id":"https:\/\/global-hookah.com\/#website"},"primaryImageOfPage":{"@id":"https:\/\/global-hookah.com\/es\/producto\/hand-crank-weed-grinder-with-kief-collector-wholesale\/#primaryimage"},"image":{"@id":"https:\/\/global-hookah.com\/es\/producto\/hand-crank-weed-grinder-with-kief-collector-wholesale\/#primaryimage"},"thumbnailUrl":"https:\/\/global-hookah.com\/wp-content\/uploads\/2024\/05\/kf-S6a7c1580d95f4c7c8a2030d2e7438114R-40mm-Herbal-Crusher-Tobacco-Grinder-Smoke-Manual-Kitchen-Herb-Metal-4-Layer-Grinders-Spice-Mill-Cigarette.webp","datePublished":"2024-05-15T07:39:18+00:00","dateModified":"2024-05-15T07:39:30+00:00","breadcrumb":{"@id":"https:\/\/global-hookah.com\/es\/producto\/hand-crank-weed-grinder-with-kief-collector-wholesale\/#breadcrumb"},"inLanguage":"es","potentialAction":[{"@type":"ReadAction","target":["https:\/\/global-hookah.com\/es\/producto\/hand-crank-weed-grinder-with-kief-collector-wholesale\/"]}]},{"@type":"ImageObject","inLanguage":"es","@id":"https:\/\/global-hookah.com\/es\/producto\/hand-crank-weed-grinder-with-kief-collector-wholesale\/#primaryimage","url":"https:\/\/global-hookah.com\/wp-content\/uploads\/2024\/05\/kf-S6a7c1580d95f4c7c8a2030d2e7438114R-40mm-Herbal-Crusher-Tobacco-Grinder-Smoke-Manual-Kitchen-Herb-Metal-4-Layer-Grinders-Spice-Mill-Cigarette.webp","contentUrl":"https:\/\/global-hookah.com\/wp-content\/uploads\/2024\/05\/kf-S6a7c1580d95f4c7c8a2030d2e7438114R-40mm-Herbal-Crusher-Tobacco-Grinder-Smoke-Manual-Kitchen-Herb-Metal-4-Layer-Grinders-Spice-Mill-Cigarette.webp","width":1000,"height":1000},{"@type":"BreadcrumbList","@id":"https:\/\/global-hookah.com\/es\/producto\/hand-crank-weed-grinder-with-kief-collector-wholesale\/#breadcrumb","itemListElement":[{"@type":"ListItem","position":1,"name":"Home","item":"https:\/\/global-hookah.com\/"},{"@type":"ListItem","position":2,"name":"Shop","item":"https:\/\/global-hookah.com\/shop\/"},{"@type":"ListItem","position":3,"name":"Hand Crank Weed Grinder With Kief Collector Wholesale"}]},{"@type":"WebSite","@id":"https:\/\/global-hookah.com\/#website","url":"https:\/\/global-hookah.com\/","name":"Global Hookah","description":"Global Hookah","publisher":{"@id":"https:\/\/global-hookah.com\/#organization"},"potentialAction":[{"@type":"SearchAction","target":{"@type":"EntryPoint","urlTemplate":"https:\/\/global-hookah.com\/?s={search_term_string}"},"query-input":{"@type":"PropertyValueSpecification","valueRequired":true,"valueName":"search_term_string"}}],"inLanguage":"es"},{"@type":"Organization","@id":"https:\/\/global-hookah.com\/#organization","name":"Global Hookah","url":"https:\/\/global-hookah.com\/","logo":{"@type":"ImageObject","inLanguage":"es","@id":"https:\/\/global-hookah.com\/#\/schema\/logo\/image\/","url":"https:\/\/global-hookah.com\/wp-content\/uploads\/2021\/10\/cropped-fgg.png","contentUrl":"https:\/\/global-hookah.com\/wp-content\/uploads\/2021\/10\/cropped-fgg.png","width":512,"height":512,"caption":"Global Hookah"},"image":{"@id":"https:\/\/global-hookah.com\/#\/schema\/logo\/image\/"}}]}},"_links":{"self":[{"href":"https:\/\/global-hookah.com\/es\/wp-json\/wp\/v2\/product\/22604","targetHints":{"allow":["GET"]}}],"collection":[{"href":"https:\/\/global-hookah.com\/es\/wp-json\/wp\/v2\/product"}],"about":[{"href":"https:\/\/global-hookah.com\/es\/wp-json\/wp\/v2\/types\/product"}],"replies":[{"embeddable":true,"href":"https:\/\/global-hookah.com\/es\/wp-json\/wp\/v2\/comments?post=22604"}],"version-history":[{"count":0,"href":"https:\/\/global-hookah.com\/es\/wp-json\/wp\/v2\/product\/22604\/revisions"}],"wp:featuredmedia":[{"embeddable":true,"href":"https:\/\/global-hookah.com\/es\/wp-json\/wp\/v2\/media\/22605"}],"wp:attachment":[{"href":"https:\/\/global-hookah.com\/es\/wp-json\/wp\/v2\/media?parent=22604"}],"wp:term":[{"taxonomy":"product_brand","embeddable":true,"href":"https:\/\/global-hookah.com\/es\/wp-json\/wp\/v2\/product_brand?post=22604"},{"taxonomy":"product_cat","embeddable":true,"href":"https:\/\/global-hookah.com\/es\/wp-json\/wp\/v2\/product_cat?post=22604"},{"taxonomy":"product_tag","embeddable":true,"href":"https:\/\/global-hookah.com\/es\/wp-json\/wp\/v2\/product_tag?post=22604"}],"curies":[{"name":"wp","href":"https:\/\/api.w.org\/{rel}","templated":true}]}}