{"id":22683,"date":"2024-05-15T08:51:35","date_gmt":"2024-05-15T08:51:35","guid":{"rendered":"https:\/\/global-hookah.com\/product\/63mm-zinc-alloy-herb-crusher-grinder-wholesale\/"},"modified":"2024-05-15T08:51:39","modified_gmt":"2024-05-15T08:51:39","slug":"63mm-zinc-alloy-herb-crusher-grinder-wholesale","status":"publish","type":"product","link":"https:\/\/global-hookah.com\/es\/producto\/63mm-zinc-alloy-herb-crusher-grinder-wholesale\/","title":{"rendered":"Molinillo triturador de hierbas de aleaci\u00f3n de zinc de 63 mm al por mayor"},"content":{"rendered":"<div class=\"product-specs-list-container\">\n<ul class=\"product-specs-list util-clearfix\">\n<li class=\"product-prop line-limit-length\"><span\n\t\t\t\t\t\t\t\t\tclass=\"property-title\">Origen:&nbsp;<\/span><span\n\t\t\t\t\t\t\t\t\tclass=\"property-desc line-limit-length\">China continental<\/span>\n\t\t\t\t\t\t<\/li>\n<\/ul><\/div>\n<div class=\"detailmodule_html\">\n<div class=\"detail-desc-decorate-richtext\">\n<p align=\"start\" style=\"box-sizing: border-box; -webkit-tap-highlight-color: transparent; outline: 0px; margin: 0px; padding: 0px; line-height: inherit; font-size: 14px; font-style: normal; font-variant-ligatures: normal; font-variant-caps: normal; font-weight: 400; letter-spacing: normal; orphans: 2; text-align: start; text-indent: 0px; text-transform: none; widows: 2; word-spacing: 0px; -webkit-text-stroke-width: 0px; white-space: normal; text-decoration-thickness: initial; text-decoration-style: initial; text-decoration-color: initial; font-family: &quot;Open Sans&quot;, Arial, Helvetica, sans-serif, Heiti; color: rgb(0, 0, 0); background-color: rgb(255, 255, 255);\"><strong style=\"box-sizing: border-box; -webkit-tap-highlight-color: transparent; outline: 0px;\"><span style=\"box-sizing: border-box; -webkit-tap-highlight-color: transparent; outline: 0px; margin: 0px; padding: 0px; max-width: 100%; word-break: break-word; font-size: 20px;\"><span style=\"box-sizing: border-box; -webkit-tap-highlight-color: transparent; outline: 0px; margin: 0px; padding: 0px; max-width: 100%; word-break: break-word; font-family: tahoma, geneva, sans-serif;\"><span style=\"box-sizing: border-box; -webkit-tap-highlight-color: transparent; outline: 0px; margin: 0px; padding: 0px; max-width: 100%; word-break: break-word; background-color: rgb(0, 176, 80);\">Descripci\u00f3n:<\/span><\/span><\/span><\/strong><\/p>\n<div align=\"start\" style=\"box-sizing: content-box; -webkit-tap-highlight-color: transparent; outline: 0px; margin: 0px; padding: 0px; font-size: 14px; font-style: normal; font-variant-ligatures: normal; font-variant-caps: normal; font-weight: 400; letter-spacing: normal; orphans: 2; text-align: start; text-indent: 0px; text-transform: none; widows: 2; word-spacing: 0px; -webkit-text-stroke-width: 0px; white-space: normal; text-decoration-thickness: initial; text-decoration-style: initial; text-decoration-color: initial; font-family: &quot;Open Sans&quot;, Arial, Helvetica, sans-serif, Heiti; color: rgb(0, 0, 0); background-color: rgb(255, 255, 255);\"><span style=\"box-sizing: border-box; -webkit-tap-highlight-color: transparent; outline: 0px; margin: 0px; padding: 0px; max-width: 100%; word-break: break-word; font-size: 20px;\"><span style=\"box-sizing: border-box; -webkit-tap-highlight-color: transparent; outline: 0px; margin: 0px; padding: 0px; max-width: 100%; word-break: break-word; font-family: tahoma, geneva, sans-serif;\">Nombre del producto: Molinillo de hierbas<\/span><\/span><\/div>\n<div align=\"start\" style=\"box-sizing: content-box; -webkit-tap-highlight-color: transparent; outline: 0px; margin: 0px; padding: 0px; font-size: 14px; font-style: normal; font-variant-ligatures: normal; font-variant-caps: normal; font-weight: 400; letter-spacing: normal; orphans: 2; text-align: start; text-indent: 0px; text-transform: none; widows: 2; word-spacing: 0px; -webkit-text-stroke-width: 0px; white-space: normal; text-decoration-thickness: initial; text-decoration-style: initial; text-decoration-color: initial; font-family: &quot;Open Sans&quot;, Arial, Helvetica, sans-serif, Heiti; color: rgb(0, 0, 0); background-color: rgb(255, 255, 255);\"><span style=\"box-sizing: border-box; -webkit-tap-highlight-color: transparent; outline: 0px; margin: 0px; padding: 0px; max-width: 100%; word-break: break-word; font-size: 20px;\"><span style=\"box-sizing: border-box; -webkit-tap-highlight-color: transparent; outline: 0px; margin: 0px; padding: 0px; max-width: 100%; word-break: break-word; font-family: tahoma, geneva, sans-serif;\">Dimensiones: 63 mm<\/span><\/span><\/div>\n<div align=\"start\" style=\"box-sizing: content-box; -webkit-tap-highlight-color: transparent; outline: 0px; margin: 0px; padding: 0px; font-size: 14px; font-style: normal; font-variant-ligatures: normal; font-variant-caps: normal; font-weight: 400; letter-spacing: normal; orphans: 2; text-align: start; text-indent: 0px; text-transform: none; widows: 2; word-spacing: 0px; -webkit-text-stroke-width: 0px; white-space: normal; text-decoration-thickness: initial; text-decoration-style: initial; text-decoration-color: initial; font-family: &quot;Open Sans&quot;, Arial, Helvetica, sans-serif, Heiti; color: rgb(0, 0, 0); background-color: rgb(255, 255, 255);\"><span style=\"box-sizing: border-box; -webkit-tap-highlight-color: transparent; outline: 0px; margin: 0px; padding: 0px; max-width: 100%; word-break: break-word; font-size: 20px;\"><span style=\"box-sizing: border-box; -webkit-tap-highlight-color: transparent; outline: 0px; margin: 0px; padding: 0px; max-width: 100%; word-break: break-word; font-family: tahoma, geneva, sans-serif;\">Altura: 50 mm<\/span><\/span><\/div>\n<div align=\"start\" style=\"box-sizing: content-box; -webkit-tap-highlight-color: transparent; outline: 0px; margin: 0px; padding: 0px; font-size: 14px; font-style: normal; font-variant-ligatures: normal; font-variant-caps: normal; font-weight: 400; letter-spacing: normal; orphans: 2; text-align: start; text-indent: 0px; text-transform: none; widows: 2; word-spacing: 0px; -webkit-text-stroke-width: 0px; white-space: normal; text-decoration-thickness: initial; text-decoration-style: initial; text-decoration-color: initial; font-family: &quot;Open Sans&quot;, Arial, Helvetica, sans-serif, Heiti; color: rgb(0, 0, 0); background-color: rgb(255, 255, 255);\"><span style=\"box-sizing: border-box; -webkit-tap-highlight-color: transparent; outline: 0px; margin: 0px; padding: 0px; max-width: 100%; word-break: break-word; font-size: 20px;\"><span style=\"box-sizing: border-box; -webkit-tap-highlight-color: transparent; outline: 0px; margin: 0px; padding: 0px; max-width: 100%; word-break: break-word; font-family: tahoma, geneva, sans-serif;\">Peso neto: 245 g<\/span><\/span><\/div>\n<div align=\"start\" style=\"box-sizing: content-box; -webkit-tap-highlight-color: transparent; outline: 0px; margin: 0px; padding: 0px; font-size: 14px; font-style: normal; font-variant-ligatures: normal; font-variant-caps: normal; font-weight: 400; letter-spacing: normal; orphans: 2; text-align: start; text-indent: 0px; text-transform: none; widows: 2; word-spacing: 0px; -webkit-text-stroke-width: 0px; white-space: normal; text-decoration-thickness: initial; text-decoration-style: initial; text-decoration-color: initial; font-family: &quot;Open Sans&quot;, Arial, Helvetica, sans-serif, Heiti; color: rgb(0, 0, 0); background-color: rgb(255, 255, 255);\"><span style=\"box-sizing: border-box; -webkit-tap-highlight-color: transparent; outline: 0px; margin: 0px; padding: 0px; max-width: 100%; word-break: break-word; font-size: 20px;\"><span style=\"box-sizing: border-box; -webkit-tap-highlight-color: transparent; outline: 0px; margin: 0px; padding: 0px; max-width: 100%; word-break: break-word; font-family: tahoma, geneva, sans-serif;\">Material: aleaci\u00f3n de zinc<\/span><\/span><\/div>\n<div align=\"start\" style=\"box-sizing: content-box; -webkit-tap-highlight-color: transparent; outline: 0px; margin: 0px; padding: 0px; font-size: 14px; font-style: normal; font-variant-ligatures: normal; font-variant-caps: normal; font-weight: 400; letter-spacing: normal; orphans: 2; text-align: start; text-indent: 0px; text-transform: none; widows: 2; word-spacing: 0px; -webkit-text-stroke-width: 0px; white-space: normal; text-decoration-thickness: initial; text-decoration-style: initial; text-decoration-color: initial; font-family: &quot;Open Sans&quot;, Arial, Helvetica, sans-serif, Heiti; color: rgb(0, 0, 0); background-color: rgb(255, 255, 255);\"><span style=\"box-sizing: border-box; -webkit-tap-highlight-color: transparent; outline: 0px; margin: 0px; padding: 0px; max-width: 100%; word-break: break-word; font-size: 20px;\"><span style=\"box-sizing: border-box; -webkit-tap-highlight-color: transparent; outline: 0px; margin: 0px; padding: 0px; max-width: 100%; word-break: break-word; font-family: tahoma, geneva, sans-serif;\">Color: Calavera<\/span><\/span><\/div>\n<div align=\"start\" style=\"box-sizing: content-box; -webkit-tap-highlight-color: transparent; outline: 0px; margin: 0px; padding: 0px; font-size: 14px; font-style: normal; font-variant-ligatures: normal; font-variant-caps: normal; font-weight: 400; letter-spacing: normal; orphans: 2; text-align: start; text-indent: 0px; text-transform: none; widows: 2; word-spacing: 0px; -webkit-text-stroke-width: 0px; white-space: normal; text-decoration-thickness: initial; text-decoration-style: initial; text-decoration-color: initial; font-family: &quot;Open Sans&quot;, Arial, Helvetica, sans-serif, Heiti; color: rgb(0, 0, 0); background-color: rgb(255, 255, 255);\">\n<div style=\"box-sizing: content-box; -webkit-tap-highlight-color: transparent; outline: 0px; margin: 0px; padding: 0px;\"><span style=\"box-sizing: border-box; -webkit-tap-highlight-color: transparent; outline: 0px; margin: 0px; padding: 0px; max-width: 100%; word-break: break-word; font-size: 20px;\"><span style=\"box-sizing: border-box; -webkit-tap-highlight-color: transparent; outline: 0px; margin: 0px; padding: 0px; max-width: 100%; word-break: break-word; font-family: tahoma, geneva, sans-serif;\">Embalaje: caja<\/span><\/span><\/div>\n<p align=\"left\" style=\"box-sizing: border-box; -webkit-tap-highlight-color: transparent; outline: 0px; margin: 0px; padding: 0px; line-height: inherit; text-align: left;\"><img decoding=\"async\" referrerpolicy=\"no-referrer\" slate-data-type=\"image\" src=\"https:\/\/ae01.alicdn.com\/kf\/S0c281b6a4f32450c98f3a345c9dd101ab.jpg?width=800&amp;height=800&amp;hash=1600\" style=\"box-sizing: border-box; -webkit-tap-highlight-color: transparent; outline: 0px; border: 0px; margin: 0px; padding: 0px; max-width: 100%; vertical-align: middle;\"><img decoding=\"async\" referrerpolicy=\"no-referrer\" slate-data-type=\"image\" src=\"https:\/\/ae01.alicdn.com\/kf\/Sdb661e8523324df7902bcced9d93b565A.jpg?width=800&amp;height=800&amp;hash=1600\" style=\"box-sizing: border-box; -webkit-tap-highlight-color: transparent; outline: 0px; border: 0px; margin: 0px; padding: 0px; max-width: 100%; vertical-align: middle;\"><img decoding=\"async\" referrerpolicy=\"no-referrer\" slate-data-type=\"image\" src=\"https:\/\/ae01.alicdn.com\/kf\/Saa94c1a665d6445b8164b2ef5817f0c6r.jpg?width=800&amp;height=800&amp;hash=1600\" style=\"box-sizing: border-box; -webkit-tap-highlight-color: transparent; outline: 0px; border: 0px; margin: 0px; padding: 0px; max-width: 100%; vertical-align: middle;\"><img decoding=\"async\" referrerpolicy=\"no-referrer\" slate-data-type=\"image\" src=\"https:\/\/ae01.alicdn.com\/kf\/Sea3be6f2c1894172ae79392e02ff1115n.jpg?width=800&amp;height=800&amp;hash=1600\" style=\"box-sizing: border-box; -webkit-tap-highlight-color: transparent; outline: 0px; border: 0px; margin: 0px; padding: 0px; max-width: 100%; vertical-align: middle;\"><img decoding=\"async\" referrerpolicy=\"no-referrer\" slate-data-type=\"image\" src=\"https:\/\/ae01.alicdn.com\/kf\/S57d6b792b9df4778afafb072e3b706aeG.jpg?width=800&amp;height=800&amp;hash=1600\" style=\"box-sizing: border-box; -webkit-tap-highlight-color: transparent; outline: 0px; border: 0px; margin: 0px; padding: 0px; max-width: 100%; vertical-align: middle;\"><\/p>\n<\/div>\n<\/div>\n<\/div>","protected":false},"excerpt":{"rendered":"<p>Origen: China continental Descripci\u00f3n: Nombre del producto: Hierba Grinder Dimater: 63mm Altura: 50mm Peso neto: 245g Material: aleaci\u00f3n de zinc Color: Cr\u00e1neo Embalaje:<\/p>","protected":false},"featured_media":22684,"comment_status":"","ping_status":"closed","template":"","meta":{"iawp_total_views":0,"_joinchat":[]},"product_brand":[],"product_cat":[770],"product_tag":[],"class_list":{"0":"post-22683","1":"product","2":"type-product","3":"status-publish","4":"has-post-thumbnail","6":"product_cat-wholesale-grinder","8":"first","9":"instock","10":"shipping-taxable","11":"purchasable","12":"product-type-variable"},"yoast_head":"<!-- This site is optimized with the Yoast SEO Premium plugin v24.7 (Yoast SEO v26.8) - https:\/\/yoast.com\/product\/yoast-seo-premium-wordpress\/ -->\n<title>63mm Zinc Alloy Herb Crusher Grinder Wholesale - Global Hookah<\/title>\n<meta name=\"robots\" content=\"index, follow, max-snippet:-1, max-image-preview:large, max-video-preview:-1\" \/>\n<link rel=\"canonical\" href=\"https:\/\/global-hookah.com\/es\/produkt\/63mm-zinklegierung-kraut-brecher-muhle-groshandel\/\" \/>\n<meta property=\"og:locale\" content=\"es_ES\" \/>\n<meta property=\"og:type\" content=\"article\" \/>\n<meta property=\"og:title\" content=\"63mm Zinc Alloy Herb Crusher Grinder Wholesale\" \/>\n<meta property=\"og:description\" content=\"Origin:&nbsp;Mainland China Description: Product Name: Herb Grinder Dimater: 63mm Height: 50mm Net weight: 245g Material: zinc alloy Color: Skull Packing:\" \/>\n<meta property=\"og:url\" content=\"https:\/\/global-hookah.com\/es\/produkt\/63mm-zinklegierung-kraut-brecher-muhle-groshandel\/\" \/>\n<meta property=\"og:site_name\" content=\"Global Hookah\" \/>\n<meta property=\"article:modified_time\" content=\"2024-05-15T08:51:39+00:00\" \/>\n<meta property=\"og:image\" content=\"https:\/\/global-hookah.com\/wp-content\/uploads\/2024\/05\/kf-Sbf8372fbe0ea49b09055fb10655f28ebG-New-Style-Tobacco-Grinder-Skull-Shape-4-Layers-63mm-Rainbow-Color-Zinc-Alloy-Herb-Grinders-for.webp\" \/>\n\t<meta property=\"og:image:width\" content=\"600\" \/>\n\t<meta property=\"og:image:height\" content=\"600\" \/>\n\t<meta property=\"og:image:type\" content=\"image\/webp\" \/>\n<meta name=\"twitter:card\" content=\"summary_large_image\" \/>\n<script type=\"application\/ld+json\" class=\"yoast-schema-graph\">{\"@context\":\"https:\/\/schema.org\",\"@graph\":[{\"@type\":\"WebPage\",\"@id\":\"https:\/\/global-hookah.com\/de\/produkt\/63mm-zinklegierung-kraut-brecher-muhle-groshandel\/\",\"url\":\"https:\/\/global-hookah.com\/de\/produkt\/63mm-zinklegierung-kraut-brecher-muhle-groshandel\/\",\"name\":\"63mm Zinc Alloy Herb Crusher Grinder Wholesale - Global Hookah\",\"isPartOf\":{\"@id\":\"https:\/\/global-hookah.com\/#website\"},\"primaryImageOfPage\":{\"@id\":\"https:\/\/global-hookah.com\/de\/produkt\/63mm-zinklegierung-kraut-brecher-muhle-groshandel\/#primaryimage\"},\"image\":{\"@id\":\"https:\/\/global-hookah.com\/de\/produkt\/63mm-zinklegierung-kraut-brecher-muhle-groshandel\/#primaryimage\"},\"thumbnailUrl\":\"https:\/\/global-hookah.com\/wp-content\/uploads\/2024\/05\/kf-Sbf8372fbe0ea49b09055fb10655f28ebG-New-Style-Tobacco-Grinder-Skull-Shape-4-Layers-63mm-Rainbow-Color-Zinc-Alloy-Herb-Grinders-for.webp\",\"datePublished\":\"2024-05-15T08:51:35+00:00\",\"dateModified\":\"2024-05-15T08:51:39+00:00\",\"breadcrumb\":{\"@id\":\"https:\/\/global-hookah.com\/de\/produkt\/63mm-zinklegierung-kraut-brecher-muhle-groshandel\/#breadcrumb\"},\"inLanguage\":\"es\",\"potentialAction\":[{\"@type\":\"ReadAction\",\"target\":[\"https:\/\/global-hookah.com\/de\/produkt\/63mm-zinklegierung-kraut-brecher-muhle-groshandel\/\"]}]},{\"@type\":\"ImageObject\",\"inLanguage\":\"es\",\"@id\":\"https:\/\/global-hookah.com\/de\/produkt\/63mm-zinklegierung-kraut-brecher-muhle-groshandel\/#primaryimage\",\"url\":\"https:\/\/global-hookah.com\/wp-content\/uploads\/2024\/05\/kf-Sbf8372fbe0ea49b09055fb10655f28ebG-New-Style-Tobacco-Grinder-Skull-Shape-4-Layers-63mm-Rainbow-Color-Zinc-Alloy-Herb-Grinders-for.webp\",\"contentUrl\":\"https:\/\/global-hookah.com\/wp-content\/uploads\/2024\/05\/kf-Sbf8372fbe0ea49b09055fb10655f28ebG-New-Style-Tobacco-Grinder-Skull-Shape-4-Layers-63mm-Rainbow-Color-Zinc-Alloy-Herb-Grinders-for.webp\",\"width\":600,\"height\":600},{\"@type\":\"BreadcrumbList\",\"@id\":\"https:\/\/global-hookah.com\/de\/produkt\/63mm-zinklegierung-kraut-brecher-muhle-groshandel\/#breadcrumb\",\"itemListElement\":[{\"@type\":\"ListItem\",\"position\":1,\"name\":\"Home\",\"item\":\"https:\/\/global-hookah.com\/\"},{\"@type\":\"ListItem\",\"position\":2,\"name\":\"Shop\",\"item\":\"https:\/\/global-hookah.com\/shop\/\"},{\"@type\":\"ListItem\",\"position\":3,\"name\":\"63mm Zinc Alloy Herb Crusher Grinder Wholesale\"}]},{\"@type\":\"WebSite\",\"@id\":\"https:\/\/global-hookah.com\/#website\",\"url\":\"https:\/\/global-hookah.com\/\",\"name\":\"Global Hookah\",\"description\":\"Global Hookah\",\"publisher\":{\"@id\":\"https:\/\/global-hookah.com\/#organization\"},\"potentialAction\":[{\"@type\":\"SearchAction\",\"target\":{\"@type\":\"EntryPoint\",\"urlTemplate\":\"https:\/\/global-hookah.com\/?s={search_term_string}\"},\"query-input\":{\"@type\":\"PropertyValueSpecification\",\"valueRequired\":true,\"valueName\":\"search_term_string\"}}],\"inLanguage\":\"es\"},{\"@type\":\"Organization\",\"@id\":\"https:\/\/global-hookah.com\/#organization\",\"name\":\"Global Hookah\",\"url\":\"https:\/\/global-hookah.com\/\",\"logo\":{\"@type\":\"ImageObject\",\"inLanguage\":\"es\",\"@id\":\"https:\/\/global-hookah.com\/#\/schema\/logo\/image\/\",\"url\":\"https:\/\/global-hookah.com\/wp-content\/uploads\/2021\/10\/cropped-fgg.png\",\"contentUrl\":\"https:\/\/global-hookah.com\/wp-content\/uploads\/2021\/10\/cropped-fgg.png\",\"width\":512,\"height\":512,\"caption\":\"Global Hookah\"},\"image\":{\"@id\":\"https:\/\/global-hookah.com\/#\/schema\/logo\/image\/\"}}]}<\/script>\n<!-- \/ Yoast SEO Premium plugin. -->","yoast_head_json":{"title":"Molinillo triturador de hierbas de aleaci\u00f3n de zinc de 63 mm al por mayor - Global Hookah","robots":{"index":"index","follow":"follow","max-snippet":"max-snippet:-1","max-image-preview":"max-image-preview:large","max-video-preview":"max-video-preview:-1"},"canonical":"https:\/\/global-hookah.com\/es\/produkt\/63mm-zinklegierung-kraut-brecher-muhle-groshandel\/","og_locale":"es_ES","og_type":"article","og_title":"63mm Zinc Alloy Herb Crusher Grinder Wholesale","og_description":"Origin:&nbsp;Mainland China Description: Product Name: Herb Grinder Dimater: 63mm Height: 50mm Net weight: 245g Material: zinc alloy Color: Skull Packing:","og_url":"https:\/\/global-hookah.com\/es\/produkt\/63mm-zinklegierung-kraut-brecher-muhle-groshandel\/","og_site_name":"Global Hookah","article_modified_time":"2024-05-15T08:51:39+00:00","og_image":[{"width":600,"height":600,"url":"https:\/\/global-hookah.com\/wp-content\/uploads\/2024\/05\/kf-Sbf8372fbe0ea49b09055fb10655f28ebG-New-Style-Tobacco-Grinder-Skull-Shape-4-Layers-63mm-Rainbow-Color-Zinc-Alloy-Herb-Grinders-for.webp","type":"image\/webp"}],"twitter_card":"summary_large_image","schema":{"@context":"https:\/\/schema.org","@graph":[{"@type":"WebPage","@id":"https:\/\/global-hookah.com\/de\/produkt\/63mm-zinklegierung-kraut-brecher-muhle-groshandel\/","url":"https:\/\/global-hookah.com\/de\/produkt\/63mm-zinklegierung-kraut-brecher-muhle-groshandel\/","name":"Molinillo triturador de hierbas de aleaci\u00f3n de zinc de 63 mm al por mayor - Global Hookah","isPartOf":{"@id":"https:\/\/global-hookah.com\/#website"},"primaryImageOfPage":{"@id":"https:\/\/global-hookah.com\/de\/produkt\/63mm-zinklegierung-kraut-brecher-muhle-groshandel\/#primaryimage"},"image":{"@id":"https:\/\/global-hookah.com\/de\/produkt\/63mm-zinklegierung-kraut-brecher-muhle-groshandel\/#primaryimage"},"thumbnailUrl":"https:\/\/global-hookah.com\/wp-content\/uploads\/2024\/05\/kf-Sbf8372fbe0ea49b09055fb10655f28ebG-New-Style-Tobacco-Grinder-Skull-Shape-4-Layers-63mm-Rainbow-Color-Zinc-Alloy-Herb-Grinders-for.webp","datePublished":"2024-05-15T08:51:35+00:00","dateModified":"2024-05-15T08:51:39+00:00","breadcrumb":{"@id":"https:\/\/global-hookah.com\/de\/produkt\/63mm-zinklegierung-kraut-brecher-muhle-groshandel\/#breadcrumb"},"inLanguage":"es","potentialAction":[{"@type":"ReadAction","target":["https:\/\/global-hookah.com\/de\/produkt\/63mm-zinklegierung-kraut-brecher-muhle-groshandel\/"]}]},{"@type":"ImageObject","inLanguage":"es","@id":"https:\/\/global-hookah.com\/de\/produkt\/63mm-zinklegierung-kraut-brecher-muhle-groshandel\/#primaryimage","url":"https:\/\/global-hookah.com\/wp-content\/uploads\/2024\/05\/kf-Sbf8372fbe0ea49b09055fb10655f28ebG-New-Style-Tobacco-Grinder-Skull-Shape-4-Layers-63mm-Rainbow-Color-Zinc-Alloy-Herb-Grinders-for.webp","contentUrl":"https:\/\/global-hookah.com\/wp-content\/uploads\/2024\/05\/kf-Sbf8372fbe0ea49b09055fb10655f28ebG-New-Style-Tobacco-Grinder-Skull-Shape-4-Layers-63mm-Rainbow-Color-Zinc-Alloy-Herb-Grinders-for.webp","width":600,"height":600},{"@type":"BreadcrumbList","@id":"https:\/\/global-hookah.com\/de\/produkt\/63mm-zinklegierung-kraut-brecher-muhle-groshandel\/#breadcrumb","itemListElement":[{"@type":"ListItem","position":1,"name":"Home","item":"https:\/\/global-hookah.com\/"},{"@type":"ListItem","position":2,"name":"Shop","item":"https:\/\/global-hookah.com\/shop\/"},{"@type":"ListItem","position":3,"name":"63mm Zinc Alloy Herb Crusher Grinder Wholesale"}]},{"@type":"WebSite","@id":"https:\/\/global-hookah.com\/#website","url":"https:\/\/global-hookah.com\/","name":"Global Hookah","description":"Global Hookah","publisher":{"@id":"https:\/\/global-hookah.com\/#organization"},"potentialAction":[{"@type":"SearchAction","target":{"@type":"EntryPoint","urlTemplate":"https:\/\/global-hookah.com\/?s={search_term_string}"},"query-input":{"@type":"PropertyValueSpecification","valueRequired":true,"valueName":"search_term_string"}}],"inLanguage":"es"},{"@type":"Organization","@id":"https:\/\/global-hookah.com\/#organization","name":"Global Hookah","url":"https:\/\/global-hookah.com\/","logo":{"@type":"ImageObject","inLanguage":"es","@id":"https:\/\/global-hookah.com\/#\/schema\/logo\/image\/","url":"https:\/\/global-hookah.com\/wp-content\/uploads\/2021\/10\/cropped-fgg.png","contentUrl":"https:\/\/global-hookah.com\/wp-content\/uploads\/2021\/10\/cropped-fgg.png","width":512,"height":512,"caption":"Global Hookah"},"image":{"@id":"https:\/\/global-hookah.com\/#\/schema\/logo\/image\/"}}]}},"_links":{"self":[{"href":"https:\/\/global-hookah.com\/es\/wp-json\/wp\/v2\/product\/22683","targetHints":{"allow":["GET"]}}],"collection":[{"href":"https:\/\/global-hookah.com\/es\/wp-json\/wp\/v2\/product"}],"about":[{"href":"https:\/\/global-hookah.com\/es\/wp-json\/wp\/v2\/types\/product"}],"replies":[{"embeddable":true,"href":"https:\/\/global-hookah.com\/es\/wp-json\/wp\/v2\/comments?post=22683"}],"version-history":[{"count":0,"href":"https:\/\/global-hookah.com\/es\/wp-json\/wp\/v2\/product\/22683\/revisions"}],"wp:featuredmedia":[{"embeddable":true,"href":"https:\/\/global-hookah.com\/es\/wp-json\/wp\/v2\/media\/22684"}],"wp:attachment":[{"href":"https:\/\/global-hookah.com\/es\/wp-json\/wp\/v2\/media?parent=22683"}],"wp:term":[{"taxonomy":"product_brand","embeddable":true,"href":"https:\/\/global-hookah.com\/es\/wp-json\/wp\/v2\/product_brand?post=22683"},{"taxonomy":"product_cat","embeddable":true,"href":"https:\/\/global-hookah.com\/es\/wp-json\/wp\/v2\/product_cat?post=22683"},{"taxonomy":"product_tag","embeddable":true,"href":"https:\/\/global-hookah.com\/es\/wp-json\/wp\/v2\/product_tag?post=22683"}],"curies":[{"name":"wp","href":"https:\/\/api.w.org\/{rel}","templated":true}]}}