{"id":22706,"date":"2024-05-15T11:10:38","date_gmt":"2024-05-15T11:10:38","guid":{"rendered":"https:\/\/global-hookah.com\/product\/weed-crusher-kit-wholesale\/"},"modified":"2024-05-15T11:10:45","modified_gmt":"2024-05-15T11:10:45","slug":"weed-crusher-kit-wholesale","status":"publish","type":"product","link":"https:\/\/global-hookah.com\/es\/producto\/weed-crusher-kit-wholesale\/","title":{"rendered":"Kit triturador de hierba al por mayor"},"content":{"rendered":"<div class=\"product-specs-list-container\">\n<ul class=\"product-specs-list util-clearfix\">\n<li class=\"product-prop line-limit-length\"><span\n\t\t\t\t\t\t\t\t\tclass=\"property-title\">N\u00famero de modelo:&nbsp;<\/span><span\n\t\t\t\t\t\t\t\t\tclass=\"property-desc line-limit-length\">SET260<\/span>\n\t\t\t\t\t\t<\/li>\n<li class=\"product-prop line-limit-length\"><span\n\t\t\t\t\t\t\t\t\tclass=\"property-title\">T\u00e9cnica:&nbsp;<\/span><span\n\t\t\t\t\t\t\t\t\tclass=\"property-desc line-limit-length\">ESPEJO<\/span>\n\t\t\t\t\t\t<\/li>\n<li class=\"product-prop line-limit-length\"><span\n\t\t\t\t\t\t\t\t\tclass=\"property-title\">Material:&nbsp;<\/span><span\n\t\t\t\t\t\t\t\t\tclass=\"property-desc line-limit-length\">Metal<\/span>\n\t\t\t\t\t\t<\/li>\n<li class=\"product-prop line-limit-length\"><span\n\t\t\t\t\t\t\t\t\tclass=\"property-title\">Origen:&nbsp;<\/span><span\n\t\t\t\t\t\t\t\t\tclass=\"property-desc line-limit-length\">China continental<\/span>\n\t\t\t\t\t\t<\/li>\n<li class=\"product-prop line-limit-length\"><span\n\t\t\t\t\t\t\t\t\tclass=\"property-title\">Material:&nbsp;<\/span><span\n\t\t\t\t\t\t\t\t\tclass=\"property-desc line-limit-length\">Pl\u00e1stico, aleaci\u00f3n de zinc y metal<\/span>\n\t\t\t\t\t\t<\/li>\n<li class=\"product-prop line-limit-length\"><span\n\t\t\t\t\t\t\t\t\tclass=\"property-title\">El di\u00e1metro de la picadora:&nbsp;<\/span><span\n\t\t\t\t\t\t\t\t\tclass=\"property-desc line-limit-length\">40 MM \/ 1,57 pulgadas<\/span>\n\t\t\t\t\t\t<\/li>\n<li class=\"product-prop line-limit-length\"><span\n\t\t\t\t\t\t\t\t\tclass=\"property-title\">La altura de Grinder:&nbsp;<\/span><span\n\t\t\t\t\t\t\t\t\tclass=\"property-desc line-limit-length\">35 MM \/ 1,37 pulgadas<\/span>\n\t\t\t\t\t\t<\/li>\n<li class=\"product-prop line-limit-length\"><span\n\t\t\t\t\t\t\t\t\tclass=\"property-title\">El tama\u00f1o de la bandeja rodante:&nbsp;<\/span><span\n\t\t\t\t\t\t\t\t\tclass=\"property-desc line-limit-length\">121MM * 178MM<\/span>\n\t\t\t\t\t\t<\/li>\n<li class=\"product-prop line-limit-length\"><span\n\t\t\t\t\t\t\t\t\tclass=\"property-title\">Peso neto:&nbsp;<\/span><span\n\t\t\t\t\t\t\t\t\tclass=\"property-desc line-limit-length\">205 g \/ paquete<\/span>\n\t\t\t\t\t\t<\/li>\n<li class=\"product-prop line-limit-length\"><span\n\t\t\t\t\t\t\t\t\tclass=\"property-title\">Capacidad:&nbsp;<\/span><span\n\t\t\t\t\t\t\t\t\tclass=\"property-desc line-limit-length\">85 ML<\/span>\n\t\t\t\t\t\t<\/li>\n<li class=\"product-prop line-limit-length\"><span\n\t\t\t\t\t\t\t\t\tclass=\"property-title\">Color:&nbsp;<\/span><span\n\t\t\t\t\t\t\t\t\tclass=\"property-desc line-limit-length\">Negro<\/span>\n\t\t\t\t\t\t<\/li>\n<li class=\"product-prop line-limit-length\"><span\n\t\t\t\t\t\t\t\t\tclass=\"property-title\">\u00dasalo:&nbsp;<\/span><span\n\t\t\t\t\t\t\t\t\tclass=\"property-desc line-limit-length\">Por fumar tabaco<\/span>\n\t\t\t\t\t\t<\/li>\n<li class=\"product-prop line-limit-length\"><span\n\t\t\t\t\t\t\t\t\tclass=\"property-title\">DR:&nbsp;<\/span><span\n\t\t\t\t\t\t\t\t\tclass=\"property-desc line-limit-length\">50<\/span>\n\t\t\t\t\t\t<\/li>\n<\/ul><\/div>\n<p><\/p>\n<div class=\"detailmodule_html\">\n<div class=\"detail-desc-decorate-richtext\">\n<div class=\"detailmodule_html\">\n<div class=\"detail-desc-decorate-richtext\">\n<div class=\"detailmodule_html\">\n<div class=\"detail-desc-decorate-richtext\">\n<div class=\"detailmodule_html\">\n<div class=\"detail-desc-decorate-richtext\">\n<div class=\"detailmodule_html\">\n<div class=\"detail-desc-decorate-richtext\">\n<div class=\"detailmodule_dynamic\">\n<div class=\"detailmodule_media\">\n<div class=\"video-container-1100014813677\">\n<div class=\"detail-video\" id=\"1100014813677\" data-previewurl=\"https:\/\/ae01.alicdn.com\/kf\/Sab1b84191e27460eb9a8ae1ffd6a8bd4r.jpg\"><\/div>\n<\/div>\n<\/div>\n<\/div>\n<div class=\"detailmodule_html\">\n<div class=\"detail-desc-decorate-richtext\">\n<p style=\"font-family:&quot;font-size:14px;color:#000000;margin:0px;margin-bottom:0px;margin-top:0px;margin-left:0px;margin-right:0px;padding:0px;padding-bottom:0px;padding-top:0px;padding-left:0px;padding-right:0px;box-sizing:border-box;&quot;\"><span class=\"slate-node-text\"><span style=\"color:rgb(255, 0, 0)\"><span style=\"font-family:&quot;;&quot;\"><span>Kit de tabaco HONEYPUFF<\/span><\/span><\/span><\/span><\/p>\n<div><\/div>\n<p style=\"font-family:&quot;font-size:14px;color:#000000;margin:0px;margin-bottom:0px;margin-top:0px;margin-left:0px;margin-right:0px;padding:0px;padding-bottom:0px;padding-top:0px;padding-left:0px;padding-right:0px;box-sizing:border-box;&quot;\"><span class=\"slate-node-text\"><span style=\"font-family:&quot;;&quot;\"><span>Material : Pl\u00e1stico de alta calidad y aleaci\u00f3n de zinc y metal<\/span><\/span><\/span><\/p>\n<p style=\"font-family:&quot;font-size:14px;color:#000000;margin:0px;margin-bottom:0px;margin-top:0px;margin-left:0px;margin-right:0px;padding:0px;padding-bottom:0px;padding-top:0px;padding-left:0px;padding-right:0px;box-sizing:border-box;&quot;\"><span class=\"slate-node-text\"><span>Tama\u00f1o de la bandeja : 121MM * 178MM<\/span><\/span><\/p>\n<p style=\"font-family:&quot;font-size:14px;color:#000000;margin:0px;margin-bottom:0px;margin-top:0px;margin-left:0px;margin-right:0px;padding:0px;padding-bottom:0px;padding-top:0px;padding-left:0px;padding-right:0px;box-sizing:border-box;&quot;\"><span class=\"slate-node-text\"><span>El tama\u00f1o del contenedor met\u00e1lico :\u00a0<\/span><\/span><span class=\"slate-node-text\"><span><span style=\"font-family:&quot;;&quot;\">14MM * 44MM<\/span><\/span><\/span><\/p>\n<p style=\"font-family:&quot;font-size:14px;color:#000000;margin:0px;margin-bottom:0px;margin-top:0px;margin-left:0px;margin-right:0px;padding:0px;padding-bottom:0px;padding-top:0px;padding-left:0px;padding-right:0px;box-sizing:border-box;&quot;\"><span class=\"slate-node-text\"><span style=\"font-family:&quot;;&quot;\"><span>Peso neto : 125 g \/ paquete<\/span><\/span><\/span><\/p>\n<p style=\"font-family:&quot;font-size:14px;color:#000000;margin:0px;margin-bottom:0px;margin-top:0px;margin-left:0px;margin-right:0px;padding:0px;padding-bottom:0px;padding-top:0px;padding-left:0px;padding-right:0px;box-sizing:border-box;&quot;\"><span class=\"slate-node-text\"><span style=\"font-family:&quot;;&quot;\"><span>Capacidad : 25 ML\u00a0<\/span><\/span><\/span><\/p>\n<p style=\"font-family:&quot;font-size:14px;color:#000000;margin:0px;margin-bottom:0px;margin-top:0px;margin-left:0px;margin-right:0px;padding:0px;padding-bottom:0px;padding-top:0px;padding-left:0px;padding-right:0px;box-sizing:border-box;&quot;\"><span class=\"slate-node-text\"><span style=\"font-family:&quot;;&quot;\"><span>Color : Negro <\/span><\/span><\/span><\/p>\n<p style=\"font-family:&quot;font-size:14px;color:#000000;margin:0px;margin-bottom:0px;margin-top:0px;margin-left:0px;margin-right:0px;padding:0px;padding-bottom:0px;padding-top:0px;padding-left:0px;padding-right:0px;box-sizing:border-box;&quot;\"><span class=\"slate-node-text\"><span style=\"font-family:&quot;;&quot;\"><span>Uso : Para fumar tabaco<\/span><\/span><\/span><\/p>\n<div style=\"font-family:&quot;font-size:14px;color:#000000;margin:0px;margin-bottom:0px;margin-top:0px;margin-left:0px;margin-right:0px;padding:0px;padding-bottom:0px;padding-top:0px;padding-left:0px;padding-right:0px;box-sizing:content-box;&quot;\">\n<p><img decoding=\"async\" style=\"width:1000px\" width=\"1000px\" src=\"https:\/\/ae01.alicdn.com\/kf\/H9230fa45fefa404792dab59e0533b6ae1.jpg\" slate-data-type=\"image\"\/><\/p>\n<p><img decoding=\"async\" style=\"width:1000px\" width=\"1000px\" src=\"https:\/\/ae01.alicdn.com\/kf\/H9b275b12aa1c4a13b4132351fa68455dk.jpg\" slate-data-type=\"image\"\/><\/p>\n<p><img decoding=\"async\" style=\"width:1000px\" width=\"1000px\" src=\"https:\/\/ae01.alicdn.com\/kf\/H27dd1137b3ed48a8bbe596ed41c10e1eq.jpg\" slate-data-type=\"image\"\/><\/p>\n<p><img decoding=\"async\" style=\"width:1000px\" width=\"1000px\" src=\"https:\/\/ae01.alicdn.com\/kf\/Hcb6ea51ce9ca4ef9b00a86f013db5b81D.jpg\" slate-data-type=\"image\"\/><\/p>\n<p><img decoding=\"async\" style=\"width:1000px\" width=\"1000px\" src=\"https:\/\/ae01.alicdn.com\/kf\/Hd31c2961a9ac45c9a88823322862dc7eK.jpg\" slate-data-type=\"image\"\/><\/p>\n<p><img decoding=\"async\" style=\"width:1000px\" width=\"1000px\" src=\"https:\/\/ae01.alicdn.com\/kf\/H40968faec03742cda3d7a4e225d1d22fM.jpg\" slate-data-type=\"image\"\/><\/p>\n<\/div>\n<div style=\"font-family:&quot;font-size:14px;color:#000000;margin:0px;margin-bottom:0px;margin-top:0px;margin-left:0px;margin-right:0px;padding:0px;padding-bottom:0px;padding-top:0px;padding-left:0px;padding-right:0px;box-sizing:content-box;&quot;\"><\/div>\n<div style=\"font-family:&quot;font-size:14px;color:#000000;heitibox-sizing:content-box;padding-bottom:0px;padding-top:0px;padding-left:0px;margin:0px;padding-right:0px;box-sizing:content-box;&quot;\"><\/div>\n<div style=\"font-family:&quot;font-size:14px;color:#000000;margin:0px;margin-bottom:0px;margin-top:0px;margin-left:0px;margin-right:0px;padding:0px;padding-bottom:0px;padding-top:0px;padding-left:0px;padding-right:0px;box-sizing:content-box;&quot;\"><\/div>\n<div style=\"font-family:&quot;font-size:14px;color:#000000;margin:0px;margin-bottom:0px;margin-top:0px;margin-left:0px;margin-right:0px;padding:0px;padding-bottom:0px;padding-top:0px;padding-left:0px;padding-right:0px;box-sizing:content-box;&quot;\">\n<div>\u00a0<\/div>\n<\/div>\n<div>\u00a0<\/div>\n<div style=\"font-family:&quot;font-size:14px;color:#000000;margin:0px;margin-bottom:0px;margin-top:0px;margin-left:0px;margin-right:0px;padding:0px;padding-bottom:0px;padding-top:0px;padding-left:0px;padding-right:0px;box-sizing:content-box;&quot;\"><\/div>\n<\/div>\n<\/div>\n<div class=\"detailmodule_dynamic\"><\/div>\n<\/div>\n<\/div>\n<div class=\"detailmodule_dynamic\"><\/div>\n<\/div>\n<\/div>\n<div class=\"detailmodule_dynamic\"><\/div>\n<\/div>\n<\/div>\n<div class=\"detailmodule_dynamic\"><\/div>\n<div class=\"detailmodule_html\">\n<div class=\"detail-desc-decorate-richtext\"><\/div>\n<div class=\"detailmodule_html\">\n<div class=\"detail-desc-decorate-richtext\"><\/div>\n<div class=\"detailmodule_html\">\n<div class=\"detail-desc-decorate-richtext\"><\/div>\n<div class=\"detailmodule_html\">\n<div class=\"detail-desc-decorate-richtext\"><\/div>\n<\/div>\n<div>\u00a0<\/div>\n<\/div>\n<\/div>\n<\/div>\n<div><\/div>\n<\/div>\n<\/div>\n<p><\/p>\n<\/div>\n<\/div>\n<p><\/p>\n<p><\/p>\n<p><\/p>","protected":false},"excerpt":{"rendered":"<p>N\u00famero de modelo: SET260 T\u00e9cnica: ESPEJO Material: Metal Origen: China continental Material: Pl\u00e1stico y aleaci\u00f3n de zinc y metal El di\u00e1metro de la amoladora: 40 MM \/ 1.57 Pulgadas<\/p>","protected":false},"featured_media":22707,"comment_status":"","ping_status":"closed","template":"","meta":{"iawp_total_views":1,"_joinchat":[]},"product_brand":[],"product_cat":[770],"product_tag":[],"class_list":{"0":"post-22706","1":"product","2":"type-product","3":"status-publish","4":"has-post-thumbnail","6":"product_cat-wholesale-grinder","8":"first","9":"instock","10":"shipping-taxable","11":"purchasable","12":"product-type-variable"},"yoast_head":"<!-- This site is optimized with the Yoast SEO Premium plugin v24.7 (Yoast SEO v26.8) - https:\/\/yoast.com\/product\/yoast-seo-premium-wordpress\/ -->\n<title>Weed Crusher Kit Wholesale - Global Hookah<\/title>\n<meta name=\"robots\" content=\"index, follow, max-snippet:-1, max-image-preview:large, max-video-preview:-1\" \/>\n<link rel=\"canonical\" href=\"https:\/\/global-hookah.com\/es\/producto\/weed-crusher-kit-wholesale\/\" \/>\n<meta property=\"og:locale\" content=\"es_ES\" \/>\n<meta property=\"og:type\" content=\"article\" \/>\n<meta property=\"og:title\" content=\"Weed Crusher Kit Wholesale\" \/>\n<meta property=\"og:description\" content=\"Model Number:&nbsp;SET260 Technics:&nbsp;MIRROR Material:&nbsp;Metal Origin:&nbsp;Mainland China Material:&nbsp;Plastic &amp; Zinc Alloy &amp; Metal The Diameter of Grinder:&nbsp;40 MM \/ 1.57 Inches\" \/>\n<meta property=\"og:url\" content=\"https:\/\/global-hookah.com\/es\/producto\/weed-crusher-kit-wholesale\/\" \/>\n<meta property=\"og:site_name\" content=\"Global Hookah\" \/>\n<meta property=\"article:modified_time\" content=\"2024-05-15T11:10:45+00:00\" \/>\n<meta property=\"og:image\" content=\"https:\/\/global-hookah.com\/wp-content\/uploads\/2024\/05\/kf-H1ff186c6ab6e416fa4ac9243d152f5faB-HONEYPUFF-Smoking-Set-Herb-Grinder-Tobacco-Kit-Plastic-Rolling-Tray-110mm-Rolling-Maker-Plastic-Metal-Container.webp\" \/>\n\t<meta property=\"og:image:width\" content=\"1000\" \/>\n\t<meta property=\"og:image:height\" content=\"1000\" \/>\n\t<meta property=\"og:image:type\" content=\"image\/webp\" \/>\n<meta name=\"twitter:card\" content=\"summary_large_image\" \/>\n<script type=\"application\/ld+json\" class=\"yoast-schema-graph\">{\"@context\":\"https:\/\/schema.org\",\"@graph\":[{\"@type\":\"WebPage\",\"@id\":\"https:\/\/global-hookah.com\/es\/producto\/weed-crusher-kit-wholesale\/\",\"url\":\"https:\/\/global-hookah.com\/es\/producto\/weed-crusher-kit-wholesale\/\",\"name\":\"Weed Crusher Kit Wholesale - Global Hookah\",\"isPartOf\":{\"@id\":\"https:\/\/global-hookah.com\/#website\"},\"primaryImageOfPage\":{\"@id\":\"https:\/\/global-hookah.com\/es\/producto\/weed-crusher-kit-wholesale\/#primaryimage\"},\"image\":{\"@id\":\"https:\/\/global-hookah.com\/es\/producto\/weed-crusher-kit-wholesale\/#primaryimage\"},\"thumbnailUrl\":\"https:\/\/global-hookah.com\/wp-content\/uploads\/2024\/05\/kf-H1ff186c6ab6e416fa4ac9243d152f5faB-HONEYPUFF-Smoking-Set-Herb-Grinder-Tobacco-Kit-Plastic-Rolling-Tray-110mm-Rolling-Maker-Plastic-Metal-Container.webp\",\"datePublished\":\"2024-05-15T11:10:38+00:00\",\"dateModified\":\"2024-05-15T11:10:45+00:00\",\"breadcrumb\":{\"@id\":\"https:\/\/global-hookah.com\/es\/producto\/weed-crusher-kit-wholesale\/#breadcrumb\"},\"inLanguage\":\"es\",\"potentialAction\":[{\"@type\":\"ReadAction\",\"target\":[\"https:\/\/global-hookah.com\/es\/producto\/weed-crusher-kit-wholesale\/\"]}]},{\"@type\":\"ImageObject\",\"inLanguage\":\"es\",\"@id\":\"https:\/\/global-hookah.com\/es\/producto\/weed-crusher-kit-wholesale\/#primaryimage\",\"url\":\"https:\/\/global-hookah.com\/wp-content\/uploads\/2024\/05\/kf-H1ff186c6ab6e416fa4ac9243d152f5faB-HONEYPUFF-Smoking-Set-Herb-Grinder-Tobacco-Kit-Plastic-Rolling-Tray-110mm-Rolling-Maker-Plastic-Metal-Container.webp\",\"contentUrl\":\"https:\/\/global-hookah.com\/wp-content\/uploads\/2024\/05\/kf-H1ff186c6ab6e416fa4ac9243d152f5faB-HONEYPUFF-Smoking-Set-Herb-Grinder-Tobacco-Kit-Plastic-Rolling-Tray-110mm-Rolling-Maker-Plastic-Metal-Container.webp\",\"width\":1000,\"height\":1000},{\"@type\":\"BreadcrumbList\",\"@id\":\"https:\/\/global-hookah.com\/es\/producto\/weed-crusher-kit-wholesale\/#breadcrumb\",\"itemListElement\":[{\"@type\":\"ListItem\",\"position\":1,\"name\":\"Home\",\"item\":\"https:\/\/global-hookah.com\/\"},{\"@type\":\"ListItem\",\"position\":2,\"name\":\"Shop\",\"item\":\"https:\/\/global-hookah.com\/shop\/\"},{\"@type\":\"ListItem\",\"position\":3,\"name\":\"Weed Crusher Kit Wholesale\"}]},{\"@type\":\"WebSite\",\"@id\":\"https:\/\/global-hookah.com\/#website\",\"url\":\"https:\/\/global-hookah.com\/\",\"name\":\"Global Hookah\",\"description\":\"Global Hookah\",\"publisher\":{\"@id\":\"https:\/\/global-hookah.com\/#organization\"},\"potentialAction\":[{\"@type\":\"SearchAction\",\"target\":{\"@type\":\"EntryPoint\",\"urlTemplate\":\"https:\/\/global-hookah.com\/?s={search_term_string}\"},\"query-input\":{\"@type\":\"PropertyValueSpecification\",\"valueRequired\":true,\"valueName\":\"search_term_string\"}}],\"inLanguage\":\"es\"},{\"@type\":\"Organization\",\"@id\":\"https:\/\/global-hookah.com\/#organization\",\"name\":\"Global Hookah\",\"url\":\"https:\/\/global-hookah.com\/\",\"logo\":{\"@type\":\"ImageObject\",\"inLanguage\":\"es\",\"@id\":\"https:\/\/global-hookah.com\/#\/schema\/logo\/image\/\",\"url\":\"https:\/\/global-hookah.com\/wp-content\/uploads\/2021\/10\/cropped-fgg.png\",\"contentUrl\":\"https:\/\/global-hookah.com\/wp-content\/uploads\/2021\/10\/cropped-fgg.png\",\"width\":512,\"height\":512,\"caption\":\"Global Hookah\"},\"image\":{\"@id\":\"https:\/\/global-hookah.com\/#\/schema\/logo\/image\/\"}}]}<\/script>\n<!-- \/ Yoast SEO Premium plugin. -->","yoast_head_json":{"title":"Weed Crusher Kit Wholesale - Hookah Global","robots":{"index":"index","follow":"follow","max-snippet":"max-snippet:-1","max-image-preview":"max-image-preview:large","max-video-preview":"max-video-preview:-1"},"canonical":"https:\/\/global-hookah.com\/es\/producto\/weed-crusher-kit-wholesale\/","og_locale":"es_ES","og_type":"article","og_title":"Weed Crusher Kit Wholesale","og_description":"Model Number:&nbsp;SET260 Technics:&nbsp;MIRROR Material:&nbsp;Metal Origin:&nbsp;Mainland China Material:&nbsp;Plastic &amp; Zinc Alloy &amp; Metal The Diameter of Grinder:&nbsp;40 MM \/ 1.57 Inches","og_url":"https:\/\/global-hookah.com\/es\/producto\/weed-crusher-kit-wholesale\/","og_site_name":"Global Hookah","article_modified_time":"2024-05-15T11:10:45+00:00","og_image":[{"width":1000,"height":1000,"url":"https:\/\/global-hookah.com\/wp-content\/uploads\/2024\/05\/kf-H1ff186c6ab6e416fa4ac9243d152f5faB-HONEYPUFF-Smoking-Set-Herb-Grinder-Tobacco-Kit-Plastic-Rolling-Tray-110mm-Rolling-Maker-Plastic-Metal-Container.webp","type":"image\/webp"}],"twitter_card":"summary_large_image","schema":{"@context":"https:\/\/schema.org","@graph":[{"@type":"WebPage","@id":"https:\/\/global-hookah.com\/es\/producto\/weed-crusher-kit-wholesale\/","url":"https:\/\/global-hookah.com\/es\/producto\/weed-crusher-kit-wholesale\/","name":"Weed Crusher Kit Wholesale - Hookah Global","isPartOf":{"@id":"https:\/\/global-hookah.com\/#website"},"primaryImageOfPage":{"@id":"https:\/\/global-hookah.com\/es\/producto\/weed-crusher-kit-wholesale\/#primaryimage"},"image":{"@id":"https:\/\/global-hookah.com\/es\/producto\/weed-crusher-kit-wholesale\/#primaryimage"},"thumbnailUrl":"https:\/\/global-hookah.com\/wp-content\/uploads\/2024\/05\/kf-H1ff186c6ab6e416fa4ac9243d152f5faB-HONEYPUFF-Smoking-Set-Herb-Grinder-Tobacco-Kit-Plastic-Rolling-Tray-110mm-Rolling-Maker-Plastic-Metal-Container.webp","datePublished":"2024-05-15T11:10:38+00:00","dateModified":"2024-05-15T11:10:45+00:00","breadcrumb":{"@id":"https:\/\/global-hookah.com\/es\/producto\/weed-crusher-kit-wholesale\/#breadcrumb"},"inLanguage":"es","potentialAction":[{"@type":"ReadAction","target":["https:\/\/global-hookah.com\/es\/producto\/weed-crusher-kit-wholesale\/"]}]},{"@type":"ImageObject","inLanguage":"es","@id":"https:\/\/global-hookah.com\/es\/producto\/weed-crusher-kit-wholesale\/#primaryimage","url":"https:\/\/global-hookah.com\/wp-content\/uploads\/2024\/05\/kf-H1ff186c6ab6e416fa4ac9243d152f5faB-HONEYPUFF-Smoking-Set-Herb-Grinder-Tobacco-Kit-Plastic-Rolling-Tray-110mm-Rolling-Maker-Plastic-Metal-Container.webp","contentUrl":"https:\/\/global-hookah.com\/wp-content\/uploads\/2024\/05\/kf-H1ff186c6ab6e416fa4ac9243d152f5faB-HONEYPUFF-Smoking-Set-Herb-Grinder-Tobacco-Kit-Plastic-Rolling-Tray-110mm-Rolling-Maker-Plastic-Metal-Container.webp","width":1000,"height":1000},{"@type":"BreadcrumbList","@id":"https:\/\/global-hookah.com\/es\/producto\/weed-crusher-kit-wholesale\/#breadcrumb","itemListElement":[{"@type":"ListItem","position":1,"name":"Home","item":"https:\/\/global-hookah.com\/"},{"@type":"ListItem","position":2,"name":"Shop","item":"https:\/\/global-hookah.com\/shop\/"},{"@type":"ListItem","position":3,"name":"Weed Crusher Kit Wholesale"}]},{"@type":"WebSite","@id":"https:\/\/global-hookah.com\/#website","url":"https:\/\/global-hookah.com\/","name":"Global Hookah","description":"Global Hookah","publisher":{"@id":"https:\/\/global-hookah.com\/#organization"},"potentialAction":[{"@type":"SearchAction","target":{"@type":"EntryPoint","urlTemplate":"https:\/\/global-hookah.com\/?s={search_term_string}"},"query-input":{"@type":"PropertyValueSpecification","valueRequired":true,"valueName":"search_term_string"}}],"inLanguage":"es"},{"@type":"Organization","@id":"https:\/\/global-hookah.com\/#organization","name":"Global Hookah","url":"https:\/\/global-hookah.com\/","logo":{"@type":"ImageObject","inLanguage":"es","@id":"https:\/\/global-hookah.com\/#\/schema\/logo\/image\/","url":"https:\/\/global-hookah.com\/wp-content\/uploads\/2021\/10\/cropped-fgg.png","contentUrl":"https:\/\/global-hookah.com\/wp-content\/uploads\/2021\/10\/cropped-fgg.png","width":512,"height":512,"caption":"Global Hookah"},"image":{"@id":"https:\/\/global-hookah.com\/#\/schema\/logo\/image\/"}}]}},"_links":{"self":[{"href":"https:\/\/global-hookah.com\/es\/wp-json\/wp\/v2\/product\/22706","targetHints":{"allow":["GET"]}}],"collection":[{"href":"https:\/\/global-hookah.com\/es\/wp-json\/wp\/v2\/product"}],"about":[{"href":"https:\/\/global-hookah.com\/es\/wp-json\/wp\/v2\/types\/product"}],"replies":[{"embeddable":true,"href":"https:\/\/global-hookah.com\/es\/wp-json\/wp\/v2\/comments?post=22706"}],"version-history":[{"count":0,"href":"https:\/\/global-hookah.com\/es\/wp-json\/wp\/v2\/product\/22706\/revisions"}],"wp:featuredmedia":[{"embeddable":true,"href":"https:\/\/global-hookah.com\/es\/wp-json\/wp\/v2\/media\/22707"}],"wp:attachment":[{"href":"https:\/\/global-hookah.com\/es\/wp-json\/wp\/v2\/media?parent=22706"}],"wp:term":[{"taxonomy":"product_brand","embeddable":true,"href":"https:\/\/global-hookah.com\/es\/wp-json\/wp\/v2\/product_brand?post=22706"},{"taxonomy":"product_cat","embeddable":true,"href":"https:\/\/global-hookah.com\/es\/wp-json\/wp\/v2\/product_cat?post=22706"},{"taxonomy":"product_tag","embeddable":true,"href":"https:\/\/global-hookah.com\/es\/wp-json\/wp\/v2\/product_tag?post=22706"}],"curies":[{"name":"wp","href":"https:\/\/api.w.org\/{rel}","templated":true}]}}