{"id":22724,"date":"2024-05-15T11:13:29","date_gmt":"2024-05-15T11:13:29","guid":{"rendered":"https:\/\/global-hookah.com\/product\/zinc-alloy-4-piece-marijuana-grinder\/"},"modified":"2024-05-17T03:53:17","modified_gmt":"2024-05-17T03:53:17","slug":"zinc-alloy-4-piece-marijuana-grinder","status":"publish","type":"product","link":"https:\/\/global-hookah.com\/es\/producto\/zinc-alloy-4-piece-marijuana-grinder\/","title":{"rendered":"Grinder de Marihuana de Aleaci\u00f3n de Zinc de 4 Piezas"},"content":{"rendered":"<p>Este <strong>Grinder de Marihuana de Aleaci\u00f3n de Zinc de 4 Piezas<\/strong> viene equipada con 28 afilad\u00edsimos dientes, mecanizados por CNC con una precisi\u00f3n mortal. Basta con dar unos golpecitos suaves para pasar de afilado grueso a fino en cuesti\u00f3n de segundos.<\/p>\n<p>Su dise\u00f1o exclusivo permite una trituraci\u00f3n multidireccional de 360 grados para obtener los resultados m\u00e1s exhaustivos y uniformes. A diferencia de la trituraci\u00f3n plana, estos dientes trituradores pueden romper al m\u00e1ximo las paredes celulares de las plantas para liberar m\u00e1s compuestos activos.<\/p>\n<p>La combinaci\u00f3n de dientes de molienda afilados y un paso de dientes cuidadosamente ajustado no s\u00f3lo puede controlar con precisi\u00f3n el tama\u00f1o de las part\u00edculas de molienda, sino tambi\u00e9n distribuir uniformemente el material molido, lo que resulta muy adecuado para fabricar cigarrillos de cannabis o rellenar pipas.<\/p>\n<div class=\"detailmodule_html\">\n<div class=\"detail-desc-decorate-richtext\">\n<div class=\"detailmodule_text\">\n<div><\/div>\n<p style=\"font-family: 'Open Sans', Roboto, Arial, Helvetica, sans-serif, SimSun; font-size: 14px; font-weight: 400; letter-spacing: normal; line-height: inherit; text-align: start; white-space: normal; color: #222222; margin: 0px; padding: 0px; box-sizing: border-box;\" align=\"start\"><span style=\"font-size: 18px;\">Material: Aleaci\u00f3n de zinc<\/span><\/p>\n<p style=\"font-family: 'Open Sans', Roboto, Arial, Helvetica, sans-serif, SimSun; font-size: 14px; font-weight: 400; letter-spacing: normal; line-height: inherit; text-align: start; white-space: normal; color: #222222; margin: 0px; padding: 0px; box-sizing: border-box;\" align=\"start\"><span style=\"font-size: 18px;\">Tama\u00f1o: 69MM (altura) X63MM (di\u00e1metro)<\/span><\/p>\n<p style=\"font-family: 'Open Sans', Roboto, Arial, Helvetica, sans-serif, SimSun; font-size: 14px; font-weight: 400; letter-spacing: normal; line-height: inherit; text-align: start; white-space: normal; color: #222222; margin: 0px; padding: 0px; box-sizing: border-box;\" align=\"start\"><span style=\"font-size: 18px;\">Color: Como se muestra<\/span><\/p>\n<div><\/div>\n<p style=\"font-family: 'Open Sans', Roboto, Arial, Helvetica, sans-serif, SimSun; font-size: 14px; font-weight: 400; letter-spacing: normal; line-height: inherit; text-align: start; white-space: normal; color: #222222; margin: 0px; padding: 0px; box-sizing: border-box;\" align=\"start\"><span style=\"font-size: 18px;\">El paquete incluye:<\/span><\/p>\n<div><\/div>\n<p style=\"font-family: 'Open Sans', Roboto, Arial, Helvetica, sans-serif, SimSun; font-size: 14px; font-weight: 400; letter-spacing: normal; line-height: inherit; text-align: start; white-space: normal; color: #222222; margin: 0px; padding: 0px; box-sizing: border-box;\" align=\"start\"><span style=\"font-size: 18px;\">1 x Picadora de humo<\/span><\/p>\n<\/div>\n<div class=\"detailmodule_image\"><img decoding=\"async\" src=\"https:\/\/ae01.alicdn.com\/kf\/Sd9a8ba14ea8440d08ae015384241c63dd.jpg\" \/><br \/>\n<img decoding=\"async\" src=\"https:\/\/ae01.alicdn.com\/kf\/S6dd30ef01d664d708fea683b984dcef3E.jpg\" \/><br \/>\n<img decoding=\"async\" src=\"https:\/\/ae01.alicdn.com\/kf\/S0fa0bd4eabb8434caf5ec56d86d0137dH.jpg\" \/><br \/>\n<img decoding=\"async\" src=\"https:\/\/ae01.alicdn.com\/kf\/S2175fabe9c3040838574a8d82eed4781S.jpg\" \/><br \/>\n<img decoding=\"async\" src=\"https:\/\/ae01.alicdn.com\/kf\/S32c2215362a4452186548715d1d351d7M.jpg\" \/><br \/>\n<img decoding=\"async\" src=\"https:\/\/ae01.alicdn.com\/kf\/Sc86dd043cd4a43fa98dcdfeea3d88d20I.jpg\" \/><br \/>\n<img decoding=\"async\" src=\"https:\/\/ae01.alicdn.com\/kf\/Sd725fa0928ad45c9abfb0a394be27e52Z.jpg\" \/><br \/>\n<img decoding=\"async\" src=\"https:\/\/ae01.alicdn.com\/kf\/S96503762ef0848c7a6e741d1c93e1f1eT.jpg\" \/><br \/>\n<img decoding=\"async\" src=\"https:\/\/ae01.alicdn.com\/kf\/S2bd36b1eb53c4b4e95d69a749cb692eaT.jpg\" \/><\/div>\n<div class=\"detailmodule_image\"><\/div>\n<p>&nbsp;<\/p>\n<\/div>\n<\/div>","protected":false},"excerpt":{"rendered":"<p>Este grinder de 4 piezas de aleaci\u00f3n de zinc viene con 28 dientes afilados, mecanizados por CNC con una precisi\u00f3n mortal. S\u00f3lo<\/p>","protected":false},"featured_media":22725,"comment_status":"closed","ping_status":"closed","template":"","meta":{"iawp_total_views":0,"_joinchat":[]},"product_brand":[],"product_cat":[770],"product_tag":[],"class_list":{"0":"post-22724","1":"product","2":"type-product","3":"status-publish","4":"has-post-thumbnail","6":"product_cat-wholesale-grinder","8":"first","9":"instock","10":"shipping-taxable","11":"product-type-external"},"yoast_head":"<!-- This site is optimized with the Yoast SEO Premium plugin v24.7 (Yoast SEO v26.8) - https:\/\/yoast.com\/product\/yoast-seo-premium-wordpress\/ -->\n<title>Zinc Alloy 4 Piece Marijuana Grinder - Global Hookah<\/title>\n<meta name=\"robots\" content=\"index, follow, max-snippet:-1, max-image-preview:large, max-video-preview:-1\" \/>\n<link rel=\"canonical\" href=\"https:\/\/global-hookah.com\/es\/producto\/zinc-alloy-4-piece-marijuana-grinder\/\" \/>\n<meta property=\"og:locale\" content=\"es_ES\" \/>\n<meta property=\"og:type\" content=\"article\" \/>\n<meta property=\"og:title\" content=\"Zinc Alloy 4 Piece Marijuana Grinder\" \/>\n<meta property=\"og:description\" content=\"This Zinc Alloy 4 Piece Marijuana Grinder comes packed with 28 razor-sharp grinding teeth, CNC machined to deadly precision. Just\" \/>\n<meta property=\"og:url\" content=\"https:\/\/global-hookah.com\/es\/producto\/zinc-alloy-4-piece-marijuana-grinder\/\" \/>\n<meta property=\"og:site_name\" content=\"Global Hookah\" \/>\n<meta property=\"article:modified_time\" content=\"2024-05-17T03:53:17+00:00\" \/>\n<meta property=\"og:image\" content=\"https:\/\/global-hookah.com\/wp-content\/uploads\/2024\/05\/kf-S4879e14694e84cfd99403b00e33e2c54I-Smoke-Grinder-4-Layer-63MM-Metal-Tobacco-Grinder-Smoke-Zinc-Alloy-Smokimg-Grinder-Pipe-Crusher-Tool.webp\" \/>\n\t<meta property=\"og:image:width\" content=\"1000\" \/>\n\t<meta property=\"og:image:height\" content=\"1000\" \/>\n\t<meta property=\"og:image:type\" content=\"image\/webp\" \/>\n<meta name=\"twitter:card\" content=\"summary_large_image\" \/>\n<meta name=\"twitter:label1\" content=\"Tiempo de lectura\" \/>\n\t<meta name=\"twitter:data1\" content=\"1 minuto\" \/>\n<script type=\"application\/ld+json\" class=\"yoast-schema-graph\">{\"@context\":\"https:\/\/schema.org\",\"@graph\":[{\"@type\":\"WebPage\",\"@id\":\"https:\/\/global-hookah.com\/product\/zinc-alloy-4-piece-marijuana-grinder\/\",\"url\":\"https:\/\/global-hookah.com\/product\/zinc-alloy-4-piece-marijuana-grinder\/\",\"name\":\"Zinc Alloy 4 Piece Marijuana Grinder - Global Hookah\",\"isPartOf\":{\"@id\":\"https:\/\/global-hookah.com\/#website\"},\"primaryImageOfPage\":{\"@id\":\"https:\/\/global-hookah.com\/product\/zinc-alloy-4-piece-marijuana-grinder\/#primaryimage\"},\"image\":{\"@id\":\"https:\/\/global-hookah.com\/product\/zinc-alloy-4-piece-marijuana-grinder\/#primaryimage\"},\"thumbnailUrl\":\"https:\/\/global-hookah.com\/wp-content\/uploads\/2024\/05\/kf-S4879e14694e84cfd99403b00e33e2c54I-Smoke-Grinder-4-Layer-63MM-Metal-Tobacco-Grinder-Smoke-Zinc-Alloy-Smokimg-Grinder-Pipe-Crusher-Tool.webp\",\"datePublished\":\"2024-05-15T11:13:29+00:00\",\"dateModified\":\"2024-05-17T03:53:17+00:00\",\"breadcrumb\":{\"@id\":\"https:\/\/global-hookah.com\/product\/zinc-alloy-4-piece-marijuana-grinder\/#breadcrumb\"},\"inLanguage\":\"es\",\"potentialAction\":[{\"@type\":\"ReadAction\",\"target\":[\"https:\/\/global-hookah.com\/product\/zinc-alloy-4-piece-marijuana-grinder\/\"]}]},{\"@type\":\"ImageObject\",\"inLanguage\":\"es\",\"@id\":\"https:\/\/global-hookah.com\/product\/zinc-alloy-4-piece-marijuana-grinder\/#primaryimage\",\"url\":\"https:\/\/global-hookah.com\/wp-content\/uploads\/2024\/05\/kf-S4879e14694e84cfd99403b00e33e2c54I-Smoke-Grinder-4-Layer-63MM-Metal-Tobacco-Grinder-Smoke-Zinc-Alloy-Smokimg-Grinder-Pipe-Crusher-Tool.webp\",\"contentUrl\":\"https:\/\/global-hookah.com\/wp-content\/uploads\/2024\/05\/kf-S4879e14694e84cfd99403b00e33e2c54I-Smoke-Grinder-4-Layer-63MM-Metal-Tobacco-Grinder-Smoke-Zinc-Alloy-Smokimg-Grinder-Pipe-Crusher-Tool.webp\",\"width\":1000,\"height\":1000,\"caption\":\"Zinc Alloy 4 Piece Marijuana Grinder\"},{\"@type\":\"BreadcrumbList\",\"@id\":\"https:\/\/global-hookah.com\/product\/zinc-alloy-4-piece-marijuana-grinder\/#breadcrumb\",\"itemListElement\":[{\"@type\":\"ListItem\",\"position\":1,\"name\":\"Home\",\"item\":\"https:\/\/global-hookah.com\/\"},{\"@type\":\"ListItem\",\"position\":2,\"name\":\"Shop\",\"item\":\"https:\/\/global-hookah.com\/shop\/\"},{\"@type\":\"ListItem\",\"position\":3,\"name\":\"Zinc Alloy 4 Piece Marijuana Grinder\"}]},{\"@type\":\"WebSite\",\"@id\":\"https:\/\/global-hookah.com\/#website\",\"url\":\"https:\/\/global-hookah.com\/\",\"name\":\"Global Hookah\",\"description\":\"Global Hookah\",\"publisher\":{\"@id\":\"https:\/\/global-hookah.com\/#organization\"},\"potentialAction\":[{\"@type\":\"SearchAction\",\"target\":{\"@type\":\"EntryPoint\",\"urlTemplate\":\"https:\/\/global-hookah.com\/?s={search_term_string}\"},\"query-input\":{\"@type\":\"PropertyValueSpecification\",\"valueRequired\":true,\"valueName\":\"search_term_string\"}}],\"inLanguage\":\"es\"},{\"@type\":\"Organization\",\"@id\":\"https:\/\/global-hookah.com\/#organization\",\"name\":\"Global Hookah\",\"url\":\"https:\/\/global-hookah.com\/\",\"logo\":{\"@type\":\"ImageObject\",\"inLanguage\":\"es\",\"@id\":\"https:\/\/global-hookah.com\/#\/schema\/logo\/image\/\",\"url\":\"https:\/\/global-hookah.com\/wp-content\/uploads\/2021\/10\/cropped-fgg.png\",\"contentUrl\":\"https:\/\/global-hookah.com\/wp-content\/uploads\/2021\/10\/cropped-fgg.png\",\"width\":512,\"height\":512,\"caption\":\"Global Hookah\"},\"image\":{\"@id\":\"https:\/\/global-hookah.com\/#\/schema\/logo\/image\/\"}}]}<\/script>\n<!-- \/ Yoast SEO Premium plugin. -->","yoast_head_json":{"title":"Grinder de 4 piezas de aleaci\u00f3n de zinc - Global Hookah","robots":{"index":"index","follow":"follow","max-snippet":"max-snippet:-1","max-image-preview":"max-image-preview:large","max-video-preview":"max-video-preview:-1"},"canonical":"https:\/\/global-hookah.com\/es\/producto\/zinc-alloy-4-piece-marijuana-grinder\/","og_locale":"es_ES","og_type":"article","og_title":"Zinc Alloy 4 Piece Marijuana Grinder","og_description":"This Zinc Alloy 4 Piece Marijuana Grinder comes packed with 28 razor-sharp grinding teeth, CNC machined to deadly precision. Just","og_url":"https:\/\/global-hookah.com\/es\/producto\/zinc-alloy-4-piece-marijuana-grinder\/","og_site_name":"Global Hookah","article_modified_time":"2024-05-17T03:53:17+00:00","og_image":[{"width":1000,"height":1000,"url":"https:\/\/global-hookah.com\/wp-content\/uploads\/2024\/05\/kf-S4879e14694e84cfd99403b00e33e2c54I-Smoke-Grinder-4-Layer-63MM-Metal-Tobacco-Grinder-Smoke-Zinc-Alloy-Smokimg-Grinder-Pipe-Crusher-Tool.webp","type":"image\/webp"}],"twitter_card":"summary_large_image","twitter_misc":{"Tiempo de lectura":"1 minuto"},"schema":{"@context":"https:\/\/schema.org","@graph":[{"@type":"WebPage","@id":"https:\/\/global-hookah.com\/product\/zinc-alloy-4-piece-marijuana-grinder\/","url":"https:\/\/global-hookah.com\/product\/zinc-alloy-4-piece-marijuana-grinder\/","name":"Grinder de 4 piezas de aleaci\u00f3n de zinc - Global Hookah","isPartOf":{"@id":"https:\/\/global-hookah.com\/#website"},"primaryImageOfPage":{"@id":"https:\/\/global-hookah.com\/product\/zinc-alloy-4-piece-marijuana-grinder\/#primaryimage"},"image":{"@id":"https:\/\/global-hookah.com\/product\/zinc-alloy-4-piece-marijuana-grinder\/#primaryimage"},"thumbnailUrl":"https:\/\/global-hookah.com\/wp-content\/uploads\/2024\/05\/kf-S4879e14694e84cfd99403b00e33e2c54I-Smoke-Grinder-4-Layer-63MM-Metal-Tobacco-Grinder-Smoke-Zinc-Alloy-Smokimg-Grinder-Pipe-Crusher-Tool.webp","datePublished":"2024-05-15T11:13:29+00:00","dateModified":"2024-05-17T03:53:17+00:00","breadcrumb":{"@id":"https:\/\/global-hookah.com\/product\/zinc-alloy-4-piece-marijuana-grinder\/#breadcrumb"},"inLanguage":"es","potentialAction":[{"@type":"ReadAction","target":["https:\/\/global-hookah.com\/product\/zinc-alloy-4-piece-marijuana-grinder\/"]}]},{"@type":"ImageObject","inLanguage":"es","@id":"https:\/\/global-hookah.com\/product\/zinc-alloy-4-piece-marijuana-grinder\/#primaryimage","url":"https:\/\/global-hookah.com\/wp-content\/uploads\/2024\/05\/kf-S4879e14694e84cfd99403b00e33e2c54I-Smoke-Grinder-4-Layer-63MM-Metal-Tobacco-Grinder-Smoke-Zinc-Alloy-Smokimg-Grinder-Pipe-Crusher-Tool.webp","contentUrl":"https:\/\/global-hookah.com\/wp-content\/uploads\/2024\/05\/kf-S4879e14694e84cfd99403b00e33e2c54I-Smoke-Grinder-4-Layer-63MM-Metal-Tobacco-Grinder-Smoke-Zinc-Alloy-Smokimg-Grinder-Pipe-Crusher-Tool.webp","width":1000,"height":1000,"caption":"Zinc Alloy 4 Piece Marijuana Grinder"},{"@type":"BreadcrumbList","@id":"https:\/\/global-hookah.com\/product\/zinc-alloy-4-piece-marijuana-grinder\/#breadcrumb","itemListElement":[{"@type":"ListItem","position":1,"name":"Home","item":"https:\/\/global-hookah.com\/"},{"@type":"ListItem","position":2,"name":"Shop","item":"https:\/\/global-hookah.com\/shop\/"},{"@type":"ListItem","position":3,"name":"Zinc Alloy 4 Piece Marijuana Grinder"}]},{"@type":"WebSite","@id":"https:\/\/global-hookah.com\/#website","url":"https:\/\/global-hookah.com\/","name":"Global Hookah","description":"Global Hookah","publisher":{"@id":"https:\/\/global-hookah.com\/#organization"},"potentialAction":[{"@type":"SearchAction","target":{"@type":"EntryPoint","urlTemplate":"https:\/\/global-hookah.com\/?s={search_term_string}"},"query-input":{"@type":"PropertyValueSpecification","valueRequired":true,"valueName":"search_term_string"}}],"inLanguage":"es"},{"@type":"Organization","@id":"https:\/\/global-hookah.com\/#organization","name":"Global Hookah","url":"https:\/\/global-hookah.com\/","logo":{"@type":"ImageObject","inLanguage":"es","@id":"https:\/\/global-hookah.com\/#\/schema\/logo\/image\/","url":"https:\/\/global-hookah.com\/wp-content\/uploads\/2021\/10\/cropped-fgg.png","contentUrl":"https:\/\/global-hookah.com\/wp-content\/uploads\/2021\/10\/cropped-fgg.png","width":512,"height":512,"caption":"Global Hookah"},"image":{"@id":"https:\/\/global-hookah.com\/#\/schema\/logo\/image\/"}}]}},"_links":{"self":[{"href":"https:\/\/global-hookah.com\/es\/wp-json\/wp\/v2\/product\/22724","targetHints":{"allow":["GET"]}}],"collection":[{"href":"https:\/\/global-hookah.com\/es\/wp-json\/wp\/v2\/product"}],"about":[{"href":"https:\/\/global-hookah.com\/es\/wp-json\/wp\/v2\/types\/product"}],"replies":[{"embeddable":true,"href":"https:\/\/global-hookah.com\/es\/wp-json\/wp\/v2\/comments?post=22724"}],"version-history":[{"count":0,"href":"https:\/\/global-hookah.com\/es\/wp-json\/wp\/v2\/product\/22724\/revisions"}],"wp:featuredmedia":[{"embeddable":true,"href":"https:\/\/global-hookah.com\/es\/wp-json\/wp\/v2\/media\/22725"}],"wp:attachment":[{"href":"https:\/\/global-hookah.com\/es\/wp-json\/wp\/v2\/media?parent=22724"}],"wp:term":[{"taxonomy":"product_brand","embeddable":true,"href":"https:\/\/global-hookah.com\/es\/wp-json\/wp\/v2\/product_brand?post=22724"},{"taxonomy":"product_cat","embeddable":true,"href":"https:\/\/global-hookah.com\/es\/wp-json\/wp\/v2\/product_cat?post=22724"},{"taxonomy":"product_tag","embeddable":true,"href":"https:\/\/global-hookah.com\/es\/wp-json\/wp\/v2\/product_tag?post=22724"}],"curies":[{"name":"wp","href":"https:\/\/api.w.org\/{rel}","templated":true}]}}