{"id":22733,"date":"2024-05-15T11:16:09","date_gmt":"2024-05-15T11:16:09","guid":{"rendered":"https:\/\/global-hookah.com\/product\/4-layer-marijuana-grinder-with-screen-pollen-catcher-wholesale-4-layer-mesh-herb-63mm-crusher\/"},"modified":"2024-05-17T03:21:33","modified_gmt":"2024-05-17T03:21:33","slug":"4-layer-marijuana-grinder-with-screen-pollen-catcher-wholesale","status":"publish","type":"product","link":"https:\/\/global-hookah.com\/es\/producto\/4-layer-marijuana-grinder-with-screen-pollen-catcher-wholesale\/","title":{"rendered":"Molinillo de marihuana de 4 capas con criba captadora de polen al por mayor"},"content":{"rendered":"<p>este <strong>Grinder de marihuana de 4 capas con criba captadora de polen<\/strong> est\u00e1 hecho de material de aleaci\u00f3n de zinc H92mm*D63mm, pesa 295 gramos. El dise\u00f1o de cuatro capas hace que el polvo de molienda sea m\u00e1s delicado, ya sea cannabis o tabaco, se puede procesar f\u00e1cilmente. La cubierta superior adopta un dise\u00f1o \u00fanico de le\u00f3n de metal. Cada vez que cojo este <strong>Molinillo de marihuana de 4 capas<\/strong> Sinceramente, me encanta este exquisito dise\u00f1o. Me hace sentir como si estuviera usando una pieza de arte o de colecci\u00f3n en lugar de un molinillo normal.<\/p>\n<p>Lo que m\u00e1s me gusta es que el<strong> Molinillo de marihuana con criba Pollen Catche<\/strong>r est\u00e1 equipado con un filtro met\u00e1lico ultrafino, que puede recoger kief en la mayor medida posible. \u00a1Es simplemente perfecto! El dise\u00f1o de la malla es fino, por lo que incluso si se muele de una sola vez, el efecto ser\u00e1 muy uniforme, y no habr\u00e1 grumos \u00e1speros demasiado grandes.<\/p>\n<p>Me gusta abrirlo y olerlo antes de cada fiesta. El aroma de la hierba reci\u00e9n molida es sencillamente adictivo. Por supuesto, lo m\u00e1s importante es que me permite hacer f\u00e1cilmente porros y materiales de cocina sin preocuparme por las impurezas.<\/p>\n<div class=\"detailmodule_html\">\n<div class=\"detail-desc-decorate-richtext\">\n<p><b style=\"box-sizing: border-box; padding: 0px; margin: 0px; font-weight: bolder; color: #000000; font-family: arial, helvetica, sans-serif; font-size: 20px; font-style: normal; font-variant-ligatures: normal; font-variant-caps: normal; letter-spacing: normal; orphans: 2; text-align: justify; text-indent: 0px; text-transform: none; white-space: normal; widows: 2; word-spacing: 0px; -webkit-text-stroke-width: 0px; background-color: #ffffff; text-decoration-style: initial; text-decoration-color: initial;\"><span style=\"box-sizing: border-box; padding: 0px; margin: 0px; max-width: 100%; word-break: break-word;\"><span style=\"box-sizing: border-box; padding: 0px; margin: 0px; max-width: 100%; word-break: break-word; font-weight: bold;\">Caracter\u00edsticas del art\u00edculo<\/span><\/span><\/b><br style=\"box-sizing: border-box; padding: 0px; margin: 0px; color: #000000; font-family: arial, helvetica, sans-serif; font-size: 20px; font-style: normal; font-variant-ligatures: normal; font-variant-caps: normal; font-weight: 400; letter-spacing: normal; orphans: 2; text-align: justify; text-indent: 0px; text-transform: none; white-space: normal; widows: 2; word-spacing: 0px; -webkit-text-stroke-width: 0px; background-color: #ffffff; text-decoration-style: initial; text-decoration-color: initial;\" \/><span style=\"color: #000000; font-family: arial, helvetica, sans-serif; font-size: 20px; font-style: normal; font-variant-ligatures: normal; font-variant-caps: normal; font-weight: 400; letter-spacing: normal; orphans: 2; text-align: justify; text-indent: 0px; text-transform: none; white-space: normal; widows: 2; word-spacing: 0px; -webkit-text-stroke-width: 0px; background-color: #ffffff; text-decoration-style: initial; text-decoration-color: initial; display: inline !important; float: none;\">Nombre del producto:\u00a0<\/span> <span style=\"color: #000000; font-family: arial, helvetica, sans-serif; font-size: 20px; font-style: normal; font-variant-ligatures: normal; font-variant-caps: normal; font-weight: 400; letter-spacing: normal; orphans: 2; text-align: justify; text-indent: 0px; text-transform: none; white-space: normal; widows: 2; word-spacing: 0px; -webkit-text-stroke-width: 0px; background-color: #ffffff; text-decoration-style: initial; text-decoration-color: initial; display: inline !important; float: none;\">\u00a0<\/span> <span style=\"box-sizing: border-box; padding: 0px; margin: 0px; max-width: 100%; word-break: break-word; color: #000000; font-family: arial, helvetica, sans-serif; font-size: 20px; font-style: normal; font-variant-ligatures: normal; font-variant-caps: normal; font-weight: 400; letter-spacing: normal; orphans: 2; text-align: justify; text-indent: 0px; text-transform: none; white-space: normal; widows: 2; word-spacing: 0px; -webkit-text-stroke-width: 0px; background-color: #ffffff; text-decoration-style: initial; text-decoration-color: initial;\"><span style=\"box-sizing: border-box; padding: 0px; margin: 0px; max-width: 100%; word-break: break-word;\">Cuatro capas<\/span><\/span> <span style=\"color: #000000; font-family: arial, helvetica, sans-serif; font-size: 20px; font-style: normal; font-variant-ligatures: normal; font-variant-caps: normal; font-weight: 400; letter-spacing: normal; orphans: 2; text-align: justify; text-indent: 0px; text-transform: none; white-space: normal; widows: 2; word-spacing: 0px; -webkit-text-stroke-width: 0px; background-color: #ffffff; text-decoration-style: initial; text-decoration-color: initial; display: inline !important; float: none;\">\u00a0<\/span>\u00a0<br style=\"box-sizing: border-box; padding: 0px; margin: 0px; color: #000000; font-family: arial, helvetica, sans-serif; font-size: 20px; font-style: normal; font-variant-ligatures: normal; font-variant-caps: normal; font-weight: 400; letter-spacing: normal; orphans: 2; text-align: justify; text-indent: 0px; text-transform: none; white-space: normal; widows: 2; word-spacing: 0px; -webkit-text-stroke-width: 0px; background-color: #ffffff; text-decoration-style: initial; text-decoration-color: initial;\" \/><span style=\"color: #000000; font-family: arial, helvetica, sans-serif; font-size: 20px; font-style: normal; font-variant-ligatures: normal; font-variant-caps: normal; font-weight: 400; letter-spacing: normal; orphans: 2; text-align: justify; text-indent: 0px; text-transform: none; white-space: normal; widows: 2; word-spacing: 0px; -webkit-text-stroke-width: 0px; background-color: #ffffff; text-decoration-style: initial; text-decoration-color: initial; display: inline !important; float: none;\">Material:\u00a0<\/span> <span style=\"box-sizing: border-box; padding: 0px; margin: 0px; max-width: 100%; word-break: break-word; color: #000000; font-family: arial, helvetica, sans-serif; font-size: 20px; font-style: normal; font-variant-ligatures: normal; font-variant-caps: normal; font-weight: 400; letter-spacing: normal; orphans: 2; text-align: justify; text-indent: 0px; text-transform: none; white-space: normal; widows: 2; word-spacing: 0px; -webkit-text-stroke-width: 0px; background-color: #ffffff; text-decoration-style: initial; text-decoration-color: initial;\"><span style=\"box-sizing: border-box; padding: 0px; margin: 0px; max-width: 100%; word-break: break-word;\">Aleaci\u00f3n de zinc H92mm*D63mm Peso:295g<\/span><\/span><br style=\"box-sizing: border-box; padding: 0px; margin: 0px; color: #000000; font-family: arial, helvetica, sans-serif; font-size: 20px; font-style: normal; font-variant-ligatures: normal; font-variant-caps: normal; font-weight: 400; letter-spacing: normal; orphans: 2; text-align: justify; text-indent: 0px; text-transform: none; white-space: normal; widows: 2; word-spacing: 0px; -webkit-text-stroke-width: 0px; background-color: #ffffff; text-decoration-style: initial; text-decoration-color: initial;\" \/><br style=\"box-sizing: border-box; padding: 0px; margin: 0px; color: #000000; font-family: arial, helvetica, sans-serif; font-size: 20px; font-style: normal; font-variant-ligatures: normal; font-variant-caps: normal; font-weight: 400; letter-spacing: normal; orphans: 2; text-align: justify; text-indent: 0px; text-transform: none; white-space: normal; widows: 2; word-spacing: 0px; -webkit-text-stroke-width: 0px; background-color: #ffffff; text-decoration-style: initial; text-decoration-color: initial;\" \/><\/p>\n<p style=\"text-align: left; margin: 0;\"><img decoding=\"async\" src=\"https:\/\/ae01.alicdn.com\/kf\/Ha8a27cb425284f11934ef80748b6b0db8.jpg?width=1000&amp;height=1000&amp;hash=2000\" \/><\/p>\n<p>&nbsp;<\/p>\n<p style=\"text-align: left; margin: 0;\"><img decoding=\"async\" src=\"https:\/\/ae01.alicdn.com\/kf\/S8850ee4ba12341e580a0530f9847d13c2.jpg?width=1000&amp;height=1000&amp;hash=2000\" \/><img decoding=\"async\" src=\"https:\/\/ae01.alicdn.com\/kf\/S6a1dd4d14e0f4c3daa24acd16bb9dead8.jpg?width=1000&amp;height=1000&amp;hash=2000\" \/><img decoding=\"async\" src=\"https:\/\/ae01.alicdn.com\/kf\/Sb078604cbba6416fad2a64d29661a616a.jpg?width=1000&amp;height=1000&amp;hash=2000\" \/><img decoding=\"async\" src=\"https:\/\/ae01.alicdn.com\/kf\/S16da928dcd5b4b809d27f2a3eb40b3b3t.jpg?width=1000&amp;height=1000&amp;hash=2000\" \/><img decoding=\"async\" src=\"https:\/\/ae01.alicdn.com\/kf\/S3eb6e9ec0437427f9347a4f6d7e207714.jpg?width=1000&amp;height=1000&amp;hash=2000\" \/><\/p>\n<\/div>\n<\/div>","protected":false},"excerpt":{"rendered":"<p>este molinillo de marihuana de 4 capas con criba atrapa polen esta hecho de material de aleacion de zinc H92mm*D63mm, pesa 295 gramos. Las cuatro capas<\/p>","protected":false},"featured_media":22734,"comment_status":"closed","ping_status":"closed","template":"","meta":{"iawp_total_views":0,"_joinchat":[]},"product_brand":[],"product_cat":[770],"product_tag":[],"class_list":{"0":"post-22733","1":"product","2":"type-product","3":"status-publish","4":"has-post-thumbnail","6":"product_cat-wholesale-grinder","8":"first","9":"instock","10":"shipping-taxable","11":"product-type-external"},"yoast_head":"<!-- This site is optimized with the Yoast SEO Premium plugin v24.7 (Yoast SEO v26.8) - https:\/\/yoast.com\/product\/yoast-seo-premium-wordpress\/ -->\n<title>4 Layer marijuana grinder with Screen Pollen Catcher wholesale - Global Hookah<\/title>\n<meta name=\"robots\" content=\"index, follow, max-snippet:-1, max-image-preview:large, max-video-preview:-1\" \/>\n<link rel=\"canonical\" href=\"https:\/\/global-hookah.com\/es\/producto\/triturador-de-marihuana-de-4-capas-con-criba-captador-de-polen-al-por-mayor-triturador-de-hierba-de-4-capas-con-malla-63mm\/\" \/>\n<meta property=\"og:locale\" content=\"es_ES\" \/>\n<meta property=\"og:type\" content=\"article\" \/>\n<meta property=\"og:title\" content=\"4 Layer marijuana grinder with Screen Pollen Catcher wholesale\" \/>\n<meta property=\"og:description\" content=\"this 4-layer marijuana grinder with Screen Pollen Catcher is made of H92mm*D63mm zinc alloy material, weighing 295 grams. The four-layer\" \/>\n<meta property=\"og:url\" content=\"https:\/\/global-hookah.com\/es\/producto\/triturador-de-marihuana-de-4-capas-con-criba-captador-de-polen-al-por-mayor-triturador-de-hierba-de-4-capas-con-malla-63mm\/\" \/>\n<meta property=\"og:site_name\" content=\"Global Hookah\" \/>\n<meta property=\"article:modified_time\" content=\"2024-05-17T03:21:33+00:00\" \/>\n<meta property=\"og:image\" content=\"https:\/\/global-hookah.com\/wp-content\/uploads\/2024\/05\/kf-Sbb18e88e62cd4704b73733b628b35a190-Lion-Style-Tobacco-Grinder-Crusher-4-Layer-Mesh-Screen-Pollen-Catcher-Herb-63mm-Crusher.webp\" \/>\n\t<meta property=\"og:image:width\" content=\"1000\" \/>\n\t<meta property=\"og:image:height\" content=\"1000\" \/>\n\t<meta property=\"og:image:type\" content=\"image\/webp\" \/>\n<meta name=\"twitter:card\" content=\"summary_large_image\" \/>\n<meta name=\"twitter:label1\" content=\"Tiempo de lectura\" \/>\n\t<meta name=\"twitter:data1\" content=\"1 minuto\" \/>\n<script type=\"application\/ld+json\" class=\"yoast-schema-graph\">{\"@context\":\"https:\/\/schema.org\",\"@graph\":[{\"@type\":\"WebPage\",\"@id\":\"https:\/\/global-hookah.com\/es\/producto\/triturador-de-marihuana-de-4-capas-con-criba-captador-de-polen-al-por-mayor-triturador-de-hierba-de-4-capas-con-malla-63mm\/\",\"url\":\"https:\/\/global-hookah.com\/es\/producto\/triturador-de-marihuana-de-4-capas-con-criba-captador-de-polen-al-por-mayor-triturador-de-hierba-de-4-capas-con-malla-63mm\/\",\"name\":\"4 Layer marijuana grinder with Screen Pollen Catcher wholesale - Global Hookah\",\"isPartOf\":{\"@id\":\"https:\/\/global-hookah.com\/#website\"},\"primaryImageOfPage\":{\"@id\":\"https:\/\/global-hookah.com\/es\/producto\/triturador-de-marihuana-de-4-capas-con-criba-captador-de-polen-al-por-mayor-triturador-de-hierba-de-4-capas-con-malla-63mm\/#primaryimage\"},\"image\":{\"@id\":\"https:\/\/global-hookah.com\/es\/producto\/triturador-de-marihuana-de-4-capas-con-criba-captador-de-polen-al-por-mayor-triturador-de-hierba-de-4-capas-con-malla-63mm\/#primaryimage\"},\"thumbnailUrl\":\"https:\/\/global-hookah.com\/wp-content\/uploads\/2024\/05\/kf-Sbb18e88e62cd4704b73733b628b35a190-Lion-Style-Tobacco-Grinder-Crusher-4-Layer-Mesh-Screen-Pollen-Catcher-Herb-63mm-Crusher.webp\",\"datePublished\":\"2024-05-15T11:16:09+00:00\",\"dateModified\":\"2024-05-17T03:21:33+00:00\",\"breadcrumb\":{\"@id\":\"https:\/\/global-hookah.com\/es\/producto\/triturador-de-marihuana-de-4-capas-con-criba-captador-de-polen-al-por-mayor-triturador-de-hierba-de-4-capas-con-malla-63mm\/#breadcrumb\"},\"inLanguage\":\"es\",\"potentialAction\":[{\"@type\":\"ReadAction\",\"target\":[\"https:\/\/global-hookah.com\/es\/producto\/triturador-de-marihuana-de-4-capas-con-criba-captador-de-polen-al-por-mayor-triturador-de-hierba-de-4-capas-con-malla-63mm\/\"]}]},{\"@type\":\"ImageObject\",\"inLanguage\":\"es\",\"@id\":\"https:\/\/global-hookah.com\/es\/producto\/triturador-de-marihuana-de-4-capas-con-criba-captador-de-polen-al-por-mayor-triturador-de-hierba-de-4-capas-con-malla-63mm\/#primaryimage\",\"url\":\"https:\/\/global-hookah.com\/wp-content\/uploads\/2024\/05\/kf-Sbb18e88e62cd4704b73733b628b35a190-Lion-Style-Tobacco-Grinder-Crusher-4-Layer-Mesh-Screen-Pollen-Catcher-Herb-63mm-Crusher.webp\",\"contentUrl\":\"https:\/\/global-hookah.com\/wp-content\/uploads\/2024\/05\/kf-Sbb18e88e62cd4704b73733b628b35a190-Lion-Style-Tobacco-Grinder-Crusher-4-Layer-Mesh-Screen-Pollen-Catcher-Herb-63mm-Crusher.webp\",\"width\":1000,\"height\":1000,\"caption\":\"4 Layer marijuana grinder with Screen Pollen Catcher wholesale\"},{\"@type\":\"BreadcrumbList\",\"@id\":\"https:\/\/global-hookah.com\/es\/producto\/triturador-de-marihuana-de-4-capas-con-criba-captador-de-polen-al-por-mayor-triturador-de-hierba-de-4-capas-con-malla-63mm\/#breadcrumb\",\"itemListElement\":[{\"@type\":\"ListItem\",\"position\":1,\"name\":\"Home\",\"item\":\"https:\/\/global-hookah.com\/\"},{\"@type\":\"ListItem\",\"position\":2,\"name\":\"Shop\",\"item\":\"https:\/\/global-hookah.com\/shop\/\"},{\"@type\":\"ListItem\",\"position\":3,\"name\":\"4 Layer marijuana grinder with Screen Pollen Catcher wholesale\"}]},{\"@type\":\"WebSite\",\"@id\":\"https:\/\/global-hookah.com\/#website\",\"url\":\"https:\/\/global-hookah.com\/\",\"name\":\"Global Hookah\",\"description\":\"Global Hookah\",\"publisher\":{\"@id\":\"https:\/\/global-hookah.com\/#organization\"},\"potentialAction\":[{\"@type\":\"SearchAction\",\"target\":{\"@type\":\"EntryPoint\",\"urlTemplate\":\"https:\/\/global-hookah.com\/?s={search_term_string}\"},\"query-input\":{\"@type\":\"PropertyValueSpecification\",\"valueRequired\":true,\"valueName\":\"search_term_string\"}}],\"inLanguage\":\"es\"},{\"@type\":\"Organization\",\"@id\":\"https:\/\/global-hookah.com\/#organization\",\"name\":\"Global Hookah\",\"url\":\"https:\/\/global-hookah.com\/\",\"logo\":{\"@type\":\"ImageObject\",\"inLanguage\":\"es\",\"@id\":\"https:\/\/global-hookah.com\/#\/schema\/logo\/image\/\",\"url\":\"https:\/\/global-hookah.com\/wp-content\/uploads\/2021\/10\/cropped-fgg.png\",\"contentUrl\":\"https:\/\/global-hookah.com\/wp-content\/uploads\/2021\/10\/cropped-fgg.png\",\"width\":512,\"height\":512,\"caption\":\"Global Hookah\"},\"image\":{\"@id\":\"https:\/\/global-hookah.com\/#\/schema\/logo\/image\/\"}}]}<\/script>\n<!-- \/ Yoast SEO Premium plugin. -->","yoast_head_json":{"title":"Grinder de marihuana de 4 capas con criba captadora de polen al por mayor - Global Hookah","robots":{"index":"index","follow":"follow","max-snippet":"max-snippet:-1","max-image-preview":"max-image-preview:large","max-video-preview":"max-video-preview:-1"},"canonical":"https:\/\/global-hookah.com\/es\/producto\/triturador-de-marihuana-de-4-capas-con-criba-captador-de-polen-al-por-mayor-triturador-de-hierba-de-4-capas-con-malla-63mm\/","og_locale":"es_ES","og_type":"article","og_title":"4 Layer marijuana grinder with Screen Pollen Catcher wholesale","og_description":"this 4-layer marijuana grinder with Screen Pollen Catcher is made of H92mm*D63mm zinc alloy material, weighing 295 grams. The four-layer","og_url":"https:\/\/global-hookah.com\/es\/producto\/triturador-de-marihuana-de-4-capas-con-criba-captador-de-polen-al-por-mayor-triturador-de-hierba-de-4-capas-con-malla-63mm\/","og_site_name":"Global Hookah","article_modified_time":"2024-05-17T03:21:33+00:00","og_image":[{"width":1000,"height":1000,"url":"https:\/\/global-hookah.com\/wp-content\/uploads\/2024\/05\/kf-Sbb18e88e62cd4704b73733b628b35a190-Lion-Style-Tobacco-Grinder-Crusher-4-Layer-Mesh-Screen-Pollen-Catcher-Herb-63mm-Crusher.webp","type":"image\/webp"}],"twitter_card":"summary_large_image","twitter_misc":{"Tiempo de lectura":"1 minuto"},"schema":{"@context":"https:\/\/schema.org","@graph":[{"@type":"WebPage","@id":"https:\/\/global-hookah.com\/es\/producto\/triturador-de-marihuana-de-4-capas-con-criba-captador-de-polen-al-por-mayor-triturador-de-hierba-de-4-capas-con-malla-63mm\/","url":"https:\/\/global-hookah.com\/es\/producto\/triturador-de-marihuana-de-4-capas-con-criba-captador-de-polen-al-por-mayor-triturador-de-hierba-de-4-capas-con-malla-63mm\/","name":"Grinder de marihuana de 4 capas con criba captadora de polen al por mayor - Global Hookah","isPartOf":{"@id":"https:\/\/global-hookah.com\/#website"},"primaryImageOfPage":{"@id":"https:\/\/global-hookah.com\/es\/producto\/triturador-de-marihuana-de-4-capas-con-criba-captador-de-polen-al-por-mayor-triturador-de-hierba-de-4-capas-con-malla-63mm\/#primaryimage"},"image":{"@id":"https:\/\/global-hookah.com\/es\/producto\/triturador-de-marihuana-de-4-capas-con-criba-captador-de-polen-al-por-mayor-triturador-de-hierba-de-4-capas-con-malla-63mm\/#primaryimage"},"thumbnailUrl":"https:\/\/global-hookah.com\/wp-content\/uploads\/2024\/05\/kf-Sbb18e88e62cd4704b73733b628b35a190-Lion-Style-Tobacco-Grinder-Crusher-4-Layer-Mesh-Screen-Pollen-Catcher-Herb-63mm-Crusher.webp","datePublished":"2024-05-15T11:16:09+00:00","dateModified":"2024-05-17T03:21:33+00:00","breadcrumb":{"@id":"https:\/\/global-hookah.com\/es\/producto\/triturador-de-marihuana-de-4-capas-con-criba-captador-de-polen-al-por-mayor-triturador-de-hierba-de-4-capas-con-malla-63mm\/#breadcrumb"},"inLanguage":"es","potentialAction":[{"@type":"ReadAction","target":["https:\/\/global-hookah.com\/es\/producto\/triturador-de-marihuana-de-4-capas-con-criba-captador-de-polen-al-por-mayor-triturador-de-hierba-de-4-capas-con-malla-63mm\/"]}]},{"@type":"ImageObject","inLanguage":"es","@id":"https:\/\/global-hookah.com\/es\/producto\/triturador-de-marihuana-de-4-capas-con-criba-captador-de-polen-al-por-mayor-triturador-de-hierba-de-4-capas-con-malla-63mm\/#primaryimage","url":"https:\/\/global-hookah.com\/wp-content\/uploads\/2024\/05\/kf-Sbb18e88e62cd4704b73733b628b35a190-Lion-Style-Tobacco-Grinder-Crusher-4-Layer-Mesh-Screen-Pollen-Catcher-Herb-63mm-Crusher.webp","contentUrl":"https:\/\/global-hookah.com\/wp-content\/uploads\/2024\/05\/kf-Sbb18e88e62cd4704b73733b628b35a190-Lion-Style-Tobacco-Grinder-Crusher-4-Layer-Mesh-Screen-Pollen-Catcher-Herb-63mm-Crusher.webp","width":1000,"height":1000,"caption":"4 Layer marijuana grinder with Screen Pollen Catcher wholesale"},{"@type":"BreadcrumbList","@id":"https:\/\/global-hookah.com\/es\/producto\/triturador-de-marihuana-de-4-capas-con-criba-captador-de-polen-al-por-mayor-triturador-de-hierba-de-4-capas-con-malla-63mm\/#breadcrumb","itemListElement":[{"@type":"ListItem","position":1,"name":"Home","item":"https:\/\/global-hookah.com\/"},{"@type":"ListItem","position":2,"name":"Shop","item":"https:\/\/global-hookah.com\/shop\/"},{"@type":"ListItem","position":3,"name":"4 Layer marijuana grinder with Screen Pollen Catcher wholesale"}]},{"@type":"WebSite","@id":"https:\/\/global-hookah.com\/#website","url":"https:\/\/global-hookah.com\/","name":"Global Hookah","description":"Global Hookah","publisher":{"@id":"https:\/\/global-hookah.com\/#organization"},"potentialAction":[{"@type":"SearchAction","target":{"@type":"EntryPoint","urlTemplate":"https:\/\/global-hookah.com\/?s={search_term_string}"},"query-input":{"@type":"PropertyValueSpecification","valueRequired":true,"valueName":"search_term_string"}}],"inLanguage":"es"},{"@type":"Organization","@id":"https:\/\/global-hookah.com\/#organization","name":"Global Hookah","url":"https:\/\/global-hookah.com\/","logo":{"@type":"ImageObject","inLanguage":"es","@id":"https:\/\/global-hookah.com\/#\/schema\/logo\/image\/","url":"https:\/\/global-hookah.com\/wp-content\/uploads\/2021\/10\/cropped-fgg.png","contentUrl":"https:\/\/global-hookah.com\/wp-content\/uploads\/2021\/10\/cropped-fgg.png","width":512,"height":512,"caption":"Global Hookah"},"image":{"@id":"https:\/\/global-hookah.com\/#\/schema\/logo\/image\/"}}]}},"_links":{"self":[{"href":"https:\/\/global-hookah.com\/es\/wp-json\/wp\/v2\/product\/22733","targetHints":{"allow":["GET"]}}],"collection":[{"href":"https:\/\/global-hookah.com\/es\/wp-json\/wp\/v2\/product"}],"about":[{"href":"https:\/\/global-hookah.com\/es\/wp-json\/wp\/v2\/types\/product"}],"replies":[{"embeddable":true,"href":"https:\/\/global-hookah.com\/es\/wp-json\/wp\/v2\/comments?post=22733"}],"version-history":[{"count":0,"href":"https:\/\/global-hookah.com\/es\/wp-json\/wp\/v2\/product\/22733\/revisions"}],"wp:featuredmedia":[{"embeddable":true,"href":"https:\/\/global-hookah.com\/es\/wp-json\/wp\/v2\/media\/22734"}],"wp:attachment":[{"href":"https:\/\/global-hookah.com\/es\/wp-json\/wp\/v2\/media?parent=22733"}],"wp:term":[{"taxonomy":"product_brand","embeddable":true,"href":"https:\/\/global-hookah.com\/es\/wp-json\/wp\/v2\/product_brand?post=22733"},{"taxonomy":"product_cat","embeddable":true,"href":"https:\/\/global-hookah.com\/es\/wp-json\/wp\/v2\/product_cat?post=22733"},{"taxonomy":"product_tag","embeddable":true,"href":"https:\/\/global-hookah.com\/es\/wp-json\/wp\/v2\/product_tag?post=22733"}],"curies":[{"name":"wp","href":"https:\/\/api.w.org\/{rel}","templated":true}]}}