{"id":22751,"date":"2024-05-15T11:51:08","date_gmt":"2024-05-15T11:51:08","guid":{"rendered":"https:\/\/global-hookah.com\/product\/bud-buster-grinder-with-drawer-hand-cranked-wholesale\/"},"modified":"2024-05-17T02:25:59","modified_gmt":"2024-05-17T02:25:59","slug":"bud-buster-grinder-with-drawer-hand-cranked-wholesale","status":"publish","type":"product","link":"https:\/\/global-hookah.com\/es\/producto\/bud-buster-grinder-with-drawer-hand-cranked-wholesale\/","title":{"rendered":"Bud buster grinder Con Caj\u00f3n Manivela Venta al por mayor"},"content":{"rendered":"<p>una cosa que hace que este <strong>Molinillo Bud Buster con caj\u00f3n accionado manualmente<\/strong> realmente \u00fanico es la manivela de la vieja escuela que utiliza. En lugar de tener que abrirlo y cerrarlo con las manos como un grinder normal, basta con girar esta manivela para moler el cogollo. Es mucho mejor que usar las manos para abrir y cerrar un grinder una y otra vez.<\/p>\n<p>En <strong>Molinillo Bud Buster Con Caj\u00f3n Accionado a Mano<\/strong> tiene una potente manivela en la tapa superior y una conexi\u00f3n roscada entre las dos capas superiores. Adem\u00e1s, la c\u00e1mara de almacenamiento permite a los usuarios recoger y almacenar f\u00e1cilmente el material de cannabis molido, minimizando el desorden y garantizando que ninguno de los preciosos tricomas se desperdicie.<\/p>\n<div class=\"detailmodule_html\">\n<div class=\"detail-desc-decorate-richtext\">\n<div>\n<p style=\"margin: 2px; font-family: Verdana, Arial, Helvetica, sans-serif; font-size: 10px; white-space: normal;\"><span style=\"font-family: arial, helvetica, sans-serif; font-size: small;\"><strong>Paquete incluido:<\/strong><\/span><\/p>\n<ul dir=\"ltr\" style=\"color: #333333; font-family: Arial, Verdana, sans-serif; font-size: 12px;\">\n<li><span style=\"color: #000000; font-family: arial, helvetica, sans-serif; font-size: small;\">1 x Molinillo de humo\u00a0<\/span><\/li>\n<\/ul>\n<p>&nbsp;<\/p>\n<\/div>\n<p><img decoding=\"async\" title=\"\" src=\"http:\/\/img2.tongtool.com\/s\/002262\/2020-11\/471369395650826240.jpg\" alt=\"01.jpg\" \/><\/p>\n<p><img decoding=\"async\" style=\"max-width: 100%;\" src=\"http:\/\/img2.tongtool.com\/s\/nlnnpptplpnpokntlsqwpnnoouppvrqusnrmGMDo.jpg\" \/><br \/>\n<img decoding=\"async\" style=\"max-width: 100%;\" src=\"http:\/\/img2.tongtool.com\/s\/AyAACCGCyCACBxAGyFDJCAABBHIICHEIJCIzTZQU.jpg\" \/><br \/>\n<img decoding=\"async\" style=\"max-width: 100%;\" src=\"http:\/\/img2.tongtool.com\/s\/mkmmoosokomonjmskrpvommnnqmsrvpoouvlFLCR.jpg\" \/><br \/>\n<img decoding=\"async\" style=\"max-width: 100%;\" src=\"http:\/\/img2.tongtool.com\/s\/vtvvxxBxtxvxwsvBtAyExvvwwAxACwwzBxAuOULW.jpg\" \/><br \/>\n<img decoding=\"async\" style=\"max-width: 100%;\" src=\"http:\/\/img2.tongtool.com\/s\/trttvvzvrvtvuqtzrywCvttuuyvABtBzuxxsMSJt.jpg\" \/><br \/>\n<img decoding=\"async\" style=\"max-width: 100%;\" src=\"http:\/\/img2.tongtool.com\/s\/kikkmmqmimkmlhkqipntmkkllplqtknomokjDJAn.jpg\" \/><br \/>\n<img decoding=\"async\" style=\"max-width: 100%;\" src=\"http:\/\/img2.tongtool.com\/s\/QOQQSSWSOSQSRNQWOVTZSQQRRWRWTQYUSYYP6c3q.jpg\" \/><br \/>\n<img decoding=\"async\" style=\"max-width: 100%;\" src=\"http:\/\/img2.tongtool.com\/s\/pnpprrvrnrprqmpvnusyrppqqvrspqysquroIOFu.jpg\" \/><br \/>\n<img decoding=\"async\" style=\"max-width: 100%;\" src=\"http:\/\/img2.tongtool.com\/s\/8688aaea6a8a958e6dbha8899edbed9ad9b7rxoZ.jpg\" \/><br \/>\n<img decoding=\"async\" style=\"max-width: 100%;\" src=\"http:\/\/img2.tongtool.com\/s\/sqssuuyuqusutpsyqxvBussttwsyxBvuuBsrLRIH.jpg\" \/><br \/>\n<img decoding=\"async\" style=\"max-width: 100%;\" src=\"http:\/\/img2.tongtool.com\/s\/omooqquqmqoqploumtrxqooppspuqsopqwonHNEN.jpg\" \/><br \/>\n<img decoding=\"async\" style=\"max-width: 100%;\" src=\"http:\/\/img2.tongtool.com\/s\/ECEEGGKGCGEGFBEKCJHNGEEFFLHLNJKLKFKDX0UU.jpg\" \/><\/p>\n<p>&nbsp;<\/p>\n<\/div>\n<\/div>","protected":false},"excerpt":{"rendered":"<p>Una cosa que hace realmente \u00fanica a esta amoladora Bud Buster con caj\u00f3n es la manivela manual de la vieja escuela que utiliza.<\/p>","protected":false},"featured_media":22752,"comment_status":"closed","ping_status":"closed","template":"","meta":{"iawp_total_views":2,"_joinchat":[]},"product_brand":[],"product_cat":[415],"product_tag":[],"class_list":{"0":"post-22751","1":"product","2":"type-product","3":"status-publish","4":"has-post-thumbnail","6":"product_cat-accessories","8":"first","9":"instock","10":"shipping-taxable","11":"product-type-external"},"yoast_head":"<!-- This site is optimized with the Yoast SEO Premium plugin v24.7 (Yoast SEO v26.8) - https:\/\/yoast.com\/product\/yoast-seo-premium-wordpress\/ -->\n<title>Bud buster grinder With Drawer Hand Cranked Wholesale - Global Hookah<\/title>\n<meta name=\"robots\" content=\"index, follow, max-snippet:-1, max-image-preview:large, max-video-preview:-1\" \/>\n<link rel=\"canonical\" href=\"https:\/\/global-hookah.com\/es\/producto\/bud-buster-grinder-con-cajon-de-manivela-al-por-mayor\/\" \/>\n<meta property=\"og:locale\" content=\"es_ES\" \/>\n<meta property=\"og:type\" content=\"article\" \/>\n<meta property=\"og:title\" content=\"Bud buster grinder With Drawer Hand Cranked Wholesale\" \/>\n<meta property=\"og:description\" content=\"one thing that makes this Bud Buster grinder With Drawer hand-cranked really unique is the old-school hand crank it uses.\" \/>\n<meta property=\"og:url\" content=\"https:\/\/global-hookah.com\/es\/producto\/bud-buster-grinder-con-cajon-de-manivela-al-por-mayor\/\" \/>\n<meta property=\"og:site_name\" content=\"Global Hookah\" \/>\n<meta property=\"article:modified_time\" content=\"2024-05-17T02:25:59+00:00\" \/>\n<meta property=\"og:image\" content=\"https:\/\/global-hookah.com\/wp-content\/uploads\/2024\/05\/kf-S40aada9753f0464a9adbe6325014225dJ-4-Layers-Herb-Grinder-Spice-Grinder-With-Drawer-Hand-Cranked-Clear-Top-Grinder-Smoke-Crusher-Crusher.webp\" \/>\n\t<meta property=\"og:image:width\" content=\"1000\" \/>\n\t<meta property=\"og:image:height\" content=\"1000\" \/>\n\t<meta property=\"og:image:type\" content=\"image\/webp\" \/>\n<meta name=\"twitter:card\" content=\"summary_large_image\" \/>\n<meta name=\"twitter:label1\" content=\"Tiempo de lectura\" \/>\n\t<meta name=\"twitter:data1\" content=\"5 minutos\" \/>\n<script type=\"application\/ld+json\" class=\"yoast-schema-graph\">{\"@context\":\"https:\/\/schema.org\",\"@graph\":[{\"@type\":\"WebPage\",\"@id\":\"https:\/\/global-hookah.com\/es\/producto\/bud-buster-grinder-con-cajon-de-manivela-al-por-mayor\/\",\"url\":\"https:\/\/global-hookah.com\/es\/producto\/bud-buster-grinder-con-cajon-de-manivela-al-por-mayor\/\",\"name\":\"Bud buster grinder With Drawer Hand Cranked Wholesale - Global Hookah\",\"isPartOf\":{\"@id\":\"https:\/\/global-hookah.com\/#website\"},\"primaryImageOfPage\":{\"@id\":\"https:\/\/global-hookah.com\/es\/producto\/bud-buster-grinder-con-cajon-de-manivela-al-por-mayor\/#primaryimage\"},\"image\":{\"@id\":\"https:\/\/global-hookah.com\/es\/producto\/bud-buster-grinder-con-cajon-de-manivela-al-por-mayor\/#primaryimage\"},\"thumbnailUrl\":\"https:\/\/global-hookah.com\/wp-content\/uploads\/2024\/05\/kf-S40aada9753f0464a9adbe6325014225dJ-4-Layers-Herb-Grinder-Spice-Grinder-With-Drawer-Hand-Cranked-Clear-Top-Grinder-Smoke-Crusher-Crusher.webp\",\"datePublished\":\"2024-05-15T11:51:08+00:00\",\"dateModified\":\"2024-05-17T02:25:59+00:00\",\"breadcrumb\":{\"@id\":\"https:\/\/global-hookah.com\/es\/producto\/bud-buster-grinder-con-cajon-de-manivela-al-por-mayor\/#breadcrumb\"},\"inLanguage\":\"es\",\"potentialAction\":[{\"@type\":\"ReadAction\",\"target\":[\"https:\/\/global-hookah.com\/es\/producto\/bud-buster-grinder-con-cajon-de-manivela-al-por-mayor\/\"]}]},{\"@type\":\"ImageObject\",\"inLanguage\":\"es\",\"@id\":\"https:\/\/global-hookah.com\/es\/producto\/bud-buster-grinder-con-cajon-de-manivela-al-por-mayor\/#primaryimage\",\"url\":\"https:\/\/global-hookah.com\/wp-content\/uploads\/2024\/05\/kf-S40aada9753f0464a9adbe6325014225dJ-4-Layers-Herb-Grinder-Spice-Grinder-With-Drawer-Hand-Cranked-Clear-Top-Grinder-Smoke-Crusher-Crusher.webp\",\"contentUrl\":\"https:\/\/global-hookah.com\/wp-content\/uploads\/2024\/05\/kf-S40aada9753f0464a9adbe6325014225dJ-4-Layers-Herb-Grinder-Spice-Grinder-With-Drawer-Hand-Cranked-Clear-Top-Grinder-Smoke-Crusher-Crusher.webp\",\"width\":1000,\"height\":1000,\"caption\":\"Bud buster grinder With Drawer Hand Cranked Wholesale\"},{\"@type\":\"BreadcrumbList\",\"@id\":\"https:\/\/global-hookah.com\/es\/producto\/bud-buster-grinder-con-cajon-de-manivela-al-por-mayor\/#breadcrumb\",\"itemListElement\":[{\"@type\":\"ListItem\",\"position\":1,\"name\":\"Home\",\"item\":\"https:\/\/global-hookah.com\/\"},{\"@type\":\"ListItem\",\"position\":2,\"name\":\"Shop\",\"item\":\"https:\/\/global-hookah.com\/shop\/\"},{\"@type\":\"ListItem\",\"position\":3,\"name\":\"Bud buster grinder With Drawer Hand Cranked Wholesale\"}]},{\"@type\":\"WebSite\",\"@id\":\"https:\/\/global-hookah.com\/#website\",\"url\":\"https:\/\/global-hookah.com\/\",\"name\":\"Global Hookah\",\"description\":\"Global Hookah\",\"publisher\":{\"@id\":\"https:\/\/global-hookah.com\/#organization\"},\"potentialAction\":[{\"@type\":\"SearchAction\",\"target\":{\"@type\":\"EntryPoint\",\"urlTemplate\":\"https:\/\/global-hookah.com\/?s={search_term_string}\"},\"query-input\":{\"@type\":\"PropertyValueSpecification\",\"valueRequired\":true,\"valueName\":\"search_term_string\"}}],\"inLanguage\":\"es\"},{\"@type\":\"Organization\",\"@id\":\"https:\/\/global-hookah.com\/#organization\",\"name\":\"Global Hookah\",\"url\":\"https:\/\/global-hookah.com\/\",\"logo\":{\"@type\":\"ImageObject\",\"inLanguage\":\"es\",\"@id\":\"https:\/\/global-hookah.com\/#\/schema\/logo\/image\/\",\"url\":\"https:\/\/global-hookah.com\/wp-content\/uploads\/2021\/10\/cropped-fgg.png\",\"contentUrl\":\"https:\/\/global-hookah.com\/wp-content\/uploads\/2021\/10\/cropped-fgg.png\",\"width\":512,\"height\":512,\"caption\":\"Global Hookah\"},\"image\":{\"@id\":\"https:\/\/global-hookah.com\/#\/schema\/logo\/image\/\"}}]}<\/script>\n<!-- \/ Yoast SEO Premium plugin. -->","yoast_head_json":{"title":"Bud buster grinder Con Caj\u00f3n Hand Cranked Venta al por mayor - Global Hookah","robots":{"index":"index","follow":"follow","max-snippet":"max-snippet:-1","max-image-preview":"max-image-preview:large","max-video-preview":"max-video-preview:-1"},"canonical":"https:\/\/global-hookah.com\/es\/producto\/bud-buster-grinder-con-cajon-de-manivela-al-por-mayor\/","og_locale":"es_ES","og_type":"article","og_title":"Bud buster grinder With Drawer Hand Cranked Wholesale","og_description":"one thing that makes this Bud Buster grinder With Drawer hand-cranked really unique is the old-school hand crank it uses.","og_url":"https:\/\/global-hookah.com\/es\/producto\/bud-buster-grinder-con-cajon-de-manivela-al-por-mayor\/","og_site_name":"Global Hookah","article_modified_time":"2024-05-17T02:25:59+00:00","og_image":[{"width":1000,"height":1000,"url":"https:\/\/global-hookah.com\/wp-content\/uploads\/2024\/05\/kf-S40aada9753f0464a9adbe6325014225dJ-4-Layers-Herb-Grinder-Spice-Grinder-With-Drawer-Hand-Cranked-Clear-Top-Grinder-Smoke-Crusher-Crusher.webp","type":"image\/webp"}],"twitter_card":"summary_large_image","twitter_misc":{"Tiempo de lectura":"5 minutos"},"schema":{"@context":"https:\/\/schema.org","@graph":[{"@type":"WebPage","@id":"https:\/\/global-hookah.com\/es\/producto\/bud-buster-grinder-con-cajon-de-manivela-al-por-mayor\/","url":"https:\/\/global-hookah.com\/es\/producto\/bud-buster-grinder-con-cajon-de-manivela-al-por-mayor\/","name":"Bud buster grinder Con Caj\u00f3n Hand Cranked Venta al por mayor - Global Hookah","isPartOf":{"@id":"https:\/\/global-hookah.com\/#website"},"primaryImageOfPage":{"@id":"https:\/\/global-hookah.com\/es\/producto\/bud-buster-grinder-con-cajon-de-manivela-al-por-mayor\/#primaryimage"},"image":{"@id":"https:\/\/global-hookah.com\/es\/producto\/bud-buster-grinder-con-cajon-de-manivela-al-por-mayor\/#primaryimage"},"thumbnailUrl":"https:\/\/global-hookah.com\/wp-content\/uploads\/2024\/05\/kf-S40aada9753f0464a9adbe6325014225dJ-4-Layers-Herb-Grinder-Spice-Grinder-With-Drawer-Hand-Cranked-Clear-Top-Grinder-Smoke-Crusher-Crusher.webp","datePublished":"2024-05-15T11:51:08+00:00","dateModified":"2024-05-17T02:25:59+00:00","breadcrumb":{"@id":"https:\/\/global-hookah.com\/es\/producto\/bud-buster-grinder-con-cajon-de-manivela-al-por-mayor\/#breadcrumb"},"inLanguage":"es","potentialAction":[{"@type":"ReadAction","target":["https:\/\/global-hookah.com\/es\/producto\/bud-buster-grinder-con-cajon-de-manivela-al-por-mayor\/"]}]},{"@type":"ImageObject","inLanguage":"es","@id":"https:\/\/global-hookah.com\/es\/producto\/bud-buster-grinder-con-cajon-de-manivela-al-por-mayor\/#primaryimage","url":"https:\/\/global-hookah.com\/wp-content\/uploads\/2024\/05\/kf-S40aada9753f0464a9adbe6325014225dJ-4-Layers-Herb-Grinder-Spice-Grinder-With-Drawer-Hand-Cranked-Clear-Top-Grinder-Smoke-Crusher-Crusher.webp","contentUrl":"https:\/\/global-hookah.com\/wp-content\/uploads\/2024\/05\/kf-S40aada9753f0464a9adbe6325014225dJ-4-Layers-Herb-Grinder-Spice-Grinder-With-Drawer-Hand-Cranked-Clear-Top-Grinder-Smoke-Crusher-Crusher.webp","width":1000,"height":1000,"caption":"Bud buster grinder With Drawer Hand Cranked Wholesale"},{"@type":"BreadcrumbList","@id":"https:\/\/global-hookah.com\/es\/producto\/bud-buster-grinder-con-cajon-de-manivela-al-por-mayor\/#breadcrumb","itemListElement":[{"@type":"ListItem","position":1,"name":"Home","item":"https:\/\/global-hookah.com\/"},{"@type":"ListItem","position":2,"name":"Shop","item":"https:\/\/global-hookah.com\/shop\/"},{"@type":"ListItem","position":3,"name":"Bud buster grinder With Drawer Hand Cranked Wholesale"}]},{"@type":"WebSite","@id":"https:\/\/global-hookah.com\/#website","url":"https:\/\/global-hookah.com\/","name":"Global Hookah","description":"Global Hookah","publisher":{"@id":"https:\/\/global-hookah.com\/#organization"},"potentialAction":[{"@type":"SearchAction","target":{"@type":"EntryPoint","urlTemplate":"https:\/\/global-hookah.com\/?s={search_term_string}"},"query-input":{"@type":"PropertyValueSpecification","valueRequired":true,"valueName":"search_term_string"}}],"inLanguage":"es"},{"@type":"Organization","@id":"https:\/\/global-hookah.com\/#organization","name":"Global Hookah","url":"https:\/\/global-hookah.com\/","logo":{"@type":"ImageObject","inLanguage":"es","@id":"https:\/\/global-hookah.com\/#\/schema\/logo\/image\/","url":"https:\/\/global-hookah.com\/wp-content\/uploads\/2021\/10\/cropped-fgg.png","contentUrl":"https:\/\/global-hookah.com\/wp-content\/uploads\/2021\/10\/cropped-fgg.png","width":512,"height":512,"caption":"Global Hookah"},"image":{"@id":"https:\/\/global-hookah.com\/#\/schema\/logo\/image\/"}}]}},"_links":{"self":[{"href":"https:\/\/global-hookah.com\/es\/wp-json\/wp\/v2\/product\/22751","targetHints":{"allow":["GET"]}}],"collection":[{"href":"https:\/\/global-hookah.com\/es\/wp-json\/wp\/v2\/product"}],"about":[{"href":"https:\/\/global-hookah.com\/es\/wp-json\/wp\/v2\/types\/product"}],"replies":[{"embeddable":true,"href":"https:\/\/global-hookah.com\/es\/wp-json\/wp\/v2\/comments?post=22751"}],"version-history":[{"count":0,"href":"https:\/\/global-hookah.com\/es\/wp-json\/wp\/v2\/product\/22751\/revisions"}],"wp:featuredmedia":[{"embeddable":true,"href":"https:\/\/global-hookah.com\/es\/wp-json\/wp\/v2\/media\/22752"}],"wp:attachment":[{"href":"https:\/\/global-hookah.com\/es\/wp-json\/wp\/v2\/media?parent=22751"}],"wp:term":[{"taxonomy":"product_brand","embeddable":true,"href":"https:\/\/global-hookah.com\/es\/wp-json\/wp\/v2\/product_brand?post=22751"},{"taxonomy":"product_cat","embeddable":true,"href":"https:\/\/global-hookah.com\/es\/wp-json\/wp\/v2\/product_cat?post=22751"},{"taxonomy":"product_tag","embeddable":true,"href":"https:\/\/global-hookah.com\/es\/wp-json\/wp\/v2\/product_tag?post=22751"}],"curies":[{"name":"wp","href":"https:\/\/api.w.org\/{rel}","templated":true}]}}