{"id":22769,"date":"2024-05-15T12:00:49","date_gmt":"2024-05-15T12:00:49","guid":{"rendered":"https:\/\/global-hookah.com\/product\/ceramic-cannabis-grinder-wholesale\/"},"modified":"2024-05-17T02:01:34","modified_gmt":"2024-05-17T02:01:34","slug":"ceramic-cannabis-grinder-wholesale","status":"publish","type":"product","link":"https:\/\/global-hookah.com\/es\/producto\/ceramic-cannabis-grinder-wholesale\/","title":{"rendered":"Molinillo de cer\u00e1mica para cannabis al por mayor"},"content":{"rendered":"<p>Para empezar, este<strong> Molinillo de cer\u00e1mica para cannabis<\/strong> est\u00e1 hecha completamente de cer\u00e1mica de primera calidad, no de esa basura de pl\u00e1stico barato que se rompe a los pocos usos. La cer\u00e1mica es dur\u00edsima y proporciona el molido m\u00e1s suave.<\/p>\n<p>Pero no se trata s\u00f3lo del aspecto. El material cer\u00e1mico crea la cantidad justa de fricci\u00f3n para triturar el cogollo hasta obtener una textura perfectamente esponjosa. Es perfecto para liar, envasar en cuencos, vaporizar... \u00a1lo que se te ocurra! Muele suavemente sin triturar demasiado la hierba ni dejarla demasiado fina.<\/p>\n<p>Y la limpieza es pan comido con el <strong>Molinillo de cer\u00e1mica para cannabis<\/strong> ya que no se pega como un <a href=\"https:\/\/global-hookah.com\/product-category\/wholesale-grinders\/\">amoladora de metal<\/a> hace. Todas las piezas se desmontan f\u00e1cilmente para lavarlas r\u00e1pidamente y mantenerlas como nuevas. Adem\u00e1s, el tacto de la cer\u00e1mica es muy agradable.<\/p>\n<div class=\"detailmodule_html\">\n<div class=\"detail-desc-decorate-richtext\">\n<div>\n<div>\n<p><img decoding=\"async\" src=\"https:\/\/ae03.alicdn.com\/kf\/S201b27691b5148a3b9f44ba1cedb5bafq.jpg\" \/><\/p>\n<div>\n<div>\n<div>\n<div style=\"text-align: center;\" align=\"center\">\n<p><img decoding=\"async\" src=\"https:\/\/ae01.alicdn.com\/kf\/S84f2c956a4774940bcde71e59316ba935.jpg\" \/><\/div>\n<\/div>\n<div>\n<div style=\"text-align: center;\" align=\"center\">\n<p><img decoding=\"async\" src=\"https:\/\/ae01.alicdn.com\/kf\/S65c6d037ede345bd92e37409914cbf06V.jpg\" \/><\/div>\n<\/div>\n<div>\n<div style=\"text-align: center;\" align=\"center\">\n<p><img decoding=\"async\" src=\"https:\/\/ae01.alicdn.com\/kf\/S37ea3d860f9141b6ac9b84a937172b2cp.jpg\" \/><\/div>\n<\/div>\n<div>\n<div style=\"text-align: center;\" align=\"center\">\n<p><img decoding=\"async\" src=\"https:\/\/ae01.alicdn.com\/kf\/Sc1051df63fcb48b0b2e6c244d9028280l.jpg\" \/> <img decoding=\"async\" src=\"https:\/\/ae01.alicdn.com\/kf\/S8c143434ed2e406596fc2c11a8fbc439n.jpg\" \/><\/div>\n<\/div>\n<\/div>\n<\/div>\n<\/div>\n<\/div>\n<\/div>\n<\/div>\n<p>&nbsp;<\/p>","protected":false},"excerpt":{"rendered":"<p>Para empezar, este molinillo de cannabis de cer\u00e1mica est\u00e1 hecho completamente de cer\u00e1mica de primera calidad, no esa basura de pl\u00e1stico barato que se rompe despu\u00e9s de<\/p>","protected":false},"featured_media":22770,"comment_status":"closed","ping_status":"closed","template":"","meta":{"iawp_total_views":0,"_joinchat":[]},"product_brand":[],"product_cat":[770],"product_tag":[],"class_list":{"0":"post-22769","1":"product","2":"type-product","3":"status-publish","4":"has-post-thumbnail","6":"product_cat-wholesale-grinder","8":"first","9":"instock","10":"shipping-taxable","11":"product-type-external"},"yoast_head":"<!-- This site is optimized with the Yoast SEO Premium plugin v24.7 (Yoast SEO v26.8) - https:\/\/yoast.com\/product\/yoast-seo-premium-wordpress\/ -->\n<title>Ceramic Cannabis Grinder Wholesale - Global Hookah<\/title>\n<meta name=\"robots\" content=\"index, follow, max-snippet:-1, max-image-preview:large, max-video-preview:-1\" \/>\n<link rel=\"canonical\" href=\"https:\/\/global-hookah.com\/es\/it\/prodotto\/macina-cannabis-in-ceramica-allingrosso\/\" \/>\n<meta property=\"og:locale\" content=\"es_ES\" \/>\n<meta property=\"og:type\" content=\"article\" \/>\n<meta property=\"og:title\" content=\"Ceramic Cannabis Grinder Wholesale\" \/>\n<meta property=\"og:description\" content=\"For starters, this Ceramic Cannabis Grinder is made entirely from premium ceramic, not that cheap plastic junk that breaks after\" \/>\n<meta property=\"og:url\" content=\"https:\/\/global-hookah.com\/es\/it\/prodotto\/macina-cannabis-in-ceramica-allingrosso\/\" \/>\n<meta property=\"og:site_name\" content=\"Global Hookah\" \/>\n<meta property=\"article:modified_time\" content=\"2024-05-17T02:01:34+00:00\" \/>\n<meta property=\"og:image\" content=\"https:\/\/global-hookah.com\/wp-content\/uploads\/2024\/05\/kf-S61408722aa3c47f891e7683d2b09205aj-Ceramic-Coating-Spice-Grinder-White-Nonstick-Ceramic-Coating-Metal-Grinder-4-Layers-63mm-2-5.webp\" \/>\n\t<meta property=\"og:image:width\" content=\"1000\" \/>\n\t<meta property=\"og:image:height\" content=\"1000\" \/>\n\t<meta property=\"og:image:type\" content=\"image\/webp\" \/>\n<meta name=\"twitter:card\" content=\"summary_large_image\" \/>\n<meta name=\"twitter:label1\" content=\"Tiempo de lectura\" \/>\n\t<meta name=\"twitter:data1\" content=\"3 minutos\" \/>\n<script type=\"application\/ld+json\" class=\"yoast-schema-graph\">{\"@context\":\"https:\/\/schema.org\",\"@graph\":[{\"@type\":\"WebPage\",\"@id\":\"https:\/\/global-hookah.com\/it\/prodotto\/macina-cannabis-in-ceramica-allingrosso\/\",\"url\":\"https:\/\/global-hookah.com\/it\/prodotto\/macina-cannabis-in-ceramica-allingrosso\/\",\"name\":\"Ceramic Cannabis Grinder Wholesale - Global Hookah\",\"isPartOf\":{\"@id\":\"https:\/\/global-hookah.com\/#website\"},\"primaryImageOfPage\":{\"@id\":\"https:\/\/global-hookah.com\/it\/prodotto\/macina-cannabis-in-ceramica-allingrosso\/#primaryimage\"},\"image\":{\"@id\":\"https:\/\/global-hookah.com\/it\/prodotto\/macina-cannabis-in-ceramica-allingrosso\/#primaryimage\"},\"thumbnailUrl\":\"https:\/\/global-hookah.com\/wp-content\/uploads\/2024\/05\/kf-S61408722aa3c47f891e7683d2b09205aj-Ceramic-Coating-Spice-Grinder-White-Nonstick-Ceramic-Coating-Metal-Grinder-4-Layers-63mm-2-5.webp\",\"datePublished\":\"2024-05-15T12:00:49+00:00\",\"dateModified\":\"2024-05-17T02:01:34+00:00\",\"breadcrumb\":{\"@id\":\"https:\/\/global-hookah.com\/it\/prodotto\/macina-cannabis-in-ceramica-allingrosso\/#breadcrumb\"},\"inLanguage\":\"es\",\"potentialAction\":[{\"@type\":\"ReadAction\",\"target\":[\"https:\/\/global-hookah.com\/it\/prodotto\/macina-cannabis-in-ceramica-allingrosso\/\"]}]},{\"@type\":\"ImageObject\",\"inLanguage\":\"es\",\"@id\":\"https:\/\/global-hookah.com\/it\/prodotto\/macina-cannabis-in-ceramica-allingrosso\/#primaryimage\",\"url\":\"https:\/\/global-hookah.com\/wp-content\/uploads\/2024\/05\/kf-S61408722aa3c47f891e7683d2b09205aj-Ceramic-Coating-Spice-Grinder-White-Nonstick-Ceramic-Coating-Metal-Grinder-4-Layers-63mm-2-5.webp\",\"contentUrl\":\"https:\/\/global-hookah.com\/wp-content\/uploads\/2024\/05\/kf-S61408722aa3c47f891e7683d2b09205aj-Ceramic-Coating-Spice-Grinder-White-Nonstick-Ceramic-Coating-Metal-Grinder-4-Layers-63mm-2-5.webp\",\"width\":1000,\"height\":1000,\"caption\":\"Ceramic Cannabis Grinder Wholesale\"},{\"@type\":\"BreadcrumbList\",\"@id\":\"https:\/\/global-hookah.com\/it\/prodotto\/macina-cannabis-in-ceramica-allingrosso\/#breadcrumb\",\"itemListElement\":[{\"@type\":\"ListItem\",\"position\":1,\"name\":\"Home\",\"item\":\"https:\/\/global-hookah.com\/\"},{\"@type\":\"ListItem\",\"position\":2,\"name\":\"Shop\",\"item\":\"https:\/\/global-hookah.com\/shop\/\"},{\"@type\":\"ListItem\",\"position\":3,\"name\":\"Ceramic Cannabis Grinder Wholesale\"}]},{\"@type\":\"WebSite\",\"@id\":\"https:\/\/global-hookah.com\/#website\",\"url\":\"https:\/\/global-hookah.com\/\",\"name\":\"Global Hookah\",\"description\":\"Global Hookah\",\"publisher\":{\"@id\":\"https:\/\/global-hookah.com\/#organization\"},\"potentialAction\":[{\"@type\":\"SearchAction\",\"target\":{\"@type\":\"EntryPoint\",\"urlTemplate\":\"https:\/\/global-hookah.com\/?s={search_term_string}\"},\"query-input\":{\"@type\":\"PropertyValueSpecification\",\"valueRequired\":true,\"valueName\":\"search_term_string\"}}],\"inLanguage\":\"es\"},{\"@type\":\"Organization\",\"@id\":\"https:\/\/global-hookah.com\/#organization\",\"name\":\"Global Hookah\",\"url\":\"https:\/\/global-hookah.com\/\",\"logo\":{\"@type\":\"ImageObject\",\"inLanguage\":\"es\",\"@id\":\"https:\/\/global-hookah.com\/#\/schema\/logo\/image\/\",\"url\":\"https:\/\/global-hookah.com\/wp-content\/uploads\/2021\/10\/cropped-fgg.png\",\"contentUrl\":\"https:\/\/global-hookah.com\/wp-content\/uploads\/2021\/10\/cropped-fgg.png\",\"width\":512,\"height\":512,\"caption\":\"Global Hookah\"},\"image\":{\"@id\":\"https:\/\/global-hookah.com\/#\/schema\/logo\/image\/\"}}]}<\/script>\n<!-- \/ Yoast SEO Premium plugin. -->","yoast_head_json":{"title":"Molinillo de Cer\u00e1mica para Cannabis al por mayor - Global Hookah","robots":{"index":"index","follow":"follow","max-snippet":"max-snippet:-1","max-image-preview":"max-image-preview:large","max-video-preview":"max-video-preview:-1"},"canonical":"https:\/\/global-hookah.com\/es\/it\/prodotto\/macina-cannabis-in-ceramica-allingrosso\/","og_locale":"es_ES","og_type":"article","og_title":"Ceramic Cannabis Grinder Wholesale","og_description":"For starters, this Ceramic Cannabis Grinder is made entirely from premium ceramic, not that cheap plastic junk that breaks after","og_url":"https:\/\/global-hookah.com\/es\/it\/prodotto\/macina-cannabis-in-ceramica-allingrosso\/","og_site_name":"Global Hookah","article_modified_time":"2024-05-17T02:01:34+00:00","og_image":[{"width":1000,"height":1000,"url":"https:\/\/global-hookah.com\/wp-content\/uploads\/2024\/05\/kf-S61408722aa3c47f891e7683d2b09205aj-Ceramic-Coating-Spice-Grinder-White-Nonstick-Ceramic-Coating-Metal-Grinder-4-Layers-63mm-2-5.webp","type":"image\/webp"}],"twitter_card":"summary_large_image","twitter_misc":{"Tiempo de lectura":"3 minutos"},"schema":{"@context":"https:\/\/schema.org","@graph":[{"@type":"WebPage","@id":"https:\/\/global-hookah.com\/it\/prodotto\/macina-cannabis-in-ceramica-allingrosso\/","url":"https:\/\/global-hookah.com\/it\/prodotto\/macina-cannabis-in-ceramica-allingrosso\/","name":"Molinillo de Cer\u00e1mica para Cannabis al por mayor - Global Hookah","isPartOf":{"@id":"https:\/\/global-hookah.com\/#website"},"primaryImageOfPage":{"@id":"https:\/\/global-hookah.com\/it\/prodotto\/macina-cannabis-in-ceramica-allingrosso\/#primaryimage"},"image":{"@id":"https:\/\/global-hookah.com\/it\/prodotto\/macina-cannabis-in-ceramica-allingrosso\/#primaryimage"},"thumbnailUrl":"https:\/\/global-hookah.com\/wp-content\/uploads\/2024\/05\/kf-S61408722aa3c47f891e7683d2b09205aj-Ceramic-Coating-Spice-Grinder-White-Nonstick-Ceramic-Coating-Metal-Grinder-4-Layers-63mm-2-5.webp","datePublished":"2024-05-15T12:00:49+00:00","dateModified":"2024-05-17T02:01:34+00:00","breadcrumb":{"@id":"https:\/\/global-hookah.com\/it\/prodotto\/macina-cannabis-in-ceramica-allingrosso\/#breadcrumb"},"inLanguage":"es","potentialAction":[{"@type":"ReadAction","target":["https:\/\/global-hookah.com\/it\/prodotto\/macina-cannabis-in-ceramica-allingrosso\/"]}]},{"@type":"ImageObject","inLanguage":"es","@id":"https:\/\/global-hookah.com\/it\/prodotto\/macina-cannabis-in-ceramica-allingrosso\/#primaryimage","url":"https:\/\/global-hookah.com\/wp-content\/uploads\/2024\/05\/kf-S61408722aa3c47f891e7683d2b09205aj-Ceramic-Coating-Spice-Grinder-White-Nonstick-Ceramic-Coating-Metal-Grinder-4-Layers-63mm-2-5.webp","contentUrl":"https:\/\/global-hookah.com\/wp-content\/uploads\/2024\/05\/kf-S61408722aa3c47f891e7683d2b09205aj-Ceramic-Coating-Spice-Grinder-White-Nonstick-Ceramic-Coating-Metal-Grinder-4-Layers-63mm-2-5.webp","width":1000,"height":1000,"caption":"Ceramic Cannabis Grinder Wholesale"},{"@type":"BreadcrumbList","@id":"https:\/\/global-hookah.com\/it\/prodotto\/macina-cannabis-in-ceramica-allingrosso\/#breadcrumb","itemListElement":[{"@type":"ListItem","position":1,"name":"Home","item":"https:\/\/global-hookah.com\/"},{"@type":"ListItem","position":2,"name":"Shop","item":"https:\/\/global-hookah.com\/shop\/"},{"@type":"ListItem","position":3,"name":"Ceramic Cannabis Grinder Wholesale"}]},{"@type":"WebSite","@id":"https:\/\/global-hookah.com\/#website","url":"https:\/\/global-hookah.com\/","name":"Global Hookah","description":"Global Hookah","publisher":{"@id":"https:\/\/global-hookah.com\/#organization"},"potentialAction":[{"@type":"SearchAction","target":{"@type":"EntryPoint","urlTemplate":"https:\/\/global-hookah.com\/?s={search_term_string}"},"query-input":{"@type":"PropertyValueSpecification","valueRequired":true,"valueName":"search_term_string"}}],"inLanguage":"es"},{"@type":"Organization","@id":"https:\/\/global-hookah.com\/#organization","name":"Global Hookah","url":"https:\/\/global-hookah.com\/","logo":{"@type":"ImageObject","inLanguage":"es","@id":"https:\/\/global-hookah.com\/#\/schema\/logo\/image\/","url":"https:\/\/global-hookah.com\/wp-content\/uploads\/2021\/10\/cropped-fgg.png","contentUrl":"https:\/\/global-hookah.com\/wp-content\/uploads\/2021\/10\/cropped-fgg.png","width":512,"height":512,"caption":"Global Hookah"},"image":{"@id":"https:\/\/global-hookah.com\/#\/schema\/logo\/image\/"}}]}},"_links":{"self":[{"href":"https:\/\/global-hookah.com\/es\/wp-json\/wp\/v2\/product\/22769","targetHints":{"allow":["GET"]}}],"collection":[{"href":"https:\/\/global-hookah.com\/es\/wp-json\/wp\/v2\/product"}],"about":[{"href":"https:\/\/global-hookah.com\/es\/wp-json\/wp\/v2\/types\/product"}],"replies":[{"embeddable":true,"href":"https:\/\/global-hookah.com\/es\/wp-json\/wp\/v2\/comments?post=22769"}],"version-history":[{"count":0,"href":"https:\/\/global-hookah.com\/es\/wp-json\/wp\/v2\/product\/22769\/revisions"}],"wp:featuredmedia":[{"embeddable":true,"href":"https:\/\/global-hookah.com\/es\/wp-json\/wp\/v2\/media\/22770"}],"wp:attachment":[{"href":"https:\/\/global-hookah.com\/es\/wp-json\/wp\/v2\/media?parent=22769"}],"wp:term":[{"taxonomy":"product_brand","embeddable":true,"href":"https:\/\/global-hookah.com\/es\/wp-json\/wp\/v2\/product_brand?post=22769"},{"taxonomy":"product_cat","embeddable":true,"href":"https:\/\/global-hookah.com\/es\/wp-json\/wp\/v2\/product_cat?post=22769"},{"taxonomy":"product_tag","embeddable":true,"href":"https:\/\/global-hookah.com\/es\/wp-json\/wp\/v2\/product_tag?post=22769"}],"curies":[{"name":"wp","href":"https:\/\/api.w.org\/{rel}","templated":true}]}}