{"id":22778,"date":"2024-05-15T12:03:06","date_gmt":"2024-05-15T12:03:06","guid":{"rendered":"https:\/\/global-hookah.com\/product\/2024-new-4-layers-portable-blue-grinder-wholesale\/"},"modified":"2024-05-17T01:50:47","modified_gmt":"2024-05-17T01:50:47","slug":"2024-new-4-layers-portable-blue-grinder-wholesale","status":"publish","type":"product","link":"https:\/\/global-hookah.com\/es\/producto\/2024-new-4-layers-portable-blue-grinder-wholesale\/","title":{"rendered":"2024 NUEVO 4 Capas Port\u00e1til Azul Grinder Venta al por mayor"},"content":{"rendered":"<p>Como usuario experimentado de hierba, entiendo perfectamente lo importante que es tener una <a href=\"https:\/\/global-hookah.com\/product-category\/wholesale-grinders\/\">amoladora de alta calidad<\/a> para disfrutar de tu hierba. Los molinillos de pl\u00e1stico normales simplemente no pueden ofrecer una molienda suave y consistente a lo largo del tiempo, pero este<strong> Grinder de cogollos<\/strong> es diferente. Utiliza una aleaci\u00f3n de zinc de alta calidad, por lo que es super fuerte - es super f\u00e1cil de moler la hierba en una textura fina y uniforme.<\/p>\n<div class=\"product-specs-list-container\">\n<p>El exclusivo dise\u00f1o dentado pulveriza r\u00e1pidamente la hierba hasta convertirla en un polvo suave mucho m\u00e1s r\u00e1pido que un molinillo normal. Incorpora un rascador para eliminar f\u00e1cilmente los restos de hierba y, gracias a su gran capacidad, dispondr\u00e1s de mucho espacio de almacenamiento.<\/p>\n<p>La tapa se acopla magn\u00e9ticamente, lo que hace que sea muy f\u00e1cil de usar: basta con girar las partes superior e inferior para moler. Adem\u00e1s de esto que estamos viendo, hay un raspador incorporado para que pueda obtener cada pedacito de kief sin desperdiciar ninguno.<\/p>\n<p>Si de verdad quieres sacarle el m\u00e1ximo partido a tu brote, este <strong>Grinder de cogollos<\/strong> es imprescindible. Est\u00e1 hecha para ofrecer un molido incre\u00edblemente suave en todo momento.<\/p>\n<p>Te lo digo, una vez que pruebes esto <strong>Grinder de cogollos<\/strong>No querr\u00e1 volver a usar los de pl\u00e1stico barato. As\u00ed que venga y p\u00f3ngase en contacto con nosotros para<strong> triturador de hojas<\/strong><\/p>\n<ul class=\"product-specs-list util-clearfix\">\n<li class=\"product-prop line-limit-length\"><span class=\"property-title\">Material:\u00a0<\/span><span class=\"property-desc line-limit-length\">Metal<\/span><\/li>\n<li class=\"product-prop line-limit-length\"><span class=\"property-title\">Tama\u00f1o:\u00a0<\/span><span class=\"property-desc line-limit-length\">40MM<\/span><\/li>\n<li class=\"product-prop line-limit-length\"><span class=\"property-title\">Al por mayor:\u00a0<\/span><span class=\"property-desc line-limit-length\">Acepte<\/span><\/li>\n<li class=\"product-prop line-limit-length\"><span class=\"property-title\">Drop Shipping:\u00a0<\/span><span class=\"property-desc line-limit-length\">Acepte<\/span><\/li>\n<li class=\"product-prop line-limit-length\"><span class=\"property-title\">Logotipo personalizado MOQ:\u00a0<\/span><span class=\"property-desc line-limit-length\">50 unidades para 1 modelo<\/span><\/li>\n<\/ul>\n<\/div>\n<p style=\"text-align: center;\" align=\"center\"><img decoding=\"async\" src=\"https:\/\/ae01.alicdn.com\/kf\/Sa70409dc71fc41c4a344096b3e966505R.jpg\" \/><img decoding=\"async\" src=\"https:\/\/ae01.alicdn.com\/kf\/S14d4eae8da5543eca0218ca524344c0dM.jpg\" \/><\/p>","protected":false},"excerpt":{"rendered":"<p>Como usuario experimentado de hierba, entiendo perfectamente lo importante que es tener un grinder de alta calidad para disfrutar realmente de la hierba.<\/p>","protected":false},"featured_media":22779,"comment_status":"closed","ping_status":"closed","template":"","meta":{"iawp_total_views":1,"_joinchat":[]},"product_brand":[],"product_cat":[770],"product_tag":[],"class_list":{"0":"post-22778","1":"product","2":"type-product","3":"status-publish","4":"has-post-thumbnail","6":"product_cat-wholesale-grinder","8":"first","9":"instock","10":"shipping-taxable","11":"purchasable","12":"product-type-variable"},"yoast_head":"<!-- This site is optimized with the Yoast SEO Premium plugin v24.7 (Yoast SEO v26.8) - https:\/\/yoast.com\/product\/yoast-seo-premium-wordpress\/ -->\n<title>2024 NEW 4 Layers Portable Blue Grinder Wholesale - Global Hookah<\/title>\n<meta name=\"robots\" content=\"index, follow, max-snippet:-1, max-image-preview:large, max-video-preview:-1\" \/>\n<link rel=\"canonical\" href=\"https:\/\/global-hookah.com\/es\/ru\/\u043f\u0440\u043e\u0434\u0443\u043a\u0442\/2024-new-4-layers-portable-blue-grinder-wholesale\/\" \/>\n<meta property=\"og:locale\" content=\"es_ES\" \/>\n<meta property=\"og:type\" content=\"article\" \/>\n<meta property=\"og:title\" content=\"2024 NEW 4 Layers Portable Blue Grinder Wholesale\" \/>\n<meta property=\"og:description\" content=\"As a seasoned weed user, I totally get how important it is to have a high-quality grinder to really enjoy\" \/>\n<meta property=\"og:url\" content=\"https:\/\/global-hookah.com\/es\/ru\/\u043f\u0440\u043e\u0434\u0443\u043a\u0442\/2024-new-4-layers-portable-blue-grinder-wholesale\/\" \/>\n<meta property=\"og:site_name\" content=\"Global Hookah\" \/>\n<meta property=\"article:modified_time\" content=\"2024-05-17T01:50:47+00:00\" \/>\n<meta property=\"og:image\" content=\"https:\/\/global-hookah.com\/wp-content\/uploads\/2024\/05\/kf-Sa70409dc71fc41c4a344096b3e966505R-2023-NEW-Bohe-Elephant-Blue-Grinder-Cutter-4-Layers-40MM-Portable-Metal-Spice-Tobacco-Grinder-Custom.webp\" \/>\n\t<meta property=\"og:image:width\" content=\"1000\" \/>\n\t<meta property=\"og:image:height\" content=\"1000\" \/>\n\t<meta property=\"og:image:type\" content=\"image\/webp\" \/>\n<meta name=\"twitter:card\" content=\"summary_large_image\" \/>\n<meta name=\"twitter:label1\" content=\"Tiempo de lectura\" \/>\n\t<meta name=\"twitter:data1\" content=\"2 minutos\" \/>\n<script type=\"application\/ld+json\" class=\"yoast-schema-graph\">{\"@context\":\"https:\/\/schema.org\",\"@graph\":[{\"@type\":\"WebPage\",\"@id\":\"https:\/\/global-hookah.com\/ru\/\u043f\u0440\u043e\u0434\u0443\u043a\u0442\/2024-new-4-layers-portable-blue-grinder-wholesale\/\",\"url\":\"https:\/\/global-hookah.com\/ru\/\u043f\u0440\u043e\u0434\u0443\u043a\u0442\/2024-new-4-layers-portable-blue-grinder-wholesale\/\",\"name\":\"2024 NEW 4 Layers Portable Blue Grinder Wholesale - Global Hookah\",\"isPartOf\":{\"@id\":\"https:\/\/global-hookah.com\/#website\"},\"primaryImageOfPage\":{\"@id\":\"https:\/\/global-hookah.com\/ru\/\u043f\u0440\u043e\u0434\u0443\u043a\u0442\/2024-new-4-layers-portable-blue-grinder-wholesale\/#primaryimage\"},\"image\":{\"@id\":\"https:\/\/global-hookah.com\/ru\/\u043f\u0440\u043e\u0434\u0443\u043a\u0442\/2024-new-4-layers-portable-blue-grinder-wholesale\/#primaryimage\"},\"thumbnailUrl\":\"https:\/\/global-hookah.com\/wp-content\/uploads\/2024\/05\/kf-Sa70409dc71fc41c4a344096b3e966505R-2023-NEW-Bohe-Elephant-Blue-Grinder-Cutter-4-Layers-40MM-Portable-Metal-Spice-Tobacco-Grinder-Custom.webp\",\"datePublished\":\"2024-05-15T12:03:06+00:00\",\"dateModified\":\"2024-05-17T01:50:47+00:00\",\"breadcrumb\":{\"@id\":\"https:\/\/global-hookah.com\/ru\/\u043f\u0440\u043e\u0434\u0443\u043a\u0442\/2024-new-4-layers-portable-blue-grinder-wholesale\/#breadcrumb\"},\"inLanguage\":\"es\",\"potentialAction\":[{\"@type\":\"ReadAction\",\"target\":[\"https:\/\/global-hookah.com\/ru\/\u043f\u0440\u043e\u0434\u0443\u043a\u0442\/2024-new-4-layers-portable-blue-grinder-wholesale\/\"]}]},{\"@type\":\"ImageObject\",\"inLanguage\":\"es\",\"@id\":\"https:\/\/global-hookah.com\/ru\/\u043f\u0440\u043e\u0434\u0443\u043a\u0442\/2024-new-4-layers-portable-blue-grinder-wholesale\/#primaryimage\",\"url\":\"https:\/\/global-hookah.com\/wp-content\/uploads\/2024\/05\/kf-Sa70409dc71fc41c4a344096b3e966505R-2023-NEW-Bohe-Elephant-Blue-Grinder-Cutter-4-Layers-40MM-Portable-Metal-Spice-Tobacco-Grinder-Custom.webp\",\"contentUrl\":\"https:\/\/global-hookah.com\/wp-content\/uploads\/2024\/05\/kf-Sa70409dc71fc41c4a344096b3e966505R-2023-NEW-Bohe-Elephant-Blue-Grinder-Cutter-4-Layers-40MM-Portable-Metal-Spice-Tobacco-Grinder-Custom.webp\",\"width\":1000,\"height\":1000,\"caption\":\"Blue Grinder Wholesale\"},{\"@type\":\"BreadcrumbList\",\"@id\":\"https:\/\/global-hookah.com\/ru\/\u043f\u0440\u043e\u0434\u0443\u043a\u0442\/2024-new-4-layers-portable-blue-grinder-wholesale\/#breadcrumb\",\"itemListElement\":[{\"@type\":\"ListItem\",\"position\":1,\"name\":\"Home\",\"item\":\"https:\/\/global-hookah.com\/\"},{\"@type\":\"ListItem\",\"position\":2,\"name\":\"Shop\",\"item\":\"https:\/\/global-hookah.com\/shop\/\"},{\"@type\":\"ListItem\",\"position\":3,\"name\":\"2024 NEW 4 Layers Portable Blue Grinder Wholesale\"}]},{\"@type\":\"WebSite\",\"@id\":\"https:\/\/global-hookah.com\/#website\",\"url\":\"https:\/\/global-hookah.com\/\",\"name\":\"Global Hookah\",\"description\":\"Global Hookah\",\"publisher\":{\"@id\":\"https:\/\/global-hookah.com\/#organization\"},\"potentialAction\":[{\"@type\":\"SearchAction\",\"target\":{\"@type\":\"EntryPoint\",\"urlTemplate\":\"https:\/\/global-hookah.com\/?s={search_term_string}\"},\"query-input\":{\"@type\":\"PropertyValueSpecification\",\"valueRequired\":true,\"valueName\":\"search_term_string\"}}],\"inLanguage\":\"es\"},{\"@type\":\"Organization\",\"@id\":\"https:\/\/global-hookah.com\/#organization\",\"name\":\"Global Hookah\",\"url\":\"https:\/\/global-hookah.com\/\",\"logo\":{\"@type\":\"ImageObject\",\"inLanguage\":\"es\",\"@id\":\"https:\/\/global-hookah.com\/#\/schema\/logo\/image\/\",\"url\":\"https:\/\/global-hookah.com\/wp-content\/uploads\/2021\/10\/cropped-fgg.png\",\"contentUrl\":\"https:\/\/global-hookah.com\/wp-content\/uploads\/2021\/10\/cropped-fgg.png\",\"width\":512,\"height\":512,\"caption\":\"Global Hookah\"},\"image\":{\"@id\":\"https:\/\/global-hookah.com\/#\/schema\/logo\/image\/\"}}]}<\/script>\n<!-- \/ Yoast SEO Premium plugin. -->","yoast_head_json":{"title":"2024 NUEVO 4 Capas Grinder Azul Port\u00e1til al por mayor - Global Hookah","robots":{"index":"index","follow":"follow","max-snippet":"max-snippet:-1","max-image-preview":"max-image-preview:large","max-video-preview":"max-video-preview:-1"},"canonical":"https:\/\/global-hookah.com\/es\/ru\/\u043f\u0440\u043e\u0434\u0443\u043a\u0442\/2024-new-4-layers-portable-blue-grinder-wholesale\/","og_locale":"es_ES","og_type":"article","og_title":"2024 NEW 4 Layers Portable Blue Grinder Wholesale","og_description":"As a seasoned weed user, I totally get how important it is to have a high-quality grinder to really enjoy","og_url":"https:\/\/global-hookah.com\/es\/ru\/\u043f\u0440\u043e\u0434\u0443\u043a\u0442\/2024-new-4-layers-portable-blue-grinder-wholesale\/","og_site_name":"Global Hookah","article_modified_time":"2024-05-17T01:50:47+00:00","og_image":[{"width":1000,"height":1000,"url":"https:\/\/global-hookah.com\/wp-content\/uploads\/2024\/05\/kf-Sa70409dc71fc41c4a344096b3e966505R-2023-NEW-Bohe-Elephant-Blue-Grinder-Cutter-4-Layers-40MM-Portable-Metal-Spice-Tobacco-Grinder-Custom.webp","type":"image\/webp"}],"twitter_card":"summary_large_image","twitter_misc":{"Tiempo de lectura":"2 minutos"},"schema":{"@context":"https:\/\/schema.org","@graph":[{"@type":"WebPage","@id":"https:\/\/global-hookah.com\/ru\/\u043f\u0440\u043e\u0434\u0443\u043a\u0442\/2024-new-4-layers-portable-blue-grinder-wholesale\/","url":"https:\/\/global-hookah.com\/ru\/\u043f\u0440\u043e\u0434\u0443\u043a\u0442\/2024-new-4-layers-portable-blue-grinder-wholesale\/","name":"2024 NUEVO 4 Capas Grinder Azul Port\u00e1til al por mayor - Global Hookah","isPartOf":{"@id":"https:\/\/global-hookah.com\/#website"},"primaryImageOfPage":{"@id":"https:\/\/global-hookah.com\/ru\/\u043f\u0440\u043e\u0434\u0443\u043a\u0442\/2024-new-4-layers-portable-blue-grinder-wholesale\/#primaryimage"},"image":{"@id":"https:\/\/global-hookah.com\/ru\/\u043f\u0440\u043e\u0434\u0443\u043a\u0442\/2024-new-4-layers-portable-blue-grinder-wholesale\/#primaryimage"},"thumbnailUrl":"https:\/\/global-hookah.com\/wp-content\/uploads\/2024\/05\/kf-Sa70409dc71fc41c4a344096b3e966505R-2023-NEW-Bohe-Elephant-Blue-Grinder-Cutter-4-Layers-40MM-Portable-Metal-Spice-Tobacco-Grinder-Custom.webp","datePublished":"2024-05-15T12:03:06+00:00","dateModified":"2024-05-17T01:50:47+00:00","breadcrumb":{"@id":"https:\/\/global-hookah.com\/ru\/\u043f\u0440\u043e\u0434\u0443\u043a\u0442\/2024-new-4-layers-portable-blue-grinder-wholesale\/#breadcrumb"},"inLanguage":"es","potentialAction":[{"@type":"ReadAction","target":["https:\/\/global-hookah.com\/ru\/\u043f\u0440\u043e\u0434\u0443\u043a\u0442\/2024-new-4-layers-portable-blue-grinder-wholesale\/"]}]},{"@type":"ImageObject","inLanguage":"es","@id":"https:\/\/global-hookah.com\/ru\/\u043f\u0440\u043e\u0434\u0443\u043a\u0442\/2024-new-4-layers-portable-blue-grinder-wholesale\/#primaryimage","url":"https:\/\/global-hookah.com\/wp-content\/uploads\/2024\/05\/kf-Sa70409dc71fc41c4a344096b3e966505R-2023-NEW-Bohe-Elephant-Blue-Grinder-Cutter-4-Layers-40MM-Portable-Metal-Spice-Tobacco-Grinder-Custom.webp","contentUrl":"https:\/\/global-hookah.com\/wp-content\/uploads\/2024\/05\/kf-Sa70409dc71fc41c4a344096b3e966505R-2023-NEW-Bohe-Elephant-Blue-Grinder-Cutter-4-Layers-40MM-Portable-Metal-Spice-Tobacco-Grinder-Custom.webp","width":1000,"height":1000,"caption":"Blue Grinder Wholesale"},{"@type":"BreadcrumbList","@id":"https:\/\/global-hookah.com\/ru\/\u043f\u0440\u043e\u0434\u0443\u043a\u0442\/2024-new-4-layers-portable-blue-grinder-wholesale\/#breadcrumb","itemListElement":[{"@type":"ListItem","position":1,"name":"Home","item":"https:\/\/global-hookah.com\/"},{"@type":"ListItem","position":2,"name":"Shop","item":"https:\/\/global-hookah.com\/shop\/"},{"@type":"ListItem","position":3,"name":"2024 NEW 4 Layers Portable Blue Grinder Wholesale"}]},{"@type":"WebSite","@id":"https:\/\/global-hookah.com\/#website","url":"https:\/\/global-hookah.com\/","name":"Global Hookah","description":"Global Hookah","publisher":{"@id":"https:\/\/global-hookah.com\/#organization"},"potentialAction":[{"@type":"SearchAction","target":{"@type":"EntryPoint","urlTemplate":"https:\/\/global-hookah.com\/?s={search_term_string}"},"query-input":{"@type":"PropertyValueSpecification","valueRequired":true,"valueName":"search_term_string"}}],"inLanguage":"es"},{"@type":"Organization","@id":"https:\/\/global-hookah.com\/#organization","name":"Global Hookah","url":"https:\/\/global-hookah.com\/","logo":{"@type":"ImageObject","inLanguage":"es","@id":"https:\/\/global-hookah.com\/#\/schema\/logo\/image\/","url":"https:\/\/global-hookah.com\/wp-content\/uploads\/2021\/10\/cropped-fgg.png","contentUrl":"https:\/\/global-hookah.com\/wp-content\/uploads\/2021\/10\/cropped-fgg.png","width":512,"height":512,"caption":"Global Hookah"},"image":{"@id":"https:\/\/global-hookah.com\/#\/schema\/logo\/image\/"}}]}},"_links":{"self":[{"href":"https:\/\/global-hookah.com\/es\/wp-json\/wp\/v2\/product\/22778","targetHints":{"allow":["GET"]}}],"collection":[{"href":"https:\/\/global-hookah.com\/es\/wp-json\/wp\/v2\/product"}],"about":[{"href":"https:\/\/global-hookah.com\/es\/wp-json\/wp\/v2\/types\/product"}],"replies":[{"embeddable":true,"href":"https:\/\/global-hookah.com\/es\/wp-json\/wp\/v2\/comments?post=22778"}],"version-history":[{"count":0,"href":"https:\/\/global-hookah.com\/es\/wp-json\/wp\/v2\/product\/22778\/revisions"}],"wp:featuredmedia":[{"embeddable":true,"href":"https:\/\/global-hookah.com\/es\/wp-json\/wp\/v2\/media\/22779"}],"wp:attachment":[{"href":"https:\/\/global-hookah.com\/es\/wp-json\/wp\/v2\/media?parent=22778"}],"wp:term":[{"taxonomy":"product_brand","embeddable":true,"href":"https:\/\/global-hookah.com\/es\/wp-json\/wp\/v2\/product_brand?post=22778"},{"taxonomy":"product_cat","embeddable":true,"href":"https:\/\/global-hookah.com\/es\/wp-json\/wp\/v2\/product_cat?post=22778"},{"taxonomy":"product_tag","embeddable":true,"href":"https:\/\/global-hookah.com\/es\/wp-json\/wp\/v2\/product_tag?post=22778"}],"curies":[{"name":"wp","href":"https:\/\/api.w.org\/{rel}","templated":true}]}}