{"id":22783,"date":"2024-05-15T12:12:14","date_gmt":"2024-05-15T12:12:14","guid":{"rendered":"https:\/\/global-hookah.com\/product\/custom-zinc-alloy-weed-crusher-wholesale\/"},"modified":"2024-05-15T13:40:35","modified_gmt":"2024-05-15T13:40:35","slug":"custom-zinc-alloy-weed-crusher-wholesale","status":"publish","type":"product","link":"https:\/\/global-hookah.com\/es\/producto\/custom-zinc-alloy-weed-crusher-wholesale\/","title":{"rendered":"Trituradora de hierba de aleaci\u00f3n de cinc personalizada al por mayor"},"content":{"rendered":"<div class=\"product-specs-list-container\">\n<ul class=\"product-specs-list util-clearfix\">\n<li class=\"product-prop line-limit-length\">Los dientes de nuestro <strong>Trituradora de maleza de aleaci\u00f3n de zinc<\/strong> est\u00e1n hechos de metal de alta calidad - hasta 80% m\u00e1s r\u00e1pidos que los dise\u00f1os tradicionales. En tan s\u00f3lo unos segundos, su tabaco se moler\u00e1 hasta alcanzar la textura fina ideal que libera esos ricos y arom\u00e1ticos sabores que tanto le apetecen.La mejor parte es la c\u00e1mara herm\u00e9tica que encierra todos esos ricos aceites arom\u00e1ticos mientras se muele. No s\u00e9 usted, pero yo no soporto que mi tabaco se seque y pierda ese aroma robusto y sabroso. Con esta <strong>Trituradora de maleza de aleaci\u00f3n de zinc<\/strong>El tabaco sale tan fragante y fresco, que realmente mejora toda la experiencia de fumar.\n<p>Y la superficie est\u00e1 pulida, lo que hace que se sienta c\u00f3modo y no sea f\u00e1cil que se resbale. La c\u00e1mara de molienda de gran capacidad es capaz de llenar una gran cantidad de tabaco para procesar a la vez. La parte inferior est\u00e1 equipada con un filtro de acero inoxidable que puede filtrar el polvo fino en la c\u00e1mara de recogida para evitar residuos.<\/p>\n<p><strong>Trituradoras de hierba de aleaci\u00f3n de zinc<\/strong> El dise\u00f1o de la junta anular mejora la estanqueidad y no provocar\u00e1 fallos de funcionamiento durante su uso.<\/li>\n<\/ul>\n<\/div>\n<div class=\"detailmodule_html\">\n<div class=\"detail-desc-decorate-richtext\">\n<p><img decoding=\"async\" title=\"\" src=\"https:\/\/ae01.alicdn.com\/kf\/S3d7f3feabbd84601bd08f6509e14b6bes.jpg\" alt=\"null\" data-spm-anchor-id=\"a2g0o.detail.1000023.i5.35094eb6x4hNGb\" \/><\/p>\n<p><img decoding=\"async\" style=\"max-width: 100%;\" src=\"https:\/\/ae01.alicdn.com\/kf\/S5cd77b2d4e1444abb9c1ca23f869c5fbB.jpg\" \/><br \/>\n<img decoding=\"async\" style=\"max-width: 100%;\" src=\"https:\/\/ae01.alicdn.com\/kf\/Sf2a92b60510a4c61bd5d13640dd4ec2cW.jpg\" \/><br \/>\n<img decoding=\"async\" style=\"max-width: 100%;\" src=\"https:\/\/ae01.alicdn.com\/kf\/Sc4ae8b4f3dfb487ab1814aaa0b0063d99.jpg\" \/><br \/>\n<img decoding=\"async\" style=\"max-width: 100%;\" src=\"https:\/\/ae01.alicdn.com\/kf\/Sa12cee3a68924ec2ba848d69b2c293359.jpg\" \/><br \/>\n<img decoding=\"async\" style=\"max-width: 100%;\" src=\"https:\/\/ae01.alicdn.com\/kf\/S9c45dfde48d940f4a54055111d79cb0ad.jpg\" \/><br \/>\n<img decoding=\"async\" style=\"max-width: 100%;\" src=\"https:\/\/ae01.alicdn.com\/kf\/Sf263b3d189a24462937255c8de28c795n.jpg\" \/><br \/>\n<img decoding=\"async\" style=\"max-width: 100%;\" src=\"https:\/\/ae01.alicdn.com\/kf\/Sa60c54a61a7742a3a00e2edba0953484h.jpg\" \/><br \/>\n<img decoding=\"async\" style=\"max-width: 100%;\" src=\"https:\/\/ae01.alicdn.com\/kf\/S596c3c31eed545b1ae3b95347b82d8f5z.jpg\" \/><br \/>\n<img decoding=\"async\" style=\"max-width: 100%;\" src=\"https:\/\/ae01.alicdn.com\/kf\/S2ba9eef7f02f4e848b3932cbe2072681w.jpg\" \/><br \/>\n<img decoding=\"async\" style=\"max-width: 100%;\" src=\"https:\/\/ae01.alicdn.com\/kf\/Sdbd749b5d3504447a33592af9b02cc62A.jpg\" \/><\/p>\n<p><img decoding=\"async\" title=\"\" src=\"https:\/\/ae01.alicdn.com\/kf\/S4307e3fb67c74381879679f22f00d2790.jpg\" alt=\"null\" data-spm-anchor-id=\"a2g0o.detail.1000023.i3.35094eb6x4hNGb\" \/><\/p>\n<p><span style=\"font-weight: bold; font-size: 14px;\">1. ENV\u00cdO A TODO EL MUNDO.<\/span>\u00a0(Excepto algunos pa\u00edses y APO\/FPO)<br \/>\n2. Los pedidos se procesan puntualmente tras la verificaci\u00f3n del pago.<br \/>\n3. S\u00f3lo enviamos a direcciones de pedido confirmadas. Su direcci\u00f3n de pedido DEBE COINCIDIR con su direcci\u00f3n de env\u00edo.<br \/>\n4. Las im\u00e1genes mostradas no son el art\u00edculo real y son s\u00f3lo para su referencia.<br \/>\n5.<br \/>\nEl TIEMPO DE TR\u00c1NSITO DEL SERVICIO lo proporciona el transportista y excluye los fines de semana.<br \/>\ny d\u00edas festivos. Los tiempos de tr\u00e1nsito pueden variar, especialmente durante las vacaciones.<br \/>\ntemporada.<br \/>\n6. Si no ha recibido su env\u00edo en un plazo de 30 d\u00edas a partir de<br \/>\npago, p\u00f3ngase en contacto con nosotros. Rastrearemos el env\u00edo y nos pondremos en contacto con usted.<br \/>\nle responderemos lo antes posible. Nuestro objetivo es la satisfacci\u00f3n del cliente.<br \/>\n7.<br \/>\nDebido al estado de las existencias y a las diferencias horarias, optaremos por enviar su<br \/>\nart\u00edculo de nuestro primer almac\u00e9n disponible para una entrega r\u00e1pida.<\/p>\n<p><img fetchpriority=\"high\" decoding=\"async\" style=\"color: #333333; font-family: arial, verdana, sans-serif; font-size: 12px; white-space: normal;\" src=\"https:\/\/ae01.alicdn.com\/kf\/S14c6cb93050645fba036c342cae6ea7d0.jpg\" alt=\"\" width=\"615\" height=\"332\" data-kse-saved-src=\"https:\/\/ae01.alicdn.com\/kf\/S14c6cb93050645fba036c342cae6ea7d0.jpg\" \/><\/p>\n<p><img decoding=\"async\" title=\"\" src=\"https:\/\/ae01.alicdn.com\/kf\/S8c912ce060984d2aa0c295791498aa2aN.jpg\" alt=\"null\" data-spm-anchor-id=\"a2g0o.detail.1000023.i2.35094eb6x4hNGb\" \/><\/p>\n<p>1. Tiene 7 d\u00edas para ponerse en contacto con nosotros y 30 d\u00edas para devolverlo a partir de la fecha<br \/>\nse recibi\u00f3. Si este art\u00edculo est\u00e1 en su posesi\u00f3n m\u00e1s de 7 d\u00edas, se<br \/>\nse considera usado y NO LE HAREMOS UN REEMBOLSO O SUSTITUCI\u00d3N.<br \/>\n\u00a1NO HAY EXCEPCIONES! Los gastos de env\u00edo corren a cargo del vendedor y del comprador<br \/>\npor la mitad.<br \/>\n2. Todos los art\u00edculos devueltos DEBEN ESTAR en su embalaje original y<br \/>\nusted DEBE PROPORCIONARNOS el n\u00famero de seguimiento del env\u00edo, motivo espec\u00edfico<br \/>\npara el retorno, y su po#.<br \/>\n3. Le devolveremos SU OFERTA GANADORA COMPLETA<br \/>\nIMPORTE, a la recepci\u00f3n del art\u00edculo en su estado original y<br \/>\nembalaje con todos los componentes y accesorios incluidos, DESPU\u00c9S DE QUE AMBOS Compradores<br \/>\ny Vendedor cancelar la transacci\u00f3n de aliexpress. O, puede elegir<br \/>\ntener un sustituto.<br \/>\n4.  Correremos con todos los gastos de env\u00edo si el\/los producto(s) no es(son) el\/los anunciado(s).<\/p>\n<p><img decoding=\"async\" title=\"\" src=\"https:\/\/ae01.alicdn.com\/kf\/S7c6c22efc637485fb95d3a331e85c895O.jpg\" alt=\"null\" data-spm-anchor-id=\"a2g0o.detail.1000023.i1.35094eb6x4hNGb\" \/><\/p>\n<p>1. 12 meses de garant\u00eda limitada del fabricante para art\u00edculos defectuosos<br \/>\n(excluidos los art\u00edculos da\u00f1ados y\/o mal utilizados despu\u00e9s de su recepci\u00f3n). Los accesorios vienen<br \/>\ncon una garant\u00eda de 3 meses.<br \/>\n2. Los art\u00edculos defectuosos DEBEN SER notificados y<br \/>\ndevuelto dentro del per\u00edodo de garant\u00eda (y en el embalaje original, si<br \/>\nposible). Debe indicarnos cu\u00e1l es el defecto y entregarnos su pedido<br \/>\nn\u00famero. NO REPARAMOS NI SUSTITUIMOS ART\u00cdCULOS CUYA GARANT\u00cdA HAYA EXPIRADO.<br \/>\nAl realizar un pedido en aliexpress, acepta todas las pol\u00edticas mencionadas anteriormente.<\/p>\n<p><img decoding=\"async\" title=\"\" src=\"https:\/\/ae01.alicdn.com\/kf\/Sfc486530f46a43de8106f5de16a0ce95u.jpg\" alt=\"null\" data-spm-anchor-id=\"a2g0o.detail.1000023.i6.35094eb6x4hNGb\" \/><\/p>\n<p>Mantenemos un alto nivel de excelencia y nos esforzamos por ofrecer al cliente 100%<br \/>\n\u00a1satisfacci\u00f3n! Los comentarios son muy importantes Le rogamos que se ponga en contacto con nosotros<br \/>\ninmediatamente ANTES de darnos una opini\u00f3n neutral o negativa, para que podamos<br \/>\npuede responder satisfactoriamente a sus preocupaciones.<br \/>\nEs imposible abordar los problemas si no los conocemos.<\/p>\n<\/div>\n<\/div>","protected":false},"excerpt":{"rendered":"<p>Los dientes de nuestra trituradora de maleza de aleaci\u00f3n de zinc est\u00e1n hechos de metal de alta calidad - hasta 80% m\u00e1s r\u00e1pido que el tradicional<\/p>","protected":false},"featured_media":22784,"comment_status":"closed","ping_status":"closed","template":"","meta":{"iawp_total_views":0,"_joinchat":[]},"product_brand":[],"product_cat":[770],"product_tag":[],"class_list":{"0":"post-22783","1":"product","2":"type-product","3":"status-publish","4":"has-post-thumbnail","6":"product_cat-wholesale-grinder","8":"first","9":"instock","10":"shipping-taxable","11":"purchasable","12":"product-type-simple"},"yoast_head":"<!-- This site is optimized with the Yoast SEO Premium plugin v24.7 (Yoast SEO v26.8) - https:\/\/yoast.com\/product\/yoast-seo-premium-wordpress\/ -->\n<title>Custom Zinc Alloy Weed Crusher Wholesale - Global Hookah<\/title>\n<meta name=\"robots\" content=\"index, follow, max-snippet:-1, max-image-preview:large, max-video-preview:-1\" \/>\n<link rel=\"canonical\" href=\"https:\/\/global-hookah.com\/es\/ru\/\u043f\u0440\u043e\u0434\u0443\u043a\u0442\/custom-zinc-alloy-weed-crusher-wholesale\/\" \/>\n<meta property=\"og:locale\" content=\"es_ES\" \/>\n<meta property=\"og:type\" content=\"article\" \/>\n<meta property=\"og:title\" content=\"Custom Zinc Alloy Weed Crusher Wholesale\" \/>\n<meta property=\"og:description\" content=\"The teeth of our Zinc Alloy Weed Crusher are made from high-quality metal &#8211; up to 80% faster than traditional\" \/>\n<meta property=\"og:url\" content=\"https:\/\/global-hookah.com\/es\/ru\/\u043f\u0440\u043e\u0434\u0443\u043a\u0442\/custom-zinc-alloy-weed-crusher-wholesale\/\" \/>\n<meta property=\"og:site_name\" content=\"Global Hookah\" \/>\n<meta property=\"article:modified_time\" content=\"2024-05-15T13:40:35+00:00\" \/>\n<meta property=\"og:image\" content=\"https:\/\/global-hookah.com\/wp-content\/uploads\/2024\/05\/kf-S3ce8d8daede343b4bcf3e740fb9369651-Manual-Hand-4-layer-63mm-Herb-Tobacco-Grinder-Cigarette-Accessories-Transparent-Smoking-Herb-Cutter-Zinc-Alloy.webp\" \/>\n\t<meta property=\"og:image:width\" content=\"1000\" \/>\n\t<meta property=\"og:image:height\" content=\"1000\" \/>\n\t<meta property=\"og:image:type\" content=\"image\/webp\" \/>\n<meta name=\"twitter:card\" content=\"summary_large_image\" \/>\n<meta name=\"twitter:label1\" content=\"Tiempo de lectura\" \/>\n\t<meta name=\"twitter:data1\" content=\"7 minutos\" \/>\n<script type=\"application\/ld+json\" class=\"yoast-schema-graph\">{\"@context\":\"https:\/\/schema.org\",\"@graph\":[{\"@type\":\"WebPage\",\"@id\":\"https:\/\/global-hookah.com\/ru\/\u043f\u0440\u043e\u0434\u0443\u043a\u0442\/custom-zinc-alloy-weed-crusher-wholesale\/\",\"url\":\"https:\/\/global-hookah.com\/ru\/\u043f\u0440\u043e\u0434\u0443\u043a\u0442\/custom-zinc-alloy-weed-crusher-wholesale\/\",\"name\":\"Custom Zinc Alloy Weed Crusher Wholesale - Global Hookah\",\"isPartOf\":{\"@id\":\"https:\/\/global-hookah.com\/#website\"},\"primaryImageOfPage\":{\"@id\":\"https:\/\/global-hookah.com\/ru\/\u043f\u0440\u043e\u0434\u0443\u043a\u0442\/custom-zinc-alloy-weed-crusher-wholesale\/#primaryimage\"},\"image\":{\"@id\":\"https:\/\/global-hookah.com\/ru\/\u043f\u0440\u043e\u0434\u0443\u043a\u0442\/custom-zinc-alloy-weed-crusher-wholesale\/#primaryimage\"},\"thumbnailUrl\":\"https:\/\/global-hookah.com\/wp-content\/uploads\/2024\/05\/kf-S3ce8d8daede343b4bcf3e740fb9369651-Manual-Hand-4-layer-63mm-Herb-Tobacco-Grinder-Cigarette-Accessories-Transparent-Smoking-Herb-Cutter-Zinc-Alloy.webp\",\"datePublished\":\"2024-05-15T12:12:14+00:00\",\"dateModified\":\"2024-05-15T13:40:35+00:00\",\"breadcrumb\":{\"@id\":\"https:\/\/global-hookah.com\/ru\/\u043f\u0440\u043e\u0434\u0443\u043a\u0442\/custom-zinc-alloy-weed-crusher-wholesale\/#breadcrumb\"},\"inLanguage\":\"es\",\"potentialAction\":[{\"@type\":\"ReadAction\",\"target\":[\"https:\/\/global-hookah.com\/ru\/\u043f\u0440\u043e\u0434\u0443\u043a\u0442\/custom-zinc-alloy-weed-crusher-wholesale\/\"]}]},{\"@type\":\"ImageObject\",\"inLanguage\":\"es\",\"@id\":\"https:\/\/global-hookah.com\/ru\/\u043f\u0440\u043e\u0434\u0443\u043a\u0442\/custom-zinc-alloy-weed-crusher-wholesale\/#primaryimage\",\"url\":\"https:\/\/global-hookah.com\/wp-content\/uploads\/2024\/05\/kf-S3ce8d8daede343b4bcf3e740fb9369651-Manual-Hand-4-layer-63mm-Herb-Tobacco-Grinder-Cigarette-Accessories-Transparent-Smoking-Herb-Cutter-Zinc-Alloy.webp\",\"contentUrl\":\"https:\/\/global-hookah.com\/wp-content\/uploads\/2024\/05\/kf-S3ce8d8daede343b4bcf3e740fb9369651-Manual-Hand-4-layer-63mm-Herb-Tobacco-Grinder-Cigarette-Accessories-Transparent-Smoking-Herb-Cutter-Zinc-Alloy.webp\",\"width\":1000,\"height\":1000,\"caption\":\"Custom Zinc Alloy Weed Crusher Wholesale\"},{\"@type\":\"BreadcrumbList\",\"@id\":\"https:\/\/global-hookah.com\/ru\/\u043f\u0440\u043e\u0434\u0443\u043a\u0442\/custom-zinc-alloy-weed-crusher-wholesale\/#breadcrumb\",\"itemListElement\":[{\"@type\":\"ListItem\",\"position\":1,\"name\":\"Home\",\"item\":\"https:\/\/global-hookah.com\/\"},{\"@type\":\"ListItem\",\"position\":2,\"name\":\"Shop\",\"item\":\"https:\/\/global-hookah.com\/shop\/\"},{\"@type\":\"ListItem\",\"position\":3,\"name\":\"Custom Zinc Alloy Weed Crusher Wholesale\"}]},{\"@type\":\"WebSite\",\"@id\":\"https:\/\/global-hookah.com\/#website\",\"url\":\"https:\/\/global-hookah.com\/\",\"name\":\"Global Hookah\",\"description\":\"Global Hookah\",\"publisher\":{\"@id\":\"https:\/\/global-hookah.com\/#organization\"},\"potentialAction\":[{\"@type\":\"SearchAction\",\"target\":{\"@type\":\"EntryPoint\",\"urlTemplate\":\"https:\/\/global-hookah.com\/?s={search_term_string}\"},\"query-input\":{\"@type\":\"PropertyValueSpecification\",\"valueRequired\":true,\"valueName\":\"search_term_string\"}}],\"inLanguage\":\"es\"},{\"@type\":\"Organization\",\"@id\":\"https:\/\/global-hookah.com\/#organization\",\"name\":\"Global Hookah\",\"url\":\"https:\/\/global-hookah.com\/\",\"logo\":{\"@type\":\"ImageObject\",\"inLanguage\":\"es\",\"@id\":\"https:\/\/global-hookah.com\/#\/schema\/logo\/image\/\",\"url\":\"https:\/\/global-hookah.com\/wp-content\/uploads\/2021\/10\/cropped-fgg.png\",\"contentUrl\":\"https:\/\/global-hookah.com\/wp-content\/uploads\/2021\/10\/cropped-fgg.png\",\"width\":512,\"height\":512,\"caption\":\"Global Hookah\"},\"image\":{\"@id\":\"https:\/\/global-hookah.com\/#\/schema\/logo\/image\/\"}}]}<\/script>\n<!-- \/ Yoast SEO Premium plugin. -->","yoast_head_json":{"title":"Trituradora de hierba de aleaci\u00f3n de zinc personalizada al por mayor - Global Hookah","robots":{"index":"index","follow":"follow","max-snippet":"max-snippet:-1","max-image-preview":"max-image-preview:large","max-video-preview":"max-video-preview:-1"},"canonical":"https:\/\/global-hookah.com\/es\/ru\/\u043f\u0440\u043e\u0434\u0443\u043a\u0442\/custom-zinc-alloy-weed-crusher-wholesale\/","og_locale":"es_ES","og_type":"article","og_title":"Custom Zinc Alloy Weed Crusher Wholesale","og_description":"The teeth of our Zinc Alloy Weed Crusher are made from high-quality metal &#8211; up to 80% faster than traditional","og_url":"https:\/\/global-hookah.com\/es\/ru\/\u043f\u0440\u043e\u0434\u0443\u043a\u0442\/custom-zinc-alloy-weed-crusher-wholesale\/","og_site_name":"Global Hookah","article_modified_time":"2024-05-15T13:40:35+00:00","og_image":[{"width":1000,"height":1000,"url":"https:\/\/global-hookah.com\/wp-content\/uploads\/2024\/05\/kf-S3ce8d8daede343b4bcf3e740fb9369651-Manual-Hand-4-layer-63mm-Herb-Tobacco-Grinder-Cigarette-Accessories-Transparent-Smoking-Herb-Cutter-Zinc-Alloy.webp","type":"image\/webp"}],"twitter_card":"summary_large_image","twitter_misc":{"Tiempo de lectura":"7 minutos"},"schema":{"@context":"https:\/\/schema.org","@graph":[{"@type":"WebPage","@id":"https:\/\/global-hookah.com\/ru\/\u043f\u0440\u043e\u0434\u0443\u043a\u0442\/custom-zinc-alloy-weed-crusher-wholesale\/","url":"https:\/\/global-hookah.com\/ru\/\u043f\u0440\u043e\u0434\u0443\u043a\u0442\/custom-zinc-alloy-weed-crusher-wholesale\/","name":"Trituradora de hierba de aleaci\u00f3n de zinc personalizada al por mayor - Global Hookah","isPartOf":{"@id":"https:\/\/global-hookah.com\/#website"},"primaryImageOfPage":{"@id":"https:\/\/global-hookah.com\/ru\/\u043f\u0440\u043e\u0434\u0443\u043a\u0442\/custom-zinc-alloy-weed-crusher-wholesale\/#primaryimage"},"image":{"@id":"https:\/\/global-hookah.com\/ru\/\u043f\u0440\u043e\u0434\u0443\u043a\u0442\/custom-zinc-alloy-weed-crusher-wholesale\/#primaryimage"},"thumbnailUrl":"https:\/\/global-hookah.com\/wp-content\/uploads\/2024\/05\/kf-S3ce8d8daede343b4bcf3e740fb9369651-Manual-Hand-4-layer-63mm-Herb-Tobacco-Grinder-Cigarette-Accessories-Transparent-Smoking-Herb-Cutter-Zinc-Alloy.webp","datePublished":"2024-05-15T12:12:14+00:00","dateModified":"2024-05-15T13:40:35+00:00","breadcrumb":{"@id":"https:\/\/global-hookah.com\/ru\/\u043f\u0440\u043e\u0434\u0443\u043a\u0442\/custom-zinc-alloy-weed-crusher-wholesale\/#breadcrumb"},"inLanguage":"es","potentialAction":[{"@type":"ReadAction","target":["https:\/\/global-hookah.com\/ru\/\u043f\u0440\u043e\u0434\u0443\u043a\u0442\/custom-zinc-alloy-weed-crusher-wholesale\/"]}]},{"@type":"ImageObject","inLanguage":"es","@id":"https:\/\/global-hookah.com\/ru\/\u043f\u0440\u043e\u0434\u0443\u043a\u0442\/custom-zinc-alloy-weed-crusher-wholesale\/#primaryimage","url":"https:\/\/global-hookah.com\/wp-content\/uploads\/2024\/05\/kf-S3ce8d8daede343b4bcf3e740fb9369651-Manual-Hand-4-layer-63mm-Herb-Tobacco-Grinder-Cigarette-Accessories-Transparent-Smoking-Herb-Cutter-Zinc-Alloy.webp","contentUrl":"https:\/\/global-hookah.com\/wp-content\/uploads\/2024\/05\/kf-S3ce8d8daede343b4bcf3e740fb9369651-Manual-Hand-4-layer-63mm-Herb-Tobacco-Grinder-Cigarette-Accessories-Transparent-Smoking-Herb-Cutter-Zinc-Alloy.webp","width":1000,"height":1000,"caption":"Custom Zinc Alloy Weed Crusher Wholesale"},{"@type":"BreadcrumbList","@id":"https:\/\/global-hookah.com\/ru\/\u043f\u0440\u043e\u0434\u0443\u043a\u0442\/custom-zinc-alloy-weed-crusher-wholesale\/#breadcrumb","itemListElement":[{"@type":"ListItem","position":1,"name":"Home","item":"https:\/\/global-hookah.com\/"},{"@type":"ListItem","position":2,"name":"Shop","item":"https:\/\/global-hookah.com\/shop\/"},{"@type":"ListItem","position":3,"name":"Custom Zinc Alloy Weed Crusher Wholesale"}]},{"@type":"WebSite","@id":"https:\/\/global-hookah.com\/#website","url":"https:\/\/global-hookah.com\/","name":"Global Hookah","description":"Global Hookah","publisher":{"@id":"https:\/\/global-hookah.com\/#organization"},"potentialAction":[{"@type":"SearchAction","target":{"@type":"EntryPoint","urlTemplate":"https:\/\/global-hookah.com\/?s={search_term_string}"},"query-input":{"@type":"PropertyValueSpecification","valueRequired":true,"valueName":"search_term_string"}}],"inLanguage":"es"},{"@type":"Organization","@id":"https:\/\/global-hookah.com\/#organization","name":"Global Hookah","url":"https:\/\/global-hookah.com\/","logo":{"@type":"ImageObject","inLanguage":"es","@id":"https:\/\/global-hookah.com\/#\/schema\/logo\/image\/","url":"https:\/\/global-hookah.com\/wp-content\/uploads\/2021\/10\/cropped-fgg.png","contentUrl":"https:\/\/global-hookah.com\/wp-content\/uploads\/2021\/10\/cropped-fgg.png","width":512,"height":512,"caption":"Global Hookah"},"image":{"@id":"https:\/\/global-hookah.com\/#\/schema\/logo\/image\/"}}]}},"_links":{"self":[{"href":"https:\/\/global-hookah.com\/es\/wp-json\/wp\/v2\/product\/22783","targetHints":{"allow":["GET"]}}],"collection":[{"href":"https:\/\/global-hookah.com\/es\/wp-json\/wp\/v2\/product"}],"about":[{"href":"https:\/\/global-hookah.com\/es\/wp-json\/wp\/v2\/types\/product"}],"replies":[{"embeddable":true,"href":"https:\/\/global-hookah.com\/es\/wp-json\/wp\/v2\/comments?post=22783"}],"version-history":[{"count":0,"href":"https:\/\/global-hookah.com\/es\/wp-json\/wp\/v2\/product\/22783\/revisions"}],"wp:featuredmedia":[{"embeddable":true,"href":"https:\/\/global-hookah.com\/es\/wp-json\/wp\/v2\/media\/22784"}],"wp:attachment":[{"href":"https:\/\/global-hookah.com\/es\/wp-json\/wp\/v2\/media?parent=22783"}],"wp:term":[{"taxonomy":"product_brand","embeddable":true,"href":"https:\/\/global-hookah.com\/es\/wp-json\/wp\/v2\/product_brand?post=22783"},{"taxonomy":"product_cat","embeddable":true,"href":"https:\/\/global-hookah.com\/es\/wp-json\/wp\/v2\/product_cat?post=22783"},{"taxonomy":"product_tag","embeddable":true,"href":"https:\/\/global-hookah.com\/es\/wp-json\/wp\/v2\/product_tag?post=22783"}],"curies":[{"name":"wp","href":"https:\/\/api.w.org\/{rel}","templated":true}]}}