{"id":24166,"date":"2024-05-21T03:31:53","date_gmt":"2024-05-21T03:31:53","guid":{"rendered":"https:\/\/global-hookah.com\/product\/50-pcs-king-size-pre-rolled-cones-ultra-thin-slow-burning-rolling-papers-smoking-accessories-2\/"},"modified":"2024-05-21T09:01:15","modified_gmt":"2024-05-21T09:01:15","slug":"50-pcs-king-size-pre-rolled-cones-ultra-thin-slow-burning-rolling-papers-smoking-accessories-2","status":"publish","type":"product","link":"https:\/\/global-hookah.com\/es\/producto\/50-pcs-king-size-pre-rolled-cones-ultra-thin-slow-burning-rolling-papers-smoking-accessories-2\/","title":{"rendered":"50 pcs King Size Pre-rolled Cones - Ultra Thin &amp; Slow Burning Rolling Papers - Accesorios para fumadores"},"content":{"rendered":"<div>Estos conos preenrollados ya han hecho la parte m\u00e1s dif\u00edcil por ti. S\u00f3lo tienes que poner el cannabis molido en la parte superior del cono, apisonarlo ligeramente con un palo, \u00a1y ya puedes disfrutar de tu propio porro perfecto! No tendr\u00e1s que preocuparte por fugas en la costura ni por tu falta de habilidad para liar.<\/div>\n<div><\/div>\n<div><img decoding=\"async\" src=\"https:\/\/global-hookah.com\/wp-content\/uploads\/2024\/05\/6da7506c0c31188e1a4da2b29d1fe552-1.jpg\" \/><\/div>\n<div><img decoding=\"async\" src=\"https:\/\/global-hookah.com\/wp-content\/uploads\/2024\/05\/27c784f5ed40a32629c7c0e961263955-1.jpg\" \/><\/div>\n<div><img decoding=\"async\" src=\"https:\/\/global-hookah.com\/wp-content\/uploads\/2024\/05\/f0372c806e9c5589786723acb3c276a4-1.jpg\" \/><\/div>\n<div><img decoding=\"async\" src=\"https:\/\/global-hookah.com\/wp-content\/uploads\/2024\/05\/5a335e3a6885c952df0e3d146bb79c30-1.jpg\" \/><\/div>\n<div><img decoding=\"async\" src=\"https:\/\/global-hookah.com\/wp-content\/uploads\/2024\/05\/f8f740140519090689070608b153a5b2-1.jpg\" \/><\/div>\n<div><img decoding=\"async\" src=\"https:\/\/global-hookah.com\/wp-content\/uploads\/2024\/05\/b6da1a366d801a53208545f75e250b17-1.jpg\" \/><\/div>\n<div><img decoding=\"async\" src=\"https:\/\/global-hookah.com\/wp-content\/uploads\/2024\/05\/38413feeabe353dc426028828c7d5cbb-1.jpg\" \/><\/div>\n<div><img decoding=\"async\" src=\"https:\/\/global-hookah.com\/wp-content\/uploads\/2024\/05\/fbed90fc9bccefc6942fb8a5cdc4b9aa.jpg\" \/><\/div>\n<div><img decoding=\"async\" src=\"https:\/\/global-hookah.com\/wp-content\/uploads\/2024\/05\/f96f321b25478b904248b759b6e447de.jpg\" \/><\/div>\n<div><img decoding=\"async\" src=\"https:\/\/global-hookah.com\/wp-content\/uploads\/2024\/05\/6ace7b504931862d4c2e2de7a27e20f3.jpg\" \/><\/div>","protected":false},"excerpt":{"rendered":"<p>Estos conos preenrollados ya han hecho la parte m\u00e1s dif\u00edcil por ti. S\u00f3lo tienes que poner el cannabis molido en<\/p>","protected":false},"featured_media":23935,"comment_status":"closed","ping_status":"closed","template":"","meta":{"iawp_total_views":1,"_joinchat":[]},"product_brand":[],"product_cat":[415,769],"product_tag":[],"class_list":{"0":"post-24166","1":"product","2":"type-product","3":"status-publish","4":"has-post-thumbnail","6":"product_cat-accessories","7":"product_cat-wholesale-pre-rolls","9":"first","10":"instock","11":"sale","12":"shipping-taxable","13":"purchasable","14":"product-type-variable"},"yoast_head":"<!-- This site is optimized with the Yoast SEO Premium plugin v24.7 (Yoast SEO v26.8) - https:\/\/yoast.com\/product\/yoast-seo-premium-wordpress\/ -->\n<title>50 pcs King Size Pre-rolled Cones - Ultra Thin &amp; Slow Burning Rolling Papers - Smoking Accessories - Global Hookah<\/title>\n<meta name=\"robots\" content=\"index, follow, max-snippet:-1, max-image-preview:large, max-video-preview:-1\" \/>\n<link rel=\"canonical\" href=\"https:\/\/global-hookah.com\/es\/producto\/50-pcs-king-size-pre-rolled-cones-ultra-thin-slow-burning-rolling-papers-smoking-accessories-2\/\" \/>\n<meta property=\"og:locale\" content=\"es_ES\" \/>\n<meta property=\"og:type\" content=\"article\" \/>\n<meta property=\"og:title\" content=\"50 pcs King Size Pre-rolled Cones - Ultra Thin &amp; Slow Burning Rolling Papers - Smoking Accessories\" \/>\n<meta property=\"og:description\" content=\"These pre-rolled cones have already done the hardest part for you. You just need to put the ground cannabis in\" \/>\n<meta property=\"og:url\" content=\"https:\/\/global-hookah.com\/es\/producto\/50-pcs-king-size-pre-rolled-cones-ultra-thin-slow-burning-rolling-papers-smoking-accessories-2\/\" \/>\n<meta property=\"og:site_name\" content=\"Global Hookah\" \/>\n<meta property=\"article:modified_time\" content=\"2024-05-21T09:01:15+00:00\" \/>\n<meta property=\"og:image\" content=\"https:\/\/global-hookah.com\/wp-content\/uploads\/2024\/05\/6da7506c0c31188e1a4da2b29d1fe552-1.jpg\" \/>\n\t<meta property=\"og:image:width\" content=\"800\" \/>\n\t<meta property=\"og:image:height\" content=\"800\" \/>\n\t<meta property=\"og:image:type\" content=\"image\/jpeg\" \/>\n<meta name=\"twitter:card\" content=\"summary_large_image\" \/>\n<script type=\"application\/ld+json\" class=\"yoast-schema-graph\">{\"@context\":\"https:\/\/schema.org\",\"@graph\":[{\"@type\":\"WebPage\",\"@id\":\"https:\/\/global-hookah.com\/product\/50-pcs-king-size-pre-rolled-cones-ultra-thin-slow-burning-rolling-papers-smoking-accessories-2\/\",\"url\":\"https:\/\/global-hookah.com\/product\/50-pcs-king-size-pre-rolled-cones-ultra-thin-slow-burning-rolling-papers-smoking-accessories-2\/\",\"name\":\"50 pcs King Size Pre-rolled Cones - Ultra Thin &amp; Slow Burning Rolling Papers - Smoking Accessories - Global Hookah\",\"isPartOf\":{\"@id\":\"https:\/\/global-hookah.com\/#website\"},\"primaryImageOfPage\":{\"@id\":\"https:\/\/global-hookah.com\/product\/50-pcs-king-size-pre-rolled-cones-ultra-thin-slow-burning-rolling-papers-smoking-accessories-2\/#primaryimage\"},\"image\":{\"@id\":\"https:\/\/global-hookah.com\/product\/50-pcs-king-size-pre-rolled-cones-ultra-thin-slow-burning-rolling-papers-smoking-accessories-2\/#primaryimage\"},\"thumbnailUrl\":\"https:\/\/global-hookah.com\/wp-content\/uploads\/2024\/05\/6da7506c0c31188e1a4da2b29d1fe552-1.jpg\",\"datePublished\":\"2024-05-21T03:31:53+00:00\",\"dateModified\":\"2024-05-21T09:01:15+00:00\",\"breadcrumb\":{\"@id\":\"https:\/\/global-hookah.com\/product\/50-pcs-king-size-pre-rolled-cones-ultra-thin-slow-burning-rolling-papers-smoking-accessories-2\/#breadcrumb\"},\"inLanguage\":\"es\",\"potentialAction\":[{\"@type\":\"ReadAction\",\"target\":[\"https:\/\/global-hookah.com\/product\/50-pcs-king-size-pre-rolled-cones-ultra-thin-slow-burning-rolling-papers-smoking-accessories-2\/\"]}]},{\"@type\":\"ImageObject\",\"inLanguage\":\"es\",\"@id\":\"https:\/\/global-hookah.com\/product\/50-pcs-king-size-pre-rolled-cones-ultra-thin-slow-burning-rolling-papers-smoking-accessories-2\/#primaryimage\",\"url\":\"https:\/\/global-hookah.com\/wp-content\/uploads\/2024\/05\/6da7506c0c31188e1a4da2b29d1fe552-1.jpg\",\"contentUrl\":\"https:\/\/global-hookah.com\/wp-content\/uploads\/2024\/05\/6da7506c0c31188e1a4da2b29d1fe552-1.jpg\",\"width\":800,\"height\":800},{\"@type\":\"BreadcrumbList\",\"@id\":\"https:\/\/global-hookah.com\/product\/50-pcs-king-size-pre-rolled-cones-ultra-thin-slow-burning-rolling-papers-smoking-accessories-2\/#breadcrumb\",\"itemListElement\":[{\"@type\":\"ListItem\",\"position\":1,\"name\":\"Home\",\"item\":\"https:\/\/global-hookah.com\/\"},{\"@type\":\"ListItem\",\"position\":2,\"name\":\"Shop\",\"item\":\"https:\/\/global-hookah.com\/shop\/\"},{\"@type\":\"ListItem\",\"position\":3,\"name\":\"50 pcs King Size Pre-rolled Cones &#8211; Ultra Thin &amp; Slow Burning Rolling Papers &#8211; Smoking Accessories\"}]},{\"@type\":\"WebSite\",\"@id\":\"https:\/\/global-hookah.com\/#website\",\"url\":\"https:\/\/global-hookah.com\/\",\"name\":\"Global Hookah\",\"description\":\"Global Hookah\",\"publisher\":{\"@id\":\"https:\/\/global-hookah.com\/#organization\"},\"potentialAction\":[{\"@type\":\"SearchAction\",\"target\":{\"@type\":\"EntryPoint\",\"urlTemplate\":\"https:\/\/global-hookah.com\/?s={search_term_string}\"},\"query-input\":{\"@type\":\"PropertyValueSpecification\",\"valueRequired\":true,\"valueName\":\"search_term_string\"}}],\"inLanguage\":\"es\"},{\"@type\":\"Organization\",\"@id\":\"https:\/\/global-hookah.com\/#organization\",\"name\":\"Global Hookah\",\"url\":\"https:\/\/global-hookah.com\/\",\"logo\":{\"@type\":\"ImageObject\",\"inLanguage\":\"es\",\"@id\":\"https:\/\/global-hookah.com\/#\/schema\/logo\/image\/\",\"url\":\"https:\/\/global-hookah.com\/wp-content\/uploads\/2021\/10\/cropped-fgg.png\",\"contentUrl\":\"https:\/\/global-hookah.com\/wp-content\/uploads\/2021\/10\/cropped-fgg.png\",\"width\":512,\"height\":512,\"caption\":\"Global Hookah\"},\"image\":{\"@id\":\"https:\/\/global-hookah.com\/#\/schema\/logo\/image\/\"}}]}<\/script>\n<!-- \/ Yoast SEO Premium plugin. -->","yoast_head_json":{"title":"50 pcs King Size Pre-rolled Cones - Ultra Thin &amp; Slow Burning Rolling Papers - Smoking Accessories - Global Hookah","robots":{"index":"index","follow":"follow","max-snippet":"max-snippet:-1","max-image-preview":"max-image-preview:large","max-video-preview":"max-video-preview:-1"},"canonical":"https:\/\/global-hookah.com\/es\/producto\/50-pcs-king-size-pre-rolled-cones-ultra-thin-slow-burning-rolling-papers-smoking-accessories-2\/","og_locale":"es_ES","og_type":"article","og_title":"50 pcs King Size Pre-rolled Cones - Ultra Thin &amp; Slow Burning Rolling Papers - Smoking Accessories","og_description":"These pre-rolled cones have already done the hardest part for you. You just need to put the ground cannabis in","og_url":"https:\/\/global-hookah.com\/es\/producto\/50-pcs-king-size-pre-rolled-cones-ultra-thin-slow-burning-rolling-papers-smoking-accessories-2\/","og_site_name":"Global Hookah","article_modified_time":"2024-05-21T09:01:15+00:00","og_image":[{"width":800,"height":800,"url":"https:\/\/global-hookah.com\/wp-content\/uploads\/2024\/05\/6da7506c0c31188e1a4da2b29d1fe552-1.jpg","type":"image\/jpeg"}],"twitter_card":"summary_large_image","schema":{"@context":"https:\/\/schema.org","@graph":[{"@type":"WebPage","@id":"https:\/\/global-hookah.com\/product\/50-pcs-king-size-pre-rolled-cones-ultra-thin-slow-burning-rolling-papers-smoking-accessories-2\/","url":"https:\/\/global-hookah.com\/product\/50-pcs-king-size-pre-rolled-cones-ultra-thin-slow-burning-rolling-papers-smoking-accessories-2\/","name":"50 pcs King Size Pre-rolled Cones - Ultra Thin &amp; Slow Burning Rolling Papers - Smoking Accessories - Global Hookah","isPartOf":{"@id":"https:\/\/global-hookah.com\/#website"},"primaryImageOfPage":{"@id":"https:\/\/global-hookah.com\/product\/50-pcs-king-size-pre-rolled-cones-ultra-thin-slow-burning-rolling-papers-smoking-accessories-2\/#primaryimage"},"image":{"@id":"https:\/\/global-hookah.com\/product\/50-pcs-king-size-pre-rolled-cones-ultra-thin-slow-burning-rolling-papers-smoking-accessories-2\/#primaryimage"},"thumbnailUrl":"https:\/\/global-hookah.com\/wp-content\/uploads\/2024\/05\/6da7506c0c31188e1a4da2b29d1fe552-1.jpg","datePublished":"2024-05-21T03:31:53+00:00","dateModified":"2024-05-21T09:01:15+00:00","breadcrumb":{"@id":"https:\/\/global-hookah.com\/product\/50-pcs-king-size-pre-rolled-cones-ultra-thin-slow-burning-rolling-papers-smoking-accessories-2\/#breadcrumb"},"inLanguage":"es","potentialAction":[{"@type":"ReadAction","target":["https:\/\/global-hookah.com\/product\/50-pcs-king-size-pre-rolled-cones-ultra-thin-slow-burning-rolling-papers-smoking-accessories-2\/"]}]},{"@type":"ImageObject","inLanguage":"es","@id":"https:\/\/global-hookah.com\/product\/50-pcs-king-size-pre-rolled-cones-ultra-thin-slow-burning-rolling-papers-smoking-accessories-2\/#primaryimage","url":"https:\/\/global-hookah.com\/wp-content\/uploads\/2024\/05\/6da7506c0c31188e1a4da2b29d1fe552-1.jpg","contentUrl":"https:\/\/global-hookah.com\/wp-content\/uploads\/2024\/05\/6da7506c0c31188e1a4da2b29d1fe552-1.jpg","width":800,"height":800},{"@type":"BreadcrumbList","@id":"https:\/\/global-hookah.com\/product\/50-pcs-king-size-pre-rolled-cones-ultra-thin-slow-burning-rolling-papers-smoking-accessories-2\/#breadcrumb","itemListElement":[{"@type":"ListItem","position":1,"name":"Home","item":"https:\/\/global-hookah.com\/"},{"@type":"ListItem","position":2,"name":"Shop","item":"https:\/\/global-hookah.com\/shop\/"},{"@type":"ListItem","position":3,"name":"50 pcs King Size Pre-rolled Cones &#8211; Ultra Thin &amp; Slow Burning Rolling Papers &#8211; Smoking Accessories"}]},{"@type":"WebSite","@id":"https:\/\/global-hookah.com\/#website","url":"https:\/\/global-hookah.com\/","name":"Global Hookah","description":"Global Hookah","publisher":{"@id":"https:\/\/global-hookah.com\/#organization"},"potentialAction":[{"@type":"SearchAction","target":{"@type":"EntryPoint","urlTemplate":"https:\/\/global-hookah.com\/?s={search_term_string}"},"query-input":{"@type":"PropertyValueSpecification","valueRequired":true,"valueName":"search_term_string"}}],"inLanguage":"es"},{"@type":"Organization","@id":"https:\/\/global-hookah.com\/#organization","name":"Global Hookah","url":"https:\/\/global-hookah.com\/","logo":{"@type":"ImageObject","inLanguage":"es","@id":"https:\/\/global-hookah.com\/#\/schema\/logo\/image\/","url":"https:\/\/global-hookah.com\/wp-content\/uploads\/2021\/10\/cropped-fgg.png","contentUrl":"https:\/\/global-hookah.com\/wp-content\/uploads\/2021\/10\/cropped-fgg.png","width":512,"height":512,"caption":"Global Hookah"},"image":{"@id":"https:\/\/global-hookah.com\/#\/schema\/logo\/image\/"}}]}},"_links":{"self":[{"href":"https:\/\/global-hookah.com\/es\/wp-json\/wp\/v2\/product\/24166","targetHints":{"allow":["GET"]}}],"collection":[{"href":"https:\/\/global-hookah.com\/es\/wp-json\/wp\/v2\/product"}],"about":[{"href":"https:\/\/global-hookah.com\/es\/wp-json\/wp\/v2\/types\/product"}],"replies":[{"embeddable":true,"href":"https:\/\/global-hookah.com\/es\/wp-json\/wp\/v2\/comments?post=24166"}],"version-history":[{"count":0,"href":"https:\/\/global-hookah.com\/es\/wp-json\/wp\/v2\/product\/24166\/revisions"}],"wp:featuredmedia":[{"embeddable":true,"href":"https:\/\/global-hookah.com\/es\/wp-json\/wp\/v2\/media\/23935"}],"wp:attachment":[{"href":"https:\/\/global-hookah.com\/es\/wp-json\/wp\/v2\/media?parent=24166"}],"wp:term":[{"taxonomy":"product_brand","embeddable":true,"href":"https:\/\/global-hookah.com\/es\/wp-json\/wp\/v2\/product_brand?post=24166"},{"taxonomy":"product_cat","embeddable":true,"href":"https:\/\/global-hookah.com\/es\/wp-json\/wp\/v2\/product_cat?post=24166"},{"taxonomy":"product_tag","embeddable":true,"href":"https:\/\/global-hookah.com\/es\/wp-json\/wp\/v2\/product_tag?post=24166"}],"curies":[{"name":"wp","href":"https:\/\/api.w.org\/{rel}","templated":true}]}}