{"id":24220,"date":"2024-05-21T03:31:56","date_gmt":"2024-05-21T03:31:56","guid":{"rendered":"https:\/\/global-hookah.com\/product\/40pcs-colorful-pre-rolled-cone-roll-paper-with-stainless-steel-box-packaging-translucent-pre-rolled-cone-rolling-paper-108cmu002f4-2in-slow-burning-household-gadget-valentines-day-gift-new-y\/"},"modified":"2024-05-21T09:01:15","modified_gmt":"2024-05-21T09:01:15","slug":"colorful-blunt-pre-rolled-cones-wholesale","status":"publish","type":"product","link":"https:\/\/global-hookah.com\/es\/producto\/colorful-blunt-pre-rolled-cones-wholesale\/","title":{"rendered":"Conos de colores al por mayor"},"content":{"rendered":"<div>\n<p>Estos <strong>Conos romos de colores<\/strong> eliminan todas las molestias de liar tus propios conos: s\u00f3lo tienes que rellenarlos, empaquetarlos, girarlos y listo. Cada cono est\u00e1 perfectamente plegado para una combusti\u00f3n uniforme en todo momento. Y est\u00e1n disponibles en un caleidoscopio de colores, desde el verde cl\u00e1sico hasta los psicod\u00e9licos tie-dyes.<\/p>\n<p>Fabricado con celulosa prensada suavemente para una <a href=\"https:\/\/global-hookah.com\/product\/50u002f100pcs-mini-pre-rolled-cones-with-tips-3-inch-u002f-78mm-brown-rolling-papers-cigarette-paper-cigarette-rolling-paper-cones-ultra-thin-natural-rolling-papers-slow-burning-smoking-acces\/\">combusti\u00f3n lenta<\/a>Adem\u00e1s, estos conos no contienen cloro. Saborear\u00e1s la bondad del papel puro sin blanquear en cada calada. Nada de productos qu\u00edmicos asquerosos.<\/p>\n<p>El pack de 12 variedades tiene algo para cada estado de \u00e1nimo y ambiente. Y <a href=\"https:\/\/global-hookah.com\/product\/17-glass-hookah-bulk-buy\/\">comprar al por mayor<\/a> al por mayor significa m\u00e1s conos por su dinero.<\/p>\n<\/div>\n<div><img decoding=\"async\" src=\"https:\/\/global-hookah.com\/wp-content\/uploads\/2024\/05\/8e8bd73c-9bfb-4d12-a95c-dc601d752456-1.jpg\" \/><\/div>\n<div><img decoding=\"async\" src=\"https:\/\/global-hookah.com\/wp-content\/uploads\/2024\/05\/88b2a312-4e6a-4445-a844-8ef25abd91d0-1.jpg\" \/><\/div>\n<div><img decoding=\"async\" src=\"https:\/\/global-hookah.com\/wp-content\/uploads\/2024\/05\/4062b9f0-3771-4b18-b5c6-780270cfad51-1.jpg\" \/><\/div>\n<div><img decoding=\"async\" src=\"https:\/\/global-hookah.com\/wp-content\/uploads\/2024\/05\/ad14a3ee-5478-40fb-be90-10f7e6546780-1.jpg\" \/><\/div>\n<div><img decoding=\"async\" src=\"https:\/\/global-hookah.com\/wp-content\/uploads\/2024\/05\/d56db699-6699-431e-a2c8-2365c1874c75-1.jpg\" \/><\/div>\n<div><img decoding=\"async\" src=\"https:\/\/global-hookah.com\/wp-content\/uploads\/2024\/05\/cf518f3f-f0a8-48a6-84ed-13bed67bff7b-1.jpg\" \/><\/div>","protected":false},"excerpt":{"rendered":"<p>Estos coloridos conos preenrollados te ahorran la molestia de enrollar los tuyos propios: s\u00f3lo tienes que rellenar, empaquetar y enroscar,<\/p>","protected":false},"featured_media":24003,"comment_status":"closed","ping_status":"closed","template":"","meta":{"iawp_total_views":2,"_joinchat":[]},"product_brand":[],"product_cat":[415,769],"product_tag":[],"class_list":{"0":"post-24220","1":"product","2":"type-product","3":"status-publish","4":"has-post-thumbnail","6":"product_cat-accessories","7":"product_cat-wholesale-pre-rolls","9":"first","10":"instock","11":"shipping-taxable","12":"product-type-external"},"yoast_head":"<!-- This site is optimized with the Yoast SEO Premium plugin v24.7 (Yoast SEO v26.8) - https:\/\/yoast.com\/product\/yoast-seo-premium-wordpress\/ -->\n<title>Colorful Blunt Pre Rolled Cones Wholesale - Global Hookah<\/title>\n<meta name=\"robots\" content=\"index, follow, max-snippet:-1, max-image-preview:large, max-video-preview:-1\" \/>\n<link rel=\"canonical\" href=\"https:\/\/global-hookah.com\/es\/it\/prodotto\/colorful-blunt-pre-rolled-cones-wholesale\/\" \/>\n<meta property=\"og:locale\" content=\"es_ES\" \/>\n<meta property=\"og:type\" content=\"article\" \/>\n<meta property=\"og:title\" content=\"Colorful Blunt Pre Rolled Cones Wholesale\" \/>\n<meta property=\"og:description\" content=\"These Colorful Blunt Pre Rolled Cones take all the hassle out of rolling your own &#8211; just stuff, pack, twist,\" \/>\n<meta property=\"og:url\" content=\"https:\/\/global-hookah.com\/es\/it\/prodotto\/colorful-blunt-pre-rolled-cones-wholesale\/\" \/>\n<meta property=\"og:site_name\" content=\"Global Hookah\" \/>\n<meta property=\"article:modified_time\" content=\"2024-05-21T09:01:15+00:00\" \/>\n<meta property=\"og:image\" content=\"https:\/\/global-hookah.com\/wp-content\/uploads\/2024\/05\/8e8bd73c-9bfb-4d12-a95c-dc601d752456-1.jpg\" \/>\n\t<meta property=\"og:image:width\" content=\"800\" \/>\n\t<meta property=\"og:image:height\" content=\"800\" \/>\n\t<meta property=\"og:image:type\" content=\"image\/jpeg\" \/>\n<meta name=\"twitter:card\" content=\"summary_large_image\" \/>\n<script type=\"application\/ld+json\" class=\"yoast-schema-graph\">{\"@context\":\"https:\/\/schema.org\",\"@graph\":[{\"@type\":\"WebPage\",\"@id\":\"https:\/\/global-hookah.com\/it\/prodotto\/colorful-blunt-pre-rolled-cones-wholesale\/\",\"url\":\"https:\/\/global-hookah.com\/it\/prodotto\/colorful-blunt-pre-rolled-cones-wholesale\/\",\"name\":\"Colorful Blunt Pre Rolled Cones Wholesale - Global Hookah\",\"isPartOf\":{\"@id\":\"https:\/\/global-hookah.com\/#website\"},\"primaryImageOfPage\":{\"@id\":\"https:\/\/global-hookah.com\/it\/prodotto\/colorful-blunt-pre-rolled-cones-wholesale\/#primaryimage\"},\"image\":{\"@id\":\"https:\/\/global-hookah.com\/it\/prodotto\/colorful-blunt-pre-rolled-cones-wholesale\/#primaryimage\"},\"thumbnailUrl\":\"https:\/\/global-hookah.com\/wp-content\/uploads\/2024\/05\/8e8bd73c-9bfb-4d12-a95c-dc601d752456-1.jpg\",\"datePublished\":\"2024-05-21T03:31:56+00:00\",\"dateModified\":\"2024-05-21T09:01:15+00:00\",\"breadcrumb\":{\"@id\":\"https:\/\/global-hookah.com\/it\/prodotto\/colorful-blunt-pre-rolled-cones-wholesale\/#breadcrumb\"},\"inLanguage\":\"es\",\"potentialAction\":[{\"@type\":\"ReadAction\",\"target\":[\"https:\/\/global-hookah.com\/it\/prodotto\/colorful-blunt-pre-rolled-cones-wholesale\/\"]}]},{\"@type\":\"ImageObject\",\"inLanguage\":\"es\",\"@id\":\"https:\/\/global-hookah.com\/it\/prodotto\/colorful-blunt-pre-rolled-cones-wholesale\/#primaryimage\",\"url\":\"https:\/\/global-hookah.com\/wp-content\/uploads\/2024\/05\/8e8bd73c-9bfb-4d12-a95c-dc601d752456-1.jpg\",\"contentUrl\":\"https:\/\/global-hookah.com\/wp-content\/uploads\/2024\/05\/8e8bd73c-9bfb-4d12-a95c-dc601d752456-1.jpg\",\"width\":800,\"height\":800,\"caption\":\"Colorful Blunt Pre Rolled Cones Wholesale\"},{\"@type\":\"BreadcrumbList\",\"@id\":\"https:\/\/global-hookah.com\/it\/prodotto\/colorful-blunt-pre-rolled-cones-wholesale\/#breadcrumb\",\"itemListElement\":[{\"@type\":\"ListItem\",\"position\":1,\"name\":\"Home\",\"item\":\"https:\/\/global-hookah.com\/\"},{\"@type\":\"ListItem\",\"position\":2,\"name\":\"Shop\",\"item\":\"https:\/\/global-hookah.com\/shop\/\"},{\"@type\":\"ListItem\",\"position\":3,\"name\":\"Colorful Blunt Pre Rolled Cones Wholesale\"}]},{\"@type\":\"WebSite\",\"@id\":\"https:\/\/global-hookah.com\/#website\",\"url\":\"https:\/\/global-hookah.com\/\",\"name\":\"Global Hookah\",\"description\":\"Global Hookah\",\"publisher\":{\"@id\":\"https:\/\/global-hookah.com\/#organization\"},\"potentialAction\":[{\"@type\":\"SearchAction\",\"target\":{\"@type\":\"EntryPoint\",\"urlTemplate\":\"https:\/\/global-hookah.com\/?s={search_term_string}\"},\"query-input\":{\"@type\":\"PropertyValueSpecification\",\"valueRequired\":true,\"valueName\":\"search_term_string\"}}],\"inLanguage\":\"es\"},{\"@type\":\"Organization\",\"@id\":\"https:\/\/global-hookah.com\/#organization\",\"name\":\"Global Hookah\",\"url\":\"https:\/\/global-hookah.com\/\",\"logo\":{\"@type\":\"ImageObject\",\"inLanguage\":\"es\",\"@id\":\"https:\/\/global-hookah.com\/#\/schema\/logo\/image\/\",\"url\":\"https:\/\/global-hookah.com\/wp-content\/uploads\/2021\/10\/cropped-fgg.png\",\"contentUrl\":\"https:\/\/global-hookah.com\/wp-content\/uploads\/2021\/10\/cropped-fgg.png\",\"width\":512,\"height\":512,\"caption\":\"Global Hookah\"},\"image\":{\"@id\":\"https:\/\/global-hookah.com\/#\/schema\/logo\/image\/\"}}]}<\/script>\n<!-- \/ Yoast SEO Premium plugin. -->","yoast_head_json":{"title":"Colorido Blunt Pre Rolled Conos al por mayor - Global Hookah","robots":{"index":"index","follow":"follow","max-snippet":"max-snippet:-1","max-image-preview":"max-image-preview:large","max-video-preview":"max-video-preview:-1"},"canonical":"https:\/\/global-hookah.com\/es\/it\/prodotto\/colorful-blunt-pre-rolled-cones-wholesale\/","og_locale":"es_ES","og_type":"article","og_title":"Colorful Blunt Pre Rolled Cones Wholesale","og_description":"These Colorful Blunt Pre Rolled Cones take all the hassle out of rolling your own &#8211; just stuff, pack, twist,","og_url":"https:\/\/global-hookah.com\/es\/it\/prodotto\/colorful-blunt-pre-rolled-cones-wholesale\/","og_site_name":"Global Hookah","article_modified_time":"2024-05-21T09:01:15+00:00","og_image":[{"width":800,"height":800,"url":"https:\/\/global-hookah.com\/wp-content\/uploads\/2024\/05\/8e8bd73c-9bfb-4d12-a95c-dc601d752456-1.jpg","type":"image\/jpeg"}],"twitter_card":"summary_large_image","schema":{"@context":"https:\/\/schema.org","@graph":[{"@type":"WebPage","@id":"https:\/\/global-hookah.com\/it\/prodotto\/colorful-blunt-pre-rolled-cones-wholesale\/","url":"https:\/\/global-hookah.com\/it\/prodotto\/colorful-blunt-pre-rolled-cones-wholesale\/","name":"Colorido Blunt Pre Rolled Conos al por mayor - Global Hookah","isPartOf":{"@id":"https:\/\/global-hookah.com\/#website"},"primaryImageOfPage":{"@id":"https:\/\/global-hookah.com\/it\/prodotto\/colorful-blunt-pre-rolled-cones-wholesale\/#primaryimage"},"image":{"@id":"https:\/\/global-hookah.com\/it\/prodotto\/colorful-blunt-pre-rolled-cones-wholesale\/#primaryimage"},"thumbnailUrl":"https:\/\/global-hookah.com\/wp-content\/uploads\/2024\/05\/8e8bd73c-9bfb-4d12-a95c-dc601d752456-1.jpg","datePublished":"2024-05-21T03:31:56+00:00","dateModified":"2024-05-21T09:01:15+00:00","breadcrumb":{"@id":"https:\/\/global-hookah.com\/it\/prodotto\/colorful-blunt-pre-rolled-cones-wholesale\/#breadcrumb"},"inLanguage":"es","potentialAction":[{"@type":"ReadAction","target":["https:\/\/global-hookah.com\/it\/prodotto\/colorful-blunt-pre-rolled-cones-wholesale\/"]}]},{"@type":"ImageObject","inLanguage":"es","@id":"https:\/\/global-hookah.com\/it\/prodotto\/colorful-blunt-pre-rolled-cones-wholesale\/#primaryimage","url":"https:\/\/global-hookah.com\/wp-content\/uploads\/2024\/05\/8e8bd73c-9bfb-4d12-a95c-dc601d752456-1.jpg","contentUrl":"https:\/\/global-hookah.com\/wp-content\/uploads\/2024\/05\/8e8bd73c-9bfb-4d12-a95c-dc601d752456-1.jpg","width":800,"height":800,"caption":"Colorful Blunt Pre Rolled Cones Wholesale"},{"@type":"BreadcrumbList","@id":"https:\/\/global-hookah.com\/it\/prodotto\/colorful-blunt-pre-rolled-cones-wholesale\/#breadcrumb","itemListElement":[{"@type":"ListItem","position":1,"name":"Home","item":"https:\/\/global-hookah.com\/"},{"@type":"ListItem","position":2,"name":"Shop","item":"https:\/\/global-hookah.com\/shop\/"},{"@type":"ListItem","position":3,"name":"Colorful Blunt Pre Rolled Cones Wholesale"}]},{"@type":"WebSite","@id":"https:\/\/global-hookah.com\/#website","url":"https:\/\/global-hookah.com\/","name":"Global Hookah","description":"Global Hookah","publisher":{"@id":"https:\/\/global-hookah.com\/#organization"},"potentialAction":[{"@type":"SearchAction","target":{"@type":"EntryPoint","urlTemplate":"https:\/\/global-hookah.com\/?s={search_term_string}"},"query-input":{"@type":"PropertyValueSpecification","valueRequired":true,"valueName":"search_term_string"}}],"inLanguage":"es"},{"@type":"Organization","@id":"https:\/\/global-hookah.com\/#organization","name":"Global Hookah","url":"https:\/\/global-hookah.com\/","logo":{"@type":"ImageObject","inLanguage":"es","@id":"https:\/\/global-hookah.com\/#\/schema\/logo\/image\/","url":"https:\/\/global-hookah.com\/wp-content\/uploads\/2021\/10\/cropped-fgg.png","contentUrl":"https:\/\/global-hookah.com\/wp-content\/uploads\/2021\/10\/cropped-fgg.png","width":512,"height":512,"caption":"Global Hookah"},"image":{"@id":"https:\/\/global-hookah.com\/#\/schema\/logo\/image\/"}}]}},"_links":{"self":[{"href":"https:\/\/global-hookah.com\/es\/wp-json\/wp\/v2\/product\/24220","targetHints":{"allow":["GET"]}}],"collection":[{"href":"https:\/\/global-hookah.com\/es\/wp-json\/wp\/v2\/product"}],"about":[{"href":"https:\/\/global-hookah.com\/es\/wp-json\/wp\/v2\/types\/product"}],"replies":[{"embeddable":true,"href":"https:\/\/global-hookah.com\/es\/wp-json\/wp\/v2\/comments?post=24220"}],"version-history":[{"count":0,"href":"https:\/\/global-hookah.com\/es\/wp-json\/wp\/v2\/product\/24220\/revisions"}],"wp:featuredmedia":[{"embeddable":true,"href":"https:\/\/global-hookah.com\/es\/wp-json\/wp\/v2\/media\/24003"}],"wp:attachment":[{"href":"https:\/\/global-hookah.com\/es\/wp-json\/wp\/v2\/media?parent=24220"}],"wp:term":[{"taxonomy":"product_brand","embeddable":true,"href":"https:\/\/global-hookah.com\/es\/wp-json\/wp\/v2\/product_brand?post=24220"},{"taxonomy":"product_cat","embeddable":true,"href":"https:\/\/global-hookah.com\/es\/wp-json\/wp\/v2\/product_cat?post=24220"},{"taxonomy":"product_tag","embeddable":true,"href":"https:\/\/global-hookah.com\/es\/wp-json\/wp\/v2\/product_tag?post=24220"}],"curies":[{"name":"wp","href":"https:\/\/api.w.org\/{rel}","templated":true}]}}