{"id":25080,"date":"2024-05-22T00:55:49","date_gmt":"2024-05-22T00:55:49","guid":{"rendered":"https:\/\/global-hookah.com\/product\/fire-kirin-lake-green-single-layer-honeycomb-filter-aerator-14-4mm-lake-green\/"},"modified":"2024-05-23T08:43:47","modified_gmt":"2024-05-23T08:43:47","slug":"14-4mm-single-layer-honeycomb-weed-bong-wholesale","status":"publish","type":"product","link":"https:\/\/global-hookah.com\/es\/producto\/14-4mm-single-layer-honeycomb-weed-bong-wholesale\/","title":{"rendered":"pipa de marihuana de panal de abeja de una capa de 14,4 mm al por mayor"},"content":{"rendered":"<p>El percolador de disco de nido de abeja de esta brillante cachimba crea un suave efecto de difusi\u00f3n para obtener los caladas m\u00e1s sedosas. El grosor del cristal de 14,4 mm proporciona durabilidad y unos caladas estables.<\/p>\n<p>Pero este no es el t\u00edpico bong de VIDRIO: sus elegantes curvas le confieren un aspecto retorcido y contempor\u00e1neo. El vidrio azul transl\u00facido en espiral combina un toque de color con una forma funcional.<\/p>\n<p>Nuestros precios al por mayor te ofrecen ahorros exclusivos para que puedas disfrutar de un humo de cinco estrellas a precio de ganga. \u00bfPor qu\u00e9 desperdiciar hierba en un bong de vidrio de baja calidad cuando puedes fumarla con este bong de vidrio?<\/p>","protected":false},"excerpt":{"rendered":"<p>El percolador de disco de nido de abeja de este brillante bong crea un suave efecto difusor para los caladas m\u00e1s sedosas. El cristal de 14.4mm<\/p>","protected":false},"featured_media":25269,"comment_status":"closed","ping_status":"closed","template":"","meta":{"iawp_total_views":1,"_joinchat":[]},"product_brand":[],"product_cat":[415,249,535],"product_tag":[],"class_list":{"0":"post-25080","1":"product","2":"type-product","3":"status-publish","4":"has-post-thumbnail","6":"product_cat-accessories","7":"product_cat-bong-wholesale","8":"product_cat-wholesale-glass-bong","10":"first","11":"instock","12":"shipping-taxable","13":"product-type-external"},"yoast_head":"<!-- This site is optimized with the Yoast SEO Premium plugin v24.7 (Yoast SEO v26.8) - https:\/\/yoast.com\/product\/yoast-seo-premium-wordpress\/ -->\n<title>14.4mm Single Layer Honeycomb Weed Bong Wholesale - Global Hookah<\/title>\n<meta name=\"robots\" content=\"index, follow, max-snippet:-1, max-image-preview:large, max-video-preview:-1\" \/>\n<link rel=\"canonical\" href=\"https:\/\/global-hookah.com\/es\/it\/prodotto\/14-4mm-single-layer-honeycomb-weed-bong-wholesale\/\" \/>\n<meta property=\"og:locale\" content=\"es_ES\" \/>\n<meta property=\"og:type\" content=\"article\" \/>\n<meta property=\"og:title\" content=\"14.4mm Single Layer Honeycomb Weed Bong Wholesale\" \/>\n<meta property=\"og:description\" content=\"This brilliant bong\u2019s single honeycomb disc percolator creates a gentle diffusion effect for the silkiest hits ever. The 14.4mm glass\" \/>\n<meta property=\"og:url\" content=\"https:\/\/global-hookah.com\/es\/it\/prodotto\/14-4mm-single-layer-honeycomb-weed-bong-wholesale\/\" \/>\n<meta property=\"og:site_name\" content=\"Global Hookah\" \/>\n<meta property=\"article:modified_time\" content=\"2024-05-23T08:43:47+00:00\" \/>\n<meta property=\"og:image\" content=\"https:\/\/global-hookah.com\/wp-content\/uploads\/2024\/05\/17109131673b836a67cfe8a97fc1d596cea12a9559_square.jpg\" \/>\n\t<meta property=\"og:image:width\" content=\"900\" \/>\n\t<meta property=\"og:image:height\" content=\"1200\" \/>\n\t<meta property=\"og:image:type\" content=\"image\/jpeg\" \/>\n<meta name=\"twitter:card\" content=\"summary_large_image\" \/>\n<script type=\"application\/ld+json\" class=\"yoast-schema-graph\">{\"@context\":\"https:\/\/schema.org\",\"@graph\":[{\"@type\":\"WebPage\",\"@id\":\"https:\/\/global-hookah.com\/it\/prodotto\/14-4mm-single-layer-honeycomb-weed-bong-wholesale\/\",\"url\":\"https:\/\/global-hookah.com\/it\/prodotto\/14-4mm-single-layer-honeycomb-weed-bong-wholesale\/\",\"name\":\"14.4mm Single Layer Honeycomb Weed Bong Wholesale - Global Hookah\",\"isPartOf\":{\"@id\":\"https:\/\/global-hookah.com\/#website\"},\"primaryImageOfPage\":{\"@id\":\"https:\/\/global-hookah.com\/it\/prodotto\/14-4mm-single-layer-honeycomb-weed-bong-wholesale\/#primaryimage\"},\"image\":{\"@id\":\"https:\/\/global-hookah.com\/it\/prodotto\/14-4mm-single-layer-honeycomb-weed-bong-wholesale\/#primaryimage\"},\"thumbnailUrl\":\"https:\/\/global-hookah.com\/wp-content\/uploads\/2024\/05\/17109131673b836a67cfe8a97fc1d596cea12a9559_square.jpg\",\"datePublished\":\"2024-05-22T00:55:49+00:00\",\"dateModified\":\"2024-05-23T08:43:47+00:00\",\"breadcrumb\":{\"@id\":\"https:\/\/global-hookah.com\/it\/prodotto\/14-4mm-single-layer-honeycomb-weed-bong-wholesale\/#breadcrumb\"},\"inLanguage\":\"es\",\"potentialAction\":[{\"@type\":\"ReadAction\",\"target\":[\"https:\/\/global-hookah.com\/it\/prodotto\/14-4mm-single-layer-honeycomb-weed-bong-wholesale\/\"]}]},{\"@type\":\"ImageObject\",\"inLanguage\":\"es\",\"@id\":\"https:\/\/global-hookah.com\/it\/prodotto\/14-4mm-single-layer-honeycomb-weed-bong-wholesale\/#primaryimage\",\"url\":\"https:\/\/global-hookah.com\/wp-content\/uploads\/2024\/05\/17109131673b836a67cfe8a97fc1d596cea12a9559_square.jpg\",\"contentUrl\":\"https:\/\/global-hookah.com\/wp-content\/uploads\/2024\/05\/17109131673b836a67cfe8a97fc1d596cea12a9559_square.jpg\",\"width\":900,\"height\":1200,\"caption\":\"14.4mm Single Layer Honeycomb Weed Bong Wholesale\"},{\"@type\":\"BreadcrumbList\",\"@id\":\"https:\/\/global-hookah.com\/it\/prodotto\/14-4mm-single-layer-honeycomb-weed-bong-wholesale\/#breadcrumb\",\"itemListElement\":[{\"@type\":\"ListItem\",\"position\":1,\"name\":\"Home\",\"item\":\"https:\/\/global-hookah.com\/\"},{\"@type\":\"ListItem\",\"position\":2,\"name\":\"Shop\",\"item\":\"https:\/\/global-hookah.com\/shop\/\"},{\"@type\":\"ListItem\",\"position\":3,\"name\":\"14.4mm Single Layer Honeycomb Weed Bong Wholesale\"}]},{\"@type\":\"WebSite\",\"@id\":\"https:\/\/global-hookah.com\/#website\",\"url\":\"https:\/\/global-hookah.com\/\",\"name\":\"Global Hookah\",\"description\":\"Global Hookah\",\"publisher\":{\"@id\":\"https:\/\/global-hookah.com\/#organization\"},\"potentialAction\":[{\"@type\":\"SearchAction\",\"target\":{\"@type\":\"EntryPoint\",\"urlTemplate\":\"https:\/\/global-hookah.com\/?s={search_term_string}\"},\"query-input\":{\"@type\":\"PropertyValueSpecification\",\"valueRequired\":true,\"valueName\":\"search_term_string\"}}],\"inLanguage\":\"es\"},{\"@type\":\"Organization\",\"@id\":\"https:\/\/global-hookah.com\/#organization\",\"name\":\"Global Hookah\",\"url\":\"https:\/\/global-hookah.com\/\",\"logo\":{\"@type\":\"ImageObject\",\"inLanguage\":\"es\",\"@id\":\"https:\/\/global-hookah.com\/#\/schema\/logo\/image\/\",\"url\":\"https:\/\/global-hookah.com\/wp-content\/uploads\/2021\/10\/cropped-fgg.png\",\"contentUrl\":\"https:\/\/global-hookah.com\/wp-content\/uploads\/2021\/10\/cropped-fgg.png\",\"width\":512,\"height\":512,\"caption\":\"Global Hookah\"},\"image\":{\"@id\":\"https:\/\/global-hookah.com\/#\/schema\/logo\/image\/\"}}]}<\/script>\n<!-- \/ Yoast SEO Premium plugin. -->","yoast_head_json":{"title":"14.4mm Single Layer Honeycomb Weed Bong al por mayor - Global Hookah","robots":{"index":"index","follow":"follow","max-snippet":"max-snippet:-1","max-image-preview":"max-image-preview:large","max-video-preview":"max-video-preview:-1"},"canonical":"https:\/\/global-hookah.com\/es\/it\/prodotto\/14-4mm-single-layer-honeycomb-weed-bong-wholesale\/","og_locale":"es_ES","og_type":"article","og_title":"14.4mm Single Layer Honeycomb Weed Bong Wholesale","og_description":"This brilliant bong\u2019s single honeycomb disc percolator creates a gentle diffusion effect for the silkiest hits ever. The 14.4mm glass","og_url":"https:\/\/global-hookah.com\/es\/it\/prodotto\/14-4mm-single-layer-honeycomb-weed-bong-wholesale\/","og_site_name":"Global Hookah","article_modified_time":"2024-05-23T08:43:47+00:00","og_image":[{"width":900,"height":1200,"url":"https:\/\/global-hookah.com\/wp-content\/uploads\/2024\/05\/17109131673b836a67cfe8a97fc1d596cea12a9559_square.jpg","type":"image\/jpeg"}],"twitter_card":"summary_large_image","schema":{"@context":"https:\/\/schema.org","@graph":[{"@type":"WebPage","@id":"https:\/\/global-hookah.com\/it\/prodotto\/14-4mm-single-layer-honeycomb-weed-bong-wholesale\/","url":"https:\/\/global-hookah.com\/it\/prodotto\/14-4mm-single-layer-honeycomb-weed-bong-wholesale\/","name":"14.4mm Single Layer Honeycomb Weed Bong al por mayor - Global Hookah","isPartOf":{"@id":"https:\/\/global-hookah.com\/#website"},"primaryImageOfPage":{"@id":"https:\/\/global-hookah.com\/it\/prodotto\/14-4mm-single-layer-honeycomb-weed-bong-wholesale\/#primaryimage"},"image":{"@id":"https:\/\/global-hookah.com\/it\/prodotto\/14-4mm-single-layer-honeycomb-weed-bong-wholesale\/#primaryimage"},"thumbnailUrl":"https:\/\/global-hookah.com\/wp-content\/uploads\/2024\/05\/17109131673b836a67cfe8a97fc1d596cea12a9559_square.jpg","datePublished":"2024-05-22T00:55:49+00:00","dateModified":"2024-05-23T08:43:47+00:00","breadcrumb":{"@id":"https:\/\/global-hookah.com\/it\/prodotto\/14-4mm-single-layer-honeycomb-weed-bong-wholesale\/#breadcrumb"},"inLanguage":"es","potentialAction":[{"@type":"ReadAction","target":["https:\/\/global-hookah.com\/it\/prodotto\/14-4mm-single-layer-honeycomb-weed-bong-wholesale\/"]}]},{"@type":"ImageObject","inLanguage":"es","@id":"https:\/\/global-hookah.com\/it\/prodotto\/14-4mm-single-layer-honeycomb-weed-bong-wholesale\/#primaryimage","url":"https:\/\/global-hookah.com\/wp-content\/uploads\/2024\/05\/17109131673b836a67cfe8a97fc1d596cea12a9559_square.jpg","contentUrl":"https:\/\/global-hookah.com\/wp-content\/uploads\/2024\/05\/17109131673b836a67cfe8a97fc1d596cea12a9559_square.jpg","width":900,"height":1200,"caption":"14.4mm Single Layer Honeycomb Weed Bong Wholesale"},{"@type":"BreadcrumbList","@id":"https:\/\/global-hookah.com\/it\/prodotto\/14-4mm-single-layer-honeycomb-weed-bong-wholesale\/#breadcrumb","itemListElement":[{"@type":"ListItem","position":1,"name":"Home","item":"https:\/\/global-hookah.com\/"},{"@type":"ListItem","position":2,"name":"Shop","item":"https:\/\/global-hookah.com\/shop\/"},{"@type":"ListItem","position":3,"name":"14.4mm Single Layer Honeycomb Weed Bong Wholesale"}]},{"@type":"WebSite","@id":"https:\/\/global-hookah.com\/#website","url":"https:\/\/global-hookah.com\/","name":"Global Hookah","description":"Global Hookah","publisher":{"@id":"https:\/\/global-hookah.com\/#organization"},"potentialAction":[{"@type":"SearchAction","target":{"@type":"EntryPoint","urlTemplate":"https:\/\/global-hookah.com\/?s={search_term_string}"},"query-input":{"@type":"PropertyValueSpecification","valueRequired":true,"valueName":"search_term_string"}}],"inLanguage":"es"},{"@type":"Organization","@id":"https:\/\/global-hookah.com\/#organization","name":"Global Hookah","url":"https:\/\/global-hookah.com\/","logo":{"@type":"ImageObject","inLanguage":"es","@id":"https:\/\/global-hookah.com\/#\/schema\/logo\/image\/","url":"https:\/\/global-hookah.com\/wp-content\/uploads\/2021\/10\/cropped-fgg.png","contentUrl":"https:\/\/global-hookah.com\/wp-content\/uploads\/2021\/10\/cropped-fgg.png","width":512,"height":512,"caption":"Global Hookah"},"image":{"@id":"https:\/\/global-hookah.com\/#\/schema\/logo\/image\/"}}]}},"_links":{"self":[{"href":"https:\/\/global-hookah.com\/es\/wp-json\/wp\/v2\/product\/25080","targetHints":{"allow":["GET"]}}],"collection":[{"href":"https:\/\/global-hookah.com\/es\/wp-json\/wp\/v2\/product"}],"about":[{"href":"https:\/\/global-hookah.com\/es\/wp-json\/wp\/v2\/types\/product"}],"replies":[{"embeddable":true,"href":"https:\/\/global-hookah.com\/es\/wp-json\/wp\/v2\/comments?post=25080"}],"version-history":[{"count":0,"href":"https:\/\/global-hookah.com\/es\/wp-json\/wp\/v2\/product\/25080\/revisions"}],"wp:featuredmedia":[{"embeddable":true,"href":"https:\/\/global-hookah.com\/es\/wp-json\/wp\/v2\/media\/25269"}],"wp:attachment":[{"href":"https:\/\/global-hookah.com\/es\/wp-json\/wp\/v2\/media?parent=25080"}],"wp:term":[{"taxonomy":"product_brand","embeddable":true,"href":"https:\/\/global-hookah.com\/es\/wp-json\/wp\/v2\/product_brand?post=25080"},{"taxonomy":"product_cat","embeddable":true,"href":"https:\/\/global-hookah.com\/es\/wp-json\/wp\/v2\/product_cat?post=25080"},{"taxonomy":"product_tag","embeddable":true,"href":"https:\/\/global-hookah.com\/es\/wp-json\/wp\/v2\/product_tag?post=25080"}],"curies":[{"name":"wp","href":"https:\/\/api.w.org\/{rel}","templated":true}]}}