{"id":25195,"date":"2024-05-22T00:56:05","date_gmt":"2024-05-22T00:56:05","guid":{"rendered":"https:\/\/global-hookah.com\/product\/luxury-4-hose-hookah-set-comes-with-100-disposable-mouth-tips-50-pre-punched-aluminum-foils-and-1-carbon-clip-black\/"},"modified":"2024-05-23T05:57:39","modified_gmt":"2024-05-23T05:57:39","slug":"luxury-4-hose-hookah-set-wholesale","status":"publish","type":"product","link":"https:\/\/global-hookah.com\/es\/producto\/luxury-4-hose-hookah-set-wholesale\/","title":{"rendered":"Hookah de lujo de 4 mangueras al por mayor"},"content":{"rendered":"<p>Lo juro, este <strong>Set de narguile de lujo con 4 mangueras<\/strong> \u00a1definitivamente llevar\u00e1 su experiencia hookah a un nuevo nivel! Utiliza acero inoxidable 304 de alto grado como el cuerpo principal, que se siente fr\u00edo al tacto y es muy fuerte y duradero. Y el dise\u00f1o de la interfaz de cuatro mangueras le permite a usted y a sus amigos fumar hookah al mismo tiempo. Este <a href=\"https:\/\/global-hookah.com\/product\/bar-aluminum-social-smoke-hookah-pipe\/\">m\u00e9todo de fumar es simplemente la mejor manera de socializar<\/a>.<\/p>\n<p>Enciende c\u00f3modamente tu tabaco favorito. Puede producir mucho humo, y el efecto de fumar es tambi\u00e9n muy sedoso y suave, \u00a1lo cual es muy importante para m\u00ed! Porque soy una persona muy exigente<\/p>\n<p>Lo que m\u00e1s me gusta es su dise\u00f1o. El estampado de arte tradicional indio y el estilo moderno son perfectos. Es realmente incre\u00edble. Cuando enciendes el <a href=\"https:\/\/global-hookah.com\/product\/golden-russian-hookah-pipe\/\">pipa narguile<\/a>,<\/p>\n<p>&nbsp;<\/p>","protected":false},"excerpt":{"rendered":"<p>Le juro que este set de narguile de lujo con 4 mangueras llevar\u00e1 su experiencia con el narguile a un nuevo nivel. Utiliza<\/p>","protected":false},"featured_media":25387,"comment_status":"closed","ping_status":"closed","template":"","meta":{"iawp_total_views":18,"_joinchat":[]},"product_brand":[],"product_cat":[415,119],"product_tag":[],"class_list":{"0":"post-25195","1":"product","2":"type-product","3":"status-publish","4":"has-post-thumbnail","6":"product_cat-accessories","7":"product_cat-wholesale-hookah","9":"first","10":"instock","11":"shipping-taxable","12":"product-type-external"},"yoast_head":"<!-- This site is optimized with the Yoast SEO Premium plugin v24.7 (Yoast SEO v26.8) - https:\/\/yoast.com\/product\/yoast-seo-premium-wordpress\/ -->\n<title>Luxury 4 Hose Hookah Set Wholesale - Global Hookah<\/title>\n<meta name=\"robots\" content=\"index, follow, max-snippet:-1, max-image-preview:large, max-video-preview:-1\" \/>\n<link rel=\"canonical\" href=\"https:\/\/global-hookah.com\/es\/produkt\/luxus-4-schlauch-wasserpfeife-set-groshandel\/\" \/>\n<meta property=\"og:locale\" content=\"es_ES\" \/>\n<meta property=\"og:type\" content=\"article\" \/>\n<meta property=\"og:title\" content=\"Luxury 4 Hose Hookah Set Wholesale\" \/>\n<meta property=\"og:description\" content=\"I swear, this Luxury 4 Hose Hookah Set will definitely take your hookah experience to a new level! It uses\" \/>\n<meta property=\"og:url\" content=\"https:\/\/global-hookah.com\/es\/produkt\/luxus-4-schlauch-wasserpfeife-set-groshandel\/\" \/>\n<meta property=\"og:site_name\" content=\"Global Hookah\" \/>\n<meta property=\"article:modified_time\" content=\"2024-05-23T05:57:39+00:00\" \/>\n<meta property=\"og:image\" content=\"https:\/\/global-hookah.com\/wp-content\/uploads\/2024\/05\/1710824748408e9bc01d133b0ad8e3fb42fc971882_square.jpg\" \/>\n\t<meta property=\"og:image:width\" content=\"2000\" \/>\n\t<meta property=\"og:image:height\" content=\"2666\" \/>\n\t<meta property=\"og:image:type\" content=\"image\/jpeg\" \/>\n<meta name=\"twitter:card\" content=\"summary_large_image\" \/>\n<meta name=\"twitter:label1\" content=\"Tiempo de lectura\" \/>\n\t<meta name=\"twitter:data1\" content=\"1 minuto\" \/>\n<script type=\"application\/ld+json\" class=\"yoast-schema-graph\">{\"@context\":\"https:\/\/schema.org\",\"@graph\":[{\"@type\":\"WebPage\",\"@id\":\"https:\/\/global-hookah.com\/de\/produkt\/luxus-4-schlauch-wasserpfeife-set-groshandel\/\",\"url\":\"https:\/\/global-hookah.com\/de\/produkt\/luxus-4-schlauch-wasserpfeife-set-groshandel\/\",\"name\":\"Luxury 4 Hose Hookah Set Wholesale - Global Hookah\",\"isPartOf\":{\"@id\":\"https:\/\/global-hookah.com\/#website\"},\"primaryImageOfPage\":{\"@id\":\"https:\/\/global-hookah.com\/de\/produkt\/luxus-4-schlauch-wasserpfeife-set-groshandel\/#primaryimage\"},\"image\":{\"@id\":\"https:\/\/global-hookah.com\/de\/produkt\/luxus-4-schlauch-wasserpfeife-set-groshandel\/#primaryimage\"},\"thumbnailUrl\":\"https:\/\/global-hookah.com\/wp-content\/uploads\/2024\/05\/1710824748408e9bc01d133b0ad8e3fb42fc971882_square-scaled.jpg\",\"datePublished\":\"2024-05-22T00:56:05+00:00\",\"dateModified\":\"2024-05-23T05:57:39+00:00\",\"breadcrumb\":{\"@id\":\"https:\/\/global-hookah.com\/de\/produkt\/luxus-4-schlauch-wasserpfeife-set-groshandel\/#breadcrumb\"},\"inLanguage\":\"es\",\"potentialAction\":[{\"@type\":\"ReadAction\",\"target\":[\"https:\/\/global-hookah.com\/de\/produkt\/luxus-4-schlauch-wasserpfeife-set-groshandel\/\"]}]},{\"@type\":\"ImageObject\",\"inLanguage\":\"es\",\"@id\":\"https:\/\/global-hookah.com\/de\/produkt\/luxus-4-schlauch-wasserpfeife-set-groshandel\/#primaryimage\",\"url\":\"https:\/\/global-hookah.com\/wp-content\/uploads\/2024\/05\/1710824748408e9bc01d133b0ad8e3fb42fc971882_square-scaled.jpg\",\"contentUrl\":\"https:\/\/global-hookah.com\/wp-content\/uploads\/2024\/05\/1710824748408e9bc01d133b0ad8e3fb42fc971882_square-scaled.jpg\",\"width\":1920,\"height\":2560,\"caption\":\"Luxury 4 Hose Hookah Set Wholesale\"},{\"@type\":\"BreadcrumbList\",\"@id\":\"https:\/\/global-hookah.com\/de\/produkt\/luxus-4-schlauch-wasserpfeife-set-groshandel\/#breadcrumb\",\"itemListElement\":[{\"@type\":\"ListItem\",\"position\":1,\"name\":\"Home\",\"item\":\"https:\/\/global-hookah.com\/\"},{\"@type\":\"ListItem\",\"position\":2,\"name\":\"Shop\",\"item\":\"https:\/\/global-hookah.com\/shop\/\"},{\"@type\":\"ListItem\",\"position\":3,\"name\":\"Luxury 4 Hose Hookah Set Wholesale\"}]},{\"@type\":\"WebSite\",\"@id\":\"https:\/\/global-hookah.com\/#website\",\"url\":\"https:\/\/global-hookah.com\/\",\"name\":\"Global Hookah\",\"description\":\"Global Hookah\",\"publisher\":{\"@id\":\"https:\/\/global-hookah.com\/#organization\"},\"potentialAction\":[{\"@type\":\"SearchAction\",\"target\":{\"@type\":\"EntryPoint\",\"urlTemplate\":\"https:\/\/global-hookah.com\/?s={search_term_string}\"},\"query-input\":{\"@type\":\"PropertyValueSpecification\",\"valueRequired\":true,\"valueName\":\"search_term_string\"}}],\"inLanguage\":\"es\"},{\"@type\":\"Organization\",\"@id\":\"https:\/\/global-hookah.com\/#organization\",\"name\":\"Global Hookah\",\"url\":\"https:\/\/global-hookah.com\/\",\"logo\":{\"@type\":\"ImageObject\",\"inLanguage\":\"es\",\"@id\":\"https:\/\/global-hookah.com\/#\/schema\/logo\/image\/\",\"url\":\"https:\/\/global-hookah.com\/wp-content\/uploads\/2021\/10\/cropped-fgg.png\",\"contentUrl\":\"https:\/\/global-hookah.com\/wp-content\/uploads\/2021\/10\/cropped-fgg.png\",\"width\":512,\"height\":512,\"caption\":\"Global Hookah\"},\"image\":{\"@id\":\"https:\/\/global-hookah.com\/#\/schema\/logo\/image\/\"}}]}<\/script>\n<!-- \/ Yoast SEO Premium plugin. -->","yoast_head_json":{"title":"Hookah de lujo de 4 mangueras al por mayor - Global Hookah","robots":{"index":"index","follow":"follow","max-snippet":"max-snippet:-1","max-image-preview":"max-image-preview:large","max-video-preview":"max-video-preview:-1"},"canonical":"https:\/\/global-hookah.com\/es\/produkt\/luxus-4-schlauch-wasserpfeife-set-groshandel\/","og_locale":"es_ES","og_type":"article","og_title":"Luxury 4 Hose Hookah Set Wholesale","og_description":"I swear, this Luxury 4 Hose Hookah Set will definitely take your hookah experience to a new level! It uses","og_url":"https:\/\/global-hookah.com\/es\/produkt\/luxus-4-schlauch-wasserpfeife-set-groshandel\/","og_site_name":"Global Hookah","article_modified_time":"2024-05-23T05:57:39+00:00","og_image":[{"width":2000,"height":2666,"url":"https:\/\/global-hookah.com\/wp-content\/uploads\/2024\/05\/1710824748408e9bc01d133b0ad8e3fb42fc971882_square.jpg","type":"image\/jpeg"}],"twitter_card":"summary_large_image","twitter_misc":{"Tiempo de lectura":"1 minuto"},"schema":{"@context":"https:\/\/schema.org","@graph":[{"@type":"WebPage","@id":"https:\/\/global-hookah.com\/de\/produkt\/luxus-4-schlauch-wasserpfeife-set-groshandel\/","url":"https:\/\/global-hookah.com\/de\/produkt\/luxus-4-schlauch-wasserpfeife-set-groshandel\/","name":"Hookah de lujo de 4 mangueras al por mayor - Global Hookah","isPartOf":{"@id":"https:\/\/global-hookah.com\/#website"},"primaryImageOfPage":{"@id":"https:\/\/global-hookah.com\/de\/produkt\/luxus-4-schlauch-wasserpfeife-set-groshandel\/#primaryimage"},"image":{"@id":"https:\/\/global-hookah.com\/de\/produkt\/luxus-4-schlauch-wasserpfeife-set-groshandel\/#primaryimage"},"thumbnailUrl":"https:\/\/global-hookah.com\/wp-content\/uploads\/2024\/05\/1710824748408e9bc01d133b0ad8e3fb42fc971882_square-scaled.jpg","datePublished":"2024-05-22T00:56:05+00:00","dateModified":"2024-05-23T05:57:39+00:00","breadcrumb":{"@id":"https:\/\/global-hookah.com\/de\/produkt\/luxus-4-schlauch-wasserpfeife-set-groshandel\/#breadcrumb"},"inLanguage":"es","potentialAction":[{"@type":"ReadAction","target":["https:\/\/global-hookah.com\/de\/produkt\/luxus-4-schlauch-wasserpfeife-set-groshandel\/"]}]},{"@type":"ImageObject","inLanguage":"es","@id":"https:\/\/global-hookah.com\/de\/produkt\/luxus-4-schlauch-wasserpfeife-set-groshandel\/#primaryimage","url":"https:\/\/global-hookah.com\/wp-content\/uploads\/2024\/05\/1710824748408e9bc01d133b0ad8e3fb42fc971882_square-scaled.jpg","contentUrl":"https:\/\/global-hookah.com\/wp-content\/uploads\/2024\/05\/1710824748408e9bc01d133b0ad8e3fb42fc971882_square-scaled.jpg","width":1920,"height":2560,"caption":"Luxury 4 Hose Hookah Set Wholesale"},{"@type":"BreadcrumbList","@id":"https:\/\/global-hookah.com\/de\/produkt\/luxus-4-schlauch-wasserpfeife-set-groshandel\/#breadcrumb","itemListElement":[{"@type":"ListItem","position":1,"name":"Home","item":"https:\/\/global-hookah.com\/"},{"@type":"ListItem","position":2,"name":"Shop","item":"https:\/\/global-hookah.com\/shop\/"},{"@type":"ListItem","position":3,"name":"Luxury 4 Hose Hookah Set Wholesale"}]},{"@type":"WebSite","@id":"https:\/\/global-hookah.com\/#website","url":"https:\/\/global-hookah.com\/","name":"Global Hookah","description":"Global Hookah","publisher":{"@id":"https:\/\/global-hookah.com\/#organization"},"potentialAction":[{"@type":"SearchAction","target":{"@type":"EntryPoint","urlTemplate":"https:\/\/global-hookah.com\/?s={search_term_string}"},"query-input":{"@type":"PropertyValueSpecification","valueRequired":true,"valueName":"search_term_string"}}],"inLanguage":"es"},{"@type":"Organization","@id":"https:\/\/global-hookah.com\/#organization","name":"Global Hookah","url":"https:\/\/global-hookah.com\/","logo":{"@type":"ImageObject","inLanguage":"es","@id":"https:\/\/global-hookah.com\/#\/schema\/logo\/image\/","url":"https:\/\/global-hookah.com\/wp-content\/uploads\/2021\/10\/cropped-fgg.png","contentUrl":"https:\/\/global-hookah.com\/wp-content\/uploads\/2021\/10\/cropped-fgg.png","width":512,"height":512,"caption":"Global Hookah"},"image":{"@id":"https:\/\/global-hookah.com\/#\/schema\/logo\/image\/"}}]}},"_links":{"self":[{"href":"https:\/\/global-hookah.com\/es\/wp-json\/wp\/v2\/product\/25195","targetHints":{"allow":["GET"]}}],"collection":[{"href":"https:\/\/global-hookah.com\/es\/wp-json\/wp\/v2\/product"}],"about":[{"href":"https:\/\/global-hookah.com\/es\/wp-json\/wp\/v2\/types\/product"}],"replies":[{"embeddable":true,"href":"https:\/\/global-hookah.com\/es\/wp-json\/wp\/v2\/comments?post=25195"}],"version-history":[{"count":0,"href":"https:\/\/global-hookah.com\/es\/wp-json\/wp\/v2\/product\/25195\/revisions"}],"wp:featuredmedia":[{"embeddable":true,"href":"https:\/\/global-hookah.com\/es\/wp-json\/wp\/v2\/media\/25387"}],"wp:attachment":[{"href":"https:\/\/global-hookah.com\/es\/wp-json\/wp\/v2\/media?parent=25195"}],"wp:term":[{"taxonomy":"product_brand","embeddable":true,"href":"https:\/\/global-hookah.com\/es\/wp-json\/wp\/v2\/product_brand?post=25195"},{"taxonomy":"product_cat","embeddable":true,"href":"https:\/\/global-hookah.com\/es\/wp-json\/wp\/v2\/product_cat?post=25195"},{"taxonomy":"product_tag","embeddable":true,"href":"https:\/\/global-hookah.com\/es\/wp-json\/wp\/v2\/product_tag?post=25195"}],"curies":[{"name":"wp","href":"https:\/\/api.w.org\/{rel}","templated":true}]}}