{"id":25220,"date":"2024-05-22T00:56:07","date_gmt":"2024-05-22T00:56:07","guid":{"rendered":"https:\/\/global-hookah.com\/product\/1pc-german-quality-complete-hookah-set-with-silicone-hose-and-glass-hookah-green\/"},"modified":"2024-05-30T03:51:40","modified_gmt":"2024-05-30T03:51:40","slug":"russian-glass-hookah-set-wholesale-3","status":"publish","type":"product","link":"https:\/\/global-hookah.com\/es\/producto\/russian-glass-hookah-set-wholesale-3\/","title":{"rendered":"Juego de Hookah de cristal ruso al por mayor"},"content":{"rendered":"<p>Este <strong>Set de narguile ruso de cristal<\/strong> est\u00e1 fabricado a mano por nuestros artesanos utilizando vidrio de borosilicato de primera calidad - tenga en cuenta que el vidrio de borosilicato es posiblemente el mejor material para los golpes m\u00e1s suaves. Puede soportar temperaturas de hasta 160\u00b0C,<\/p>\n<p>Otro aspecto destacado de este<strong> Narguile ruso de cristal<\/strong> es el dise\u00f1o ligero con una gran capacidad. Esto le da al humo menos resistencia para las caladas m\u00e1s completas y sabrosas posibles, mucho mejor que las de metal o <a href=\"https:\/\/global-hookah.com\/product\/plastic-hookah-wholesale\/\">narguile de pl\u00e1stico<\/a>. Saborear\u00e1 la esencia natural del tabaco en cada calada.<br \/>\nEn <strong>Juego de narguile ruso<\/strong> utiliza un dise\u00f1o de fondo de diamante de cristal personalizado para mejorar la estabilidad. La conexi\u00f3n superior de la manguera se puede girar 360\u00b0 para evitar que se retuerza. Viene con una s\u00f3lida cubierta antiviento para un flujo de aire constante.<\/p>\n<p>En su interior encontrar\u00e1s un sistema de filtraci\u00f3n dual, que incluye un potente difusor cicl\u00f3nico que captura perfectamente las impurezas y las part\u00edculas de alquitr\u00e1n, proporcion\u00e1ndote el golpe m\u00e1s limpio y suave. S\u00f3lo la mejor silicona de grado m\u00e9dico importada de Alemania se utiliza para la manguera y los conectores para garantizar la perfecci\u00f3n herm\u00e9tica.<\/p>\n<p>Nosotros <a href=\"https:\/\/global-hookah.com\/product\/premium-hookah-set-glass-shisha-set-wholesale\/\">venta al por mayor de una amplia gama de elegantes shisha de cristal<\/a> dise\u00f1os que se adaptan a cualquier gusto personal, tanto si busca productos para un fumadero como para un sal\u00f3n de shisha, somos su mayorista de shisha m\u00e1s adecuado.<\/p>","protected":false},"excerpt":{"rendered":"<p>Este set de narguile ruso de cristal est\u00e1 hecho a mano por nuestros artesanos utilizando cristal de borosilicato de primera calidad - tenga en cuenta que el cristal de borosilicato<\/p>","protected":false},"featured_media":25410,"comment_status":"closed","ping_status":"closed","template":"","meta":{"iawp_total_views":4,"_joinchat":[]},"product_brand":[],"product_cat":[415,119],"product_tag":[],"class_list":{"0":"post-25220","1":"product","2":"type-product","3":"status-publish","4":"has-post-thumbnail","6":"product_cat-accessories","7":"product_cat-wholesale-hookah","9":"first","10":"instock","11":"shipping-taxable","12":"product-type-external"},"yoast_head":"<!-- This site is optimized with the Yoast SEO Premium plugin v24.7 (Yoast SEO v26.8) - https:\/\/yoast.com\/product\/yoast-seo-premium-wordpress\/ -->\n<title>Russian Glass Hookah Set Wholesale - Global Hookah<\/title>\n<meta name=\"robots\" content=\"index, follow, max-snippet:-1, max-image-preview:large, max-video-preview:-1\" \/>\n<link rel=\"canonical\" href=\"https:\/\/global-hookah.com\/es\/producto\/russian-glass-hookah-set-wholesale-3\/\" \/>\n<meta property=\"og:locale\" content=\"es_ES\" \/>\n<meta property=\"og:type\" content=\"article\" \/>\n<meta property=\"og:title\" content=\"Russian Glass Hookah Set Wholesale\" \/>\n<meta property=\"og:description\" content=\"This Russian Glass Hookah Set is handcrafted by our craftsmen using top-quality borosilicate glass &#8211; be aware that borosilicate glass\" \/>\n<meta property=\"og:url\" content=\"https:\/\/global-hookah.com\/es\/producto\/russian-glass-hookah-set-wholesale-3\/\" \/>\n<meta property=\"og:site_name\" content=\"Global Hookah\" \/>\n<meta property=\"article:modified_time\" content=\"2024-05-30T03:51:40+00:00\" \/>\n<meta property=\"og:image\" content=\"https:\/\/global-hookah.com\/wp-content\/uploads\/2024\/05\/1713166722d63dfd9e7d334139cb75d1a67cfb83ee_square.jpg\" \/>\n\t<meta property=\"og:image:width\" content=\"900\" \/>\n\t<meta property=\"og:image:height\" content=\"1200\" \/>\n\t<meta property=\"og:image:type\" content=\"image\/jpeg\" \/>\n<meta name=\"twitter:card\" content=\"summary_large_image\" \/>\n<meta name=\"twitter:label1\" content=\"Tiempo de lectura\" \/>\n\t<meta name=\"twitter:data1\" content=\"1 minuto\" \/>\n<script type=\"application\/ld+json\" class=\"yoast-schema-graph\">{\"@context\":\"https:\/\/schema.org\",\"@graph\":[{\"@type\":\"WebPage\",\"@id\":\"https:\/\/global-hookah.com\/product\/russian-glass-hookah-set-wholesale-3\/\",\"url\":\"https:\/\/global-hookah.com\/product\/russian-glass-hookah-set-wholesale-3\/\",\"name\":\"Russian Glass Hookah Set Wholesale - Global Hookah\",\"isPartOf\":{\"@id\":\"https:\/\/global-hookah.com\/#website\"},\"primaryImageOfPage\":{\"@id\":\"https:\/\/global-hookah.com\/product\/russian-glass-hookah-set-wholesale-3\/#primaryimage\"},\"image\":{\"@id\":\"https:\/\/global-hookah.com\/product\/russian-glass-hookah-set-wholesale-3\/#primaryimage\"},\"thumbnailUrl\":\"https:\/\/global-hookah.com\/wp-content\/uploads\/2024\/05\/1713166722d63dfd9e7d334139cb75d1a67cfb83ee_square.jpg\",\"datePublished\":\"2024-05-22T00:56:07+00:00\",\"dateModified\":\"2024-05-30T03:51:40+00:00\",\"breadcrumb\":{\"@id\":\"https:\/\/global-hookah.com\/product\/russian-glass-hookah-set-wholesale-3\/#breadcrumb\"},\"inLanguage\":\"es\",\"potentialAction\":[{\"@type\":\"ReadAction\",\"target\":[\"https:\/\/global-hookah.com\/product\/russian-glass-hookah-set-wholesale-3\/\"]}]},{\"@type\":\"ImageObject\",\"inLanguage\":\"es\",\"@id\":\"https:\/\/global-hookah.com\/product\/russian-glass-hookah-set-wholesale-3\/#primaryimage\",\"url\":\"https:\/\/global-hookah.com\/wp-content\/uploads\/2024\/05\/1713166722d63dfd9e7d334139cb75d1a67cfb83ee_square.jpg\",\"contentUrl\":\"https:\/\/global-hookah.com\/wp-content\/uploads\/2024\/05\/1713166722d63dfd9e7d334139cb75d1a67cfb83ee_square.jpg\",\"width\":900,\"height\":1200,\"caption\":\"Russian Glass Hookah Set Wholesale\"},{\"@type\":\"BreadcrumbList\",\"@id\":\"https:\/\/global-hookah.com\/product\/russian-glass-hookah-set-wholesale-3\/#breadcrumb\",\"itemListElement\":[{\"@type\":\"ListItem\",\"position\":1,\"name\":\"Home\",\"item\":\"https:\/\/global-hookah.com\/\"},{\"@type\":\"ListItem\",\"position\":2,\"name\":\"Shop\",\"item\":\"https:\/\/global-hookah.com\/shop\/\"},{\"@type\":\"ListItem\",\"position\":3,\"name\":\"Russian Glass Hookah Set Wholesale\"}]},{\"@type\":\"WebSite\",\"@id\":\"https:\/\/global-hookah.com\/#website\",\"url\":\"https:\/\/global-hookah.com\/\",\"name\":\"Global Hookah\",\"description\":\"Global Hookah\",\"publisher\":{\"@id\":\"https:\/\/global-hookah.com\/#organization\"},\"potentialAction\":[{\"@type\":\"SearchAction\",\"target\":{\"@type\":\"EntryPoint\",\"urlTemplate\":\"https:\/\/global-hookah.com\/?s={search_term_string}\"},\"query-input\":{\"@type\":\"PropertyValueSpecification\",\"valueRequired\":true,\"valueName\":\"search_term_string\"}}],\"inLanguage\":\"es\"},{\"@type\":\"Organization\",\"@id\":\"https:\/\/global-hookah.com\/#organization\",\"name\":\"Global Hookah\",\"url\":\"https:\/\/global-hookah.com\/\",\"logo\":{\"@type\":\"ImageObject\",\"inLanguage\":\"es\",\"@id\":\"https:\/\/global-hookah.com\/#\/schema\/logo\/image\/\",\"url\":\"https:\/\/global-hookah.com\/wp-content\/uploads\/2021\/10\/cropped-fgg.png\",\"contentUrl\":\"https:\/\/global-hookah.com\/wp-content\/uploads\/2021\/10\/cropped-fgg.png\",\"width\":512,\"height\":512,\"caption\":\"Global Hookah\"},\"image\":{\"@id\":\"https:\/\/global-hookah.com\/#\/schema\/logo\/image\/\"}}]}<\/script>\n<!-- \/ Yoast SEO Premium plugin. -->","yoast_head_json":{"title":"Juego de narguile de cristal ruso al por mayor - Global Hookah","robots":{"index":"index","follow":"follow","max-snippet":"max-snippet:-1","max-image-preview":"max-image-preview:large","max-video-preview":"max-video-preview:-1"},"canonical":"https:\/\/global-hookah.com\/es\/producto\/russian-glass-hookah-set-wholesale-3\/","og_locale":"es_ES","og_type":"article","og_title":"Russian Glass Hookah Set Wholesale","og_description":"This Russian Glass Hookah Set is handcrafted by our craftsmen using top-quality borosilicate glass &#8211; be aware that borosilicate glass","og_url":"https:\/\/global-hookah.com\/es\/producto\/russian-glass-hookah-set-wholesale-3\/","og_site_name":"Global Hookah","article_modified_time":"2024-05-30T03:51:40+00:00","og_image":[{"width":900,"height":1200,"url":"https:\/\/global-hookah.com\/wp-content\/uploads\/2024\/05\/1713166722d63dfd9e7d334139cb75d1a67cfb83ee_square.jpg","type":"image\/jpeg"}],"twitter_card":"summary_large_image","twitter_misc":{"Tiempo de lectura":"1 minuto"},"schema":{"@context":"https:\/\/schema.org","@graph":[{"@type":"WebPage","@id":"https:\/\/global-hookah.com\/product\/russian-glass-hookah-set-wholesale-3\/","url":"https:\/\/global-hookah.com\/product\/russian-glass-hookah-set-wholesale-3\/","name":"Juego de narguile de cristal ruso al por mayor - Global Hookah","isPartOf":{"@id":"https:\/\/global-hookah.com\/#website"},"primaryImageOfPage":{"@id":"https:\/\/global-hookah.com\/product\/russian-glass-hookah-set-wholesale-3\/#primaryimage"},"image":{"@id":"https:\/\/global-hookah.com\/product\/russian-glass-hookah-set-wholesale-3\/#primaryimage"},"thumbnailUrl":"https:\/\/global-hookah.com\/wp-content\/uploads\/2024\/05\/1713166722d63dfd9e7d334139cb75d1a67cfb83ee_square.jpg","datePublished":"2024-05-22T00:56:07+00:00","dateModified":"2024-05-30T03:51:40+00:00","breadcrumb":{"@id":"https:\/\/global-hookah.com\/product\/russian-glass-hookah-set-wholesale-3\/#breadcrumb"},"inLanguage":"es","potentialAction":[{"@type":"ReadAction","target":["https:\/\/global-hookah.com\/product\/russian-glass-hookah-set-wholesale-3\/"]}]},{"@type":"ImageObject","inLanguage":"es","@id":"https:\/\/global-hookah.com\/product\/russian-glass-hookah-set-wholesale-3\/#primaryimage","url":"https:\/\/global-hookah.com\/wp-content\/uploads\/2024\/05\/1713166722d63dfd9e7d334139cb75d1a67cfb83ee_square.jpg","contentUrl":"https:\/\/global-hookah.com\/wp-content\/uploads\/2024\/05\/1713166722d63dfd9e7d334139cb75d1a67cfb83ee_square.jpg","width":900,"height":1200,"caption":"Russian Glass Hookah Set Wholesale"},{"@type":"BreadcrumbList","@id":"https:\/\/global-hookah.com\/product\/russian-glass-hookah-set-wholesale-3\/#breadcrumb","itemListElement":[{"@type":"ListItem","position":1,"name":"Home","item":"https:\/\/global-hookah.com\/"},{"@type":"ListItem","position":2,"name":"Shop","item":"https:\/\/global-hookah.com\/shop\/"},{"@type":"ListItem","position":3,"name":"Russian Glass Hookah Set Wholesale"}]},{"@type":"WebSite","@id":"https:\/\/global-hookah.com\/#website","url":"https:\/\/global-hookah.com\/","name":"Global Hookah","description":"Global Hookah","publisher":{"@id":"https:\/\/global-hookah.com\/#organization"},"potentialAction":[{"@type":"SearchAction","target":{"@type":"EntryPoint","urlTemplate":"https:\/\/global-hookah.com\/?s={search_term_string}"},"query-input":{"@type":"PropertyValueSpecification","valueRequired":true,"valueName":"search_term_string"}}],"inLanguage":"es"},{"@type":"Organization","@id":"https:\/\/global-hookah.com\/#organization","name":"Global Hookah","url":"https:\/\/global-hookah.com\/","logo":{"@type":"ImageObject","inLanguage":"es","@id":"https:\/\/global-hookah.com\/#\/schema\/logo\/image\/","url":"https:\/\/global-hookah.com\/wp-content\/uploads\/2021\/10\/cropped-fgg.png","contentUrl":"https:\/\/global-hookah.com\/wp-content\/uploads\/2021\/10\/cropped-fgg.png","width":512,"height":512,"caption":"Global Hookah"},"image":{"@id":"https:\/\/global-hookah.com\/#\/schema\/logo\/image\/"}}]}},"_links":{"self":[{"href":"https:\/\/global-hookah.com\/es\/wp-json\/wp\/v2\/product\/25220","targetHints":{"allow":["GET"]}}],"collection":[{"href":"https:\/\/global-hookah.com\/es\/wp-json\/wp\/v2\/product"}],"about":[{"href":"https:\/\/global-hookah.com\/es\/wp-json\/wp\/v2\/types\/product"}],"replies":[{"embeddable":true,"href":"https:\/\/global-hookah.com\/es\/wp-json\/wp\/v2\/comments?post=25220"}],"version-history":[{"count":0,"href":"https:\/\/global-hookah.com\/es\/wp-json\/wp\/v2\/product\/25220\/revisions"}],"wp:featuredmedia":[{"embeddable":true,"href":"https:\/\/global-hookah.com\/es\/wp-json\/wp\/v2\/media\/25410"}],"wp:attachment":[{"href":"https:\/\/global-hookah.com\/es\/wp-json\/wp\/v2\/media?parent=25220"}],"wp:term":[{"taxonomy":"product_brand","embeddable":true,"href":"https:\/\/global-hookah.com\/es\/wp-json\/wp\/v2\/product_brand?post=25220"},{"taxonomy":"product_cat","embeddable":true,"href":"https:\/\/global-hookah.com\/es\/wp-json\/wp\/v2\/product_cat?post=25220"},{"taxonomy":"product_tag","embeddable":true,"href":"https:\/\/global-hookah.com\/es\/wp-json\/wp\/v2\/product_tag?post=25220"}],"curies":[{"name":"wp","href":"https:\/\/api.w.org\/{rel}","templated":true}]}}