{"id":25237,"date":"2024-05-22T00:56:08","date_gmt":"2024-05-22T00:56:08","guid":{"rendered":"https:\/\/global-hookah.com\/product\/1pc-arabic-shisha-hookah-large-size-aluminum-alloy-spring-design-hookah-with-silicon-hose-aluminum-handle-spring-guard-clip-ceramic-bowl-hand-blown-colored-glaze-glass-bottle-red\/"},"modified":"2024-05-30T03:51:39","modified_gmt":"2024-05-30T03:51:39","slug":"aluminum-alloy-modern-hookah-pipe-wholesale","status":"publish","type":"product","link":"https:\/\/global-hookah.com\/es\/producto\/aluminum-alloy-modern-hookah-pipe-wholesale\/","title":{"rendered":"Tubo Hookah moderno de aleaci\u00f3n de aluminio al por mayor"},"content":{"rendered":"<table>\n<tbody>\n<tr>\n<td>Color<\/td>\n<td>Rojo<\/td>\n<\/tr>\n<tr>\n<td>Material<\/td>\n<td>Aleaci\u00f3n de aluminio<\/td>\n<\/tr>\n<tr>\n<td>Fuente de alimentaci\u00f3n<\/td>\n<td>Ninguno<\/td>\n<\/tr>\n<tr>\n<td>Pilas incluidas<\/td>\n<td>No<\/td>\n<\/tr>\n<\/tbody>\n<\/table>\n<ul>\n<li><strong>Altura total<\/strong>: 60 cm \/ 23,62 pulgadas<\/li>\n<li><strong>Di\u00e1metro de la bandeja<\/strong>: 20 cm \/ 7,87 pulgadas<\/li>\n<li><strong>Caracter\u00edsticas<\/strong>:\n<ul>\n<li>Sistema de cierre r\u00e1pido, f\u00e1cil de instalar<\/li>\n<li>Manguera de alta calidad, mango de aluminio<\/li>\n<li>Ahora bien, a diferencia de la <a href=\"https:\/\/global-hookah.com\/product-category\/wholesale-hookah\/glass-hookah-wholesale\/\">pipa de agua de cristal<\/a>Este <strong>Pipa Hookah moderna de aleaci\u00f3n de aluminio<\/strong> utiliza un dise\u00f1o de circulaci\u00f3n que hace circular el humo a trav\u00e9s de m\u00faltiples etapas de filtraci\u00f3n - estamos hablando de un nivel superior de suavizado y enfriamiento. Las conexiones y las v\u00edas tambi\u00e9n est\u00e1n finamente pulidas para atrapar las impurezas, por lo que cada calada resalta la esencia natural de su tabaco o marihuana, libre de cualquier aspereza. <a href=\"https:\/\/global-hookah.com\/product\/bar-aluminum-social-smoke-hookah-pipe\/\">El cuerpo de aluminio ofrece una solidez suprema, mientras que el tubo de tama\u00f1o medio<\/a> con un receptor de hielo permite una amplia superficie de enfriamiento. Simplemente coloque algunos cubitos de hielo en el receptor y observe como su humo se enfr\u00eda incluso antes de llegar a su boca. M\u00e1s interesante a\u00fan es la c\u00e1mara recicladora, que tambi\u00e9n filtra y enfr\u00eda continuamente el humo que circula, proporcion\u00e1ndole finalmente un humo refrescante.\n<p>No se preocupe por la limpieza gracias a las piezas modulares f\u00e1cilmente desmontables. Los profesionales de la fontaner\u00eda recomiendan limpiar regularmente cualquier acumulaci\u00f3n de bacterias que pueda irritar el sistema respiratorio con el tiempo. Pero con todas estas pr\u00e1cticas caracter\u00edsticas, mantener este <strong>narguile moderno<\/strong> limpiar es pan comido.<\/li>\n<\/ul>\n<\/li>\n<\/ul>","protected":false},"excerpt":{"rendered":"<p>Color Rojo Material Aleaci\u00f3n de Aluminio Alimentaci\u00f3n Ninguna Pilas Incluidas No Altura Total: 60 cm \/ 23.62 pulgadas Di\u00e1metro de la Bandeja:<\/p>","protected":false},"featured_media":25426,"comment_status":"closed","ping_status":"closed","template":"","meta":{"iawp_total_views":0,"_joinchat":[]},"product_brand":[],"product_cat":[415,119],"product_tag":[],"class_list":{"0":"post-25237","1":"product","2":"type-product","3":"status-publish","4":"has-post-thumbnail","6":"product_cat-accessories","7":"product_cat-wholesale-hookah","9":"first","10":"instock","11":"shipping-taxable","12":"product-type-external"},"yoast_head":"<!-- This site is optimized with the Yoast SEO Premium plugin v24.7 (Yoast SEO v26.8) - https:\/\/yoast.com\/product\/yoast-seo-premium-wordpress\/ -->\n<title>Aluminum Alloy Modern Hookah Pipe Wholesale - Global Hookah<\/title>\n<meta name=\"robots\" content=\"index, follow, max-snippet:-1, max-image-preview:large, max-video-preview:-1\" \/>\n<link rel=\"canonical\" href=\"https:\/\/global-hookah.com\/es\/producto\/aluminum-alloy-modern-hookah-pipe-wholesale\/\" \/>\n<meta property=\"og:locale\" content=\"es_ES\" \/>\n<meta property=\"og:type\" content=\"article\" \/>\n<meta property=\"og:title\" content=\"Aluminum Alloy Modern Hookah Pipe Wholesale\" \/>\n<meta property=\"og:description\" content=\"Color Red Material Aluminum Alloy Power Supply None Batteries Included No Total Height: 60 cm \/ 23.62 inches Tray Diameter:\" \/>\n<meta property=\"og:url\" content=\"https:\/\/global-hookah.com\/es\/producto\/aluminum-alloy-modern-hookah-pipe-wholesale\/\" \/>\n<meta property=\"og:site_name\" content=\"Global Hookah\" \/>\n<meta property=\"article:modified_time\" content=\"2024-05-30T03:51:39+00:00\" \/>\n<meta property=\"og:image\" content=\"https:\/\/global-hookah.com\/wp-content\/uploads\/2024\/05\/1713236988ecd2c180ae3ed2c4e2428e0998aee193_square.jpg\" \/>\n\t<meta property=\"og:image:width\" content=\"900\" \/>\n\t<meta property=\"og:image:height\" content=\"1200\" \/>\n\t<meta property=\"og:image:type\" content=\"image\/jpeg\" \/>\n<meta name=\"twitter:card\" content=\"summary_large_image\" \/>\n<meta name=\"twitter:label1\" content=\"Tiempo de lectura\" \/>\n\t<meta name=\"twitter:data1\" content=\"1 minuto\" \/>\n<script type=\"application\/ld+json\" class=\"yoast-schema-graph\">{\"@context\":\"https:\/\/schema.org\",\"@graph\":[{\"@type\":\"WebPage\",\"@id\":\"https:\/\/global-hookah.com\/es\/producto\/aluminum-alloy-modern-hookah-pipe-wholesale\/\",\"url\":\"https:\/\/global-hookah.com\/es\/producto\/aluminum-alloy-modern-hookah-pipe-wholesale\/\",\"name\":\"Aluminum Alloy Modern Hookah Pipe Wholesale - Global Hookah\",\"isPartOf\":{\"@id\":\"https:\/\/global-hookah.com\/#website\"},\"primaryImageOfPage\":{\"@id\":\"https:\/\/global-hookah.com\/es\/producto\/aluminum-alloy-modern-hookah-pipe-wholesale\/#primaryimage\"},\"image\":{\"@id\":\"https:\/\/global-hookah.com\/es\/producto\/aluminum-alloy-modern-hookah-pipe-wholesale\/#primaryimage\"},\"thumbnailUrl\":\"https:\/\/global-hookah.com\/wp-content\/uploads\/2024\/05\/1713236988ecd2c180ae3ed2c4e2428e0998aee193_square.jpg\",\"datePublished\":\"2024-05-22T00:56:08+00:00\",\"dateModified\":\"2024-05-30T03:51:39+00:00\",\"breadcrumb\":{\"@id\":\"https:\/\/global-hookah.com\/es\/producto\/aluminum-alloy-modern-hookah-pipe-wholesale\/#breadcrumb\"},\"inLanguage\":\"es\",\"potentialAction\":[{\"@type\":\"ReadAction\",\"target\":[\"https:\/\/global-hookah.com\/es\/producto\/aluminum-alloy-modern-hookah-pipe-wholesale\/\"]}]},{\"@type\":\"ImageObject\",\"inLanguage\":\"es\",\"@id\":\"https:\/\/global-hookah.com\/es\/producto\/aluminum-alloy-modern-hookah-pipe-wholesale\/#primaryimage\",\"url\":\"https:\/\/global-hookah.com\/wp-content\/uploads\/2024\/05\/1713236988ecd2c180ae3ed2c4e2428e0998aee193_square.jpg\",\"contentUrl\":\"https:\/\/global-hookah.com\/wp-content\/uploads\/2024\/05\/1713236988ecd2c180ae3ed2c4e2428e0998aee193_square.jpg\",\"width\":900,\"height\":1200,\"caption\":\"Aluminum Alloy Modern Hookah Pipe Wholesale\"},{\"@type\":\"BreadcrumbList\",\"@id\":\"https:\/\/global-hookah.com\/es\/producto\/aluminum-alloy-modern-hookah-pipe-wholesale\/#breadcrumb\",\"itemListElement\":[{\"@type\":\"ListItem\",\"position\":1,\"name\":\"Home\",\"item\":\"https:\/\/global-hookah.com\/\"},{\"@type\":\"ListItem\",\"position\":2,\"name\":\"Shop\",\"item\":\"https:\/\/global-hookah.com\/shop\/\"},{\"@type\":\"ListItem\",\"position\":3,\"name\":\"Aluminum Alloy Modern Hookah Pipe Wholesale\"}]},{\"@type\":\"WebSite\",\"@id\":\"https:\/\/global-hookah.com\/#website\",\"url\":\"https:\/\/global-hookah.com\/\",\"name\":\"Global Hookah\",\"description\":\"Global Hookah\",\"publisher\":{\"@id\":\"https:\/\/global-hookah.com\/#organization\"},\"potentialAction\":[{\"@type\":\"SearchAction\",\"target\":{\"@type\":\"EntryPoint\",\"urlTemplate\":\"https:\/\/global-hookah.com\/?s={search_term_string}\"},\"query-input\":{\"@type\":\"PropertyValueSpecification\",\"valueRequired\":true,\"valueName\":\"search_term_string\"}}],\"inLanguage\":\"es\"},{\"@type\":\"Organization\",\"@id\":\"https:\/\/global-hookah.com\/#organization\",\"name\":\"Global Hookah\",\"url\":\"https:\/\/global-hookah.com\/\",\"logo\":{\"@type\":\"ImageObject\",\"inLanguage\":\"es\",\"@id\":\"https:\/\/global-hookah.com\/#\/schema\/logo\/image\/\",\"url\":\"https:\/\/global-hookah.com\/wp-content\/uploads\/2021\/10\/cropped-fgg.png\",\"contentUrl\":\"https:\/\/global-hookah.com\/wp-content\/uploads\/2021\/10\/cropped-fgg.png\",\"width\":512,\"height\":512,\"caption\":\"Global Hookah\"},\"image\":{\"@id\":\"https:\/\/global-hookah.com\/#\/schema\/logo\/image\/\"}}]}<\/script>\n<!-- \/ Yoast SEO Premium plugin. -->","yoast_head_json":{"title":"Aleaci\u00f3n de aluminio moderna pipa Hookah al por mayor - Global Hookah","robots":{"index":"index","follow":"follow","max-snippet":"max-snippet:-1","max-image-preview":"max-image-preview:large","max-video-preview":"max-video-preview:-1"},"canonical":"https:\/\/global-hookah.com\/es\/producto\/aluminum-alloy-modern-hookah-pipe-wholesale\/","og_locale":"es_ES","og_type":"article","og_title":"Aluminum Alloy Modern Hookah Pipe Wholesale","og_description":"Color Red Material Aluminum Alloy Power Supply None Batteries Included No Total Height: 60 cm \/ 23.62 inches Tray Diameter:","og_url":"https:\/\/global-hookah.com\/es\/producto\/aluminum-alloy-modern-hookah-pipe-wholesale\/","og_site_name":"Global Hookah","article_modified_time":"2024-05-30T03:51:39+00:00","og_image":[{"width":900,"height":1200,"url":"https:\/\/global-hookah.com\/wp-content\/uploads\/2024\/05\/1713236988ecd2c180ae3ed2c4e2428e0998aee193_square.jpg","type":"image\/jpeg"}],"twitter_card":"summary_large_image","twitter_misc":{"Tiempo de lectura":"1 minuto"},"schema":{"@context":"https:\/\/schema.org","@graph":[{"@type":"WebPage","@id":"https:\/\/global-hookah.com\/es\/producto\/aluminum-alloy-modern-hookah-pipe-wholesale\/","url":"https:\/\/global-hookah.com\/es\/producto\/aluminum-alloy-modern-hookah-pipe-wholesale\/","name":"Aleaci\u00f3n de aluminio moderna pipa Hookah al por mayor - Global Hookah","isPartOf":{"@id":"https:\/\/global-hookah.com\/#website"},"primaryImageOfPage":{"@id":"https:\/\/global-hookah.com\/es\/producto\/aluminum-alloy-modern-hookah-pipe-wholesale\/#primaryimage"},"image":{"@id":"https:\/\/global-hookah.com\/es\/producto\/aluminum-alloy-modern-hookah-pipe-wholesale\/#primaryimage"},"thumbnailUrl":"https:\/\/global-hookah.com\/wp-content\/uploads\/2024\/05\/1713236988ecd2c180ae3ed2c4e2428e0998aee193_square.jpg","datePublished":"2024-05-22T00:56:08+00:00","dateModified":"2024-05-30T03:51:39+00:00","breadcrumb":{"@id":"https:\/\/global-hookah.com\/es\/producto\/aluminum-alloy-modern-hookah-pipe-wholesale\/#breadcrumb"},"inLanguage":"es","potentialAction":[{"@type":"ReadAction","target":["https:\/\/global-hookah.com\/es\/producto\/aluminum-alloy-modern-hookah-pipe-wholesale\/"]}]},{"@type":"ImageObject","inLanguage":"es","@id":"https:\/\/global-hookah.com\/es\/producto\/aluminum-alloy-modern-hookah-pipe-wholesale\/#primaryimage","url":"https:\/\/global-hookah.com\/wp-content\/uploads\/2024\/05\/1713236988ecd2c180ae3ed2c4e2428e0998aee193_square.jpg","contentUrl":"https:\/\/global-hookah.com\/wp-content\/uploads\/2024\/05\/1713236988ecd2c180ae3ed2c4e2428e0998aee193_square.jpg","width":900,"height":1200,"caption":"Aluminum Alloy Modern Hookah Pipe Wholesale"},{"@type":"BreadcrumbList","@id":"https:\/\/global-hookah.com\/es\/producto\/aluminum-alloy-modern-hookah-pipe-wholesale\/#breadcrumb","itemListElement":[{"@type":"ListItem","position":1,"name":"Home","item":"https:\/\/global-hookah.com\/"},{"@type":"ListItem","position":2,"name":"Shop","item":"https:\/\/global-hookah.com\/shop\/"},{"@type":"ListItem","position":3,"name":"Aluminum Alloy Modern Hookah Pipe Wholesale"}]},{"@type":"WebSite","@id":"https:\/\/global-hookah.com\/#website","url":"https:\/\/global-hookah.com\/","name":"Global Hookah","description":"Global Hookah","publisher":{"@id":"https:\/\/global-hookah.com\/#organization"},"potentialAction":[{"@type":"SearchAction","target":{"@type":"EntryPoint","urlTemplate":"https:\/\/global-hookah.com\/?s={search_term_string}"},"query-input":{"@type":"PropertyValueSpecification","valueRequired":true,"valueName":"search_term_string"}}],"inLanguage":"es"},{"@type":"Organization","@id":"https:\/\/global-hookah.com\/#organization","name":"Global Hookah","url":"https:\/\/global-hookah.com\/","logo":{"@type":"ImageObject","inLanguage":"es","@id":"https:\/\/global-hookah.com\/#\/schema\/logo\/image\/","url":"https:\/\/global-hookah.com\/wp-content\/uploads\/2021\/10\/cropped-fgg.png","contentUrl":"https:\/\/global-hookah.com\/wp-content\/uploads\/2021\/10\/cropped-fgg.png","width":512,"height":512,"caption":"Global Hookah"},"image":{"@id":"https:\/\/global-hookah.com\/#\/schema\/logo\/image\/"}}]}},"_links":{"self":[{"href":"https:\/\/global-hookah.com\/es\/wp-json\/wp\/v2\/product\/25237","targetHints":{"allow":["GET"]}}],"collection":[{"href":"https:\/\/global-hookah.com\/es\/wp-json\/wp\/v2\/product"}],"about":[{"href":"https:\/\/global-hookah.com\/es\/wp-json\/wp\/v2\/types\/product"}],"replies":[{"embeddable":true,"href":"https:\/\/global-hookah.com\/es\/wp-json\/wp\/v2\/comments?post=25237"}],"version-history":[{"count":0,"href":"https:\/\/global-hookah.com\/es\/wp-json\/wp\/v2\/product\/25237\/revisions"}],"wp:featuredmedia":[{"embeddable":true,"href":"https:\/\/global-hookah.com\/es\/wp-json\/wp\/v2\/media\/25426"}],"wp:attachment":[{"href":"https:\/\/global-hookah.com\/es\/wp-json\/wp\/v2\/media?parent=25237"}],"wp:term":[{"taxonomy":"product_brand","embeddable":true,"href":"https:\/\/global-hookah.com\/es\/wp-json\/wp\/v2\/product_brand?post=25237"},{"taxonomy":"product_cat","embeddable":true,"href":"https:\/\/global-hookah.com\/es\/wp-json\/wp\/v2\/product_cat?post=25237"},{"taxonomy":"product_tag","embeddable":true,"href":"https:\/\/global-hookah.com\/es\/wp-json\/wp\/v2\/product_tag?post=25237"}],"curies":[{"name":"wp","href":"https:\/\/api.w.org\/{rel}","templated":true}]}}