{"id":25252,"date":"2024-05-22T00:56:12","date_gmt":"2024-05-22T00:56:12","guid":{"rendered":"https:\/\/global-hookah.com\/product\/1pc-quality-german-full-set-hookah-with-single-silicon-hose-blue\/"},"modified":"2024-05-30T03:51:38","modified_gmt":"2024-05-30T03:51:38","slug":"german-full-shisha-hookah-set-wholesale","status":"publish","type":"product","link":"https:\/\/global-hookah.com\/es\/producto\/german-full-shisha-hookah-set-wholesale\/","title":{"rendered":"Set de shisha alemana al por mayor"},"content":{"rendered":"<p>Par\u00e1metros del producto:<\/p>\n<p>Altura total: 54 cm \/ 21,2 pulgadas<br \/>\nManguera de silicona de alta calidad:<br \/>\nGarantiza durabilidad y flexibilidad<br \/>\nLos m\u00e1s <a href=\"https:\/\/global-hookah.com\/product\/stainless-steel-hookah-single-pipe-complete-set-wholesale\/\">Juego completo<\/a> en Amazon:<br \/>\nIncluye todo lo necesario <a href=\"https:\/\/global-hookah.com\/product\/wholesale-hookah-shisha-pipe-with-smoking-accessories\/\">accesorios para un narguile completo<\/a> experiencia<br \/>\nDise\u00f1o y experiencia \u00fanicos:<br \/>\nOfrece un atractivo visual<br \/>\nJarr\u00f3n de cristal engrosado y endurecido:<br \/>\nFabricado con<\/p>\n<p>Este<strong> elegante narguile de acero inoxidable alem\u00e1n importado<\/strong> es robusto y est\u00e1 hecho para durar. Su espaciosa c\u00e1mara de humo de 1 litro proporciona un mont\u00f3n de deliciosas nubes para esas largas sesiones de fumada con amigos. El amplio canal de humo minimiza la resistencia del aire al inhalar, permiti\u00e9ndote disfrutar de caladas profundas y sin restricciones.<\/p>\n<p>Con la selecci\u00f3n de diferentes cazoletas, da rienda suelta a tu creatividad envasando diferentes materiales como tabaco, melaza de hierbas o concentrados de cannabis. La abundancia de filtros te permite personalizar la sensaci\u00f3n exactamente como quieras: puedes probar bolas de cer\u00e1mica, carb\u00f3n activado, cubitos de hielo y mucho m\u00e1s.<\/p>\n<p>Adem\u00e1s, este <strong>Set de narguile alem\u00e1n<\/strong> viene con dos mangueras blandas, para que usted y un amigo puedan fumar simult\u00e1neamente y estrechar lazos con una gran conversaci\u00f3n. Ya sea para pasar un buen rato con los amigos o con esa persona especial, este<strong> Set de narguile alem\u00e1n<\/strong> fomenta la intimidad y la conexi\u00f3n.<\/p>","protected":false},"excerpt":{"rendered":"<p>Par\u00e1metros del producto: Altura total: 54 cm \/ 21.2 pulgadas Manguera de silicona de alta calidad para Hookah: Garantiza durabilidad y flexibilidad La m\u00e1s<\/p>","protected":false},"featured_media":25440,"comment_status":"closed","ping_status":"closed","template":"","meta":{"iawp_total_views":7,"_joinchat":[]},"product_brand":[],"product_cat":[415,119],"product_tag":[],"class_list":{"0":"post-25252","1":"product","2":"type-product","3":"status-publish","4":"has-post-thumbnail","6":"product_cat-accessories","7":"product_cat-wholesale-hookah","9":"first","10":"instock","11":"shipping-taxable","12":"product-type-external"},"yoast_head":"<!-- This site is optimized with the Yoast SEO Premium plugin v24.7 (Yoast SEO v26.8) - https:\/\/yoast.com\/product\/yoast-seo-premium-wordpress\/ -->\n<title>German Full Shisha Hookah Set Wholesale - Global Hookah<\/title>\n<meta name=\"robots\" content=\"index, follow, max-snippet:-1, max-image-preview:large, max-video-preview:-1\" \/>\n<link rel=\"canonical\" href=\"https:\/\/global-hookah.com\/es\/producto\/german-full-shisha-hookah-set-wholesale\/\" \/>\n<meta property=\"og:locale\" content=\"es_ES\" \/>\n<meta property=\"og:type\" content=\"article\" \/>\n<meta property=\"og:title\" content=\"German Full Shisha Hookah Set Wholesale\" \/>\n<meta property=\"og:description\" content=\"Product parameters: Total Height: 54 cm \/ 21.2 inches High Quality Silicone Hookah Hose: Ensures durability and flexibility The Most\" \/>\n<meta property=\"og:url\" content=\"https:\/\/global-hookah.com\/es\/producto\/german-full-shisha-hookah-set-wholesale\/\" \/>\n<meta property=\"og:site_name\" content=\"Global Hookah\" \/>\n<meta property=\"article:modified_time\" content=\"2024-05-30T03:51:38+00:00\" \/>\n<meta property=\"og:image\" content=\"https:\/\/global-hookah.com\/wp-content\/uploads\/2024\/05\/171316668018dd63cf540f316aaf633ae418c3018c_square.jpg\" \/>\n\t<meta property=\"og:image:width\" content=\"900\" \/>\n\t<meta property=\"og:image:height\" content=\"1200\" \/>\n\t<meta property=\"og:image:type\" content=\"image\/jpeg\" \/>\n<meta name=\"twitter:card\" content=\"summary_large_image\" \/>\n<meta name=\"twitter:label1\" content=\"Tiempo de lectura\" \/>\n\t<meta name=\"twitter:data1\" content=\"1 minuto\" \/>\n<script type=\"application\/ld+json\" class=\"yoast-schema-graph\">{\"@context\":\"https:\/\/schema.org\",\"@graph\":[{\"@type\":\"WebPage\",\"@id\":\"https:\/\/global-hookah.com\/product\/german-full-shisha-hookah-set-wholesale\/\",\"url\":\"https:\/\/global-hookah.com\/product\/german-full-shisha-hookah-set-wholesale\/\",\"name\":\"German Full Shisha Hookah Set Wholesale - Global Hookah\",\"isPartOf\":{\"@id\":\"https:\/\/global-hookah.com\/#website\"},\"primaryImageOfPage\":{\"@id\":\"https:\/\/global-hookah.com\/product\/german-full-shisha-hookah-set-wholesale\/#primaryimage\"},\"image\":{\"@id\":\"https:\/\/global-hookah.com\/product\/german-full-shisha-hookah-set-wholesale\/#primaryimage\"},\"thumbnailUrl\":\"https:\/\/global-hookah.com\/wp-content\/uploads\/2024\/05\/171316668018dd63cf540f316aaf633ae418c3018c_square.jpg\",\"datePublished\":\"2024-05-22T00:56:12+00:00\",\"dateModified\":\"2024-05-30T03:51:38+00:00\",\"breadcrumb\":{\"@id\":\"https:\/\/global-hookah.com\/product\/german-full-shisha-hookah-set-wholesale\/#breadcrumb\"},\"inLanguage\":\"es\",\"potentialAction\":[{\"@type\":\"ReadAction\",\"target\":[\"https:\/\/global-hookah.com\/product\/german-full-shisha-hookah-set-wholesale\/\"]}]},{\"@type\":\"ImageObject\",\"inLanguage\":\"es\",\"@id\":\"https:\/\/global-hookah.com\/product\/german-full-shisha-hookah-set-wholesale\/#primaryimage\",\"url\":\"https:\/\/global-hookah.com\/wp-content\/uploads\/2024\/05\/171316668018dd63cf540f316aaf633ae418c3018c_square.jpg\",\"contentUrl\":\"https:\/\/global-hookah.com\/wp-content\/uploads\/2024\/05\/171316668018dd63cf540f316aaf633ae418c3018c_square.jpg\",\"width\":900,\"height\":1200,\"caption\":\"German Full Shisha Hookah Set Wholesale\"},{\"@type\":\"BreadcrumbList\",\"@id\":\"https:\/\/global-hookah.com\/product\/german-full-shisha-hookah-set-wholesale\/#breadcrumb\",\"itemListElement\":[{\"@type\":\"ListItem\",\"position\":1,\"name\":\"Home\",\"item\":\"https:\/\/global-hookah.com\/\"},{\"@type\":\"ListItem\",\"position\":2,\"name\":\"Shop\",\"item\":\"https:\/\/global-hookah.com\/shop\/\"},{\"@type\":\"ListItem\",\"position\":3,\"name\":\"German Full Shisha Hookah Set Wholesale\"}]},{\"@type\":\"WebSite\",\"@id\":\"https:\/\/global-hookah.com\/#website\",\"url\":\"https:\/\/global-hookah.com\/\",\"name\":\"Global Hookah\",\"description\":\"Global Hookah\",\"publisher\":{\"@id\":\"https:\/\/global-hookah.com\/#organization\"},\"potentialAction\":[{\"@type\":\"SearchAction\",\"target\":{\"@type\":\"EntryPoint\",\"urlTemplate\":\"https:\/\/global-hookah.com\/?s={search_term_string}\"},\"query-input\":{\"@type\":\"PropertyValueSpecification\",\"valueRequired\":true,\"valueName\":\"search_term_string\"}}],\"inLanguage\":\"es\"},{\"@type\":\"Organization\",\"@id\":\"https:\/\/global-hookah.com\/#organization\",\"name\":\"Global Hookah\",\"url\":\"https:\/\/global-hookah.com\/\",\"logo\":{\"@type\":\"ImageObject\",\"inLanguage\":\"es\",\"@id\":\"https:\/\/global-hookah.com\/#\/schema\/logo\/image\/\",\"url\":\"https:\/\/global-hookah.com\/wp-content\/uploads\/2021\/10\/cropped-fgg.png\",\"contentUrl\":\"https:\/\/global-hookah.com\/wp-content\/uploads\/2021\/10\/cropped-fgg.png\",\"width\":512,\"height\":512,\"caption\":\"Global Hookah\"},\"image\":{\"@id\":\"https:\/\/global-hookah.com\/#\/schema\/logo\/image\/\"}}]}<\/script>\n<!-- \/ Yoast SEO Premium plugin. -->","yoast_head_json":{"title":"Set de shisha alemana al por mayor - Global Hookah","robots":{"index":"index","follow":"follow","max-snippet":"max-snippet:-1","max-image-preview":"max-image-preview:large","max-video-preview":"max-video-preview:-1"},"canonical":"https:\/\/global-hookah.com\/es\/producto\/german-full-shisha-hookah-set-wholesale\/","og_locale":"es_ES","og_type":"article","og_title":"German Full Shisha Hookah Set Wholesale","og_description":"Product parameters: Total Height: 54 cm \/ 21.2 inches High Quality Silicone Hookah Hose: Ensures durability and flexibility The Most","og_url":"https:\/\/global-hookah.com\/es\/producto\/german-full-shisha-hookah-set-wholesale\/","og_site_name":"Global Hookah","article_modified_time":"2024-05-30T03:51:38+00:00","og_image":[{"width":900,"height":1200,"url":"https:\/\/global-hookah.com\/wp-content\/uploads\/2024\/05\/171316668018dd63cf540f316aaf633ae418c3018c_square.jpg","type":"image\/jpeg"}],"twitter_card":"summary_large_image","twitter_misc":{"Tiempo de lectura":"1 minuto"},"schema":{"@context":"https:\/\/schema.org","@graph":[{"@type":"WebPage","@id":"https:\/\/global-hookah.com\/product\/german-full-shisha-hookah-set-wholesale\/","url":"https:\/\/global-hookah.com\/product\/german-full-shisha-hookah-set-wholesale\/","name":"Set de shisha alemana al por mayor - Global Hookah","isPartOf":{"@id":"https:\/\/global-hookah.com\/#website"},"primaryImageOfPage":{"@id":"https:\/\/global-hookah.com\/product\/german-full-shisha-hookah-set-wholesale\/#primaryimage"},"image":{"@id":"https:\/\/global-hookah.com\/product\/german-full-shisha-hookah-set-wholesale\/#primaryimage"},"thumbnailUrl":"https:\/\/global-hookah.com\/wp-content\/uploads\/2024\/05\/171316668018dd63cf540f316aaf633ae418c3018c_square.jpg","datePublished":"2024-05-22T00:56:12+00:00","dateModified":"2024-05-30T03:51:38+00:00","breadcrumb":{"@id":"https:\/\/global-hookah.com\/product\/german-full-shisha-hookah-set-wholesale\/#breadcrumb"},"inLanguage":"es","potentialAction":[{"@type":"ReadAction","target":["https:\/\/global-hookah.com\/product\/german-full-shisha-hookah-set-wholesale\/"]}]},{"@type":"ImageObject","inLanguage":"es","@id":"https:\/\/global-hookah.com\/product\/german-full-shisha-hookah-set-wholesale\/#primaryimage","url":"https:\/\/global-hookah.com\/wp-content\/uploads\/2024\/05\/171316668018dd63cf540f316aaf633ae418c3018c_square.jpg","contentUrl":"https:\/\/global-hookah.com\/wp-content\/uploads\/2024\/05\/171316668018dd63cf540f316aaf633ae418c3018c_square.jpg","width":900,"height":1200,"caption":"German Full Shisha Hookah Set Wholesale"},{"@type":"BreadcrumbList","@id":"https:\/\/global-hookah.com\/product\/german-full-shisha-hookah-set-wholesale\/#breadcrumb","itemListElement":[{"@type":"ListItem","position":1,"name":"Home","item":"https:\/\/global-hookah.com\/"},{"@type":"ListItem","position":2,"name":"Shop","item":"https:\/\/global-hookah.com\/shop\/"},{"@type":"ListItem","position":3,"name":"German Full Shisha Hookah Set Wholesale"}]},{"@type":"WebSite","@id":"https:\/\/global-hookah.com\/#website","url":"https:\/\/global-hookah.com\/","name":"Global Hookah","description":"Global Hookah","publisher":{"@id":"https:\/\/global-hookah.com\/#organization"},"potentialAction":[{"@type":"SearchAction","target":{"@type":"EntryPoint","urlTemplate":"https:\/\/global-hookah.com\/?s={search_term_string}"},"query-input":{"@type":"PropertyValueSpecification","valueRequired":true,"valueName":"search_term_string"}}],"inLanguage":"es"},{"@type":"Organization","@id":"https:\/\/global-hookah.com\/#organization","name":"Global Hookah","url":"https:\/\/global-hookah.com\/","logo":{"@type":"ImageObject","inLanguage":"es","@id":"https:\/\/global-hookah.com\/#\/schema\/logo\/image\/","url":"https:\/\/global-hookah.com\/wp-content\/uploads\/2021\/10\/cropped-fgg.png","contentUrl":"https:\/\/global-hookah.com\/wp-content\/uploads\/2021\/10\/cropped-fgg.png","width":512,"height":512,"caption":"Global Hookah"},"image":{"@id":"https:\/\/global-hookah.com\/#\/schema\/logo\/image\/"}}]}},"_links":{"self":[{"href":"https:\/\/global-hookah.com\/es\/wp-json\/wp\/v2\/product\/25252","targetHints":{"allow":["GET"]}}],"collection":[{"href":"https:\/\/global-hookah.com\/es\/wp-json\/wp\/v2\/product"}],"about":[{"href":"https:\/\/global-hookah.com\/es\/wp-json\/wp\/v2\/types\/product"}],"replies":[{"embeddable":true,"href":"https:\/\/global-hookah.com\/es\/wp-json\/wp\/v2\/comments?post=25252"}],"version-history":[{"count":0,"href":"https:\/\/global-hookah.com\/es\/wp-json\/wp\/v2\/product\/25252\/revisions"}],"wp:featuredmedia":[{"embeddable":true,"href":"https:\/\/global-hookah.com\/es\/wp-json\/wp\/v2\/media\/25440"}],"wp:attachment":[{"href":"https:\/\/global-hookah.com\/es\/wp-json\/wp\/v2\/media?parent=25252"}],"wp:term":[{"taxonomy":"product_brand","embeddable":true,"href":"https:\/\/global-hookah.com\/es\/wp-json\/wp\/v2\/product_brand?post=25252"},{"taxonomy":"product_cat","embeddable":true,"href":"https:\/\/global-hookah.com\/es\/wp-json\/wp\/v2\/product_cat?post=25252"},{"taxonomy":"product_tag","embeddable":true,"href":"https:\/\/global-hookah.com\/es\/wp-json\/wp\/v2\/product_tag?post=25252"}],"curies":[{"name":"wp","href":"https:\/\/api.w.org\/{rel}","templated":true}]}}