{"id":25478,"date":"2024-05-22T02:05:13","date_gmt":"2024-05-22T02:05:13","guid":{"rendered":"https:\/\/global-hookah.com\/product\/1pcs-1000ml-liquor-bottles-snake-shaped-clear-whiskey-wine-decanter-high-borosilicate-glass-zodiac-animal-wine-pot-craft-gift-decort-snake-glass-decanter-for-liquor-scotch-bourbon-vodka-coiled-"},"modified":"2024-05-27T03:35:28","modified_gmt":"2024-05-27T03:35:28","slug":"serpentine-portable-glass-bong-wholesale","status":"publish","type":"product","link":"https:\/\/global-hookah.com\/es\/producto\/serpentine-portable-glass-bong-wholesale\/","title":{"rendered":"Bong de vidrio port\u00e1til Serpentine al por mayor"},"content":{"rendered":"<p>Par\u00e1metros del producto:Altura (cuerpo): 23,5 cm \/ 8,25 pulgadas<br \/>\nAltura (total, incluido el tap\u00f3n): 25 cm \/ 9,48 pulgadas<br \/>\nDi\u00e1metro: 14,3 cm \/ 5,6 pulgadas<br \/>\nCapacidad: 1000 ml<\/p>\n<p>Este singular <strong>en forma de serpiente <\/strong><a href=\"https:\/\/global-hookah.com\/product\/10inch-hookah-glass-water-bongs-wholesale\/\">pipa de agua de cristal<\/a> es una aut\u00e9ntica maravilla. Su conducto de humo serpenteante enfr\u00eda y filtra eficazmente el humo, proporcionando una experiencia de fumado ultrasuave y refrescante. La forma tambi\u00e9n mejora la turbulencia del aire para una mayor difusi\u00f3n y vaporizaci\u00f3n del humo. Esto evita el contacto directo del humo con la boca y reduce significativamente la irritaci\u00f3n.<\/p>\n<p>En <a href=\"https:\/\/global-hookah.com\/product\/9-handmade-thick-glass-water-pipe-wholesale\/\">espesor del vidrio<\/a> est\u00e1 cuidadosamente calibrado para una durabilidad y un control de la temperatura \u00f3ptimos. Nuestro <strong>Bong de cristal port\u00e1til Serpentine<\/strong> Las pruebas al por mayor demuestran que este creativo <a href=\"https:\/\/global-hookah.com\/product-category\/bong-wholesale\/\">cachimba de cristal<\/a> mantiene su integridad mediante ciclos r\u00e1pidos de calentamiento y enfriamiento.<\/p>\n<p>El amplio di\u00e1metro de la base y el bajo centro de <a href=\"https:\/\/global-hookah.com\/product\/purple-dab-rigs-gravity-bong-wholesale\/\">la gravedad se queda con la pipa<\/a> estables cuando se colocan sobre superficies planas. Un pellizco de hielo permite a\u00f1adir cubitos de hielo por encima del <a href=\"https:\/\/global-hookah.com\/product\/9-4inch-thick-cool-glass-water-pipes-wholesale\/\">l\u00ednea de agua para enfriar<\/a> el humo antes de inhalarlo.<\/p>\n<p>El ingenioso <a href=\"https:\/\/global-hookah.com\/product\/custom-unique-glass-smoking-pipes\/\">el soplado de vidrio crea un llamativo ahumado<\/a> dispositivo que es a la vez f\u00e1cil de viajar y capaz de ofrecer el placer de fumar purificado. Disponible a precios al por mayor, nuestra serpentina <a href=\"https:\/\/global-hookah.com\/product\/glass-bong-wholesale\/\">los bongs atraen a los fumadores que aprecian el vidrio art\u00edstico funcional<\/a>.<\/p>\n<p>&nbsp;<\/p>","protected":false},"excerpt":{"rendered":"<p>Par\u00e1metros del producto:Altura (cuerpo): 23,5 cm \/ 8,25 pulgadas Altura (total, incluido el tap\u00f3n): 25 cm \/ 9,48 pulgadas Di\u00e1metro: 14,3 cm<\/p>","protected":false},"featured_media":25510,"comment_status":"closed","ping_status":"closed","template":"","meta":{"iawp_total_views":4,"_joinchat":[]},"product_brand":[],"product_cat":[415,249,535],"product_tag":[],"class_list":{"0":"post-25478","1":"product","2":"type-product","3":"status-publish","4":"has-post-thumbnail","6":"product_cat-accessories","7":"product_cat-bong-wholesale","8":"product_cat-wholesale-glass-bong","10":"first","11":"instock","12":"shipping-taxable","13":"product-type-external"},"yoast_head":"<!-- This site is optimized with the Yoast SEO Premium plugin v24.7 (Yoast SEO v26.8) - https:\/\/yoast.com\/product\/yoast-seo-premium-wordpress\/ -->\n<title>Serpentine Portable Glass Bong Wholesale - Global Hookah<\/title>\n<meta name=\"robots\" content=\"index, follow, max-snippet:-1, max-image-preview:large, max-video-preview:-1\" \/>\n<link rel=\"canonical\" href=\"https:\/\/global-hookah.com\/es\/producto\/serpentine-portable-glass-bong-wholesale\/\" \/>\n<meta property=\"og:locale\" content=\"es_ES\" \/>\n<meta property=\"og:type\" content=\"article\" \/>\n<meta property=\"og:title\" content=\"Serpentine Portable Glass Bong Wholesale\" \/>\n<meta property=\"og:description\" content=\"Product Parameters:Height (body): 23.5 cm \/ 8.25 inches Height (total, including stopper): 25 cm \/ 9.48 inches Diameter: 14.3 cm\" \/>\n<meta property=\"og:url\" content=\"https:\/\/global-hookah.com\/es\/producto\/serpentine-portable-glass-bong-wholesale\/\" \/>\n<meta property=\"og:site_name\" content=\"Global Hookah\" \/>\n<meta property=\"article:modified_time\" content=\"2024-05-27T03:35:28+00:00\" \/>\n<meta property=\"og:image\" content=\"https:\/\/global-hookah.com\/wp-content\/uploads\/2024\/05\/1712479864e846246070b4880744239826fd85b5e2_square.jpg\" \/>\n\t<meta property=\"og:image:width\" content=\"900\" \/>\n\t<meta property=\"og:image:height\" content=\"1200\" \/>\n\t<meta property=\"og:image:type\" content=\"image\/jpeg\" \/>\n<meta name=\"twitter:card\" content=\"summary_large_image\" \/>\n<meta name=\"twitter:label1\" content=\"Tiempo de lectura\" \/>\n\t<meta name=\"twitter:data1\" content=\"1 minuto\" \/>\n<script type=\"application\/ld+json\" class=\"yoast-schema-graph\">{\"@context\":\"https:\/\/schema.org\",\"@graph\":[{\"@type\":\"WebPage\",\"@id\":\"https:\/\/global-hookah.com\/product\/serpentine-portable-glass-bong-wholesale\/\",\"url\":\"https:\/\/global-hookah.com\/product\/serpentine-portable-glass-bong-wholesale\/\",\"name\":\"Serpentine Portable Glass Bong Wholesale - Global Hookah\",\"isPartOf\":{\"@id\":\"https:\/\/global-hookah.com\/#website\"},\"primaryImageOfPage\":{\"@id\":\"https:\/\/global-hookah.com\/product\/serpentine-portable-glass-bong-wholesale\/#primaryimage\"},\"image\":{\"@id\":\"https:\/\/global-hookah.com\/product\/serpentine-portable-glass-bong-wholesale\/#primaryimage\"},\"thumbnailUrl\":\"https:\/\/global-hookah.com\/wp-content\/uploads\/2024\/05\/1712479864e846246070b4880744239826fd85b5e2_square.jpg\",\"datePublished\":\"2024-05-22T02:05:13+00:00\",\"dateModified\":\"2024-05-27T03:35:28+00:00\",\"breadcrumb\":{\"@id\":\"https:\/\/global-hookah.com\/product\/serpentine-portable-glass-bong-wholesale\/#breadcrumb\"},\"inLanguage\":\"es\",\"potentialAction\":[{\"@type\":\"ReadAction\",\"target\":[\"https:\/\/global-hookah.com\/product\/serpentine-portable-glass-bong-wholesale\/\"]}]},{\"@type\":\"ImageObject\",\"inLanguage\":\"es\",\"@id\":\"https:\/\/global-hookah.com\/product\/serpentine-portable-glass-bong-wholesale\/#primaryimage\",\"url\":\"https:\/\/global-hookah.com\/wp-content\/uploads\/2024\/05\/1712479864e846246070b4880744239826fd85b5e2_square.jpg\",\"contentUrl\":\"https:\/\/global-hookah.com\/wp-content\/uploads\/2024\/05\/1712479864e846246070b4880744239826fd85b5e2_square.jpg\",\"width\":900,\"height\":1200,\"caption\":\"Snake Portable Glass Bong Wholesale\"},{\"@type\":\"BreadcrumbList\",\"@id\":\"https:\/\/global-hookah.com\/product\/serpentine-portable-glass-bong-wholesale\/#breadcrumb\",\"itemListElement\":[{\"@type\":\"ListItem\",\"position\":1,\"name\":\"Home\",\"item\":\"https:\/\/global-hookah.com\/\"},{\"@type\":\"ListItem\",\"position\":2,\"name\":\"Shop\",\"item\":\"https:\/\/global-hookah.com\/shop\/\"},{\"@type\":\"ListItem\",\"position\":3,\"name\":\"Serpentine Portable Glass Bong Wholesale\"}]},{\"@type\":\"WebSite\",\"@id\":\"https:\/\/global-hookah.com\/#website\",\"url\":\"https:\/\/global-hookah.com\/\",\"name\":\"Global Hookah\",\"description\":\"Global Hookah\",\"publisher\":{\"@id\":\"https:\/\/global-hookah.com\/#organization\"},\"potentialAction\":[{\"@type\":\"SearchAction\",\"target\":{\"@type\":\"EntryPoint\",\"urlTemplate\":\"https:\/\/global-hookah.com\/?s={search_term_string}\"},\"query-input\":{\"@type\":\"PropertyValueSpecification\",\"valueRequired\":true,\"valueName\":\"search_term_string\"}}],\"inLanguage\":\"es\"},{\"@type\":\"Organization\",\"@id\":\"https:\/\/global-hookah.com\/#organization\",\"name\":\"Global Hookah\",\"url\":\"https:\/\/global-hookah.com\/\",\"logo\":{\"@type\":\"ImageObject\",\"inLanguage\":\"es\",\"@id\":\"https:\/\/global-hookah.com\/#\/schema\/logo\/image\/\",\"url\":\"https:\/\/global-hookah.com\/wp-content\/uploads\/2021\/10\/cropped-fgg.png\",\"contentUrl\":\"https:\/\/global-hookah.com\/wp-content\/uploads\/2021\/10\/cropped-fgg.png\",\"width\":512,\"height\":512,\"caption\":\"Global Hookah\"},\"image\":{\"@id\":\"https:\/\/global-hookah.com\/#\/schema\/logo\/image\/\"}}]}<\/script>\n<!-- \/ Yoast SEO Premium plugin. -->","yoast_head_json":{"title":"Bong de vidrio port\u00e1til Serpentine al por mayor - Global Hookah","robots":{"index":"index","follow":"follow","max-snippet":"max-snippet:-1","max-image-preview":"max-image-preview:large","max-video-preview":"max-video-preview:-1"},"canonical":"https:\/\/global-hookah.com\/es\/producto\/serpentine-portable-glass-bong-wholesale\/","og_locale":"es_ES","og_type":"article","og_title":"Serpentine Portable Glass Bong Wholesale","og_description":"Product Parameters:Height (body): 23.5 cm \/ 8.25 inches Height (total, including stopper): 25 cm \/ 9.48 inches Diameter: 14.3 cm","og_url":"https:\/\/global-hookah.com\/es\/producto\/serpentine-portable-glass-bong-wholesale\/","og_site_name":"Global Hookah","article_modified_time":"2024-05-27T03:35:28+00:00","og_image":[{"width":900,"height":1200,"url":"https:\/\/global-hookah.com\/wp-content\/uploads\/2024\/05\/1712479864e846246070b4880744239826fd85b5e2_square.jpg","type":"image\/jpeg"}],"twitter_card":"summary_large_image","twitter_misc":{"Tiempo de lectura":"1 minuto"},"schema":{"@context":"https:\/\/schema.org","@graph":[{"@type":"WebPage","@id":"https:\/\/global-hookah.com\/product\/serpentine-portable-glass-bong-wholesale\/","url":"https:\/\/global-hookah.com\/product\/serpentine-portable-glass-bong-wholesale\/","name":"Bong de vidrio port\u00e1til Serpentine al por mayor - Global Hookah","isPartOf":{"@id":"https:\/\/global-hookah.com\/#website"},"primaryImageOfPage":{"@id":"https:\/\/global-hookah.com\/product\/serpentine-portable-glass-bong-wholesale\/#primaryimage"},"image":{"@id":"https:\/\/global-hookah.com\/product\/serpentine-portable-glass-bong-wholesale\/#primaryimage"},"thumbnailUrl":"https:\/\/global-hookah.com\/wp-content\/uploads\/2024\/05\/1712479864e846246070b4880744239826fd85b5e2_square.jpg","datePublished":"2024-05-22T02:05:13+00:00","dateModified":"2024-05-27T03:35:28+00:00","breadcrumb":{"@id":"https:\/\/global-hookah.com\/product\/serpentine-portable-glass-bong-wholesale\/#breadcrumb"},"inLanguage":"es","potentialAction":[{"@type":"ReadAction","target":["https:\/\/global-hookah.com\/product\/serpentine-portable-glass-bong-wholesale\/"]}]},{"@type":"ImageObject","inLanguage":"es","@id":"https:\/\/global-hookah.com\/product\/serpentine-portable-glass-bong-wholesale\/#primaryimage","url":"https:\/\/global-hookah.com\/wp-content\/uploads\/2024\/05\/1712479864e846246070b4880744239826fd85b5e2_square.jpg","contentUrl":"https:\/\/global-hookah.com\/wp-content\/uploads\/2024\/05\/1712479864e846246070b4880744239826fd85b5e2_square.jpg","width":900,"height":1200,"caption":"Snake Portable Glass Bong Wholesale"},{"@type":"BreadcrumbList","@id":"https:\/\/global-hookah.com\/product\/serpentine-portable-glass-bong-wholesale\/#breadcrumb","itemListElement":[{"@type":"ListItem","position":1,"name":"Home","item":"https:\/\/global-hookah.com\/"},{"@type":"ListItem","position":2,"name":"Shop","item":"https:\/\/global-hookah.com\/shop\/"},{"@type":"ListItem","position":3,"name":"Serpentine Portable Glass Bong Wholesale"}]},{"@type":"WebSite","@id":"https:\/\/global-hookah.com\/#website","url":"https:\/\/global-hookah.com\/","name":"Global Hookah","description":"Global Hookah","publisher":{"@id":"https:\/\/global-hookah.com\/#organization"},"potentialAction":[{"@type":"SearchAction","target":{"@type":"EntryPoint","urlTemplate":"https:\/\/global-hookah.com\/?s={search_term_string}"},"query-input":{"@type":"PropertyValueSpecification","valueRequired":true,"valueName":"search_term_string"}}],"inLanguage":"es"},{"@type":"Organization","@id":"https:\/\/global-hookah.com\/#organization","name":"Global Hookah","url":"https:\/\/global-hookah.com\/","logo":{"@type":"ImageObject","inLanguage":"es","@id":"https:\/\/global-hookah.com\/#\/schema\/logo\/image\/","url":"https:\/\/global-hookah.com\/wp-content\/uploads\/2021\/10\/cropped-fgg.png","contentUrl":"https:\/\/global-hookah.com\/wp-content\/uploads\/2021\/10\/cropped-fgg.png","width":512,"height":512,"caption":"Global Hookah"},"image":{"@id":"https:\/\/global-hookah.com\/#\/schema\/logo\/image\/"}}]}},"_links":{"self":[{"href":"https:\/\/global-hookah.com\/es\/wp-json\/wp\/v2\/product\/25478","targetHints":{"allow":["GET"]}}],"collection":[{"href":"https:\/\/global-hookah.com\/es\/wp-json\/wp\/v2\/product"}],"about":[{"href":"https:\/\/global-hookah.com\/es\/wp-json\/wp\/v2\/types\/product"}],"replies":[{"embeddable":true,"href":"https:\/\/global-hookah.com\/es\/wp-json\/wp\/v2\/comments?post=25478"}],"version-history":[{"count":0,"href":"https:\/\/global-hookah.com\/es\/wp-json\/wp\/v2\/product\/25478\/revisions"}],"wp:featuredmedia":[{"embeddable":true,"href":"https:\/\/global-hookah.com\/es\/wp-json\/wp\/v2\/media\/25510"}],"wp:attachment":[{"href":"https:\/\/global-hookah.com\/es\/wp-json\/wp\/v2\/media?parent=25478"}],"wp:term":[{"taxonomy":"product_brand","embeddable":true,"href":"https:\/\/global-hookah.com\/es\/wp-json\/wp\/v2\/product_brand?post=25478"},{"taxonomy":"product_cat","embeddable":true,"href":"https:\/\/global-hookah.com\/es\/wp-json\/wp\/v2\/product_cat?post=25478"},{"taxonomy":"product_tag","embeddable":true,"href":"https:\/\/global-hookah.com\/es\/wp-json\/wp\/v2\/product_tag?post=25478"}],"curies":[{"name":"wp","href":"https:\/\/api.w.org\/{rel}","templated":true}]}}