{"id":25910,"date":"2024-06-03T03:31:49","date_gmt":"2024-06-03T03:31:49","guid":{"rendered":"https:\/\/global-hookah.com\/?post_type=product&#038;p=25910"},"modified":"2024-06-03T03:35:48","modified_gmt":"2024-06-03T03:35:48","slug":"11-blue-glass-beaker-bong-wholesale","status":"publish","type":"product","link":"https:\/\/global-hookah.com\/es\/producto\/11-blue-glass-beaker-bong-wholesale\/","title":{"rendered":"11. Vaso de vidrio azul Bong al por mayor"},"content":{"rendered":"<ul>\n<li>Material: Vidrio<br \/>\nForma: Vaso<br \/>\nColor: Azul<br \/>\nAltura: 29 cm Caracter\u00edstica del producto<\/p>\n<p>Vidrio de alto contenido en borosilicato: Baja expansi\u00f3n t\u00e9rmica, resistente a altas temperaturas, permite m\u00e1s estilos<br \/>\nSoplado a mano: Los trabajadores tienen &gt;7 a\u00f1os de experiencia en soplado manual, toda la cristaler\u00eda est\u00e1 hecha a mano<\/li>\n<\/ul>","protected":false},"excerpt":{"rendered":"<p>Material: Vidrio Forma: Vaso Color: Azul Altura: 29 cm Caracter\u00edstica del producto Vidrio de borosilicato de alta calidad: Baja expansi\u00f3n t\u00e9rmica, resistente a altas temperaturas,<\/p>","protected":false},"featured_media":25918,"comment_status":"closed","ping_status":"closed","template":"","meta":{"iawp_total_views":3,"_joinchat":[]},"product_brand":[],"product_cat":[535],"product_tag":[],"class_list":{"0":"post-25910","1":"product","2":"type-product","3":"status-publish","4":"has-post-thumbnail","6":"product_cat-wholesale-glass-bong","8":"first","9":"instock","10":"shipping-taxable","11":"product-type-external"},"yoast_head":"<!-- This site is optimized with the Yoast SEO Premium plugin v24.7 (Yoast SEO v26.8) - https:\/\/yoast.com\/product\/yoast-seo-premium-wordpress\/ -->\n<title>11. Blue Glass Beaker Bong Wholesale - Global Hookah<\/title>\n<meta name=\"robots\" content=\"index, follow, max-snippet:-1, max-image-preview:large, max-video-preview:-1\" \/>\n<link rel=\"canonical\" href=\"https:\/\/global-hookah.com\/es\/producto\/11-blue-glass-beaker-bong-wholesale\/\" \/>\n<meta property=\"og:locale\" content=\"es_ES\" \/>\n<meta property=\"og:type\" content=\"article\" \/>\n<meta property=\"og:title\" content=\"11. Blue Glass Beaker Bong Wholesale\" \/>\n<meta property=\"og:description\" content=\"Material: Glass Shape: Beaker Color: Blue Height: 29cm (11.42 inches)Product Feature High Borosilicate glass: Low thermal expansion, high temperature resistant,\" \/>\n<meta property=\"og:url\" content=\"https:\/\/global-hookah.com\/es\/producto\/11-blue-glass-beaker-bong-wholesale\/\" \/>\n<meta property=\"og:site_name\" content=\"Global Hookah\" \/>\n<meta property=\"article:modified_time\" content=\"2024-06-03T03:35:48+00:00\" \/>\n<meta property=\"og:image\" content=\"https:\/\/global-hookah.com\/wp-content\/uploads\/2024\/06\/dae39133-15f8-41f4-b41e-340c0a4adaec-1.webp\" \/>\n\t<meta property=\"og:image:width\" content=\"1600\" \/>\n\t<meta property=\"og:image:height\" content=\"1600\" \/>\n\t<meta property=\"og:image:type\" content=\"image\/webp\" \/>\n<meta name=\"twitter:card\" content=\"summary_large_image\" \/>\n<meta name=\"twitter:label1\" content=\"Tiempo de lectura\" \/>\n\t<meta name=\"twitter:data1\" content=\"1 minuto\" \/>\n<script type=\"application\/ld+json\" class=\"yoast-schema-graph\">{\"@context\":\"https:\/\/schema.org\",\"@graph\":[{\"@type\":\"WebPage\",\"@id\":\"https:\/\/global-hookah.com\/product\/11-blue-glass-beaker-bong-wholesale\/\",\"url\":\"https:\/\/global-hookah.com\/product\/11-blue-glass-beaker-bong-wholesale\/\",\"name\":\"11. Blue Glass Beaker Bong Wholesale - Global Hookah\",\"isPartOf\":{\"@id\":\"https:\/\/global-hookah.com\/#website\"},\"primaryImageOfPage\":{\"@id\":\"https:\/\/global-hookah.com\/product\/11-blue-glass-beaker-bong-wholesale\/#primaryimage\"},\"image\":{\"@id\":\"https:\/\/global-hookah.com\/product\/11-blue-glass-beaker-bong-wholesale\/#primaryimage\"},\"thumbnailUrl\":\"https:\/\/global-hookah.com\/wp-content\/uploads\/2024\/06\/dae39133-15f8-41f4-b41e-340c0a4adaec-1.webp\",\"datePublished\":\"2024-06-03T03:31:49+00:00\",\"dateModified\":\"2024-06-03T03:35:48+00:00\",\"breadcrumb\":{\"@id\":\"https:\/\/global-hookah.com\/product\/11-blue-glass-beaker-bong-wholesale\/#breadcrumb\"},\"inLanguage\":\"es\",\"potentialAction\":[{\"@type\":\"ReadAction\",\"target\":[\"https:\/\/global-hookah.com\/product\/11-blue-glass-beaker-bong-wholesale\/\"]}]},{\"@type\":\"ImageObject\",\"inLanguage\":\"es\",\"@id\":\"https:\/\/global-hookah.com\/product\/11-blue-glass-beaker-bong-wholesale\/#primaryimage\",\"url\":\"https:\/\/global-hookah.com\/wp-content\/uploads\/2024\/06\/dae39133-15f8-41f4-b41e-340c0a4adaec-1.webp\",\"contentUrl\":\"https:\/\/global-hookah.com\/wp-content\/uploads\/2024\/06\/dae39133-15f8-41f4-b41e-340c0a4adaec-1.webp\",\"width\":1600,\"height\":1600,\"caption\":\"11. Blue Glass Beaker Bong Wholesale\"},{\"@type\":\"BreadcrumbList\",\"@id\":\"https:\/\/global-hookah.com\/product\/11-blue-glass-beaker-bong-wholesale\/#breadcrumb\",\"itemListElement\":[{\"@type\":\"ListItem\",\"position\":1,\"name\":\"Home\",\"item\":\"https:\/\/global-hookah.com\/\"},{\"@type\":\"ListItem\",\"position\":2,\"name\":\"Shop\",\"item\":\"https:\/\/global-hookah.com\/shop\/\"},{\"@type\":\"ListItem\",\"position\":3,\"name\":\"11. Blue Glass Beaker Bong Wholesale\"}]},{\"@type\":\"WebSite\",\"@id\":\"https:\/\/global-hookah.com\/#website\",\"url\":\"https:\/\/global-hookah.com\/\",\"name\":\"Global Hookah\",\"description\":\"Global Hookah\",\"publisher\":{\"@id\":\"https:\/\/global-hookah.com\/#organization\"},\"potentialAction\":[{\"@type\":\"SearchAction\",\"target\":{\"@type\":\"EntryPoint\",\"urlTemplate\":\"https:\/\/global-hookah.com\/?s={search_term_string}\"},\"query-input\":{\"@type\":\"PropertyValueSpecification\",\"valueRequired\":true,\"valueName\":\"search_term_string\"}}],\"inLanguage\":\"es\"},{\"@type\":\"Organization\",\"@id\":\"https:\/\/global-hookah.com\/#organization\",\"name\":\"Global Hookah\",\"url\":\"https:\/\/global-hookah.com\/\",\"logo\":{\"@type\":\"ImageObject\",\"inLanguage\":\"es\",\"@id\":\"https:\/\/global-hookah.com\/#\/schema\/logo\/image\/\",\"url\":\"https:\/\/global-hookah.com\/wp-content\/uploads\/2021\/10\/cropped-fgg.png\",\"contentUrl\":\"https:\/\/global-hookah.com\/wp-content\/uploads\/2021\/10\/cropped-fgg.png\",\"width\":512,\"height\":512,\"caption\":\"Global Hookah\"},\"image\":{\"@id\":\"https:\/\/global-hookah.com\/#\/schema\/logo\/image\/\"}}]}<\/script>\n<!-- \/ Yoast SEO Premium plugin. -->","yoast_head_json":{"title":"11. Bong de vidrio azul al por mayor - Global Hookah","robots":{"index":"index","follow":"follow","max-snippet":"max-snippet:-1","max-image-preview":"max-image-preview:large","max-video-preview":"max-video-preview:-1"},"canonical":"https:\/\/global-hookah.com\/es\/producto\/11-blue-glass-beaker-bong-wholesale\/","og_locale":"es_ES","og_type":"article","og_title":"11. Blue Glass Beaker Bong Wholesale","og_description":"Material: Glass Shape: Beaker Color: Blue Height: 29cm (11.42 inches)Product Feature High Borosilicate glass: Low thermal expansion, high temperature resistant,","og_url":"https:\/\/global-hookah.com\/es\/producto\/11-blue-glass-beaker-bong-wholesale\/","og_site_name":"Global Hookah","article_modified_time":"2024-06-03T03:35:48+00:00","og_image":[{"width":1600,"height":1600,"url":"https:\/\/global-hookah.com\/wp-content\/uploads\/2024\/06\/dae39133-15f8-41f4-b41e-340c0a4adaec-1.webp","type":"image\/webp"}],"twitter_card":"summary_large_image","twitter_misc":{"Tiempo de lectura":"1 minuto"},"schema":{"@context":"https:\/\/schema.org","@graph":[{"@type":"WebPage","@id":"https:\/\/global-hookah.com\/product\/11-blue-glass-beaker-bong-wholesale\/","url":"https:\/\/global-hookah.com\/product\/11-blue-glass-beaker-bong-wholesale\/","name":"11. Bong de vidrio azul al por mayor - Global Hookah","isPartOf":{"@id":"https:\/\/global-hookah.com\/#website"},"primaryImageOfPage":{"@id":"https:\/\/global-hookah.com\/product\/11-blue-glass-beaker-bong-wholesale\/#primaryimage"},"image":{"@id":"https:\/\/global-hookah.com\/product\/11-blue-glass-beaker-bong-wholesale\/#primaryimage"},"thumbnailUrl":"https:\/\/global-hookah.com\/wp-content\/uploads\/2024\/06\/dae39133-15f8-41f4-b41e-340c0a4adaec-1.webp","datePublished":"2024-06-03T03:31:49+00:00","dateModified":"2024-06-03T03:35:48+00:00","breadcrumb":{"@id":"https:\/\/global-hookah.com\/product\/11-blue-glass-beaker-bong-wholesale\/#breadcrumb"},"inLanguage":"es","potentialAction":[{"@type":"ReadAction","target":["https:\/\/global-hookah.com\/product\/11-blue-glass-beaker-bong-wholesale\/"]}]},{"@type":"ImageObject","inLanguage":"es","@id":"https:\/\/global-hookah.com\/product\/11-blue-glass-beaker-bong-wholesale\/#primaryimage","url":"https:\/\/global-hookah.com\/wp-content\/uploads\/2024\/06\/dae39133-15f8-41f4-b41e-340c0a4adaec-1.webp","contentUrl":"https:\/\/global-hookah.com\/wp-content\/uploads\/2024\/06\/dae39133-15f8-41f4-b41e-340c0a4adaec-1.webp","width":1600,"height":1600,"caption":"11. Blue Glass Beaker Bong Wholesale"},{"@type":"BreadcrumbList","@id":"https:\/\/global-hookah.com\/product\/11-blue-glass-beaker-bong-wholesale\/#breadcrumb","itemListElement":[{"@type":"ListItem","position":1,"name":"Home","item":"https:\/\/global-hookah.com\/"},{"@type":"ListItem","position":2,"name":"Shop","item":"https:\/\/global-hookah.com\/shop\/"},{"@type":"ListItem","position":3,"name":"11. Blue Glass Beaker Bong Wholesale"}]},{"@type":"WebSite","@id":"https:\/\/global-hookah.com\/#website","url":"https:\/\/global-hookah.com\/","name":"Global Hookah","description":"Global Hookah","publisher":{"@id":"https:\/\/global-hookah.com\/#organization"},"potentialAction":[{"@type":"SearchAction","target":{"@type":"EntryPoint","urlTemplate":"https:\/\/global-hookah.com\/?s={search_term_string}"},"query-input":{"@type":"PropertyValueSpecification","valueRequired":true,"valueName":"search_term_string"}}],"inLanguage":"es"},{"@type":"Organization","@id":"https:\/\/global-hookah.com\/#organization","name":"Global Hookah","url":"https:\/\/global-hookah.com\/","logo":{"@type":"ImageObject","inLanguage":"es","@id":"https:\/\/global-hookah.com\/#\/schema\/logo\/image\/","url":"https:\/\/global-hookah.com\/wp-content\/uploads\/2021\/10\/cropped-fgg.png","contentUrl":"https:\/\/global-hookah.com\/wp-content\/uploads\/2021\/10\/cropped-fgg.png","width":512,"height":512,"caption":"Global Hookah"},"image":{"@id":"https:\/\/global-hookah.com\/#\/schema\/logo\/image\/"}}]}},"_links":{"self":[{"href":"https:\/\/global-hookah.com\/es\/wp-json\/wp\/v2\/product\/25910","targetHints":{"allow":["GET"]}}],"collection":[{"href":"https:\/\/global-hookah.com\/es\/wp-json\/wp\/v2\/product"}],"about":[{"href":"https:\/\/global-hookah.com\/es\/wp-json\/wp\/v2\/types\/product"}],"replies":[{"embeddable":true,"href":"https:\/\/global-hookah.com\/es\/wp-json\/wp\/v2\/comments?post=25910"}],"version-history":[{"count":0,"href":"https:\/\/global-hookah.com\/es\/wp-json\/wp\/v2\/product\/25910\/revisions"}],"wp:featuredmedia":[{"embeddable":true,"href":"https:\/\/global-hookah.com\/es\/wp-json\/wp\/v2\/media\/25918"}],"wp:attachment":[{"href":"https:\/\/global-hookah.com\/es\/wp-json\/wp\/v2\/media?parent=25910"}],"wp:term":[{"taxonomy":"product_brand","embeddable":true,"href":"https:\/\/global-hookah.com\/es\/wp-json\/wp\/v2\/product_brand?post=25910"},{"taxonomy":"product_cat","embeddable":true,"href":"https:\/\/global-hookah.com\/es\/wp-json\/wp\/v2\/product_cat?post=25910"},{"taxonomy":"product_tag","embeddable":true,"href":"https:\/\/global-hookah.com\/es\/wp-json\/wp\/v2\/product_tag?post=25910"}],"curies":[{"name":"wp","href":"https:\/\/api.w.org\/{rel}","templated":true}]}}