{"id":25971,"date":"2024-06-03T07:22:10","date_gmt":"2024-06-03T07:22:10","guid":{"rendered":"https:\/\/global-hookah.com\/?post_type=product&#038;p=25971"},"modified":"2024-06-03T07:22:11","modified_gmt":"2024-06-03T07:22:11","slug":"recycled-oil-drilling-rig-glass-smoke-gun-water-pipe-wholesale","status":"publish","type":"product","link":"https:\/\/global-hookah.com\/es\/producto\/recycled-oil-drilling-rig-glass-smoke-gun-water-pipe-wholesale\/","title":{"rendered":"Tubo de agua para pistola de humo de vidrio reciclado para perforaci\u00f3n petrol\u00edfera al por mayor"},"content":{"rendered":"<p>\u00bfBuscas una pipa de agua ultrasuave condensada en un paquete peque\u00f1o? Entonces pon tus ojos en esta pipa de agua de cristal: \u00a1tiene un gran impacto!<\/p>\n<p>Con una altura de tan s\u00f3lo 20 cm, esta peque\u00f1a belleza est\u00e1 fabricada \u00edntegramente en vidrio de borosilicato de calidad superior. Puede que su tama\u00f1o sea miniatura, pero produce poderosos rasgones lechosos.<\/p>\n<p>Una vez que enciendas tu cogollo en la cazoleta macho de 14 mm, observa maravillado c\u00f3mo el humo desciende hasta la c\u00e1mara de filtraci\u00f3n de agua. Baila y gira a trav\u00e9s del percutor de cristal, purific\u00e1ndose con el agua. Cuando llega a tus labios, el humo es m\u00e1s fresco, suave y sin asperezas.<\/p>\n<p>Cada detalle est\u00e1 meticulosamente dise\u00f1ado para un flujo de aire y una filtraci\u00f3n \u00f3ptimos.<\/p>\n<p>Hecha de cristal de 5mm de grosor esta cachimba esta construida de forma robusta. Golpea el tubo de vidrio de 50mm, la junta de 14mm, y el tubo inferior fijo equipado con una cazoleta macho de 14mm para una excelencia integrada.<\/p>\n<p>Gira y arremolina el humo en la llamativa c\u00e1mara recicladora, eliminando cualquier aspereza para una calada tan suave que te hipnotizar\u00e1. El cuerpo de la botella extra grande contiene agua loca para un enfriamiento m\u00e1ximo.<\/p>","protected":false},"excerpt":{"rendered":"<p>\u00bfBusca una experiencia de pipa de agua ultrasuave condensada en un paquete peque\u00f1o? Entonces ponga sus ojos en esta pipa de agua de cristal<\/p>","protected":false},"featured_media":25975,"comment_status":"closed","ping_status":"closed","template":"","meta":{"iawp_total_views":0,"_joinchat":[]},"product_brand":[],"product_cat":[415],"product_tag":[],"class_list":{"0":"post-25971","1":"product","2":"type-product","3":"status-publish","4":"has-post-thumbnail","6":"product_cat-accessories","8":"first","9":"instock","10":"shipping-taxable","11":"product-type-external"},"yoast_head":"<!-- This site is optimized with the Yoast SEO Premium plugin v24.7 (Yoast SEO v26.8) - https:\/\/yoast.com\/product\/yoast-seo-premium-wordpress\/ -->\n<title>Recycled Oil Drilling Rig Glass Smoke Gun Water Pipe Wholesale - Global Hookah<\/title>\n<meta name=\"robots\" content=\"index, follow, max-snippet:-1, max-image-preview:large, max-video-preview:-1\" \/>\n<link rel=\"canonical\" href=\"https:\/\/global-hookah.com\/es\/producto\/recycled-oil-drilling-rig-glass-smoke-gun-water-pipe-wholesale\/\" \/>\n<meta property=\"og:locale\" content=\"es_ES\" \/>\n<meta property=\"og:type\" content=\"article\" \/>\n<meta property=\"og:title\" content=\"Recycled Oil Drilling Rig Glass Smoke Gun Water Pipe Wholesale\" \/>\n<meta property=\"og:description\" content=\"Looking for an ultra-smooth water pipe experience condensed into a petite package? Then set your sights on this glass water\" \/>\n<meta property=\"og:url\" content=\"https:\/\/global-hookah.com\/es\/producto\/recycled-oil-drilling-rig-glass-smoke-gun-water-pipe-wholesale\/\" \/>\n<meta property=\"og:site_name\" content=\"Global Hookah\" \/>\n<meta property=\"article:modified_time\" content=\"2024-06-03T07:22:11+00:00\" \/>\n<meta property=\"og:image\" content=\"https:\/\/global-hookah.com\/wp-content\/uploads\/2024\/06\/889aef4c-3673-48e3-9643-b5a2e7496fbb.webp\" \/>\n\t<meta property=\"og:image:width\" content=\"800\" \/>\n\t<meta property=\"og:image:height\" content=\"800\" \/>\n\t<meta property=\"og:image:type\" content=\"image\/webp\" \/>\n<meta name=\"twitter:card\" content=\"summary_large_image\" \/>\n<meta name=\"twitter:label1\" content=\"Tiempo de lectura\" \/>\n\t<meta name=\"twitter:data1\" content=\"1 minuto\" \/>\n<script type=\"application\/ld+json\" class=\"yoast-schema-graph\">{\"@context\":\"https:\/\/schema.org\",\"@graph\":[{\"@type\":\"WebPage\",\"@id\":\"https:\/\/global-hookah.com\/product\/recycled-oil-drilling-rig-glass-smoke-gun-water-pipe-wholesale\/\",\"url\":\"https:\/\/global-hookah.com\/product\/recycled-oil-drilling-rig-glass-smoke-gun-water-pipe-wholesale\/\",\"name\":\"Recycled Oil Drilling Rig Glass Smoke Gun Water Pipe Wholesale - Global Hookah\",\"isPartOf\":{\"@id\":\"https:\/\/global-hookah.com\/#website\"},\"primaryImageOfPage\":{\"@id\":\"https:\/\/global-hookah.com\/product\/recycled-oil-drilling-rig-glass-smoke-gun-water-pipe-wholesale\/#primaryimage\"},\"image\":{\"@id\":\"https:\/\/global-hookah.com\/product\/recycled-oil-drilling-rig-glass-smoke-gun-water-pipe-wholesale\/#primaryimage\"},\"thumbnailUrl\":\"https:\/\/global-hookah.com\/wp-content\/uploads\/2024\/06\/889aef4c-3673-48e3-9643-b5a2e7496fbb.webp\",\"datePublished\":\"2024-06-03T07:22:10+00:00\",\"dateModified\":\"2024-06-03T07:22:11+00:00\",\"breadcrumb\":{\"@id\":\"https:\/\/global-hookah.com\/product\/recycled-oil-drilling-rig-glass-smoke-gun-water-pipe-wholesale\/#breadcrumb\"},\"inLanguage\":\"es\",\"potentialAction\":[{\"@type\":\"ReadAction\",\"target\":[\"https:\/\/global-hookah.com\/product\/recycled-oil-drilling-rig-glass-smoke-gun-water-pipe-wholesale\/\"]}]},{\"@type\":\"ImageObject\",\"inLanguage\":\"es\",\"@id\":\"https:\/\/global-hookah.com\/product\/recycled-oil-drilling-rig-glass-smoke-gun-water-pipe-wholesale\/#primaryimage\",\"url\":\"https:\/\/global-hookah.com\/wp-content\/uploads\/2024\/06\/889aef4c-3673-48e3-9643-b5a2e7496fbb.webp\",\"contentUrl\":\"https:\/\/global-hookah.com\/wp-content\/uploads\/2024\/06\/889aef4c-3673-48e3-9643-b5a2e7496fbb.webp\",\"width\":800,\"height\":800,\"caption\":\"Recycled Oil Drilling Rig Glass Smoke Gun Water Pipe Wholesale\"},{\"@type\":\"BreadcrumbList\",\"@id\":\"https:\/\/global-hookah.com\/product\/recycled-oil-drilling-rig-glass-smoke-gun-water-pipe-wholesale\/#breadcrumb\",\"itemListElement\":[{\"@type\":\"ListItem\",\"position\":1,\"name\":\"Home\",\"item\":\"https:\/\/global-hookah.com\/\"},{\"@type\":\"ListItem\",\"position\":2,\"name\":\"Shop\",\"item\":\"https:\/\/global-hookah.com\/shop\/\"},{\"@type\":\"ListItem\",\"position\":3,\"name\":\"Recycled Oil Drilling Rig Glass Smoke Gun Water Pipe Wholesale\"}]},{\"@type\":\"WebSite\",\"@id\":\"https:\/\/global-hookah.com\/#website\",\"url\":\"https:\/\/global-hookah.com\/\",\"name\":\"Global Hookah\",\"description\":\"Global Hookah\",\"publisher\":{\"@id\":\"https:\/\/global-hookah.com\/#organization\"},\"potentialAction\":[{\"@type\":\"SearchAction\",\"target\":{\"@type\":\"EntryPoint\",\"urlTemplate\":\"https:\/\/global-hookah.com\/?s={search_term_string}\"},\"query-input\":{\"@type\":\"PropertyValueSpecification\",\"valueRequired\":true,\"valueName\":\"search_term_string\"}}],\"inLanguage\":\"es\"},{\"@type\":\"Organization\",\"@id\":\"https:\/\/global-hookah.com\/#organization\",\"name\":\"Global Hookah\",\"url\":\"https:\/\/global-hookah.com\/\",\"logo\":{\"@type\":\"ImageObject\",\"inLanguage\":\"es\",\"@id\":\"https:\/\/global-hookah.com\/#\/schema\/logo\/image\/\",\"url\":\"https:\/\/global-hookah.com\/wp-content\/uploads\/2021\/10\/cropped-fgg.png\",\"contentUrl\":\"https:\/\/global-hookah.com\/wp-content\/uploads\/2021\/10\/cropped-fgg.png\",\"width\":512,\"height\":512,\"caption\":\"Global Hookah\"},\"image\":{\"@id\":\"https:\/\/global-hookah.com\/#\/schema\/logo\/image\/\"}}]}<\/script>\n<!-- \/ Yoast SEO Premium plugin. -->","yoast_head_json":{"title":"Reciclado de perforaci\u00f3n petrol\u00edfera de vidrio Smoke Gun pipa de agua al por mayor - Global Hookah","robots":{"index":"index","follow":"follow","max-snippet":"max-snippet:-1","max-image-preview":"max-image-preview:large","max-video-preview":"max-video-preview:-1"},"canonical":"https:\/\/global-hookah.com\/es\/producto\/recycled-oil-drilling-rig-glass-smoke-gun-water-pipe-wholesale\/","og_locale":"es_ES","og_type":"article","og_title":"Recycled Oil Drilling Rig Glass Smoke Gun Water Pipe Wholesale","og_description":"Looking for an ultra-smooth water pipe experience condensed into a petite package? Then set your sights on this glass water","og_url":"https:\/\/global-hookah.com\/es\/producto\/recycled-oil-drilling-rig-glass-smoke-gun-water-pipe-wholesale\/","og_site_name":"Global Hookah","article_modified_time":"2024-06-03T07:22:11+00:00","og_image":[{"width":800,"height":800,"url":"https:\/\/global-hookah.com\/wp-content\/uploads\/2024\/06\/889aef4c-3673-48e3-9643-b5a2e7496fbb.webp","type":"image\/webp"}],"twitter_card":"summary_large_image","twitter_misc":{"Tiempo de lectura":"1 minuto"},"schema":{"@context":"https:\/\/schema.org","@graph":[{"@type":"WebPage","@id":"https:\/\/global-hookah.com\/product\/recycled-oil-drilling-rig-glass-smoke-gun-water-pipe-wholesale\/","url":"https:\/\/global-hookah.com\/product\/recycled-oil-drilling-rig-glass-smoke-gun-water-pipe-wholesale\/","name":"Reciclado de perforaci\u00f3n petrol\u00edfera de vidrio Smoke Gun pipa de agua al por mayor - Global Hookah","isPartOf":{"@id":"https:\/\/global-hookah.com\/#website"},"primaryImageOfPage":{"@id":"https:\/\/global-hookah.com\/product\/recycled-oil-drilling-rig-glass-smoke-gun-water-pipe-wholesale\/#primaryimage"},"image":{"@id":"https:\/\/global-hookah.com\/product\/recycled-oil-drilling-rig-glass-smoke-gun-water-pipe-wholesale\/#primaryimage"},"thumbnailUrl":"https:\/\/global-hookah.com\/wp-content\/uploads\/2024\/06\/889aef4c-3673-48e3-9643-b5a2e7496fbb.webp","datePublished":"2024-06-03T07:22:10+00:00","dateModified":"2024-06-03T07:22:11+00:00","breadcrumb":{"@id":"https:\/\/global-hookah.com\/product\/recycled-oil-drilling-rig-glass-smoke-gun-water-pipe-wholesale\/#breadcrumb"},"inLanguage":"es","potentialAction":[{"@type":"ReadAction","target":["https:\/\/global-hookah.com\/product\/recycled-oil-drilling-rig-glass-smoke-gun-water-pipe-wholesale\/"]}]},{"@type":"ImageObject","inLanguage":"es","@id":"https:\/\/global-hookah.com\/product\/recycled-oil-drilling-rig-glass-smoke-gun-water-pipe-wholesale\/#primaryimage","url":"https:\/\/global-hookah.com\/wp-content\/uploads\/2024\/06\/889aef4c-3673-48e3-9643-b5a2e7496fbb.webp","contentUrl":"https:\/\/global-hookah.com\/wp-content\/uploads\/2024\/06\/889aef4c-3673-48e3-9643-b5a2e7496fbb.webp","width":800,"height":800,"caption":"Recycled Oil Drilling Rig Glass Smoke Gun Water Pipe Wholesale"},{"@type":"BreadcrumbList","@id":"https:\/\/global-hookah.com\/product\/recycled-oil-drilling-rig-glass-smoke-gun-water-pipe-wholesale\/#breadcrumb","itemListElement":[{"@type":"ListItem","position":1,"name":"Home","item":"https:\/\/global-hookah.com\/"},{"@type":"ListItem","position":2,"name":"Shop","item":"https:\/\/global-hookah.com\/shop\/"},{"@type":"ListItem","position":3,"name":"Recycled Oil Drilling Rig Glass Smoke Gun Water Pipe Wholesale"}]},{"@type":"WebSite","@id":"https:\/\/global-hookah.com\/#website","url":"https:\/\/global-hookah.com\/","name":"Global Hookah","description":"Global Hookah","publisher":{"@id":"https:\/\/global-hookah.com\/#organization"},"potentialAction":[{"@type":"SearchAction","target":{"@type":"EntryPoint","urlTemplate":"https:\/\/global-hookah.com\/?s={search_term_string}"},"query-input":{"@type":"PropertyValueSpecification","valueRequired":true,"valueName":"search_term_string"}}],"inLanguage":"es"},{"@type":"Organization","@id":"https:\/\/global-hookah.com\/#organization","name":"Global Hookah","url":"https:\/\/global-hookah.com\/","logo":{"@type":"ImageObject","inLanguage":"es","@id":"https:\/\/global-hookah.com\/#\/schema\/logo\/image\/","url":"https:\/\/global-hookah.com\/wp-content\/uploads\/2021\/10\/cropped-fgg.png","contentUrl":"https:\/\/global-hookah.com\/wp-content\/uploads\/2021\/10\/cropped-fgg.png","width":512,"height":512,"caption":"Global Hookah"},"image":{"@id":"https:\/\/global-hookah.com\/#\/schema\/logo\/image\/"}}]}},"_links":{"self":[{"href":"https:\/\/global-hookah.com\/es\/wp-json\/wp\/v2\/product\/25971","targetHints":{"allow":["GET"]}}],"collection":[{"href":"https:\/\/global-hookah.com\/es\/wp-json\/wp\/v2\/product"}],"about":[{"href":"https:\/\/global-hookah.com\/es\/wp-json\/wp\/v2\/types\/product"}],"replies":[{"embeddable":true,"href":"https:\/\/global-hookah.com\/es\/wp-json\/wp\/v2\/comments?post=25971"}],"version-history":[{"count":0,"href":"https:\/\/global-hookah.com\/es\/wp-json\/wp\/v2\/product\/25971\/revisions"}],"wp:featuredmedia":[{"embeddable":true,"href":"https:\/\/global-hookah.com\/es\/wp-json\/wp\/v2\/media\/25975"}],"wp:attachment":[{"href":"https:\/\/global-hookah.com\/es\/wp-json\/wp\/v2\/media?parent=25971"}],"wp:term":[{"taxonomy":"product_brand","embeddable":true,"href":"https:\/\/global-hookah.com\/es\/wp-json\/wp\/v2\/product_brand?post=25971"},{"taxonomy":"product_cat","embeddable":true,"href":"https:\/\/global-hookah.com\/es\/wp-json\/wp\/v2\/product_cat?post=25971"},{"taxonomy":"product_tag","embeddable":true,"href":"https:\/\/global-hookah.com\/es\/wp-json\/wp\/v2\/product_tag?post=25971"}],"curies":[{"name":"wp","href":"https:\/\/api.w.org\/{rel}","templated":true}]}}