{"id":25981,"date":"2024-06-03T07:26:55","date_gmt":"2024-06-03T07:26:55","guid":{"rendered":"https:\/\/global-hookah.com\/?post_type=product&#038;p=25981"},"modified":"2024-11-16T09:02:42","modified_gmt":"2024-11-16T09:02:42","slug":"wholesale-freezable-glycerin-bubbler-dab-oil-rig","status":"publish","type":"product","link":"https:\/\/global-hookah.com\/es\/producto\/wholesale-freezable-glycerin-bubbler-dab-oil-rig\/","title":{"rendered":"Mayorista Freezable Glycerin Bubbler DAB Oil Rig"},"content":{"rendered":"<p>No s\u00f3lo el <a href=\"https:\/\/global-hookah.com\/product-category\/bong-wholesale\/wholesale-glass-bong\/\">cachimba de cristal cl\u00e1sica<\/a> ha dominado a los amantes del cannabis, nuestro Freezable Glycerin Bubbler DAB Oil Rig tambi\u00e9n es popular en el mercado. Contrariamente a los de baja calidad<a href=\"https:\/\/global-hookah.com\/product-category\/bong-wholesale\/silicone-bong-wholesale\/\"> bongs de silicona<\/a>, este Freezable Glycerin Bubbler DAB Oil Rig est\u00e1 hecho de material de vidrio de borosilicato de alta calidad, que tiene una excelente resistencia al calor y al impacto.<\/p>\n<p>De hecho, adem\u00e1s de tener materiales de alta calidad, tambi\u00e9n est\u00e1 equipado con un sistema de filtraci\u00f3n de doble capa, filtro de humo incorporado y colector de hielo, que pueden purificar eficazmente el humo y proporcionar una experiencia de fumar m\u00e1s suave.<\/p>\n<p>El dise\u00f1o exclusivo del colector de hielo permite a\u00f1adir glicerina de calidad alimentaria para refrigerar. La alta viscosidad de la glicerina favorece el intercambio de calor y enfr\u00eda el humo a la temperatura \u00f3ptima.<\/p>","protected":false},"excerpt":{"rendered":"<p>No s\u00f3lo el cl\u00e1sico bong de cristal ha dominado a los amantes del cannabis, nuestro Freezable Glycerin Bubbler DAB Oil Rig es tambi\u00e9n<\/p>","protected":false},"featured_media":25986,"comment_status":"closed","ping_status":"closed","template":"","meta":{"iawp_total_views":4,"_joinchat":[]},"product_brand":[],"product_cat":[535],"product_tag":[],"class_list":{"0":"post-25981","1":"product","2":"type-product","3":"status-publish","4":"has-post-thumbnail","6":"product_cat-wholesale-glass-bong","8":"first","9":"instock","10":"shipping-taxable","11":"product-type-external"},"yoast_head":"<!-- This site is optimized with the Yoast SEO Premium plugin v24.7 (Yoast SEO v26.8) - https:\/\/yoast.com\/product\/yoast-seo-premium-wordpress\/ -->\n<title>Wholesale Freezable Glycerin Bubbler DAB Oil Rig - Global Hookah<\/title>\n<meta name=\"robots\" content=\"index, follow, max-snippet:-1, max-image-preview:large, max-video-preview:-1\" \/>\n<link rel=\"canonical\" href=\"https:\/\/global-hookah.com\/es\/producto\/wholesale-freezable-glycerin-bubbler-dab-oil-rig\/\" \/>\n<meta property=\"og:locale\" content=\"es_ES\" \/>\n<meta property=\"og:type\" content=\"article\" \/>\n<meta property=\"og:title\" content=\"Wholesale Freezable Glycerin Bubbler DAB Oil Rig\" \/>\n<meta property=\"og:description\" content=\"Not only the classic glass bong has dominated the cannabis lovers, our Freezable Glycerin Bubbler DAB Oil Rig is also\" \/>\n<meta property=\"og:url\" content=\"https:\/\/global-hookah.com\/es\/producto\/wholesale-freezable-glycerin-bubbler-dab-oil-rig\/\" \/>\n<meta property=\"og:site_name\" content=\"Global Hookah\" \/>\n<meta property=\"article:modified_time\" content=\"2024-11-16T09:02:42+00:00\" \/>\n<meta property=\"og:image\" content=\"https:\/\/global-hookah.com\/wp-content\/uploads\/2024\/06\/bae9a84c-80e0-4a8b-a51d-4c20c2bd2211.webp\" \/>\n\t<meta property=\"og:image:width\" content=\"800\" \/>\n\t<meta property=\"og:image:height\" content=\"800\" \/>\n\t<meta property=\"og:image:type\" content=\"image\/webp\" \/>\n<meta name=\"twitter:card\" content=\"summary_large_image\" \/>\n<meta name=\"twitter:label1\" content=\"Tiempo de lectura\" \/>\n\t<meta name=\"twitter:data1\" content=\"1 minuto\" \/>\n<script type=\"application\/ld+json\" class=\"yoast-schema-graph\">{\"@context\":\"https:\/\/schema.org\",\"@graph\":[{\"@type\":\"WebPage\",\"@id\":\"https:\/\/global-hookah.com\/product\/wholesale-freezable-glycerin-bubbler-dab-oil-rig\/\",\"url\":\"https:\/\/global-hookah.com\/product\/wholesale-freezable-glycerin-bubbler-dab-oil-rig\/\",\"name\":\"Wholesale Freezable Glycerin Bubbler DAB Oil Rig - Global Hookah\",\"isPartOf\":{\"@id\":\"https:\/\/global-hookah.com\/#website\"},\"primaryImageOfPage\":{\"@id\":\"https:\/\/global-hookah.com\/product\/wholesale-freezable-glycerin-bubbler-dab-oil-rig\/#primaryimage\"},\"image\":{\"@id\":\"https:\/\/global-hookah.com\/product\/wholesale-freezable-glycerin-bubbler-dab-oil-rig\/#primaryimage\"},\"thumbnailUrl\":\"https:\/\/global-hookah.com\/wp-content\/uploads\/2024\/06\/bae9a84c-80e0-4a8b-a51d-4c20c2bd2211.webp\",\"datePublished\":\"2024-06-03T07:26:55+00:00\",\"dateModified\":\"2024-11-16T09:02:42+00:00\",\"breadcrumb\":{\"@id\":\"https:\/\/global-hookah.com\/product\/wholesale-freezable-glycerin-bubbler-dab-oil-rig\/#breadcrumb\"},\"inLanguage\":\"es\",\"potentialAction\":[{\"@type\":\"ReadAction\",\"target\":[\"https:\/\/global-hookah.com\/product\/wholesale-freezable-glycerin-bubbler-dab-oil-rig\/\"]}]},{\"@type\":\"ImageObject\",\"inLanguage\":\"es\",\"@id\":\"https:\/\/global-hookah.com\/product\/wholesale-freezable-glycerin-bubbler-dab-oil-rig\/#primaryimage\",\"url\":\"https:\/\/global-hookah.com\/wp-content\/uploads\/2024\/06\/bae9a84c-80e0-4a8b-a51d-4c20c2bd2211.webp\",\"contentUrl\":\"https:\/\/global-hookah.com\/wp-content\/uploads\/2024\/06\/bae9a84c-80e0-4a8b-a51d-4c20c2bd2211.webp\",\"width\":800,\"height\":800,\"caption\":\"Wholesale Freezable Glycerin Bubbler DAB Oil Rig\"},{\"@type\":\"BreadcrumbList\",\"@id\":\"https:\/\/global-hookah.com\/product\/wholesale-freezable-glycerin-bubbler-dab-oil-rig\/#breadcrumb\",\"itemListElement\":[{\"@type\":\"ListItem\",\"position\":1,\"name\":\"Home\",\"item\":\"https:\/\/global-hookah.com\/\"},{\"@type\":\"ListItem\",\"position\":2,\"name\":\"Shop\",\"item\":\"https:\/\/global-hookah.com\/shop\/\"},{\"@type\":\"ListItem\",\"position\":3,\"name\":\"Wholesale Freezable Glycerin Bubbler DAB Oil Rig\"}]},{\"@type\":\"WebSite\",\"@id\":\"https:\/\/global-hookah.com\/#website\",\"url\":\"https:\/\/global-hookah.com\/\",\"name\":\"Global Hookah\",\"description\":\"Global Hookah\",\"publisher\":{\"@id\":\"https:\/\/global-hookah.com\/#organization\"},\"potentialAction\":[{\"@type\":\"SearchAction\",\"target\":{\"@type\":\"EntryPoint\",\"urlTemplate\":\"https:\/\/global-hookah.com\/?s={search_term_string}\"},\"query-input\":{\"@type\":\"PropertyValueSpecification\",\"valueRequired\":true,\"valueName\":\"search_term_string\"}}],\"inLanguage\":\"es\"},{\"@type\":\"Organization\",\"@id\":\"https:\/\/global-hookah.com\/#organization\",\"name\":\"Global Hookah\",\"url\":\"https:\/\/global-hookah.com\/\",\"logo\":{\"@type\":\"ImageObject\",\"inLanguage\":\"es\",\"@id\":\"https:\/\/global-hookah.com\/#\/schema\/logo\/image\/\",\"url\":\"https:\/\/global-hookah.com\/wp-content\/uploads\/2021\/10\/cropped-fgg.png\",\"contentUrl\":\"https:\/\/global-hookah.com\/wp-content\/uploads\/2021\/10\/cropped-fgg.png\",\"width\":512,\"height\":512,\"caption\":\"Global Hookah\"},\"image\":{\"@id\":\"https:\/\/global-hookah.com\/#\/schema\/logo\/image\/\"}}]}<\/script>\n<!-- \/ Yoast SEO Premium plugin. -->","yoast_head_json":{"title":"Mayorista Freezable Glycerin Bubbler DAB Oil Rig - Global Hookah","robots":{"index":"index","follow":"follow","max-snippet":"max-snippet:-1","max-image-preview":"max-image-preview:large","max-video-preview":"max-video-preview:-1"},"canonical":"https:\/\/global-hookah.com\/es\/producto\/wholesale-freezable-glycerin-bubbler-dab-oil-rig\/","og_locale":"es_ES","og_type":"article","og_title":"Wholesale Freezable Glycerin Bubbler DAB Oil Rig","og_description":"Not only the classic glass bong has dominated the cannabis lovers, our Freezable Glycerin Bubbler DAB Oil Rig is also","og_url":"https:\/\/global-hookah.com\/es\/producto\/wholesale-freezable-glycerin-bubbler-dab-oil-rig\/","og_site_name":"Global Hookah","article_modified_time":"2024-11-16T09:02:42+00:00","og_image":[{"width":800,"height":800,"url":"https:\/\/global-hookah.com\/wp-content\/uploads\/2024\/06\/bae9a84c-80e0-4a8b-a51d-4c20c2bd2211.webp","type":"image\/webp"}],"twitter_card":"summary_large_image","twitter_misc":{"Tiempo de lectura":"1 minuto"},"schema":{"@context":"https:\/\/schema.org","@graph":[{"@type":"WebPage","@id":"https:\/\/global-hookah.com\/product\/wholesale-freezable-glycerin-bubbler-dab-oil-rig\/","url":"https:\/\/global-hookah.com\/product\/wholesale-freezable-glycerin-bubbler-dab-oil-rig\/","name":"Mayorista Freezable Glycerin Bubbler DAB Oil Rig - Global Hookah","isPartOf":{"@id":"https:\/\/global-hookah.com\/#website"},"primaryImageOfPage":{"@id":"https:\/\/global-hookah.com\/product\/wholesale-freezable-glycerin-bubbler-dab-oil-rig\/#primaryimage"},"image":{"@id":"https:\/\/global-hookah.com\/product\/wholesale-freezable-glycerin-bubbler-dab-oil-rig\/#primaryimage"},"thumbnailUrl":"https:\/\/global-hookah.com\/wp-content\/uploads\/2024\/06\/bae9a84c-80e0-4a8b-a51d-4c20c2bd2211.webp","datePublished":"2024-06-03T07:26:55+00:00","dateModified":"2024-11-16T09:02:42+00:00","breadcrumb":{"@id":"https:\/\/global-hookah.com\/product\/wholesale-freezable-glycerin-bubbler-dab-oil-rig\/#breadcrumb"},"inLanguage":"es","potentialAction":[{"@type":"ReadAction","target":["https:\/\/global-hookah.com\/product\/wholesale-freezable-glycerin-bubbler-dab-oil-rig\/"]}]},{"@type":"ImageObject","inLanguage":"es","@id":"https:\/\/global-hookah.com\/product\/wholesale-freezable-glycerin-bubbler-dab-oil-rig\/#primaryimage","url":"https:\/\/global-hookah.com\/wp-content\/uploads\/2024\/06\/bae9a84c-80e0-4a8b-a51d-4c20c2bd2211.webp","contentUrl":"https:\/\/global-hookah.com\/wp-content\/uploads\/2024\/06\/bae9a84c-80e0-4a8b-a51d-4c20c2bd2211.webp","width":800,"height":800,"caption":"Wholesale Freezable Glycerin Bubbler DAB Oil Rig"},{"@type":"BreadcrumbList","@id":"https:\/\/global-hookah.com\/product\/wholesale-freezable-glycerin-bubbler-dab-oil-rig\/#breadcrumb","itemListElement":[{"@type":"ListItem","position":1,"name":"Home","item":"https:\/\/global-hookah.com\/"},{"@type":"ListItem","position":2,"name":"Shop","item":"https:\/\/global-hookah.com\/shop\/"},{"@type":"ListItem","position":3,"name":"Wholesale Freezable Glycerin Bubbler DAB Oil Rig"}]},{"@type":"WebSite","@id":"https:\/\/global-hookah.com\/#website","url":"https:\/\/global-hookah.com\/","name":"Global Hookah","description":"Global Hookah","publisher":{"@id":"https:\/\/global-hookah.com\/#organization"},"potentialAction":[{"@type":"SearchAction","target":{"@type":"EntryPoint","urlTemplate":"https:\/\/global-hookah.com\/?s={search_term_string}"},"query-input":{"@type":"PropertyValueSpecification","valueRequired":true,"valueName":"search_term_string"}}],"inLanguage":"es"},{"@type":"Organization","@id":"https:\/\/global-hookah.com\/#organization","name":"Global Hookah","url":"https:\/\/global-hookah.com\/","logo":{"@type":"ImageObject","inLanguage":"es","@id":"https:\/\/global-hookah.com\/#\/schema\/logo\/image\/","url":"https:\/\/global-hookah.com\/wp-content\/uploads\/2021\/10\/cropped-fgg.png","contentUrl":"https:\/\/global-hookah.com\/wp-content\/uploads\/2021\/10\/cropped-fgg.png","width":512,"height":512,"caption":"Global Hookah"},"image":{"@id":"https:\/\/global-hookah.com\/#\/schema\/logo\/image\/"}}]}},"_links":{"self":[{"href":"https:\/\/global-hookah.com\/es\/wp-json\/wp\/v2\/product\/25981","targetHints":{"allow":["GET"]}}],"collection":[{"href":"https:\/\/global-hookah.com\/es\/wp-json\/wp\/v2\/product"}],"about":[{"href":"https:\/\/global-hookah.com\/es\/wp-json\/wp\/v2\/types\/product"}],"replies":[{"embeddable":true,"href":"https:\/\/global-hookah.com\/es\/wp-json\/wp\/v2\/comments?post=25981"}],"version-history":[{"count":0,"href":"https:\/\/global-hookah.com\/es\/wp-json\/wp\/v2\/product\/25981\/revisions"}],"wp:featuredmedia":[{"embeddable":true,"href":"https:\/\/global-hookah.com\/es\/wp-json\/wp\/v2\/media\/25986"}],"wp:attachment":[{"href":"https:\/\/global-hookah.com\/es\/wp-json\/wp\/v2\/media?parent=25981"}],"wp:term":[{"taxonomy":"product_brand","embeddable":true,"href":"https:\/\/global-hookah.com\/es\/wp-json\/wp\/v2\/product_brand?post=25981"},{"taxonomy":"product_cat","embeddable":true,"href":"https:\/\/global-hookah.com\/es\/wp-json\/wp\/v2\/product_cat?post=25981"},{"taxonomy":"product_tag","embeddable":true,"href":"https:\/\/global-hookah.com\/es\/wp-json\/wp\/v2\/product_tag?post=25981"}],"curies":[{"name":"wp","href":"https:\/\/api.w.org\/{rel}","templated":true}]}}