{"id":26352,"date":"2024-06-06T06:12:27","date_gmt":"2024-06-06T06:12:27","guid":{"rendered":"https:\/\/global-hookah.com\/product\/2-dia-cast-aluminum-grinders-dry-herbal-spice-tobacco-crusher-red-coating\/"},"modified":"2024-06-07T06:11:20","modified_gmt":"2024-06-07T06:11:20","slug":"red-aluminum-tobacco-crusher-wholesale","status":"publish","type":"product","link":"https:\/\/global-hookah.com\/es\/producto\/red-aluminum-tobacco-crusher-wholesale\/","title":{"rendered":"Trituradora de tabaco de aluminio rojo al por mayor"},"content":{"rendered":"<div>\n<p><strong>Trituradora de tabaco de aluminio rojo<\/strong>, es un elegante art\u00edculo imprescindible para los entendidos en tabaco. Esta m\u00e1quina ofrece la m\u00e1xima comodidad a la hora de cortar cogollos, liar cigarrillos o preparar tabaco para pipa.<\/p>\n<p>Esta robusta trituradora de metal est\u00e1 hecha para durar a\u00f1os de uso diario gracias a su construcci\u00f3n en aluminio de calidad aeron\u00e1utica. Los dientes dentados \u00fanicos proporcionan la m\u00e1xima eficiencia de trituraci\u00f3n, preservando los aceites esenciales para el m\u00e1s rico aroma y sabor. Tritura las hierbas hasta obtener la textura esponjosa y consistente ideal, lista para liar o envasar en cuencos.<\/p>\n<p>Atr\u00e1s quedaron los d\u00edas en que hab\u00eda que separar los grumos secos con los dedos o ensuciarse picando con los cuchillos. Con unos giros r\u00e1pidos de este <strong>Trituradora de tabaco de aluminio rojo<\/strong> , La tecnolog\u00eda de combusti\u00f3n lenta y homog\u00e9nea permite que las mezclas para fumar adquieran la consistencia perfecta para una combusti\u00f3n suave y homog\u00e9nea.<\/p>\n<p>Adem\u00e1s de ser de 2 pulgadas, es vers\u00e1til y tiene el tama\u00f1o de la palma de la mano, por lo que puede utilizarse discretamente sobre la marcha. M\u00e9talo en el bolsillo o en el bolso para poder preparar tabaco all\u00e1 donde vaya. Adem\u00e1s, la pantalla se puede quitar para no dejar polvo fino despu\u00e9s de pulverizar el tabaco, etc\u00e9tera.<\/p>\n<p>&nbsp;<\/p>\n<p><img decoding=\"async\" src=\"https:\/\/global-hookah.com\/wp-content\/uploads\/2024\/06\/c73f5f11-c9b4-41be-9d6c-cdcf64616af8.jpg\" \/><\/div>\n<div><img decoding=\"async\" src=\"https:\/\/global-hookah.com\/wp-content\/uploads\/2024\/06\/41a6d79a-7148-447d-99cd-dc6bf75e1ba6.jpg\" \/><\/div>\n<div><img decoding=\"async\" src=\"https:\/\/global-hookah.com\/wp-content\/uploads\/2024\/06\/b21cabe2-0330-4691-a2c1-9c5f71001929.jpg\" \/><\/div>\n<div><img decoding=\"async\" src=\"https:\/\/global-hookah.com\/wp-content\/uploads\/2024\/06\/cc2cb8aa-7600-4157-9cfd-7fadd7004354.jpg\" \/><\/div>\n<div><img decoding=\"async\" src=\"https:\/\/global-hookah.com\/wp-content\/uploads\/2024\/06\/dae9413e-7f75-4079-9f0c-40cdd45fc101.jpg\" \/><\/div>\n<div><img decoding=\"async\" src=\"https:\/\/global-hookah.com\/wp-content\/uploads\/2024\/06\/196aec47-cd32-42b5-96b8-cfbd67e0c1ba.jpg\" \/><\/div>\n<div><img decoding=\"async\" src=\"https:\/\/global-hookah.com\/wp-content\/uploads\/2024\/06\/94dbfd65-5233-4cb3-bd78-49c6d93647e1.jpg\" \/><\/div>","protected":false},"excerpt":{"rendered":"<p>La Trituradora de Tabaco de Aluminio Rojo es un elegante art\u00edculo imprescindible para los entendidos en tabaco. Esta m\u00e1quina ofrece la m\u00e1xima comodidad cuando<\/p>","protected":false},"featured_media":26472,"comment_status":"closed","ping_status":"closed","template":"","meta":{"iawp_total_views":0,"_joinchat":[]},"product_brand":[],"product_cat":[770],"product_tag":[],"class_list":{"0":"post-26352","1":"product","2":"type-product","3":"status-publish","4":"has-post-thumbnail","6":"product_cat-wholesale-grinder","8":"first","9":"instock","10":"shipping-taxable","11":"product-type-external"},"yoast_head":"<!-- This site is optimized with the Yoast SEO Premium plugin v24.7 (Yoast SEO v26.8) - https:\/\/yoast.com\/product\/yoast-seo-premium-wordpress\/ -->\n<title>Red Aluminum Tobacco Crusher Wholesale - Global Hookah<\/title>\n<meta name=\"robots\" content=\"index, follow, max-snippet:-1, max-image-preview:large, max-video-preview:-1\" \/>\n<link rel=\"canonical\" href=\"https:\/\/global-hookah.com\/es\/producto\/red-aluminum-tobacco-crusher-wholesale\/\" \/>\n<meta property=\"og:locale\" content=\"es_ES\" \/>\n<meta property=\"og:type\" content=\"article\" \/>\n<meta property=\"og:title\" content=\"Red Aluminum Tobacco Crusher Wholesale\" \/>\n<meta property=\"og:description\" content=\"Red Aluminum Tobacco Crusher, is a stylish must-have item for tobacco connoisseurs. This machine delivers the ultimate convenience when it\" \/>\n<meta property=\"og:url\" content=\"https:\/\/global-hookah.com\/es\/producto\/red-aluminum-tobacco-crusher-wholesale\/\" \/>\n<meta property=\"og:site_name\" content=\"Global Hookah\" \/>\n<meta property=\"article:modified_time\" content=\"2024-06-07T06:11:20+00:00\" \/>\n<meta property=\"og:image\" content=\"https:\/\/global-hookah.com\/wp-content\/uploads\/2024\/06\/c73f5f11-c9b4-41be-9d6c-cdcf64616af8.jpg\" \/>\n\t<meta property=\"og:image:width\" content=\"800\" \/>\n\t<meta property=\"og:image:height\" content=\"800\" \/>\n\t<meta property=\"og:image:type\" content=\"image\/jpeg\" \/>\n<meta name=\"twitter:card\" content=\"summary_large_image\" \/>\n<meta name=\"twitter:label1\" content=\"Tiempo de lectura\" \/>\n\t<meta name=\"twitter:data1\" content=\"3 minutos\" \/>\n<script type=\"application\/ld+json\" class=\"yoast-schema-graph\">{\"@context\":\"https:\/\/schema.org\",\"@graph\":[{\"@type\":\"WebPage\",\"@id\":\"https:\/\/global-hookah.com\/product\/red-aluminum-tobacco-crusher-wholesale\/\",\"url\":\"https:\/\/global-hookah.com\/product\/red-aluminum-tobacco-crusher-wholesale\/\",\"name\":\"Red Aluminum Tobacco Crusher Wholesale - Global Hookah\",\"isPartOf\":{\"@id\":\"https:\/\/global-hookah.com\/#website\"},\"primaryImageOfPage\":{\"@id\":\"https:\/\/global-hookah.com\/product\/red-aluminum-tobacco-crusher-wholesale\/#primaryimage\"},\"image\":{\"@id\":\"https:\/\/global-hookah.com\/product\/red-aluminum-tobacco-crusher-wholesale\/#primaryimage\"},\"thumbnailUrl\":\"https:\/\/global-hookah.com\/wp-content\/uploads\/2024\/06\/c73f5f11-c9b4-41be-9d6c-cdcf64616af8.jpg\",\"datePublished\":\"2024-06-06T06:12:27+00:00\",\"dateModified\":\"2024-06-07T06:11:20+00:00\",\"breadcrumb\":{\"@id\":\"https:\/\/global-hookah.com\/product\/red-aluminum-tobacco-crusher-wholesale\/#breadcrumb\"},\"inLanguage\":\"es\",\"potentialAction\":[{\"@type\":\"ReadAction\",\"target\":[\"https:\/\/global-hookah.com\/product\/red-aluminum-tobacco-crusher-wholesale\/\"]}]},{\"@type\":\"ImageObject\",\"inLanguage\":\"es\",\"@id\":\"https:\/\/global-hookah.com\/product\/red-aluminum-tobacco-crusher-wholesale\/#primaryimage\",\"url\":\"https:\/\/global-hookah.com\/wp-content\/uploads\/2024\/06\/c73f5f11-c9b4-41be-9d6c-cdcf64616af8.jpg\",\"contentUrl\":\"https:\/\/global-hookah.com\/wp-content\/uploads\/2024\/06\/c73f5f11-c9b4-41be-9d6c-cdcf64616af8.jpg\",\"width\":800,\"height\":800,\"caption\":\"Red Aluminum Tobacco Crusher Wholesale\"},{\"@type\":\"BreadcrumbList\",\"@id\":\"https:\/\/global-hookah.com\/product\/red-aluminum-tobacco-crusher-wholesale\/#breadcrumb\",\"itemListElement\":[{\"@type\":\"ListItem\",\"position\":1,\"name\":\"Home\",\"item\":\"https:\/\/global-hookah.com\/\"},{\"@type\":\"ListItem\",\"position\":2,\"name\":\"Shop\",\"item\":\"https:\/\/global-hookah.com\/shop\/\"},{\"@type\":\"ListItem\",\"position\":3,\"name\":\"Red Aluminum Tobacco Crusher Wholesale\"}]},{\"@type\":\"WebSite\",\"@id\":\"https:\/\/global-hookah.com\/#website\",\"url\":\"https:\/\/global-hookah.com\/\",\"name\":\"Global Hookah\",\"description\":\"Global Hookah\",\"publisher\":{\"@id\":\"https:\/\/global-hookah.com\/#organization\"},\"potentialAction\":[{\"@type\":\"SearchAction\",\"target\":{\"@type\":\"EntryPoint\",\"urlTemplate\":\"https:\/\/global-hookah.com\/?s={search_term_string}\"},\"query-input\":{\"@type\":\"PropertyValueSpecification\",\"valueRequired\":true,\"valueName\":\"search_term_string\"}}],\"inLanguage\":\"es\"},{\"@type\":\"Organization\",\"@id\":\"https:\/\/global-hookah.com\/#organization\",\"name\":\"Global Hookah\",\"url\":\"https:\/\/global-hookah.com\/\",\"logo\":{\"@type\":\"ImageObject\",\"inLanguage\":\"es\",\"@id\":\"https:\/\/global-hookah.com\/#\/schema\/logo\/image\/\",\"url\":\"https:\/\/global-hookah.com\/wp-content\/uploads\/2021\/10\/cropped-fgg.png\",\"contentUrl\":\"https:\/\/global-hookah.com\/wp-content\/uploads\/2021\/10\/cropped-fgg.png\",\"width\":512,\"height\":512,\"caption\":\"Global Hookah\"},\"image\":{\"@id\":\"https:\/\/global-hookah.com\/#\/schema\/logo\/image\/\"}}]}<\/script>\n<!-- \/ Yoast SEO Premium plugin. -->","yoast_head_json":{"title":"Trituradora de tabaco de aluminio rojo al por mayor - Global Hookah","robots":{"index":"index","follow":"follow","max-snippet":"max-snippet:-1","max-image-preview":"max-image-preview:large","max-video-preview":"max-video-preview:-1"},"canonical":"https:\/\/global-hookah.com\/es\/producto\/red-aluminum-tobacco-crusher-wholesale\/","og_locale":"es_ES","og_type":"article","og_title":"Red Aluminum Tobacco Crusher Wholesale","og_description":"Red Aluminum Tobacco Crusher, is a stylish must-have item for tobacco connoisseurs. This machine delivers the ultimate convenience when it","og_url":"https:\/\/global-hookah.com\/es\/producto\/red-aluminum-tobacco-crusher-wholesale\/","og_site_name":"Global Hookah","article_modified_time":"2024-06-07T06:11:20+00:00","og_image":[{"width":800,"height":800,"url":"https:\/\/global-hookah.com\/wp-content\/uploads\/2024\/06\/c73f5f11-c9b4-41be-9d6c-cdcf64616af8.jpg","type":"image\/jpeg"}],"twitter_card":"summary_large_image","twitter_misc":{"Tiempo de lectura":"3 minutos"},"schema":{"@context":"https:\/\/schema.org","@graph":[{"@type":"WebPage","@id":"https:\/\/global-hookah.com\/product\/red-aluminum-tobacco-crusher-wholesale\/","url":"https:\/\/global-hookah.com\/product\/red-aluminum-tobacco-crusher-wholesale\/","name":"Trituradora de tabaco de aluminio rojo al por mayor - Global Hookah","isPartOf":{"@id":"https:\/\/global-hookah.com\/#website"},"primaryImageOfPage":{"@id":"https:\/\/global-hookah.com\/product\/red-aluminum-tobacco-crusher-wholesale\/#primaryimage"},"image":{"@id":"https:\/\/global-hookah.com\/product\/red-aluminum-tobacco-crusher-wholesale\/#primaryimage"},"thumbnailUrl":"https:\/\/global-hookah.com\/wp-content\/uploads\/2024\/06\/c73f5f11-c9b4-41be-9d6c-cdcf64616af8.jpg","datePublished":"2024-06-06T06:12:27+00:00","dateModified":"2024-06-07T06:11:20+00:00","breadcrumb":{"@id":"https:\/\/global-hookah.com\/product\/red-aluminum-tobacco-crusher-wholesale\/#breadcrumb"},"inLanguage":"es","potentialAction":[{"@type":"ReadAction","target":["https:\/\/global-hookah.com\/product\/red-aluminum-tobacco-crusher-wholesale\/"]}]},{"@type":"ImageObject","inLanguage":"es","@id":"https:\/\/global-hookah.com\/product\/red-aluminum-tobacco-crusher-wholesale\/#primaryimage","url":"https:\/\/global-hookah.com\/wp-content\/uploads\/2024\/06\/c73f5f11-c9b4-41be-9d6c-cdcf64616af8.jpg","contentUrl":"https:\/\/global-hookah.com\/wp-content\/uploads\/2024\/06\/c73f5f11-c9b4-41be-9d6c-cdcf64616af8.jpg","width":800,"height":800,"caption":"Red Aluminum Tobacco Crusher Wholesale"},{"@type":"BreadcrumbList","@id":"https:\/\/global-hookah.com\/product\/red-aluminum-tobacco-crusher-wholesale\/#breadcrumb","itemListElement":[{"@type":"ListItem","position":1,"name":"Home","item":"https:\/\/global-hookah.com\/"},{"@type":"ListItem","position":2,"name":"Shop","item":"https:\/\/global-hookah.com\/shop\/"},{"@type":"ListItem","position":3,"name":"Red Aluminum Tobacco Crusher Wholesale"}]},{"@type":"WebSite","@id":"https:\/\/global-hookah.com\/#website","url":"https:\/\/global-hookah.com\/","name":"Global Hookah","description":"Global Hookah","publisher":{"@id":"https:\/\/global-hookah.com\/#organization"},"potentialAction":[{"@type":"SearchAction","target":{"@type":"EntryPoint","urlTemplate":"https:\/\/global-hookah.com\/?s={search_term_string}"},"query-input":{"@type":"PropertyValueSpecification","valueRequired":true,"valueName":"search_term_string"}}],"inLanguage":"es"},{"@type":"Organization","@id":"https:\/\/global-hookah.com\/#organization","name":"Global Hookah","url":"https:\/\/global-hookah.com\/","logo":{"@type":"ImageObject","inLanguage":"es","@id":"https:\/\/global-hookah.com\/#\/schema\/logo\/image\/","url":"https:\/\/global-hookah.com\/wp-content\/uploads\/2021\/10\/cropped-fgg.png","contentUrl":"https:\/\/global-hookah.com\/wp-content\/uploads\/2021\/10\/cropped-fgg.png","width":512,"height":512,"caption":"Global Hookah"},"image":{"@id":"https:\/\/global-hookah.com\/#\/schema\/logo\/image\/"}}]}},"_links":{"self":[{"href":"https:\/\/global-hookah.com\/es\/wp-json\/wp\/v2\/product\/26352","targetHints":{"allow":["GET"]}}],"collection":[{"href":"https:\/\/global-hookah.com\/es\/wp-json\/wp\/v2\/product"}],"about":[{"href":"https:\/\/global-hookah.com\/es\/wp-json\/wp\/v2\/types\/product"}],"replies":[{"embeddable":true,"href":"https:\/\/global-hookah.com\/es\/wp-json\/wp\/v2\/comments?post=26352"}],"version-history":[{"count":0,"href":"https:\/\/global-hookah.com\/es\/wp-json\/wp\/v2\/product\/26352\/revisions"}],"wp:featuredmedia":[{"embeddable":true,"href":"https:\/\/global-hookah.com\/es\/wp-json\/wp\/v2\/media\/26472"}],"wp:attachment":[{"href":"https:\/\/global-hookah.com\/es\/wp-json\/wp\/v2\/media?parent=26352"}],"wp:term":[{"taxonomy":"product_brand","embeddable":true,"href":"https:\/\/global-hookah.com\/es\/wp-json\/wp\/v2\/product_brand?post=26352"},{"taxonomy":"product_cat","embeddable":true,"href":"https:\/\/global-hookah.com\/es\/wp-json\/wp\/v2\/product_cat?post=26352"},{"taxonomy":"product_tag","embeddable":true,"href":"https:\/\/global-hookah.com\/es\/wp-json\/wp\/v2\/product_tag?post=26352"}],"curies":[{"name":"wp","href":"https:\/\/api.w.org\/{rel}","templated":true}]}}