{"id":26408,"date":"2024-06-06T06:12:45","date_gmt":"2024-06-06T06:12:45","guid":{"rendered":"https:\/\/global-hookah.com\/product\/1pc-cake-design-grinder-tobacco-herb-mill-spice-crusher-birthday-cake-shaped-metal-grinder-accessories-gift-idea\/"},"modified":"2024-06-07T06:11:13","modified_gmt":"2024-06-07T06:11:13","slug":"cake-design-grinder-weed-crusher-wholesale","status":"publish","type":"product","link":"https:\/\/global-hookah.com\/es\/producto\/cake-design-grinder-weed-crusher-wholesale\/","title":{"rendered":"Trituradora de hierba Cake Design Wholesale"},"content":{"rendered":"<div>\n<p>\u00a1Un triturador realmente fant\u00e1stico que es un arma secreta para usted! Usted encontrar\u00e1 este triturador de hierba juguet\u00f3n lleno de diversi\u00f3n durante su preparaci\u00f3n de hierbas, ya que se ha hecho para parecerse a un delicioso pastel brillante con chispas de colores.<\/p>\n<p>Est\u00e1 equipado con cuatro cuchillas en el interior que son muy afiladas y ayudan f\u00e1cilmente a moler las hierbas liberando su aroma. El material de las cuchillas es acero inoxidable 304, lo suficientemente resistente para durar mucho tiempo.<\/p>\n<p>Te aconsejo encarecidamente que tengas el Molinillo Cake Design, la utilidad y la est\u00e9tica van de la mano. Adem\u00e1s de aumentar la eficacia del uso de hierbas, este molinillo sirve como una atractiva decoraci\u00f3n. Si adoras los dise\u00f1os creativos en todo, entonces este molinillo puede ser tu elecci\u00f3n definitiva.<\/p>\n<p><img decoding=\"async\" src=\"https:\/\/global-hookah.com\/wp-content\/uploads\/2024\/06\/dc5051a0-fa37-4f9e-a46d-0a68c9eaaa47.jpg\" \/><\/p>\n<\/div>\n<div><img decoding=\"async\" src=\"https:\/\/global-hookah.com\/wp-content\/uploads\/2024\/06\/6efbe11e-6125-47f8-9cfd-5538e4300a09.jpg\" \/><\/div>\n<div><img decoding=\"async\" src=\"https:\/\/global-hookah.com\/wp-content\/uploads\/2024\/06\/ef639506-2cad-43ff-b1c6-8bd73d18038b.jpg\" \/><\/div>\n<div><img decoding=\"async\" src=\"https:\/\/global-hookah.com\/wp-content\/uploads\/2024\/06\/702fc190-3e3c-47b6-8381-663ea664c6ea.jpg\" \/><\/div>\n<div><img decoding=\"async\" src=\"https:\/\/global-hookah.com\/wp-content\/uploads\/2024\/06\/c66e373b-1765-4031-96ad-ec764eb7ace7.jpg\" \/><\/div>\n<div><img decoding=\"async\" src=\"https:\/\/global-hookah.com\/wp-content\/uploads\/2024\/06\/08e4eaf3-4c64-41b7-be33-bcb06ae2884d.jpg\" \/><\/div>\n<div><img decoding=\"async\" src=\"https:\/\/global-hookah.com\/wp-content\/uploads\/2024\/06\/22b0e5d9-9747-445c-a3f8-73be4ea0bfb0.jpg\" \/><\/div>","protected":false},"excerpt":{"rendered":"<p>\u00a1Una trituradora realmente fant\u00e1stica que es un arma secreta para ti! Encontrar\u00e1 este juguet\u00f3n triturador de hierba lleno de<\/p>","protected":false},"featured_media":26586,"comment_status":"closed","ping_status":"closed","template":"","meta":{"iawp_total_views":1,"_joinchat":[]},"product_brand":[],"product_cat":[770],"product_tag":[],"class_list":{"0":"post-26408","1":"product","2":"type-product","3":"status-publish","4":"has-post-thumbnail","6":"product_cat-wholesale-grinder","8":"first","9":"instock","10":"shipping-taxable","11":"product-type-external"},"yoast_head":"<!-- This site is optimized with the Yoast SEO Premium plugin v24.7 (Yoast SEO v26.8) - https:\/\/yoast.com\/product\/yoast-seo-premium-wordpress\/ -->\n<title>Cake Design Grinder Weed Crusher Wholesale - Global Hookah<\/title>\n<meta name=\"robots\" content=\"index, follow, max-snippet:-1, max-image-preview:large, max-video-preview:-1\" \/>\n<link rel=\"canonical\" href=\"https:\/\/global-hookah.com\/es\/producto\/cake-design-grinder-weed-crusher-wholesale\/\" \/>\n<meta property=\"og:locale\" content=\"es_ES\" \/>\n<meta property=\"og:type\" content=\"article\" \/>\n<meta property=\"og:title\" content=\"Cake Design Grinder Weed Crusher Wholesale\" \/>\n<meta property=\"og:description\" content=\"A really fantastic crusher that is a secret weapon for you! You will find this playful weed grinder full of\" \/>\n<meta property=\"og:url\" content=\"https:\/\/global-hookah.com\/es\/producto\/cake-design-grinder-weed-crusher-wholesale\/\" \/>\n<meta property=\"og:site_name\" content=\"Global Hookah\" \/>\n<meta property=\"article:modified_time\" content=\"2024-06-07T06:11:13+00:00\" \/>\n<meta property=\"og:image\" content=\"https:\/\/global-hookah.com\/wp-content\/uploads\/2024\/06\/dc5051a0-fa37-4f9e-a46d-0a68c9eaaa47.jpg\" \/>\n\t<meta property=\"og:image:width\" content=\"1600\" \/>\n\t<meta property=\"og:image:height\" content=\"1600\" \/>\n\t<meta property=\"og:image:type\" content=\"image\/jpeg\" \/>\n<meta name=\"twitter:card\" content=\"summary_large_image\" \/>\n<meta name=\"twitter:label1\" content=\"Tiempo de lectura\" \/>\n\t<meta name=\"twitter:data1\" content=\"3 minutos\" \/>\n<script type=\"application\/ld+json\" class=\"yoast-schema-graph\">{\"@context\":\"https:\/\/schema.org\",\"@graph\":[{\"@type\":\"WebPage\",\"@id\":\"https:\/\/global-hookah.com\/product\/cake-design-grinder-weed-crusher-wholesale\/\",\"url\":\"https:\/\/global-hookah.com\/product\/cake-design-grinder-weed-crusher-wholesale\/\",\"name\":\"Cake Design Grinder Weed Crusher Wholesale - Global Hookah\",\"isPartOf\":{\"@id\":\"https:\/\/global-hookah.com\/#website\"},\"primaryImageOfPage\":{\"@id\":\"https:\/\/global-hookah.com\/product\/cake-design-grinder-weed-crusher-wholesale\/#primaryimage\"},\"image\":{\"@id\":\"https:\/\/global-hookah.com\/product\/cake-design-grinder-weed-crusher-wholesale\/#primaryimage\"},\"thumbnailUrl\":\"https:\/\/global-hookah.com\/wp-content\/uploads\/2024\/06\/dc5051a0-fa37-4f9e-a46d-0a68c9eaaa47.jpg\",\"datePublished\":\"2024-06-06T06:12:45+00:00\",\"dateModified\":\"2024-06-07T06:11:13+00:00\",\"breadcrumb\":{\"@id\":\"https:\/\/global-hookah.com\/product\/cake-design-grinder-weed-crusher-wholesale\/#breadcrumb\"},\"inLanguage\":\"es\",\"potentialAction\":[{\"@type\":\"ReadAction\",\"target\":[\"https:\/\/global-hookah.com\/product\/cake-design-grinder-weed-crusher-wholesale\/\"]}]},{\"@type\":\"ImageObject\",\"inLanguage\":\"es\",\"@id\":\"https:\/\/global-hookah.com\/product\/cake-design-grinder-weed-crusher-wholesale\/#primaryimage\",\"url\":\"https:\/\/global-hookah.com\/wp-content\/uploads\/2024\/06\/dc5051a0-fa37-4f9e-a46d-0a68c9eaaa47.jpg\",\"contentUrl\":\"https:\/\/global-hookah.com\/wp-content\/uploads\/2024\/06\/dc5051a0-fa37-4f9e-a46d-0a68c9eaaa47.jpg\",\"width\":1600,\"height\":1600,\"caption\":\"Cake Design Grinder Weed Crusher Wholesale\"},{\"@type\":\"BreadcrumbList\",\"@id\":\"https:\/\/global-hookah.com\/product\/cake-design-grinder-weed-crusher-wholesale\/#breadcrumb\",\"itemListElement\":[{\"@type\":\"ListItem\",\"position\":1,\"name\":\"Home\",\"item\":\"https:\/\/global-hookah.com\/\"},{\"@type\":\"ListItem\",\"position\":2,\"name\":\"Shop\",\"item\":\"https:\/\/global-hookah.com\/shop\/\"},{\"@type\":\"ListItem\",\"position\":3,\"name\":\"Cake Design Grinder Weed Crusher Wholesale\"}]},{\"@type\":\"WebSite\",\"@id\":\"https:\/\/global-hookah.com\/#website\",\"url\":\"https:\/\/global-hookah.com\/\",\"name\":\"Global Hookah\",\"description\":\"Global Hookah\",\"publisher\":{\"@id\":\"https:\/\/global-hookah.com\/#organization\"},\"potentialAction\":[{\"@type\":\"SearchAction\",\"target\":{\"@type\":\"EntryPoint\",\"urlTemplate\":\"https:\/\/global-hookah.com\/?s={search_term_string}\"},\"query-input\":{\"@type\":\"PropertyValueSpecification\",\"valueRequired\":true,\"valueName\":\"search_term_string\"}}],\"inLanguage\":\"es\"},{\"@type\":\"Organization\",\"@id\":\"https:\/\/global-hookah.com\/#organization\",\"name\":\"Global Hookah\",\"url\":\"https:\/\/global-hookah.com\/\",\"logo\":{\"@type\":\"ImageObject\",\"inLanguage\":\"es\",\"@id\":\"https:\/\/global-hookah.com\/#\/schema\/logo\/image\/\",\"url\":\"https:\/\/global-hookah.com\/wp-content\/uploads\/2021\/10\/cropped-fgg.png\",\"contentUrl\":\"https:\/\/global-hookah.com\/wp-content\/uploads\/2021\/10\/cropped-fgg.png\",\"width\":512,\"height\":512,\"caption\":\"Global Hookah\"},\"image\":{\"@id\":\"https:\/\/global-hookah.com\/#\/schema\/logo\/image\/\"}}]}<\/script>\n<!-- \/ Yoast SEO Premium plugin. -->","yoast_head_json":{"title":"Cake Design Grinder Weed Crusher Wholesale - Global Hookah","robots":{"index":"index","follow":"follow","max-snippet":"max-snippet:-1","max-image-preview":"max-image-preview:large","max-video-preview":"max-video-preview:-1"},"canonical":"https:\/\/global-hookah.com\/es\/producto\/cake-design-grinder-weed-crusher-wholesale\/","og_locale":"es_ES","og_type":"article","og_title":"Cake Design Grinder Weed Crusher Wholesale","og_description":"A really fantastic crusher that is a secret weapon for you! You will find this playful weed grinder full of","og_url":"https:\/\/global-hookah.com\/es\/producto\/cake-design-grinder-weed-crusher-wholesale\/","og_site_name":"Global Hookah","article_modified_time":"2024-06-07T06:11:13+00:00","og_image":[{"width":1600,"height":1600,"url":"https:\/\/global-hookah.com\/wp-content\/uploads\/2024\/06\/dc5051a0-fa37-4f9e-a46d-0a68c9eaaa47.jpg","type":"image\/jpeg"}],"twitter_card":"summary_large_image","twitter_misc":{"Tiempo de lectura":"3 minutos"},"schema":{"@context":"https:\/\/schema.org","@graph":[{"@type":"WebPage","@id":"https:\/\/global-hookah.com\/product\/cake-design-grinder-weed-crusher-wholesale\/","url":"https:\/\/global-hookah.com\/product\/cake-design-grinder-weed-crusher-wholesale\/","name":"Cake Design Grinder Weed Crusher Wholesale - Global Hookah","isPartOf":{"@id":"https:\/\/global-hookah.com\/#website"},"primaryImageOfPage":{"@id":"https:\/\/global-hookah.com\/product\/cake-design-grinder-weed-crusher-wholesale\/#primaryimage"},"image":{"@id":"https:\/\/global-hookah.com\/product\/cake-design-grinder-weed-crusher-wholesale\/#primaryimage"},"thumbnailUrl":"https:\/\/global-hookah.com\/wp-content\/uploads\/2024\/06\/dc5051a0-fa37-4f9e-a46d-0a68c9eaaa47.jpg","datePublished":"2024-06-06T06:12:45+00:00","dateModified":"2024-06-07T06:11:13+00:00","breadcrumb":{"@id":"https:\/\/global-hookah.com\/product\/cake-design-grinder-weed-crusher-wholesale\/#breadcrumb"},"inLanguage":"es","potentialAction":[{"@type":"ReadAction","target":["https:\/\/global-hookah.com\/product\/cake-design-grinder-weed-crusher-wholesale\/"]}]},{"@type":"ImageObject","inLanguage":"es","@id":"https:\/\/global-hookah.com\/product\/cake-design-grinder-weed-crusher-wholesale\/#primaryimage","url":"https:\/\/global-hookah.com\/wp-content\/uploads\/2024\/06\/dc5051a0-fa37-4f9e-a46d-0a68c9eaaa47.jpg","contentUrl":"https:\/\/global-hookah.com\/wp-content\/uploads\/2024\/06\/dc5051a0-fa37-4f9e-a46d-0a68c9eaaa47.jpg","width":1600,"height":1600,"caption":"Cake Design Grinder Weed Crusher Wholesale"},{"@type":"BreadcrumbList","@id":"https:\/\/global-hookah.com\/product\/cake-design-grinder-weed-crusher-wholesale\/#breadcrumb","itemListElement":[{"@type":"ListItem","position":1,"name":"Home","item":"https:\/\/global-hookah.com\/"},{"@type":"ListItem","position":2,"name":"Shop","item":"https:\/\/global-hookah.com\/shop\/"},{"@type":"ListItem","position":3,"name":"Cake Design Grinder Weed Crusher Wholesale"}]},{"@type":"WebSite","@id":"https:\/\/global-hookah.com\/#website","url":"https:\/\/global-hookah.com\/","name":"Global Hookah","description":"Global Hookah","publisher":{"@id":"https:\/\/global-hookah.com\/#organization"},"potentialAction":[{"@type":"SearchAction","target":{"@type":"EntryPoint","urlTemplate":"https:\/\/global-hookah.com\/?s={search_term_string}"},"query-input":{"@type":"PropertyValueSpecification","valueRequired":true,"valueName":"search_term_string"}}],"inLanguage":"es"},{"@type":"Organization","@id":"https:\/\/global-hookah.com\/#organization","name":"Global Hookah","url":"https:\/\/global-hookah.com\/","logo":{"@type":"ImageObject","inLanguage":"es","@id":"https:\/\/global-hookah.com\/#\/schema\/logo\/image\/","url":"https:\/\/global-hookah.com\/wp-content\/uploads\/2021\/10\/cropped-fgg.png","contentUrl":"https:\/\/global-hookah.com\/wp-content\/uploads\/2021\/10\/cropped-fgg.png","width":512,"height":512,"caption":"Global Hookah"},"image":{"@id":"https:\/\/global-hookah.com\/#\/schema\/logo\/image\/"}}]}},"_links":{"self":[{"href":"https:\/\/global-hookah.com\/es\/wp-json\/wp\/v2\/product\/26408","targetHints":{"allow":["GET"]}}],"collection":[{"href":"https:\/\/global-hookah.com\/es\/wp-json\/wp\/v2\/product"}],"about":[{"href":"https:\/\/global-hookah.com\/es\/wp-json\/wp\/v2\/types\/product"}],"replies":[{"embeddable":true,"href":"https:\/\/global-hookah.com\/es\/wp-json\/wp\/v2\/comments?post=26408"}],"version-history":[{"count":0,"href":"https:\/\/global-hookah.com\/es\/wp-json\/wp\/v2\/product\/26408\/revisions"}],"wp:featuredmedia":[{"embeddable":true,"href":"https:\/\/global-hookah.com\/es\/wp-json\/wp\/v2\/media\/26586"}],"wp:attachment":[{"href":"https:\/\/global-hookah.com\/es\/wp-json\/wp\/v2\/media?parent=26408"}],"wp:term":[{"taxonomy":"product_brand","embeddable":true,"href":"https:\/\/global-hookah.com\/es\/wp-json\/wp\/v2\/product_brand?post=26408"},{"taxonomy":"product_cat","embeddable":true,"href":"https:\/\/global-hookah.com\/es\/wp-json\/wp\/v2\/product_cat?post=26408"},{"taxonomy":"product_tag","embeddable":true,"href":"https:\/\/global-hookah.com\/es\/wp-json\/wp\/v2\/product_tag?post=26408"}],"curies":[{"name":"wp","href":"https:\/\/api.w.org\/{rel}","templated":true}]}}