{"id":27460,"date":"2024-06-07T06:30:03","date_gmt":"2024-06-07T06:30:03","guid":{"rendered":"https:\/\/global-hookah.com\/product\/1set-hookahs-with-two-hole-set-premium-arabic-smoking-product-double-hose-smoking-product-suitable-for-bar-party-household-gadgets-holiday-gift-birthday-gift-gift-for-friends-modern-shisha-sm\/"},"modified":"2025-05-05T02:29:22","modified_gmt":"2025-05-05T02:29:22","slug":"bulk-wholesale-hookah-shisha-starter-kits","status":"publish","type":"product","link":"https:\/\/global-hookah.com\/es\/producto\/bulk-wholesale-hookah-shisha-starter-kits\/","title":{"rendered":"Venta al por mayor al por mayor de kits de inicio de shisha Hookah"},"content":{"rendered":"<div>\n<p>Nuestros dise\u00f1adores de <strong>Global Hookah<\/strong> dise\u00f1\u00f3 este <strong>Kits de inicio para shisha narguile<\/strong> con los viajes y el ocio en mente, para que pueda utilizarlo f\u00e1cilmente cuando viaje, especialmente cuando est\u00e9 de vacaciones.<\/p>\n<p>Con nuestro dise\u00f1o exclusivo incluido en el<strong> Kits de inicio para shisha narguile<\/strong>, un humo de escape vertical notable del sistema se ha incorporado adem\u00e1s de un sistema de c\u00e1mara de aire cerrada mejorada y una cabeza hookah de nuevo dise\u00f1o garantiza la elegancia todo el argot soportar cada bocanada La c\u00e1mara de aire dedicada sistema cerrado dividido a\u00fan m\u00e1s suave, m\u00e1s matizada de humo con una interminablemente deliciosa smack de sabor.<\/p>\n<p>Fabricado en metal inoxidable y cristal grueso, inastillable y duradero. El robusto dise\u00f1o y los pesados vasos, junto con el resto del set de narguile, garantizan un uso fiable durante a\u00f1os.<\/p>\n<p>En <strong>kit de pipa hookah<\/strong> est\u00e1 totalmente equipada con todos los elementos atornillables fundamentales: florero hookah, tallo hookah de acero con difusor, manguera de silicona alimentaria, boquilla de acero, pinzas hookah de gatillo y juego de cuenco de arcilla negra. Esta es definitivamente la mejor opci\u00f3n para los mayoristas que quieren <a href=\"https:\/\/global-hookah.com\/product-category\/wholesale-hookah\/\"><strong>venta al por mayor de juegos completos de narguile<\/strong><\/a><\/p>\n<p>El dise\u00f1o de nuestra pipa de agua permite un flujo de aire ideal para que produzca una shisha sabrosa en cada calada y densas nubes satisfactorias. Disfrute de horas relajantes con amigos despu\u00e9s de emparejarlo con sus sabores favoritos de shisha.<\/p>\n<p><img decoding=\"async\" src=\"https:\/\/global-hookah.com\/wp-content\/uploads\/2024\/06\/db771e05-1470-45f7-8274-fbe82913d302.jpg\" \/><\/p>\n<\/div>\n<div><img decoding=\"async\" src=\"https:\/\/global-hookah.com\/wp-content\/uploads\/2024\/06\/3759c913-c18c-4f3d-8cdb-394a9f7cc68c.jpg\" \/><\/div>\n<div><img decoding=\"async\" src=\"https:\/\/global-hookah.com\/wp-content\/uploads\/2024\/06\/6947d0af-f3c5-4751-ad09-f322cd4ee7d9.jpg\" \/><\/div>\n<div><img decoding=\"async\" src=\"https:\/\/global-hookah.com\/wp-content\/uploads\/2024\/06\/8d67a058-805e-4576-92b5-a13b78c8a83a.jpg\" \/><\/div>\n<div><img decoding=\"async\" src=\"https:\/\/global-hookah.com\/wp-content\/uploads\/2024\/06\/6532c511-28d2-48f4-b9e5-4a3942538871.jpg\" \/><\/div>\n<div><img decoding=\"async\" src=\"https:\/\/global-hookah.com\/wp-content\/uploads\/2024\/06\/ce37d467-29c9-45e3-a596-c827e80ded34.jpg\" \/><\/div>","protected":false},"excerpt":{"rendered":"<p>Nuestros dise\u00f1adores de Global Hookah han dise\u00f1ado este kit de inicio de Shisha Hookah pensando en los viajes y el ocio, para que usted<\/p>","protected":false},"featured_media":27592,"comment_status":"closed","ping_status":"closed","template":"","meta":{"iawp_total_views":1,"_joinchat":[]},"product_brand":[],"product_cat":[119],"product_tag":[],"class_list":{"0":"post-27460","1":"product","2":"type-product","3":"status-publish","4":"has-post-thumbnail","6":"product_cat-wholesale-hookah","8":"first","9":"instock","10":"shipping-taxable","11":"product-type-external"},"yoast_head":"<!-- This site is optimized with the Yoast SEO Premium plugin v24.7 (Yoast SEO v26.8) - https:\/\/yoast.com\/product\/yoast-seo-premium-wordpress\/ -->\n<title>Bulk Wholesale Hookah Shisha Starter Kits - Global Hookah<\/title>\n<meta name=\"robots\" content=\"index, follow, max-snippet:-1, max-image-preview:large, max-video-preview:-1\" \/>\n<link rel=\"canonical\" href=\"https:\/\/global-hookah.com\/es\/producto\/1set-hookahs-with-two-hole-set-premium-arabic-smoking-product-double-hose-smoking-product-suitable-for-bar-party-household-gadgets-holiday-gift-birthday-gift-gift-for-friends-modern-shisha-sm\/\" \/>\n<meta property=\"og:locale\" content=\"es_ES\" \/>\n<meta property=\"og:type\" content=\"article\" \/>\n<meta property=\"og:title\" content=\"Bulk Wholesale Hookah Shisha Starter Kits\" \/>\n<meta property=\"og:description\" content=\"Our designers at Global Hookah designed this Hookah Shisha Starter Kits with travel and leisure in mind, so that you\" \/>\n<meta property=\"og:url\" content=\"https:\/\/global-hookah.com\/es\/producto\/1set-hookahs-with-two-hole-set-premium-arabic-smoking-product-double-hose-smoking-product-suitable-for-bar-party-household-gadgets-holiday-gift-birthday-gift-gift-for-friends-modern-shisha-sm\/\" \/>\n<meta property=\"og:site_name\" content=\"Global Hookah\" \/>\n<meta property=\"article:modified_time\" content=\"2025-05-05T02:29:22+00:00\" \/>\n<meta property=\"og:image\" content=\"https:\/\/global-hookah.com\/wp-content\/uploads\/2024\/06\/db771e05-1470-45f7-8274-fbe82913d302.jpg\" \/>\n\t<meta property=\"og:image:width\" content=\"1600\" \/>\n\t<meta property=\"og:image:height\" content=\"1600\" \/>\n\t<meta property=\"og:image:type\" content=\"image\/jpeg\" \/>\n<meta name=\"twitter:card\" content=\"summary_large_image\" \/>\n<meta name=\"twitter:label1\" content=\"Tiempo de lectura\" \/>\n\t<meta name=\"twitter:data1\" content=\"2 minutos\" \/>\n<script type=\"application\/ld+json\" class=\"yoast-schema-graph\">{\"@context\":\"https:\/\/schema.org\",\"@graph\":[{\"@type\":\"WebPage\",\"@id\":\"https:\/\/global-hookah.com\/product\/1set-hookahs-with-two-hole-set-premium-arabic-smoking-product-double-hose-smoking-product-suitable-for-bar-party-household-gadgets-holiday-gift-birthday-gift-gift-for-friends-modern-shisha-sm\/\",\"url\":\"https:\/\/global-hookah.com\/product\/1set-hookahs-with-two-hole-set-premium-arabic-smoking-product-double-hose-smoking-product-suitable-for-bar-party-household-gadgets-holiday-gift-birthday-gift-gift-for-friends-modern-shisha-sm\/\",\"name\":\"Bulk Wholesale Hookah Shisha Starter Kits - Global Hookah\",\"isPartOf\":{\"@id\":\"https:\/\/global-hookah.com\/#website\"},\"primaryImageOfPage\":{\"@id\":\"https:\/\/global-hookah.com\/product\/1set-hookahs-with-two-hole-set-premium-arabic-smoking-product-double-hose-smoking-product-suitable-for-bar-party-household-gadgets-holiday-gift-birthday-gift-gift-for-friends-modern-shisha-sm\/#primaryimage\"},\"image\":{\"@id\":\"https:\/\/global-hookah.com\/product\/1set-hookahs-with-two-hole-set-premium-arabic-smoking-product-double-hose-smoking-product-suitable-for-bar-party-household-gadgets-holiday-gift-birthday-gift-gift-for-friends-modern-shisha-sm\/#primaryimage\"},\"thumbnailUrl\":\"https:\/\/global-hookah.com\/wp-content\/uploads\/2024\/06\/db771e05-1470-45f7-8274-fbe82913d302.jpg\",\"datePublished\":\"2024-06-07T06:30:03+00:00\",\"dateModified\":\"2025-05-05T02:29:22+00:00\",\"breadcrumb\":{\"@id\":\"https:\/\/global-hookah.com\/product\/1set-hookahs-with-two-hole-set-premium-arabic-smoking-product-double-hose-smoking-product-suitable-for-bar-party-household-gadgets-holiday-gift-birthday-gift-gift-for-friends-modern-shisha-sm\/#breadcrumb\"},\"inLanguage\":\"es\",\"potentialAction\":[{\"@type\":\"ReadAction\",\"target\":[\"https:\/\/global-hookah.com\/product\/1set-hookahs-with-two-hole-set-premium-arabic-smoking-product-double-hose-smoking-product-suitable-for-bar-party-household-gadgets-holiday-gift-birthday-gift-gift-for-friends-modern-shisha-sm\/\"]}]},{\"@type\":\"ImageObject\",\"inLanguage\":\"es\",\"@id\":\"https:\/\/global-hookah.com\/product\/1set-hookahs-with-two-hole-set-premium-arabic-smoking-product-double-hose-smoking-product-suitable-for-bar-party-household-gadgets-holiday-gift-birthday-gift-gift-for-friends-modern-shisha-sm\/#primaryimage\",\"url\":\"https:\/\/global-hookah.com\/wp-content\/uploads\/2024\/06\/db771e05-1470-45f7-8274-fbe82913d302.jpg\",\"contentUrl\":\"https:\/\/global-hookah.com\/wp-content\/uploads\/2024\/06\/db771e05-1470-45f7-8274-fbe82913d302.jpg\",\"width\":1600,\"height\":1600,\"caption\":\"Bulk Wholesale Hookah Shisha Starter Kits\"},{\"@type\":\"BreadcrumbList\",\"@id\":\"https:\/\/global-hookah.com\/product\/1set-hookahs-with-two-hole-set-premium-arabic-smoking-product-double-hose-smoking-product-suitable-for-bar-party-household-gadgets-holiday-gift-birthday-gift-gift-for-friends-modern-shisha-sm\/#breadcrumb\",\"itemListElement\":[{\"@type\":\"ListItem\",\"position\":1,\"name\":\"Home\",\"item\":\"https:\/\/global-hookah.com\/\"},{\"@type\":\"ListItem\",\"position\":2,\"name\":\"Shop\",\"item\":\"https:\/\/global-hookah.com\/shop\/\"},{\"@type\":\"ListItem\",\"position\":3,\"name\":\"Bulk Wholesale Hookah Shisha Starter Kits\"}]},{\"@type\":\"WebSite\",\"@id\":\"https:\/\/global-hookah.com\/#website\",\"url\":\"https:\/\/global-hookah.com\/\",\"name\":\"Global Hookah\",\"description\":\"Global Hookah\",\"publisher\":{\"@id\":\"https:\/\/global-hookah.com\/#organization\"},\"potentialAction\":[{\"@type\":\"SearchAction\",\"target\":{\"@type\":\"EntryPoint\",\"urlTemplate\":\"https:\/\/global-hookah.com\/?s={search_term_string}\"},\"query-input\":{\"@type\":\"PropertyValueSpecification\",\"valueRequired\":true,\"valueName\":\"search_term_string\"}}],\"inLanguage\":\"es\"},{\"@type\":\"Organization\",\"@id\":\"https:\/\/global-hookah.com\/#organization\",\"name\":\"Global Hookah\",\"url\":\"https:\/\/global-hookah.com\/\",\"logo\":{\"@type\":\"ImageObject\",\"inLanguage\":\"es\",\"@id\":\"https:\/\/global-hookah.com\/#\/schema\/logo\/image\/\",\"url\":\"https:\/\/global-hookah.com\/wp-content\/uploads\/2021\/10\/cropped-fgg.png\",\"contentUrl\":\"https:\/\/global-hookah.com\/wp-content\/uploads\/2021\/10\/cropped-fgg.png\",\"width\":512,\"height\":512,\"caption\":\"Global Hookah\"},\"image\":{\"@id\":\"https:\/\/global-hookah.com\/#\/schema\/logo\/image\/\"}}]}<\/script>\n<!-- \/ Yoast SEO Premium plugin. -->","yoast_head_json":{"title":"Kits de inicio de shisha para narguile al por mayor - Global Hookah","robots":{"index":"index","follow":"follow","max-snippet":"max-snippet:-1","max-image-preview":"max-image-preview:large","max-video-preview":"max-video-preview:-1"},"canonical":"https:\/\/global-hookah.com\/es\/producto\/1set-hookahs-with-two-hole-set-premium-arabic-smoking-product-double-hose-smoking-product-suitable-for-bar-party-household-gadgets-holiday-gift-birthday-gift-gift-for-friends-modern-shisha-sm\/","og_locale":"es_ES","og_type":"article","og_title":"Bulk Wholesale Hookah Shisha Starter Kits","og_description":"Our designers at Global Hookah designed this Hookah Shisha Starter Kits with travel and leisure in mind, so that you","og_url":"https:\/\/global-hookah.com\/es\/producto\/1set-hookahs-with-two-hole-set-premium-arabic-smoking-product-double-hose-smoking-product-suitable-for-bar-party-household-gadgets-holiday-gift-birthday-gift-gift-for-friends-modern-shisha-sm\/","og_site_name":"Global Hookah","article_modified_time":"2025-05-05T02:29:22+00:00","og_image":[{"width":1600,"height":1600,"url":"https:\/\/global-hookah.com\/wp-content\/uploads\/2024\/06\/db771e05-1470-45f7-8274-fbe82913d302.jpg","type":"image\/jpeg"}],"twitter_card":"summary_large_image","twitter_misc":{"Tiempo de lectura":"2 minutos"},"schema":{"@context":"https:\/\/schema.org","@graph":[{"@type":"WebPage","@id":"https:\/\/global-hookah.com\/product\/1set-hookahs-with-two-hole-set-premium-arabic-smoking-product-double-hose-smoking-product-suitable-for-bar-party-household-gadgets-holiday-gift-birthday-gift-gift-for-friends-modern-shisha-sm\/","url":"https:\/\/global-hookah.com\/product\/1set-hookahs-with-two-hole-set-premium-arabic-smoking-product-double-hose-smoking-product-suitable-for-bar-party-household-gadgets-holiday-gift-birthday-gift-gift-for-friends-modern-shisha-sm\/","name":"Kits de inicio de shisha para narguile al por mayor - Global Hookah","isPartOf":{"@id":"https:\/\/global-hookah.com\/#website"},"primaryImageOfPage":{"@id":"https:\/\/global-hookah.com\/product\/1set-hookahs-with-two-hole-set-premium-arabic-smoking-product-double-hose-smoking-product-suitable-for-bar-party-household-gadgets-holiday-gift-birthday-gift-gift-for-friends-modern-shisha-sm\/#primaryimage"},"image":{"@id":"https:\/\/global-hookah.com\/product\/1set-hookahs-with-two-hole-set-premium-arabic-smoking-product-double-hose-smoking-product-suitable-for-bar-party-household-gadgets-holiday-gift-birthday-gift-gift-for-friends-modern-shisha-sm\/#primaryimage"},"thumbnailUrl":"https:\/\/global-hookah.com\/wp-content\/uploads\/2024\/06\/db771e05-1470-45f7-8274-fbe82913d302.jpg","datePublished":"2024-06-07T06:30:03+00:00","dateModified":"2025-05-05T02:29:22+00:00","breadcrumb":{"@id":"https:\/\/global-hookah.com\/product\/1set-hookahs-with-two-hole-set-premium-arabic-smoking-product-double-hose-smoking-product-suitable-for-bar-party-household-gadgets-holiday-gift-birthday-gift-gift-for-friends-modern-shisha-sm\/#breadcrumb"},"inLanguage":"es","potentialAction":[{"@type":"ReadAction","target":["https:\/\/global-hookah.com\/product\/1set-hookahs-with-two-hole-set-premium-arabic-smoking-product-double-hose-smoking-product-suitable-for-bar-party-household-gadgets-holiday-gift-birthday-gift-gift-for-friends-modern-shisha-sm\/"]}]},{"@type":"ImageObject","inLanguage":"es","@id":"https:\/\/global-hookah.com\/product\/1set-hookahs-with-two-hole-set-premium-arabic-smoking-product-double-hose-smoking-product-suitable-for-bar-party-household-gadgets-holiday-gift-birthday-gift-gift-for-friends-modern-shisha-sm\/#primaryimage","url":"https:\/\/global-hookah.com\/wp-content\/uploads\/2024\/06\/db771e05-1470-45f7-8274-fbe82913d302.jpg","contentUrl":"https:\/\/global-hookah.com\/wp-content\/uploads\/2024\/06\/db771e05-1470-45f7-8274-fbe82913d302.jpg","width":1600,"height":1600,"caption":"Bulk Wholesale Hookah Shisha Starter Kits"},{"@type":"BreadcrumbList","@id":"https:\/\/global-hookah.com\/product\/1set-hookahs-with-two-hole-set-premium-arabic-smoking-product-double-hose-smoking-product-suitable-for-bar-party-household-gadgets-holiday-gift-birthday-gift-gift-for-friends-modern-shisha-sm\/#breadcrumb","itemListElement":[{"@type":"ListItem","position":1,"name":"Home","item":"https:\/\/global-hookah.com\/"},{"@type":"ListItem","position":2,"name":"Shop","item":"https:\/\/global-hookah.com\/shop\/"},{"@type":"ListItem","position":3,"name":"Bulk Wholesale Hookah Shisha Starter Kits"}]},{"@type":"WebSite","@id":"https:\/\/global-hookah.com\/#website","url":"https:\/\/global-hookah.com\/","name":"Global Hookah","description":"Global Hookah","publisher":{"@id":"https:\/\/global-hookah.com\/#organization"},"potentialAction":[{"@type":"SearchAction","target":{"@type":"EntryPoint","urlTemplate":"https:\/\/global-hookah.com\/?s={search_term_string}"},"query-input":{"@type":"PropertyValueSpecification","valueRequired":true,"valueName":"search_term_string"}}],"inLanguage":"es"},{"@type":"Organization","@id":"https:\/\/global-hookah.com\/#organization","name":"Global Hookah","url":"https:\/\/global-hookah.com\/","logo":{"@type":"ImageObject","inLanguage":"es","@id":"https:\/\/global-hookah.com\/#\/schema\/logo\/image\/","url":"https:\/\/global-hookah.com\/wp-content\/uploads\/2021\/10\/cropped-fgg.png","contentUrl":"https:\/\/global-hookah.com\/wp-content\/uploads\/2021\/10\/cropped-fgg.png","width":512,"height":512,"caption":"Global Hookah"},"image":{"@id":"https:\/\/global-hookah.com\/#\/schema\/logo\/image\/"}}]}},"_links":{"self":[{"href":"https:\/\/global-hookah.com\/es\/wp-json\/wp\/v2\/product\/27460","targetHints":{"allow":["GET"]}}],"collection":[{"href":"https:\/\/global-hookah.com\/es\/wp-json\/wp\/v2\/product"}],"about":[{"href":"https:\/\/global-hookah.com\/es\/wp-json\/wp\/v2\/types\/product"}],"replies":[{"embeddable":true,"href":"https:\/\/global-hookah.com\/es\/wp-json\/wp\/v2\/comments?post=27460"}],"version-history":[{"count":0,"href":"https:\/\/global-hookah.com\/es\/wp-json\/wp\/v2\/product\/27460\/revisions"}],"wp:featuredmedia":[{"embeddable":true,"href":"https:\/\/global-hookah.com\/es\/wp-json\/wp\/v2\/media\/27592"}],"wp:attachment":[{"href":"https:\/\/global-hookah.com\/es\/wp-json\/wp\/v2\/media?parent=27460"}],"wp:term":[{"taxonomy":"product_brand","embeddable":true,"href":"https:\/\/global-hookah.com\/es\/wp-json\/wp\/v2\/product_brand?post=27460"},{"taxonomy":"product_cat","embeddable":true,"href":"https:\/\/global-hookah.com\/es\/wp-json\/wp\/v2\/product_cat?post=27460"},{"taxonomy":"product_tag","embeddable":true,"href":"https:\/\/global-hookah.com\/es\/wp-json\/wp\/v2\/product_tag?post=27460"}],"curies":[{"name":"wp","href":"https:\/\/api.w.org\/{rel}","templated":true}]}}