{"id":27476,"date":"2024-06-07T06:30:06","date_gmt":"2024-06-07T06:30:06","guid":{"rendered":"https:\/\/global-hookah.com\/product\/1pc-54cm-21-25inch-arabic-hookah-with-aluminum-alloy-material-comes-with-50pcs-long-mouth-tips-50pcs-aluminum-foil-papers-silicone-hose-spring-silicone-bowl-aluminum-alloy-handle-and-charcoal-t"},"modified":"2024-06-07T08:23:53","modified_gmt":"2024-06-07T08:23:53","slug":"1pc-54cm-21-25inch-arabic-hookah-with-aluminum-alloy-material-comes-with-50pcs-long-mouth-tips-50pcs-aluminum-foil-papers-silicone-hose-spring-silicone-bowl-aluminum-alloy-handle-and-charcoal-to","status":"publish","type":"product","link":"https:\/\/global-hookah.com\/es\/producto\/1pc-54cm-21-25inch-arabic-hookah-with-aluminum-alloy-material-comes-with-50pcs-long-mouth-tips-50pcs-aluminum-foil-papers-silicone-hose-spring-silicone-bowl-aluminum-alloy-handle-and-charcoal-to\/","title":{"rendered":"1pc 54CM\/21.25inch Arabic Hookah Con Material De Aleaci\u00f3n De Aluminio, Viene Con 50pcs Consejos De Boca Larga, 50pcs Papel De Aluminio, Manguera De Silicona, Primavera, Taz\u00f3n De Silicona, Mango De Aleaci\u00f3n De Aluminio Y Pinzas De Carb\u00f3n Blanco"},"content":{"rendered":"<table>\n<tr>\n<td>Color<\/td>\n<td>Blanco<\/td>\n<\/tr>\n<tr>\n<td>Material<\/td>\n<td>Aleaci\u00f3n de aluminio<\/td>\n<\/tr>\n<tr>\n<td>Fuente de alimentaci\u00f3n<\/td>\n<td>Ninguno<\/td>\n<\/tr>\n<tr>\n<td>Pilas incluidas<\/td>\n<td>No<\/td>\n<\/tr>","protected":false},"excerpt":{"rendered":"<p>Color Blanco Material Aleaci\u00f3n de Aluminio Alimentaci\u00f3n Ninguna Pilas Incluidas No<\/p>","protected":false},"featured_media":27609,"comment_status":"closed","ping_status":"closed","template":"","meta":{"iawp_total_views":10,"_joinchat":[]},"product_brand":[],"product_cat":[119],"product_tag":[],"class_list":{"0":"post-27476","1":"product","2":"type-product","3":"status-publish","4":"has-post-thumbnail","6":"product_cat-wholesale-hookah","8":"first","9":"instock","10":"shipping-taxable","11":"purchasable","12":"product-type-variable"},"yoast_head":"<!-- This site is optimized with the Yoast SEO Premium plugin v24.7 (Yoast SEO v26.8) - https:\/\/yoast.com\/product\/yoast-seo-premium-wordpress\/ -->\n<title>1pc 54CM\/21.25inch Arabic Hookah With Aluminum Alloy Material, Comes With 50pcs Long Mouth Tips, 50pcs Aluminum Foil Papers, Silicone Hose, Spring, Silicone Bowl, Aluminum Alloy Handle And Charcoal Tongs White - Global Hookah<\/title>\n<meta name=\"robots\" content=\"index, follow, max-snippet:-1, max-image-preview:large, max-video-preview:-1\" \/>\n<link rel=\"canonical\" href=\"https:\/\/global-hookah.com\/es\/pt\/produto\/1-unidade-de-narguile-arabe-de-54-cm-2125-polegadas-com-material-de-liga-de-aluminio-vem-com-50-pontas-de-boca-longa-50-papeis-de-folha-de-aluminio-mangueira-de-silicone-mola-tigela-de-silicone\/\" \/>\n<meta property=\"og:locale\" content=\"es_ES\" \/>\n<meta property=\"og:type\" content=\"article\" \/>\n<meta property=\"og:title\" content=\"1pc 54CM\/21.25inch Arabic Hookah With Aluminum Alloy Material, Comes With 50pcs Long Mouth Tips, 50pcs Aluminum Foil Papers, Silicone Hose, Spring, Silicone Bowl, Aluminum Alloy Handle And Charcoal Tongs White\" \/>\n<meta property=\"og:description\" content=\"Color White Material Aluminum Alloy Power Supply None Batteries Included No\" \/>\n<meta property=\"og:url\" content=\"https:\/\/global-hookah.com\/es\/pt\/produto\/1-unidade-de-narguile-arabe-de-54-cm-2125-polegadas-com-material-de-liga-de-aluminio-vem-com-50-pontas-de-boca-longa-50-papeis-de-folha-de-aluminio-mangueira-de-silicone-mola-tigela-de-silicone\/\" \/>\n<meta property=\"og:site_name\" content=\"Global Hookah\" \/>\n<meta property=\"article:modified_time\" content=\"2024-06-07T08:23:53+00:00\" \/>\n<meta property=\"og:image\" content=\"https:\/\/global-hookah.com\/wp-content\/uploads\/2024\/06\/171377496546e0fb006840db83f2fe98cf5efe9e08_square.jpg\" \/>\n\t<meta property=\"og:image:width\" content=\"900\" \/>\n\t<meta property=\"og:image:height\" content=\"1200\" \/>\n\t<meta property=\"og:image:type\" content=\"image\/jpeg\" \/>\n<meta name=\"twitter:card\" content=\"summary_large_image\" \/>\n<script type=\"application\/ld+json\" class=\"yoast-schema-graph\">{\"@context\":\"https:\/\/schema.org\",\"@graph\":[{\"@type\":\"WebPage\",\"@id\":\"https:\/\/global-hookah.com\/pt\/produto\/1-unidade-de-narguile-arabe-de-54-cm-2125-polegadas-com-material-de-liga-de-aluminio-vem-com-50-pontas-de-boca-longa-50-papeis-de-folha-de-aluminio-mangueira-de-silicone-mola-tigela-de-silicone\/\",\"url\":\"https:\/\/global-hookah.com\/pt\/produto\/1-unidade-de-narguile-arabe-de-54-cm-2125-polegadas-com-material-de-liga-de-aluminio-vem-com-50-pontas-de-boca-longa-50-papeis-de-folha-de-aluminio-mangueira-de-silicone-mola-tigela-de-silicone\/\",\"name\":\"1pc 54CM\/21.25inch Arabic Hookah With Aluminum Alloy Material, Comes With 50pcs Long Mouth Tips, 50pcs Aluminum Foil Papers, Silicone Hose, Spring, Silicone Bowl, Aluminum Alloy Handle And Charcoal Tongs White - Global Hookah\",\"isPartOf\":{\"@id\":\"https:\/\/global-hookah.com\/#website\"},\"primaryImageOfPage\":{\"@id\":\"https:\/\/global-hookah.com\/pt\/produto\/1-unidade-de-narguile-arabe-de-54-cm-2125-polegadas-com-material-de-liga-de-aluminio-vem-com-50-pontas-de-boca-longa-50-papeis-de-folha-de-aluminio-mangueira-de-silicone-mola-tigela-de-silicone\/#primaryimage\"},\"image\":{\"@id\":\"https:\/\/global-hookah.com\/pt\/produto\/1-unidade-de-narguile-arabe-de-54-cm-2125-polegadas-com-material-de-liga-de-aluminio-vem-com-50-pontas-de-boca-longa-50-papeis-de-folha-de-aluminio-mangueira-de-silicone-mola-tigela-de-silicone\/#primaryimage\"},\"thumbnailUrl\":\"https:\/\/global-hookah.com\/wp-content\/uploads\/2024\/06\/171377496546e0fb006840db83f2fe98cf5efe9e08_square.jpg\",\"datePublished\":\"2024-06-07T06:30:06+00:00\",\"dateModified\":\"2024-06-07T08:23:53+00:00\",\"breadcrumb\":{\"@id\":\"https:\/\/global-hookah.com\/pt\/produto\/1-unidade-de-narguile-arabe-de-54-cm-2125-polegadas-com-material-de-liga-de-aluminio-vem-com-50-pontas-de-boca-longa-50-papeis-de-folha-de-aluminio-mangueira-de-silicone-mola-tigela-de-silicone\/#breadcrumb\"},\"inLanguage\":\"es\",\"potentialAction\":[{\"@type\":\"ReadAction\",\"target\":[\"https:\/\/global-hookah.com\/pt\/produto\/1-unidade-de-narguile-arabe-de-54-cm-2125-polegadas-com-material-de-liga-de-aluminio-vem-com-50-pontas-de-boca-longa-50-papeis-de-folha-de-aluminio-mangueira-de-silicone-mola-tigela-de-silicone\/\"]}]},{\"@type\":\"ImageObject\",\"inLanguage\":\"es\",\"@id\":\"https:\/\/global-hookah.com\/pt\/produto\/1-unidade-de-narguile-arabe-de-54-cm-2125-polegadas-com-material-de-liga-de-aluminio-vem-com-50-pontas-de-boca-longa-50-papeis-de-folha-de-aluminio-mangueira-de-silicone-mola-tigela-de-silicone\/#primaryimage\",\"url\":\"https:\/\/global-hookah.com\/wp-content\/uploads\/2024\/06\/171377496546e0fb006840db83f2fe98cf5efe9e08_square.jpg\",\"contentUrl\":\"https:\/\/global-hookah.com\/wp-content\/uploads\/2024\/06\/171377496546e0fb006840db83f2fe98cf5efe9e08_square.jpg\",\"width\":900,\"height\":1200},{\"@type\":\"BreadcrumbList\",\"@id\":\"https:\/\/global-hookah.com\/pt\/produto\/1-unidade-de-narguile-arabe-de-54-cm-2125-polegadas-com-material-de-liga-de-aluminio-vem-com-50-pontas-de-boca-longa-50-papeis-de-folha-de-aluminio-mangueira-de-silicone-mola-tigela-de-silicone\/#breadcrumb\",\"itemListElement\":[{\"@type\":\"ListItem\",\"position\":1,\"name\":\"Home\",\"item\":\"https:\/\/global-hookah.com\/\"},{\"@type\":\"ListItem\",\"position\":2,\"name\":\"Shop\",\"item\":\"https:\/\/global-hookah.com\/shop\/\"},{\"@type\":\"ListItem\",\"position\":3,\"name\":\"1pc 54CM\/21.25inch Arabic Hookah With Aluminum Alloy Material, Comes With 50pcs Long Mouth Tips, 50pcs Aluminum Foil Papers, Silicone Hose, Spring, Silicone Bowl, Aluminum Alloy Handle And Charcoal Tongs White\"}]},{\"@type\":\"WebSite\",\"@id\":\"https:\/\/global-hookah.com\/#website\",\"url\":\"https:\/\/global-hookah.com\/\",\"name\":\"Global Hookah\",\"description\":\"Global Hookah\",\"publisher\":{\"@id\":\"https:\/\/global-hookah.com\/#organization\"},\"potentialAction\":[{\"@type\":\"SearchAction\",\"target\":{\"@type\":\"EntryPoint\",\"urlTemplate\":\"https:\/\/global-hookah.com\/?s={search_term_string}\"},\"query-input\":{\"@type\":\"PropertyValueSpecification\",\"valueRequired\":true,\"valueName\":\"search_term_string\"}}],\"inLanguage\":\"es\"},{\"@type\":\"Organization\",\"@id\":\"https:\/\/global-hookah.com\/#organization\",\"name\":\"Global Hookah\",\"url\":\"https:\/\/global-hookah.com\/\",\"logo\":{\"@type\":\"ImageObject\",\"inLanguage\":\"es\",\"@id\":\"https:\/\/global-hookah.com\/#\/schema\/logo\/image\/\",\"url\":\"https:\/\/global-hookah.com\/wp-content\/uploads\/2021\/10\/cropped-fgg.png\",\"contentUrl\":\"https:\/\/global-hookah.com\/wp-content\/uploads\/2021\/10\/cropped-fgg.png\",\"width\":512,\"height\":512,\"caption\":\"Global Hookah\"},\"image\":{\"@id\":\"https:\/\/global-hookah.com\/#\/schema\/logo\/image\/\"}}]}<\/script>\n<!-- \/ Yoast SEO Premium plugin. -->","yoast_head_json":{"title":"1pc 54CM\/21.25inch Arabic Hookah Con Material De Aleaci\u00f3n De Aluminio, Viene Con 50pcs Consejos De Boca Larga, 50pcs Papel De Aluminio, Manguera De Silicona, Primavera, Taz\u00f3n De Silicona, Mango De Aleaci\u00f3n De Aluminio Y Pinzas De Carb\u00f3n Blanco - Global Hookah","robots":{"index":"index","follow":"follow","max-snippet":"max-snippet:-1","max-image-preview":"max-image-preview:large","max-video-preview":"max-video-preview:-1"},"canonical":"https:\/\/global-hookah.com\/es\/pt\/produto\/1-unidade-de-narguile-arabe-de-54-cm-2125-polegadas-com-material-de-liga-de-aluminio-vem-com-50-pontas-de-boca-longa-50-papeis-de-folha-de-aluminio-mangueira-de-silicone-mola-tigela-de-silicone\/","og_locale":"es_ES","og_type":"article","og_title":"1pc 54CM\/21.25inch Arabic Hookah With Aluminum Alloy Material, Comes With 50pcs Long Mouth Tips, 50pcs Aluminum Foil Papers, Silicone Hose, Spring, Silicone Bowl, Aluminum Alloy Handle And Charcoal Tongs White","og_description":"Color White Material Aluminum Alloy Power Supply None Batteries Included No","og_url":"https:\/\/global-hookah.com\/es\/pt\/produto\/1-unidade-de-narguile-arabe-de-54-cm-2125-polegadas-com-material-de-liga-de-aluminio-vem-com-50-pontas-de-boca-longa-50-papeis-de-folha-de-aluminio-mangueira-de-silicone-mola-tigela-de-silicone\/","og_site_name":"Global Hookah","article_modified_time":"2024-06-07T08:23:53+00:00","og_image":[{"width":900,"height":1200,"url":"https:\/\/global-hookah.com\/wp-content\/uploads\/2024\/06\/171377496546e0fb006840db83f2fe98cf5efe9e08_square.jpg","type":"image\/jpeg"}],"twitter_card":"summary_large_image","schema":{"@context":"https:\/\/schema.org","@graph":[{"@type":"WebPage","@id":"https:\/\/global-hookah.com\/pt\/produto\/1-unidade-de-narguile-arabe-de-54-cm-2125-polegadas-com-material-de-liga-de-aluminio-vem-com-50-pontas-de-boca-longa-50-papeis-de-folha-de-aluminio-mangueira-de-silicone-mola-tigela-de-silicone\/","url":"https:\/\/global-hookah.com\/pt\/produto\/1-unidade-de-narguile-arabe-de-54-cm-2125-polegadas-com-material-de-liga-de-aluminio-vem-com-50-pontas-de-boca-longa-50-papeis-de-folha-de-aluminio-mangueira-de-silicone-mola-tigela-de-silicone\/","name":"1pc 54CM\/21.25inch Arabic Hookah Con Material De Aleaci\u00f3n De Aluminio, Viene Con 50pcs Consejos De Boca Larga, 50pcs Papel De Aluminio, Manguera De Silicona, Primavera, Taz\u00f3n De Silicona, Mango De Aleaci\u00f3n De Aluminio Y Pinzas De Carb\u00f3n Blanco - Global Hookah","isPartOf":{"@id":"https:\/\/global-hookah.com\/#website"},"primaryImageOfPage":{"@id":"https:\/\/global-hookah.com\/pt\/produto\/1-unidade-de-narguile-arabe-de-54-cm-2125-polegadas-com-material-de-liga-de-aluminio-vem-com-50-pontas-de-boca-longa-50-papeis-de-folha-de-aluminio-mangueira-de-silicone-mola-tigela-de-silicone\/#primaryimage"},"image":{"@id":"https:\/\/global-hookah.com\/pt\/produto\/1-unidade-de-narguile-arabe-de-54-cm-2125-polegadas-com-material-de-liga-de-aluminio-vem-com-50-pontas-de-boca-longa-50-papeis-de-folha-de-aluminio-mangueira-de-silicone-mola-tigela-de-silicone\/#primaryimage"},"thumbnailUrl":"https:\/\/global-hookah.com\/wp-content\/uploads\/2024\/06\/171377496546e0fb006840db83f2fe98cf5efe9e08_square.jpg","datePublished":"2024-06-07T06:30:06+00:00","dateModified":"2024-06-07T08:23:53+00:00","breadcrumb":{"@id":"https:\/\/global-hookah.com\/pt\/produto\/1-unidade-de-narguile-arabe-de-54-cm-2125-polegadas-com-material-de-liga-de-aluminio-vem-com-50-pontas-de-boca-longa-50-papeis-de-folha-de-aluminio-mangueira-de-silicone-mola-tigela-de-silicone\/#breadcrumb"},"inLanguage":"es","potentialAction":[{"@type":"ReadAction","target":["https:\/\/global-hookah.com\/pt\/produto\/1-unidade-de-narguile-arabe-de-54-cm-2125-polegadas-com-material-de-liga-de-aluminio-vem-com-50-pontas-de-boca-longa-50-papeis-de-folha-de-aluminio-mangueira-de-silicone-mola-tigela-de-silicone\/"]}]},{"@type":"ImageObject","inLanguage":"es","@id":"https:\/\/global-hookah.com\/pt\/produto\/1-unidade-de-narguile-arabe-de-54-cm-2125-polegadas-com-material-de-liga-de-aluminio-vem-com-50-pontas-de-boca-longa-50-papeis-de-folha-de-aluminio-mangueira-de-silicone-mola-tigela-de-silicone\/#primaryimage","url":"https:\/\/global-hookah.com\/wp-content\/uploads\/2024\/06\/171377496546e0fb006840db83f2fe98cf5efe9e08_square.jpg","contentUrl":"https:\/\/global-hookah.com\/wp-content\/uploads\/2024\/06\/171377496546e0fb006840db83f2fe98cf5efe9e08_square.jpg","width":900,"height":1200},{"@type":"BreadcrumbList","@id":"https:\/\/global-hookah.com\/pt\/produto\/1-unidade-de-narguile-arabe-de-54-cm-2125-polegadas-com-material-de-liga-de-aluminio-vem-com-50-pontas-de-boca-longa-50-papeis-de-folha-de-aluminio-mangueira-de-silicone-mola-tigela-de-silicone\/#breadcrumb","itemListElement":[{"@type":"ListItem","position":1,"name":"Home","item":"https:\/\/global-hookah.com\/"},{"@type":"ListItem","position":2,"name":"Shop","item":"https:\/\/global-hookah.com\/shop\/"},{"@type":"ListItem","position":3,"name":"1pc 54CM\/21.25inch Arabic Hookah With Aluminum Alloy Material, Comes With 50pcs Long Mouth Tips, 50pcs Aluminum Foil Papers, Silicone Hose, Spring, Silicone Bowl, Aluminum Alloy Handle And Charcoal Tongs White"}]},{"@type":"WebSite","@id":"https:\/\/global-hookah.com\/#website","url":"https:\/\/global-hookah.com\/","name":"Global Hookah","description":"Global Hookah","publisher":{"@id":"https:\/\/global-hookah.com\/#organization"},"potentialAction":[{"@type":"SearchAction","target":{"@type":"EntryPoint","urlTemplate":"https:\/\/global-hookah.com\/?s={search_term_string}"},"query-input":{"@type":"PropertyValueSpecification","valueRequired":true,"valueName":"search_term_string"}}],"inLanguage":"es"},{"@type":"Organization","@id":"https:\/\/global-hookah.com\/#organization","name":"Global Hookah","url":"https:\/\/global-hookah.com\/","logo":{"@type":"ImageObject","inLanguage":"es","@id":"https:\/\/global-hookah.com\/#\/schema\/logo\/image\/","url":"https:\/\/global-hookah.com\/wp-content\/uploads\/2021\/10\/cropped-fgg.png","contentUrl":"https:\/\/global-hookah.com\/wp-content\/uploads\/2021\/10\/cropped-fgg.png","width":512,"height":512,"caption":"Global Hookah"},"image":{"@id":"https:\/\/global-hookah.com\/#\/schema\/logo\/image\/"}}]}},"_links":{"self":[{"href":"https:\/\/global-hookah.com\/es\/wp-json\/wp\/v2\/product\/27476","targetHints":{"allow":["GET"]}}],"collection":[{"href":"https:\/\/global-hookah.com\/es\/wp-json\/wp\/v2\/product"}],"about":[{"href":"https:\/\/global-hookah.com\/es\/wp-json\/wp\/v2\/types\/product"}],"replies":[{"embeddable":true,"href":"https:\/\/global-hookah.com\/es\/wp-json\/wp\/v2\/comments?post=27476"}],"version-history":[{"count":0,"href":"https:\/\/global-hookah.com\/es\/wp-json\/wp\/v2\/product\/27476\/revisions"}],"wp:featuredmedia":[{"embeddable":true,"href":"https:\/\/global-hookah.com\/es\/wp-json\/wp\/v2\/media\/27609"}],"wp:attachment":[{"href":"https:\/\/global-hookah.com\/es\/wp-json\/wp\/v2\/media?parent=27476"}],"wp:term":[{"taxonomy":"product_brand","embeddable":true,"href":"https:\/\/global-hookah.com\/es\/wp-json\/wp\/v2\/product_brand?post=27476"},{"taxonomy":"product_cat","embeddable":true,"href":"https:\/\/global-hookah.com\/es\/wp-json\/wp\/v2\/product_cat?post=27476"},{"taxonomy":"product_tag","embeddable":true,"href":"https:\/\/global-hookah.com\/es\/wp-json\/wp\/v2\/product_tag?post=27476"}],"curies":[{"name":"wp","href":"https:\/\/api.w.org\/{rel}","templated":true}]}}