{"id":27496,"date":"2024-06-07T06:30:09","date_gmt":"2024-06-07T06:30:09","guid":{"rendered":"https:\/\/global-hookah.com\/product\/1pc-arabic-shisha-hookah-large-size-aluminum-alloy-spring-design-hookah-with-silicon-hose-aluminum-handle-spring-guard-clip-ceramic-bowl-hand-blown-colored-glaze-glass-bottle-red\/"},"modified":"2024-06-07T08:53:50","modified_gmt":"2024-06-07T08:53:50","slug":"customized-wholesale-arabic-shisha-hookah-large-size-aluminum-alloy-spring-design","status":"publish","type":"product","link":"https:\/\/global-hookah.com\/es\/producto\/customized-wholesale-arabic-shisha-hookah-large-size-aluminum-alloy-spring-design\/","title":{"rendered":"Venta al por mayor personalizado \u00e1rabe Shisha Hookah gran tama\u00f1o de aleaci\u00f3n de aluminio de dise\u00f1o de primavera"},"content":{"rendered":"<table>\n<tbody>\n<tr>\n<td>Color<\/td>\n<td>Rojo<\/td>\n<\/tr>\n<tr>\n<td>Material<\/td>\n<td>Aleaci\u00f3n de aluminio<\/td>\n<\/tr>\n<tr>\n<td>Fuente de alimentaci\u00f3n<\/td>\n<td>Ninguno<\/td>\n<\/tr>\n<tr>\n<td>Pilas incluidas<\/td>\n<td>No<\/td>\n<\/tr>\n<\/tbody>\n<\/table>","protected":false},"excerpt":{"rendered":"<p>Color Rojo Material Aleaci\u00f3n de Aluminio Alimentaci\u00f3n Ninguna Pilas Incluidas No<\/p>","protected":false},"featured_media":25426,"comment_status":"closed","ping_status":"closed","template":"","meta":{"iawp_total_views":14,"_joinchat":[]},"product_brand":[],"product_cat":[119],"product_tag":[],"class_list":{"0":"post-27496","1":"product","2":"type-product","3":"status-publish","4":"has-post-thumbnail","6":"product_cat-wholesale-hookah","8":"first","9":"instock","10":"shipping-taxable","11":"product-type-external"},"yoast_head":"<!-- This site is optimized with the Yoast SEO Premium plugin v24.7 (Yoast SEO v26.8) - https:\/\/yoast.com\/product\/yoast-seo-premium-wordpress\/ -->\n<title>Customized wholesale Arabic Shisha Hookah Large Size Aluminum Alloy Spring Design - Global Hookah<\/title>\n<meta name=\"robots\" content=\"index, follow, max-snippet:-1, max-image-preview:large, max-video-preview:-1\" \/>\n<link rel=\"canonical\" href=\"https:\/\/global-hookah.com\/es\/producto\/customized-wholesale-arabic-shisha-hookah-large-size-aluminum-alloy-spring-design\/\" \/>\n<meta property=\"og:locale\" content=\"es_ES\" \/>\n<meta property=\"og:type\" content=\"article\" \/>\n<meta property=\"og:title\" content=\"Customized wholesale Arabic Shisha Hookah Large Size Aluminum Alloy Spring Design\" \/>\n<meta property=\"og:description\" content=\"Color Red Material Aluminum Alloy Power Supply None Batteries Included No\" \/>\n<meta property=\"og:url\" content=\"https:\/\/global-hookah.com\/es\/producto\/customized-wholesale-arabic-shisha-hookah-large-size-aluminum-alloy-spring-design\/\" \/>\n<meta property=\"og:site_name\" content=\"Global Hookah\" \/>\n<meta property=\"article:modified_time\" content=\"2024-06-07T08:53:50+00:00\" \/>\n<meta property=\"og:image\" content=\"https:\/\/global-hookah.com\/wp-content\/uploads\/2024\/05\/1713236988ecd2c180ae3ed2c4e2428e0998aee193_square.jpg\" \/>\n\t<meta property=\"og:image:width\" content=\"900\" \/>\n\t<meta property=\"og:image:height\" content=\"1200\" \/>\n\t<meta property=\"og:image:type\" content=\"image\/jpeg\" \/>\n<meta name=\"twitter:card\" content=\"summary_large_image\" \/>\n<meta name=\"twitter:label1\" content=\"Tiempo de lectura\" \/>\n\t<meta name=\"twitter:data1\" content=\"1 minuto\" \/>\n<script type=\"application\/ld+json\" class=\"yoast-schema-graph\">{\"@context\":\"https:\/\/schema.org\",\"@graph\":[{\"@type\":\"WebPage\",\"@id\":\"https:\/\/global-hookah.com\/product\/customized-wholesale-arabic-shisha-hookah-large-size-aluminum-alloy-spring-design\/\",\"url\":\"https:\/\/global-hookah.com\/product\/customized-wholesale-arabic-shisha-hookah-large-size-aluminum-alloy-spring-design\/\",\"name\":\"Customized wholesale Arabic Shisha Hookah Large Size Aluminum Alloy Spring Design - Global Hookah\",\"isPartOf\":{\"@id\":\"https:\/\/global-hookah.com\/#website\"},\"primaryImageOfPage\":{\"@id\":\"https:\/\/global-hookah.com\/product\/customized-wholesale-arabic-shisha-hookah-large-size-aluminum-alloy-spring-design\/#primaryimage\"},\"image\":{\"@id\":\"https:\/\/global-hookah.com\/product\/customized-wholesale-arabic-shisha-hookah-large-size-aluminum-alloy-spring-design\/#primaryimage\"},\"thumbnailUrl\":\"https:\/\/global-hookah.com\/wp-content\/uploads\/2024\/05\/1713236988ecd2c180ae3ed2c4e2428e0998aee193_square.jpg\",\"datePublished\":\"2024-06-07T06:30:09+00:00\",\"dateModified\":\"2024-06-07T08:53:50+00:00\",\"breadcrumb\":{\"@id\":\"https:\/\/global-hookah.com\/product\/customized-wholesale-arabic-shisha-hookah-large-size-aluminum-alloy-spring-design\/#breadcrumb\"},\"inLanguage\":\"es\",\"potentialAction\":[{\"@type\":\"ReadAction\",\"target\":[\"https:\/\/global-hookah.com\/product\/customized-wholesale-arabic-shisha-hookah-large-size-aluminum-alloy-spring-design\/\"]}]},{\"@type\":\"ImageObject\",\"inLanguage\":\"es\",\"@id\":\"https:\/\/global-hookah.com\/product\/customized-wholesale-arabic-shisha-hookah-large-size-aluminum-alloy-spring-design\/#primaryimage\",\"url\":\"https:\/\/global-hookah.com\/wp-content\/uploads\/2024\/05\/1713236988ecd2c180ae3ed2c4e2428e0998aee193_square.jpg\",\"contentUrl\":\"https:\/\/global-hookah.com\/wp-content\/uploads\/2024\/05\/1713236988ecd2c180ae3ed2c4e2428e0998aee193_square.jpg\",\"width\":900,\"height\":1200,\"caption\":\"Aluminum Alloy Modern Hookah Pipe Wholesale\"},{\"@type\":\"BreadcrumbList\",\"@id\":\"https:\/\/global-hookah.com\/product\/customized-wholesale-arabic-shisha-hookah-large-size-aluminum-alloy-spring-design\/#breadcrumb\",\"itemListElement\":[{\"@type\":\"ListItem\",\"position\":1,\"name\":\"Home\",\"item\":\"https:\/\/global-hookah.com\/\"},{\"@type\":\"ListItem\",\"position\":2,\"name\":\"Shop\",\"item\":\"https:\/\/global-hookah.com\/shop\/\"},{\"@type\":\"ListItem\",\"position\":3,\"name\":\"Customized wholesale Arabic Shisha Hookah Large Size Aluminum Alloy Spring Design\"}]},{\"@type\":\"WebSite\",\"@id\":\"https:\/\/global-hookah.com\/#website\",\"url\":\"https:\/\/global-hookah.com\/\",\"name\":\"Global Hookah\",\"description\":\"Global Hookah\",\"publisher\":{\"@id\":\"https:\/\/global-hookah.com\/#organization\"},\"potentialAction\":[{\"@type\":\"SearchAction\",\"target\":{\"@type\":\"EntryPoint\",\"urlTemplate\":\"https:\/\/global-hookah.com\/?s={search_term_string}\"},\"query-input\":{\"@type\":\"PropertyValueSpecification\",\"valueRequired\":true,\"valueName\":\"search_term_string\"}}],\"inLanguage\":\"es\"},{\"@type\":\"Organization\",\"@id\":\"https:\/\/global-hookah.com\/#organization\",\"name\":\"Global Hookah\",\"url\":\"https:\/\/global-hookah.com\/\",\"logo\":{\"@type\":\"ImageObject\",\"inLanguage\":\"es\",\"@id\":\"https:\/\/global-hookah.com\/#\/schema\/logo\/image\/\",\"url\":\"https:\/\/global-hookah.com\/wp-content\/uploads\/2021\/10\/cropped-fgg.png\",\"contentUrl\":\"https:\/\/global-hookah.com\/wp-content\/uploads\/2021\/10\/cropped-fgg.png\",\"width\":512,\"height\":512,\"caption\":\"Global Hookah\"},\"image\":{\"@id\":\"https:\/\/global-hookah.com\/#\/schema\/logo\/image\/\"}}]}<\/script>\n<!-- \/ Yoast SEO Premium plugin. -->","yoast_head_json":{"title":"Venta al por mayor personalizado \u00e1rabe Shisha Hookah gran tama\u00f1o de aleaci\u00f3n de aluminio de dise\u00f1o de primavera - Global Hookah","robots":{"index":"index","follow":"follow","max-snippet":"max-snippet:-1","max-image-preview":"max-image-preview:large","max-video-preview":"max-video-preview:-1"},"canonical":"https:\/\/global-hookah.com\/es\/producto\/customized-wholesale-arabic-shisha-hookah-large-size-aluminum-alloy-spring-design\/","og_locale":"es_ES","og_type":"article","og_title":"Customized wholesale Arabic Shisha Hookah Large Size Aluminum Alloy Spring Design","og_description":"Color Red Material Aluminum Alloy Power Supply None Batteries Included No","og_url":"https:\/\/global-hookah.com\/es\/producto\/customized-wholesale-arabic-shisha-hookah-large-size-aluminum-alloy-spring-design\/","og_site_name":"Global Hookah","article_modified_time":"2024-06-07T08:53:50+00:00","og_image":[{"width":900,"height":1200,"url":"https:\/\/global-hookah.com\/wp-content\/uploads\/2024\/05\/1713236988ecd2c180ae3ed2c4e2428e0998aee193_square.jpg","type":"image\/jpeg"}],"twitter_card":"summary_large_image","twitter_misc":{"Tiempo de lectura":"1 minuto"},"schema":{"@context":"https:\/\/schema.org","@graph":[{"@type":"WebPage","@id":"https:\/\/global-hookah.com\/product\/customized-wholesale-arabic-shisha-hookah-large-size-aluminum-alloy-spring-design\/","url":"https:\/\/global-hookah.com\/product\/customized-wholesale-arabic-shisha-hookah-large-size-aluminum-alloy-spring-design\/","name":"Venta al por mayor personalizado \u00e1rabe Shisha Hookah gran tama\u00f1o de aleaci\u00f3n de aluminio de dise\u00f1o de primavera - Global Hookah","isPartOf":{"@id":"https:\/\/global-hookah.com\/#website"},"primaryImageOfPage":{"@id":"https:\/\/global-hookah.com\/product\/customized-wholesale-arabic-shisha-hookah-large-size-aluminum-alloy-spring-design\/#primaryimage"},"image":{"@id":"https:\/\/global-hookah.com\/product\/customized-wholesale-arabic-shisha-hookah-large-size-aluminum-alloy-spring-design\/#primaryimage"},"thumbnailUrl":"https:\/\/global-hookah.com\/wp-content\/uploads\/2024\/05\/1713236988ecd2c180ae3ed2c4e2428e0998aee193_square.jpg","datePublished":"2024-06-07T06:30:09+00:00","dateModified":"2024-06-07T08:53:50+00:00","breadcrumb":{"@id":"https:\/\/global-hookah.com\/product\/customized-wholesale-arabic-shisha-hookah-large-size-aluminum-alloy-spring-design\/#breadcrumb"},"inLanguage":"es","potentialAction":[{"@type":"ReadAction","target":["https:\/\/global-hookah.com\/product\/customized-wholesale-arabic-shisha-hookah-large-size-aluminum-alloy-spring-design\/"]}]},{"@type":"ImageObject","inLanguage":"es","@id":"https:\/\/global-hookah.com\/product\/customized-wholesale-arabic-shisha-hookah-large-size-aluminum-alloy-spring-design\/#primaryimage","url":"https:\/\/global-hookah.com\/wp-content\/uploads\/2024\/05\/1713236988ecd2c180ae3ed2c4e2428e0998aee193_square.jpg","contentUrl":"https:\/\/global-hookah.com\/wp-content\/uploads\/2024\/05\/1713236988ecd2c180ae3ed2c4e2428e0998aee193_square.jpg","width":900,"height":1200,"caption":"Aluminum Alloy Modern Hookah Pipe Wholesale"},{"@type":"BreadcrumbList","@id":"https:\/\/global-hookah.com\/product\/customized-wholesale-arabic-shisha-hookah-large-size-aluminum-alloy-spring-design\/#breadcrumb","itemListElement":[{"@type":"ListItem","position":1,"name":"Home","item":"https:\/\/global-hookah.com\/"},{"@type":"ListItem","position":2,"name":"Shop","item":"https:\/\/global-hookah.com\/shop\/"},{"@type":"ListItem","position":3,"name":"Customized wholesale Arabic Shisha Hookah Large Size Aluminum Alloy Spring Design"}]},{"@type":"WebSite","@id":"https:\/\/global-hookah.com\/#website","url":"https:\/\/global-hookah.com\/","name":"Global Hookah","description":"Global Hookah","publisher":{"@id":"https:\/\/global-hookah.com\/#organization"},"potentialAction":[{"@type":"SearchAction","target":{"@type":"EntryPoint","urlTemplate":"https:\/\/global-hookah.com\/?s={search_term_string}"},"query-input":{"@type":"PropertyValueSpecification","valueRequired":true,"valueName":"search_term_string"}}],"inLanguage":"es"},{"@type":"Organization","@id":"https:\/\/global-hookah.com\/#organization","name":"Global Hookah","url":"https:\/\/global-hookah.com\/","logo":{"@type":"ImageObject","inLanguage":"es","@id":"https:\/\/global-hookah.com\/#\/schema\/logo\/image\/","url":"https:\/\/global-hookah.com\/wp-content\/uploads\/2021\/10\/cropped-fgg.png","contentUrl":"https:\/\/global-hookah.com\/wp-content\/uploads\/2021\/10\/cropped-fgg.png","width":512,"height":512,"caption":"Global Hookah"},"image":{"@id":"https:\/\/global-hookah.com\/#\/schema\/logo\/image\/"}}]}},"_links":{"self":[{"href":"https:\/\/global-hookah.com\/es\/wp-json\/wp\/v2\/product\/27496","targetHints":{"allow":["GET"]}}],"collection":[{"href":"https:\/\/global-hookah.com\/es\/wp-json\/wp\/v2\/product"}],"about":[{"href":"https:\/\/global-hookah.com\/es\/wp-json\/wp\/v2\/types\/product"}],"replies":[{"embeddable":true,"href":"https:\/\/global-hookah.com\/es\/wp-json\/wp\/v2\/comments?post=27496"}],"version-history":[{"count":0,"href":"https:\/\/global-hookah.com\/es\/wp-json\/wp\/v2\/product\/27496\/revisions"}],"wp:featuredmedia":[{"embeddable":true,"href":"https:\/\/global-hookah.com\/es\/wp-json\/wp\/v2\/media\/25426"}],"wp:attachment":[{"href":"https:\/\/global-hookah.com\/es\/wp-json\/wp\/v2\/media?parent=27496"}],"wp:term":[{"taxonomy":"product_brand","embeddable":true,"href":"https:\/\/global-hookah.com\/es\/wp-json\/wp\/v2\/product_brand?post=27496"},{"taxonomy":"product_cat","embeddable":true,"href":"https:\/\/global-hookah.com\/es\/wp-json\/wp\/v2\/product_cat?post=27496"},{"taxonomy":"product_tag","embeddable":true,"href":"https:\/\/global-hookah.com\/es\/wp-json\/wp\/v2\/product_tag?post=27496"}],"curies":[{"name":"wp","href":"https:\/\/api.w.org\/{rel}","templated":true}]}}