{"id":27539,"date":"2024-06-07T06:30:19","date_gmt":"2024-06-07T06:30:19","guid":{"rendered":"https:\/\/global-hookah.com\/product\/1pc-arabic-hookah-with-carrying-canvas-bag-37cm-14-56inches-full-aluminum-alloy-material-sticker-technology-with-heavy-duty-ceramic-bowl-stainless-steel-carbon-tray-clamp-sticker-silicone-hose-"},"modified":"2024-06-08T09:02:03","modified_gmt":"2024-06-08T09:02:03","slug":"wholesale-customized-14-56inches-full-aluminum-alloy-hookah-pipe-with-heavy-duty-ceramic-bowl","status":"publish","type":"product","link":"https:\/\/global-hookah.com\/es\/producto\/wholesale-customized-14-56inches-full-aluminum-alloy-hookah-pipe-with-heavy-duty-ceramic-bowl\/","title":{"rendered":"Venta al por mayor personalizado 14.56inches aleaci\u00f3n de aluminio completo pipa Hookah con Heavy Duty taz\u00f3n de cer\u00e1mica"},"content":{"rendered":"<table>\n<tbody>\n<tr>\n<td>Color<\/td>\n<td>Narguile de aleaci\u00f3n de aluminio con bolsa de viaje 001<\/td>\n<\/tr>\n<tr>\n<td>Material<\/td>\n<td>Aleaci\u00f3n de aluminio<\/td>\n<\/tr>\n<\/tbody>\n<\/table>\n<p>Ciertamente, tenemos un inter\u00e9s mutuo en hookah, \u00bfverdad? En cuanto a hoy, me gustar\u00eda aconsejarle sobre este fant\u00e1stico 14,56 pulgadas de aleaci\u00f3n de aluminio completo pipa Hookah con Heavy Duty taz\u00f3n de cer\u00e1mica. \u00a1Estoy seguro de que se enamorar\u00e1 de ella y se sentir\u00e1 reacio a dejarla!<\/p>\n<p>\u00a1Es un pote completo de la hookah de la aleaci\u00f3n de aluminio que tiene una mirada simple con todo de moda y se siente grande tambi\u00e9n! \u00a1El tacto fresco del tubo de aleaci\u00f3n de aluminio de espesor y la artesan\u00eda exquisita son de primera clase! \u00a1Debido a su dise\u00f1o de cuenco de cer\u00e1mica pesada, este narguile es definitivamente incre\u00edble! Utiliza materiales cer\u00e1micos de alta temperatura de cocci\u00f3n que son resistentes al calor que los cuencos de pl\u00e1stico ordinarios. A diferencia de otras shishas regulares, puede ofrecerle un humo m\u00e1s fuerte pero m\u00e1s suave.<\/p>\n<p>Adem\u00e1s, el dise\u00f1o del tallo de 38,5 cm de largo es bastante ergon\u00f3mico, de modo que el humo se enfr\u00eda lo suficiente a medida que pasa por el tubo. Aunque se fume mucho, no se sentir\u00e1 calor en la boca. Este dise\u00f1o es muy adecuado para el h\u00e1bito de uso de la mayor\u00eda de la gente, \u00a1as\u00ed que se acabaron las preocupaciones por el dolor!<\/p>","protected":false},"excerpt":{"rendered":"<p>Color Aleaci\u00f3n de Aluminio Narguile Con Bolsa de Viaje 001 Material Aleaci\u00f3n de Aluminio Ciertamente, tenemos un inter\u00e9s mutuo en narguile, \u00bfverdad?<\/p>","protected":false},"featured_media":27653,"comment_status":"closed","ping_status":"closed","template":"","meta":{"iawp_total_views":6,"_joinchat":[]},"product_brand":[],"product_cat":[119],"product_tag":[],"class_list":{"0":"post-27539","1":"product","2":"type-product","3":"status-publish","4":"has-post-thumbnail","6":"product_cat-wholesale-hookah","8":"first","9":"instock","10":"shipping-taxable","11":"product-type-external"},"yoast_head":"<!-- This site is optimized with the Yoast SEO Premium plugin v24.7 (Yoast SEO v26.8) - https:\/\/yoast.com\/product\/yoast-seo-premium-wordpress\/ -->\n<title>Wholesale Customized 14.56inches Full Aluminum Alloy Hookah pipe with Heavy Duty Ceramic Bowl - Global Hookah<\/title>\n<meta name=\"robots\" content=\"index, follow, max-snippet:-1, max-image-preview:large, max-video-preview:-1\" \/>\n<link rel=\"canonical\" href=\"https:\/\/global-hookah.com\/es\/producto\/wholesale-customized-14-56inches-full-aluminum-alloy-hookah-pipe-with-heavy-duty-ceramic-bowl\/\" \/>\n<meta property=\"og:locale\" content=\"es_ES\" \/>\n<meta property=\"og:type\" content=\"article\" \/>\n<meta property=\"og:title\" content=\"Wholesale Customized 14.56inches Full Aluminum Alloy Hookah pipe with Heavy Duty Ceramic Bowl\" \/>\n<meta property=\"og:description\" content=\"Color Aluminum Alloy Hookah With Travel Bag 001 Material Aluminum Alloy Certainly, we have a mutual interest in hookah, right?\" \/>\n<meta property=\"og:url\" content=\"https:\/\/global-hookah.com\/es\/producto\/wholesale-customized-14-56inches-full-aluminum-alloy-hookah-pipe-with-heavy-duty-ceramic-bowl\/\" \/>\n<meta property=\"og:site_name\" content=\"Global Hookah\" \/>\n<meta property=\"article:modified_time\" content=\"2024-06-08T09:02:03+00:00\" \/>\n<meta property=\"og:image\" content=\"https:\/\/global-hookah.com\/wp-content\/uploads\/2024\/06\/17164412689381323c6afa499a94c63205e3736877_square.jpg\" \/>\n\t<meta property=\"og:image:width\" content=\"900\" \/>\n\t<meta property=\"og:image:height\" content=\"1200\" \/>\n\t<meta property=\"og:image:type\" content=\"image\/jpeg\" \/>\n<meta name=\"twitter:card\" content=\"summary_large_image\" \/>\n<meta name=\"twitter:label1\" content=\"Tiempo de lectura\" \/>\n\t<meta name=\"twitter:data1\" content=\"2 minutos\" \/>\n<script type=\"application\/ld+json\" class=\"yoast-schema-graph\">{\"@context\":\"https:\/\/schema.org\",\"@graph\":[{\"@type\":\"WebPage\",\"@id\":\"https:\/\/global-hookah.com\/product\/wholesale-customized-14-56inches-full-aluminum-alloy-hookah-pipe-with-heavy-duty-ceramic-bowl\/\",\"url\":\"https:\/\/global-hookah.com\/product\/wholesale-customized-14-56inches-full-aluminum-alloy-hookah-pipe-with-heavy-duty-ceramic-bowl\/\",\"name\":\"Wholesale Customized 14.56inches Full Aluminum Alloy Hookah pipe with Heavy Duty Ceramic Bowl - Global Hookah\",\"isPartOf\":{\"@id\":\"https:\/\/global-hookah.com\/#website\"},\"primaryImageOfPage\":{\"@id\":\"https:\/\/global-hookah.com\/product\/wholesale-customized-14-56inches-full-aluminum-alloy-hookah-pipe-with-heavy-duty-ceramic-bowl\/#primaryimage\"},\"image\":{\"@id\":\"https:\/\/global-hookah.com\/product\/wholesale-customized-14-56inches-full-aluminum-alloy-hookah-pipe-with-heavy-duty-ceramic-bowl\/#primaryimage\"},\"thumbnailUrl\":\"https:\/\/global-hookah.com\/wp-content\/uploads\/2024\/06\/17164412689381323c6afa499a94c63205e3736877_square.jpg\",\"datePublished\":\"2024-06-07T06:30:19+00:00\",\"dateModified\":\"2024-06-08T09:02:03+00:00\",\"breadcrumb\":{\"@id\":\"https:\/\/global-hookah.com\/product\/wholesale-customized-14-56inches-full-aluminum-alloy-hookah-pipe-with-heavy-duty-ceramic-bowl\/#breadcrumb\"},\"inLanguage\":\"es\",\"potentialAction\":[{\"@type\":\"ReadAction\",\"target\":[\"https:\/\/global-hookah.com\/product\/wholesale-customized-14-56inches-full-aluminum-alloy-hookah-pipe-with-heavy-duty-ceramic-bowl\/\"]}]},{\"@type\":\"ImageObject\",\"inLanguage\":\"es\",\"@id\":\"https:\/\/global-hookah.com\/product\/wholesale-customized-14-56inches-full-aluminum-alloy-hookah-pipe-with-heavy-duty-ceramic-bowl\/#primaryimage\",\"url\":\"https:\/\/global-hookah.com\/wp-content\/uploads\/2024\/06\/17164412689381323c6afa499a94c63205e3736877_square.jpg\",\"contentUrl\":\"https:\/\/global-hookah.com\/wp-content\/uploads\/2024\/06\/17164412689381323c6afa499a94c63205e3736877_square.jpg\",\"width\":900,\"height\":1200},{\"@type\":\"BreadcrumbList\",\"@id\":\"https:\/\/global-hookah.com\/product\/wholesale-customized-14-56inches-full-aluminum-alloy-hookah-pipe-with-heavy-duty-ceramic-bowl\/#breadcrumb\",\"itemListElement\":[{\"@type\":\"ListItem\",\"position\":1,\"name\":\"Home\",\"item\":\"https:\/\/global-hookah.com\/\"},{\"@type\":\"ListItem\",\"position\":2,\"name\":\"Shop\",\"item\":\"https:\/\/global-hookah.com\/shop\/\"},{\"@type\":\"ListItem\",\"position\":3,\"name\":\"Wholesale Customized 14.56inches Full Aluminum Alloy Hookah pipe with Heavy Duty Ceramic Bowl\"}]},{\"@type\":\"WebSite\",\"@id\":\"https:\/\/global-hookah.com\/#website\",\"url\":\"https:\/\/global-hookah.com\/\",\"name\":\"Global Hookah\",\"description\":\"Global Hookah\",\"publisher\":{\"@id\":\"https:\/\/global-hookah.com\/#organization\"},\"potentialAction\":[{\"@type\":\"SearchAction\",\"target\":{\"@type\":\"EntryPoint\",\"urlTemplate\":\"https:\/\/global-hookah.com\/?s={search_term_string}\"},\"query-input\":{\"@type\":\"PropertyValueSpecification\",\"valueRequired\":true,\"valueName\":\"search_term_string\"}}],\"inLanguage\":\"es\"},{\"@type\":\"Organization\",\"@id\":\"https:\/\/global-hookah.com\/#organization\",\"name\":\"Global Hookah\",\"url\":\"https:\/\/global-hookah.com\/\",\"logo\":{\"@type\":\"ImageObject\",\"inLanguage\":\"es\",\"@id\":\"https:\/\/global-hookah.com\/#\/schema\/logo\/image\/\",\"url\":\"https:\/\/global-hookah.com\/wp-content\/uploads\/2021\/10\/cropped-fgg.png\",\"contentUrl\":\"https:\/\/global-hookah.com\/wp-content\/uploads\/2021\/10\/cropped-fgg.png\",\"width\":512,\"height\":512,\"caption\":\"Global Hookah\"},\"image\":{\"@id\":\"https:\/\/global-hookah.com\/#\/schema\/logo\/image\/\"}}]}<\/script>\n<!-- \/ Yoast SEO Premium plugin. -->","yoast_head_json":{"title":"Venta al por mayor personalizado 14.56inches aleaci\u00f3n de aluminio completo pipa Hookah con Heavy Duty taz\u00f3n de cer\u00e1mica - Global Hookah","robots":{"index":"index","follow":"follow","max-snippet":"max-snippet:-1","max-image-preview":"max-image-preview:large","max-video-preview":"max-video-preview:-1"},"canonical":"https:\/\/global-hookah.com\/es\/producto\/wholesale-customized-14-56inches-full-aluminum-alloy-hookah-pipe-with-heavy-duty-ceramic-bowl\/","og_locale":"es_ES","og_type":"article","og_title":"Wholesale Customized 14.56inches Full Aluminum Alloy Hookah pipe with Heavy Duty Ceramic Bowl","og_description":"Color Aluminum Alloy Hookah With Travel Bag 001 Material Aluminum Alloy Certainly, we have a mutual interest in hookah, right?","og_url":"https:\/\/global-hookah.com\/es\/producto\/wholesale-customized-14-56inches-full-aluminum-alloy-hookah-pipe-with-heavy-duty-ceramic-bowl\/","og_site_name":"Global Hookah","article_modified_time":"2024-06-08T09:02:03+00:00","og_image":[{"width":900,"height":1200,"url":"https:\/\/global-hookah.com\/wp-content\/uploads\/2024\/06\/17164412689381323c6afa499a94c63205e3736877_square.jpg","type":"image\/jpeg"}],"twitter_card":"summary_large_image","twitter_misc":{"Tiempo de lectura":"2 minutos"},"schema":{"@context":"https:\/\/schema.org","@graph":[{"@type":"WebPage","@id":"https:\/\/global-hookah.com\/product\/wholesale-customized-14-56inches-full-aluminum-alloy-hookah-pipe-with-heavy-duty-ceramic-bowl\/","url":"https:\/\/global-hookah.com\/product\/wholesale-customized-14-56inches-full-aluminum-alloy-hookah-pipe-with-heavy-duty-ceramic-bowl\/","name":"Venta al por mayor personalizado 14.56inches aleaci\u00f3n de aluminio completo pipa Hookah con Heavy Duty taz\u00f3n de cer\u00e1mica - Global Hookah","isPartOf":{"@id":"https:\/\/global-hookah.com\/#website"},"primaryImageOfPage":{"@id":"https:\/\/global-hookah.com\/product\/wholesale-customized-14-56inches-full-aluminum-alloy-hookah-pipe-with-heavy-duty-ceramic-bowl\/#primaryimage"},"image":{"@id":"https:\/\/global-hookah.com\/product\/wholesale-customized-14-56inches-full-aluminum-alloy-hookah-pipe-with-heavy-duty-ceramic-bowl\/#primaryimage"},"thumbnailUrl":"https:\/\/global-hookah.com\/wp-content\/uploads\/2024\/06\/17164412689381323c6afa499a94c63205e3736877_square.jpg","datePublished":"2024-06-07T06:30:19+00:00","dateModified":"2024-06-08T09:02:03+00:00","breadcrumb":{"@id":"https:\/\/global-hookah.com\/product\/wholesale-customized-14-56inches-full-aluminum-alloy-hookah-pipe-with-heavy-duty-ceramic-bowl\/#breadcrumb"},"inLanguage":"es","potentialAction":[{"@type":"ReadAction","target":["https:\/\/global-hookah.com\/product\/wholesale-customized-14-56inches-full-aluminum-alloy-hookah-pipe-with-heavy-duty-ceramic-bowl\/"]}]},{"@type":"ImageObject","inLanguage":"es","@id":"https:\/\/global-hookah.com\/product\/wholesale-customized-14-56inches-full-aluminum-alloy-hookah-pipe-with-heavy-duty-ceramic-bowl\/#primaryimage","url":"https:\/\/global-hookah.com\/wp-content\/uploads\/2024\/06\/17164412689381323c6afa499a94c63205e3736877_square.jpg","contentUrl":"https:\/\/global-hookah.com\/wp-content\/uploads\/2024\/06\/17164412689381323c6afa499a94c63205e3736877_square.jpg","width":900,"height":1200},{"@type":"BreadcrumbList","@id":"https:\/\/global-hookah.com\/product\/wholesale-customized-14-56inches-full-aluminum-alloy-hookah-pipe-with-heavy-duty-ceramic-bowl\/#breadcrumb","itemListElement":[{"@type":"ListItem","position":1,"name":"Home","item":"https:\/\/global-hookah.com\/"},{"@type":"ListItem","position":2,"name":"Shop","item":"https:\/\/global-hookah.com\/shop\/"},{"@type":"ListItem","position":3,"name":"Wholesale Customized 14.56inches Full Aluminum Alloy Hookah pipe with Heavy Duty Ceramic Bowl"}]},{"@type":"WebSite","@id":"https:\/\/global-hookah.com\/#website","url":"https:\/\/global-hookah.com\/","name":"Global Hookah","description":"Global Hookah","publisher":{"@id":"https:\/\/global-hookah.com\/#organization"},"potentialAction":[{"@type":"SearchAction","target":{"@type":"EntryPoint","urlTemplate":"https:\/\/global-hookah.com\/?s={search_term_string}"},"query-input":{"@type":"PropertyValueSpecification","valueRequired":true,"valueName":"search_term_string"}}],"inLanguage":"es"},{"@type":"Organization","@id":"https:\/\/global-hookah.com\/#organization","name":"Global Hookah","url":"https:\/\/global-hookah.com\/","logo":{"@type":"ImageObject","inLanguage":"es","@id":"https:\/\/global-hookah.com\/#\/schema\/logo\/image\/","url":"https:\/\/global-hookah.com\/wp-content\/uploads\/2021\/10\/cropped-fgg.png","contentUrl":"https:\/\/global-hookah.com\/wp-content\/uploads\/2021\/10\/cropped-fgg.png","width":512,"height":512,"caption":"Global Hookah"},"image":{"@id":"https:\/\/global-hookah.com\/#\/schema\/logo\/image\/"}}]}},"_links":{"self":[{"href":"https:\/\/global-hookah.com\/es\/wp-json\/wp\/v2\/product\/27539","targetHints":{"allow":["GET"]}}],"collection":[{"href":"https:\/\/global-hookah.com\/es\/wp-json\/wp\/v2\/product"}],"about":[{"href":"https:\/\/global-hookah.com\/es\/wp-json\/wp\/v2\/types\/product"}],"replies":[{"embeddable":true,"href":"https:\/\/global-hookah.com\/es\/wp-json\/wp\/v2\/comments?post=27539"}],"version-history":[{"count":0,"href":"https:\/\/global-hookah.com\/es\/wp-json\/wp\/v2\/product\/27539\/revisions"}],"wp:featuredmedia":[{"embeddable":true,"href":"https:\/\/global-hookah.com\/es\/wp-json\/wp\/v2\/media\/27653"}],"wp:attachment":[{"href":"https:\/\/global-hookah.com\/es\/wp-json\/wp\/v2\/media?parent=27539"}],"wp:term":[{"taxonomy":"product_brand","embeddable":true,"href":"https:\/\/global-hookah.com\/es\/wp-json\/wp\/v2\/product_brand?post=27539"},{"taxonomy":"product_cat","embeddable":true,"href":"https:\/\/global-hookah.com\/es\/wp-json\/wp\/v2\/product_cat?post=27539"},{"taxonomy":"product_tag","embeddable":true,"href":"https:\/\/global-hookah.com\/es\/wp-json\/wp\/v2\/product_tag?post=27539"}],"curies":[{"name":"wp","href":"https:\/\/api.w.org\/{rel}","templated":true}]}}